{"id":51081,"date":"2019-04-11T11:15:54","date_gmt":"2023-06-05T15:09:46","guid":{"rendered":"https:\/\/cardinal.pixel-tal.de\/klebebaender\/bez-kategorii\/wlokninowa-tasma-samoprzylepna-unilink-5150-hs\/"},"modified":"2023-06-05T17:09:46","modified_gmt":"2023-06-05T15:09:46","slug":"wlokninowa-tasma-samoprzylepna-unilink-5150-hs","status":"publish","type":"product","link":"https:\/\/cardinal-tapes.com\/pl\/ta\u015bmy-samoprzylepne\/tasmy-dwustronnie-klejace\/wlokninowa-tasma-samoprzylepna-unilink-5150-hs\/","title":{"rendered":"W\u0142\u00f3kninowa ta\u015bma samoprzylepna UniLink 5150 HS"},"content":{"rendered":"<p><strong><span style=\"color: #0000ff;\"><span style=\"color: #000080;\">UniLink 5150 HS to dwustronna ta\u015bma samoprzylepna na bazie akrylu z pod\u0142o\u017cem z w\u0142\u00f3kniny.<\/span><\/span><\/strong><\/p>\n<p>Folia samoprzylepna nadaje si\u0119 do mocowania, monta\u017cu i laminowania<br \/>\npianek, tworzyw sztucznych, gumy, EPDM, tekstyli\u00f3w i folii.<\/p>\n","protected":false},"excerpt":{"rendered":"<p>UniLink 5150 HS to dwustronna ta\u015bma samoprzylepna na bazie akrylu z pod\u0142o\u017cem z w\u0142\u00f3kniny. Folia samoprzylepna nadaje si\u0119 do mocowania, monta\u017cu i laminowania pianek, tworzyw sztucznych, gumy, EPDM, tekstyli\u00f3w i folii.<\/p>\n","protected":false},"featured_media":27590,"template":"","meta":{"_acf_changed":false},"pwb-brand":[2400,2513],"product_brand":[],"product_cat":[1814],"product_tag":[],"class_list":{"0":"post-51081","1":"product","2":"type-product","3":"status-publish","4":"has-post-thumbnail","6":"pwb-brand-saint-gobain-pl","7":"pwb-brand-biolink-pl","8":"product_cat-tasmy-dwustronnie-klejace","10":"first","11":"instock","12":"taxable","13":"shipping-taxable","14":"product-type-variable"},"acf":[],"yoast_head":"<!-- This site is optimized with the Yoast SEO plugin v27.3 - https:\/\/yoast.com\/product\/yoast-seo-wordpress\/ -->\n<title>Ta\u015bma w\u0142\u00f3kninowa UniLink 5150 HS | Cardinal TAPES<\/title>\n<meta name=\"description\" content=\"Folia samoprzylepna nadaje si\u0119 do mocowania, monta\u017cu i laminowania pianek, tworzyw sztucznych, gumy, EPDM, tekstyli\u00f3w i folii.\" \/>\n<meta name=\"robots\" content=\"index, follow, max-snippet:-1, max-image-preview:large, max-video-preview:-1\" \/>\n<link rel=\"canonical\" href=\"https:\/\/cardinal-tapes.com\/pl\/ta\u015bmy-samoprzylepne\/tasmy-dwustronnie-klejace\/wlokninowa-tasma-samoprzylepna-unilink-5150-hs\/\" \/>\n<meta property=\"og:locale\" content=\"pl_PL\" \/>\n<meta property=\"og:type\" content=\"article\" \/>\n<meta property=\"og:title\" content=\"Ta\u015bma w\u0142\u00f3kninowa UniLink 5150 HS | Cardinal TAPES\" \/>\n<meta property=\"og:description\" content=\"Folia samoprzylepna nadaje si\u0119 do mocowania, monta\u017cu i laminowania pianek, tworzyw sztucznych, gumy, EPDM, tekstyli\u00f3w i folii.\" \/>\n<meta property=\"og:url\" content=\"https:\/\/cardinal-tapes.com\/pl\/ta\u015bmy-samoprzylepne\/tasmy-dwustronnie-klejace\/wlokninowa-tasma-samoprzylepna-unilink-5150-hs\/\" \/>\n<meta property=\"og:site_name\" content=\"cardinal TAPES\" \/>\n<meta property=\"og:image\" content=\"https:\/\/cardinal-tapes.com\/wp-content\/uploads\/Biolink-5-3796-UniLINK5150HS-breit.jpg\" \/>\n\t<meta property=\"og:image:width\" content=\"1854\" \/>\n\t<meta property=\"og:image:height\" content=\"2126\" \/>\n\t<meta property=\"og:image:type\" content=\"image\/jpeg\" \/>\n<meta name=\"twitter:card\" content=\"summary_large_image\" \/>\n<script type=\"application\/ld+json\" class=\"yoast-schema-graph\">{\"@context\":\"https:\\\/\\\/schema.org\",\"@graph\":[{\"@type\":\"WebPage\",\"@id\":\"https:\\\/\\\/cardinal-tapes.com\\\/pl\\\/ta\u015bmy-samoprzylepne\\\/tasmy-dwustronnie-klejace\\\/wlokninowa-tasma-samoprzylepna-unilink-5150-hs\\\/\",\"url\":\"https:\\\/\\\/cardinal-tapes.com\\\/pl\\\/ta\u015bmy-samoprzylepne\\\/tasmy-dwustronnie-klejace\\\/wlokninowa-tasma-samoprzylepna-unilink-5150-hs\\\/\",\"name\":\"Ta\u015bma w\u0142\u00f3kninowa UniLink 5150 HS | Cardinal TAPES\",\"isPartOf\":{\"@id\":\"https:\\\/\\\/cardinal-tapes.com\\\/#website\"},\"primaryImageOfPage\":{\"@id\":\"https:\\\/\\\/cardinal-tapes.com\\\/pl\\\/ta\u015bmy-samoprzylepne\\\/tasmy-dwustronnie-klejace\\\/wlokninowa-tasma-samoprzylepna-unilink-5150-hs\\\/#primaryimage\"},\"image\":{\"@id\":\"https:\\\/\\\/cardinal-tapes.com\\\/pl\\\/ta\u015bmy-samoprzylepne\\\/tasmy-dwustronnie-klejace\\\/wlokninowa-tasma-samoprzylepna-unilink-5150-hs\\\/#primaryimage\"},\"thumbnailUrl\":\"https:\\\/\\\/cardinal-tapes.com\\\/wp-content\\\/uploads\\\/Biolink-5-3796-UniLINK5150HS-breit.jpg\",\"datePublished\":\"2023-06-05T15:09:46+00:00\",\"description\":\"Folia samoprzylepna nadaje si\u0119 do mocowania, monta\u017cu i laminowania pianek, tworzyw sztucznych, gumy, EPDM, tekstyli\u00f3w i folii.\",\"breadcrumb\":{\"@id\":\"https:\\\/\\\/cardinal-tapes.com\\\/pl\\\/ta\u015bmy-samoprzylepne\\\/tasmy-dwustronnie-klejace\\\/wlokninowa-tasma-samoprzylepna-unilink-5150-hs\\\/#breadcrumb\"},\"inLanguage\":\"pl-PL\",\"potentialAction\":[{\"@type\":\"ReadAction\",\"target\":[\"https:\\\/\\\/cardinal-tapes.com\\\/pl\\\/ta\u015bmy-samoprzylepne\\\/tasmy-dwustronnie-klejace\\\/wlokninowa-tasma-samoprzylepna-unilink-5150-hs\\\/\"]}]},{\"@type\":\"ImageObject\",\"inLanguage\":\"pl-PL\",\"@id\":\"https:\\\/\\\/cardinal-tapes.com\\\/pl\\\/ta\u015bmy-samoprzylepne\\\/tasmy-dwustronnie-klejace\\\/wlokninowa-tasma-samoprzylepna-unilink-5150-hs\\\/#primaryimage\",\"url\":\"https:\\\/\\\/cardinal-tapes.com\\\/wp-content\\\/uploads\\\/Biolink-5-3796-UniLINK5150HS-breit.jpg\",\"contentUrl\":\"https:\\\/\\\/cardinal-tapes.com\\\/wp-content\\\/uploads\\\/Biolink-5-3796-UniLINK5150HS-breit.jpg\",\"width\":1854,\"height\":2126,\"caption\":\"Biolink UniLINK5150HS szeroki\"},{\"@type\":\"BreadcrumbList\",\"@id\":\"https:\\\/\\\/cardinal-tapes.com\\\/pl\\\/ta\u015bmy-samoprzylepne\\\/tasmy-dwustronnie-klejace\\\/wlokninowa-tasma-samoprzylepna-unilink-5150-hs\\\/#breadcrumb\",\"itemListElement\":[{\"@type\":\"ListItem\",\"position\":1,\"name\":\"Startseite\",\"item\":\"https:\\\/\\\/cardinal-tapes.com\\\/pl\\\/strona-glowna\\\/\"},{\"@type\":\"ListItem\",\"position\":2,\"name\":\"Ta\u015bmy samoprzylepne\",\"item\":\"https:\\\/\\\/cardinal-tapes.com\\\/pl\\\/tasmy-samoprzylepne-pl\\\/\"},{\"@type\":\"ListItem\",\"position\":3,\"name\":\"Ta\u015bmy dwustronnie klej\u0105ce\",\"item\":\"https:\\\/\\\/cardinal-tapes.com\\\/pl\\\/kategoria\\\/tasmy-dwustronnie-klejace\\\/\"},{\"@type\":\"ListItem\",\"position\":4,\"name\":\"W\u0142\u00f3kninowa ta\u015bma samoprzylepna UniLink 5150 HS\"}]},{\"@type\":\"WebSite\",\"@id\":\"https:\\\/\\\/cardinal-tapes.com\\\/#website\",\"url\":\"https:\\\/\\\/cardinal-tapes.com\\\/\",\"name\":\"cardinal TAPES\",\"description\":\"Klebetechnik aus Wuppertal\",\"potentialAction\":[{\"@type\":\"SearchAction\",\"target\":{\"@type\":\"EntryPoint\",\"urlTemplate\":\"https:\\\/\\\/cardinal-tapes.com\\\/?s={search_term_string}\"},\"query-input\":{\"@type\":\"PropertyValueSpecification\",\"valueRequired\":true,\"valueName\":\"search_term_string\"}}],\"inLanguage\":\"pl-PL\"}]}<\/script>\n<!-- \/ Yoast SEO plugin. -->","yoast_head_json":{"title":"Ta\u015bma w\u0142\u00f3kninowa UniLink 5150 HS | Cardinal TAPES","description":"Folia samoprzylepna nadaje si\u0119 do mocowania, monta\u017cu i laminowania pianek, tworzyw sztucznych, gumy, EPDM, tekstyli\u00f3w i folii.","robots":{"index":"index","follow":"follow","max-snippet":"max-snippet:-1","max-image-preview":"max-image-preview:large","max-video-preview":"max-video-preview:-1"},"canonical":"https:\/\/cardinal-tapes.com\/pl\/ta\u015bmy-samoprzylepne\/tasmy-dwustronnie-klejace\/wlokninowa-tasma-samoprzylepna-unilink-5150-hs\/","og_locale":"pl_PL","og_type":"article","og_title":"Ta\u015bma w\u0142\u00f3kninowa UniLink 5150 HS | Cardinal TAPES","og_description":"Folia samoprzylepna nadaje si\u0119 do mocowania, monta\u017cu i laminowania pianek, tworzyw sztucznych, gumy, EPDM, tekstyli\u00f3w i folii.","og_url":"https:\/\/cardinal-tapes.com\/pl\/ta\u015bmy-samoprzylepne\/tasmy-dwustronnie-klejace\/wlokninowa-tasma-samoprzylepna-unilink-5150-hs\/","og_site_name":"cardinal TAPES","og_image":[{"width":1854,"height":2126,"url":"https:\/\/cardinal-tapes.com\/wp-content\/uploads\/Biolink-5-3796-UniLINK5150HS-breit.jpg","type":"image\/jpeg"}],"twitter_card":"summary_large_image","schema":{"@context":"https:\/\/schema.org","@graph":[{"@type":"WebPage","@id":"https:\/\/cardinal-tapes.com\/pl\/ta\u015bmy-samoprzylepne\/tasmy-dwustronnie-klejace\/wlokninowa-tasma-samoprzylepna-unilink-5150-hs\/","url":"https:\/\/cardinal-tapes.com\/pl\/ta\u015bmy-samoprzylepne\/tasmy-dwustronnie-klejace\/wlokninowa-tasma-samoprzylepna-unilink-5150-hs\/","name":"Ta\u015bma w\u0142\u00f3kninowa UniLink 5150 HS | Cardinal TAPES","isPartOf":{"@id":"https:\/\/cardinal-tapes.com\/#website"},"primaryImageOfPage":{"@id":"https:\/\/cardinal-tapes.com\/pl\/ta\u015bmy-samoprzylepne\/tasmy-dwustronnie-klejace\/wlokninowa-tasma-samoprzylepna-unilink-5150-hs\/#primaryimage"},"image":{"@id":"https:\/\/cardinal-tapes.com\/pl\/ta\u015bmy-samoprzylepne\/tasmy-dwustronnie-klejace\/wlokninowa-tasma-samoprzylepna-unilink-5150-hs\/#primaryimage"},"thumbnailUrl":"https:\/\/cardinal-tapes.com\/wp-content\/uploads\/Biolink-5-3796-UniLINK5150HS-breit.jpg","datePublished":"2023-06-05T15:09:46+00:00","description":"Folia samoprzylepna nadaje si\u0119 do mocowania, monta\u017cu i laminowania pianek, tworzyw sztucznych, gumy, EPDM, tekstyli\u00f3w i folii.","breadcrumb":{"@id":"https:\/\/cardinal-tapes.com\/pl\/ta\u015bmy-samoprzylepne\/tasmy-dwustronnie-klejace\/wlokninowa-tasma-samoprzylepna-unilink-5150-hs\/#breadcrumb"},"inLanguage":"pl-PL","potentialAction":[{"@type":"ReadAction","target":["https:\/\/cardinal-tapes.com\/pl\/ta\u015bmy-samoprzylepne\/tasmy-dwustronnie-klejace\/wlokninowa-tasma-samoprzylepna-unilink-5150-hs\/"]}]},{"@type":"ImageObject","inLanguage":"pl-PL","@id":"https:\/\/cardinal-tapes.com\/pl\/ta\u015bmy-samoprzylepne\/tasmy-dwustronnie-klejace\/wlokninowa-tasma-samoprzylepna-unilink-5150-hs\/#primaryimage","url":"https:\/\/cardinal-tapes.com\/wp-content\/uploads\/Biolink-5-3796-UniLINK5150HS-breit.jpg","contentUrl":"https:\/\/cardinal-tapes.com\/wp-content\/uploads\/Biolink-5-3796-UniLINK5150HS-breit.jpg","width":1854,"height":2126,"caption":"Biolink UniLINK5150HS szeroki"},{"@type":"BreadcrumbList","@id":"https:\/\/cardinal-tapes.com\/pl\/ta\u015bmy-samoprzylepne\/tasmy-dwustronnie-klejace\/wlokninowa-tasma-samoprzylepna-unilink-5150-hs\/#breadcrumb","itemListElement":[{"@type":"ListItem","position":1,"name":"Startseite","item":"https:\/\/cardinal-tapes.com\/pl\/strona-glowna\/"},{"@type":"ListItem","position":2,"name":"Ta\u015bmy samoprzylepne","item":"https:\/\/cardinal-tapes.com\/pl\/tasmy-samoprzylepne-pl\/"},{"@type":"ListItem","position":3,"name":"Ta\u015bmy dwustronnie klej\u0105ce","item":"https:\/\/cardinal-tapes.com\/pl\/kategoria\/tasmy-dwustronnie-klejace\/"},{"@type":"ListItem","position":4,"name":"W\u0142\u00f3kninowa ta\u015bma samoprzylepna UniLink 5150 HS"}]},{"@type":"WebSite","@id":"https:\/\/cardinal-tapes.com\/#website","url":"https:\/\/cardinal-tapes.com\/","name":"cardinal TAPES","description":"Klebetechnik aus Wuppertal","potentialAction":[{"@type":"SearchAction","target":{"@type":"EntryPoint","urlTemplate":"https:\/\/cardinal-tapes.com\/?s={search_term_string}"},"query-input":{"@type":"PropertyValueSpecification","valueRequired":true,"valueName":"search_term_string"}}],"inLanguage":"pl-PL"}]}},"brands":[{"id":2400,"name":"Saint-Gobain Performance Plastics","slug":"saint-gobain-pl"},{"id":2513,"name":"Saint-Gobain Biolink","slug":"biolink-pl"}],"_links":{"self":[{"href":"https:\/\/cardinal-tapes.com\/pl\/wp-json\/wp\/v2\/product\/51081","targetHints":{"allow":["GET"]}}],"collection":[{"href":"https:\/\/cardinal-tapes.com\/pl\/wp-json\/wp\/v2\/product"}],"about":[{"href":"https:\/\/cardinal-tapes.com\/pl\/wp-json\/wp\/v2\/types\/product"}],"wp:featuredmedia":[{"embeddable":true,"href":"https:\/\/cardinal-tapes.com\/pl\/wp-json\/wp\/v2\/media\/27590"}],"wp:attachment":[{"href":"https:\/\/cardinal-tapes.com\/pl\/wp-json\/wp\/v2\/media?parent=51081"}],"wp:term":[{"taxonomy":"pwb-brand","embeddable":true,"href":"https:\/\/cardinal-tapes.com\/pl\/wp-json\/wp\/v2\/pwb-brand?post=51081"},{"taxonomy":"product_brand","embeddable":true,"href":"https:\/\/cardinal-tapes.com\/pl\/wp-json\/wp\/v2\/product_brand?post=51081"},{"taxonomy":"product_cat","embeddable":true,"href":"https:\/\/cardinal-tapes.com\/pl\/wp-json\/wp\/v2\/product_cat?post=51081"},{"taxonomy":"product_tag","embeddable":true,"href":"https:\/\/cardinal-tapes.com\/pl\/wp-json\/wp\/v2\/product_tag?post=51081"}],"curies":[{"name":"wp","href":"https:\/\/api.w.org\/{rel}","templated":true}]}}