{"id":50614,"date":"2019-06-06T07:33:43","date_gmt":"2023-06-05T15:08:24","guid":{"rendered":"https:\/\/cardinal.pixel-tal.de\/klebebaender\/bez-kategorii\/tasma-do-laczenia-tesa-58290\/"},"modified":"2025-07-02T13:01:55","modified_gmt":"2025-07-02T11:01:55","slug":"tesa-58290-spleissband","status":"publish","type":"product","link":"https:\/\/cardinal-tapes.com\/pl\/ta\u015bmy-samoprzylepne\/tasmy-dwustronnie-klejace\/tesa-58290-spleissband\/","title":{"rendered":"Ta\u015bma do \u0142\u0105czenia tesa\u00ae 58290"},"content":{"rendered":"<p><sup>tesa\u00ae<\/sup> 58290 to przezroczysta ta\u015bma samoprzylepna sk\u0142adaj\u0105ca si\u0119 z no\u015bnika PET i masy klej\u0105cej wykonanej ze zmodyfikowanego akrylanu. Charakteryzuje si\u0119 doskona\u0142\u0105 odporno\u015bci\u0105 na starzenie w r\u00f3\u017cnych warunkach klimatycznych. Obejmuje to wysokie i niskie temperatury, a tak\u017ce wysok\u0105 wilgotno\u015b\u0107. <sup>tesa\u00ae<\/sup> 58290 ma bardzo dobr\u0105 przyczepno\u015b\u0107 pocz\u0105tkow\u0105 i siln\u0105 przyczepno\u015b\u0107 ko\u0144cow\u0105, szczeg\u00f3lnie na szorstkich powierzchniach, takich jak p\u0142yty MDF lub HDF.<\/p>\n<p>Wytrzyma\u0142o\u015b\u0107 na rozerwanie wzd\u0142u\u017cne jest korzystna w przypadku po\u0142\u0105cze\u0144 tylnych mebli. No\u015bnik PET przekierowuje ewentualne p\u0119kni\u0119cie w kierunku poprzecznym, zapewniaj\u0105c w ten spos\u00f3b stabilne i bezpieczne po\u0142\u0105czenie o niewielkiej grubo\u015bci i jednocze\u015bnie wysokiej elastyczno\u015bci.<\/p>\n<p>Ta\u015bma <sup>tesa\u00ae<\/sup> 58290 jest idealna do stosowania w automatycznych i p\u00f3\u0142automatycznych dozownikach i jest dost\u0119pna w d\u0142ugich odcinkach (do 660 m) specjalnie do tego celu.<\/p>\n","protected":false},"excerpt":{"rendered":"<p>tesa\u00ae 58290 to przezroczysta ta\u015bma samoprzylepna sk\u0142adaj\u0105ca si\u0119 z no\u015bnika PET i masy klej\u0105cej wykonanej ze zmodyfikowanego akrylanu. Charakteryzuje si\u0119 doskona\u0142\u0105 odporno\u015bci\u0105 na starzenie w r\u00f3\u017cnych warunkach klimatycznych. Obejmuje to wysokie i niskie temperatury, a tak\u017ce wysok\u0105 wilgotno\u015b\u0107. tesa\u00ae 58290 ma bardzo dobr\u0105 przyczepno\u015b\u0107 pocz\u0105tkow\u0105 i siln\u0105 przyczepno\u015b\u0107 ko\u0144cow\u0105, szczeg\u00f3lnie na szorstkich powierzchniach, takich jak [&hellip;]<\/p>\n","protected":false},"featured_media":27718,"template":"","meta":{"_acf_changed":false},"pwb-brand":[2164],"product_brand":[],"product_cat":[1814],"product_tag":[],"class_list":{"0":"post-50614","1":"product","2":"type-product","3":"status-publish","4":"has-post-thumbnail","6":"pwb-brand-tesa-pl","7":"product_cat-tasmy-dwustronnie-klejace","9":"first","10":"instock","11":"taxable","12":"shipping-taxable","13":"purchasable","14":"product-type-variable"},"acf":[],"yoast_head":"<!-- This site is optimized with the Yoast SEO plugin v27.3 - https:\/\/yoast.com\/product\/yoast-seo-wordpress\/ -->\n<title>Ta\u015bma do \u0142\u0105czenia tesa\u00ae 58290 | Cardinal TAPES<\/title>\n<meta name=\"description\" content=\"Tesa 4939 to dwustronna ta\u015bma monta\u017cowa z mocnym no\u015bnikiem z tkaniny PET. Dowiedz si\u0119 wi\u0119cej o praktycznej ta\u015bmie samoprzylepnej tutaj.\" \/>\n<meta name=\"robots\" content=\"index, follow, max-snippet:-1, max-image-preview:large, max-video-preview:-1\" \/>\n<link rel=\"canonical\" href=\"https:\/\/cardinal-tapes.com\/pl\/ta\u015bmy-samoprzylepne\/tasmy-dwustronnie-klejace\/tesa-58290-spleissband\/\" \/>\n<meta property=\"og:locale\" content=\"pl_PL\" \/>\n<meta property=\"og:type\" content=\"article\" \/>\n<meta property=\"og:title\" content=\"Ta\u015bma do \u0142\u0105czenia tesa\u00ae 58290 | Cardinal TAPES\" \/>\n<meta property=\"og:description\" content=\"Tesa 4939 to dwustronna ta\u015bma monta\u017cowa z mocnym no\u015bnikiem z tkaniny PET. Dowiedz si\u0119 wi\u0119cej o praktycznej ta\u015bmie samoprzylepnej tutaj.\" \/>\n<meta property=\"og:url\" content=\"https:\/\/cardinal-tapes.com\/pl\/ta\u015bmy-samoprzylepne\/tasmy-dwustronnie-klejace\/tesa-58290-spleissband\/\" \/>\n<meta property=\"og:site_name\" content=\"cardinal TAPES\" \/>\n<meta property=\"article:modified_time\" content=\"2025-07-02T11:01:55+00:00\" \/>\n<meta property=\"og:image\" content=\"https:\/\/cardinal-tapes.com\/wp-content\/uploads\/58290-pet-backboard-splicing-tape888053_fixedwidth_5.jpg\" \/>\n\t<meta property=\"og:image:width\" content=\"501\" \/>\n\t<meta property=\"og:image:height\" content=\"501\" \/>\n\t<meta property=\"og:image:type\" content=\"image\/jpeg\" \/>\n<meta name=\"twitter:card\" content=\"summary_large_image\" \/>\n<meta name=\"twitter:label1\" content=\"Szacowany czas czytania\" \/>\n\t<meta name=\"twitter:data1\" content=\"1 minuta\" \/>\n<script type=\"application\/ld+json\" class=\"yoast-schema-graph\">{\"@context\":\"https:\\\/\\\/schema.org\",\"@graph\":[{\"@type\":\"WebPage\",\"@id\":\"https:\\\/\\\/cardinal-tapes.com\\\/pl\\\/ta\u015bmy-samoprzylepne\\\/tasmy-dwustronnie-klejace\\\/tesa-58290-spleissband\\\/\",\"url\":\"https:\\\/\\\/cardinal-tapes.com\\\/pl\\\/ta\u015bmy-samoprzylepne\\\/tasmy-dwustronnie-klejace\\\/tesa-58290-spleissband\\\/\",\"name\":\"Ta\u015bma do \u0142\u0105czenia tesa\u00ae 58290 | Cardinal TAPES\",\"isPartOf\":{\"@id\":\"https:\\\/\\\/cardinal-tapes.com\\\/#website\"},\"primaryImageOfPage\":{\"@id\":\"https:\\\/\\\/cardinal-tapes.com\\\/pl\\\/ta\u015bmy-samoprzylepne\\\/tasmy-dwustronnie-klejace\\\/tesa-58290-spleissband\\\/#primaryimage\"},\"image\":{\"@id\":\"https:\\\/\\\/cardinal-tapes.com\\\/pl\\\/ta\u015bmy-samoprzylepne\\\/tasmy-dwustronnie-klejace\\\/tesa-58290-spleissband\\\/#primaryimage\"},\"thumbnailUrl\":\"https:\\\/\\\/cardinal-tapes.com\\\/wp-content\\\/uploads\\\/58290-pet-backboard-splicing-tape888053_fixedwidth_5.jpg\",\"datePublished\":\"2023-06-05T15:08:24+00:00\",\"dateModified\":\"2025-07-02T11:01:55+00:00\",\"description\":\"Tesa 4939 to dwustronna ta\u015bma monta\u017cowa z mocnym no\u015bnikiem z tkaniny PET. Dowiedz si\u0119 wi\u0119cej o praktycznej ta\u015bmie samoprzylepnej tutaj.\",\"breadcrumb\":{\"@id\":\"https:\\\/\\\/cardinal-tapes.com\\\/pl\\\/ta\u015bmy-samoprzylepne\\\/tasmy-dwustronnie-klejace\\\/tesa-58290-spleissband\\\/#breadcrumb\"},\"inLanguage\":\"pl-PL\",\"potentialAction\":[{\"@type\":\"ReadAction\",\"target\":[\"https:\\\/\\\/cardinal-tapes.com\\\/pl\\\/ta\u015bmy-samoprzylepne\\\/tasmy-dwustronnie-klejace\\\/tesa-58290-spleissband\\\/\"]}]},{\"@type\":\"ImageObject\",\"inLanguage\":\"pl-PL\",\"@id\":\"https:\\\/\\\/cardinal-tapes.com\\\/pl\\\/ta\u015bmy-samoprzylepne\\\/tasmy-dwustronnie-klejace\\\/tesa-58290-spleissband\\\/#primaryimage\",\"url\":\"https:\\\/\\\/cardinal-tapes.com\\\/wp-content\\\/uploads\\\/58290-pet-backboard-splicing-tape888053_fixedwidth_5.jpg\",\"contentUrl\":\"https:\\\/\\\/cardinal-tapes.com\\\/wp-content\\\/uploads\\\/58290-pet-backboard-splicing-tape888053_fixedwidth_5.jpg\",\"width\":501,\"height\":501,\"caption\":\"Ta\u015bma tesa 58290\"},{\"@type\":\"BreadcrumbList\",\"@id\":\"https:\\\/\\\/cardinal-tapes.com\\\/pl\\\/ta\u015bmy-samoprzylepne\\\/tasmy-dwustronnie-klejace\\\/tesa-58290-spleissband\\\/#breadcrumb\",\"itemListElement\":[{\"@type\":\"ListItem\",\"position\":1,\"name\":\"Startseite\",\"item\":\"https:\\\/\\\/cardinal-tapes.com\\\/pl\\\/strona-glowna\\\/\"},{\"@type\":\"ListItem\",\"position\":2,\"name\":\"Ta\u015bmy samoprzylepne\",\"item\":\"https:\\\/\\\/cardinal-tapes.com\\\/pl\\\/tasmy-samoprzylepne-pl\\\/\"},{\"@type\":\"ListItem\",\"position\":3,\"name\":\"Doppelseitige Klebeb\u00e4nder\",\"item\":\"https:\\\/\\\/cardinal-tapes.com\\\/kategorie\\\/doppelseitige-klebebaender\\\/\"},{\"@type\":\"ListItem\",\"position\":4,\"name\":\"Ta\u015bma do \u0142\u0105czenia tesa\u00ae 58290\"}]},{\"@type\":\"WebSite\",\"@id\":\"https:\\\/\\\/cardinal-tapes.com\\\/#website\",\"url\":\"https:\\\/\\\/cardinal-tapes.com\\\/\",\"name\":\"cardinal TAPES\",\"description\":\"Klebetechnik aus Wuppertal\",\"potentialAction\":[{\"@type\":\"SearchAction\",\"target\":{\"@type\":\"EntryPoint\",\"urlTemplate\":\"https:\\\/\\\/cardinal-tapes.com\\\/?s={search_term_string}\"},\"query-input\":{\"@type\":\"PropertyValueSpecification\",\"valueRequired\":true,\"valueName\":\"search_term_string\"}}],\"inLanguage\":\"pl-PL\"}]}<\/script>\n<!-- \/ Yoast SEO plugin. -->","yoast_head_json":{"title":"Ta\u015bma do \u0142\u0105czenia tesa\u00ae 58290 | Cardinal TAPES","description":"Tesa 4939 to dwustronna ta\u015bma monta\u017cowa z mocnym no\u015bnikiem z tkaniny PET. Dowiedz si\u0119 wi\u0119cej o praktycznej ta\u015bmie samoprzylepnej tutaj.","robots":{"index":"index","follow":"follow","max-snippet":"max-snippet:-1","max-image-preview":"max-image-preview:large","max-video-preview":"max-video-preview:-1"},"canonical":"https:\/\/cardinal-tapes.com\/pl\/ta\u015bmy-samoprzylepne\/tasmy-dwustronnie-klejace\/tesa-58290-spleissband\/","og_locale":"pl_PL","og_type":"article","og_title":"Ta\u015bma do \u0142\u0105czenia tesa\u00ae 58290 | Cardinal TAPES","og_description":"Tesa 4939 to dwustronna ta\u015bma monta\u017cowa z mocnym no\u015bnikiem z tkaniny PET. Dowiedz si\u0119 wi\u0119cej o praktycznej ta\u015bmie samoprzylepnej tutaj.","og_url":"https:\/\/cardinal-tapes.com\/pl\/ta\u015bmy-samoprzylepne\/tasmy-dwustronnie-klejace\/tesa-58290-spleissband\/","og_site_name":"cardinal TAPES","article_modified_time":"2025-07-02T11:01:55+00:00","og_image":[{"width":501,"height":501,"url":"https:\/\/cardinal-tapes.com\/wp-content\/uploads\/58290-pet-backboard-splicing-tape888053_fixedwidth_5.jpg","type":"image\/jpeg"}],"twitter_card":"summary_large_image","twitter_misc":{"Szacowany czas czytania":"1 minuta"},"schema":{"@context":"https:\/\/schema.org","@graph":[{"@type":"WebPage","@id":"https:\/\/cardinal-tapes.com\/pl\/ta\u015bmy-samoprzylepne\/tasmy-dwustronnie-klejace\/tesa-58290-spleissband\/","url":"https:\/\/cardinal-tapes.com\/pl\/ta\u015bmy-samoprzylepne\/tasmy-dwustronnie-klejace\/tesa-58290-spleissband\/","name":"Ta\u015bma do \u0142\u0105czenia tesa\u00ae 58290 | Cardinal TAPES","isPartOf":{"@id":"https:\/\/cardinal-tapes.com\/#website"},"primaryImageOfPage":{"@id":"https:\/\/cardinal-tapes.com\/pl\/ta\u015bmy-samoprzylepne\/tasmy-dwustronnie-klejace\/tesa-58290-spleissband\/#primaryimage"},"image":{"@id":"https:\/\/cardinal-tapes.com\/pl\/ta\u015bmy-samoprzylepne\/tasmy-dwustronnie-klejace\/tesa-58290-spleissband\/#primaryimage"},"thumbnailUrl":"https:\/\/cardinal-tapes.com\/wp-content\/uploads\/58290-pet-backboard-splicing-tape888053_fixedwidth_5.jpg","datePublished":"2023-06-05T15:08:24+00:00","dateModified":"2025-07-02T11:01:55+00:00","description":"Tesa 4939 to dwustronna ta\u015bma monta\u017cowa z mocnym no\u015bnikiem z tkaniny PET. Dowiedz si\u0119 wi\u0119cej o praktycznej ta\u015bmie samoprzylepnej tutaj.","breadcrumb":{"@id":"https:\/\/cardinal-tapes.com\/pl\/ta\u015bmy-samoprzylepne\/tasmy-dwustronnie-klejace\/tesa-58290-spleissband\/#breadcrumb"},"inLanguage":"pl-PL","potentialAction":[{"@type":"ReadAction","target":["https:\/\/cardinal-tapes.com\/pl\/ta\u015bmy-samoprzylepne\/tasmy-dwustronnie-klejace\/tesa-58290-spleissband\/"]}]},{"@type":"ImageObject","inLanguage":"pl-PL","@id":"https:\/\/cardinal-tapes.com\/pl\/ta\u015bmy-samoprzylepne\/tasmy-dwustronnie-klejace\/tesa-58290-spleissband\/#primaryimage","url":"https:\/\/cardinal-tapes.com\/wp-content\/uploads\/58290-pet-backboard-splicing-tape888053_fixedwidth_5.jpg","contentUrl":"https:\/\/cardinal-tapes.com\/wp-content\/uploads\/58290-pet-backboard-splicing-tape888053_fixedwidth_5.jpg","width":501,"height":501,"caption":"Ta\u015bma tesa 58290"},{"@type":"BreadcrumbList","@id":"https:\/\/cardinal-tapes.com\/pl\/ta\u015bmy-samoprzylepne\/tasmy-dwustronnie-klejace\/tesa-58290-spleissband\/#breadcrumb","itemListElement":[{"@type":"ListItem","position":1,"name":"Startseite","item":"https:\/\/cardinal-tapes.com\/pl\/strona-glowna\/"},{"@type":"ListItem","position":2,"name":"Ta\u015bmy samoprzylepne","item":"https:\/\/cardinal-tapes.com\/pl\/tasmy-samoprzylepne-pl\/"},{"@type":"ListItem","position":3,"name":"Doppelseitige Klebeb\u00e4nder","item":"https:\/\/cardinal-tapes.com\/kategorie\/doppelseitige-klebebaender\/"},{"@type":"ListItem","position":4,"name":"Ta\u015bma do \u0142\u0105czenia tesa\u00ae 58290"}]},{"@type":"WebSite","@id":"https:\/\/cardinal-tapes.com\/#website","url":"https:\/\/cardinal-tapes.com\/","name":"cardinal TAPES","description":"Klebetechnik aus Wuppertal","potentialAction":[{"@type":"SearchAction","target":{"@type":"EntryPoint","urlTemplate":"https:\/\/cardinal-tapes.com\/?s={search_term_string}"},"query-input":{"@type":"PropertyValueSpecification","valueRequired":true,"valueName":"search_term_string"}}],"inLanguage":"pl-PL"}]}},"brands":[{"id":2164,"name":"tesa","slug":"tesa-pl"}],"_links":{"self":[{"href":"https:\/\/cardinal-tapes.com\/pl\/wp-json\/wp\/v2\/product\/50614","targetHints":{"allow":["GET"]}}],"collection":[{"href":"https:\/\/cardinal-tapes.com\/pl\/wp-json\/wp\/v2\/product"}],"about":[{"href":"https:\/\/cardinal-tapes.com\/pl\/wp-json\/wp\/v2\/types\/product"}],"wp:featuredmedia":[{"embeddable":true,"href":"https:\/\/cardinal-tapes.com\/pl\/wp-json\/wp\/v2\/media\/27718"}],"wp:attachment":[{"href":"https:\/\/cardinal-tapes.com\/pl\/wp-json\/wp\/v2\/media?parent=50614"}],"wp:term":[{"taxonomy":"pwb-brand","embeddable":true,"href":"https:\/\/cardinal-tapes.com\/pl\/wp-json\/wp\/v2\/pwb-brand?post=50614"},{"taxonomy":"product_brand","embeddable":true,"href":"https:\/\/cardinal-tapes.com\/pl\/wp-json\/wp\/v2\/product_brand?post=50614"},{"taxonomy":"product_cat","embeddable":true,"href":"https:\/\/cardinal-tapes.com\/pl\/wp-json\/wp\/v2\/product_cat?post=50614"},{"taxonomy":"product_tag","embeddable":true,"href":"https:\/\/cardinal-tapes.com\/pl\/wp-json\/wp\/v2\/product_tag?post=50614"}],"curies":[{"name":"wp","href":"https:\/\/api.w.org\/{rel}","templated":true}]}}