{"id":50500,"date":"2019-04-12T09:44:04","date_gmt":"2023-06-05T15:08:20","guid":{"rendered":"https:\/\/cardinal.pixel-tal.de\/klebebaender\/bez-kategorii\/piankowa-tasma-samoprzylepna-foamlink-1103-h-pe\/"},"modified":"2023-06-05T17:08:20","modified_gmt":"2023-06-05T15:08:20","slug":"foamlink-1103-rx-pe-foam-adhesive-tape","status":"publish","type":"product","link":"https:\/\/cardinal-tapes.com\/pl\/ta\u015bmy-samoprzylepne\/obszary-zastosowan\/tasma-piankowa-pe\/foamlink-1103-rx-pe-foam-adhesive-tape\/","title":{"rendered":"Piankowa ta\u015bma samoprzylepna FoamLink 1103 H+ PE"},"content":{"rendered":"<p><strong><span style=\"color: #0000ff;\"><span style=\"color: #000080;\">FoamLink 1103 RX to dwustronna ta\u015bma piankowa.<\/span><\/span><\/strong><\/p>\n<p>Ze wzgl\u0119du na zdolno\u015b\u0107 adaptacji pianki polietylenowej, nadaje si\u0119 ona optymalnie do klejenia nier\u00f3wnych i lekko chropowatych powierzchni.<br \/>\nCzysty klej akrylowy zapewnia wysok\u0105 przyczepno\u015b\u0107 do szerokiej gamy materia\u0142\u00f3w, takich jak szk\u0142o, metal i polarne tworzywa sztuczne. Zar\u00f3wno czysty klej akrylowy, jak i pianka polietylenowa s\u0105 odporne na starzenie i nadaj\u0105 si\u0119 do zastosowa\u0144 zewn\u0119trznych.<\/p>\n","protected":false},"excerpt":{"rendered":"<p>FoamLink 1103 RX to dwustronna ta\u015bma piankowa. Ze wzgl\u0119du na zdolno\u015b\u0107 adaptacji pianki polietylenowej, nadaje si\u0119 ona optymalnie do klejenia nier\u00f3wnych i lekko chropowatych powierzchni. Czysty klej akrylowy zapewnia wysok\u0105 przyczepno\u015b\u0107 do szerokiej gamy materia\u0142\u00f3w, takich jak szk\u0142o, metal i polarne tworzywa sztuczne. Zar\u00f3wno czysty klej akrylowy, jak i pianka polietylenowa s\u0105 odporne na starzenie [&hellip;]<\/p>\n","protected":false},"featured_media":27630,"template":"","meta":{"_acf_changed":false},"pwb-brand":[2400,2513],"product_brand":[],"product_cat":[1783,1784,1814],"product_tag":[],"class_list":{"0":"post-50500","1":"product","2":"type-product","3":"status-publish","4":"has-post-thumbnail","6":"pwb-brand-saint-gobain-pl","7":"pwb-brand-biolink-pl","8":"product_cat-tasma-piankowa-pe","9":"product_cat-tasma-piankowa-pe-pl","10":"product_cat-tasmy-dwustronnie-klejace","12":"first","13":"instock","14":"taxable","15":"shipping-taxable","16":"product-type-variable"},"acf":[],"yoast_head":"<!-- This site is optimized with the Yoast SEO plugin v27.3 - https:\/\/yoast.com\/product\/yoast-seo-wordpress\/ -->\n<title>Ta\u015bma piankowa FoamLink 1103 H+ PE | Cardinal TAPES<\/title>\n<meta name=\"description\" content=\"Ze wzgl\u0119du na zdolno\u015b\u0107 adaptacji pianki polietylenowej, nadaje si\u0119 ona optymalnie do klejenia nier\u00f3wnych i lekko chropowatych powierzchni.\" \/>\n<meta name=\"robots\" content=\"index, follow, max-snippet:-1, max-image-preview:large, max-video-preview:-1\" \/>\n<link rel=\"canonical\" href=\"https:\/\/cardinal-tapes.com\/pl\/ta\u015bmy-samoprzylepne\/tasma-piankowa-pe\/foamlink-1103-rx-pe-foam-adhesive-tape\/\" \/>\n<meta property=\"og:locale\" content=\"pl_PL\" \/>\n<meta property=\"og:type\" content=\"article\" \/>\n<meta property=\"og:title\" content=\"Ta\u015bma piankowa FoamLink 1103 H+ PE | Cardinal TAPES\" \/>\n<meta property=\"og:description\" content=\"Ze wzgl\u0119du na zdolno\u015b\u0107 adaptacji pianki polietylenowej, nadaje si\u0119 ona optymalnie do klejenia nier\u00f3wnych i lekko chropowatych powierzchni.\" \/>\n<meta property=\"og:url\" content=\"https:\/\/cardinal-tapes.com\/pl\/ta\u015bmy-samoprzylepne\/tasma-piankowa-pe\/foamlink-1103-rx-pe-foam-adhesive-tape\/\" \/>\n<meta property=\"og:site_name\" content=\"cardinal TAPES\" \/>\n<meta property=\"og:image\" content=\"https:\/\/cardinal-tapes.com\/wp-content\/uploads\/Biolink-9-3839-FoamLINK1127RXws-breit.jpg\" \/>\n\t<meta property=\"og:image:width\" content=\"1854\" \/>\n\t<meta property=\"og:image:height\" content=\"2126\" \/>\n\t<meta property=\"og:image:type\" content=\"image\/jpeg\" \/>\n<meta name=\"twitter:card\" content=\"summary_large_image\" \/>\n<script type=\"application\/ld+json\" class=\"yoast-schema-graph\">{\"@context\":\"https:\\\/\\\/schema.org\",\"@graph\":[{\"@type\":\"WebPage\",\"@id\":\"https:\\\/\\\/cardinal-tapes.com\\\/pl\\\/ta\u015bmy-samoprzylepne\\\/tasma-piankowa-pe\\\/foamlink-1103-rx-pe-foam-adhesive-tape\\\/\",\"url\":\"https:\\\/\\\/cardinal-tapes.com\\\/pl\\\/ta\u015bmy-samoprzylepne\\\/tasma-piankowa-pe\\\/foamlink-1103-rx-pe-foam-adhesive-tape\\\/\",\"name\":\"Ta\u015bma piankowa FoamLink 1103 H+ PE | Cardinal TAPES\",\"isPartOf\":{\"@id\":\"https:\\\/\\\/cardinal-tapes.com\\\/#website\"},\"primaryImageOfPage\":{\"@id\":\"https:\\\/\\\/cardinal-tapes.com\\\/pl\\\/ta\u015bmy-samoprzylepne\\\/tasma-piankowa-pe\\\/foamlink-1103-rx-pe-foam-adhesive-tape\\\/#primaryimage\"},\"image\":{\"@id\":\"https:\\\/\\\/cardinal-tapes.com\\\/pl\\\/ta\u015bmy-samoprzylepne\\\/tasma-piankowa-pe\\\/foamlink-1103-rx-pe-foam-adhesive-tape\\\/#primaryimage\"},\"thumbnailUrl\":\"https:\\\/\\\/cardinal-tapes.com\\\/wp-content\\\/uploads\\\/Biolink-9-3839-FoamLINK1127RXws-breit.jpg\",\"datePublished\":\"2023-06-05T15:08:20+00:00\",\"description\":\"Ze wzgl\u0119du na zdolno\u015b\u0107 adaptacji pianki polietylenowej, nadaje si\u0119 ona optymalnie do klejenia nier\u00f3wnych i lekko chropowatych powierzchni.\",\"breadcrumb\":{\"@id\":\"https:\\\/\\\/cardinal-tapes.com\\\/pl\\\/ta\u015bmy-samoprzylepne\\\/tasma-piankowa-pe\\\/foamlink-1103-rx-pe-foam-adhesive-tape\\\/#breadcrumb\"},\"inLanguage\":\"pl-PL\",\"potentialAction\":[{\"@type\":\"ReadAction\",\"target\":[\"https:\\\/\\\/cardinal-tapes.com\\\/pl\\\/ta\u015bmy-samoprzylepne\\\/tasma-piankowa-pe\\\/foamlink-1103-rx-pe-foam-adhesive-tape\\\/\"]}]},{\"@type\":\"ImageObject\",\"inLanguage\":\"pl-PL\",\"@id\":\"https:\\\/\\\/cardinal-tapes.com\\\/pl\\\/ta\u015bmy-samoprzylepne\\\/tasma-piankowa-pe\\\/foamlink-1103-rx-pe-foam-adhesive-tape\\\/#primaryimage\",\"url\":\"https:\\\/\\\/cardinal-tapes.com\\\/wp-content\\\/uploads\\\/Biolink-9-3839-FoamLINK1127RXws-breit.jpg\",\"contentUrl\":\"https:\\\/\\\/cardinal-tapes.com\\\/wp-content\\\/uploads\\\/Biolink-9-3839-FoamLINK1127RXws-breit.jpg\",\"width\":1854,\"height\":2126,\"caption\":\"Biolink FoamLINK1127RXws szeroki\"},{\"@type\":\"BreadcrumbList\",\"@id\":\"https:\\\/\\\/cardinal-tapes.com\\\/pl\\\/ta\u015bmy-samoprzylepne\\\/tasma-piankowa-pe\\\/foamlink-1103-rx-pe-foam-adhesive-tape\\\/#breadcrumb\",\"itemListElement\":[{\"@type\":\"ListItem\",\"position\":1,\"name\":\"Startseite\",\"item\":\"https:\\\/\\\/cardinal-tapes.com\\\/pl\\\/strona-glowna\\\/\"},{\"@type\":\"ListItem\",\"position\":2,\"name\":\"Ta\u015bmy samoprzylepne\",\"item\":\"https:\\\/\\\/cardinal-tapes.com\\\/pl\\\/tasmy-samoprzylepne-pl\\\/\"},{\"@type\":\"ListItem\",\"position\":3,\"name\":\"Ta\u015bma piankowa PE\",\"item\":\"https:\\\/\\\/cardinal-tapes.com\\\/pl\\\/kategoria\\\/tasma-piankowa-pe\\\/\"},{\"@type\":\"ListItem\",\"position\":4,\"name\":\"Piankowa ta\u015bma samoprzylepna FoamLink 1103 H+ PE\"}]},{\"@type\":\"WebSite\",\"@id\":\"https:\\\/\\\/cardinal-tapes.com\\\/#website\",\"url\":\"https:\\\/\\\/cardinal-tapes.com\\\/\",\"name\":\"cardinal TAPES\",\"description\":\"Klebetechnik aus Wuppertal\",\"potentialAction\":[{\"@type\":\"SearchAction\",\"target\":{\"@type\":\"EntryPoint\",\"urlTemplate\":\"https:\\\/\\\/cardinal-tapes.com\\\/?s={search_term_string}\"},\"query-input\":{\"@type\":\"PropertyValueSpecification\",\"valueRequired\":true,\"valueName\":\"search_term_string\"}}],\"inLanguage\":\"pl-PL\"}]}<\/script>\n<!-- \/ Yoast SEO plugin. -->","yoast_head_json":{"title":"Ta\u015bma piankowa FoamLink 1103 H+ PE | Cardinal TAPES","description":"Ze wzgl\u0119du na zdolno\u015b\u0107 adaptacji pianki polietylenowej, nadaje si\u0119 ona optymalnie do klejenia nier\u00f3wnych i lekko chropowatych powierzchni.","robots":{"index":"index","follow":"follow","max-snippet":"max-snippet:-1","max-image-preview":"max-image-preview:large","max-video-preview":"max-video-preview:-1"},"canonical":"https:\/\/cardinal-tapes.com\/pl\/ta\u015bmy-samoprzylepne\/tasma-piankowa-pe\/foamlink-1103-rx-pe-foam-adhesive-tape\/","og_locale":"pl_PL","og_type":"article","og_title":"Ta\u015bma piankowa FoamLink 1103 H+ PE | Cardinal TAPES","og_description":"Ze wzgl\u0119du na zdolno\u015b\u0107 adaptacji pianki polietylenowej, nadaje si\u0119 ona optymalnie do klejenia nier\u00f3wnych i lekko chropowatych powierzchni.","og_url":"https:\/\/cardinal-tapes.com\/pl\/ta\u015bmy-samoprzylepne\/tasma-piankowa-pe\/foamlink-1103-rx-pe-foam-adhesive-tape\/","og_site_name":"cardinal TAPES","og_image":[{"width":1854,"height":2126,"url":"https:\/\/cardinal-tapes.com\/wp-content\/uploads\/Biolink-9-3839-FoamLINK1127RXws-breit.jpg","type":"image\/jpeg"}],"twitter_card":"summary_large_image","schema":{"@context":"https:\/\/schema.org","@graph":[{"@type":"WebPage","@id":"https:\/\/cardinal-tapes.com\/pl\/ta\u015bmy-samoprzylepne\/tasma-piankowa-pe\/foamlink-1103-rx-pe-foam-adhesive-tape\/","url":"https:\/\/cardinal-tapes.com\/pl\/ta\u015bmy-samoprzylepne\/tasma-piankowa-pe\/foamlink-1103-rx-pe-foam-adhesive-tape\/","name":"Ta\u015bma piankowa FoamLink 1103 H+ PE | Cardinal TAPES","isPartOf":{"@id":"https:\/\/cardinal-tapes.com\/#website"},"primaryImageOfPage":{"@id":"https:\/\/cardinal-tapes.com\/pl\/ta\u015bmy-samoprzylepne\/tasma-piankowa-pe\/foamlink-1103-rx-pe-foam-adhesive-tape\/#primaryimage"},"image":{"@id":"https:\/\/cardinal-tapes.com\/pl\/ta\u015bmy-samoprzylepne\/tasma-piankowa-pe\/foamlink-1103-rx-pe-foam-adhesive-tape\/#primaryimage"},"thumbnailUrl":"https:\/\/cardinal-tapes.com\/wp-content\/uploads\/Biolink-9-3839-FoamLINK1127RXws-breit.jpg","datePublished":"2023-06-05T15:08:20+00:00","description":"Ze wzgl\u0119du na zdolno\u015b\u0107 adaptacji pianki polietylenowej, nadaje si\u0119 ona optymalnie do klejenia nier\u00f3wnych i lekko chropowatych powierzchni.","breadcrumb":{"@id":"https:\/\/cardinal-tapes.com\/pl\/ta\u015bmy-samoprzylepne\/tasma-piankowa-pe\/foamlink-1103-rx-pe-foam-adhesive-tape\/#breadcrumb"},"inLanguage":"pl-PL","potentialAction":[{"@type":"ReadAction","target":["https:\/\/cardinal-tapes.com\/pl\/ta\u015bmy-samoprzylepne\/tasma-piankowa-pe\/foamlink-1103-rx-pe-foam-adhesive-tape\/"]}]},{"@type":"ImageObject","inLanguage":"pl-PL","@id":"https:\/\/cardinal-tapes.com\/pl\/ta\u015bmy-samoprzylepne\/tasma-piankowa-pe\/foamlink-1103-rx-pe-foam-adhesive-tape\/#primaryimage","url":"https:\/\/cardinal-tapes.com\/wp-content\/uploads\/Biolink-9-3839-FoamLINK1127RXws-breit.jpg","contentUrl":"https:\/\/cardinal-tapes.com\/wp-content\/uploads\/Biolink-9-3839-FoamLINK1127RXws-breit.jpg","width":1854,"height":2126,"caption":"Biolink FoamLINK1127RXws szeroki"},{"@type":"BreadcrumbList","@id":"https:\/\/cardinal-tapes.com\/pl\/ta\u015bmy-samoprzylepne\/tasma-piankowa-pe\/foamlink-1103-rx-pe-foam-adhesive-tape\/#breadcrumb","itemListElement":[{"@type":"ListItem","position":1,"name":"Startseite","item":"https:\/\/cardinal-tapes.com\/pl\/strona-glowna\/"},{"@type":"ListItem","position":2,"name":"Ta\u015bmy samoprzylepne","item":"https:\/\/cardinal-tapes.com\/pl\/tasmy-samoprzylepne-pl\/"},{"@type":"ListItem","position":3,"name":"Ta\u015bma piankowa PE","item":"https:\/\/cardinal-tapes.com\/pl\/kategoria\/tasma-piankowa-pe\/"},{"@type":"ListItem","position":4,"name":"Piankowa ta\u015bma samoprzylepna FoamLink 1103 H+ PE"}]},{"@type":"WebSite","@id":"https:\/\/cardinal-tapes.com\/#website","url":"https:\/\/cardinal-tapes.com\/","name":"cardinal TAPES","description":"Klebetechnik aus Wuppertal","potentialAction":[{"@type":"SearchAction","target":{"@type":"EntryPoint","urlTemplate":"https:\/\/cardinal-tapes.com\/?s={search_term_string}"},"query-input":{"@type":"PropertyValueSpecification","valueRequired":true,"valueName":"search_term_string"}}],"inLanguage":"pl-PL"}]}},"brands":[{"id":2400,"name":"Saint-Gobain Performance Plastics","slug":"saint-gobain-pl"},{"id":2513,"name":"Saint-Gobain Biolink","slug":"biolink-pl"}],"_links":{"self":[{"href":"https:\/\/cardinal-tapes.com\/pl\/wp-json\/wp\/v2\/product\/50500","targetHints":{"allow":["GET"]}}],"collection":[{"href":"https:\/\/cardinal-tapes.com\/pl\/wp-json\/wp\/v2\/product"}],"about":[{"href":"https:\/\/cardinal-tapes.com\/pl\/wp-json\/wp\/v2\/types\/product"}],"wp:featuredmedia":[{"embeddable":true,"href":"https:\/\/cardinal-tapes.com\/pl\/wp-json\/wp\/v2\/media\/27630"}],"wp:attachment":[{"href":"https:\/\/cardinal-tapes.com\/pl\/wp-json\/wp\/v2\/media?parent=50500"}],"wp:term":[{"taxonomy":"pwb-brand","embeddable":true,"href":"https:\/\/cardinal-tapes.com\/pl\/wp-json\/wp\/v2\/pwb-brand?post=50500"},{"taxonomy":"product_brand","embeddable":true,"href":"https:\/\/cardinal-tapes.com\/pl\/wp-json\/wp\/v2\/product_brand?post=50500"},{"taxonomy":"product_cat","embeddable":true,"href":"https:\/\/cardinal-tapes.com\/pl\/wp-json\/wp\/v2\/product_cat?post=50500"},{"taxonomy":"product_tag","embeddable":true,"href":"https:\/\/cardinal-tapes.com\/pl\/wp-json\/wp\/v2\/product_tag?post=50500"}],"curies":[{"name":"wp","href":"https:\/\/api.w.org\/{rel}","templated":true}]}}