{"id":50415,"date":"2020-06-24T12:57:52","date_gmt":"2023-06-05T15:08:18","guid":{"rendered":"https:\/\/cardinal.pixel-tal.de\/klebebaender\/bez-kategorii\/ca-758-pv1-tasma-samoprzylepna-z-kauczuku-silikonowego-zabkowana\/"},"modified":"2023-06-05T17:08:18","modified_gmt":"2023-06-05T15:08:18","slug":"ca-758","status":"publish","type":"product","link":"https:\/\/cardinal-tapes.com\/pl\/ta\u015bmy-samoprzylepne\/tasmy-dwustronnie-klejace\/ca-758\/","title":{"rendered":"CA-758 PV1 Ta\u015bma samoprzylepna z kauczuku silikonowego, z\u0105bkowana"},"content":{"rendered":"<p>Z\u0105bkowana ta\u015bma rolkowa wykonana z gumy silikonowej z klejem akrylowym. Pokryty silikonem sp\u00f3d z jedwabiu ma bardzo wysok\u0105 odporno\u015b\u0107 na \u015bcieranie.<\/p>\n<p>Zastosowanie<br \/>\n&#8211; Specjalny pasek z wypustkami zapewniaj\u0105cy optymaln\u0105 przyczepno\u015b\u0107 na rolkach<br \/>\n&#8211; Chroni przed pozosta\u0142o\u015bciami kleju dzi\u0119ki specjalnej pow\u0142oce<br \/>\n&#8211; demonta\u017c rolek zwykle nie jest konieczny<br \/>\n&#8211; Nadaje si\u0119 do produkcji podk\u0142ad\u00f3w antypo\u015blizgowych<\/p>\n","protected":false},"excerpt":{"rendered":"<p>Z\u0105bkowana ta\u015bma rolkowa wykonana z gumy silikonowej z klejem akrylowym. Pokryty silikonem sp\u00f3d z jedwabiu ma bardzo wysok\u0105 odporno\u015b\u0107 na \u015bcieranie. Zastosowanie &#8211; Specjalny pasek z wypustkami zapewniaj\u0105cy optymaln\u0105 przyczepno\u015b\u0107 na rolkach &#8211; Chroni przed pozosta\u0142o\u015bciami kleju dzi\u0119ki specjalnej pow\u0142oce &#8211; demonta\u017c rolek zwykle nie jest konieczny &#8211; Nadaje si\u0119 do produkcji podk\u0142ad\u00f3w antypo\u015blizgowych<\/p>\n","protected":false},"featured_media":28222,"template":"","meta":{"_acf_changed":false},"pwb-brand":[2173],"product_brand":[],"product_cat":[1814],"product_tag":[],"class_list":{"0":"post-50415","1":"product","2":"type-product","3":"status-publish","4":"has-post-thumbnail","6":"pwb-brand-cardinal-gmbh-pl","7":"product_cat-tasmy-dwustronnie-klejace","9":"first","10":"instock","11":"taxable","12":"shipping-taxable","13":"purchasable","14":"product-type-variable"},"acf":[],"yoast_head":"<!-- This site is optimized with the Yoast SEO plugin v27.3 - https:\/\/yoast.com\/product\/yoast-seo-wordpress\/ -->\n<title>CA-758 PV1 Ta\u015bma samoprzylepna z kauczuku silikonowego, z\u0105bkowana - cardinal TAPES<\/title>\n<meta name=\"robots\" content=\"index, follow, max-snippet:-1, max-image-preview:large, max-video-preview:-1\" \/>\n<link rel=\"canonical\" href=\"https:\/\/cardinal-tapes.com\/pl\/ta\u015bmy-samoprzylepne\/tasmy-dwustronnie-klejace\/ca-758\/\" \/>\n<meta property=\"og:locale\" content=\"pl_PL\" \/>\n<meta property=\"og:type\" content=\"article\" \/>\n<meta property=\"og:title\" content=\"CA-758 PV1 Ta\u015bma samoprzylepna z kauczuku silikonowego, z\u0105bkowana - cardinal TAPES\" \/>\n<meta property=\"og:description\" content=\"Z\u0105bkowana ta\u015bma rolkowa wykonana z gumy silikonowej z klejem akrylowym. Pokryty silikonem sp\u00f3d z jedwabiu ma bardzo wysok\u0105 odporno\u015b\u0107 na \u015bcieranie. Zastosowanie &#8211; Specjalny pasek z wypustkami zapewniaj\u0105cy optymaln\u0105 przyczepno\u015b\u0107 na rolkach &#8211; Chroni przed pozosta\u0142o\u015bciami kleju dzi\u0119ki specjalnej pow\u0142oce &#8211; demonta\u017c rolek zwykle nie jest konieczny &#8211; Nadaje si\u0119 do produkcji podk\u0142ad\u00f3w antypo\u015blizgowych\" \/>\n<meta property=\"og:url\" content=\"https:\/\/cardinal-tapes.com\/pl\/ta\u015bmy-samoprzylepne\/tasmy-dwustronnie-klejace\/ca-758\/\" \/>\n<meta property=\"og:site_name\" content=\"cardinal TAPES\" \/>\n<meta property=\"og:image\" content=\"https:\/\/cardinal-tapes.com\/wp-content\/uploads\/ca_758.jpg\" \/>\n\t<meta property=\"og:image:width\" content=\"700\" \/>\n\t<meta property=\"og:image:height\" content=\"700\" \/>\n\t<meta property=\"og:image:type\" content=\"image\/jpeg\" \/>\n<meta name=\"twitter:card\" content=\"summary_large_image\" \/>\n<script type=\"application\/ld+json\" class=\"yoast-schema-graph\">{\"@context\":\"https:\\\/\\\/schema.org\",\"@graph\":[{\"@type\":\"WebPage\",\"@id\":\"https:\\\/\\\/cardinal-tapes.com\\\/pl\\\/ta\u015bmy-samoprzylepne\\\/tasmy-dwustronnie-klejace\\\/ca-758\\\/\",\"url\":\"https:\\\/\\\/cardinal-tapes.com\\\/pl\\\/ta\u015bmy-samoprzylepne\\\/tasmy-dwustronnie-klejace\\\/ca-758\\\/\",\"name\":\"CA-758 PV1 Ta\u015bma samoprzylepna z kauczuku silikonowego, z\u0105bkowana - cardinal TAPES\",\"isPartOf\":{\"@id\":\"https:\\\/\\\/cardinal-tapes.com\\\/#website\"},\"primaryImageOfPage\":{\"@id\":\"https:\\\/\\\/cardinal-tapes.com\\\/pl\\\/ta\u015bmy-samoprzylepne\\\/tasmy-dwustronnie-klejace\\\/ca-758\\\/#primaryimage\"},\"image\":{\"@id\":\"https:\\\/\\\/cardinal-tapes.com\\\/pl\\\/ta\u015bmy-samoprzylepne\\\/tasmy-dwustronnie-klejace\\\/ca-758\\\/#primaryimage\"},\"thumbnailUrl\":\"https:\\\/\\\/cardinal-tapes.com\\\/wp-content\\\/uploads\\\/ca_758.jpg\",\"datePublished\":\"2023-06-05T15:08:18+00:00\",\"breadcrumb\":{\"@id\":\"https:\\\/\\\/cardinal-tapes.com\\\/pl\\\/ta\u015bmy-samoprzylepne\\\/tasmy-dwustronnie-klejace\\\/ca-758\\\/#breadcrumb\"},\"inLanguage\":\"pl-PL\",\"potentialAction\":[{\"@type\":\"ReadAction\",\"target\":[\"https:\\\/\\\/cardinal-tapes.com\\\/pl\\\/ta\u015bmy-samoprzylepne\\\/tasmy-dwustronnie-klejace\\\/ca-758\\\/\"]}]},{\"@type\":\"ImageObject\",\"inLanguage\":\"pl-PL\",\"@id\":\"https:\\\/\\\/cardinal-tapes.com\\\/pl\\\/ta\u015bmy-samoprzylepne\\\/tasmy-dwustronnie-klejace\\\/ca-758\\\/#primaryimage\",\"url\":\"https:\\\/\\\/cardinal-tapes.com\\\/wp-content\\\/uploads\\\/ca_758.jpg\",\"contentUrl\":\"https:\\\/\\\/cardinal-tapes.com\\\/wp-content\\\/uploads\\\/ca_758.jpg\",\"width\":700,\"height\":700},{\"@type\":\"BreadcrumbList\",\"@id\":\"https:\\\/\\\/cardinal-tapes.com\\\/pl\\\/ta\u015bmy-samoprzylepne\\\/tasmy-dwustronnie-klejace\\\/ca-758\\\/#breadcrumb\",\"itemListElement\":[{\"@type\":\"ListItem\",\"position\":1,\"name\":\"Startseite\",\"item\":\"https:\\\/\\\/cardinal-tapes.com\\\/pl\\\/strona-glowna\\\/\"},{\"@type\":\"ListItem\",\"position\":2,\"name\":\"Ta\u015bmy samoprzylepne\",\"item\":\"https:\\\/\\\/cardinal-tapes.com\\\/pl\\\/tasmy-samoprzylepne-pl\\\/\"},{\"@type\":\"ListItem\",\"position\":3,\"name\":\"Ta\u015bmy dwustronnie klej\u0105ce\",\"item\":\"https:\\\/\\\/cardinal-tapes.com\\\/pl\\\/kategoria\\\/tasmy-dwustronnie-klejace\\\/\"},{\"@type\":\"ListItem\",\"position\":4,\"name\":\"CA-758 PV1 Ta\u015bma samoprzylepna z kauczuku silikonowego, z\u0105bkowana\"}]},{\"@type\":\"WebSite\",\"@id\":\"https:\\\/\\\/cardinal-tapes.com\\\/#website\",\"url\":\"https:\\\/\\\/cardinal-tapes.com\\\/\",\"name\":\"cardinal TAPES\",\"description\":\"Klebetechnik aus Wuppertal\",\"potentialAction\":[{\"@type\":\"SearchAction\",\"target\":{\"@type\":\"EntryPoint\",\"urlTemplate\":\"https:\\\/\\\/cardinal-tapes.com\\\/?s={search_term_string}\"},\"query-input\":{\"@type\":\"PropertyValueSpecification\",\"valueRequired\":true,\"valueName\":\"search_term_string\"}}],\"inLanguage\":\"pl-PL\"}]}<\/script>\n<!-- \/ Yoast SEO plugin. -->","yoast_head_json":{"title":"CA-758 PV1 Ta\u015bma samoprzylepna z kauczuku silikonowego, z\u0105bkowana - cardinal TAPES","robots":{"index":"index","follow":"follow","max-snippet":"max-snippet:-1","max-image-preview":"max-image-preview:large","max-video-preview":"max-video-preview:-1"},"canonical":"https:\/\/cardinal-tapes.com\/pl\/ta\u015bmy-samoprzylepne\/tasmy-dwustronnie-klejace\/ca-758\/","og_locale":"pl_PL","og_type":"article","og_title":"CA-758 PV1 Ta\u015bma samoprzylepna z kauczuku silikonowego, z\u0105bkowana - cardinal TAPES","og_description":"Z\u0105bkowana ta\u015bma rolkowa wykonana z gumy silikonowej z klejem akrylowym. Pokryty silikonem sp\u00f3d z jedwabiu ma bardzo wysok\u0105 odporno\u015b\u0107 na \u015bcieranie. Zastosowanie &#8211; Specjalny pasek z wypustkami zapewniaj\u0105cy optymaln\u0105 przyczepno\u015b\u0107 na rolkach &#8211; Chroni przed pozosta\u0142o\u015bciami kleju dzi\u0119ki specjalnej pow\u0142oce &#8211; demonta\u017c rolek zwykle nie jest konieczny &#8211; Nadaje si\u0119 do produkcji podk\u0142ad\u00f3w antypo\u015blizgowych","og_url":"https:\/\/cardinal-tapes.com\/pl\/ta\u015bmy-samoprzylepne\/tasmy-dwustronnie-klejace\/ca-758\/","og_site_name":"cardinal TAPES","og_image":[{"width":700,"height":700,"url":"https:\/\/cardinal-tapes.com\/wp-content\/uploads\/ca_758.jpg","type":"image\/jpeg"}],"twitter_card":"summary_large_image","schema":{"@context":"https:\/\/schema.org","@graph":[{"@type":"WebPage","@id":"https:\/\/cardinal-tapes.com\/pl\/ta\u015bmy-samoprzylepne\/tasmy-dwustronnie-klejace\/ca-758\/","url":"https:\/\/cardinal-tapes.com\/pl\/ta\u015bmy-samoprzylepne\/tasmy-dwustronnie-klejace\/ca-758\/","name":"CA-758 PV1 Ta\u015bma samoprzylepna z kauczuku silikonowego, z\u0105bkowana - cardinal TAPES","isPartOf":{"@id":"https:\/\/cardinal-tapes.com\/#website"},"primaryImageOfPage":{"@id":"https:\/\/cardinal-tapes.com\/pl\/ta\u015bmy-samoprzylepne\/tasmy-dwustronnie-klejace\/ca-758\/#primaryimage"},"image":{"@id":"https:\/\/cardinal-tapes.com\/pl\/ta\u015bmy-samoprzylepne\/tasmy-dwustronnie-klejace\/ca-758\/#primaryimage"},"thumbnailUrl":"https:\/\/cardinal-tapes.com\/wp-content\/uploads\/ca_758.jpg","datePublished":"2023-06-05T15:08:18+00:00","breadcrumb":{"@id":"https:\/\/cardinal-tapes.com\/pl\/ta\u015bmy-samoprzylepne\/tasmy-dwustronnie-klejace\/ca-758\/#breadcrumb"},"inLanguage":"pl-PL","potentialAction":[{"@type":"ReadAction","target":["https:\/\/cardinal-tapes.com\/pl\/ta\u015bmy-samoprzylepne\/tasmy-dwustronnie-klejace\/ca-758\/"]}]},{"@type":"ImageObject","inLanguage":"pl-PL","@id":"https:\/\/cardinal-tapes.com\/pl\/ta\u015bmy-samoprzylepne\/tasmy-dwustronnie-klejace\/ca-758\/#primaryimage","url":"https:\/\/cardinal-tapes.com\/wp-content\/uploads\/ca_758.jpg","contentUrl":"https:\/\/cardinal-tapes.com\/wp-content\/uploads\/ca_758.jpg","width":700,"height":700},{"@type":"BreadcrumbList","@id":"https:\/\/cardinal-tapes.com\/pl\/ta\u015bmy-samoprzylepne\/tasmy-dwustronnie-klejace\/ca-758\/#breadcrumb","itemListElement":[{"@type":"ListItem","position":1,"name":"Startseite","item":"https:\/\/cardinal-tapes.com\/pl\/strona-glowna\/"},{"@type":"ListItem","position":2,"name":"Ta\u015bmy samoprzylepne","item":"https:\/\/cardinal-tapes.com\/pl\/tasmy-samoprzylepne-pl\/"},{"@type":"ListItem","position":3,"name":"Ta\u015bmy dwustronnie klej\u0105ce","item":"https:\/\/cardinal-tapes.com\/pl\/kategoria\/tasmy-dwustronnie-klejace\/"},{"@type":"ListItem","position":4,"name":"CA-758 PV1 Ta\u015bma samoprzylepna z kauczuku silikonowego, z\u0105bkowana"}]},{"@type":"WebSite","@id":"https:\/\/cardinal-tapes.com\/#website","url":"https:\/\/cardinal-tapes.com\/","name":"cardinal TAPES","description":"Klebetechnik aus Wuppertal","potentialAction":[{"@type":"SearchAction","target":{"@type":"EntryPoint","urlTemplate":"https:\/\/cardinal-tapes.com\/?s={search_term_string}"},"query-input":{"@type":"PropertyValueSpecification","valueRequired":true,"valueName":"search_term_string"}}],"inLanguage":"pl-PL"}]}},"brands":[{"id":2173,"name":"cardinal GmbH","slug":"cardinal-gmbh-pl"}],"_links":{"self":[{"href":"https:\/\/cardinal-tapes.com\/pl\/wp-json\/wp\/v2\/product\/50415","targetHints":{"allow":["GET"]}}],"collection":[{"href":"https:\/\/cardinal-tapes.com\/pl\/wp-json\/wp\/v2\/product"}],"about":[{"href":"https:\/\/cardinal-tapes.com\/pl\/wp-json\/wp\/v2\/types\/product"}],"wp:featuredmedia":[{"embeddable":true,"href":"https:\/\/cardinal-tapes.com\/pl\/wp-json\/wp\/v2\/media\/28222"}],"wp:attachment":[{"href":"https:\/\/cardinal-tapes.com\/pl\/wp-json\/wp\/v2\/media?parent=50415"}],"wp:term":[{"taxonomy":"pwb-brand","embeddable":true,"href":"https:\/\/cardinal-tapes.com\/pl\/wp-json\/wp\/v2\/pwb-brand?post=50415"},{"taxonomy":"product_brand","embeddable":true,"href":"https:\/\/cardinal-tapes.com\/pl\/wp-json\/wp\/v2\/product_brand?post=50415"},{"taxonomy":"product_cat","embeddable":true,"href":"https:\/\/cardinal-tapes.com\/pl\/wp-json\/wp\/v2\/product_cat?post=50415"},{"taxonomy":"product_tag","embeddable":true,"href":"https:\/\/cardinal-tapes.com\/pl\/wp-json\/wp\/v2\/product_tag?post=50415"}],"curies":[{"name":"wp","href":"https:\/\/api.w.org\/{rel}","templated":true}]}}