{"id":50413,"date":"2020-09-14T08:17:17","date_gmt":"2020-09-14T06:17:17","guid":{"rendered":"https:\/\/cardinal.pixel-tal.de\/klebebaender\/bez-kategorii\/tesafix-4964-dwustronna-tasma-samoprzylepna-z-podlozem-z-tkaniny\/"},"modified":"2023-06-05T17:08:18","modified_gmt":"2023-06-05T15:08:18","slug":"dwustronna-tasma-klejaca-tesafix-4964","status":"publish","type":"product","link":"https:\/\/cardinal-tapes.com\/pl\/ta\u015bmy-samoprzylepne\/obszary-zastosowan\/przemysl-elektryczny\/dwustronna-tasma-klejaca-tesafix-4964\/","title":{"rendered":"tesafix\u00ae 4964 Dwustronna ta\u015bma samoprzylepna z pod\u0142o\u017cem z tkaniny"},"content":{"rendered":"<p>Ta\u015bma <sup>tesafix\u00ae<\/sup> 4964 sk\u0142ada si\u0119 z odpornego na rozdarcie, elastycznego podk\u0142adu tkaninowego pokrytego z obu stron klejem kauczukowym. Ze wzgl\u0119du na bardzo wysoki poduszk\u0119 masow\u0105, produkt jest szczeg\u00f3lnie odpowiedni do klejenia na szorstkich powierzchniach, jak r\u00f3wnie\u017c na powierzchniach niepolarnych (PP, PE). <sup>tesafix\u00ae<\/sup> 4964 mo\u017cna \u0142atwo usun\u0105\u0107 ze wszystkich czystych i odpornych na szczeliny powierzchni.<\/p>\n<p><strong>W\u0142a\u015bciwo\u015bci<\/strong><br \/>\n&#8211; Ograniczona odporno\u015b\u0107 na starzenie i temperatur\u0119<\/p>\n<p><strong>Zastosowania<br \/>\n<\/strong><strong>&#8211; <\/strong>Ci\u0105g\u0142e klejenie wst\u0119g tkanin.<br \/>\n&#8211; Uk\u0142adanie wyk\u0142adziny.<br \/>\n&#8211; <strong>Ukryte <\/strong>wk\u0142adki do but\u00f3w i ochraniacze na pi\u0119ty.<\/p>\n","protected":false},"excerpt":{"rendered":"<p>Ta\u015bma tesafix\u00ae 4964 sk\u0142ada si\u0119 z odpornego na rozdarcie, elastycznego podk\u0142adu tkaninowego pokrytego z obu stron klejem kauczukowym. Ze wzgl\u0119du na bardzo wysoki poduszk\u0119 masow\u0105, produkt jest szczeg\u00f3lnie odpowiedni do klejenia na szorstkich powierzchniach, jak r\u00f3wnie\u017c na powierzchniach niepolarnych (PP, PE). tesafix\u00ae 4964 mo\u017cna \u0142atwo usun\u0105\u0107 ze wszystkich czystych i odpornych na szczeliny powierzchni. W\u0142a\u015bciwo\u015bci [&hellip;]<\/p>\n","protected":false},"featured_media":28310,"template":"","meta":{"_acf_changed":false},"pwb-brand":[2164],"product_brand":[],"product_cat":[1693,1814],"product_tag":[],"class_list":{"0":"post-50413","1":"product","2":"type-product","3":"status-publish","4":"has-post-thumbnail","6":"pwb-brand-tesa-pl","7":"product_cat-przemysl-elektryczny","8":"product_cat-tasmy-dwustronnie-klejace","10":"first","11":"instock","12":"taxable","13":"shipping-taxable","14":"purchasable","15":"product-type-variable"},"acf":[],"yoast_head":"<!-- This site is optimized with the Yoast SEO plugin v27.3 - https:\/\/yoast.com\/product\/yoast-seo-wordpress\/ -->\n<title>tesafix\u00ae 4964 Dwustronna ta\u015bma klej\u0105ca | Cardinal TAPES<\/title>\n<meta name=\"description\" content=\"Ta\u015bma tesafix\u00ae 4964 sk\u0142ada si\u0119 z odpornego na rozdarcie, elastycznego podk\u0142adu tkaninowego pokrytego z obu stron klejem kauczukowym.\" \/>\n<meta name=\"robots\" content=\"index, follow, max-snippet:-1, max-image-preview:large, max-video-preview:-1\" \/>\n<link rel=\"canonical\" href=\"https:\/\/cardinal-tapes.com\/pl\/ta\u015bmy-samoprzylepne\/obszary-zastosowan\/przemysl-elektryczny\/dwustronna-tasma-klejaca-tesafix-4964\/\" \/>\n<meta property=\"og:locale\" content=\"pl_PL\" \/>\n<meta property=\"og:type\" content=\"article\" \/>\n<meta property=\"og:title\" content=\"tesafix\u00ae 4964 Dwustronna ta\u015bma klej\u0105ca | Cardinal TAPES\" \/>\n<meta property=\"og:description\" content=\"Ta\u015bma tesafix\u00ae 4964 sk\u0142ada si\u0119 z odpornego na rozdarcie, elastycznego podk\u0142adu tkaninowego pokrytego z obu stron klejem kauczukowym.\" \/>\n<meta property=\"og:url\" content=\"https:\/\/cardinal-tapes.com\/pl\/ta\u015bmy-samoprzylepne\/obszary-zastosowan\/przemysl-elektryczny\/dwustronna-tasma-klejaca-tesafix-4964\/\" \/>\n<meta property=\"og:site_name\" content=\"cardinal TAPES\" \/>\n<meta property=\"article:modified_time\" content=\"2023-06-05T15:08:18+00:00\" \/>\n<meta property=\"og:image\" content=\"https:\/\/cardinal-tapes.com\/wp-content\/uploads\/tesa-4964-double-sided-tape-with-fabric-backing-white-049640007900-pr2032184_canvas1x1_5.jpg\" \/>\n\t<meta property=\"og:image:width\" content=\"501\" \/>\n\t<meta property=\"og:image:height\" content=\"501\" \/>\n\t<meta property=\"og:image:type\" content=\"image\/jpeg\" \/>\n<meta name=\"twitter:card\" content=\"summary_large_image\" \/>\n<script type=\"application\/ld+json\" class=\"yoast-schema-graph\">{\"@context\":\"https:\\\/\\\/schema.org\",\"@graph\":[{\"@type\":\"WebPage\",\"@id\":\"https:\\\/\\\/cardinal-tapes.com\\\/pl\\\/ta\u015bmy-samoprzylepne\\\/obszary-zastosowan\\\/przemysl-elektryczny\\\/dwustronna-tasma-klejaca-tesafix-4964\\\/\",\"url\":\"https:\\\/\\\/cardinal-tapes.com\\\/pl\\\/ta\u015bmy-samoprzylepne\\\/obszary-zastosowan\\\/przemysl-elektryczny\\\/dwustronna-tasma-klejaca-tesafix-4964\\\/\",\"name\":\"tesafix\u00ae 4964 Dwustronna ta\u015bma klej\u0105ca | Cardinal TAPES\",\"isPartOf\":{\"@id\":\"https:\\\/\\\/cardinal-tapes.com\\\/#website\"},\"primaryImageOfPage\":{\"@id\":\"https:\\\/\\\/cardinal-tapes.com\\\/pl\\\/ta\u015bmy-samoprzylepne\\\/obszary-zastosowan\\\/przemysl-elektryczny\\\/dwustronna-tasma-klejaca-tesafix-4964\\\/#primaryimage\"},\"image\":{\"@id\":\"https:\\\/\\\/cardinal-tapes.com\\\/pl\\\/ta\u015bmy-samoprzylepne\\\/obszary-zastosowan\\\/przemysl-elektryczny\\\/dwustronna-tasma-klejaca-tesafix-4964\\\/#primaryimage\"},\"thumbnailUrl\":\"https:\\\/\\\/cardinal-tapes.com\\\/wp-content\\\/uploads\\\/tesa-4964-double-sided-tape-with-fabric-backing-white-049640007900-pr2032184_canvas1x1_5.jpg\",\"datePublished\":\"2020-09-14T06:17:17+00:00\",\"dateModified\":\"2023-06-05T15:08:18+00:00\",\"description\":\"Ta\u015bma tesafix\u00ae 4964 sk\u0142ada si\u0119 z odpornego na rozdarcie, elastycznego podk\u0142adu tkaninowego pokrytego z obu stron klejem kauczukowym.\",\"breadcrumb\":{\"@id\":\"https:\\\/\\\/cardinal-tapes.com\\\/pl\\\/ta\u015bmy-samoprzylepne\\\/obszary-zastosowan\\\/przemysl-elektryczny\\\/dwustronna-tasma-klejaca-tesafix-4964\\\/#breadcrumb\"},\"inLanguage\":\"pl-PL\",\"potentialAction\":[{\"@type\":\"ReadAction\",\"target\":[\"https:\\\/\\\/cardinal-tapes.com\\\/pl\\\/ta\u015bmy-samoprzylepne\\\/obszary-zastosowan\\\/przemysl-elektryczny\\\/dwustronna-tasma-klejaca-tesafix-4964\\\/\"]}]},{\"@type\":\"ImageObject\",\"inLanguage\":\"pl-PL\",\"@id\":\"https:\\\/\\\/cardinal-tapes.com\\\/pl\\\/ta\u015bmy-samoprzylepne\\\/obszary-zastosowan\\\/przemysl-elektryczny\\\/dwustronna-tasma-klejaca-tesafix-4964\\\/#primaryimage\",\"url\":\"https:\\\/\\\/cardinal-tapes.com\\\/wp-content\\\/uploads\\\/tesa-4964-double-sided-tape-with-fabric-backing-white-049640007900-pr2032184_canvas1x1_5.jpg\",\"contentUrl\":\"https:\\\/\\\/cardinal-tapes.com\\\/wp-content\\\/uploads\\\/tesa-4964-double-sided-tape-with-fabric-backing-white-049640007900-pr2032184_canvas1x1_5.jpg\",\"width\":501,\"height\":501},{\"@type\":\"BreadcrumbList\",\"@id\":\"https:\\\/\\\/cardinal-tapes.com\\\/pl\\\/ta\u015bmy-samoprzylepne\\\/obszary-zastosowan\\\/przemysl-elektryczny\\\/dwustronna-tasma-klejaca-tesafix-4964\\\/#breadcrumb\",\"itemListElement\":[{\"@type\":\"ListItem\",\"position\":1,\"name\":\"Startseite\",\"item\":\"https:\\\/\\\/cardinal-tapes.com\\\/pl\\\/strona-glowna\\\/\"},{\"@type\":\"ListItem\",\"position\":2,\"name\":\"Ta\u015bmy samoprzylepne\",\"item\":\"https:\\\/\\\/cardinal-tapes.com\\\/pl\\\/tasmy-samoprzylepne-pl\\\/\"},{\"@type\":\"ListItem\",\"position\":3,\"name\":\"Doppelseitige Klebeb\u00e4nder\",\"item\":\"https:\\\/\\\/cardinal-tapes.com\\\/kategorie\\\/doppelseitige-klebebaender\\\/\"},{\"@type\":\"ListItem\",\"position\":4,\"name\":\"tesafix\u00ae 4964 Dwustronna ta\u015bma samoprzylepna z pod\u0142o\u017cem z tkaniny\"}]},{\"@type\":\"WebSite\",\"@id\":\"https:\\\/\\\/cardinal-tapes.com\\\/#website\",\"url\":\"https:\\\/\\\/cardinal-tapes.com\\\/\",\"name\":\"cardinal TAPES\",\"description\":\"Klebetechnik aus Wuppertal\",\"potentialAction\":[{\"@type\":\"SearchAction\",\"target\":{\"@type\":\"EntryPoint\",\"urlTemplate\":\"https:\\\/\\\/cardinal-tapes.com\\\/?s={search_term_string}\"},\"query-input\":{\"@type\":\"PropertyValueSpecification\",\"valueRequired\":true,\"valueName\":\"search_term_string\"}}],\"inLanguage\":\"pl-PL\"}]}<\/script>\n<!-- \/ Yoast SEO plugin. -->","yoast_head_json":{"title":"tesafix\u00ae 4964 Dwustronna ta\u015bma klej\u0105ca | Cardinal TAPES","description":"Ta\u015bma tesafix\u00ae 4964 sk\u0142ada si\u0119 z odpornego na rozdarcie, elastycznego podk\u0142adu tkaninowego pokrytego z obu stron klejem kauczukowym.","robots":{"index":"index","follow":"follow","max-snippet":"max-snippet:-1","max-image-preview":"max-image-preview:large","max-video-preview":"max-video-preview:-1"},"canonical":"https:\/\/cardinal-tapes.com\/pl\/ta\u015bmy-samoprzylepne\/obszary-zastosowan\/przemysl-elektryczny\/dwustronna-tasma-klejaca-tesafix-4964\/","og_locale":"pl_PL","og_type":"article","og_title":"tesafix\u00ae 4964 Dwustronna ta\u015bma klej\u0105ca | Cardinal TAPES","og_description":"Ta\u015bma tesafix\u00ae 4964 sk\u0142ada si\u0119 z odpornego na rozdarcie, elastycznego podk\u0142adu tkaninowego pokrytego z obu stron klejem kauczukowym.","og_url":"https:\/\/cardinal-tapes.com\/pl\/ta\u015bmy-samoprzylepne\/obszary-zastosowan\/przemysl-elektryczny\/dwustronna-tasma-klejaca-tesafix-4964\/","og_site_name":"cardinal TAPES","article_modified_time":"2023-06-05T15:08:18+00:00","og_image":[{"width":501,"height":501,"url":"https:\/\/cardinal-tapes.com\/wp-content\/uploads\/tesa-4964-double-sided-tape-with-fabric-backing-white-049640007900-pr2032184_canvas1x1_5.jpg","type":"image\/jpeg"}],"twitter_card":"summary_large_image","schema":{"@context":"https:\/\/schema.org","@graph":[{"@type":"WebPage","@id":"https:\/\/cardinal-tapes.com\/pl\/ta\u015bmy-samoprzylepne\/obszary-zastosowan\/przemysl-elektryczny\/dwustronna-tasma-klejaca-tesafix-4964\/","url":"https:\/\/cardinal-tapes.com\/pl\/ta\u015bmy-samoprzylepne\/obszary-zastosowan\/przemysl-elektryczny\/dwustronna-tasma-klejaca-tesafix-4964\/","name":"tesafix\u00ae 4964 Dwustronna ta\u015bma klej\u0105ca | Cardinal TAPES","isPartOf":{"@id":"https:\/\/cardinal-tapes.com\/#website"},"primaryImageOfPage":{"@id":"https:\/\/cardinal-tapes.com\/pl\/ta\u015bmy-samoprzylepne\/obszary-zastosowan\/przemysl-elektryczny\/dwustronna-tasma-klejaca-tesafix-4964\/#primaryimage"},"image":{"@id":"https:\/\/cardinal-tapes.com\/pl\/ta\u015bmy-samoprzylepne\/obszary-zastosowan\/przemysl-elektryczny\/dwustronna-tasma-klejaca-tesafix-4964\/#primaryimage"},"thumbnailUrl":"https:\/\/cardinal-tapes.com\/wp-content\/uploads\/tesa-4964-double-sided-tape-with-fabric-backing-white-049640007900-pr2032184_canvas1x1_5.jpg","datePublished":"2020-09-14T06:17:17+00:00","dateModified":"2023-06-05T15:08:18+00:00","description":"Ta\u015bma tesafix\u00ae 4964 sk\u0142ada si\u0119 z odpornego na rozdarcie, elastycznego podk\u0142adu tkaninowego pokrytego z obu stron klejem kauczukowym.","breadcrumb":{"@id":"https:\/\/cardinal-tapes.com\/pl\/ta\u015bmy-samoprzylepne\/obszary-zastosowan\/przemysl-elektryczny\/dwustronna-tasma-klejaca-tesafix-4964\/#breadcrumb"},"inLanguage":"pl-PL","potentialAction":[{"@type":"ReadAction","target":["https:\/\/cardinal-tapes.com\/pl\/ta\u015bmy-samoprzylepne\/obszary-zastosowan\/przemysl-elektryczny\/dwustronna-tasma-klejaca-tesafix-4964\/"]}]},{"@type":"ImageObject","inLanguage":"pl-PL","@id":"https:\/\/cardinal-tapes.com\/pl\/ta\u015bmy-samoprzylepne\/obszary-zastosowan\/przemysl-elektryczny\/dwustronna-tasma-klejaca-tesafix-4964\/#primaryimage","url":"https:\/\/cardinal-tapes.com\/wp-content\/uploads\/tesa-4964-double-sided-tape-with-fabric-backing-white-049640007900-pr2032184_canvas1x1_5.jpg","contentUrl":"https:\/\/cardinal-tapes.com\/wp-content\/uploads\/tesa-4964-double-sided-tape-with-fabric-backing-white-049640007900-pr2032184_canvas1x1_5.jpg","width":501,"height":501},{"@type":"BreadcrumbList","@id":"https:\/\/cardinal-tapes.com\/pl\/ta\u015bmy-samoprzylepne\/obszary-zastosowan\/przemysl-elektryczny\/dwustronna-tasma-klejaca-tesafix-4964\/#breadcrumb","itemListElement":[{"@type":"ListItem","position":1,"name":"Startseite","item":"https:\/\/cardinal-tapes.com\/pl\/strona-glowna\/"},{"@type":"ListItem","position":2,"name":"Ta\u015bmy samoprzylepne","item":"https:\/\/cardinal-tapes.com\/pl\/tasmy-samoprzylepne-pl\/"},{"@type":"ListItem","position":3,"name":"Doppelseitige Klebeb\u00e4nder","item":"https:\/\/cardinal-tapes.com\/kategorie\/doppelseitige-klebebaender\/"},{"@type":"ListItem","position":4,"name":"tesafix\u00ae 4964 Dwustronna ta\u015bma samoprzylepna z pod\u0142o\u017cem z tkaniny"}]},{"@type":"WebSite","@id":"https:\/\/cardinal-tapes.com\/#website","url":"https:\/\/cardinal-tapes.com\/","name":"cardinal TAPES","description":"Klebetechnik aus Wuppertal","potentialAction":[{"@type":"SearchAction","target":{"@type":"EntryPoint","urlTemplate":"https:\/\/cardinal-tapes.com\/?s={search_term_string}"},"query-input":{"@type":"PropertyValueSpecification","valueRequired":true,"valueName":"search_term_string"}}],"inLanguage":"pl-PL"}]}},"brands":[{"id":2164,"name":"tesa","slug":"tesa-pl"}],"_links":{"self":[{"href":"https:\/\/cardinal-tapes.com\/pl\/wp-json\/wp\/v2\/product\/50413","targetHints":{"allow":["GET"]}}],"collection":[{"href":"https:\/\/cardinal-tapes.com\/pl\/wp-json\/wp\/v2\/product"}],"about":[{"href":"https:\/\/cardinal-tapes.com\/pl\/wp-json\/wp\/v2\/types\/product"}],"wp:featuredmedia":[{"embeddable":true,"href":"https:\/\/cardinal-tapes.com\/pl\/wp-json\/wp\/v2\/media\/28310"}],"wp:attachment":[{"href":"https:\/\/cardinal-tapes.com\/pl\/wp-json\/wp\/v2\/media?parent=50413"}],"wp:term":[{"taxonomy":"pwb-brand","embeddable":true,"href":"https:\/\/cardinal-tapes.com\/pl\/wp-json\/wp\/v2\/pwb-brand?post=50413"},{"taxonomy":"product_brand","embeddable":true,"href":"https:\/\/cardinal-tapes.com\/pl\/wp-json\/wp\/v2\/product_brand?post=50413"},{"taxonomy":"product_cat","embeddable":true,"href":"https:\/\/cardinal-tapes.com\/pl\/wp-json\/wp\/v2\/product_cat?post=50413"},{"taxonomy":"product_tag","embeddable":true,"href":"https:\/\/cardinal-tapes.com\/pl\/wp-json\/wp\/v2\/product_tag?post=50413"}],"curies":[{"name":"wp","href":"https:\/\/api.w.org\/{rel}","templated":true}]}}