{"id":50401,"date":"2020-07-24T13:55:15","date_gmt":"2023-06-05T15:08:17","guid":{"rendered":"https:\/\/cardinal.pixel-tal.de\/klebebaender\/bez-kategorii\/tasma-sygnalowa-barierowa-tesa-58137\/"},"modified":"2025-07-02T13:07:14","modified_gmt":"2025-07-02T11:07:14","slug":"tesa-58137-signal-barrier-tape","status":"publish","type":"product","link":"https:\/\/cardinal-tapes.com\/pl\/ta\u015bmy-samoprzylepne\/uncategorized-pl\/tesa-58137-signal-barrier-tape\/","title":{"rendered":"Ta\u015bma sygna\u0142owa barierowa tesa\u00ae 58137"},"content":{"rendered":"<p>Nieprzylepna ta\u015bma ostrzegawcza <sup>tesa\u00ae<\/sup> jest obustronnie bia\u0142o-czerwona i ostrzega przed wchodzeniem do stref niebezpiecznych. Przy szeroko\u015bci 8 cm nie mo\u017cna przeoczy\u0107 pasma sygna\u0142u. Wytrzyma\u0142a ta\u015bma barierowa wykonana z folii PE jest odporna na promieniowanie UV przez co najmniej 3 miesi\u0105ce i dlatego nadaje si\u0119 r\u00f3wnie\u017c do d\u0142ugotrwa\u0142ego u\u017cytkowania.<\/p>\n<p><strong>Cechy<\/strong><br \/>\n&#8211; Wytrzyma\u0142a ta\u015bma barierowa wykonana z folii PE<br \/>\n&#8211; Nieprzylepna<br \/>\n&#8211; Nadruk czerwono-bia\u0142y po obu stronach<br \/>\n&#8211; Odporna na \u015bcieranie ta\u015bma sygnalizacyjna<br \/>\n&#8211; Odporna na promieniowanie UV przez 3 miesi\u0105ce<\/p>\n<p><strong>Zastosowania<\/strong><br \/>\n&#8211; Zastosowanie jako ta\u015bma sygnalizacyjna na placach budowy<br \/>\n&#8211; Etykietowanie i odgradzanie<\/p>\n","protected":false},"excerpt":{"rendered":"<p>Nieprzylepna ta\u015bma ostrzegawcza tesa\u00ae jest obustronnie bia\u0142o-czerwona i ostrzega przed wchodzeniem do stref niebezpiecznych. Przy szeroko\u015bci 8 cm nie mo\u017cna przeoczy\u0107 pasma sygna\u0142u. Wytrzyma\u0142a ta\u015bma barierowa wykonana z folii PE jest odporna na promieniowanie UV przez co najmniej 3 miesi\u0105ce i dlatego nadaje si\u0119 r\u00f3wnie\u017c do d\u0142ugotrwa\u0142ego u\u017cytkowania. Cechy &#8211; Wytrzyma\u0142a ta\u015bma barierowa wykonana z [&hellip;]<\/p>\n","protected":false},"featured_media":28290,"template":"","meta":{"_acf_changed":false},"pwb-brand":[2164],"product_brand":[],"product_cat":[1866],"product_tag":[],"class_list":{"0":"post-50401","1":"product","2":"type-product","3":"status-publish","4":"has-post-thumbnail","6":"pwb-brand-tesa-pl","7":"product_cat-uncategorized-pl","9":"first","10":"instock","11":"taxable","12":"shipping-taxable","13":"purchasable","14":"product-type-variable"},"acf":[],"yoast_head":"<!-- This site is optimized with the Yoast SEO plugin v27.3 - https:\/\/yoast.com\/product\/yoast-seo-wordpress\/ -->\n<title>Ta\u015bma ostrzegawcza tesa\u00ae 58137 | Cardinal TAPES<\/title>\n<meta name=\"description\" content=\"Czerwono-bia\u0142a ta\u015bma ostrzegawcza tesa\u00ae Signal Barrier jest nieprzylepna, wytrzyma\u0142a i idealna do wyznaczania stref niebezpiecznych.\" \/>\n<meta name=\"robots\" content=\"index, follow, max-snippet:-1, max-image-preview:large, max-video-preview:-1\" \/>\n<link rel=\"canonical\" href=\"https:\/\/cardinal-tapes.com\/pl\/ta\u015bmy-samoprzylepne\/uncategorized-pl\/tesa-58137-signal-barrier-tape\/\" \/>\n<meta property=\"og:locale\" content=\"pl_PL\" \/>\n<meta property=\"og:type\" content=\"article\" \/>\n<meta property=\"og:title\" content=\"Ta\u015bma ostrzegawcza tesa\u00ae 58137 | Cardinal TAPES\" \/>\n<meta property=\"og:description\" content=\"Czerwono-bia\u0142a ta\u015bma ostrzegawcza tesa\u00ae Signal Barrier jest nieprzylepna, wytrzyma\u0142a i idealna do wyznaczania stref niebezpiecznych.\" \/>\n<meta property=\"og:url\" content=\"https:\/\/cardinal-tapes.com\/pl\/ta\u015bmy-samoprzylepne\/uncategorized-pl\/tesa-58137-signal-barrier-tape\/\" \/>\n<meta property=\"og:site_name\" content=\"cardinal TAPES\" \/>\n<meta property=\"article:modified_time\" content=\"2025-07-02T11:07:14+00:00\" \/>\n<meta property=\"og:image\" content=\"https:\/\/cardinal-tapes.com\/wp-content\/uploads\/tesa-signal-non-adhesive-marking-tape-red-white-66m-x-50mm884072_padded16x9_9.jpg\" \/>\n\t<meta property=\"og:image:width\" content=\"928\" \/>\n\t<meta property=\"og:image:height\" content=\"522\" \/>\n\t<meta property=\"og:image:type\" content=\"image\/jpeg\" \/>\n<meta name=\"twitter:card\" content=\"summary_large_image\" \/>\n<meta name=\"twitter:label1\" content=\"Szacowany czas czytania\" \/>\n\t<meta name=\"twitter:data1\" content=\"1 minuta\" \/>\n<script type=\"application\/ld+json\" class=\"yoast-schema-graph\">{\"@context\":\"https:\\\/\\\/schema.org\",\"@graph\":[{\"@type\":\"WebPage\",\"@id\":\"https:\\\/\\\/cardinal-tapes.com\\\/pl\\\/ta\u015bmy-samoprzylepne\\\/uncategorized-pl\\\/tesa-58137-signal-barrier-tape\\\/\",\"url\":\"https:\\\/\\\/cardinal-tapes.com\\\/pl\\\/ta\u015bmy-samoprzylepne\\\/uncategorized-pl\\\/tesa-58137-signal-barrier-tape\\\/\",\"name\":\"Ta\u015bma ostrzegawcza tesa\u00ae 58137 | Cardinal TAPES\",\"isPartOf\":{\"@id\":\"https:\\\/\\\/cardinal-tapes.com\\\/#website\"},\"primaryImageOfPage\":{\"@id\":\"https:\\\/\\\/cardinal-tapes.com\\\/pl\\\/ta\u015bmy-samoprzylepne\\\/uncategorized-pl\\\/tesa-58137-signal-barrier-tape\\\/#primaryimage\"},\"image\":{\"@id\":\"https:\\\/\\\/cardinal-tapes.com\\\/pl\\\/ta\u015bmy-samoprzylepne\\\/uncategorized-pl\\\/tesa-58137-signal-barrier-tape\\\/#primaryimage\"},\"thumbnailUrl\":\"https:\\\/\\\/cardinal-tapes.com\\\/wp-content\\\/uploads\\\/tesa-signal-non-adhesive-marking-tape-red-white-66m-x-50mm884072_padded16x9_9.jpg\",\"datePublished\":\"2023-06-05T15:08:17+00:00\",\"dateModified\":\"2025-07-02T11:07:14+00:00\",\"description\":\"Czerwono-bia\u0142a ta\u015bma ostrzegawcza tesa\u00ae Signal Barrier jest nieprzylepna, wytrzyma\u0142a i idealna do wyznaczania stref niebezpiecznych.\",\"breadcrumb\":{\"@id\":\"https:\\\/\\\/cardinal-tapes.com\\\/pl\\\/ta\u015bmy-samoprzylepne\\\/uncategorized-pl\\\/tesa-58137-signal-barrier-tape\\\/#breadcrumb\"},\"inLanguage\":\"pl-PL\",\"potentialAction\":[{\"@type\":\"ReadAction\",\"target\":[\"https:\\\/\\\/cardinal-tapes.com\\\/pl\\\/ta\u015bmy-samoprzylepne\\\/uncategorized-pl\\\/tesa-58137-signal-barrier-tape\\\/\"]}]},{\"@type\":\"ImageObject\",\"inLanguage\":\"pl-PL\",\"@id\":\"https:\\\/\\\/cardinal-tapes.com\\\/pl\\\/ta\u015bmy-samoprzylepne\\\/uncategorized-pl\\\/tesa-58137-signal-barrier-tape\\\/#primaryimage\",\"url\":\"https:\\\/\\\/cardinal-tapes.com\\\/wp-content\\\/uploads\\\/tesa-signal-non-adhesive-marking-tape-red-white-66m-x-50mm884072_padded16x9_9.jpg\",\"contentUrl\":\"https:\\\/\\\/cardinal-tapes.com\\\/wp-content\\\/uploads\\\/tesa-signal-non-adhesive-marking-tape-red-white-66m-x-50mm884072_padded16x9_9.jpg\",\"width\":928,\"height\":522},{\"@type\":\"BreadcrumbList\",\"@id\":\"https:\\\/\\\/cardinal-tapes.com\\\/pl\\\/ta\u015bmy-samoprzylepne\\\/uncategorized-pl\\\/tesa-58137-signal-barrier-tape\\\/#breadcrumb\",\"itemListElement\":[{\"@type\":\"ListItem\",\"position\":1,\"name\":\"Startseite\",\"item\":\"https:\\\/\\\/cardinal-tapes.com\\\/pl\\\/strona-glowna\\\/\"},{\"@type\":\"ListItem\",\"position\":2,\"name\":\"Ta\u015bmy samoprzylepne\",\"item\":\"https:\\\/\\\/cardinal-tapes.com\\\/pl\\\/tasmy-samoprzylepne-pl\\\/\"},{\"@type\":\"ListItem\",\"position\":3,\"name\":\"Doppelseitige Klebeb\u00e4nder\",\"item\":\"https:\\\/\\\/cardinal-tapes.com\\\/kategorie\\\/doppelseitige-klebebaender\\\/\"},{\"@type\":\"ListItem\",\"position\":4,\"name\":\"Ta\u015bma sygna\u0142owa barierowa tesa\u00ae 58137\"}]},{\"@type\":\"WebSite\",\"@id\":\"https:\\\/\\\/cardinal-tapes.com\\\/#website\",\"url\":\"https:\\\/\\\/cardinal-tapes.com\\\/\",\"name\":\"cardinal TAPES\",\"description\":\"Klebetechnik aus Wuppertal\",\"potentialAction\":[{\"@type\":\"SearchAction\",\"target\":{\"@type\":\"EntryPoint\",\"urlTemplate\":\"https:\\\/\\\/cardinal-tapes.com\\\/?s={search_term_string}\"},\"query-input\":{\"@type\":\"PropertyValueSpecification\",\"valueRequired\":true,\"valueName\":\"search_term_string\"}}],\"inLanguage\":\"pl-PL\"}]}<\/script>\n<!-- \/ Yoast SEO plugin. -->","yoast_head_json":{"title":"Ta\u015bma ostrzegawcza tesa\u00ae 58137 | Cardinal TAPES","description":"Czerwono-bia\u0142a ta\u015bma ostrzegawcza tesa\u00ae Signal Barrier jest nieprzylepna, wytrzyma\u0142a i idealna do wyznaczania stref niebezpiecznych.","robots":{"index":"index","follow":"follow","max-snippet":"max-snippet:-1","max-image-preview":"max-image-preview:large","max-video-preview":"max-video-preview:-1"},"canonical":"https:\/\/cardinal-tapes.com\/pl\/ta\u015bmy-samoprzylepne\/uncategorized-pl\/tesa-58137-signal-barrier-tape\/","og_locale":"pl_PL","og_type":"article","og_title":"Ta\u015bma ostrzegawcza tesa\u00ae 58137 | Cardinal TAPES","og_description":"Czerwono-bia\u0142a ta\u015bma ostrzegawcza tesa\u00ae Signal Barrier jest nieprzylepna, wytrzyma\u0142a i idealna do wyznaczania stref niebezpiecznych.","og_url":"https:\/\/cardinal-tapes.com\/pl\/ta\u015bmy-samoprzylepne\/uncategorized-pl\/tesa-58137-signal-barrier-tape\/","og_site_name":"cardinal TAPES","article_modified_time":"2025-07-02T11:07:14+00:00","og_image":[{"width":928,"height":522,"url":"https:\/\/cardinal-tapes.com\/wp-content\/uploads\/tesa-signal-non-adhesive-marking-tape-red-white-66m-x-50mm884072_padded16x9_9.jpg","type":"image\/jpeg"}],"twitter_card":"summary_large_image","twitter_misc":{"Szacowany czas czytania":"1 minuta"},"schema":{"@context":"https:\/\/schema.org","@graph":[{"@type":"WebPage","@id":"https:\/\/cardinal-tapes.com\/pl\/ta\u015bmy-samoprzylepne\/uncategorized-pl\/tesa-58137-signal-barrier-tape\/","url":"https:\/\/cardinal-tapes.com\/pl\/ta\u015bmy-samoprzylepne\/uncategorized-pl\/tesa-58137-signal-barrier-tape\/","name":"Ta\u015bma ostrzegawcza tesa\u00ae 58137 | Cardinal TAPES","isPartOf":{"@id":"https:\/\/cardinal-tapes.com\/#website"},"primaryImageOfPage":{"@id":"https:\/\/cardinal-tapes.com\/pl\/ta\u015bmy-samoprzylepne\/uncategorized-pl\/tesa-58137-signal-barrier-tape\/#primaryimage"},"image":{"@id":"https:\/\/cardinal-tapes.com\/pl\/ta\u015bmy-samoprzylepne\/uncategorized-pl\/tesa-58137-signal-barrier-tape\/#primaryimage"},"thumbnailUrl":"https:\/\/cardinal-tapes.com\/wp-content\/uploads\/tesa-signal-non-adhesive-marking-tape-red-white-66m-x-50mm884072_padded16x9_9.jpg","datePublished":"2023-06-05T15:08:17+00:00","dateModified":"2025-07-02T11:07:14+00:00","description":"Czerwono-bia\u0142a ta\u015bma ostrzegawcza tesa\u00ae Signal Barrier jest nieprzylepna, wytrzyma\u0142a i idealna do wyznaczania stref niebezpiecznych.","breadcrumb":{"@id":"https:\/\/cardinal-tapes.com\/pl\/ta\u015bmy-samoprzylepne\/uncategorized-pl\/tesa-58137-signal-barrier-tape\/#breadcrumb"},"inLanguage":"pl-PL","potentialAction":[{"@type":"ReadAction","target":["https:\/\/cardinal-tapes.com\/pl\/ta\u015bmy-samoprzylepne\/uncategorized-pl\/tesa-58137-signal-barrier-tape\/"]}]},{"@type":"ImageObject","inLanguage":"pl-PL","@id":"https:\/\/cardinal-tapes.com\/pl\/ta\u015bmy-samoprzylepne\/uncategorized-pl\/tesa-58137-signal-barrier-tape\/#primaryimage","url":"https:\/\/cardinal-tapes.com\/wp-content\/uploads\/tesa-signal-non-adhesive-marking-tape-red-white-66m-x-50mm884072_padded16x9_9.jpg","contentUrl":"https:\/\/cardinal-tapes.com\/wp-content\/uploads\/tesa-signal-non-adhesive-marking-tape-red-white-66m-x-50mm884072_padded16x9_9.jpg","width":928,"height":522},{"@type":"BreadcrumbList","@id":"https:\/\/cardinal-tapes.com\/pl\/ta\u015bmy-samoprzylepne\/uncategorized-pl\/tesa-58137-signal-barrier-tape\/#breadcrumb","itemListElement":[{"@type":"ListItem","position":1,"name":"Startseite","item":"https:\/\/cardinal-tapes.com\/pl\/strona-glowna\/"},{"@type":"ListItem","position":2,"name":"Ta\u015bmy samoprzylepne","item":"https:\/\/cardinal-tapes.com\/pl\/tasmy-samoprzylepne-pl\/"},{"@type":"ListItem","position":3,"name":"Doppelseitige Klebeb\u00e4nder","item":"https:\/\/cardinal-tapes.com\/kategorie\/doppelseitige-klebebaender\/"},{"@type":"ListItem","position":4,"name":"Ta\u015bma sygna\u0142owa barierowa tesa\u00ae 58137"}]},{"@type":"WebSite","@id":"https:\/\/cardinal-tapes.com\/#website","url":"https:\/\/cardinal-tapes.com\/","name":"cardinal TAPES","description":"Klebetechnik aus Wuppertal","potentialAction":[{"@type":"SearchAction","target":{"@type":"EntryPoint","urlTemplate":"https:\/\/cardinal-tapes.com\/?s={search_term_string}"},"query-input":{"@type":"PropertyValueSpecification","valueRequired":true,"valueName":"search_term_string"}}],"inLanguage":"pl-PL"}]}},"brands":[{"id":2164,"name":"tesa","slug":"tesa-pl"}],"_links":{"self":[{"href":"https:\/\/cardinal-tapes.com\/pl\/wp-json\/wp\/v2\/product\/50401","targetHints":{"allow":["GET"]}}],"collection":[{"href":"https:\/\/cardinal-tapes.com\/pl\/wp-json\/wp\/v2\/product"}],"about":[{"href":"https:\/\/cardinal-tapes.com\/pl\/wp-json\/wp\/v2\/types\/product"}],"wp:featuredmedia":[{"embeddable":true,"href":"https:\/\/cardinal-tapes.com\/pl\/wp-json\/wp\/v2\/media\/28290"}],"wp:attachment":[{"href":"https:\/\/cardinal-tapes.com\/pl\/wp-json\/wp\/v2\/media?parent=50401"}],"wp:term":[{"taxonomy":"pwb-brand","embeddable":true,"href":"https:\/\/cardinal-tapes.com\/pl\/wp-json\/wp\/v2\/pwb-brand?post=50401"},{"taxonomy":"product_brand","embeddable":true,"href":"https:\/\/cardinal-tapes.com\/pl\/wp-json\/wp\/v2\/product_brand?post=50401"},{"taxonomy":"product_cat","embeddable":true,"href":"https:\/\/cardinal-tapes.com\/pl\/wp-json\/wp\/v2\/product_cat?post=50401"},{"taxonomy":"product_tag","embeddable":true,"href":"https:\/\/cardinal-tapes.com\/pl\/wp-json\/wp\/v2\/product_tag?post=50401"}],"curies":[{"name":"wp","href":"https:\/\/api.w.org\/{rel}","templated":true}]}}