{"id":50379,"date":"2020-07-23T11:27:45","date_gmt":"2023-06-05T15:08:16","guid":{"rendered":"https:\/\/cardinal.pixel-tal.de\/klebebaender\/bez-kategorii\/dozownik-do-rak-tesa-6005\/"},"modified":"2023-06-05T17:08:16","modified_gmt":"2023-06-05T15:08:16","slug":"tesa-6005-reczny-dyspenser-kopiarka","status":"publish","type":"product","link":"https:\/\/cardinal-tapes.com\/pl\/ta\u015bmy-samoprzylepne\/obszary-zastosowan\/sektor-transportowy\/tesa-6005-reczny-dyspenser-kopiarka\/","title":{"rendered":"Dozownik do r\u0105k tesa\u00ae 6005"},"content":{"rendered":"<p>Dyspenser r\u0119czny <sup>tesa\u00ae<\/sup> 6005 to bardzo wytrzyma\u0142y i profesjonalny dyspenser r\u0119czny do przetwarzania ta\u015bm pakowych <sup>tesa\u00ae<\/sup> o szeroko\u015bci do 25 mm. Do obr\u00f3bki ta\u015bm samoprzylepnych <span class=\"lowercase\">tesa <\/span><sup>pack\u00ae<\/sup> o szeroko\u015bci do 25 mm i maks. \u015arednica rolki 170 mm.<\/p>\n<p><strong>W\u0142a\u015bciwo\u015bci<\/strong><br \/>\n&#8211; R\u0119cznie regulowany hamulec rolkowy<br \/>\n&#8211; Ukryty n\u00f3\u017c (ochrona przed obra\u017ceniami)<br \/>\n&#8211; 2 rolki dociskowe u\u0142atwiaj\u0105ce obs\u0142ug\u0119<br \/>\n&#8211; Spust ostrza do zwalniania no\u017ca<\/p>\n<p><strong>Zastosowania<\/strong><br \/>\n&#8211; Do przetwarzania ta\u015bm samoprzylepnych <sup>tesapack\u00ae<\/sup> o szeroko\u015bci do 25 mm i maks. \u015arednica rolki 170 mm.<\/p>\n","protected":false},"excerpt":{"rendered":"<p>Dyspenser r\u0119czny tesa\u00ae 6005 to bardzo wytrzyma\u0142y i profesjonalny dyspenser r\u0119czny do przetwarzania ta\u015bm pakowych tesa\u00ae o szeroko\u015bci do 25 mm. Do obr\u00f3bki ta\u015bm samoprzylepnych tesa pack\u00ae o szeroko\u015bci do 25 mm i maks. \u015arednica rolki 170 mm. W\u0142a\u015bciwo\u015bci &#8211; R\u0119cznie regulowany hamulec rolkowy &#8211; Ukryty n\u00f3\u017c (ochrona przed obra\u017ceniami) &#8211; 2 rolki dociskowe u\u0142atwiaj\u0105ce [&hellip;]<\/p>\n","protected":false},"featured_media":28274,"template":"","meta":{"_acf_changed":false},"pwb-brand":[2164],"product_brand":[],"product_cat":[1792,1816,1867],"product_tag":[],"class_list":{"0":"post-50379","1":"product","2":"type-product","3":"status-publish","4":"has-post-thumbnail","6":"pwb-brand-tesa-pl","7":"product_cat-sektor-transportowy","8":"product_cat-jednostronne-tasmy-samoprzylepne","9":"product_cat-systemy-pakowania","11":"first","12":"instock","13":"taxable","14":"shipping-taxable","15":"purchasable","16":"product-type-variable"},"acf":[],"yoast_head":"<!-- This site is optimized with the Yoast SEO plugin v27.3 - https:\/\/yoast.com\/product\/yoast-seo-wordpress\/ -->\n<title>Tesa 6005 Dozownik do r\u0105k | Cardinal TAPES<\/title>\n<meta name=\"description\" content=\"Dyspenser r\u0119czny tesa\u00ae 6005 to bardzo wytrzyma\u0142y i profesjonalny dyspenser r\u0119czny do przetwarzania ta\u015bm pakowych tesa\u00ae o szeroko\u015bci do 25 mm.Do przetwarzania ta\u015bm samoprzylepnych tesa pack\u00ae o szeroko\u015bci do 25 mm i maks. \u015arednica rolki 170 mm.\" \/>\n<meta name=\"robots\" content=\"index, follow, max-snippet:-1, max-image-preview:large, max-video-preview:-1\" \/>\n<link rel=\"canonical\" href=\"https:\/\/cardinal-tapes.com\/pl\/ta\u015bmy-samoprzylepne\/sektor-transportowy\/tesa-6005-reczny-dyspenser-kopiarka\/\" \/>\n<meta property=\"og:locale\" content=\"pl_PL\" \/>\n<meta property=\"og:type\" content=\"article\" \/>\n<meta property=\"og:title\" content=\"Tesa 6005 Dozownik do r\u0105k | Cardinal TAPES\" \/>\n<meta property=\"og:description\" content=\"Dyspenser r\u0119czny tesa\u00ae 6005 to bardzo wytrzyma\u0142y i profesjonalny dyspenser r\u0119czny do przetwarzania ta\u015bm pakowych tesa\u00ae o szeroko\u015bci do 25 mm.Do przetwarzania ta\u015bm samoprzylepnych tesa pack\u00ae o szeroko\u015bci do 25 mm i maks. \u015arednica rolki 170 mm.\" \/>\n<meta property=\"og:url\" content=\"https:\/\/cardinal-tapes.com\/pl\/ta\u015bmy-samoprzylepne\/sektor-transportowy\/tesa-6005-reczny-dyspenser-kopiarka\/\" \/>\n<meta property=\"og:site_name\" content=\"cardinal TAPES\" \/>\n<meta property=\"og:image\" content=\"https:\/\/cardinal-tapes.com\/wp-content\/uploads\/tesa-06005-pr-002-fullsize172677_canvas1x1_6.jpg\" \/>\n\t<meta property=\"og:image:width\" content=\"480\" \/>\n\t<meta property=\"og:image:height\" content=\"640\" \/>\n\t<meta property=\"og:image:type\" content=\"image\/jpeg\" \/>\n<meta name=\"twitter:card\" content=\"summary_large_image\" \/>\n<script type=\"application\/ld+json\" class=\"yoast-schema-graph\">{\"@context\":\"https:\\\/\\\/schema.org\",\"@graph\":[{\"@type\":\"WebPage\",\"@id\":\"https:\\\/\\\/cardinal-tapes.com\\\/pl\\\/ta\u015bmy-samoprzylepne\\\/sektor-transportowy\\\/tesa-6005-reczny-dyspenser-kopiarka\\\/\",\"url\":\"https:\\\/\\\/cardinal-tapes.com\\\/pl\\\/ta\u015bmy-samoprzylepne\\\/sektor-transportowy\\\/tesa-6005-reczny-dyspenser-kopiarka\\\/\",\"name\":\"Tesa 6005 Dozownik do r\u0105k | Cardinal TAPES\",\"isPartOf\":{\"@id\":\"https:\\\/\\\/cardinal-tapes.com\\\/#website\"},\"primaryImageOfPage\":{\"@id\":\"https:\\\/\\\/cardinal-tapes.com\\\/pl\\\/ta\u015bmy-samoprzylepne\\\/sektor-transportowy\\\/tesa-6005-reczny-dyspenser-kopiarka\\\/#primaryimage\"},\"image\":{\"@id\":\"https:\\\/\\\/cardinal-tapes.com\\\/pl\\\/ta\u015bmy-samoprzylepne\\\/sektor-transportowy\\\/tesa-6005-reczny-dyspenser-kopiarka\\\/#primaryimage\"},\"thumbnailUrl\":\"https:\\\/\\\/cardinal-tapes.com\\\/wp-content\\\/uploads\\\/tesa-06005-pr-002-fullsize172677_canvas1x1_6.jpg\",\"datePublished\":\"2023-06-05T15:08:16+00:00\",\"description\":\"Dyspenser r\u0119czny tesa\u00ae 6005 to bardzo wytrzyma\u0142y i profesjonalny dyspenser r\u0119czny do przetwarzania ta\u015bm pakowych tesa\u00ae o szeroko\u015bci do 25 mm.Do przetwarzania ta\u015bm samoprzylepnych tesa pack\u00ae o szeroko\u015bci do 25 mm i maks. \u015arednica rolki 170 mm.\",\"breadcrumb\":{\"@id\":\"https:\\\/\\\/cardinal-tapes.com\\\/pl\\\/ta\u015bmy-samoprzylepne\\\/sektor-transportowy\\\/tesa-6005-reczny-dyspenser-kopiarka\\\/#breadcrumb\"},\"inLanguage\":\"pl-PL\",\"potentialAction\":[{\"@type\":\"ReadAction\",\"target\":[\"https:\\\/\\\/cardinal-tapes.com\\\/pl\\\/ta\u015bmy-samoprzylepne\\\/sektor-transportowy\\\/tesa-6005-reczny-dyspenser-kopiarka\\\/\"]}]},{\"@type\":\"ImageObject\",\"inLanguage\":\"pl-PL\",\"@id\":\"https:\\\/\\\/cardinal-tapes.com\\\/pl\\\/ta\u015bmy-samoprzylepne\\\/sektor-transportowy\\\/tesa-6005-reczny-dyspenser-kopiarka\\\/#primaryimage\",\"url\":\"https:\\\/\\\/cardinal-tapes.com\\\/wp-content\\\/uploads\\\/tesa-06005-pr-002-fullsize172677_canvas1x1_6.jpg\",\"contentUrl\":\"https:\\\/\\\/cardinal-tapes.com\\\/wp-content\\\/uploads\\\/tesa-06005-pr-002-fullsize172677_canvas1x1_6.jpg\",\"width\":480,\"height\":640},{\"@type\":\"BreadcrumbList\",\"@id\":\"https:\\\/\\\/cardinal-tapes.com\\\/pl\\\/ta\u015bmy-samoprzylepne\\\/sektor-transportowy\\\/tesa-6005-reczny-dyspenser-kopiarka\\\/#breadcrumb\",\"itemListElement\":[{\"@type\":\"ListItem\",\"position\":1,\"name\":\"Startseite\",\"item\":\"https:\\\/\\\/cardinal-tapes.com\\\/pl\\\/strona-glowna\\\/\"},{\"@type\":\"ListItem\",\"position\":2,\"name\":\"Ta\u015bmy samoprzylepne\",\"item\":\"https:\\\/\\\/cardinal-tapes.com\\\/pl\\\/tasmy-samoprzylepne-pl\\\/\"},{\"@type\":\"ListItem\",\"position\":3,\"name\":\"Sektor transportowy\",\"item\":\"https:\\\/\\\/cardinal-tapes.com\\\/pl\\\/kategoria\\\/sektor-transportowy\\\/\"},{\"@type\":\"ListItem\",\"position\":4,\"name\":\"Dozownik do r\u0105k tesa\u00ae 6005\"}]},{\"@type\":\"WebSite\",\"@id\":\"https:\\\/\\\/cardinal-tapes.com\\\/#website\",\"url\":\"https:\\\/\\\/cardinal-tapes.com\\\/\",\"name\":\"cardinal TAPES\",\"description\":\"Klebetechnik aus Wuppertal\",\"potentialAction\":[{\"@type\":\"SearchAction\",\"target\":{\"@type\":\"EntryPoint\",\"urlTemplate\":\"https:\\\/\\\/cardinal-tapes.com\\\/?s={search_term_string}\"},\"query-input\":{\"@type\":\"PropertyValueSpecification\",\"valueRequired\":true,\"valueName\":\"search_term_string\"}}],\"inLanguage\":\"pl-PL\"}]}<\/script>\n<!-- \/ Yoast SEO plugin. -->","yoast_head_json":{"title":"Tesa 6005 Dozownik do r\u0105k | Cardinal TAPES","description":"Dyspenser r\u0119czny tesa\u00ae 6005 to bardzo wytrzyma\u0142y i profesjonalny dyspenser r\u0119czny do przetwarzania ta\u015bm pakowych tesa\u00ae o szeroko\u015bci do 25 mm.Do przetwarzania ta\u015bm samoprzylepnych tesa pack\u00ae o szeroko\u015bci do 25 mm i maks. \u015arednica rolki 170 mm.","robots":{"index":"index","follow":"follow","max-snippet":"max-snippet:-1","max-image-preview":"max-image-preview:large","max-video-preview":"max-video-preview:-1"},"canonical":"https:\/\/cardinal-tapes.com\/pl\/ta\u015bmy-samoprzylepne\/sektor-transportowy\/tesa-6005-reczny-dyspenser-kopiarka\/","og_locale":"pl_PL","og_type":"article","og_title":"Tesa 6005 Dozownik do r\u0105k | Cardinal TAPES","og_description":"Dyspenser r\u0119czny tesa\u00ae 6005 to bardzo wytrzyma\u0142y i profesjonalny dyspenser r\u0119czny do przetwarzania ta\u015bm pakowych tesa\u00ae o szeroko\u015bci do 25 mm.Do przetwarzania ta\u015bm samoprzylepnych tesa pack\u00ae o szeroko\u015bci do 25 mm i maks. \u015arednica rolki 170 mm.","og_url":"https:\/\/cardinal-tapes.com\/pl\/ta\u015bmy-samoprzylepne\/sektor-transportowy\/tesa-6005-reczny-dyspenser-kopiarka\/","og_site_name":"cardinal TAPES","og_image":[{"width":480,"height":640,"url":"https:\/\/cardinal-tapes.com\/wp-content\/uploads\/tesa-06005-pr-002-fullsize172677_canvas1x1_6.jpg","type":"image\/jpeg"}],"twitter_card":"summary_large_image","schema":{"@context":"https:\/\/schema.org","@graph":[{"@type":"WebPage","@id":"https:\/\/cardinal-tapes.com\/pl\/ta\u015bmy-samoprzylepne\/sektor-transportowy\/tesa-6005-reczny-dyspenser-kopiarka\/","url":"https:\/\/cardinal-tapes.com\/pl\/ta\u015bmy-samoprzylepne\/sektor-transportowy\/tesa-6005-reczny-dyspenser-kopiarka\/","name":"Tesa 6005 Dozownik do r\u0105k | Cardinal TAPES","isPartOf":{"@id":"https:\/\/cardinal-tapes.com\/#website"},"primaryImageOfPage":{"@id":"https:\/\/cardinal-tapes.com\/pl\/ta\u015bmy-samoprzylepne\/sektor-transportowy\/tesa-6005-reczny-dyspenser-kopiarka\/#primaryimage"},"image":{"@id":"https:\/\/cardinal-tapes.com\/pl\/ta\u015bmy-samoprzylepne\/sektor-transportowy\/tesa-6005-reczny-dyspenser-kopiarka\/#primaryimage"},"thumbnailUrl":"https:\/\/cardinal-tapes.com\/wp-content\/uploads\/tesa-06005-pr-002-fullsize172677_canvas1x1_6.jpg","datePublished":"2023-06-05T15:08:16+00:00","description":"Dyspenser r\u0119czny tesa\u00ae 6005 to bardzo wytrzyma\u0142y i profesjonalny dyspenser r\u0119czny do przetwarzania ta\u015bm pakowych tesa\u00ae o szeroko\u015bci do 25 mm.Do przetwarzania ta\u015bm samoprzylepnych tesa pack\u00ae o szeroko\u015bci do 25 mm i maks. \u015arednica rolki 170 mm.","breadcrumb":{"@id":"https:\/\/cardinal-tapes.com\/pl\/ta\u015bmy-samoprzylepne\/sektor-transportowy\/tesa-6005-reczny-dyspenser-kopiarka\/#breadcrumb"},"inLanguage":"pl-PL","potentialAction":[{"@type":"ReadAction","target":["https:\/\/cardinal-tapes.com\/pl\/ta\u015bmy-samoprzylepne\/sektor-transportowy\/tesa-6005-reczny-dyspenser-kopiarka\/"]}]},{"@type":"ImageObject","inLanguage":"pl-PL","@id":"https:\/\/cardinal-tapes.com\/pl\/ta\u015bmy-samoprzylepne\/sektor-transportowy\/tesa-6005-reczny-dyspenser-kopiarka\/#primaryimage","url":"https:\/\/cardinal-tapes.com\/wp-content\/uploads\/tesa-06005-pr-002-fullsize172677_canvas1x1_6.jpg","contentUrl":"https:\/\/cardinal-tapes.com\/wp-content\/uploads\/tesa-06005-pr-002-fullsize172677_canvas1x1_6.jpg","width":480,"height":640},{"@type":"BreadcrumbList","@id":"https:\/\/cardinal-tapes.com\/pl\/ta\u015bmy-samoprzylepne\/sektor-transportowy\/tesa-6005-reczny-dyspenser-kopiarka\/#breadcrumb","itemListElement":[{"@type":"ListItem","position":1,"name":"Startseite","item":"https:\/\/cardinal-tapes.com\/pl\/strona-glowna\/"},{"@type":"ListItem","position":2,"name":"Ta\u015bmy samoprzylepne","item":"https:\/\/cardinal-tapes.com\/pl\/tasmy-samoprzylepne-pl\/"},{"@type":"ListItem","position":3,"name":"Sektor transportowy","item":"https:\/\/cardinal-tapes.com\/pl\/kategoria\/sektor-transportowy\/"},{"@type":"ListItem","position":4,"name":"Dozownik do r\u0105k tesa\u00ae 6005"}]},{"@type":"WebSite","@id":"https:\/\/cardinal-tapes.com\/#website","url":"https:\/\/cardinal-tapes.com\/","name":"cardinal TAPES","description":"Klebetechnik aus Wuppertal","potentialAction":[{"@type":"SearchAction","target":{"@type":"EntryPoint","urlTemplate":"https:\/\/cardinal-tapes.com\/?s={search_term_string}"},"query-input":{"@type":"PropertyValueSpecification","valueRequired":true,"valueName":"search_term_string"}}],"inLanguage":"pl-PL"}]}},"brands":[{"id":2164,"name":"tesa","slug":"tesa-pl"}],"_links":{"self":[{"href":"https:\/\/cardinal-tapes.com\/pl\/wp-json\/wp\/v2\/product\/50379","targetHints":{"allow":["GET"]}}],"collection":[{"href":"https:\/\/cardinal-tapes.com\/pl\/wp-json\/wp\/v2\/product"}],"about":[{"href":"https:\/\/cardinal-tapes.com\/pl\/wp-json\/wp\/v2\/types\/product"}],"wp:featuredmedia":[{"embeddable":true,"href":"https:\/\/cardinal-tapes.com\/pl\/wp-json\/wp\/v2\/media\/28274"}],"wp:attachment":[{"href":"https:\/\/cardinal-tapes.com\/pl\/wp-json\/wp\/v2\/media?parent=50379"}],"wp:term":[{"taxonomy":"pwb-brand","embeddable":true,"href":"https:\/\/cardinal-tapes.com\/pl\/wp-json\/wp\/v2\/pwb-brand?post=50379"},{"taxonomy":"product_brand","embeddable":true,"href":"https:\/\/cardinal-tapes.com\/pl\/wp-json\/wp\/v2\/product_brand?post=50379"},{"taxonomy":"product_cat","embeddable":true,"href":"https:\/\/cardinal-tapes.com\/pl\/wp-json\/wp\/v2\/product_cat?post=50379"},{"taxonomy":"product_tag","embeddable":true,"href":"https:\/\/cardinal-tapes.com\/pl\/wp-json\/wp\/v2\/product_tag?post=50379"}],"curies":[{"name":"wp","href":"https:\/\/api.w.org\/{rel}","templated":true}]}}