{"id":50031,"date":"2020-10-08T09:42:50","date_gmt":"2020-10-08T07:42:50","guid":{"rendered":"https:\/\/cardinal.pixel-tal.de\/klebebaender\/bez-kategorii\/tesakrepp-4434-skora-slonia\/"},"modified":"2023-06-05T17:08:02","modified_gmt":"2023-06-05T15:08:02","slug":"tesakrepp-4434-elephant-skin","status":"publish","type":"product","link":"https:\/\/cardinal-tapes.com\/pl\/ta\u015bmy-samoprzylepne\/obszary-zastosowan\/branza-budowlana\/tesakrepp-4434-elephant-skin\/","title":{"rendered":"tesakrepp\u00ae 4434 sk\u00f3ra s\u0142onia"},"content":{"rendered":"<p><sup>tesakrepp\u00ae<\/sup> 4434 to specjalna ta\u015bma maskuj\u0105ca z mocnym, niezwykle odpornym podk\u0142adem papierowym. Charakteryzuje si\u0119 r\u00f3wnie\u017c wysok\u0105 si\u0142\u0105 klejenia nawet na krytycznych pod\u0142o\u017cach.<br \/>\nProdukt mo\u017cna \u0142atwo usun\u0105\u0107 po aplikacji.<\/p>\n","protected":false},"excerpt":{"rendered":"<p>tesakrepp\u00ae 4434 to specjalna ta\u015bma maskuj\u0105ca z mocnym, niezwykle odpornym podk\u0142adem papierowym. Charakteryzuje si\u0119 r\u00f3wnie\u017c wysok\u0105 si\u0142\u0105 klejenia nawet na krytycznych pod\u0142o\u017cach. Produkt mo\u017cna \u0142atwo usun\u0105\u0107 po aplikacji.<\/p>\n","protected":false},"featured_media":28426,"template":"","meta":{"_acf_changed":false},"pwb-brand":[2164],"product_brand":[],"product_cat":[1688,1786,1816],"product_tag":[],"class_list":{"0":"post-50031","1":"product","2":"type-product","3":"status-publish","4":"has-post-thumbnail","6":"pwb-brand-tesa-pl","7":"product_cat-branza-budowlana","8":"product_cat-tasma-papierowa","9":"product_cat-jednostronne-tasmy-samoprzylepne","11":"first","12":"outofstock","13":"taxable","14":"shipping-taxable","15":"purchasable","16":"product-type-variable"},"acf":[],"yoast_head":"<!-- This site is optimized with the Yoast SEO plugin v27.3 - https:\/\/yoast.com\/product\/yoast-seo-wordpress\/ -->\n<title>tesakrepp\u00ae 4434 elephant skin | Cardinal TAPES<\/title>\n<meta name=\"description\" content=\"tesakrepp\u00ae 4434 to specjalna ta\u015bma maskuj\u0105ca z mocnym, niezwykle odpornym podk\u0142adem papierowym. Charakteryzuje si\u0119 r\u00f3wnie\u017c wysok\u0105 si\u0142\u0105 klejenia nawet na krytycznych pod\u0142o\u017cach.\" \/>\n<meta name=\"robots\" content=\"index, follow, max-snippet:-1, max-image-preview:large, max-video-preview:-1\" \/>\n<link rel=\"canonical\" href=\"https:\/\/cardinal-tapes.com\/pl\/ta\u015bmy-samoprzylepne\/obszary-zastosowan\/branza-budowlana\/tesakrepp-4434-elephant-skin\/\" \/>\n<meta property=\"og:locale\" content=\"pl_PL\" \/>\n<meta property=\"og:type\" content=\"article\" \/>\n<meta property=\"og:title\" content=\"tesakrepp\u00ae 4434 elephant skin | Cardinal TAPES\" \/>\n<meta property=\"og:description\" content=\"tesakrepp\u00ae 4434 to specjalna ta\u015bma maskuj\u0105ca z mocnym, niezwykle odpornym podk\u0142adem papierowym. Charakteryzuje si\u0119 r\u00f3wnie\u017c wysok\u0105 si\u0142\u0105 klejenia nawet na krytycznych pod\u0142o\u017cach.\" \/>\n<meta property=\"og:url\" content=\"https:\/\/cardinal-tapes.com\/pl\/ta\u015bmy-samoprzylepne\/obszary-zastosowan\/branza-budowlana\/tesakrepp-4434-elephant-skin\/\" \/>\n<meta property=\"og:site_name\" content=\"cardinal TAPES\" \/>\n<meta property=\"article:modified_time\" content=\"2023-06-05T15:08:02+00:00\" \/>\n<meta property=\"og:image\" content=\"https:\/\/cardinal-tapes.com\/wp-content\/uploads\/tesa-4434-stencil-material-sandblasting-protection-yellow-044340000400-pr1780956_canvas1x1_5.jpg\" \/>\n\t<meta property=\"og:image:width\" content=\"501\" \/>\n\t<meta property=\"og:image:height\" content=\"501\" \/>\n\t<meta property=\"og:image:type\" content=\"image\/jpeg\" \/>\n<meta name=\"twitter:card\" content=\"summary_large_image\" \/>\n<script type=\"application\/ld+json\" class=\"yoast-schema-graph\">{\"@context\":\"https:\\\/\\\/schema.org\",\"@graph\":[{\"@type\":\"WebPage\",\"@id\":\"https:\\\/\\\/cardinal-tapes.com\\\/pl\\\/ta\u015bmy-samoprzylepne\\\/obszary-zastosowan\\\/branza-budowlana\\\/tesakrepp-4434-elephant-skin\\\/\",\"url\":\"https:\\\/\\\/cardinal-tapes.com\\\/pl\\\/ta\u015bmy-samoprzylepne\\\/obszary-zastosowan\\\/branza-budowlana\\\/tesakrepp-4434-elephant-skin\\\/\",\"name\":\"tesakrepp\u00ae 4434 elephant skin | Cardinal TAPES\",\"isPartOf\":{\"@id\":\"https:\\\/\\\/cardinal-tapes.com\\\/#website\"},\"primaryImageOfPage\":{\"@id\":\"https:\\\/\\\/cardinal-tapes.com\\\/pl\\\/ta\u015bmy-samoprzylepne\\\/obszary-zastosowan\\\/branza-budowlana\\\/tesakrepp-4434-elephant-skin\\\/#primaryimage\"},\"image\":{\"@id\":\"https:\\\/\\\/cardinal-tapes.com\\\/pl\\\/ta\u015bmy-samoprzylepne\\\/obszary-zastosowan\\\/branza-budowlana\\\/tesakrepp-4434-elephant-skin\\\/#primaryimage\"},\"thumbnailUrl\":\"https:\\\/\\\/cardinal-tapes.com\\\/wp-content\\\/uploads\\\/tesa-4434-stencil-material-sandblasting-protection-yellow-044340000400-pr1780956_canvas1x1_5.jpg\",\"datePublished\":\"2020-10-08T07:42:50+00:00\",\"dateModified\":\"2023-06-05T15:08:02+00:00\",\"description\":\"tesakrepp\u00ae 4434 to specjalna ta\u015bma maskuj\u0105ca z mocnym, niezwykle odpornym podk\u0142adem papierowym. Charakteryzuje si\u0119 r\u00f3wnie\u017c wysok\u0105 si\u0142\u0105 klejenia nawet na krytycznych pod\u0142o\u017cach.\",\"breadcrumb\":{\"@id\":\"https:\\\/\\\/cardinal-tapes.com\\\/pl\\\/ta\u015bmy-samoprzylepne\\\/obszary-zastosowan\\\/branza-budowlana\\\/tesakrepp-4434-elephant-skin\\\/#breadcrumb\"},\"inLanguage\":\"pl-PL\",\"potentialAction\":[{\"@type\":\"ReadAction\",\"target\":[\"https:\\\/\\\/cardinal-tapes.com\\\/pl\\\/ta\u015bmy-samoprzylepne\\\/obszary-zastosowan\\\/branza-budowlana\\\/tesakrepp-4434-elephant-skin\\\/\"]}]},{\"@type\":\"ImageObject\",\"inLanguage\":\"pl-PL\",\"@id\":\"https:\\\/\\\/cardinal-tapes.com\\\/pl\\\/ta\u015bmy-samoprzylepne\\\/obszary-zastosowan\\\/branza-budowlana\\\/tesakrepp-4434-elephant-skin\\\/#primaryimage\",\"url\":\"https:\\\/\\\/cardinal-tapes.com\\\/wp-content\\\/uploads\\\/tesa-4434-stencil-material-sandblasting-protection-yellow-044340000400-pr1780956_canvas1x1_5.jpg\",\"contentUrl\":\"https:\\\/\\\/cardinal-tapes.com\\\/wp-content\\\/uploads\\\/tesa-4434-stencil-material-sandblasting-protection-yellow-044340000400-pr1780956_canvas1x1_5.jpg\",\"width\":501,\"height\":501},{\"@type\":\"BreadcrumbList\",\"@id\":\"https:\\\/\\\/cardinal-tapes.com\\\/pl\\\/ta\u015bmy-samoprzylepne\\\/obszary-zastosowan\\\/branza-budowlana\\\/tesakrepp-4434-elephant-skin\\\/#breadcrumb\",\"itemListElement\":[{\"@type\":\"ListItem\",\"position\":1,\"name\":\"Startseite\",\"item\":\"https:\\\/\\\/cardinal-tapes.com\\\/pl\\\/strona-glowna\\\/\"},{\"@type\":\"ListItem\",\"position\":2,\"name\":\"Ta\u015bmy samoprzylepne\",\"item\":\"https:\\\/\\\/cardinal-tapes.com\\\/pl\\\/tasmy-samoprzylepne-pl\\\/\"},{\"@type\":\"ListItem\",\"position\":3,\"name\":\"Einseitige Klebeb\u00e4nder\",\"item\":\"https:\\\/\\\/cardinal-tapes.com\\\/kategorie\\\/einseitige-klebebaender\\\/\"},{\"@type\":\"ListItem\",\"position\":4,\"name\":\"tesakrepp\u00ae 4434 sk\u00f3ra s\u0142onia\"}]},{\"@type\":\"WebSite\",\"@id\":\"https:\\\/\\\/cardinal-tapes.com\\\/#website\",\"url\":\"https:\\\/\\\/cardinal-tapes.com\\\/\",\"name\":\"cardinal TAPES\",\"description\":\"Klebetechnik aus Wuppertal\",\"potentialAction\":[{\"@type\":\"SearchAction\",\"target\":{\"@type\":\"EntryPoint\",\"urlTemplate\":\"https:\\\/\\\/cardinal-tapes.com\\\/?s={search_term_string}\"},\"query-input\":{\"@type\":\"PropertyValueSpecification\",\"valueRequired\":true,\"valueName\":\"search_term_string\"}}],\"inLanguage\":\"pl-PL\"}]}<\/script>\n<!-- \/ Yoast SEO plugin. -->","yoast_head_json":{"title":"tesakrepp\u00ae 4434 elephant skin | Cardinal TAPES","description":"tesakrepp\u00ae 4434 to specjalna ta\u015bma maskuj\u0105ca z mocnym, niezwykle odpornym podk\u0142adem papierowym. Charakteryzuje si\u0119 r\u00f3wnie\u017c wysok\u0105 si\u0142\u0105 klejenia nawet na krytycznych pod\u0142o\u017cach.","robots":{"index":"index","follow":"follow","max-snippet":"max-snippet:-1","max-image-preview":"max-image-preview:large","max-video-preview":"max-video-preview:-1"},"canonical":"https:\/\/cardinal-tapes.com\/pl\/ta\u015bmy-samoprzylepne\/obszary-zastosowan\/branza-budowlana\/tesakrepp-4434-elephant-skin\/","og_locale":"pl_PL","og_type":"article","og_title":"tesakrepp\u00ae 4434 elephant skin | Cardinal TAPES","og_description":"tesakrepp\u00ae 4434 to specjalna ta\u015bma maskuj\u0105ca z mocnym, niezwykle odpornym podk\u0142adem papierowym. Charakteryzuje si\u0119 r\u00f3wnie\u017c wysok\u0105 si\u0142\u0105 klejenia nawet na krytycznych pod\u0142o\u017cach.","og_url":"https:\/\/cardinal-tapes.com\/pl\/ta\u015bmy-samoprzylepne\/obszary-zastosowan\/branza-budowlana\/tesakrepp-4434-elephant-skin\/","og_site_name":"cardinal TAPES","article_modified_time":"2023-06-05T15:08:02+00:00","og_image":[{"width":501,"height":501,"url":"https:\/\/cardinal-tapes.com\/wp-content\/uploads\/tesa-4434-stencil-material-sandblasting-protection-yellow-044340000400-pr1780956_canvas1x1_5.jpg","type":"image\/jpeg"}],"twitter_card":"summary_large_image","schema":{"@context":"https:\/\/schema.org","@graph":[{"@type":"WebPage","@id":"https:\/\/cardinal-tapes.com\/pl\/ta\u015bmy-samoprzylepne\/obszary-zastosowan\/branza-budowlana\/tesakrepp-4434-elephant-skin\/","url":"https:\/\/cardinal-tapes.com\/pl\/ta\u015bmy-samoprzylepne\/obszary-zastosowan\/branza-budowlana\/tesakrepp-4434-elephant-skin\/","name":"tesakrepp\u00ae 4434 elephant skin | Cardinal TAPES","isPartOf":{"@id":"https:\/\/cardinal-tapes.com\/#website"},"primaryImageOfPage":{"@id":"https:\/\/cardinal-tapes.com\/pl\/ta\u015bmy-samoprzylepne\/obszary-zastosowan\/branza-budowlana\/tesakrepp-4434-elephant-skin\/#primaryimage"},"image":{"@id":"https:\/\/cardinal-tapes.com\/pl\/ta\u015bmy-samoprzylepne\/obszary-zastosowan\/branza-budowlana\/tesakrepp-4434-elephant-skin\/#primaryimage"},"thumbnailUrl":"https:\/\/cardinal-tapes.com\/wp-content\/uploads\/tesa-4434-stencil-material-sandblasting-protection-yellow-044340000400-pr1780956_canvas1x1_5.jpg","datePublished":"2020-10-08T07:42:50+00:00","dateModified":"2023-06-05T15:08:02+00:00","description":"tesakrepp\u00ae 4434 to specjalna ta\u015bma maskuj\u0105ca z mocnym, niezwykle odpornym podk\u0142adem papierowym. Charakteryzuje si\u0119 r\u00f3wnie\u017c wysok\u0105 si\u0142\u0105 klejenia nawet na krytycznych pod\u0142o\u017cach.","breadcrumb":{"@id":"https:\/\/cardinal-tapes.com\/pl\/ta\u015bmy-samoprzylepne\/obszary-zastosowan\/branza-budowlana\/tesakrepp-4434-elephant-skin\/#breadcrumb"},"inLanguage":"pl-PL","potentialAction":[{"@type":"ReadAction","target":["https:\/\/cardinal-tapes.com\/pl\/ta\u015bmy-samoprzylepne\/obszary-zastosowan\/branza-budowlana\/tesakrepp-4434-elephant-skin\/"]}]},{"@type":"ImageObject","inLanguage":"pl-PL","@id":"https:\/\/cardinal-tapes.com\/pl\/ta\u015bmy-samoprzylepne\/obszary-zastosowan\/branza-budowlana\/tesakrepp-4434-elephant-skin\/#primaryimage","url":"https:\/\/cardinal-tapes.com\/wp-content\/uploads\/tesa-4434-stencil-material-sandblasting-protection-yellow-044340000400-pr1780956_canvas1x1_5.jpg","contentUrl":"https:\/\/cardinal-tapes.com\/wp-content\/uploads\/tesa-4434-stencil-material-sandblasting-protection-yellow-044340000400-pr1780956_canvas1x1_5.jpg","width":501,"height":501},{"@type":"BreadcrumbList","@id":"https:\/\/cardinal-tapes.com\/pl\/ta\u015bmy-samoprzylepne\/obszary-zastosowan\/branza-budowlana\/tesakrepp-4434-elephant-skin\/#breadcrumb","itemListElement":[{"@type":"ListItem","position":1,"name":"Startseite","item":"https:\/\/cardinal-tapes.com\/pl\/strona-glowna\/"},{"@type":"ListItem","position":2,"name":"Ta\u015bmy samoprzylepne","item":"https:\/\/cardinal-tapes.com\/pl\/tasmy-samoprzylepne-pl\/"},{"@type":"ListItem","position":3,"name":"Einseitige Klebeb\u00e4nder","item":"https:\/\/cardinal-tapes.com\/kategorie\/einseitige-klebebaender\/"},{"@type":"ListItem","position":4,"name":"tesakrepp\u00ae 4434 sk\u00f3ra s\u0142onia"}]},{"@type":"WebSite","@id":"https:\/\/cardinal-tapes.com\/#website","url":"https:\/\/cardinal-tapes.com\/","name":"cardinal TAPES","description":"Klebetechnik aus Wuppertal","potentialAction":[{"@type":"SearchAction","target":{"@type":"EntryPoint","urlTemplate":"https:\/\/cardinal-tapes.com\/?s={search_term_string}"},"query-input":{"@type":"PropertyValueSpecification","valueRequired":true,"valueName":"search_term_string"}}],"inLanguage":"pl-PL"}]}},"brands":[{"id":2164,"name":"tesa","slug":"tesa-pl"}],"_links":{"self":[{"href":"https:\/\/cardinal-tapes.com\/pl\/wp-json\/wp\/v2\/product\/50031","targetHints":{"allow":["GET"]}}],"collection":[{"href":"https:\/\/cardinal-tapes.com\/pl\/wp-json\/wp\/v2\/product"}],"about":[{"href":"https:\/\/cardinal-tapes.com\/pl\/wp-json\/wp\/v2\/types\/product"}],"wp:featuredmedia":[{"embeddable":true,"href":"https:\/\/cardinal-tapes.com\/pl\/wp-json\/wp\/v2\/media\/28426"}],"wp:attachment":[{"href":"https:\/\/cardinal-tapes.com\/pl\/wp-json\/wp\/v2\/media?parent=50031"}],"wp:term":[{"taxonomy":"pwb-brand","embeddable":true,"href":"https:\/\/cardinal-tapes.com\/pl\/wp-json\/wp\/v2\/pwb-brand?post=50031"},{"taxonomy":"product_brand","embeddable":true,"href":"https:\/\/cardinal-tapes.com\/pl\/wp-json\/wp\/v2\/product_brand?post=50031"},{"taxonomy":"product_cat","embeddable":true,"href":"https:\/\/cardinal-tapes.com\/pl\/wp-json\/wp\/v2\/product_cat?post=50031"},{"taxonomy":"product_tag","embeddable":true,"href":"https:\/\/cardinal-tapes.com\/pl\/wp-json\/wp\/v2\/product_tag?post=50031"}],"curies":[{"name":"wp","href":"https:\/\/api.w.org\/{rel}","templated":true}]}}