{"id":49839,"date":"2020-10-08T10:39:32","date_gmt":"2023-06-05T15:07:57","guid":{"rendered":"https:\/\/cardinal.pixel-tal.de\/klebebaender\/bez-kategorii\/uniwersalna-tasma-tkaninowa-tesa-4621-do-zastosowan-zewnetrznych\/"},"modified":"2025-07-02T13:13:08","modified_gmt":"2025-07-02T11:13:08","slug":"tesa-4621-uniwersalna-tasma-materialowa-do-zastosowan-zewnetrznych","status":"publish","type":"product","link":"https:\/\/cardinal-tapes.com\/pl\/ta\u015bmy-samoprzylepne\/jednostronne-tasmy-samoprzylepne\/folia-pvc\/tesa-4621-uniwersalna-tasma-materialowa-do-zastosowan-zewnetrznych\/","title":{"rendered":"Uniwersalna ta\u015bma tkaninowa tesa\u00ae 4621 do zastosowa\u0144 zewn\u0119trznych"},"content":{"rendered":"<p><sup>tesa\u00ae<\/sup> 4621 to zielona ta\u015bma tkaninowa z akrylow\u0105 substancj\u0105 klej\u0105c\u0105. Wytrzyma\u0142y no\u015bnik sk\u0142ada si\u0119 z no\u015bnika polietylenowego wzmocnionego tkanin\u0105 poliestrow\u0105.<br \/>\nTa wszechstronna ta\u015bma tkaninowa mo\u017ce by\u0107 bez wysi\u0142ku odrywana r\u0119cznie w kierunku pionowym i poziomym oraz zapewnia p\u0142ynne odwijanie bez zawijania ko\u0144ca ta\u015bmy. Ta\u015bma zewn\u0119trzna jest wodoodporna dzi\u0119ki materia\u0142owi no\u015bnemu i odporna na promieniowanie UV dzi\u0119ki zastosowanemu specjalnemu klejowi. Dzi\u0119ki temu mo\u017ce pozostawa\u0107 na zewn\u0105trz przez okres do 8 tygodni.<\/p>\n<p><strong>W\u0142a\u015bciwo\u015bci<\/strong><br \/>\n&#8211; Wysoka przyczepno\u015b\u0107 pocz\u0105tkowa<br \/>\n&#8211; \u0141atwo\u015b\u0107 repozycjonowania i dobra elastyczno\u015b\u0107<br \/>\n&#8211; Odporno\u015b\u0107 na promieniowanie UV i wilgo\u0107<\/p>\n<p><strong>Zastosowania<\/strong><br \/>\n&#8211; Maskowanie podczas prac tynkarskich i malarskich na elewacjach zewn\u0119trznych<br \/>\n&#8211; Tymczasowa ochrona powierzchni do oznaczania pod\u0142\u00f3g<br \/>\n&#8211; Mocowanie masek foliowych i papierowych podczas prac remontowych<br \/>\n&#8211; Porz\u0105dkowanie i mocowanie lu\u017anych przedmiot\u00f3w (np. przewod\u00f3w i kabli)<\/p>\n","protected":false},"excerpt":{"rendered":"<p>tesa\u00ae 4621 to zielona ta\u015bma tkaninowa z akrylow\u0105 substancj\u0105 klej\u0105c\u0105. Wytrzyma\u0142y no\u015bnik sk\u0142ada si\u0119 z no\u015bnika polietylenowego wzmocnionego tkanin\u0105 poliestrow\u0105. Ta wszechstronna ta\u015bma tkaninowa mo\u017ce by\u0107 bez wysi\u0142ku odrywana r\u0119cznie w kierunku pionowym i poziomym oraz zapewnia p\u0142ynne odwijanie bez zawijania ko\u0144ca ta\u015bmy. Ta\u015bma zewn\u0119trzna jest wodoodporna dzi\u0119ki materia\u0142owi no\u015bnemu i odporna na promieniowanie UV [&hellip;]<\/p>\n","protected":false},"featured_media":28422,"template":"","meta":{"_acf_changed":false},"pwb-brand":[2164],"product_brand":[],"product_cat":[1688,1816,1821],"product_tag":[],"class_list":{"0":"post-49839","1":"product","2":"type-product","3":"status-publish","4":"has-post-thumbnail","6":"pwb-brand-tesa-pl","7":"product_cat-branza-budowlana","8":"product_cat-jednostronne-tasmy-samoprzylepne","9":"product_cat-folia-pvc","11":"first","12":"instock","13":"taxable","14":"shipping-taxable","15":"purchasable","16":"product-type-variable"},"acf":[],"yoast_head":"<!-- This site is optimized with the Yoast SEO plugin v27.3 - https:\/\/yoast.com\/product\/yoast-seo-wordpress\/ -->\n<title>Ta\u015bmy kardynalne tesa\u00ae 4621|<\/title>\n<meta name=\"description\" content=\"tesa\u00ae 4621 to zielona ta\u015bma tkaninowa z akrylow\u0105 substancj\u0105 klej\u0105c\u0105. Wytrzyma\u0142y no\u015bnik sk\u0142ada si\u0119 z polietylenowego no\u015bnika wzmocnionego tkanin\u0105 poliestrow\u0105.\" \/>\n<meta name=\"robots\" content=\"index, follow, max-snippet:-1, max-image-preview:large, max-video-preview:-1\" \/>\n<link rel=\"canonical\" href=\"https:\/\/cardinal-tapes.com\/pl\/ta\u015bmy-samoprzylepne\/jednostronne-tasmy-samoprzylepne\/folia-pvc\/tesa-4621-uniwersalna-tasma-materialowa-do-zastosowan-zewnetrznych\/\" \/>\n<meta property=\"og:locale\" content=\"pl_PL\" \/>\n<meta property=\"og:type\" content=\"article\" \/>\n<meta property=\"og:title\" content=\"Ta\u015bmy kardynalne tesa\u00ae 4621|\" \/>\n<meta property=\"og:description\" content=\"tesa\u00ae 4621 to zielona ta\u015bma tkaninowa z akrylow\u0105 substancj\u0105 klej\u0105c\u0105. Wytrzyma\u0142y no\u015bnik sk\u0142ada si\u0119 z polietylenowego no\u015bnika wzmocnionego tkanin\u0105 poliestrow\u0105.\" \/>\n<meta property=\"og:url\" content=\"https:\/\/cardinal-tapes.com\/pl\/ta\u015bmy-samoprzylepne\/jednostronne-tasmy-samoprzylepne\/folia-pvc\/tesa-4621-uniwersalna-tasma-materialowa-do-zastosowan-zewnetrznych\/\" \/>\n<meta property=\"og:site_name\" content=\"cardinal TAPES\" \/>\n<meta property=\"article:modified_time\" content=\"2025-07-02T11:13:08+00:00\" \/>\n<meta property=\"og:image\" content=\"https:\/\/cardinal-tapes.com\/wp-content\/uploads\/tesa-04621-multipurpose-outdoor-cloth-tape-046210000000-pr2097136_canvas1x1_5.jpg\" \/>\n\t<meta property=\"og:image:width\" content=\"501\" \/>\n\t<meta property=\"og:image:height\" content=\"501\" \/>\n\t<meta property=\"og:image:type\" content=\"image\/jpeg\" \/>\n<meta name=\"twitter:card\" content=\"summary_large_image\" \/>\n<meta name=\"twitter:label1\" content=\"Szacowany czas czytania\" \/>\n\t<meta name=\"twitter:data1\" content=\"1 minuta\" \/>\n<script type=\"application\/ld+json\" class=\"yoast-schema-graph\">{\"@context\":\"https:\\\/\\\/schema.org\",\"@graph\":[{\"@type\":\"WebPage\",\"@id\":\"https:\\\/\\\/cardinal-tapes.com\\\/pl\\\/ta\u015bmy-samoprzylepne\\\/jednostronne-tasmy-samoprzylepne\\\/folia-pvc\\\/tesa-4621-uniwersalna-tasma-materialowa-do-zastosowan-zewnetrznych\\\/\",\"url\":\"https:\\\/\\\/cardinal-tapes.com\\\/pl\\\/ta\u015bmy-samoprzylepne\\\/jednostronne-tasmy-samoprzylepne\\\/folia-pvc\\\/tesa-4621-uniwersalna-tasma-materialowa-do-zastosowan-zewnetrznych\\\/\",\"name\":\"Ta\u015bmy kardynalne tesa\u00ae 4621|\",\"isPartOf\":{\"@id\":\"https:\\\/\\\/cardinal-tapes.com\\\/#website\"},\"primaryImageOfPage\":{\"@id\":\"https:\\\/\\\/cardinal-tapes.com\\\/pl\\\/ta\u015bmy-samoprzylepne\\\/jednostronne-tasmy-samoprzylepne\\\/folia-pvc\\\/tesa-4621-uniwersalna-tasma-materialowa-do-zastosowan-zewnetrznych\\\/#primaryimage\"},\"image\":{\"@id\":\"https:\\\/\\\/cardinal-tapes.com\\\/pl\\\/ta\u015bmy-samoprzylepne\\\/jednostronne-tasmy-samoprzylepne\\\/folia-pvc\\\/tesa-4621-uniwersalna-tasma-materialowa-do-zastosowan-zewnetrznych\\\/#primaryimage\"},\"thumbnailUrl\":\"https:\\\/\\\/cardinal-tapes.com\\\/wp-content\\\/uploads\\\/tesa-04621-multipurpose-outdoor-cloth-tape-046210000000-pr2097136_canvas1x1_5.jpg\",\"datePublished\":\"2023-06-05T15:07:57+00:00\",\"dateModified\":\"2025-07-02T11:13:08+00:00\",\"description\":\"tesa\u00ae 4621 to zielona ta\u015bma tkaninowa z akrylow\u0105 substancj\u0105 klej\u0105c\u0105. Wytrzyma\u0142y no\u015bnik sk\u0142ada si\u0119 z polietylenowego no\u015bnika wzmocnionego tkanin\u0105 poliestrow\u0105.\",\"breadcrumb\":{\"@id\":\"https:\\\/\\\/cardinal-tapes.com\\\/pl\\\/ta\u015bmy-samoprzylepne\\\/jednostronne-tasmy-samoprzylepne\\\/folia-pvc\\\/tesa-4621-uniwersalna-tasma-materialowa-do-zastosowan-zewnetrznych\\\/#breadcrumb\"},\"inLanguage\":\"pl-PL\",\"potentialAction\":[{\"@type\":\"ReadAction\",\"target\":[\"https:\\\/\\\/cardinal-tapes.com\\\/pl\\\/ta\u015bmy-samoprzylepne\\\/jednostronne-tasmy-samoprzylepne\\\/folia-pvc\\\/tesa-4621-uniwersalna-tasma-materialowa-do-zastosowan-zewnetrznych\\\/\"]}]},{\"@type\":\"ImageObject\",\"inLanguage\":\"pl-PL\",\"@id\":\"https:\\\/\\\/cardinal-tapes.com\\\/pl\\\/ta\u015bmy-samoprzylepne\\\/jednostronne-tasmy-samoprzylepne\\\/folia-pvc\\\/tesa-4621-uniwersalna-tasma-materialowa-do-zastosowan-zewnetrznych\\\/#primaryimage\",\"url\":\"https:\\\/\\\/cardinal-tapes.com\\\/wp-content\\\/uploads\\\/tesa-04621-multipurpose-outdoor-cloth-tape-046210000000-pr2097136_canvas1x1_5.jpg\",\"contentUrl\":\"https:\\\/\\\/cardinal-tapes.com\\\/wp-content\\\/uploads\\\/tesa-04621-multipurpose-outdoor-cloth-tape-046210000000-pr2097136_canvas1x1_5.jpg\",\"width\":501,\"height\":501},{\"@type\":\"BreadcrumbList\",\"@id\":\"https:\\\/\\\/cardinal-tapes.com\\\/pl\\\/ta\u015bmy-samoprzylepne\\\/jednostronne-tasmy-samoprzylepne\\\/folia-pvc\\\/tesa-4621-uniwersalna-tasma-materialowa-do-zastosowan-zewnetrznych\\\/#breadcrumb\",\"itemListElement\":[{\"@type\":\"ListItem\",\"position\":1,\"name\":\"Startseite\",\"item\":\"https:\\\/\\\/cardinal-tapes.com\\\/pl\\\/strona-glowna\\\/\"},{\"@type\":\"ListItem\",\"position\":2,\"name\":\"Ta\u015bmy samoprzylepne\",\"item\":\"https:\\\/\\\/cardinal-tapes.com\\\/pl\\\/tasmy-samoprzylepne-pl\\\/\"},{\"@type\":\"ListItem\",\"position\":3,\"name\":\"Obszary zastosowa\u0144\",\"item\":\"https:\\\/\\\/cardinal-tapes.com\\\/pl\\\/kategoria\\\/obszary-zastosowan\\\/\"},{\"@type\":\"ListItem\",\"position\":4,\"name\":\"Bran\u017ca budowlana\",\"item\":\"https:\\\/\\\/cardinal-tapes.com\\\/pl\\\/kategoria\\\/branza-budowlana\\\/\"},{\"@type\":\"ListItem\",\"position\":5,\"name\":\"Uniwersalna ta\u015bma tkaninowa tesa\u00ae 4621 do zastosowa\u0144 zewn\u0119trznych\"}]},{\"@type\":\"WebSite\",\"@id\":\"https:\\\/\\\/cardinal-tapes.com\\\/#website\",\"url\":\"https:\\\/\\\/cardinal-tapes.com\\\/\",\"name\":\"cardinal TAPES\",\"description\":\"Klebetechnik aus Wuppertal\",\"potentialAction\":[{\"@type\":\"SearchAction\",\"target\":{\"@type\":\"EntryPoint\",\"urlTemplate\":\"https:\\\/\\\/cardinal-tapes.com\\\/?s={search_term_string}\"},\"query-input\":{\"@type\":\"PropertyValueSpecification\",\"valueRequired\":true,\"valueName\":\"search_term_string\"}}],\"inLanguage\":\"pl-PL\"}]}<\/script>\n<!-- \/ Yoast SEO plugin. -->","yoast_head_json":{"title":"Ta\u015bmy kardynalne tesa\u00ae 4621|","description":"tesa\u00ae 4621 to zielona ta\u015bma tkaninowa z akrylow\u0105 substancj\u0105 klej\u0105c\u0105. Wytrzyma\u0142y no\u015bnik sk\u0142ada si\u0119 z polietylenowego no\u015bnika wzmocnionego tkanin\u0105 poliestrow\u0105.","robots":{"index":"index","follow":"follow","max-snippet":"max-snippet:-1","max-image-preview":"max-image-preview:large","max-video-preview":"max-video-preview:-1"},"canonical":"https:\/\/cardinal-tapes.com\/pl\/ta\u015bmy-samoprzylepne\/jednostronne-tasmy-samoprzylepne\/folia-pvc\/tesa-4621-uniwersalna-tasma-materialowa-do-zastosowan-zewnetrznych\/","og_locale":"pl_PL","og_type":"article","og_title":"Ta\u015bmy kardynalne tesa\u00ae 4621|","og_description":"tesa\u00ae 4621 to zielona ta\u015bma tkaninowa z akrylow\u0105 substancj\u0105 klej\u0105c\u0105. Wytrzyma\u0142y no\u015bnik sk\u0142ada si\u0119 z polietylenowego no\u015bnika wzmocnionego tkanin\u0105 poliestrow\u0105.","og_url":"https:\/\/cardinal-tapes.com\/pl\/ta\u015bmy-samoprzylepne\/jednostronne-tasmy-samoprzylepne\/folia-pvc\/tesa-4621-uniwersalna-tasma-materialowa-do-zastosowan-zewnetrznych\/","og_site_name":"cardinal TAPES","article_modified_time":"2025-07-02T11:13:08+00:00","og_image":[{"width":501,"height":501,"url":"https:\/\/cardinal-tapes.com\/wp-content\/uploads\/tesa-04621-multipurpose-outdoor-cloth-tape-046210000000-pr2097136_canvas1x1_5.jpg","type":"image\/jpeg"}],"twitter_card":"summary_large_image","twitter_misc":{"Szacowany czas czytania":"1 minuta"},"schema":{"@context":"https:\/\/schema.org","@graph":[{"@type":"WebPage","@id":"https:\/\/cardinal-tapes.com\/pl\/ta\u015bmy-samoprzylepne\/jednostronne-tasmy-samoprzylepne\/folia-pvc\/tesa-4621-uniwersalna-tasma-materialowa-do-zastosowan-zewnetrznych\/","url":"https:\/\/cardinal-tapes.com\/pl\/ta\u015bmy-samoprzylepne\/jednostronne-tasmy-samoprzylepne\/folia-pvc\/tesa-4621-uniwersalna-tasma-materialowa-do-zastosowan-zewnetrznych\/","name":"Ta\u015bmy kardynalne tesa\u00ae 4621|","isPartOf":{"@id":"https:\/\/cardinal-tapes.com\/#website"},"primaryImageOfPage":{"@id":"https:\/\/cardinal-tapes.com\/pl\/ta\u015bmy-samoprzylepne\/jednostronne-tasmy-samoprzylepne\/folia-pvc\/tesa-4621-uniwersalna-tasma-materialowa-do-zastosowan-zewnetrznych\/#primaryimage"},"image":{"@id":"https:\/\/cardinal-tapes.com\/pl\/ta\u015bmy-samoprzylepne\/jednostronne-tasmy-samoprzylepne\/folia-pvc\/tesa-4621-uniwersalna-tasma-materialowa-do-zastosowan-zewnetrznych\/#primaryimage"},"thumbnailUrl":"https:\/\/cardinal-tapes.com\/wp-content\/uploads\/tesa-04621-multipurpose-outdoor-cloth-tape-046210000000-pr2097136_canvas1x1_5.jpg","datePublished":"2023-06-05T15:07:57+00:00","dateModified":"2025-07-02T11:13:08+00:00","description":"tesa\u00ae 4621 to zielona ta\u015bma tkaninowa z akrylow\u0105 substancj\u0105 klej\u0105c\u0105. Wytrzyma\u0142y no\u015bnik sk\u0142ada si\u0119 z polietylenowego no\u015bnika wzmocnionego tkanin\u0105 poliestrow\u0105.","breadcrumb":{"@id":"https:\/\/cardinal-tapes.com\/pl\/ta\u015bmy-samoprzylepne\/jednostronne-tasmy-samoprzylepne\/folia-pvc\/tesa-4621-uniwersalna-tasma-materialowa-do-zastosowan-zewnetrznych\/#breadcrumb"},"inLanguage":"pl-PL","potentialAction":[{"@type":"ReadAction","target":["https:\/\/cardinal-tapes.com\/pl\/ta\u015bmy-samoprzylepne\/jednostronne-tasmy-samoprzylepne\/folia-pvc\/tesa-4621-uniwersalna-tasma-materialowa-do-zastosowan-zewnetrznych\/"]}]},{"@type":"ImageObject","inLanguage":"pl-PL","@id":"https:\/\/cardinal-tapes.com\/pl\/ta\u015bmy-samoprzylepne\/jednostronne-tasmy-samoprzylepne\/folia-pvc\/tesa-4621-uniwersalna-tasma-materialowa-do-zastosowan-zewnetrznych\/#primaryimage","url":"https:\/\/cardinal-tapes.com\/wp-content\/uploads\/tesa-04621-multipurpose-outdoor-cloth-tape-046210000000-pr2097136_canvas1x1_5.jpg","contentUrl":"https:\/\/cardinal-tapes.com\/wp-content\/uploads\/tesa-04621-multipurpose-outdoor-cloth-tape-046210000000-pr2097136_canvas1x1_5.jpg","width":501,"height":501},{"@type":"BreadcrumbList","@id":"https:\/\/cardinal-tapes.com\/pl\/ta\u015bmy-samoprzylepne\/jednostronne-tasmy-samoprzylepne\/folia-pvc\/tesa-4621-uniwersalna-tasma-materialowa-do-zastosowan-zewnetrznych\/#breadcrumb","itemListElement":[{"@type":"ListItem","position":1,"name":"Startseite","item":"https:\/\/cardinal-tapes.com\/pl\/strona-glowna\/"},{"@type":"ListItem","position":2,"name":"Ta\u015bmy samoprzylepne","item":"https:\/\/cardinal-tapes.com\/pl\/tasmy-samoprzylepne-pl\/"},{"@type":"ListItem","position":3,"name":"Obszary zastosowa\u0144","item":"https:\/\/cardinal-tapes.com\/pl\/kategoria\/obszary-zastosowan\/"},{"@type":"ListItem","position":4,"name":"Bran\u017ca budowlana","item":"https:\/\/cardinal-tapes.com\/pl\/kategoria\/branza-budowlana\/"},{"@type":"ListItem","position":5,"name":"Uniwersalna ta\u015bma tkaninowa tesa\u00ae 4621 do zastosowa\u0144 zewn\u0119trznych"}]},{"@type":"WebSite","@id":"https:\/\/cardinal-tapes.com\/#website","url":"https:\/\/cardinal-tapes.com\/","name":"cardinal TAPES","description":"Klebetechnik aus Wuppertal","potentialAction":[{"@type":"SearchAction","target":{"@type":"EntryPoint","urlTemplate":"https:\/\/cardinal-tapes.com\/?s={search_term_string}"},"query-input":{"@type":"PropertyValueSpecification","valueRequired":true,"valueName":"search_term_string"}}],"inLanguage":"pl-PL"}]}},"brands":[{"id":2164,"name":"tesa","slug":"tesa-pl"}],"_links":{"self":[{"href":"https:\/\/cardinal-tapes.com\/pl\/wp-json\/wp\/v2\/product\/49839","targetHints":{"allow":["GET"]}}],"collection":[{"href":"https:\/\/cardinal-tapes.com\/pl\/wp-json\/wp\/v2\/product"}],"about":[{"href":"https:\/\/cardinal-tapes.com\/pl\/wp-json\/wp\/v2\/types\/product"}],"wp:featuredmedia":[{"embeddable":true,"href":"https:\/\/cardinal-tapes.com\/pl\/wp-json\/wp\/v2\/media\/28422"}],"wp:attachment":[{"href":"https:\/\/cardinal-tapes.com\/pl\/wp-json\/wp\/v2\/media?parent=49839"}],"wp:term":[{"taxonomy":"pwb-brand","embeddable":true,"href":"https:\/\/cardinal-tapes.com\/pl\/wp-json\/wp\/v2\/pwb-brand?post=49839"},{"taxonomy":"product_brand","embeddable":true,"href":"https:\/\/cardinal-tapes.com\/pl\/wp-json\/wp\/v2\/product_brand?post=49839"},{"taxonomy":"product_cat","embeddable":true,"href":"https:\/\/cardinal-tapes.com\/pl\/wp-json\/wp\/v2\/product_cat?post=49839"},{"taxonomy":"product_tag","embeddable":true,"href":"https:\/\/cardinal-tapes.com\/pl\/wp-json\/wp\/v2\/product_tag?post=49839"}],"curies":[{"name":"wp","href":"https:\/\/api.w.org\/{rel}","templated":true}]}}