{"id":49786,"date":"2020-10-08T10:45:54","date_gmt":"2023-06-05T15:07:56","guid":{"rendered":"https:\/\/cardinal.pixel-tal.de\/klebebaender\/bez-kategorii\/aluminiowa-tasma-samoprzylepna-tesa-60652-z-papierowa-oslona\/"},"modified":"2025-07-02T13:21:26","modified_gmt":"2025-07-02T11:21:26","slug":"tesa-60652-aluminiowa-tasma-przylepna-z-papierowa-podkladka","status":"publish","type":"product","link":"https:\/\/cardinal-tapes.com\/pl\/ta\u015bmy-samoprzylepne\/jednostronne-tasmy-samoprzylepne\/tesa-60652-aluminiowa-tasma-przylepna-z-papierowa-podkladka\/","title":{"rendered":"Aluminiowa ta\u015bma samoprzylepna tesa\u00ae 60652 z papierow\u0105 os\u0142on\u0105"},"content":{"rendered":"<p><sup>tesa\u00ae<\/sup> 60652 to elastyczna ta\u015bma aluminiowa o grubo\u015bci 50 \u00b5m, z przezroczyst\u0105 akrylow\u0105 substancj\u0105 klej\u0105c\u0105 i bia\u0142ym, silikonowanym podk\u0142adem papierowym o grubo\u015bci 85 \u00b5m.<\/p>\n<p><strong>W\u0142a\u015bciwo\u015bci<br \/>\n<\/strong>&#8211; Stabilny mechanicznie i elastyczny na zakrzywionych powierzchniach<br \/>\n&#8211; \u0141atwy do usuni\u0119cia<br \/>\n&#8211; Uszczelnia przed wilgoci\u0105, oparami i gazami<br \/>\n&#8211; Przewodzi elektryczno\u015b\u0107 i ciep\u0142o<br \/>\n&#8211; Odbija ciep\u0142o i \u015bwiat\u0142o<br \/>\n&#8211; Trudnopalny zgodnie z DIN 4102, klasa B1<\/p>\n<p><strong>Zastosowania<\/strong><br \/>\n&#8211; Nadaje si\u0119 do trwa\u0142ych zastosowa\u0144<br \/>\n&#8211; Klejenie przewod\u00f3w ch\u0142odz\u0105cych i cewek w przemy\u015ble AGD<br \/>\n&#8211; \u0141\u0105czenie i uszczelnianie izolacji termicznej i wa\u0142\u00f3w, np. w przemy\u015ble konstrukcji metalowych<br \/>\n&#8211; Umo\u017cliwia wykonanie pod\u0142o\u017cy przewodz\u0105cych elektrycznie i termicznie<\/p>\n","protected":false},"excerpt":{"rendered":"<p>tesa\u00ae 60652 to elastyczna ta\u015bma aluminiowa o grubo\u015bci 50 \u00b5m, z przezroczyst\u0105 akrylow\u0105 substancj\u0105 klej\u0105c\u0105 i bia\u0142ym, silikonowanym podk\u0142adem papierowym o grubo\u015bci 85 \u00b5m. W\u0142a\u015bciwo\u015bci &#8211; Stabilny mechanicznie i elastyczny na zakrzywionych powierzchniach &#8211; \u0141atwy do usuni\u0119cia &#8211; Uszczelnia przed wilgoci\u0105, oparami i gazami &#8211; Przewodzi elektryczno\u015b\u0107 i ciep\u0142o &#8211; Odbija ciep\u0142o i \u015bwiat\u0142o &#8211; [&hellip;]<\/p>\n","protected":false},"featured_media":28442,"template":"","meta":{"_acf_changed":false},"pwb-brand":[2164],"product_brand":[],"product_cat":[1816],"product_tag":[],"class_list":{"0":"post-49786","1":"product","2":"type-product","3":"status-publish","4":"has-post-thumbnail","6":"pwb-brand-tesa-pl","7":"product_cat-jednostronne-tasmy-samoprzylepne","9":"first","10":"instock","11":"taxable","12":"shipping-taxable","13":"purchasable","14":"product-type-variable"},"acf":[],"yoast_head":"<!-- This site is optimized with the Yoast SEO plugin v27.3 - https:\/\/yoast.com\/product\/yoast-seo-wordpress\/ -->\n<title>tesa\u00ae 60652 | Ta\u015bmy kardynalne<\/title>\n<meta name=\"description\" content=\"tesa\u00ae 60652 to elastyczna ta\u015bma aluminiowa o grubo\u015bci folii 50 \u00b5m, z przezroczyst\u0105 akrylow\u0105 substancj\u0105 klej\u0105c\u0105 i bia\u0142\u0105, silikonowan\u0105 papierow\u0105 warstw\u0105 wierzchni\u0105 o grubo\u015bci 85 \u00b5m.\" \/>\n<meta name=\"robots\" content=\"index, follow, max-snippet:-1, max-image-preview:large, max-video-preview:-1\" \/>\n<link rel=\"canonical\" href=\"https:\/\/cardinal-tapes.com\/pl\/ta\u015bmy-samoprzylepne\/jednostronne-tasmy-samoprzylepne\/tesa-60652-aluminiowa-tasma-przylepna-z-papierowa-podkladka\/\" \/>\n<meta property=\"og:locale\" content=\"pl_PL\" \/>\n<meta property=\"og:type\" content=\"article\" \/>\n<meta property=\"og:title\" content=\"tesa\u00ae 60652 | Ta\u015bmy kardynalne\" \/>\n<meta property=\"og:description\" content=\"tesa\u00ae 60652 to elastyczna ta\u015bma aluminiowa o grubo\u015bci folii 50 \u00b5m, z przezroczyst\u0105 akrylow\u0105 substancj\u0105 klej\u0105c\u0105 i bia\u0142\u0105, silikonowan\u0105 papierow\u0105 warstw\u0105 wierzchni\u0105 o grubo\u015bci 85 \u00b5m.\" \/>\n<meta property=\"og:url\" content=\"https:\/\/cardinal-tapes.com\/pl\/ta\u015bmy-samoprzylepne\/jednostronne-tasmy-samoprzylepne\/tesa-60652-aluminiowa-tasma-przylepna-z-papierowa-podkladka\/\" \/>\n<meta property=\"og:site_name\" content=\"cardinal TAPES\" \/>\n<meta property=\"article:modified_time\" content=\"2025-07-02T11:21:26+00:00\" \/>\n<meta property=\"og:image\" content=\"https:\/\/cardinal-tapes.com\/wp-content\/uploads\/tesa-60632-pr-0012032760_canvas1x1_5.jpg\" \/>\n\t<meta property=\"og:image:width\" content=\"501\" \/>\n\t<meta property=\"og:image:height\" content=\"501\" \/>\n\t<meta property=\"og:image:type\" content=\"image\/jpeg\" \/>\n<meta name=\"twitter:card\" content=\"summary_large_image\" \/>\n<meta name=\"twitter:label1\" content=\"Szacowany czas czytania\" \/>\n\t<meta name=\"twitter:data1\" content=\"1 minuta\" \/>\n<script type=\"application\/ld+json\" class=\"yoast-schema-graph\">{\"@context\":\"https:\\\/\\\/schema.org\",\"@graph\":[{\"@type\":\"WebPage\",\"@id\":\"https:\\\/\\\/cardinal-tapes.com\\\/pl\\\/ta\u015bmy-samoprzylepne\\\/jednostronne-tasmy-samoprzylepne\\\/tesa-60652-aluminiowa-tasma-przylepna-z-papierowa-podkladka\\\/\",\"url\":\"https:\\\/\\\/cardinal-tapes.com\\\/pl\\\/ta\u015bmy-samoprzylepne\\\/jednostronne-tasmy-samoprzylepne\\\/tesa-60652-aluminiowa-tasma-przylepna-z-papierowa-podkladka\\\/\",\"name\":\"tesa\u00ae 60652 | Ta\u015bmy kardynalne\",\"isPartOf\":{\"@id\":\"https:\\\/\\\/cardinal-tapes.com\\\/#website\"},\"primaryImageOfPage\":{\"@id\":\"https:\\\/\\\/cardinal-tapes.com\\\/pl\\\/ta\u015bmy-samoprzylepne\\\/jednostronne-tasmy-samoprzylepne\\\/tesa-60652-aluminiowa-tasma-przylepna-z-papierowa-podkladka\\\/#primaryimage\"},\"image\":{\"@id\":\"https:\\\/\\\/cardinal-tapes.com\\\/pl\\\/ta\u015bmy-samoprzylepne\\\/jednostronne-tasmy-samoprzylepne\\\/tesa-60652-aluminiowa-tasma-przylepna-z-papierowa-podkladka\\\/#primaryimage\"},\"thumbnailUrl\":\"https:\\\/\\\/cardinal-tapes.com\\\/wp-content\\\/uploads\\\/tesa-60632-pr-0012032760_canvas1x1_5.jpg\",\"datePublished\":\"2023-06-05T15:07:56+00:00\",\"dateModified\":\"2025-07-02T11:21:26+00:00\",\"description\":\"tesa\u00ae 60652 to elastyczna ta\u015bma aluminiowa o grubo\u015bci folii 50 \u00b5m, z przezroczyst\u0105 akrylow\u0105 substancj\u0105 klej\u0105c\u0105 i bia\u0142\u0105, silikonowan\u0105 papierow\u0105 warstw\u0105 wierzchni\u0105 o grubo\u015bci 85 \u00b5m.\",\"breadcrumb\":{\"@id\":\"https:\\\/\\\/cardinal-tapes.com\\\/pl\\\/ta\u015bmy-samoprzylepne\\\/jednostronne-tasmy-samoprzylepne\\\/tesa-60652-aluminiowa-tasma-przylepna-z-papierowa-podkladka\\\/#breadcrumb\"},\"inLanguage\":\"pl-PL\",\"potentialAction\":[{\"@type\":\"ReadAction\",\"target\":[\"https:\\\/\\\/cardinal-tapes.com\\\/pl\\\/ta\u015bmy-samoprzylepne\\\/jednostronne-tasmy-samoprzylepne\\\/tesa-60652-aluminiowa-tasma-przylepna-z-papierowa-podkladka\\\/\"]}]},{\"@type\":\"ImageObject\",\"inLanguage\":\"pl-PL\",\"@id\":\"https:\\\/\\\/cardinal-tapes.com\\\/pl\\\/ta\u015bmy-samoprzylepne\\\/jednostronne-tasmy-samoprzylepne\\\/tesa-60652-aluminiowa-tasma-przylepna-z-papierowa-podkladka\\\/#primaryimage\",\"url\":\"https:\\\/\\\/cardinal-tapes.com\\\/wp-content\\\/uploads\\\/tesa-60632-pr-0012032760_canvas1x1_5.jpg\",\"contentUrl\":\"https:\\\/\\\/cardinal-tapes.com\\\/wp-content\\\/uploads\\\/tesa-60632-pr-0012032760_canvas1x1_5.jpg\",\"width\":501,\"height\":501},{\"@type\":\"BreadcrumbList\",\"@id\":\"https:\\\/\\\/cardinal-tapes.com\\\/pl\\\/ta\u015bmy-samoprzylepne\\\/jednostronne-tasmy-samoprzylepne\\\/tesa-60652-aluminiowa-tasma-przylepna-z-papierowa-podkladka\\\/#breadcrumb\",\"itemListElement\":[{\"@type\":\"ListItem\",\"position\":1,\"name\":\"Startseite\",\"item\":\"https:\\\/\\\/cardinal-tapes.com\\\/pl\\\/strona-glowna\\\/\"},{\"@type\":\"ListItem\",\"position\":2,\"name\":\"Ta\u015bmy samoprzylepne\",\"item\":\"https:\\\/\\\/cardinal-tapes.com\\\/pl\\\/tasmy-samoprzylepne-pl\\\/\"},{\"@type\":\"ListItem\",\"position\":3,\"name\":\"Single sided adhesive tapes\",\"item\":\"https:\\\/\\\/cardinal-tapes.com\\\/en\\\/category\\\/single-sided-adhesive-tapes\\\/\"},{\"@type\":\"ListItem\",\"position\":4,\"name\":\"Aluminiowa ta\u015bma samoprzylepna tesa\u00ae 60652 z papierow\u0105 os\u0142on\u0105\"}]},{\"@type\":\"WebSite\",\"@id\":\"https:\\\/\\\/cardinal-tapes.com\\\/#website\",\"url\":\"https:\\\/\\\/cardinal-tapes.com\\\/\",\"name\":\"cardinal TAPES\",\"description\":\"Klebetechnik aus Wuppertal\",\"potentialAction\":[{\"@type\":\"SearchAction\",\"target\":{\"@type\":\"EntryPoint\",\"urlTemplate\":\"https:\\\/\\\/cardinal-tapes.com\\\/?s={search_term_string}\"},\"query-input\":{\"@type\":\"PropertyValueSpecification\",\"valueRequired\":true,\"valueName\":\"search_term_string\"}}],\"inLanguage\":\"pl-PL\"}]}<\/script>\n<!-- \/ Yoast SEO plugin. -->","yoast_head_json":{"title":"tesa\u00ae 60652 | Ta\u015bmy kardynalne","description":"tesa\u00ae 60652 to elastyczna ta\u015bma aluminiowa o grubo\u015bci folii 50 \u00b5m, z przezroczyst\u0105 akrylow\u0105 substancj\u0105 klej\u0105c\u0105 i bia\u0142\u0105, silikonowan\u0105 papierow\u0105 warstw\u0105 wierzchni\u0105 o grubo\u015bci 85 \u00b5m.","robots":{"index":"index","follow":"follow","max-snippet":"max-snippet:-1","max-image-preview":"max-image-preview:large","max-video-preview":"max-video-preview:-1"},"canonical":"https:\/\/cardinal-tapes.com\/pl\/ta\u015bmy-samoprzylepne\/jednostronne-tasmy-samoprzylepne\/tesa-60652-aluminiowa-tasma-przylepna-z-papierowa-podkladka\/","og_locale":"pl_PL","og_type":"article","og_title":"tesa\u00ae 60652 | Ta\u015bmy kardynalne","og_description":"tesa\u00ae 60652 to elastyczna ta\u015bma aluminiowa o grubo\u015bci folii 50 \u00b5m, z przezroczyst\u0105 akrylow\u0105 substancj\u0105 klej\u0105c\u0105 i bia\u0142\u0105, silikonowan\u0105 papierow\u0105 warstw\u0105 wierzchni\u0105 o grubo\u015bci 85 \u00b5m.","og_url":"https:\/\/cardinal-tapes.com\/pl\/ta\u015bmy-samoprzylepne\/jednostronne-tasmy-samoprzylepne\/tesa-60652-aluminiowa-tasma-przylepna-z-papierowa-podkladka\/","og_site_name":"cardinal TAPES","article_modified_time":"2025-07-02T11:21:26+00:00","og_image":[{"width":501,"height":501,"url":"https:\/\/cardinal-tapes.com\/wp-content\/uploads\/tesa-60632-pr-0012032760_canvas1x1_5.jpg","type":"image\/jpeg"}],"twitter_card":"summary_large_image","twitter_misc":{"Szacowany czas czytania":"1 minuta"},"schema":{"@context":"https:\/\/schema.org","@graph":[{"@type":"WebPage","@id":"https:\/\/cardinal-tapes.com\/pl\/ta\u015bmy-samoprzylepne\/jednostronne-tasmy-samoprzylepne\/tesa-60652-aluminiowa-tasma-przylepna-z-papierowa-podkladka\/","url":"https:\/\/cardinal-tapes.com\/pl\/ta\u015bmy-samoprzylepne\/jednostronne-tasmy-samoprzylepne\/tesa-60652-aluminiowa-tasma-przylepna-z-papierowa-podkladka\/","name":"tesa\u00ae 60652 | Ta\u015bmy kardynalne","isPartOf":{"@id":"https:\/\/cardinal-tapes.com\/#website"},"primaryImageOfPage":{"@id":"https:\/\/cardinal-tapes.com\/pl\/ta\u015bmy-samoprzylepne\/jednostronne-tasmy-samoprzylepne\/tesa-60652-aluminiowa-tasma-przylepna-z-papierowa-podkladka\/#primaryimage"},"image":{"@id":"https:\/\/cardinal-tapes.com\/pl\/ta\u015bmy-samoprzylepne\/jednostronne-tasmy-samoprzylepne\/tesa-60652-aluminiowa-tasma-przylepna-z-papierowa-podkladka\/#primaryimage"},"thumbnailUrl":"https:\/\/cardinal-tapes.com\/wp-content\/uploads\/tesa-60632-pr-0012032760_canvas1x1_5.jpg","datePublished":"2023-06-05T15:07:56+00:00","dateModified":"2025-07-02T11:21:26+00:00","description":"tesa\u00ae 60652 to elastyczna ta\u015bma aluminiowa o grubo\u015bci folii 50 \u00b5m, z przezroczyst\u0105 akrylow\u0105 substancj\u0105 klej\u0105c\u0105 i bia\u0142\u0105, silikonowan\u0105 papierow\u0105 warstw\u0105 wierzchni\u0105 o grubo\u015bci 85 \u00b5m.","breadcrumb":{"@id":"https:\/\/cardinal-tapes.com\/pl\/ta\u015bmy-samoprzylepne\/jednostronne-tasmy-samoprzylepne\/tesa-60652-aluminiowa-tasma-przylepna-z-papierowa-podkladka\/#breadcrumb"},"inLanguage":"pl-PL","potentialAction":[{"@type":"ReadAction","target":["https:\/\/cardinal-tapes.com\/pl\/ta\u015bmy-samoprzylepne\/jednostronne-tasmy-samoprzylepne\/tesa-60652-aluminiowa-tasma-przylepna-z-papierowa-podkladka\/"]}]},{"@type":"ImageObject","inLanguage":"pl-PL","@id":"https:\/\/cardinal-tapes.com\/pl\/ta\u015bmy-samoprzylepne\/jednostronne-tasmy-samoprzylepne\/tesa-60652-aluminiowa-tasma-przylepna-z-papierowa-podkladka\/#primaryimage","url":"https:\/\/cardinal-tapes.com\/wp-content\/uploads\/tesa-60632-pr-0012032760_canvas1x1_5.jpg","contentUrl":"https:\/\/cardinal-tapes.com\/wp-content\/uploads\/tesa-60632-pr-0012032760_canvas1x1_5.jpg","width":501,"height":501},{"@type":"BreadcrumbList","@id":"https:\/\/cardinal-tapes.com\/pl\/ta\u015bmy-samoprzylepne\/jednostronne-tasmy-samoprzylepne\/tesa-60652-aluminiowa-tasma-przylepna-z-papierowa-podkladka\/#breadcrumb","itemListElement":[{"@type":"ListItem","position":1,"name":"Startseite","item":"https:\/\/cardinal-tapes.com\/pl\/strona-glowna\/"},{"@type":"ListItem","position":2,"name":"Ta\u015bmy samoprzylepne","item":"https:\/\/cardinal-tapes.com\/pl\/tasmy-samoprzylepne-pl\/"},{"@type":"ListItem","position":3,"name":"Single sided adhesive tapes","item":"https:\/\/cardinal-tapes.com\/en\/category\/single-sided-adhesive-tapes\/"},{"@type":"ListItem","position":4,"name":"Aluminiowa ta\u015bma samoprzylepna tesa\u00ae 60652 z papierow\u0105 os\u0142on\u0105"}]},{"@type":"WebSite","@id":"https:\/\/cardinal-tapes.com\/#website","url":"https:\/\/cardinal-tapes.com\/","name":"cardinal TAPES","description":"Klebetechnik aus Wuppertal","potentialAction":[{"@type":"SearchAction","target":{"@type":"EntryPoint","urlTemplate":"https:\/\/cardinal-tapes.com\/?s={search_term_string}"},"query-input":{"@type":"PropertyValueSpecification","valueRequired":true,"valueName":"search_term_string"}}],"inLanguage":"pl-PL"}]}},"brands":[{"id":2164,"name":"tesa","slug":"tesa-pl"}],"_links":{"self":[{"href":"https:\/\/cardinal-tapes.com\/pl\/wp-json\/wp\/v2\/product\/49786","targetHints":{"allow":["GET"]}}],"collection":[{"href":"https:\/\/cardinal-tapes.com\/pl\/wp-json\/wp\/v2\/product"}],"about":[{"href":"https:\/\/cardinal-tapes.com\/pl\/wp-json\/wp\/v2\/types\/product"}],"wp:featuredmedia":[{"embeddable":true,"href":"https:\/\/cardinal-tapes.com\/pl\/wp-json\/wp\/v2\/media\/28442"}],"wp:attachment":[{"href":"https:\/\/cardinal-tapes.com\/pl\/wp-json\/wp\/v2\/media?parent=49786"}],"wp:term":[{"taxonomy":"pwb-brand","embeddable":true,"href":"https:\/\/cardinal-tapes.com\/pl\/wp-json\/wp\/v2\/pwb-brand?post=49786"},{"taxonomy":"product_brand","embeddable":true,"href":"https:\/\/cardinal-tapes.com\/pl\/wp-json\/wp\/v2\/product_brand?post=49786"},{"taxonomy":"product_cat","embeddable":true,"href":"https:\/\/cardinal-tapes.com\/pl\/wp-json\/wp\/v2\/product_cat?post=49786"},{"taxonomy":"product_tag","embeddable":true,"href":"https:\/\/cardinal-tapes.com\/pl\/wp-json\/wp\/v2\/product_tag?post=49786"}],"curies":[{"name":"wp","href":"https:\/\/api.w.org\/{rel}","templated":true}]}}