{"id":49780,"date":"2020-10-08T10:20:35","date_gmt":"2023-06-05T15:07:56","guid":{"rendered":"https:\/\/cardinal.pixel-tal.de\/klebebaender\/bez-kategorii\/tesakrepp-4308-tasma-maskujaca-z-niebieskiej-krepy\/"},"modified":"2025-07-02T13:09:51","modified_gmt":"2025-07-02T11:09:51","slug":"tesakrepp-4308-blue-crepe-temperature-resistant-covering-tape-for-demanding-work","status":"publish","type":"product","link":"https:\/\/cardinal-tapes.com\/pl\/ta\u015bmy-samoprzylepne\/obszary-zastosowan\/branza-budowlana\/tesakrepp-4308-blue-crepe-temperature-resistant-covering-tape-for-demanding-work\/","title":{"rendered":"tesakrepp\u00ae 4308 Ta\u015bma maskuj\u0105ca z niebieskiej krepy"},"content":{"rendered":"<p><sup>tesakrepp\u00ae<\/sup> 4308 to lekko krepowana papierowa ta\u015bma maskuj\u0105ca o doskona\u0142ej przyczepno\u015bci. Zapewnia to szybkie i niezawodne \u0142\u0105czenie nawet profili gumowych, szklanych i plastikowych. No\u015bnik jest niezwykle elastyczny, umo\u017cliwia precyzyjne klejenie na d\u0142ugich prostych odcinkach, a tak\u017ce w trudnych zakr\u0119tach i zapewnia czyste rezultaty malowania z ostrymi, precyzyjnymi kraw\u0119dziami farby. Nawet po wyschni\u0119ciu, <sup>tesakrepp\u00ae<\/sup> 4308 jest \u0142atwy do usuni\u0119cia.<\/p>\n<p><strong>W\u0142a\u015bciwo\u015bci<\/strong><br \/>\n&#8211; Odporno\u015b\u0107 na temperatur\u0119<br \/>\n&#8211; Dobra przyczepno\u015b\u0107 do farb<br \/>\n&#8211; Mo\u017cliwo\u015b\u0107 r\u0119cznego rozdarcia<\/p>\n<p><strong>Zastosowania<\/strong><br \/>\n&#8211; Maskowanie do wymagaj\u0105cych prac lakierniczych przy naprawie pojazd\u00f3w z p\u00f3\u017aniejszym suszeniem do 100\u00b0C (farby rozpuszczalnikowe i na bazie wody).<\/p>\n","protected":false},"excerpt":{"rendered":"<p>tesakrepp\u00ae 4308 to lekko krepowana papierowa ta\u015bma maskuj\u0105ca o doskona\u0142ej przyczepno\u015bci. Zapewnia to szybkie i niezawodne \u0142\u0105czenie nawet profili gumowych, szklanych i plastikowych. No\u015bnik jest niezwykle elastyczny, umo\u017cliwia precyzyjne klejenie na d\u0142ugich prostych odcinkach, a tak\u017ce w trudnych zakr\u0119tach i zapewnia czyste rezultaty malowania z ostrymi, precyzyjnymi kraw\u0119dziami farby. Nawet po wyschni\u0119ciu, tesakrepp\u00ae 4308 jest [&hellip;]<\/p>\n","protected":false},"featured_media":28434,"template":"","meta":{"_acf_changed":false},"pwb-brand":[2164],"product_brand":[],"product_cat":[1688,1693,1816],"product_tag":[],"class_list":{"0":"post-49780","1":"product","2":"type-product","3":"status-publish","4":"has-post-thumbnail","6":"pwb-brand-tesa-pl","7":"product_cat-branza-budowlana","8":"product_cat-przemysl-elektryczny","9":"product_cat-jednostronne-tasmy-samoprzylepne","11":"first","12":"instock","13":"taxable","14":"shipping-taxable","15":"purchasable","16":"product-type-variable"},"acf":[],"yoast_head":"<!-- This site is optimized with the Yoast SEO plugin v27.3 - https:\/\/yoast.com\/product\/yoast-seo-wordpress\/ -->\n<title>Ta\u015bmy tesakrepp\u00ae 4308 Blue Crepe | Cardinal TAPES<\/title>\n<meta name=\"description\" content=\"tesakrepp\u00ae 4308 to s\u0142abo krepowana papierowa ta\u015bma maskuj\u0105ca o doskona\u0142ej przyczepno\u015bci, kt\u00f3ra zapewnia szybk\u0105 i wysok\u0105 przyczepno\u015b\u0107 nawet do profili gumowych, szklanych i plastikowych.\" \/>\n<meta name=\"robots\" content=\"index, follow, max-snippet:-1, max-image-preview:large, max-video-preview:-1\" \/>\n<link rel=\"canonical\" href=\"https:\/\/cardinal-tapes.com\/pl\/ta\u015bmy-samoprzylepne\/obszary-zastosowan\/branza-budowlana\/tesakrepp-4308-blue-crepe-temperature-resistant-covering-tape-for-demanding-work\/\" \/>\n<meta property=\"og:locale\" content=\"pl_PL\" \/>\n<meta property=\"og:type\" content=\"article\" \/>\n<meta property=\"og:title\" content=\"Ta\u015bmy tesakrepp\u00ae 4308 Blue Crepe | Cardinal TAPES\" \/>\n<meta property=\"og:description\" content=\"tesakrepp\u00ae 4308 to s\u0142abo krepowana papierowa ta\u015bma maskuj\u0105ca o doskona\u0142ej przyczepno\u015bci, kt\u00f3ra zapewnia szybk\u0105 i wysok\u0105 przyczepno\u015b\u0107 nawet do profili gumowych, szklanych i plastikowych.\" \/>\n<meta property=\"og:url\" content=\"https:\/\/cardinal-tapes.com\/pl\/ta\u015bmy-samoprzylepne\/obszary-zastosowan\/branza-budowlana\/tesakrepp-4308-blue-crepe-temperature-resistant-covering-tape-for-demanding-work\/\" \/>\n<meta property=\"og:site_name\" content=\"cardinal TAPES\" \/>\n<meta property=\"article:modified_time\" content=\"2025-07-02T11:09:51+00:00\" \/>\n<meta property=\"og:image\" content=\"https:\/\/cardinal-tapes.com\/wp-content\/uploads\/221920_tesakrepp_4308_kg.jpg\" \/>\n\t<meta property=\"og:image:width\" content=\"250\" \/>\n\t<meta property=\"og:image:height\" content=\"250\" \/>\n\t<meta property=\"og:image:type\" content=\"image\/jpeg\" \/>\n<meta name=\"twitter:card\" content=\"summary_large_image\" \/>\n<meta name=\"twitter:label1\" content=\"Szacowany czas czytania\" \/>\n\t<meta name=\"twitter:data1\" content=\"1 minuta\" \/>\n<script type=\"application\/ld+json\" class=\"yoast-schema-graph\">{\"@context\":\"https:\\\/\\\/schema.org\",\"@graph\":[{\"@type\":\"WebPage\",\"@id\":\"https:\\\/\\\/cardinal-tapes.com\\\/pl\\\/ta\u015bmy-samoprzylepne\\\/obszary-zastosowan\\\/branza-budowlana\\\/tesakrepp-4308-blue-crepe-temperature-resistant-covering-tape-for-demanding-work\\\/\",\"url\":\"https:\\\/\\\/cardinal-tapes.com\\\/pl\\\/ta\u015bmy-samoprzylepne\\\/obszary-zastosowan\\\/branza-budowlana\\\/tesakrepp-4308-blue-crepe-temperature-resistant-covering-tape-for-demanding-work\\\/\",\"name\":\"Ta\u015bmy tesakrepp\u00ae 4308 Blue Crepe | Cardinal TAPES\",\"isPartOf\":{\"@id\":\"https:\\\/\\\/cardinal-tapes.com\\\/#website\"},\"primaryImageOfPage\":{\"@id\":\"https:\\\/\\\/cardinal-tapes.com\\\/pl\\\/ta\u015bmy-samoprzylepne\\\/obszary-zastosowan\\\/branza-budowlana\\\/tesakrepp-4308-blue-crepe-temperature-resistant-covering-tape-for-demanding-work\\\/#primaryimage\"},\"image\":{\"@id\":\"https:\\\/\\\/cardinal-tapes.com\\\/pl\\\/ta\u015bmy-samoprzylepne\\\/obszary-zastosowan\\\/branza-budowlana\\\/tesakrepp-4308-blue-crepe-temperature-resistant-covering-tape-for-demanding-work\\\/#primaryimage\"},\"thumbnailUrl\":\"https:\\\/\\\/cardinal-tapes.com\\\/wp-content\\\/uploads\\\/221920_tesakrepp_4308_kg.jpg\",\"datePublished\":\"2023-06-05T15:07:56+00:00\",\"dateModified\":\"2025-07-02T11:09:51+00:00\",\"description\":\"tesakrepp\u00ae 4308 to s\u0142abo krepowana papierowa ta\u015bma maskuj\u0105ca o doskona\u0142ej przyczepno\u015bci, kt\u00f3ra zapewnia szybk\u0105 i wysok\u0105 przyczepno\u015b\u0107 nawet do profili gumowych, szklanych i plastikowych.\",\"breadcrumb\":{\"@id\":\"https:\\\/\\\/cardinal-tapes.com\\\/pl\\\/ta\u015bmy-samoprzylepne\\\/obszary-zastosowan\\\/branza-budowlana\\\/tesakrepp-4308-blue-crepe-temperature-resistant-covering-tape-for-demanding-work\\\/#breadcrumb\"},\"inLanguage\":\"pl-PL\",\"potentialAction\":[{\"@type\":\"ReadAction\",\"target\":[\"https:\\\/\\\/cardinal-tapes.com\\\/pl\\\/ta\u015bmy-samoprzylepne\\\/obszary-zastosowan\\\/branza-budowlana\\\/tesakrepp-4308-blue-crepe-temperature-resistant-covering-tape-for-demanding-work\\\/\"]}]},{\"@type\":\"ImageObject\",\"inLanguage\":\"pl-PL\",\"@id\":\"https:\\\/\\\/cardinal-tapes.com\\\/pl\\\/ta\u015bmy-samoprzylepne\\\/obszary-zastosowan\\\/branza-budowlana\\\/tesakrepp-4308-blue-crepe-temperature-resistant-covering-tape-for-demanding-work\\\/#primaryimage\",\"url\":\"https:\\\/\\\/cardinal-tapes.com\\\/wp-content\\\/uploads\\\/221920_tesakrepp_4308_kg.jpg\",\"contentUrl\":\"https:\\\/\\\/cardinal-tapes.com\\\/wp-content\\\/uploads\\\/221920_tesakrepp_4308_kg.jpg\",\"width\":250,\"height\":250},{\"@type\":\"BreadcrumbList\",\"@id\":\"https:\\\/\\\/cardinal-tapes.com\\\/pl\\\/ta\u015bmy-samoprzylepne\\\/obszary-zastosowan\\\/branza-budowlana\\\/tesakrepp-4308-blue-crepe-temperature-resistant-covering-tape-for-demanding-work\\\/#breadcrumb\",\"itemListElement\":[{\"@type\":\"ListItem\",\"position\":1,\"name\":\"Startseite\",\"item\":\"https:\\\/\\\/cardinal-tapes.com\\\/pl\\\/strona-glowna\\\/\"},{\"@type\":\"ListItem\",\"position\":2,\"name\":\"Ta\u015bmy samoprzylepne\",\"item\":\"https:\\\/\\\/cardinal-tapes.com\\\/pl\\\/tasmy-samoprzylepne-pl\\\/\"},{\"@type\":\"ListItem\",\"position\":3,\"name\":\"Obszary zastosowa\u0144\",\"item\":\"https:\\\/\\\/cardinal-tapes.com\\\/pl\\\/kategoria\\\/obszary-zastosowan\\\/\"},{\"@type\":\"ListItem\",\"position\":4,\"name\":\"Bran\u017ca budowlana\",\"item\":\"https:\\\/\\\/cardinal-tapes.com\\\/pl\\\/kategoria\\\/branza-budowlana\\\/\"},{\"@type\":\"ListItem\",\"position\":5,\"name\":\"tesakrepp\u00ae 4308 Ta\u015bma maskuj\u0105ca z niebieskiej krepy\"}]},{\"@type\":\"WebSite\",\"@id\":\"https:\\\/\\\/cardinal-tapes.com\\\/#website\",\"url\":\"https:\\\/\\\/cardinal-tapes.com\\\/\",\"name\":\"cardinal TAPES\",\"description\":\"Klebetechnik aus Wuppertal\",\"potentialAction\":[{\"@type\":\"SearchAction\",\"target\":{\"@type\":\"EntryPoint\",\"urlTemplate\":\"https:\\\/\\\/cardinal-tapes.com\\\/?s={search_term_string}\"},\"query-input\":{\"@type\":\"PropertyValueSpecification\",\"valueRequired\":true,\"valueName\":\"search_term_string\"}}],\"inLanguage\":\"pl-PL\"}]}<\/script>\n<!-- \/ Yoast SEO plugin. -->","yoast_head_json":{"title":"Ta\u015bmy tesakrepp\u00ae 4308 Blue Crepe | Cardinal TAPES","description":"tesakrepp\u00ae 4308 to s\u0142abo krepowana papierowa ta\u015bma maskuj\u0105ca o doskona\u0142ej przyczepno\u015bci, kt\u00f3ra zapewnia szybk\u0105 i wysok\u0105 przyczepno\u015b\u0107 nawet do profili gumowych, szklanych i plastikowych.","robots":{"index":"index","follow":"follow","max-snippet":"max-snippet:-1","max-image-preview":"max-image-preview:large","max-video-preview":"max-video-preview:-1"},"canonical":"https:\/\/cardinal-tapes.com\/pl\/ta\u015bmy-samoprzylepne\/obszary-zastosowan\/branza-budowlana\/tesakrepp-4308-blue-crepe-temperature-resistant-covering-tape-for-demanding-work\/","og_locale":"pl_PL","og_type":"article","og_title":"Ta\u015bmy tesakrepp\u00ae 4308 Blue Crepe | Cardinal TAPES","og_description":"tesakrepp\u00ae 4308 to s\u0142abo krepowana papierowa ta\u015bma maskuj\u0105ca o doskona\u0142ej przyczepno\u015bci, kt\u00f3ra zapewnia szybk\u0105 i wysok\u0105 przyczepno\u015b\u0107 nawet do profili gumowych, szklanych i plastikowych.","og_url":"https:\/\/cardinal-tapes.com\/pl\/ta\u015bmy-samoprzylepne\/obszary-zastosowan\/branza-budowlana\/tesakrepp-4308-blue-crepe-temperature-resistant-covering-tape-for-demanding-work\/","og_site_name":"cardinal TAPES","article_modified_time":"2025-07-02T11:09:51+00:00","og_image":[{"width":250,"height":250,"url":"https:\/\/cardinal-tapes.com\/wp-content\/uploads\/221920_tesakrepp_4308_kg.jpg","type":"image\/jpeg"}],"twitter_card":"summary_large_image","twitter_misc":{"Szacowany czas czytania":"1 minuta"},"schema":{"@context":"https:\/\/schema.org","@graph":[{"@type":"WebPage","@id":"https:\/\/cardinal-tapes.com\/pl\/ta\u015bmy-samoprzylepne\/obszary-zastosowan\/branza-budowlana\/tesakrepp-4308-blue-crepe-temperature-resistant-covering-tape-for-demanding-work\/","url":"https:\/\/cardinal-tapes.com\/pl\/ta\u015bmy-samoprzylepne\/obszary-zastosowan\/branza-budowlana\/tesakrepp-4308-blue-crepe-temperature-resistant-covering-tape-for-demanding-work\/","name":"Ta\u015bmy tesakrepp\u00ae 4308 Blue Crepe | Cardinal TAPES","isPartOf":{"@id":"https:\/\/cardinal-tapes.com\/#website"},"primaryImageOfPage":{"@id":"https:\/\/cardinal-tapes.com\/pl\/ta\u015bmy-samoprzylepne\/obszary-zastosowan\/branza-budowlana\/tesakrepp-4308-blue-crepe-temperature-resistant-covering-tape-for-demanding-work\/#primaryimage"},"image":{"@id":"https:\/\/cardinal-tapes.com\/pl\/ta\u015bmy-samoprzylepne\/obszary-zastosowan\/branza-budowlana\/tesakrepp-4308-blue-crepe-temperature-resistant-covering-tape-for-demanding-work\/#primaryimage"},"thumbnailUrl":"https:\/\/cardinal-tapes.com\/wp-content\/uploads\/221920_tesakrepp_4308_kg.jpg","datePublished":"2023-06-05T15:07:56+00:00","dateModified":"2025-07-02T11:09:51+00:00","description":"tesakrepp\u00ae 4308 to s\u0142abo krepowana papierowa ta\u015bma maskuj\u0105ca o doskona\u0142ej przyczepno\u015bci, kt\u00f3ra zapewnia szybk\u0105 i wysok\u0105 przyczepno\u015b\u0107 nawet do profili gumowych, szklanych i plastikowych.","breadcrumb":{"@id":"https:\/\/cardinal-tapes.com\/pl\/ta\u015bmy-samoprzylepne\/obszary-zastosowan\/branza-budowlana\/tesakrepp-4308-blue-crepe-temperature-resistant-covering-tape-for-demanding-work\/#breadcrumb"},"inLanguage":"pl-PL","potentialAction":[{"@type":"ReadAction","target":["https:\/\/cardinal-tapes.com\/pl\/ta\u015bmy-samoprzylepne\/obszary-zastosowan\/branza-budowlana\/tesakrepp-4308-blue-crepe-temperature-resistant-covering-tape-for-demanding-work\/"]}]},{"@type":"ImageObject","inLanguage":"pl-PL","@id":"https:\/\/cardinal-tapes.com\/pl\/ta\u015bmy-samoprzylepne\/obszary-zastosowan\/branza-budowlana\/tesakrepp-4308-blue-crepe-temperature-resistant-covering-tape-for-demanding-work\/#primaryimage","url":"https:\/\/cardinal-tapes.com\/wp-content\/uploads\/221920_tesakrepp_4308_kg.jpg","contentUrl":"https:\/\/cardinal-tapes.com\/wp-content\/uploads\/221920_tesakrepp_4308_kg.jpg","width":250,"height":250},{"@type":"BreadcrumbList","@id":"https:\/\/cardinal-tapes.com\/pl\/ta\u015bmy-samoprzylepne\/obszary-zastosowan\/branza-budowlana\/tesakrepp-4308-blue-crepe-temperature-resistant-covering-tape-for-demanding-work\/#breadcrumb","itemListElement":[{"@type":"ListItem","position":1,"name":"Startseite","item":"https:\/\/cardinal-tapes.com\/pl\/strona-glowna\/"},{"@type":"ListItem","position":2,"name":"Ta\u015bmy samoprzylepne","item":"https:\/\/cardinal-tapes.com\/pl\/tasmy-samoprzylepne-pl\/"},{"@type":"ListItem","position":3,"name":"Obszary zastosowa\u0144","item":"https:\/\/cardinal-tapes.com\/pl\/kategoria\/obszary-zastosowan\/"},{"@type":"ListItem","position":4,"name":"Bran\u017ca budowlana","item":"https:\/\/cardinal-tapes.com\/pl\/kategoria\/branza-budowlana\/"},{"@type":"ListItem","position":5,"name":"tesakrepp\u00ae 4308 Ta\u015bma maskuj\u0105ca z niebieskiej krepy"}]},{"@type":"WebSite","@id":"https:\/\/cardinal-tapes.com\/#website","url":"https:\/\/cardinal-tapes.com\/","name":"cardinal TAPES","description":"Klebetechnik aus Wuppertal","potentialAction":[{"@type":"SearchAction","target":{"@type":"EntryPoint","urlTemplate":"https:\/\/cardinal-tapes.com\/?s={search_term_string}"},"query-input":{"@type":"PropertyValueSpecification","valueRequired":true,"valueName":"search_term_string"}}],"inLanguage":"pl-PL"}]}},"brands":[{"id":2164,"name":"tesa","slug":"tesa-pl"}],"_links":{"self":[{"href":"https:\/\/cardinal-tapes.com\/pl\/wp-json\/wp\/v2\/product\/49780","targetHints":{"allow":["GET"]}}],"collection":[{"href":"https:\/\/cardinal-tapes.com\/pl\/wp-json\/wp\/v2\/product"}],"about":[{"href":"https:\/\/cardinal-tapes.com\/pl\/wp-json\/wp\/v2\/types\/product"}],"wp:featuredmedia":[{"embeddable":true,"href":"https:\/\/cardinal-tapes.com\/pl\/wp-json\/wp\/v2\/media\/28434"}],"wp:attachment":[{"href":"https:\/\/cardinal-tapes.com\/pl\/wp-json\/wp\/v2\/media?parent=49780"}],"wp:term":[{"taxonomy":"pwb-brand","embeddable":true,"href":"https:\/\/cardinal-tapes.com\/pl\/wp-json\/wp\/v2\/pwb-brand?post=49780"},{"taxonomy":"product_brand","embeddable":true,"href":"https:\/\/cardinal-tapes.com\/pl\/wp-json\/wp\/v2\/product_brand?post=49780"},{"taxonomy":"product_cat","embeddable":true,"href":"https:\/\/cardinal-tapes.com\/pl\/wp-json\/wp\/v2\/product_cat?post=49780"},{"taxonomy":"product_tag","embeddable":true,"href":"https:\/\/cardinal-tapes.com\/pl\/wp-json\/wp\/v2\/product_tag?post=49780"}],"curies":[{"name":"wp","href":"https:\/\/api.w.org\/{rel}","templated":true}]}}