{"id":49774,"date":"2020-10-08T10:05:51","date_gmt":"2020-10-08T08:05:51","guid":{"rendered":"https:\/\/cardinal.pixel-tal.de\/klebebaender\/bez-kategorii\/tesa-professional-4334-precision-crepe-plus\/"},"modified":"2025-07-02T13:08:26","modified_gmt":"2025-07-02T11:08:26","slug":"tesa-precision-crepe-4334","status":"publish","type":"product","link":"https:\/\/cardinal-tapes.com\/pl\/ta\u015bmy-samoprzylepne\/obszary-zastosowan\/przemysl-elektryczny\/tesa-precision-crepe-4334\/","title":{"rendered":"tesa\u00ae Professional 4334 Precision Crepe\u00ae PLUS"},"content":{"rendered":"<p>Ta\u015bma <span class=\"lowercase\">tesa<\/span> <sup>Pr\u00e4zisionskrepp\u00ae<\/sup> 4334 sk\u0142ada si\u0119 z wyj\u0105tkowo cienkiego i odpornego na rozdarcia podk\u0142adu papierowego, wyposa\u017conego w akrylow\u0105 substancj\u0119 klej\u0105c\u0105.<br \/>\nProdukt nadaje si\u0119 do wielu zastosowa\u0144 malarskich do 6 miesi\u0119cy w pomieszczeniach i do 8 tygodni na zewn\u0105trz, kt\u00f3re wymagaj\u0105 p\u0142askiej, precyzyjnej i ostrej kraw\u0119dzi farby i lakieru.<\/p>\n<p><strong>W\u0142a\u015bciwo\u015bci<\/strong><br \/>\n&#8211; Cienki i wyj\u0105tkowo odporny na rozdarcia specjalny papier washi<br \/>\n&#8211; Wyj\u0105tkowo \u0142atwy w aplikacji i usuwaniu<br \/>\n&#8211; Mo\u017ce by\u0107 usuwany bez pozostawiania \u015blad\u00f3w przez 6 miesi\u0119cy w pomieszczeniach i 8 tygodni na zewn\u0105trz<br \/>\n&#8211; Ostre jak brzytwa, p\u0142askie kraw\u0119dzie farby<br \/>\n&#8211; Elastyczny specjalny papier o sta\u0142ej sile klejenia zapewniaj\u0105cy doskona\u0142e rezultaty<\/p>\n<p><strong>Zastosowania<\/strong><br \/>\n&#8211; Mo\u017ce by\u0107 stosowany na r\u00f3\u017cnych wra\u017cliwych powierzchniach, takich jak szk\u0142o, aluminium, HPVC i drewno.<\/p>\n","protected":false},"excerpt":{"rendered":"<p>Ta\u015bma tesa Pr\u00e4zisionskrepp\u00ae 4334 sk\u0142ada si\u0119 z wyj\u0105tkowo cienkiego i odpornego na rozdarcia podk\u0142adu papierowego, wyposa\u017conego w akrylow\u0105 substancj\u0119 klej\u0105c\u0105. Produkt nadaje si\u0119 do wielu zastosowa\u0144 malarskich do 6 miesi\u0119cy w pomieszczeniach i do 8 tygodni na zewn\u0105trz, kt\u00f3re wymagaj\u0105 p\u0142askiej, precyzyjnej i ostrej kraw\u0119dzi farby i lakieru. W\u0142a\u015bciwo\u015bci &#8211; Cienki i wyj\u0105tkowo odporny na [&hellip;]<\/p>\n","protected":false},"featured_media":28430,"template":"","meta":{"_acf_changed":false},"pwb-brand":[2164],"product_brand":[],"product_cat":[1693,1719,1813,1816],"product_tag":[],"class_list":{"0":"post-49774","1":"product","2":"type-product","3":"status-publish","4":"has-post-thumbnail","6":"pwb-brand-tesa-pl","7":"product_cat-przemysl-elektryczny","8":"product_cat-tasma-maskujaca-do-farb","9":"product_cat-tasma-samoprzylepna-z-wlokniny","10":"product_cat-jednostronne-tasmy-samoprzylepne","12":"first","13":"outofstock","14":"featured","15":"taxable","16":"shipping-taxable","17":"product-type-variable"},"acf":[],"yoast_head":"<!-- This site is optimized with the Yoast SEO plugin v27.3 - https:\/\/yoast.com\/product\/yoast-seo-wordpress\/ -->\n<title>Ta\u015bma tesa\u00ae Professional 4334 Precision Crepe\u00ae PLUS | Ta\u015bmy kardynalne<\/title>\n<meta name=\"description\" content=\"Ta\u015bma tesa Precision Crepe\u00ae 4334 sk\u0142ada si\u0119 z niezwykle cienkiego i odpornego na rozdarcia no\u015bnika papierowego, wyposa\u017conego w akrylow\u0105 mas\u0119 klej\u0105c\u0105.\" \/>\n<meta name=\"robots\" content=\"index, follow, max-snippet:-1, max-image-preview:large, max-video-preview:-1\" \/>\n<link rel=\"canonical\" href=\"https:\/\/cardinal-tapes.com\/pl\/ta\u015bmy-samoprzylepne\/obszary-zastosowan\/przemysl-elektryczny\/tesa-precision-crepe-4334\/\" \/>\n<meta property=\"og:locale\" content=\"pl_PL\" \/>\n<meta property=\"og:type\" content=\"article\" \/>\n<meta property=\"og:title\" content=\"Ta\u015bma tesa\u00ae Professional 4334 Precision Crepe\u00ae PLUS | Ta\u015bmy kardynalne\" \/>\n<meta property=\"og:description\" content=\"Ta\u015bma tesa Precision Crepe\u00ae 4334 sk\u0142ada si\u0119 z niezwykle cienkiego i odpornego na rozdarcia no\u015bnika papierowego, wyposa\u017conego w akrylow\u0105 mas\u0119 klej\u0105c\u0105.\" \/>\n<meta property=\"og:url\" content=\"https:\/\/cardinal-tapes.com\/pl\/ta\u015bmy-samoprzylepne\/obszary-zastosowan\/przemysl-elektryczny\/tesa-precision-crepe-4334\/\" \/>\n<meta property=\"og:site_name\" content=\"cardinal TAPES\" \/>\n<meta property=\"article:modified_time\" content=\"2025-07-02T11:08:26+00:00\" \/>\n<meta property=\"og:image\" content=\"https:\/\/cardinal-tapes.com\/wp-content\/uploads\/tesa-4330-paper-masking-tape-oven-drying-chamois-043300002000-pr1898525_canvas1x1_5.jpg\" \/>\n\t<meta property=\"og:image:width\" content=\"501\" \/>\n\t<meta property=\"og:image:height\" content=\"501\" \/>\n\t<meta property=\"og:image:type\" content=\"image\/jpeg\" \/>\n<meta name=\"twitter:card\" content=\"summary_large_image\" \/>\n<meta name=\"twitter:label1\" content=\"Szacowany czas czytania\" \/>\n\t<meta name=\"twitter:data1\" content=\"1 minuta\" \/>\n<script type=\"application\/ld+json\" class=\"yoast-schema-graph\">{\"@context\":\"https:\\\/\\\/schema.org\",\"@graph\":[{\"@type\":\"WebPage\",\"@id\":\"https:\\\/\\\/cardinal-tapes.com\\\/pl\\\/ta\u015bmy-samoprzylepne\\\/obszary-zastosowan\\\/przemysl-elektryczny\\\/tesa-precision-crepe-4334\\\/\",\"url\":\"https:\\\/\\\/cardinal-tapes.com\\\/pl\\\/ta\u015bmy-samoprzylepne\\\/obszary-zastosowan\\\/przemysl-elektryczny\\\/tesa-precision-crepe-4334\\\/\",\"name\":\"Ta\u015bma tesa\u00ae Professional 4334 Precision Crepe\u00ae PLUS | Ta\u015bmy kardynalne\",\"isPartOf\":{\"@id\":\"https:\\\/\\\/cardinal-tapes.com\\\/#website\"},\"primaryImageOfPage\":{\"@id\":\"https:\\\/\\\/cardinal-tapes.com\\\/pl\\\/ta\u015bmy-samoprzylepne\\\/obszary-zastosowan\\\/przemysl-elektryczny\\\/tesa-precision-crepe-4334\\\/#primaryimage\"},\"image\":{\"@id\":\"https:\\\/\\\/cardinal-tapes.com\\\/pl\\\/ta\u015bmy-samoprzylepne\\\/obszary-zastosowan\\\/przemysl-elektryczny\\\/tesa-precision-crepe-4334\\\/#primaryimage\"},\"thumbnailUrl\":\"https:\\\/\\\/cardinal-tapes.com\\\/wp-content\\\/uploads\\\/tesa-4330-paper-masking-tape-oven-drying-chamois-043300002000-pr1898525_canvas1x1_5.jpg\",\"datePublished\":\"2020-10-08T08:05:51+00:00\",\"dateModified\":\"2025-07-02T11:08:26+00:00\",\"description\":\"Ta\u015bma tesa Precision Crepe\u00ae 4334 sk\u0142ada si\u0119 z niezwykle cienkiego i odpornego na rozdarcia no\u015bnika papierowego, wyposa\u017conego w akrylow\u0105 mas\u0119 klej\u0105c\u0105.\",\"breadcrumb\":{\"@id\":\"https:\\\/\\\/cardinal-tapes.com\\\/pl\\\/ta\u015bmy-samoprzylepne\\\/obszary-zastosowan\\\/przemysl-elektryczny\\\/tesa-precision-crepe-4334\\\/#breadcrumb\"},\"inLanguage\":\"pl-PL\",\"potentialAction\":[{\"@type\":\"ReadAction\",\"target\":[\"https:\\\/\\\/cardinal-tapes.com\\\/pl\\\/ta\u015bmy-samoprzylepne\\\/obszary-zastosowan\\\/przemysl-elektryczny\\\/tesa-precision-crepe-4334\\\/\"]}]},{\"@type\":\"ImageObject\",\"inLanguage\":\"pl-PL\",\"@id\":\"https:\\\/\\\/cardinal-tapes.com\\\/pl\\\/ta\u015bmy-samoprzylepne\\\/obszary-zastosowan\\\/przemysl-elektryczny\\\/tesa-precision-crepe-4334\\\/#primaryimage\",\"url\":\"https:\\\/\\\/cardinal-tapes.com\\\/wp-content\\\/uploads\\\/tesa-4330-paper-masking-tape-oven-drying-chamois-043300002000-pr1898525_canvas1x1_5.jpg\",\"contentUrl\":\"https:\\\/\\\/cardinal-tapes.com\\\/wp-content\\\/uploads\\\/tesa-4330-paper-masking-tape-oven-drying-chamois-043300002000-pr1898525_canvas1x1_5.jpg\",\"width\":501,\"height\":501},{\"@type\":\"BreadcrumbList\",\"@id\":\"https:\\\/\\\/cardinal-tapes.com\\\/pl\\\/ta\u015bmy-samoprzylepne\\\/obszary-zastosowan\\\/przemysl-elektryczny\\\/tesa-precision-crepe-4334\\\/#breadcrumb\",\"itemListElement\":[{\"@type\":\"ListItem\",\"position\":1,\"name\":\"Startseite\",\"item\":\"https:\\\/\\\/cardinal-tapes.com\\\/pl\\\/strona-glowna\\\/\"},{\"@type\":\"ListItem\",\"position\":2,\"name\":\"Ta\u015bmy samoprzylepne\",\"item\":\"https:\\\/\\\/cardinal-tapes.com\\\/pl\\\/tasmy-samoprzylepne-pl\\\/\"},{\"@type\":\"ListItem\",\"position\":3,\"name\":\"Obszary zastosowa\u0144\",\"item\":\"https:\\\/\\\/cardinal-tapes.com\\\/pl\\\/kategoria\\\/obszary-zastosowan\\\/\"},{\"@type\":\"ListItem\",\"position\":4,\"name\":\"Przemys\u0142 elektryczny\",\"item\":\"https:\\\/\\\/cardinal-tapes.com\\\/pl\\\/kategoria\\\/przemysl-elektryczny\\\/\"},{\"@type\":\"ListItem\",\"position\":5,\"name\":\"tesa\u00ae Professional 4334 Precision Crepe\u00ae PLUS\"}]},{\"@type\":\"WebSite\",\"@id\":\"https:\\\/\\\/cardinal-tapes.com\\\/#website\",\"url\":\"https:\\\/\\\/cardinal-tapes.com\\\/\",\"name\":\"cardinal TAPES\",\"description\":\"Klebetechnik aus Wuppertal\",\"potentialAction\":[{\"@type\":\"SearchAction\",\"target\":{\"@type\":\"EntryPoint\",\"urlTemplate\":\"https:\\\/\\\/cardinal-tapes.com\\\/?s={search_term_string}\"},\"query-input\":{\"@type\":\"PropertyValueSpecification\",\"valueRequired\":true,\"valueName\":\"search_term_string\"}}],\"inLanguage\":\"pl-PL\"}]}<\/script>\n<!-- \/ Yoast SEO plugin. -->","yoast_head_json":{"title":"Ta\u015bma tesa\u00ae Professional 4334 Precision Crepe\u00ae PLUS | Ta\u015bmy kardynalne","description":"Ta\u015bma tesa Precision Crepe\u00ae 4334 sk\u0142ada si\u0119 z niezwykle cienkiego i odpornego na rozdarcia no\u015bnika papierowego, wyposa\u017conego w akrylow\u0105 mas\u0119 klej\u0105c\u0105.","robots":{"index":"index","follow":"follow","max-snippet":"max-snippet:-1","max-image-preview":"max-image-preview:large","max-video-preview":"max-video-preview:-1"},"canonical":"https:\/\/cardinal-tapes.com\/pl\/ta\u015bmy-samoprzylepne\/obszary-zastosowan\/przemysl-elektryczny\/tesa-precision-crepe-4334\/","og_locale":"pl_PL","og_type":"article","og_title":"Ta\u015bma tesa\u00ae Professional 4334 Precision Crepe\u00ae PLUS | Ta\u015bmy kardynalne","og_description":"Ta\u015bma tesa Precision Crepe\u00ae 4334 sk\u0142ada si\u0119 z niezwykle cienkiego i odpornego na rozdarcia no\u015bnika papierowego, wyposa\u017conego w akrylow\u0105 mas\u0119 klej\u0105c\u0105.","og_url":"https:\/\/cardinal-tapes.com\/pl\/ta\u015bmy-samoprzylepne\/obszary-zastosowan\/przemysl-elektryczny\/tesa-precision-crepe-4334\/","og_site_name":"cardinal TAPES","article_modified_time":"2025-07-02T11:08:26+00:00","og_image":[{"width":501,"height":501,"url":"https:\/\/cardinal-tapes.com\/wp-content\/uploads\/tesa-4330-paper-masking-tape-oven-drying-chamois-043300002000-pr1898525_canvas1x1_5.jpg","type":"image\/jpeg"}],"twitter_card":"summary_large_image","twitter_misc":{"Szacowany czas czytania":"1 minuta"},"schema":{"@context":"https:\/\/schema.org","@graph":[{"@type":"WebPage","@id":"https:\/\/cardinal-tapes.com\/pl\/ta\u015bmy-samoprzylepne\/obszary-zastosowan\/przemysl-elektryczny\/tesa-precision-crepe-4334\/","url":"https:\/\/cardinal-tapes.com\/pl\/ta\u015bmy-samoprzylepne\/obszary-zastosowan\/przemysl-elektryczny\/tesa-precision-crepe-4334\/","name":"Ta\u015bma tesa\u00ae Professional 4334 Precision Crepe\u00ae PLUS | Ta\u015bmy kardynalne","isPartOf":{"@id":"https:\/\/cardinal-tapes.com\/#website"},"primaryImageOfPage":{"@id":"https:\/\/cardinal-tapes.com\/pl\/ta\u015bmy-samoprzylepne\/obszary-zastosowan\/przemysl-elektryczny\/tesa-precision-crepe-4334\/#primaryimage"},"image":{"@id":"https:\/\/cardinal-tapes.com\/pl\/ta\u015bmy-samoprzylepne\/obszary-zastosowan\/przemysl-elektryczny\/tesa-precision-crepe-4334\/#primaryimage"},"thumbnailUrl":"https:\/\/cardinal-tapes.com\/wp-content\/uploads\/tesa-4330-paper-masking-tape-oven-drying-chamois-043300002000-pr1898525_canvas1x1_5.jpg","datePublished":"2020-10-08T08:05:51+00:00","dateModified":"2025-07-02T11:08:26+00:00","description":"Ta\u015bma tesa Precision Crepe\u00ae 4334 sk\u0142ada si\u0119 z niezwykle cienkiego i odpornego na rozdarcia no\u015bnika papierowego, wyposa\u017conego w akrylow\u0105 mas\u0119 klej\u0105c\u0105.","breadcrumb":{"@id":"https:\/\/cardinal-tapes.com\/pl\/ta\u015bmy-samoprzylepne\/obszary-zastosowan\/przemysl-elektryczny\/tesa-precision-crepe-4334\/#breadcrumb"},"inLanguage":"pl-PL","potentialAction":[{"@type":"ReadAction","target":["https:\/\/cardinal-tapes.com\/pl\/ta\u015bmy-samoprzylepne\/obszary-zastosowan\/przemysl-elektryczny\/tesa-precision-crepe-4334\/"]}]},{"@type":"ImageObject","inLanguage":"pl-PL","@id":"https:\/\/cardinal-tapes.com\/pl\/ta\u015bmy-samoprzylepne\/obszary-zastosowan\/przemysl-elektryczny\/tesa-precision-crepe-4334\/#primaryimage","url":"https:\/\/cardinal-tapes.com\/wp-content\/uploads\/tesa-4330-paper-masking-tape-oven-drying-chamois-043300002000-pr1898525_canvas1x1_5.jpg","contentUrl":"https:\/\/cardinal-tapes.com\/wp-content\/uploads\/tesa-4330-paper-masking-tape-oven-drying-chamois-043300002000-pr1898525_canvas1x1_5.jpg","width":501,"height":501},{"@type":"BreadcrumbList","@id":"https:\/\/cardinal-tapes.com\/pl\/ta\u015bmy-samoprzylepne\/obszary-zastosowan\/przemysl-elektryczny\/tesa-precision-crepe-4334\/#breadcrumb","itemListElement":[{"@type":"ListItem","position":1,"name":"Startseite","item":"https:\/\/cardinal-tapes.com\/pl\/strona-glowna\/"},{"@type":"ListItem","position":2,"name":"Ta\u015bmy samoprzylepne","item":"https:\/\/cardinal-tapes.com\/pl\/tasmy-samoprzylepne-pl\/"},{"@type":"ListItem","position":3,"name":"Obszary zastosowa\u0144","item":"https:\/\/cardinal-tapes.com\/pl\/kategoria\/obszary-zastosowan\/"},{"@type":"ListItem","position":4,"name":"Przemys\u0142 elektryczny","item":"https:\/\/cardinal-tapes.com\/pl\/kategoria\/przemysl-elektryczny\/"},{"@type":"ListItem","position":5,"name":"tesa\u00ae Professional 4334 Precision Crepe\u00ae PLUS"}]},{"@type":"WebSite","@id":"https:\/\/cardinal-tapes.com\/#website","url":"https:\/\/cardinal-tapes.com\/","name":"cardinal TAPES","description":"Klebetechnik aus Wuppertal","potentialAction":[{"@type":"SearchAction","target":{"@type":"EntryPoint","urlTemplate":"https:\/\/cardinal-tapes.com\/?s={search_term_string}"},"query-input":{"@type":"PropertyValueSpecification","valueRequired":true,"valueName":"search_term_string"}}],"inLanguage":"pl-PL"}]}},"brands":[{"id":2164,"name":"tesa","slug":"tesa-pl"}],"_links":{"self":[{"href":"https:\/\/cardinal-tapes.com\/pl\/wp-json\/wp\/v2\/product\/49774","targetHints":{"allow":["GET"]}}],"collection":[{"href":"https:\/\/cardinal-tapes.com\/pl\/wp-json\/wp\/v2\/product"}],"about":[{"href":"https:\/\/cardinal-tapes.com\/pl\/wp-json\/wp\/v2\/types\/product"}],"wp:featuredmedia":[{"embeddable":true,"href":"https:\/\/cardinal-tapes.com\/pl\/wp-json\/wp\/v2\/media\/28430"}],"wp:attachment":[{"href":"https:\/\/cardinal-tapes.com\/pl\/wp-json\/wp\/v2\/media?parent=49774"}],"wp:term":[{"taxonomy":"pwb-brand","embeddable":true,"href":"https:\/\/cardinal-tapes.com\/pl\/wp-json\/wp\/v2\/pwb-brand?post=49774"},{"taxonomy":"product_brand","embeddable":true,"href":"https:\/\/cardinal-tapes.com\/pl\/wp-json\/wp\/v2\/product_brand?post=49774"},{"taxonomy":"product_cat","embeddable":true,"href":"https:\/\/cardinal-tapes.com\/pl\/wp-json\/wp\/v2\/product_cat?post=49774"},{"taxonomy":"product_tag","embeddable":true,"href":"https:\/\/cardinal-tapes.com\/pl\/wp-json\/wp\/v2\/product_tag?post=49774"}],"curies":[{"name":"wp","href":"https:\/\/api.w.org\/{rel}","templated":true}]}}