{"id":49770,"date":"2020-09-22T13:54:13","date_gmt":"2023-06-05T15:07:55","guid":{"rendered":"https:\/\/cardinal.pixel-tal.de\/klebebaender\/bez-kategorii\/maska-kardynalna-z-klipsem-na-nos\/"},"modified":"2025-07-02T13:08:26","modified_gmt":"2025-07-02T11:08:26","slug":"cardinal-tapes-face-mask-with-nose-bridge","status":"publish","type":"product","link":"https:\/\/cardinal-tapes.com\/pl\/ta\u015bmy-samoprzylepne\/obszary-zastosowan\/przemysl-tekstylny\/cardinal-tapes-face-mask-with-nose-bridge\/","title":{"rendered":"Maska kardynalna z klipsem na nos"},"content":{"rendered":"<p><strong>Samoprzylepna, elastyczna jednorazowa maska prowizoryczna<\/strong><\/p>\n<p>Maski pomagaj\u0105 zmniejszy\u0107 ryzyko zaka\u017cenia innych os\u00f3b drog\u0105 kropelkow\u0105. Ponadto maska na usta i nos s\u0142u\u017cy r\u00f3wnie\u017c jako ochrona w\u0142asna, poniewa\u017c nie dotyka si\u0119 przypadkowo ust i b\u0142on \u015bluzowych nosa r\u0119kami. Noszenie maseczki w miejscach publicznych i w kontakcie z osobami z grup ryzyka chroni inne osoby.<\/p>\n<p>Nasza tymczasowa os\u0142ona ust i nosa wykonana jest z elastycznej w\u0142\u00f3kniny polipropylenowej wyposa\u017conej w \u0142atwe do od\u0142\u0105czenia punkty samoprzylepne. Maski s\u0105 mocowane bezpo\u015brednio do sk\u00f3ry. Bezrozpuszczalnikowy klej akrylowy jest dopuszczony do bezpo\u015bredniego kontaktu ze sk\u00f3r\u0105 i nie ma nieprzyjemnego zapachu. Przezroczyste maski jednorazowe s\u0105 wykonane z cienkiej folii LDPE i maj\u0105 samoprzylepne wyko\u0144czenie, ale s\u0105 zalecane tylko do kr\u00f3tszych zastosowa\u0144.<\/p>\n<p>Poniewa\u017c jednorazowa prowizoryczna maska jest przyklejana do policzk\u00f3w, nie ma potrzeby u\u017cywania irytuj\u0105cych gumek do mocowania. Ta forma mocowania jest szczeg\u00f3lnie interesuj\u0105ca dla fryzjer\u00f3w i optyk\u00f3w, poniewa\u017c mo\u017cna bez problemu dotrze\u0107 do obszaru wok\u00f3\u0142 uszu.<\/p>\n<p>Maski na twarz nie s\u0105 certyfikowane i dlatego nie s\u0105 zatwierdzone do zastosowa\u0144 medycznych.<\/p>\n<p><strong>Mo\u017cliwe zastosowania:<\/strong><\/p>\n<p><em><strong>Fryzjerzy, optycy, audiolodzy i wielu innych us\u0142ugodawc\u00f3w.<\/strong><\/em><\/p>\n<p>Obszar wok\u00f3\u0142 uszu pozostaje trwale wolny dzi\u0119ki naszym samoprzylepnym maskom. U\u0142atwia to dopasowanie i sta\u0142e noszenie aparat\u00f3w s\u0142uchowych i okular\u00f3w. Praca fryzjer\u00f3w jest r\u00f3wnie\u017c \u0142atwiejsza dzi\u0119ki naszym maskom. Wolny obszar wok\u00f3\u0142 uszu klienta u\u0142atwia strzy\u017cenie.<\/p>\n<p><strong>Przyk\u0142ad zastosowania:<\/strong><\/p>\n<div class=\"wrap\" style=\"margin: 10px 0 40px; float: left;\">\n<div class=\"av_one_half flex_column first\"><a href=\"https:\/\/cardinal-tapes.com\/wp-content\/uploads\/cardinal_gesichtsschutz2.mp4?iframe=true\"><img decoding=\"async\" style=\"border-radius: 8px; border: 1px solid #b6193e; line-height: 0; overflow: hidden;\" src=\"\/wp-content\/uploads\/cardinal_gesichstmaske_thumb2.jpg\"><\/a><\/div>\n<\/div>\n","protected":false},"excerpt":{"rendered":"<p>Samoprzylepna, elastyczna jednorazowa maska prowizoryczna Maski pomagaj\u0105 zmniejszy\u0107 ryzyko zaka\u017cenia innych os\u00f3b drog\u0105 kropelkow\u0105. Ponadto maska na usta i nos s\u0142u\u017cy r\u00f3wnie\u017c jako ochrona w\u0142asna, poniewa\u017c nie dotyka si\u0119 przypadkowo ust i b\u0142on \u015bluzowych nosa r\u0119kami. Noszenie maseczki w miejscach publicznych i w kontakcie z osobami z grup ryzyka chroni inne osoby. Nasza tymczasowa os\u0142ona [&hellip;]<\/p>\n","protected":false},"featured_media":0,"template":"","meta":{"_acf_changed":false},"pwb-brand":[2173],"product_brand":[],"product_cat":[1790,1813,1816],"product_tag":[],"class_list":{"0":"post-49770","1":"product","2":"type-product","3":"status-publish","5":"pwb-brand-cardinal-gmbh-pl","6":"product_cat-przemysl-tekstylny","7":"product_cat-tasma-samoprzylepna-z-wlokniny","8":"product_cat-jednostronne-tasmy-samoprzylepne","10":"first","11":"instock","12":"sale","13":"taxable","14":"shipping-taxable","15":"purchasable","16":"product-type-variable"},"acf":[],"yoast_head":"<!-- This site is optimized with the Yoast SEO plugin v27.3 - https:\/\/yoast.com\/product\/yoast-seo-wordpress\/ -->\n<title>Maska kardynalna z klipsem na nos - cardinal TAPES<\/title>\n<meta name=\"robots\" content=\"index, follow, max-snippet:-1, max-image-preview:large, max-video-preview:-1\" \/>\n<link rel=\"canonical\" href=\"https:\/\/cardinal-tapes.com\/pl\/ta\u015bmy-samoprzylepne\/obszary-zastosowan\/przemysl-tekstylny\/cardinal-tapes-face-mask-with-nose-bridge\/\" \/>\n<meta property=\"og:locale\" content=\"pl_PL\" \/>\n<meta property=\"og:type\" content=\"article\" \/>\n<meta property=\"og:title\" content=\"Maska kardynalna z klipsem na nos - cardinal TAPES\" \/>\n<meta property=\"og:description\" content=\"Samoprzylepna, elastyczna jednorazowa maska prowizoryczna Maski pomagaj\u0105 zmniejszy\u0107 ryzyko zaka\u017cenia innych os\u00f3b drog\u0105 kropelkow\u0105. Ponadto maska na usta i nos s\u0142u\u017cy r\u00f3wnie\u017c jako ochrona w\u0142asna, poniewa\u017c nie dotyka si\u0119 przypadkowo ust i b\u0142on \u015bluzowych nosa r\u0119kami. Noszenie maseczki w miejscach publicznych i w kontakcie z osobami z grup ryzyka chroni inne osoby. Nasza tymczasowa os\u0142ona [&hellip;]\" \/>\n<meta property=\"og:url\" content=\"https:\/\/cardinal-tapes.com\/pl\/ta\u015bmy-samoprzylepne\/obszary-zastosowan\/przemysl-tekstylny\/cardinal-tapes-face-mask-with-nose-bridge\/\" \/>\n<meta property=\"og:site_name\" content=\"cardinal TAPES\" \/>\n<meta property=\"article:modified_time\" content=\"2025-07-02T11:08:26+00:00\" \/>\n<meta name=\"twitter:card\" content=\"summary_large_image\" \/>\n<meta name=\"twitter:label1\" content=\"Szacowany czas czytania\" \/>\n\t<meta name=\"twitter:data1\" content=\"1 minuta\" \/>\n<script type=\"application\/ld+json\" class=\"yoast-schema-graph\">{\"@context\":\"https:\\\/\\\/schema.org\",\"@graph\":[{\"@type\":\"WebPage\",\"@id\":\"https:\\\/\\\/cardinal-tapes.com\\\/pl\\\/ta\u015bmy-samoprzylepne\\\/obszary-zastosowan\\\/przemysl-tekstylny\\\/cardinal-tapes-face-mask-with-nose-bridge\\\/\",\"url\":\"https:\\\/\\\/cardinal-tapes.com\\\/pl\\\/ta\u015bmy-samoprzylepne\\\/obszary-zastosowan\\\/przemysl-tekstylny\\\/cardinal-tapes-face-mask-with-nose-bridge\\\/\",\"name\":\"Maska kardynalna z klipsem na nos - cardinal TAPES\",\"isPartOf\":{\"@id\":\"https:\\\/\\\/cardinal-tapes.com\\\/#website\"},\"datePublished\":\"2023-06-05T15:07:55+00:00\",\"dateModified\":\"2025-07-02T11:08:26+00:00\",\"breadcrumb\":{\"@id\":\"https:\\\/\\\/cardinal-tapes.com\\\/pl\\\/ta\u015bmy-samoprzylepne\\\/obszary-zastosowan\\\/przemysl-tekstylny\\\/cardinal-tapes-face-mask-with-nose-bridge\\\/#breadcrumb\"},\"inLanguage\":\"pl-PL\",\"potentialAction\":[{\"@type\":\"ReadAction\",\"target\":[\"https:\\\/\\\/cardinal-tapes.com\\\/pl\\\/ta\u015bmy-samoprzylepne\\\/obszary-zastosowan\\\/przemysl-tekstylny\\\/cardinal-tapes-face-mask-with-nose-bridge\\\/\"]}]},{\"@type\":\"BreadcrumbList\",\"@id\":\"https:\\\/\\\/cardinal-tapes.com\\\/pl\\\/ta\u015bmy-samoprzylepne\\\/obszary-zastosowan\\\/przemysl-tekstylny\\\/cardinal-tapes-face-mask-with-nose-bridge\\\/#breadcrumb\",\"itemListElement\":[{\"@type\":\"ListItem\",\"position\":1,\"name\":\"Startseite\",\"item\":\"https:\\\/\\\/cardinal-tapes.com\\\/pl\\\/strona-glowna\\\/\"},{\"@type\":\"ListItem\",\"position\":2,\"name\":\"Ta\u015bmy samoprzylepne\",\"item\":\"https:\\\/\\\/cardinal-tapes.com\\\/pl\\\/tasmy-samoprzylepne-pl\\\/\"},{\"@type\":\"ListItem\",\"position\":3,\"name\":\"Obszary zastosowa\u0144\",\"item\":\"https:\\\/\\\/cardinal-tapes.com\\\/pl\\\/kategoria\\\/obszary-zastosowan\\\/\"},{\"@type\":\"ListItem\",\"position\":4,\"name\":\"Przemys\u0142 tekstylny\",\"item\":\"https:\\\/\\\/cardinal-tapes.com\\\/pl\\\/kategoria\\\/przemysl-tekstylny\\\/\"},{\"@type\":\"ListItem\",\"position\":5,\"name\":\"Maska kardynalna z klipsem na nos\"}]},{\"@type\":\"WebSite\",\"@id\":\"https:\\\/\\\/cardinal-tapes.com\\\/#website\",\"url\":\"https:\\\/\\\/cardinal-tapes.com\\\/\",\"name\":\"cardinal TAPES\",\"description\":\"Klebetechnik aus Wuppertal\",\"potentialAction\":[{\"@type\":\"SearchAction\",\"target\":{\"@type\":\"EntryPoint\",\"urlTemplate\":\"https:\\\/\\\/cardinal-tapes.com\\\/?s={search_term_string}\"},\"query-input\":{\"@type\":\"PropertyValueSpecification\",\"valueRequired\":true,\"valueName\":\"search_term_string\"}}],\"inLanguage\":\"pl-PL\"}]}<\/script>\n<!-- \/ Yoast SEO plugin. -->","yoast_head_json":{"title":"Maska kardynalna z klipsem na nos - cardinal TAPES","robots":{"index":"index","follow":"follow","max-snippet":"max-snippet:-1","max-image-preview":"max-image-preview:large","max-video-preview":"max-video-preview:-1"},"canonical":"https:\/\/cardinal-tapes.com\/pl\/ta\u015bmy-samoprzylepne\/obszary-zastosowan\/przemysl-tekstylny\/cardinal-tapes-face-mask-with-nose-bridge\/","og_locale":"pl_PL","og_type":"article","og_title":"Maska kardynalna z klipsem na nos - cardinal TAPES","og_description":"Samoprzylepna, elastyczna jednorazowa maska prowizoryczna Maski pomagaj\u0105 zmniejszy\u0107 ryzyko zaka\u017cenia innych os\u00f3b drog\u0105 kropelkow\u0105. Ponadto maska na usta i nos s\u0142u\u017cy r\u00f3wnie\u017c jako ochrona w\u0142asna, poniewa\u017c nie dotyka si\u0119 przypadkowo ust i b\u0142on \u015bluzowych nosa r\u0119kami. Noszenie maseczki w miejscach publicznych i w kontakcie z osobami z grup ryzyka chroni inne osoby. Nasza tymczasowa os\u0142ona [&hellip;]","og_url":"https:\/\/cardinal-tapes.com\/pl\/ta\u015bmy-samoprzylepne\/obszary-zastosowan\/przemysl-tekstylny\/cardinal-tapes-face-mask-with-nose-bridge\/","og_site_name":"cardinal TAPES","article_modified_time":"2025-07-02T11:08:26+00:00","twitter_card":"summary_large_image","twitter_misc":{"Szacowany czas czytania":"1 minuta"},"schema":{"@context":"https:\/\/schema.org","@graph":[{"@type":"WebPage","@id":"https:\/\/cardinal-tapes.com\/pl\/ta\u015bmy-samoprzylepne\/obszary-zastosowan\/przemysl-tekstylny\/cardinal-tapes-face-mask-with-nose-bridge\/","url":"https:\/\/cardinal-tapes.com\/pl\/ta\u015bmy-samoprzylepne\/obszary-zastosowan\/przemysl-tekstylny\/cardinal-tapes-face-mask-with-nose-bridge\/","name":"Maska kardynalna z klipsem na nos - cardinal TAPES","isPartOf":{"@id":"https:\/\/cardinal-tapes.com\/#website"},"datePublished":"2023-06-05T15:07:55+00:00","dateModified":"2025-07-02T11:08:26+00:00","breadcrumb":{"@id":"https:\/\/cardinal-tapes.com\/pl\/ta\u015bmy-samoprzylepne\/obszary-zastosowan\/przemysl-tekstylny\/cardinal-tapes-face-mask-with-nose-bridge\/#breadcrumb"},"inLanguage":"pl-PL","potentialAction":[{"@type":"ReadAction","target":["https:\/\/cardinal-tapes.com\/pl\/ta\u015bmy-samoprzylepne\/obszary-zastosowan\/przemysl-tekstylny\/cardinal-tapes-face-mask-with-nose-bridge\/"]}]},{"@type":"BreadcrumbList","@id":"https:\/\/cardinal-tapes.com\/pl\/ta\u015bmy-samoprzylepne\/obszary-zastosowan\/przemysl-tekstylny\/cardinal-tapes-face-mask-with-nose-bridge\/#breadcrumb","itemListElement":[{"@type":"ListItem","position":1,"name":"Startseite","item":"https:\/\/cardinal-tapes.com\/pl\/strona-glowna\/"},{"@type":"ListItem","position":2,"name":"Ta\u015bmy samoprzylepne","item":"https:\/\/cardinal-tapes.com\/pl\/tasmy-samoprzylepne-pl\/"},{"@type":"ListItem","position":3,"name":"Obszary zastosowa\u0144","item":"https:\/\/cardinal-tapes.com\/pl\/kategoria\/obszary-zastosowan\/"},{"@type":"ListItem","position":4,"name":"Przemys\u0142 tekstylny","item":"https:\/\/cardinal-tapes.com\/pl\/kategoria\/przemysl-tekstylny\/"},{"@type":"ListItem","position":5,"name":"Maska kardynalna z klipsem na nos"}]},{"@type":"WebSite","@id":"https:\/\/cardinal-tapes.com\/#website","url":"https:\/\/cardinal-tapes.com\/","name":"cardinal TAPES","description":"Klebetechnik aus Wuppertal","potentialAction":[{"@type":"SearchAction","target":{"@type":"EntryPoint","urlTemplate":"https:\/\/cardinal-tapes.com\/?s={search_term_string}"},"query-input":{"@type":"PropertyValueSpecification","valueRequired":true,"valueName":"search_term_string"}}],"inLanguage":"pl-PL"}]}},"brands":[{"id":2173,"name":"cardinal GmbH","slug":"cardinal-gmbh-pl"}],"_links":{"self":[{"href":"https:\/\/cardinal-tapes.com\/pl\/wp-json\/wp\/v2\/product\/49770","targetHints":{"allow":["GET"]}}],"collection":[{"href":"https:\/\/cardinal-tapes.com\/pl\/wp-json\/wp\/v2\/product"}],"about":[{"href":"https:\/\/cardinal-tapes.com\/pl\/wp-json\/wp\/v2\/types\/product"}],"wp:attachment":[{"href":"https:\/\/cardinal-tapes.com\/pl\/wp-json\/wp\/v2\/media?parent=49770"}],"wp:term":[{"taxonomy":"pwb-brand","embeddable":true,"href":"https:\/\/cardinal-tapes.com\/pl\/wp-json\/wp\/v2\/pwb-brand?post=49770"},{"taxonomy":"product_brand","embeddable":true,"href":"https:\/\/cardinal-tapes.com\/pl\/wp-json\/wp\/v2\/product_brand?post=49770"},{"taxonomy":"product_cat","embeddable":true,"href":"https:\/\/cardinal-tapes.com\/pl\/wp-json\/wp\/v2\/product_cat?post=49770"},{"taxonomy":"product_tag","embeddable":true,"href":"https:\/\/cardinal-tapes.com\/pl\/wp-json\/wp\/v2\/product_tag?post=49770"}],"curies":[{"name":"wp","href":"https:\/\/api.w.org\/{rel}","templated":true}]}}