{"id":49306,"date":"2020-10-26T08:33:40","date_gmt":"2023-06-05T15:06:41","guid":{"rendered":"https:\/\/cardinal.pixel-tal.de\/klebebaender\/bez-kategorii\/dozownik-stolowy-tesa-6009\/"},"modified":"2025-07-02T13:24:14","modified_gmt":"2025-07-02T11:24:14","slug":"tesa-dispenser-6009-dispenser-stolowy-do-rolek-o-szerokosci-do-50-mm","status":"publish","type":"product","link":"https:\/\/cardinal-tapes.com\/pl\/ta\u015bmy-samoprzylepne\/obszary-zastosowan\/sektor-transportowy\/tesa-dispenser-6009-dispenser-stolowy-do-rolek-o-szerokosci-do-50-mm\/","title":{"rendered":"Dozownik sto\u0142owy tesa\u00ae 6009"},"content":{"rendered":"<p>Dyspenser sto\u0142owy <sup>tesa\u00ae<\/sup> 6009 to uniwersalny dyspenser sto\u0142owy do przetwarzania ta\u015bm samoprzylepnych <sup>tesapack\u00ae<\/sup> i <sup>tesafilm\u00ae<\/sup>.<\/p>\n<p>Dozownik sto\u0142owy <sup>tesa\u00ae<\/sup> 6009 charakteryzuje si\u0119 nast\u0119puj\u0105cymi cechami:<\/p>\n<ul>\n<li>Elastyczne mocowanie za pomoc\u0105 zacisku \u015brubowego, np. na kraw\u0119dzi sto\u0142u<\/li>\n<li>Niewielkie zapotrzebowanie na miejsce<\/li>\n<\/ul>\n","protected":false},"excerpt":{"rendered":"<p>Dyspenser sto\u0142owy tesa\u00ae 6009 to uniwersalny dyspenser sto\u0142owy do przetwarzania ta\u015bm samoprzylepnych tesapack\u00ae i tesafilm\u00ae. Dozownik sto\u0142owy tesa\u00ae 6009 charakteryzuje si\u0119 nast\u0119puj\u0105cymi cechami: Elastyczne mocowanie za pomoc\u0105 zacisku \u015brubowego, np. na kraw\u0119dzi sto\u0142u Niewielkie zapotrzebowanie na miejsce<\/p>\n","protected":false},"featured_media":28454,"template":"","meta":{"_acf_changed":false},"pwb-brand":[2164],"product_brand":[],"product_cat":[1792,1867],"product_tag":[],"class_list":{"0":"post-49306","1":"product","2":"type-product","3":"status-publish","4":"has-post-thumbnail","6":"pwb-brand-tesa-pl","7":"product_cat-sektor-transportowy","8":"product_cat-systemy-pakowania","10":"first","11":"instock","12":"taxable","13":"shipping-taxable","14":"purchasable","15":"product-type-simple"},"acf":[],"yoast_head":"<!-- This site is optimized with the Yoast SEO plugin v27.3 - https:\/\/yoast.com\/product\/yoast-seo-wordpress\/ -->\n<title>Dozownik tesa\u00ae 6009 | Cardinal TAPES<\/title>\n<meta name=\"description\" content=\"Dyspenser sto\u0142owy tesa\u00ae 6009 to uniwersalny dyspenser sto\u0142owy do przetwarzania ta\u015bm samoprzylepnych tesapack\u00ae i tesafilm\u00ae.\" \/>\n<meta name=\"robots\" content=\"index, follow, max-snippet:-1, max-image-preview:large, max-video-preview:-1\" \/>\n<link rel=\"canonical\" href=\"https:\/\/cardinal-tapes.com\/pl\/ta\u015bmy-samoprzylepne\/obszary-zastosowan\/sektor-transportowy\/tesa-dispenser-6009-dispenser-stolowy-do-rolek-o-szerokosci-do-50-mm\/\" \/>\n<meta property=\"og:locale\" content=\"pl_PL\" \/>\n<meta property=\"og:type\" content=\"article\" \/>\n<meta property=\"og:title\" content=\"Dozownik tesa\u00ae 6009 | Cardinal TAPES\" \/>\n<meta property=\"og:description\" content=\"Dyspenser sto\u0142owy tesa\u00ae 6009 to uniwersalny dyspenser sto\u0142owy do przetwarzania ta\u015bm samoprzylepnych tesapack\u00ae i tesafilm\u00ae.\" \/>\n<meta property=\"og:url\" content=\"https:\/\/cardinal-tapes.com\/pl\/ta\u015bmy-samoprzylepne\/obszary-zastosowan\/sektor-transportowy\/tesa-dispenser-6009-dispenser-stolowy-do-rolek-o-szerokosci-do-50-mm\/\" \/>\n<meta property=\"og:site_name\" content=\"cardinal TAPES\" \/>\n<meta property=\"article:modified_time\" content=\"2025-07-02T11:24:14+00:00\" \/>\n<meta property=\"og:image\" content=\"https:\/\/cardinal-tapes.com\/wp-content\/uploads\/6009.jpg\" \/>\n\t<meta property=\"og:image:width\" content=\"274\" \/>\n\t<meta property=\"og:image:height\" content=\"184\" \/>\n\t<meta property=\"og:image:type\" content=\"image\/jpeg\" \/>\n<meta name=\"twitter:card\" content=\"summary_large_image\" \/>\n<script type=\"application\/ld+json\" class=\"yoast-schema-graph\">{\"@context\":\"https:\\\/\\\/schema.org\",\"@graph\":[{\"@type\":\"WebPage\",\"@id\":\"https:\\\/\\\/cardinal-tapes.com\\\/pl\\\/ta\u015bmy-samoprzylepne\\\/obszary-zastosowan\\\/sektor-transportowy\\\/tesa-dispenser-6009-dispenser-stolowy-do-rolek-o-szerokosci-do-50-mm\\\/\",\"url\":\"https:\\\/\\\/cardinal-tapes.com\\\/pl\\\/ta\u015bmy-samoprzylepne\\\/obszary-zastosowan\\\/sektor-transportowy\\\/tesa-dispenser-6009-dispenser-stolowy-do-rolek-o-szerokosci-do-50-mm\\\/\",\"name\":\"Dozownik tesa\u00ae 6009 | Cardinal TAPES\",\"isPartOf\":{\"@id\":\"https:\\\/\\\/cardinal-tapes.com\\\/#website\"},\"primaryImageOfPage\":{\"@id\":\"https:\\\/\\\/cardinal-tapes.com\\\/pl\\\/ta\u015bmy-samoprzylepne\\\/obszary-zastosowan\\\/sektor-transportowy\\\/tesa-dispenser-6009-dispenser-stolowy-do-rolek-o-szerokosci-do-50-mm\\\/#primaryimage\"},\"image\":{\"@id\":\"https:\\\/\\\/cardinal-tapes.com\\\/pl\\\/ta\u015bmy-samoprzylepne\\\/obszary-zastosowan\\\/sektor-transportowy\\\/tesa-dispenser-6009-dispenser-stolowy-do-rolek-o-szerokosci-do-50-mm\\\/#primaryimage\"},\"thumbnailUrl\":\"https:\\\/\\\/cardinal-tapes.com\\\/wp-content\\\/uploads\\\/6009.jpg\",\"datePublished\":\"2023-06-05T15:06:41+00:00\",\"dateModified\":\"2025-07-02T11:24:14+00:00\",\"description\":\"Dyspenser sto\u0142owy tesa\u00ae 6009 to uniwersalny dyspenser sto\u0142owy do przetwarzania ta\u015bm samoprzylepnych tesapack\u00ae i tesafilm\u00ae.\",\"breadcrumb\":{\"@id\":\"https:\\\/\\\/cardinal-tapes.com\\\/pl\\\/ta\u015bmy-samoprzylepne\\\/obszary-zastosowan\\\/sektor-transportowy\\\/tesa-dispenser-6009-dispenser-stolowy-do-rolek-o-szerokosci-do-50-mm\\\/#breadcrumb\"},\"inLanguage\":\"pl-PL\",\"potentialAction\":[{\"@type\":\"ReadAction\",\"target\":[\"https:\\\/\\\/cardinal-tapes.com\\\/pl\\\/ta\u015bmy-samoprzylepne\\\/obszary-zastosowan\\\/sektor-transportowy\\\/tesa-dispenser-6009-dispenser-stolowy-do-rolek-o-szerokosci-do-50-mm\\\/\"]}]},{\"@type\":\"ImageObject\",\"inLanguage\":\"pl-PL\",\"@id\":\"https:\\\/\\\/cardinal-tapes.com\\\/pl\\\/ta\u015bmy-samoprzylepne\\\/obszary-zastosowan\\\/sektor-transportowy\\\/tesa-dispenser-6009-dispenser-stolowy-do-rolek-o-szerokosci-do-50-mm\\\/#primaryimage\",\"url\":\"https:\\\/\\\/cardinal-tapes.com\\\/wp-content\\\/uploads\\\/6009.jpg\",\"contentUrl\":\"https:\\\/\\\/cardinal-tapes.com\\\/wp-content\\\/uploads\\\/6009.jpg\",\"width\":274,\"height\":184},{\"@type\":\"BreadcrumbList\",\"@id\":\"https:\\\/\\\/cardinal-tapes.com\\\/pl\\\/ta\u015bmy-samoprzylepne\\\/obszary-zastosowan\\\/sektor-transportowy\\\/tesa-dispenser-6009-dispenser-stolowy-do-rolek-o-szerokosci-do-50-mm\\\/#breadcrumb\",\"itemListElement\":[{\"@type\":\"ListItem\",\"position\":1,\"name\":\"Startseite\",\"item\":\"https:\\\/\\\/cardinal-tapes.com\\\/pl\\\/strona-glowna\\\/\"},{\"@type\":\"ListItem\",\"position\":2,\"name\":\"Ta\u015bmy samoprzylepne\",\"item\":\"https:\\\/\\\/cardinal-tapes.com\\\/pl\\\/tasmy-samoprzylepne-pl\\\/\"},{\"@type\":\"ListItem\",\"position\":3,\"name\":\"Verpackungssysteme\",\"item\":\"https:\\\/\\\/cardinal-tapes.com\\\/kategorie\\\/verpackungssysteme\\\/\"},{\"@type\":\"ListItem\",\"position\":4,\"name\":\"Dozownik sto\u0142owy tesa\u00ae 6009\"}]},{\"@type\":\"WebSite\",\"@id\":\"https:\\\/\\\/cardinal-tapes.com\\\/#website\",\"url\":\"https:\\\/\\\/cardinal-tapes.com\\\/\",\"name\":\"cardinal TAPES\",\"description\":\"Klebetechnik aus Wuppertal\",\"potentialAction\":[{\"@type\":\"SearchAction\",\"target\":{\"@type\":\"EntryPoint\",\"urlTemplate\":\"https:\\\/\\\/cardinal-tapes.com\\\/?s={search_term_string}\"},\"query-input\":{\"@type\":\"PropertyValueSpecification\",\"valueRequired\":true,\"valueName\":\"search_term_string\"}}],\"inLanguage\":\"pl-PL\"}]}<\/script>\n<!-- \/ Yoast SEO plugin. -->","yoast_head_json":{"title":"Dozownik tesa\u00ae 6009 | Cardinal TAPES","description":"Dyspenser sto\u0142owy tesa\u00ae 6009 to uniwersalny dyspenser sto\u0142owy do przetwarzania ta\u015bm samoprzylepnych tesapack\u00ae i tesafilm\u00ae.","robots":{"index":"index","follow":"follow","max-snippet":"max-snippet:-1","max-image-preview":"max-image-preview:large","max-video-preview":"max-video-preview:-1"},"canonical":"https:\/\/cardinal-tapes.com\/pl\/ta\u015bmy-samoprzylepne\/obszary-zastosowan\/sektor-transportowy\/tesa-dispenser-6009-dispenser-stolowy-do-rolek-o-szerokosci-do-50-mm\/","og_locale":"pl_PL","og_type":"article","og_title":"Dozownik tesa\u00ae 6009 | Cardinal TAPES","og_description":"Dyspenser sto\u0142owy tesa\u00ae 6009 to uniwersalny dyspenser sto\u0142owy do przetwarzania ta\u015bm samoprzylepnych tesapack\u00ae i tesafilm\u00ae.","og_url":"https:\/\/cardinal-tapes.com\/pl\/ta\u015bmy-samoprzylepne\/obszary-zastosowan\/sektor-transportowy\/tesa-dispenser-6009-dispenser-stolowy-do-rolek-o-szerokosci-do-50-mm\/","og_site_name":"cardinal TAPES","article_modified_time":"2025-07-02T11:24:14+00:00","og_image":[{"width":274,"height":184,"url":"https:\/\/cardinal-tapes.com\/wp-content\/uploads\/6009.jpg","type":"image\/jpeg"}],"twitter_card":"summary_large_image","schema":{"@context":"https:\/\/schema.org","@graph":[{"@type":"WebPage","@id":"https:\/\/cardinal-tapes.com\/pl\/ta\u015bmy-samoprzylepne\/obszary-zastosowan\/sektor-transportowy\/tesa-dispenser-6009-dispenser-stolowy-do-rolek-o-szerokosci-do-50-mm\/","url":"https:\/\/cardinal-tapes.com\/pl\/ta\u015bmy-samoprzylepne\/obszary-zastosowan\/sektor-transportowy\/tesa-dispenser-6009-dispenser-stolowy-do-rolek-o-szerokosci-do-50-mm\/","name":"Dozownik tesa\u00ae 6009 | Cardinal TAPES","isPartOf":{"@id":"https:\/\/cardinal-tapes.com\/#website"},"primaryImageOfPage":{"@id":"https:\/\/cardinal-tapes.com\/pl\/ta\u015bmy-samoprzylepne\/obszary-zastosowan\/sektor-transportowy\/tesa-dispenser-6009-dispenser-stolowy-do-rolek-o-szerokosci-do-50-mm\/#primaryimage"},"image":{"@id":"https:\/\/cardinal-tapes.com\/pl\/ta\u015bmy-samoprzylepne\/obszary-zastosowan\/sektor-transportowy\/tesa-dispenser-6009-dispenser-stolowy-do-rolek-o-szerokosci-do-50-mm\/#primaryimage"},"thumbnailUrl":"https:\/\/cardinal-tapes.com\/wp-content\/uploads\/6009.jpg","datePublished":"2023-06-05T15:06:41+00:00","dateModified":"2025-07-02T11:24:14+00:00","description":"Dyspenser sto\u0142owy tesa\u00ae 6009 to uniwersalny dyspenser sto\u0142owy do przetwarzania ta\u015bm samoprzylepnych tesapack\u00ae i tesafilm\u00ae.","breadcrumb":{"@id":"https:\/\/cardinal-tapes.com\/pl\/ta\u015bmy-samoprzylepne\/obszary-zastosowan\/sektor-transportowy\/tesa-dispenser-6009-dispenser-stolowy-do-rolek-o-szerokosci-do-50-mm\/#breadcrumb"},"inLanguage":"pl-PL","potentialAction":[{"@type":"ReadAction","target":["https:\/\/cardinal-tapes.com\/pl\/ta\u015bmy-samoprzylepne\/obszary-zastosowan\/sektor-transportowy\/tesa-dispenser-6009-dispenser-stolowy-do-rolek-o-szerokosci-do-50-mm\/"]}]},{"@type":"ImageObject","inLanguage":"pl-PL","@id":"https:\/\/cardinal-tapes.com\/pl\/ta\u015bmy-samoprzylepne\/obszary-zastosowan\/sektor-transportowy\/tesa-dispenser-6009-dispenser-stolowy-do-rolek-o-szerokosci-do-50-mm\/#primaryimage","url":"https:\/\/cardinal-tapes.com\/wp-content\/uploads\/6009.jpg","contentUrl":"https:\/\/cardinal-tapes.com\/wp-content\/uploads\/6009.jpg","width":274,"height":184},{"@type":"BreadcrumbList","@id":"https:\/\/cardinal-tapes.com\/pl\/ta\u015bmy-samoprzylepne\/obszary-zastosowan\/sektor-transportowy\/tesa-dispenser-6009-dispenser-stolowy-do-rolek-o-szerokosci-do-50-mm\/#breadcrumb","itemListElement":[{"@type":"ListItem","position":1,"name":"Startseite","item":"https:\/\/cardinal-tapes.com\/pl\/strona-glowna\/"},{"@type":"ListItem","position":2,"name":"Ta\u015bmy samoprzylepne","item":"https:\/\/cardinal-tapes.com\/pl\/tasmy-samoprzylepne-pl\/"},{"@type":"ListItem","position":3,"name":"Verpackungssysteme","item":"https:\/\/cardinal-tapes.com\/kategorie\/verpackungssysteme\/"},{"@type":"ListItem","position":4,"name":"Dozownik sto\u0142owy tesa\u00ae 6009"}]},{"@type":"WebSite","@id":"https:\/\/cardinal-tapes.com\/#website","url":"https:\/\/cardinal-tapes.com\/","name":"cardinal TAPES","description":"Klebetechnik aus Wuppertal","potentialAction":[{"@type":"SearchAction","target":{"@type":"EntryPoint","urlTemplate":"https:\/\/cardinal-tapes.com\/?s={search_term_string}"},"query-input":{"@type":"PropertyValueSpecification","valueRequired":true,"valueName":"search_term_string"}}],"inLanguage":"pl-PL"}]}},"brands":[{"id":2164,"name":"tesa","slug":"tesa-pl"}],"_links":{"self":[{"href":"https:\/\/cardinal-tapes.com\/pl\/wp-json\/wp\/v2\/product\/49306","targetHints":{"allow":["GET"]}}],"collection":[{"href":"https:\/\/cardinal-tapes.com\/pl\/wp-json\/wp\/v2\/product"}],"about":[{"href":"https:\/\/cardinal-tapes.com\/pl\/wp-json\/wp\/v2\/types\/product"}],"wp:featuredmedia":[{"embeddable":true,"href":"https:\/\/cardinal-tapes.com\/pl\/wp-json\/wp\/v2\/media\/28454"}],"wp:attachment":[{"href":"https:\/\/cardinal-tapes.com\/pl\/wp-json\/wp\/v2\/media?parent=49306"}],"wp:term":[{"taxonomy":"pwb-brand","embeddable":true,"href":"https:\/\/cardinal-tapes.com\/pl\/wp-json\/wp\/v2\/pwb-brand?post=49306"},{"taxonomy":"product_brand","embeddable":true,"href":"https:\/\/cardinal-tapes.com\/pl\/wp-json\/wp\/v2\/product_brand?post=49306"},{"taxonomy":"product_cat","embeddable":true,"href":"https:\/\/cardinal-tapes.com\/pl\/wp-json\/wp\/v2\/product_cat?post=49306"},{"taxonomy":"product_tag","embeddable":true,"href":"https:\/\/cardinal-tapes.com\/pl\/wp-json\/wp\/v2\/product_tag?post=49306"}],"curies":[{"name":"wp","href":"https:\/\/api.w.org\/{rel}","templated":true}]}}