{"id":49303,"date":"2020-10-26T08:38:03","date_gmt":"2023-06-05T15:06:41","guid":{"rendered":"https:\/\/cardinal.pixel-tal.de\/klebebaender\/bez-kategorii\/dyspenser-reczny-tesa6032-do-tasm-spinajacych-i-filamentowych\/"},"modified":"2023-06-05T17:06:41","modified_gmt":"2023-06-05T15:06:41","slug":"tesa6032-reczny-dyspenser-do-tasm-samoprzylepnych-i-foliowych","status":"publish","type":"product","link":"https:\/\/cardinal-tapes.com\/pl\/ta\u015bmy-samoprzylepne\/obszary-zastosowan\/sektor-transportowy\/tesa6032-reczny-dyspenser-do-tasm-samoprzylepnych-i-foliowych\/","title":{"rendered":"Dyspenser r\u0119czny tesa\u00ae6032 do ta\u015bm spinaj\u0105cych i filamentowych"},"content":{"rendered":"<p>Dyspenser r\u0119czny <sup>tesa\u00ae<\/sup> 6032 to profesjonalny dyspenser r\u0119czny do odpornych na rozerwanie ta\u015bm spinaj\u0105cych i filamentowych <sup>tesa\u00ae<\/sup> o szeroko\u015bci do 25 mm.<\/p>\n<p>Dozownik do r\u0105k <sup>tesa\u00ae<\/sup> 6032 posiada nast\u0119puj\u0105ce cechy:<\/p>\n<ul>\n<li>Solidna metalowa konstrukcja<\/li>\n<li>Specjalne ostrze do ci\u0119cia ta\u015bm samoprzylepnych wzmocnionych w\u0142\u00f3knem szklanym<\/li>\n<li>\u0141atwa obs\u0142uga<\/li>\n<\/ul>\n","protected":false},"excerpt":{"rendered":"<p>Dyspenser r\u0119czny tesa\u00ae 6032 to profesjonalny dyspenser r\u0119czny do odpornych na rozerwanie ta\u015bm spinaj\u0105cych i filamentowych tesa\u00ae o szeroko\u015bci do 25 mm. Dozownik do r\u0105k tesa\u00ae 6032 posiada nast\u0119puj\u0105ce cechy: Solidna metalowa konstrukcja Specjalne ostrze do ci\u0119cia ta\u015bm samoprzylepnych wzmocnionych w\u0142\u00f3knem szklanym \u0141atwa obs\u0142uga<\/p>\n","protected":false},"featured_media":28458,"template":"","meta":{"_acf_changed":false},"pwb-brand":[2164],"product_brand":[],"product_cat":[1792,1867],"product_tag":[],"class_list":{"0":"post-49303","1":"product","2":"type-product","3":"status-publish","4":"has-post-thumbnail","6":"pwb-brand-tesa-pl","7":"product_cat-sektor-transportowy","8":"product_cat-systemy-pakowania","10":"first","11":"instock","12":"taxable","13":"shipping-taxable","14":"purchasable","15":"product-type-simple"},"acf":[],"yoast_head":"<!-- This site is optimized with the Yoast SEO plugin v27.3 - https:\/\/yoast.com\/product\/yoast-seo-wordpress\/ -->\n<title>Dozownik do r\u0105k tesa\u00ae 6032 | Cardinal TAPES<\/title>\n<meta name=\"description\" content=\"Dyspenser r\u0119czny tesa\u00ae 6032 to profesjonalny dyspenser r\u0119czny do odpornych na rozerwanie ta\u015bm spinaj\u0105cych i filamentowych tesa\u00ae o szeroko\u015bci do 25 mm.\" \/>\n<meta name=\"robots\" content=\"index, follow, max-snippet:-1, max-image-preview:large, max-video-preview:-1\" \/>\n<link rel=\"canonical\" href=\"https:\/\/cardinal-tapes.com\/pl\/ta\u015bmy-samoprzylepne\/sektor-transportowy\/tesa6032-reczny-dyspenser-do-tasm-samoprzylepnych-i-foliowych\/\" \/>\n<meta property=\"og:locale\" content=\"pl_PL\" \/>\n<meta property=\"og:type\" content=\"article\" \/>\n<meta property=\"og:title\" content=\"Dozownik do r\u0105k tesa\u00ae 6032 | Cardinal TAPES\" \/>\n<meta property=\"og:description\" content=\"Dyspenser r\u0119czny tesa\u00ae 6032 to profesjonalny dyspenser r\u0119czny do odpornych na rozerwanie ta\u015bm spinaj\u0105cych i filamentowych tesa\u00ae o szeroko\u015bci do 25 mm.\" \/>\n<meta property=\"og:url\" content=\"https:\/\/cardinal-tapes.com\/pl\/ta\u015bmy-samoprzylepne\/sektor-transportowy\/tesa6032-reczny-dyspenser-do-tasm-samoprzylepnych-i-foliowych\/\" \/>\n<meta property=\"og:site_name\" content=\"cardinal TAPES\" \/>\n<meta property=\"og:image\" content=\"https:\/\/cardinal-tapes.com\/wp-content\/uploads\/tesa-06032-pr-001-fullsize2032480_canvas1x1_5.jpg\" \/>\n\t<meta property=\"og:image:width\" content=\"501\" \/>\n\t<meta property=\"og:image:height\" content=\"456\" \/>\n\t<meta property=\"og:image:type\" content=\"image\/jpeg\" \/>\n<meta name=\"twitter:card\" content=\"summary_large_image\" \/>\n<script type=\"application\/ld+json\" class=\"yoast-schema-graph\">{\"@context\":\"https:\\\/\\\/schema.org\",\"@graph\":[{\"@type\":\"WebPage\",\"@id\":\"https:\\\/\\\/cardinal-tapes.com\\\/pl\\\/ta\u015bmy-samoprzylepne\\\/sektor-transportowy\\\/tesa6032-reczny-dyspenser-do-tasm-samoprzylepnych-i-foliowych\\\/\",\"url\":\"https:\\\/\\\/cardinal-tapes.com\\\/pl\\\/ta\u015bmy-samoprzylepne\\\/sektor-transportowy\\\/tesa6032-reczny-dyspenser-do-tasm-samoprzylepnych-i-foliowych\\\/\",\"name\":\"Dozownik do r\u0105k tesa\u00ae 6032 | Cardinal TAPES\",\"isPartOf\":{\"@id\":\"https:\\\/\\\/cardinal-tapes.com\\\/#website\"},\"primaryImageOfPage\":{\"@id\":\"https:\\\/\\\/cardinal-tapes.com\\\/pl\\\/ta\u015bmy-samoprzylepne\\\/sektor-transportowy\\\/tesa6032-reczny-dyspenser-do-tasm-samoprzylepnych-i-foliowych\\\/#primaryimage\"},\"image\":{\"@id\":\"https:\\\/\\\/cardinal-tapes.com\\\/pl\\\/ta\u015bmy-samoprzylepne\\\/sektor-transportowy\\\/tesa6032-reczny-dyspenser-do-tasm-samoprzylepnych-i-foliowych\\\/#primaryimage\"},\"thumbnailUrl\":\"https:\\\/\\\/cardinal-tapes.com\\\/wp-content\\\/uploads\\\/tesa-06032-pr-001-fullsize2032480_canvas1x1_5.jpg\",\"datePublished\":\"2023-06-05T15:06:41+00:00\",\"description\":\"Dyspenser r\u0119czny tesa\u00ae 6032 to profesjonalny dyspenser r\u0119czny do odpornych na rozerwanie ta\u015bm spinaj\u0105cych i filamentowych tesa\u00ae o szeroko\u015bci do 25 mm.\",\"breadcrumb\":{\"@id\":\"https:\\\/\\\/cardinal-tapes.com\\\/pl\\\/ta\u015bmy-samoprzylepne\\\/sektor-transportowy\\\/tesa6032-reczny-dyspenser-do-tasm-samoprzylepnych-i-foliowych\\\/#breadcrumb\"},\"inLanguage\":\"pl-PL\",\"potentialAction\":[{\"@type\":\"ReadAction\",\"target\":[\"https:\\\/\\\/cardinal-tapes.com\\\/pl\\\/ta\u015bmy-samoprzylepne\\\/sektor-transportowy\\\/tesa6032-reczny-dyspenser-do-tasm-samoprzylepnych-i-foliowych\\\/\"]}]},{\"@type\":\"ImageObject\",\"inLanguage\":\"pl-PL\",\"@id\":\"https:\\\/\\\/cardinal-tapes.com\\\/pl\\\/ta\u015bmy-samoprzylepne\\\/sektor-transportowy\\\/tesa6032-reczny-dyspenser-do-tasm-samoprzylepnych-i-foliowych\\\/#primaryimage\",\"url\":\"https:\\\/\\\/cardinal-tapes.com\\\/wp-content\\\/uploads\\\/tesa-06032-pr-001-fullsize2032480_canvas1x1_5.jpg\",\"contentUrl\":\"https:\\\/\\\/cardinal-tapes.com\\\/wp-content\\\/uploads\\\/tesa-06032-pr-001-fullsize2032480_canvas1x1_5.jpg\",\"width\":501,\"height\":456},{\"@type\":\"BreadcrumbList\",\"@id\":\"https:\\\/\\\/cardinal-tapes.com\\\/pl\\\/ta\u015bmy-samoprzylepne\\\/sektor-transportowy\\\/tesa6032-reczny-dyspenser-do-tasm-samoprzylepnych-i-foliowych\\\/#breadcrumb\",\"itemListElement\":[{\"@type\":\"ListItem\",\"position\":1,\"name\":\"Startseite\",\"item\":\"https:\\\/\\\/cardinal-tapes.com\\\/pl\\\/strona-glowna\\\/\"},{\"@type\":\"ListItem\",\"position\":2,\"name\":\"Ta\u015bmy samoprzylepne\",\"item\":\"https:\\\/\\\/cardinal-tapes.com\\\/pl\\\/tasmy-samoprzylepne-pl\\\/\"},{\"@type\":\"ListItem\",\"position\":3,\"name\":\"Sektor transportowy\",\"item\":\"https:\\\/\\\/cardinal-tapes.com\\\/pl\\\/kategoria\\\/sektor-transportowy\\\/\"},{\"@type\":\"ListItem\",\"position\":4,\"name\":\"Dyspenser r\u0119czny tesa\u00ae6032 do ta\u015bm spinaj\u0105cych i filamentowych\"}]},{\"@type\":\"WebSite\",\"@id\":\"https:\\\/\\\/cardinal-tapes.com\\\/#website\",\"url\":\"https:\\\/\\\/cardinal-tapes.com\\\/\",\"name\":\"cardinal TAPES\",\"description\":\"Klebetechnik aus Wuppertal\",\"potentialAction\":[{\"@type\":\"SearchAction\",\"target\":{\"@type\":\"EntryPoint\",\"urlTemplate\":\"https:\\\/\\\/cardinal-tapes.com\\\/?s={search_term_string}\"},\"query-input\":{\"@type\":\"PropertyValueSpecification\",\"valueRequired\":true,\"valueName\":\"search_term_string\"}}],\"inLanguage\":\"pl-PL\"}]}<\/script>\n<!-- \/ Yoast SEO plugin. -->","yoast_head_json":{"title":"Dozownik do r\u0105k tesa\u00ae 6032 | Cardinal TAPES","description":"Dyspenser r\u0119czny tesa\u00ae 6032 to profesjonalny dyspenser r\u0119czny do odpornych na rozerwanie ta\u015bm spinaj\u0105cych i filamentowych tesa\u00ae o szeroko\u015bci do 25 mm.","robots":{"index":"index","follow":"follow","max-snippet":"max-snippet:-1","max-image-preview":"max-image-preview:large","max-video-preview":"max-video-preview:-1"},"canonical":"https:\/\/cardinal-tapes.com\/pl\/ta\u015bmy-samoprzylepne\/sektor-transportowy\/tesa6032-reczny-dyspenser-do-tasm-samoprzylepnych-i-foliowych\/","og_locale":"pl_PL","og_type":"article","og_title":"Dozownik do r\u0105k tesa\u00ae 6032 | Cardinal TAPES","og_description":"Dyspenser r\u0119czny tesa\u00ae 6032 to profesjonalny dyspenser r\u0119czny do odpornych na rozerwanie ta\u015bm spinaj\u0105cych i filamentowych tesa\u00ae o szeroko\u015bci do 25 mm.","og_url":"https:\/\/cardinal-tapes.com\/pl\/ta\u015bmy-samoprzylepne\/sektor-transportowy\/tesa6032-reczny-dyspenser-do-tasm-samoprzylepnych-i-foliowych\/","og_site_name":"cardinal TAPES","og_image":[{"width":501,"height":456,"url":"https:\/\/cardinal-tapes.com\/wp-content\/uploads\/tesa-06032-pr-001-fullsize2032480_canvas1x1_5.jpg","type":"image\/jpeg"}],"twitter_card":"summary_large_image","schema":{"@context":"https:\/\/schema.org","@graph":[{"@type":"WebPage","@id":"https:\/\/cardinal-tapes.com\/pl\/ta\u015bmy-samoprzylepne\/sektor-transportowy\/tesa6032-reczny-dyspenser-do-tasm-samoprzylepnych-i-foliowych\/","url":"https:\/\/cardinal-tapes.com\/pl\/ta\u015bmy-samoprzylepne\/sektor-transportowy\/tesa6032-reczny-dyspenser-do-tasm-samoprzylepnych-i-foliowych\/","name":"Dozownik do r\u0105k tesa\u00ae 6032 | Cardinal TAPES","isPartOf":{"@id":"https:\/\/cardinal-tapes.com\/#website"},"primaryImageOfPage":{"@id":"https:\/\/cardinal-tapes.com\/pl\/ta\u015bmy-samoprzylepne\/sektor-transportowy\/tesa6032-reczny-dyspenser-do-tasm-samoprzylepnych-i-foliowych\/#primaryimage"},"image":{"@id":"https:\/\/cardinal-tapes.com\/pl\/ta\u015bmy-samoprzylepne\/sektor-transportowy\/tesa6032-reczny-dyspenser-do-tasm-samoprzylepnych-i-foliowych\/#primaryimage"},"thumbnailUrl":"https:\/\/cardinal-tapes.com\/wp-content\/uploads\/tesa-06032-pr-001-fullsize2032480_canvas1x1_5.jpg","datePublished":"2023-06-05T15:06:41+00:00","description":"Dyspenser r\u0119czny tesa\u00ae 6032 to profesjonalny dyspenser r\u0119czny do odpornych na rozerwanie ta\u015bm spinaj\u0105cych i filamentowych tesa\u00ae o szeroko\u015bci do 25 mm.","breadcrumb":{"@id":"https:\/\/cardinal-tapes.com\/pl\/ta\u015bmy-samoprzylepne\/sektor-transportowy\/tesa6032-reczny-dyspenser-do-tasm-samoprzylepnych-i-foliowych\/#breadcrumb"},"inLanguage":"pl-PL","potentialAction":[{"@type":"ReadAction","target":["https:\/\/cardinal-tapes.com\/pl\/ta\u015bmy-samoprzylepne\/sektor-transportowy\/tesa6032-reczny-dyspenser-do-tasm-samoprzylepnych-i-foliowych\/"]}]},{"@type":"ImageObject","inLanguage":"pl-PL","@id":"https:\/\/cardinal-tapes.com\/pl\/ta\u015bmy-samoprzylepne\/sektor-transportowy\/tesa6032-reczny-dyspenser-do-tasm-samoprzylepnych-i-foliowych\/#primaryimage","url":"https:\/\/cardinal-tapes.com\/wp-content\/uploads\/tesa-06032-pr-001-fullsize2032480_canvas1x1_5.jpg","contentUrl":"https:\/\/cardinal-tapes.com\/wp-content\/uploads\/tesa-06032-pr-001-fullsize2032480_canvas1x1_5.jpg","width":501,"height":456},{"@type":"BreadcrumbList","@id":"https:\/\/cardinal-tapes.com\/pl\/ta\u015bmy-samoprzylepne\/sektor-transportowy\/tesa6032-reczny-dyspenser-do-tasm-samoprzylepnych-i-foliowych\/#breadcrumb","itemListElement":[{"@type":"ListItem","position":1,"name":"Startseite","item":"https:\/\/cardinal-tapes.com\/pl\/strona-glowna\/"},{"@type":"ListItem","position":2,"name":"Ta\u015bmy samoprzylepne","item":"https:\/\/cardinal-tapes.com\/pl\/tasmy-samoprzylepne-pl\/"},{"@type":"ListItem","position":3,"name":"Sektor transportowy","item":"https:\/\/cardinal-tapes.com\/pl\/kategoria\/sektor-transportowy\/"},{"@type":"ListItem","position":4,"name":"Dyspenser r\u0119czny tesa\u00ae6032 do ta\u015bm spinaj\u0105cych i filamentowych"}]},{"@type":"WebSite","@id":"https:\/\/cardinal-tapes.com\/#website","url":"https:\/\/cardinal-tapes.com\/","name":"cardinal TAPES","description":"Klebetechnik aus Wuppertal","potentialAction":[{"@type":"SearchAction","target":{"@type":"EntryPoint","urlTemplate":"https:\/\/cardinal-tapes.com\/?s={search_term_string}"},"query-input":{"@type":"PropertyValueSpecification","valueRequired":true,"valueName":"search_term_string"}}],"inLanguage":"pl-PL"}]}},"brands":[{"id":2164,"name":"tesa","slug":"tesa-pl"}],"_links":{"self":[{"href":"https:\/\/cardinal-tapes.com\/pl\/wp-json\/wp\/v2\/product\/49303","targetHints":{"allow":["GET"]}}],"collection":[{"href":"https:\/\/cardinal-tapes.com\/pl\/wp-json\/wp\/v2\/product"}],"about":[{"href":"https:\/\/cardinal-tapes.com\/pl\/wp-json\/wp\/v2\/types\/product"}],"wp:featuredmedia":[{"embeddable":true,"href":"https:\/\/cardinal-tapes.com\/pl\/wp-json\/wp\/v2\/media\/28458"}],"wp:attachment":[{"href":"https:\/\/cardinal-tapes.com\/pl\/wp-json\/wp\/v2\/media?parent=49303"}],"wp:term":[{"taxonomy":"pwb-brand","embeddable":true,"href":"https:\/\/cardinal-tapes.com\/pl\/wp-json\/wp\/v2\/pwb-brand?post=49303"},{"taxonomy":"product_brand","embeddable":true,"href":"https:\/\/cardinal-tapes.com\/pl\/wp-json\/wp\/v2\/product_brand?post=49303"},{"taxonomy":"product_cat","embeddable":true,"href":"https:\/\/cardinal-tapes.com\/pl\/wp-json\/wp\/v2\/product_cat?post=49303"},{"taxonomy":"product_tag","embeddable":true,"href":"https:\/\/cardinal-tapes.com\/pl\/wp-json\/wp\/v2\/product_tag?post=49303"}],"curies":[{"name":"wp","href":"https:\/\/api.w.org\/{rel}","templated":true}]}}