{"id":48278,"date":"2018-03-27T15:51:52","date_gmt":"2023-06-05T15:05:11","guid":{"rendered":"https:\/\/cardinal.pixel-tal.de\/klebebaender\/bez-kategorii\/ca-994-tasma-samoprzylepna-z-pianki-pe\/"},"modified":"2023-06-05T17:05:11","modified_gmt":"2023-06-05T15:05:11","slug":"ca-994-pe-foam-adhesive-tape-xx","status":"publish","type":"product","link":"https:\/\/cardinal-tapes.com\/pl\/ta\u015bmy-samoprzylepne\/jednostronne-tasmy-samoprzylepne\/ca-994-pe-foam-adhesive-tape-xx\/","title":{"rendered":"CA-994 Ta\u015bma samoprzylepna z pianki PE"},"content":{"rendered":"<p class=\"Default\"><span style=\"font-size: 9.0pt;\">System klej\u00f3w termotopliwych jest szczeg\u00f3lnie odpowiedni do zastosowa\u0144 wymagaj\u0105cych bardzo du\u017cej pocz\u0105tkowej si\u0142y klejenia. Powierzchnia z usieciowanej pianki o zamkni\u0119tych kom\u00f3rkach gwarantuje bezpieczne mocowanie wra\u017cliwej na nacisk folii samoprzylepnej, dzi\u0119ki czemu rozk\u0142ad si\u0142y jest optymalnie przenoszony pod obci\u0105\u017ceniem mechanicznym. \u0141atwa w monta\u017cu foliowa os\u0142ona zapewnia szybk\u0105 i wygodn\u0105 instalacj\u0119 ta\u015bmy piankowej.<\/span><\/p>\n","protected":false},"excerpt":{"rendered":"<p>System klej\u00f3w termotopliwych jest szczeg\u00f3lnie odpowiedni do zastosowa\u0144 wymagaj\u0105cych bardzo du\u017cej pocz\u0105tkowej si\u0142y klejenia. Powierzchnia z usieciowanej pianki o zamkni\u0119tych kom\u00f3rkach gwarantuje bezpieczne mocowanie wra\u017cliwej na nacisk folii samoprzylepnej, dzi\u0119ki czemu rozk\u0142ad si\u0142y jest optymalnie przenoszony pod obci\u0105\u017ceniem mechanicznym. \u0141atwa w monta\u017cu foliowa os\u0142ona zapewnia szybk\u0105 i wygodn\u0105 instalacj\u0119 ta\u015bmy piankowej.<\/p>\n","protected":false},"featured_media":27190,"template":"","meta":{"_acf_changed":false},"pwb-brand":[2173],"product_brand":[],"product_cat":[1816],"product_tag":[],"class_list":{"0":"post-48278","1":"product","2":"type-product","3":"status-publish","4":"has-post-thumbnail","6":"pwb-brand-cardinal-gmbh-pl","7":"product_cat-jednostronne-tasmy-samoprzylepne","9":"first","10":"instock","11":"taxable","12":"shipping-taxable","13":"purchasable","14":"product-type-variable"},"acf":[],"yoast_head":"<!-- This site is optimized with the Yoast SEO plugin v27.3 - https:\/\/yoast.com\/product\/yoast-seo-wordpress\/ -->\n<title>CA-994 Piankowa ta\u015bma klej\u0105ca PE | Cardinal TAPES<\/title>\n<meta name=\"description\" content=\"CA-994 to ta\u015bma samoprzylepna z pianki PE, stosowana jako uniwersalna ta\u015bma samoprzylepna do klejenia, uszczelniania, izolowania lub t\u0142umienia na g\u0142adkich powierzchniach.\" \/>\n<meta name=\"robots\" content=\"index, follow, max-snippet:-1, max-image-preview:large, max-video-preview:-1\" \/>\n<link rel=\"canonical\" href=\"https:\/\/cardinal-tapes.com\/pl\/ta\u015bmy-samoprzylepne\/jednostronne-tasmy-samoprzylepne\/ca-994-pe-foam-adhesive-tape-xx\/\" \/>\n<meta property=\"og:locale\" content=\"pl_PL\" \/>\n<meta property=\"og:type\" content=\"article\" \/>\n<meta property=\"og:title\" content=\"CA-994 Piankowa ta\u015bma klej\u0105ca PE | Cardinal TAPES\" \/>\n<meta property=\"og:description\" content=\"CA-994 to ta\u015bma samoprzylepna z pianki PE, stosowana jako uniwersalna ta\u015bma samoprzylepna do klejenia, uszczelniania, izolowania lub t\u0142umienia na g\u0142adkich powierzchniach.\" \/>\n<meta property=\"og:url\" content=\"https:\/\/cardinal-tapes.com\/pl\/ta\u015bmy-samoprzylepne\/jednostronne-tasmy-samoprzylepne\/ca-994-pe-foam-adhesive-tape-xx\/\" \/>\n<meta property=\"og:site_name\" content=\"cardinal TAPES\" \/>\n<meta property=\"og:image\" content=\"https:\/\/cardinal-tapes.com\/wp-content\/uploads\/CA_996-2_retouched.jpg\" \/>\n\t<meta property=\"og:image:width\" content=\"1078\" \/>\n\t<meta property=\"og:image:height\" content=\"1400\" \/>\n\t<meta property=\"og:image:type\" content=\"image\/jpeg\" \/>\n<meta name=\"twitter:card\" content=\"summary_large_image\" \/>\n<script type=\"application\/ld+json\" class=\"yoast-schema-graph\">{\"@context\":\"https:\\\/\\\/schema.org\",\"@graph\":[{\"@type\":\"WebPage\",\"@id\":\"https:\\\/\\\/cardinal-tapes.com\\\/pl\\\/ta\u015bmy-samoprzylepne\\\/jednostronne-tasmy-samoprzylepne\\\/ca-994-pe-foam-adhesive-tape-xx\\\/\",\"url\":\"https:\\\/\\\/cardinal-tapes.com\\\/pl\\\/ta\u015bmy-samoprzylepne\\\/jednostronne-tasmy-samoprzylepne\\\/ca-994-pe-foam-adhesive-tape-xx\\\/\",\"name\":\"CA-994 Piankowa ta\u015bma klej\u0105ca PE | Cardinal TAPES\",\"isPartOf\":{\"@id\":\"https:\\\/\\\/cardinal-tapes.com\\\/#website\"},\"primaryImageOfPage\":{\"@id\":\"https:\\\/\\\/cardinal-tapes.com\\\/pl\\\/ta\u015bmy-samoprzylepne\\\/jednostronne-tasmy-samoprzylepne\\\/ca-994-pe-foam-adhesive-tape-xx\\\/#primaryimage\"},\"image\":{\"@id\":\"https:\\\/\\\/cardinal-tapes.com\\\/pl\\\/ta\u015bmy-samoprzylepne\\\/jednostronne-tasmy-samoprzylepne\\\/ca-994-pe-foam-adhesive-tape-xx\\\/#primaryimage\"},\"thumbnailUrl\":\"https:\\\/\\\/cardinal-tapes.com\\\/wp-content\\\/uploads\\\/CA_996-2_retouched.jpg\",\"datePublished\":\"2023-06-05T15:05:11+00:00\",\"description\":\"CA-994 to ta\u015bma samoprzylepna z pianki PE, stosowana jako uniwersalna ta\u015bma samoprzylepna do klejenia, uszczelniania, izolowania lub t\u0142umienia na g\u0142adkich powierzchniach.\",\"breadcrumb\":{\"@id\":\"https:\\\/\\\/cardinal-tapes.com\\\/pl\\\/ta\u015bmy-samoprzylepne\\\/jednostronne-tasmy-samoprzylepne\\\/ca-994-pe-foam-adhesive-tape-xx\\\/#breadcrumb\"},\"inLanguage\":\"pl-PL\",\"potentialAction\":[{\"@type\":\"ReadAction\",\"target\":[\"https:\\\/\\\/cardinal-tapes.com\\\/pl\\\/ta\u015bmy-samoprzylepne\\\/jednostronne-tasmy-samoprzylepne\\\/ca-994-pe-foam-adhesive-tape-xx\\\/\"]}]},{\"@type\":\"ImageObject\",\"inLanguage\":\"pl-PL\",\"@id\":\"https:\\\/\\\/cardinal-tapes.com\\\/pl\\\/ta\u015bmy-samoprzylepne\\\/jednostronne-tasmy-samoprzylepne\\\/ca-994-pe-foam-adhesive-tape-xx\\\/#primaryimage\",\"url\":\"https:\\\/\\\/cardinal-tapes.com\\\/wp-content\\\/uploads\\\/CA_996-2_retouched.jpg\",\"contentUrl\":\"https:\\\/\\\/cardinal-tapes.com\\\/wp-content\\\/uploads\\\/CA_996-2_retouched.jpg\",\"width\":1078,\"height\":1400,\"caption\":\"Ta\u015bma klej\u0105ca CA 996\"},{\"@type\":\"BreadcrumbList\",\"@id\":\"https:\\\/\\\/cardinal-tapes.com\\\/pl\\\/ta\u015bmy-samoprzylepne\\\/jednostronne-tasmy-samoprzylepne\\\/ca-994-pe-foam-adhesive-tape-xx\\\/#breadcrumb\",\"itemListElement\":[{\"@type\":\"ListItem\",\"position\":1,\"name\":\"Startseite\",\"item\":\"https:\\\/\\\/cardinal-tapes.com\\\/pl\\\/strona-glowna\\\/\"},{\"@type\":\"ListItem\",\"position\":2,\"name\":\"Ta\u015bmy samoprzylepne\",\"item\":\"https:\\\/\\\/cardinal-tapes.com\\\/pl\\\/tasmy-samoprzylepne-pl\\\/\"},{\"@type\":\"ListItem\",\"position\":3,\"name\":\"Jednostronne ta\u015bmy samoprzylepne\",\"item\":\"https:\\\/\\\/cardinal-tapes.com\\\/pl\\\/kategoria\\\/jednostronne-tasmy-samoprzylepne\\\/\"},{\"@type\":\"ListItem\",\"position\":4,\"name\":\"CA-994 Ta\u015bma samoprzylepna z pianki PE\"}]},{\"@type\":\"WebSite\",\"@id\":\"https:\\\/\\\/cardinal-tapes.com\\\/#website\",\"url\":\"https:\\\/\\\/cardinal-tapes.com\\\/\",\"name\":\"cardinal TAPES\",\"description\":\"Klebetechnik aus Wuppertal\",\"potentialAction\":[{\"@type\":\"SearchAction\",\"target\":{\"@type\":\"EntryPoint\",\"urlTemplate\":\"https:\\\/\\\/cardinal-tapes.com\\\/?s={search_term_string}\"},\"query-input\":{\"@type\":\"PropertyValueSpecification\",\"valueRequired\":true,\"valueName\":\"search_term_string\"}}],\"inLanguage\":\"pl-PL\"}]}<\/script>\n<!-- \/ Yoast SEO plugin. -->","yoast_head_json":{"title":"CA-994 Piankowa ta\u015bma klej\u0105ca PE | Cardinal TAPES","description":"CA-994 to ta\u015bma samoprzylepna z pianki PE, stosowana jako uniwersalna ta\u015bma samoprzylepna do klejenia, uszczelniania, izolowania lub t\u0142umienia na g\u0142adkich powierzchniach.","robots":{"index":"index","follow":"follow","max-snippet":"max-snippet:-1","max-image-preview":"max-image-preview:large","max-video-preview":"max-video-preview:-1"},"canonical":"https:\/\/cardinal-tapes.com\/pl\/ta\u015bmy-samoprzylepne\/jednostronne-tasmy-samoprzylepne\/ca-994-pe-foam-adhesive-tape-xx\/","og_locale":"pl_PL","og_type":"article","og_title":"CA-994 Piankowa ta\u015bma klej\u0105ca PE | Cardinal TAPES","og_description":"CA-994 to ta\u015bma samoprzylepna z pianki PE, stosowana jako uniwersalna ta\u015bma samoprzylepna do klejenia, uszczelniania, izolowania lub t\u0142umienia na g\u0142adkich powierzchniach.","og_url":"https:\/\/cardinal-tapes.com\/pl\/ta\u015bmy-samoprzylepne\/jednostronne-tasmy-samoprzylepne\/ca-994-pe-foam-adhesive-tape-xx\/","og_site_name":"cardinal TAPES","og_image":[{"width":1078,"height":1400,"url":"https:\/\/cardinal-tapes.com\/wp-content\/uploads\/CA_996-2_retouched.jpg","type":"image\/jpeg"}],"twitter_card":"summary_large_image","schema":{"@context":"https:\/\/schema.org","@graph":[{"@type":"WebPage","@id":"https:\/\/cardinal-tapes.com\/pl\/ta\u015bmy-samoprzylepne\/jednostronne-tasmy-samoprzylepne\/ca-994-pe-foam-adhesive-tape-xx\/","url":"https:\/\/cardinal-tapes.com\/pl\/ta\u015bmy-samoprzylepne\/jednostronne-tasmy-samoprzylepne\/ca-994-pe-foam-adhesive-tape-xx\/","name":"CA-994 Piankowa ta\u015bma klej\u0105ca PE | Cardinal TAPES","isPartOf":{"@id":"https:\/\/cardinal-tapes.com\/#website"},"primaryImageOfPage":{"@id":"https:\/\/cardinal-tapes.com\/pl\/ta\u015bmy-samoprzylepne\/jednostronne-tasmy-samoprzylepne\/ca-994-pe-foam-adhesive-tape-xx\/#primaryimage"},"image":{"@id":"https:\/\/cardinal-tapes.com\/pl\/ta\u015bmy-samoprzylepne\/jednostronne-tasmy-samoprzylepne\/ca-994-pe-foam-adhesive-tape-xx\/#primaryimage"},"thumbnailUrl":"https:\/\/cardinal-tapes.com\/wp-content\/uploads\/CA_996-2_retouched.jpg","datePublished":"2023-06-05T15:05:11+00:00","description":"CA-994 to ta\u015bma samoprzylepna z pianki PE, stosowana jako uniwersalna ta\u015bma samoprzylepna do klejenia, uszczelniania, izolowania lub t\u0142umienia na g\u0142adkich powierzchniach.","breadcrumb":{"@id":"https:\/\/cardinal-tapes.com\/pl\/ta\u015bmy-samoprzylepne\/jednostronne-tasmy-samoprzylepne\/ca-994-pe-foam-adhesive-tape-xx\/#breadcrumb"},"inLanguage":"pl-PL","potentialAction":[{"@type":"ReadAction","target":["https:\/\/cardinal-tapes.com\/pl\/ta\u015bmy-samoprzylepne\/jednostronne-tasmy-samoprzylepne\/ca-994-pe-foam-adhesive-tape-xx\/"]}]},{"@type":"ImageObject","inLanguage":"pl-PL","@id":"https:\/\/cardinal-tapes.com\/pl\/ta\u015bmy-samoprzylepne\/jednostronne-tasmy-samoprzylepne\/ca-994-pe-foam-adhesive-tape-xx\/#primaryimage","url":"https:\/\/cardinal-tapes.com\/wp-content\/uploads\/CA_996-2_retouched.jpg","contentUrl":"https:\/\/cardinal-tapes.com\/wp-content\/uploads\/CA_996-2_retouched.jpg","width":1078,"height":1400,"caption":"Ta\u015bma klej\u0105ca CA 996"},{"@type":"BreadcrumbList","@id":"https:\/\/cardinal-tapes.com\/pl\/ta\u015bmy-samoprzylepne\/jednostronne-tasmy-samoprzylepne\/ca-994-pe-foam-adhesive-tape-xx\/#breadcrumb","itemListElement":[{"@type":"ListItem","position":1,"name":"Startseite","item":"https:\/\/cardinal-tapes.com\/pl\/strona-glowna\/"},{"@type":"ListItem","position":2,"name":"Ta\u015bmy samoprzylepne","item":"https:\/\/cardinal-tapes.com\/pl\/tasmy-samoprzylepne-pl\/"},{"@type":"ListItem","position":3,"name":"Jednostronne ta\u015bmy samoprzylepne","item":"https:\/\/cardinal-tapes.com\/pl\/kategoria\/jednostronne-tasmy-samoprzylepne\/"},{"@type":"ListItem","position":4,"name":"CA-994 Ta\u015bma samoprzylepna z pianki PE"}]},{"@type":"WebSite","@id":"https:\/\/cardinal-tapes.com\/#website","url":"https:\/\/cardinal-tapes.com\/","name":"cardinal TAPES","description":"Klebetechnik aus Wuppertal","potentialAction":[{"@type":"SearchAction","target":{"@type":"EntryPoint","urlTemplate":"https:\/\/cardinal-tapes.com\/?s={search_term_string}"},"query-input":{"@type":"PropertyValueSpecification","valueRequired":true,"valueName":"search_term_string"}}],"inLanguage":"pl-PL"}]}},"brands":[{"id":2173,"name":"cardinal GmbH","slug":"cardinal-gmbh-pl"}],"_links":{"self":[{"href":"https:\/\/cardinal-tapes.com\/pl\/wp-json\/wp\/v2\/product\/48278","targetHints":{"allow":["GET"]}}],"collection":[{"href":"https:\/\/cardinal-tapes.com\/pl\/wp-json\/wp\/v2\/product"}],"about":[{"href":"https:\/\/cardinal-tapes.com\/pl\/wp-json\/wp\/v2\/types\/product"}],"wp:featuredmedia":[{"embeddable":true,"href":"https:\/\/cardinal-tapes.com\/pl\/wp-json\/wp\/v2\/media\/27190"}],"wp:attachment":[{"href":"https:\/\/cardinal-tapes.com\/pl\/wp-json\/wp\/v2\/media?parent=48278"}],"wp:term":[{"taxonomy":"pwb-brand","embeddable":true,"href":"https:\/\/cardinal-tapes.com\/pl\/wp-json\/wp\/v2\/pwb-brand?post=48278"},{"taxonomy":"product_brand","embeddable":true,"href":"https:\/\/cardinal-tapes.com\/pl\/wp-json\/wp\/v2\/product_brand?post=48278"},{"taxonomy":"product_cat","embeddable":true,"href":"https:\/\/cardinal-tapes.com\/pl\/wp-json\/wp\/v2\/product_cat?post=48278"},{"taxonomy":"product_tag","embeddable":true,"href":"https:\/\/cardinal-tapes.com\/pl\/wp-json\/wp\/v2\/product_tag?post=48278"}],"curies":[{"name":"wp","href":"https:\/\/api.w.org\/{rel}","templated":true}]}}