{"id":47663,"date":"2018-04-06T08:32:32","date_gmt":"2023-06-05T15:04:50","guid":{"rendered":"https:\/\/cardinal.pixel-tal.de\/klebebaender\/bez-kategorii\/dwustronna-akrylowa-tasma-klejaca-tesa-acxplus-7042\/"},"modified":"2025-07-02T14:24:58","modified_gmt":"2025-07-02T12:24:58","slug":"tesa-7042-acx-tasma-dwustronnie-klejaca-z-rdzeniem-akrylowym","status":"publish","type":"product","link":"https:\/\/cardinal-tapes.com\/pl\/ta\u015bmy-samoprzylepne\/tasmy-dwustronnie-klejace\/tesa-7042-acx-tasma-dwustronnie-klejaca-z-rdzeniem-akrylowym\/","title":{"rendered":"Dwustronna akrylowa ta\u015bma klej\u0105ca tesa\u00ae ACXplus 7042"},"content":{"rendered":"<p><sup>tesa\u00ae<\/sup> <sup class=\"lowercase\">ACXplus<\/sup> 7042 to dwustronna ta\u015bma samoprzylepna z wysokowydajnym no\u015bnikiem z pianki akrylowej, dost\u0119pna w kolorze szarym i bia\u0142ym. Ze wzgl\u0119du na sw\u00f3j unikalny sk\u0142ad ta\u015bma samoprzylepna ma bardzo wysok\u0105 si\u0142\u0119 wi\u0105zania, odporno\u015b\u0107 na temperatur\u0119 i warunki atmosferyczne, a tak\u017ce zdolno\u015b\u0107 do kompensacji r\u00f3\u017cnych obci\u0105\u017ce\u0144 rozci\u0105gaj\u0105cych i \u015bcinaj\u0105cych.<\/p>\n<p><strong>W\u0142a\u015bciwo\u015bci<\/strong><br \/>\n&#8211; Odporno\u015b\u0107 na temperatur\u0119 i warunki atmosferyczne<br \/>\n&#8211; Bardzo wysoka si\u0142a wi\u0105zania<\/p>\n<p><strong>Zastosowania<\/strong><br \/>\n&#8211; Zastosowanie na powierzchniach trudnych do klejenia, takich jak tworzywa sztuczne lub powlekane powierzchnie metalowe.<br \/>\n&#8211; Klejenie paneli dekoracyjnych (np.: szklane fronty lod\u00f3wek i powierzchnie mebli)<br \/>\n&#8211; Mocowanie element\u00f3w dekoracyjnych (np. listwy okienne lub listwy meblowe)<br \/>\n&#8211; Klejenie w obszarze szk\u0142o-szk\u0142o lub szk\u0142o-metal (np.: w produkcji \u015bcianek dzia\u0142owych lub element\u00f3w drzwi)<\/p>\n<p>&nbsp;<\/p>\n","protected":false},"excerpt":{"rendered":"<p>tesa\u00ae ACXplus 7042 to dwustronna ta\u015bma samoprzylepna z wysokowydajnym no\u015bnikiem z pianki akrylowej, dost\u0119pna w kolorze szarym i bia\u0142ym. Ze wzgl\u0119du na sw\u00f3j unikalny sk\u0142ad ta\u015bma samoprzylepna ma bardzo wysok\u0105 si\u0142\u0119 wi\u0105zania, odporno\u015b\u0107 na temperatur\u0119 i warunki atmosferyczne, a tak\u017ce zdolno\u015b\u0107 do kompensacji r\u00f3\u017cnych obci\u0105\u017ce\u0144 rozci\u0105gaj\u0105cych i \u015bcinaj\u0105cych. W\u0142a\u015bciwo\u015bci &#8211; Odporno\u015b\u0107 na temperatur\u0119 i warunki [&hellip;]<\/p>\n","protected":false},"featured_media":26738,"template":"","meta":{"_acf_changed":false},"pwb-brand":[2164],"product_brand":[],"product_cat":[1814],"product_tag":[],"class_list":{"0":"post-47663","1":"product","2":"type-product","3":"status-publish","4":"has-post-thumbnail","6":"pwb-brand-tesa-pl","7":"product_cat-tasmy-dwustronnie-klejace","9":"first","10":"instock","11":"taxable","12":"shipping-taxable","13":"purchasable","14":"product-type-variable"},"acf":[],"yoast_head":"<!-- This site is optimized with the Yoast SEO plugin v27.3 - https:\/\/yoast.com\/product\/yoast-seo-wordpress\/ -->\n<title>Dwustronna akrylowa ta\u015bma klej\u0105ca tesa\u00ae 7042 ACXplus | Cardinal TAPES<\/title>\n<meta name=\"description\" content=\"tesa\u00ae ACXplus 7042 to dwustronna ta\u015bma samoprzylepna z wysokowydajnym no\u015bnikiem z pianki akrylowej, dost\u0119pna w kolorze szarym i bia\u0142ym. Dowiedz si\u0119 wi\u0119cej.\" \/>\n<meta name=\"robots\" content=\"index, follow, max-snippet:-1, max-image-preview:large, max-video-preview:-1\" \/>\n<link rel=\"canonical\" href=\"https:\/\/cardinal-tapes.com\/pl\/ta\u015bmy-samoprzylepne\/tasmy-dwustronnie-klejace\/tesa-7042-acx-tasma-dwustronnie-klejaca-z-rdzeniem-akrylowym\/\" \/>\n<meta property=\"og:locale\" content=\"pl_PL\" \/>\n<meta property=\"og:type\" content=\"article\" \/>\n<meta property=\"og:title\" content=\"Dwustronna akrylowa ta\u015bma klej\u0105ca tesa\u00ae 7042 ACXplus | Cardinal TAPES\" \/>\n<meta property=\"og:description\" content=\"tesa\u00ae ACXplus 7042 to dwustronna ta\u015bma samoprzylepna z wysokowydajnym no\u015bnikiem z pianki akrylowej, dost\u0119pna w kolorze szarym i bia\u0142ym. Dowiedz si\u0119 wi\u0119cej.\" \/>\n<meta property=\"og:url\" content=\"https:\/\/cardinal-tapes.com\/pl\/ta\u015bmy-samoprzylepne\/tasmy-dwustronnie-klejace\/tesa-7042-acx-tasma-dwustronnie-klejaca-z-rdzeniem-akrylowym\/\" \/>\n<meta property=\"og:site_name\" content=\"cardinal TAPES\" \/>\n<meta property=\"article:modified_time\" content=\"2025-07-02T12:24:58+00:00\" \/>\n<meta property=\"og:image\" content=\"https:\/\/cardinal-tapes.com\/wp-content\/uploads\/tesa-0704x-as-001172794_canvas1x1_6.jpg\" \/>\n\t<meta property=\"og:image:width\" content=\"453\" \/>\n\t<meta property=\"og:image:height\" content=\"640\" \/>\n\t<meta property=\"og:image:type\" content=\"image\/jpeg\" \/>\n<meta name=\"twitter:card\" content=\"summary_large_image\" \/>\n<meta name=\"twitter:label1\" content=\"Szacowany czas czytania\" \/>\n\t<meta name=\"twitter:data1\" content=\"1 minuta\" \/>\n<script type=\"application\/ld+json\" class=\"yoast-schema-graph\">{\"@context\":\"https:\\\/\\\/schema.org\",\"@graph\":[{\"@type\":\"WebPage\",\"@id\":\"https:\\\/\\\/cardinal-tapes.com\\\/pl\\\/ta\u015bmy-samoprzylepne\\\/tasmy-dwustronnie-klejace\\\/tesa-7042-acx-tasma-dwustronnie-klejaca-z-rdzeniem-akrylowym\\\/\",\"url\":\"https:\\\/\\\/cardinal-tapes.com\\\/pl\\\/ta\u015bmy-samoprzylepne\\\/tasmy-dwustronnie-klejace\\\/tesa-7042-acx-tasma-dwustronnie-klejaca-z-rdzeniem-akrylowym\\\/\",\"name\":\"Dwustronna akrylowa ta\u015bma klej\u0105ca tesa\u00ae 7042 ACXplus | Cardinal TAPES\",\"isPartOf\":{\"@id\":\"https:\\\/\\\/cardinal-tapes.com\\\/#website\"},\"primaryImageOfPage\":{\"@id\":\"https:\\\/\\\/cardinal-tapes.com\\\/pl\\\/ta\u015bmy-samoprzylepne\\\/tasmy-dwustronnie-klejace\\\/tesa-7042-acx-tasma-dwustronnie-klejaca-z-rdzeniem-akrylowym\\\/#primaryimage\"},\"image\":{\"@id\":\"https:\\\/\\\/cardinal-tapes.com\\\/pl\\\/ta\u015bmy-samoprzylepne\\\/tasmy-dwustronnie-klejace\\\/tesa-7042-acx-tasma-dwustronnie-klejaca-z-rdzeniem-akrylowym\\\/#primaryimage\"},\"thumbnailUrl\":\"https:\\\/\\\/cardinal-tapes.com\\\/wp-content\\\/uploads\\\/tesa-0704x-as-001172794_canvas1x1_6.jpg\",\"datePublished\":\"2023-06-05T15:04:50+00:00\",\"dateModified\":\"2025-07-02T12:24:58+00:00\",\"description\":\"tesa\u00ae ACXplus 7042 to dwustronna ta\u015bma samoprzylepna z wysokowydajnym no\u015bnikiem z pianki akrylowej, dost\u0119pna w kolorze szarym i bia\u0142ym. Dowiedz si\u0119 wi\u0119cej.\",\"breadcrumb\":{\"@id\":\"https:\\\/\\\/cardinal-tapes.com\\\/pl\\\/ta\u015bmy-samoprzylepne\\\/tasmy-dwustronnie-klejace\\\/tesa-7042-acx-tasma-dwustronnie-klejaca-z-rdzeniem-akrylowym\\\/#breadcrumb\"},\"inLanguage\":\"pl-PL\",\"potentialAction\":[{\"@type\":\"ReadAction\",\"target\":[\"https:\\\/\\\/cardinal-tapes.com\\\/pl\\\/ta\u015bmy-samoprzylepne\\\/tasmy-dwustronnie-klejace\\\/tesa-7042-acx-tasma-dwustronnie-klejaca-z-rdzeniem-akrylowym\\\/\"]}]},{\"@type\":\"ImageObject\",\"inLanguage\":\"pl-PL\",\"@id\":\"https:\\\/\\\/cardinal-tapes.com\\\/pl\\\/ta\u015bmy-samoprzylepne\\\/tasmy-dwustronnie-klejace\\\/tesa-7042-acx-tasma-dwustronnie-klejaca-z-rdzeniem-akrylowym\\\/#primaryimage\",\"url\":\"https:\\\/\\\/cardinal-tapes.com\\\/wp-content\\\/uploads\\\/tesa-0704x-as-001172794_canvas1x1_6.jpg\",\"contentUrl\":\"https:\\\/\\\/cardinal-tapes.com\\\/wp-content\\\/uploads\\\/tesa-0704x-as-001172794_canvas1x1_6.jpg\",\"width\":453,\"height\":640,\"caption\":\"tesa-0704x\"},{\"@type\":\"BreadcrumbList\",\"@id\":\"https:\\\/\\\/cardinal-tapes.com\\\/pl\\\/ta\u015bmy-samoprzylepne\\\/tasmy-dwustronnie-klejace\\\/tesa-7042-acx-tasma-dwustronnie-klejaca-z-rdzeniem-akrylowym\\\/#breadcrumb\",\"itemListElement\":[{\"@type\":\"ListItem\",\"position\":1,\"name\":\"Startseite\",\"item\":\"https:\\\/\\\/cardinal-tapes.com\\\/pl\\\/strona-glowna\\\/\"},{\"@type\":\"ListItem\",\"position\":2,\"name\":\"Ta\u015bmy samoprzylepne\",\"item\":\"https:\\\/\\\/cardinal-tapes.com\\\/pl\\\/tasmy-samoprzylepne-pl\\\/\"},{\"@type\":\"ListItem\",\"position\":3,\"name\":\"Doppelseitige Klebeb\u00e4nder\",\"item\":\"https:\\\/\\\/cardinal-tapes.com\\\/kategorie\\\/doppelseitige-klebebaender\\\/\"},{\"@type\":\"ListItem\",\"position\":4,\"name\":\"Dwustronna akrylowa ta\u015bma klej\u0105ca tesa\u00ae ACXplus 7042\"}]},{\"@type\":\"WebSite\",\"@id\":\"https:\\\/\\\/cardinal-tapes.com\\\/#website\",\"url\":\"https:\\\/\\\/cardinal-tapes.com\\\/\",\"name\":\"cardinal TAPES\",\"description\":\"Klebetechnik aus Wuppertal\",\"potentialAction\":[{\"@type\":\"SearchAction\",\"target\":{\"@type\":\"EntryPoint\",\"urlTemplate\":\"https:\\\/\\\/cardinal-tapes.com\\\/?s={search_term_string}\"},\"query-input\":{\"@type\":\"PropertyValueSpecification\",\"valueRequired\":true,\"valueName\":\"search_term_string\"}}],\"inLanguage\":\"pl-PL\"}]}<\/script>\n<!-- \/ Yoast SEO plugin. -->","yoast_head_json":{"title":"Dwustronna akrylowa ta\u015bma klej\u0105ca tesa\u00ae 7042 ACXplus | Cardinal TAPES","description":"tesa\u00ae ACXplus 7042 to dwustronna ta\u015bma samoprzylepna z wysokowydajnym no\u015bnikiem z pianki akrylowej, dost\u0119pna w kolorze szarym i bia\u0142ym. Dowiedz si\u0119 wi\u0119cej.","robots":{"index":"index","follow":"follow","max-snippet":"max-snippet:-1","max-image-preview":"max-image-preview:large","max-video-preview":"max-video-preview:-1"},"canonical":"https:\/\/cardinal-tapes.com\/pl\/ta\u015bmy-samoprzylepne\/tasmy-dwustronnie-klejace\/tesa-7042-acx-tasma-dwustronnie-klejaca-z-rdzeniem-akrylowym\/","og_locale":"pl_PL","og_type":"article","og_title":"Dwustronna akrylowa ta\u015bma klej\u0105ca tesa\u00ae 7042 ACXplus | Cardinal TAPES","og_description":"tesa\u00ae ACXplus 7042 to dwustronna ta\u015bma samoprzylepna z wysokowydajnym no\u015bnikiem z pianki akrylowej, dost\u0119pna w kolorze szarym i bia\u0142ym. Dowiedz si\u0119 wi\u0119cej.","og_url":"https:\/\/cardinal-tapes.com\/pl\/ta\u015bmy-samoprzylepne\/tasmy-dwustronnie-klejace\/tesa-7042-acx-tasma-dwustronnie-klejaca-z-rdzeniem-akrylowym\/","og_site_name":"cardinal TAPES","article_modified_time":"2025-07-02T12:24:58+00:00","og_image":[{"width":453,"height":640,"url":"https:\/\/cardinal-tapes.com\/wp-content\/uploads\/tesa-0704x-as-001172794_canvas1x1_6.jpg","type":"image\/jpeg"}],"twitter_card":"summary_large_image","twitter_misc":{"Szacowany czas czytania":"1 minuta"},"schema":{"@context":"https:\/\/schema.org","@graph":[{"@type":"WebPage","@id":"https:\/\/cardinal-tapes.com\/pl\/ta\u015bmy-samoprzylepne\/tasmy-dwustronnie-klejace\/tesa-7042-acx-tasma-dwustronnie-klejaca-z-rdzeniem-akrylowym\/","url":"https:\/\/cardinal-tapes.com\/pl\/ta\u015bmy-samoprzylepne\/tasmy-dwustronnie-klejace\/tesa-7042-acx-tasma-dwustronnie-klejaca-z-rdzeniem-akrylowym\/","name":"Dwustronna akrylowa ta\u015bma klej\u0105ca tesa\u00ae 7042 ACXplus | Cardinal TAPES","isPartOf":{"@id":"https:\/\/cardinal-tapes.com\/#website"},"primaryImageOfPage":{"@id":"https:\/\/cardinal-tapes.com\/pl\/ta\u015bmy-samoprzylepne\/tasmy-dwustronnie-klejace\/tesa-7042-acx-tasma-dwustronnie-klejaca-z-rdzeniem-akrylowym\/#primaryimage"},"image":{"@id":"https:\/\/cardinal-tapes.com\/pl\/ta\u015bmy-samoprzylepne\/tasmy-dwustronnie-klejace\/tesa-7042-acx-tasma-dwustronnie-klejaca-z-rdzeniem-akrylowym\/#primaryimage"},"thumbnailUrl":"https:\/\/cardinal-tapes.com\/wp-content\/uploads\/tesa-0704x-as-001172794_canvas1x1_6.jpg","datePublished":"2023-06-05T15:04:50+00:00","dateModified":"2025-07-02T12:24:58+00:00","description":"tesa\u00ae ACXplus 7042 to dwustronna ta\u015bma samoprzylepna z wysokowydajnym no\u015bnikiem z pianki akrylowej, dost\u0119pna w kolorze szarym i bia\u0142ym. Dowiedz si\u0119 wi\u0119cej.","breadcrumb":{"@id":"https:\/\/cardinal-tapes.com\/pl\/ta\u015bmy-samoprzylepne\/tasmy-dwustronnie-klejace\/tesa-7042-acx-tasma-dwustronnie-klejaca-z-rdzeniem-akrylowym\/#breadcrumb"},"inLanguage":"pl-PL","potentialAction":[{"@type":"ReadAction","target":["https:\/\/cardinal-tapes.com\/pl\/ta\u015bmy-samoprzylepne\/tasmy-dwustronnie-klejace\/tesa-7042-acx-tasma-dwustronnie-klejaca-z-rdzeniem-akrylowym\/"]}]},{"@type":"ImageObject","inLanguage":"pl-PL","@id":"https:\/\/cardinal-tapes.com\/pl\/ta\u015bmy-samoprzylepne\/tasmy-dwustronnie-klejace\/tesa-7042-acx-tasma-dwustronnie-klejaca-z-rdzeniem-akrylowym\/#primaryimage","url":"https:\/\/cardinal-tapes.com\/wp-content\/uploads\/tesa-0704x-as-001172794_canvas1x1_6.jpg","contentUrl":"https:\/\/cardinal-tapes.com\/wp-content\/uploads\/tesa-0704x-as-001172794_canvas1x1_6.jpg","width":453,"height":640,"caption":"tesa-0704x"},{"@type":"BreadcrumbList","@id":"https:\/\/cardinal-tapes.com\/pl\/ta\u015bmy-samoprzylepne\/tasmy-dwustronnie-klejace\/tesa-7042-acx-tasma-dwustronnie-klejaca-z-rdzeniem-akrylowym\/#breadcrumb","itemListElement":[{"@type":"ListItem","position":1,"name":"Startseite","item":"https:\/\/cardinal-tapes.com\/pl\/strona-glowna\/"},{"@type":"ListItem","position":2,"name":"Ta\u015bmy samoprzylepne","item":"https:\/\/cardinal-tapes.com\/pl\/tasmy-samoprzylepne-pl\/"},{"@type":"ListItem","position":3,"name":"Doppelseitige Klebeb\u00e4nder","item":"https:\/\/cardinal-tapes.com\/kategorie\/doppelseitige-klebebaender\/"},{"@type":"ListItem","position":4,"name":"Dwustronna akrylowa ta\u015bma klej\u0105ca tesa\u00ae ACXplus 7042"}]},{"@type":"WebSite","@id":"https:\/\/cardinal-tapes.com\/#website","url":"https:\/\/cardinal-tapes.com\/","name":"cardinal TAPES","description":"Klebetechnik aus Wuppertal","potentialAction":[{"@type":"SearchAction","target":{"@type":"EntryPoint","urlTemplate":"https:\/\/cardinal-tapes.com\/?s={search_term_string}"},"query-input":{"@type":"PropertyValueSpecification","valueRequired":true,"valueName":"search_term_string"}}],"inLanguage":"pl-PL"}]}},"brands":[{"id":2164,"name":"tesa","slug":"tesa-pl"}],"_links":{"self":[{"href":"https:\/\/cardinal-tapes.com\/pl\/wp-json\/wp\/v2\/product\/47663","targetHints":{"allow":["GET"]}}],"collection":[{"href":"https:\/\/cardinal-tapes.com\/pl\/wp-json\/wp\/v2\/product"}],"about":[{"href":"https:\/\/cardinal-tapes.com\/pl\/wp-json\/wp\/v2\/types\/product"}],"wp:featuredmedia":[{"embeddable":true,"href":"https:\/\/cardinal-tapes.com\/pl\/wp-json\/wp\/v2\/media\/26738"}],"wp:attachment":[{"href":"https:\/\/cardinal-tapes.com\/pl\/wp-json\/wp\/v2\/media?parent=47663"}],"wp:term":[{"taxonomy":"pwb-brand","embeddable":true,"href":"https:\/\/cardinal-tapes.com\/pl\/wp-json\/wp\/v2\/pwb-brand?post=47663"},{"taxonomy":"product_brand","embeddable":true,"href":"https:\/\/cardinal-tapes.com\/pl\/wp-json\/wp\/v2\/product_brand?post=47663"},{"taxonomy":"product_cat","embeddable":true,"href":"https:\/\/cardinal-tapes.com\/pl\/wp-json\/wp\/v2\/product_cat?post=47663"},{"taxonomy":"product_tag","embeddable":true,"href":"https:\/\/cardinal-tapes.com\/pl\/wp-json\/wp\/v2\/product_tag?post=47663"}],"curies":[{"name":"wp","href":"https:\/\/api.w.org\/{rel}","templated":true}]}}