{"id":47016,"date":"2018-05-02T14:10:17","date_gmt":"2018-05-02T12:10:17","guid":{"rendered":"https:\/\/cardinal.pixel-tal.de\/klebebaender\/bez-kategorii\/ca-53-i-tasma-samoprzylepna-pvc-tasma-pakowa\/"},"modified":"2025-07-02T14:42:07","modified_gmt":"2025-07-02T12:42:07","slug":"ca-53-i-pvc-tasma-samoprzylepna-tasma-pakowa","status":"publish","type":"product","link":"https:\/\/cardinal-tapes.com\/pl\/ta\u015bmy-samoprzylepne\/jednostronne-tasmy-samoprzylepne\/folia-pvc\/ca-53-i-pvc-tasma-samoprzylepna-tasma-pakowa\/","title":{"rendered":"CA-53\/I Ta\u015bma samoprzylepna PVC \/ ta\u015bma pakowa"},"content":{"rendered":"<p>Nasza wysokiej jako\u015bci <strong data-start=\"125\" data-end=\"164\">ta\u015bma pakowa PVC z nadrukiem<\/strong> CA-53\/I \u0142\u0105czy w sobie du\u017c\u0105 si\u0142\u0119 klejenia z niestandardowym wzornictwem.<\/p>\n<p><strong>W\u0142a\u015bciwo\u015bci:<\/strong><\/p>\n<ul>\n<li><strong data-start=\"621\" data-end=\"647\">Mo\u017cliwo\u015b\u0107 indywidualnego zadruku<\/strong> &#8211; idealna do umieszczania logo, komunikat\u00f3w reklamowych lub ostrze\u017ce\u0144 &#8211; spersonalizuj swoj\u0105 ta\u015bm\u0119 samoprzylepn\u0105<\/li>\n<li><strong data-start=\"352\" data-end=\"381\">Solidny i trwa\u0142y<\/strong> &#8211; wykonany z wytrzyma\u0142ego materia\u0142u PVC, kt\u00f3ry jest odporny na rozdarcia i d\u0142ugotrwa\u0142y.<\/li>\n<li><strong data-start=\"468\" data-end=\"488\">Silna si\u0142a klejenia<\/strong> &#8211; Wysokowydajny klej z naturalnego kauczuku zapewnia bezpieczne mocowanie na r\u00f3\u017cnych powierzchniach kartonowych i opakowaniowych.<\/li>\n<li><strong data-start=\"883\" data-end=\"916\">Odporno\u015b\u0107 na warunki atmosferyczne i temperatur\u0119<\/strong> &#8211; Odporno\u015b\u0107 na wilgo\u0107, ciep\u0142o i zimno zapewnia bezpieczne zamkni\u0119cie w ka\u017cdych warunkach.<\/li>\n<\/ul>\n<p>&nbsp;<\/p>\n","protected":false},"excerpt":{"rendered":"<p>Nasza wysokiej jako\u015bci ta\u015bma pakowa PVC z nadrukiem CA-53\/I \u0142\u0105czy w sobie du\u017c\u0105 si\u0142\u0119 klejenia z niestandardowym wzornictwem. W\u0142a\u015bciwo\u015bci: Mo\u017cliwo\u015b\u0107 indywidualnego zadruku &#8211; idealna do umieszczania logo, komunikat\u00f3w reklamowych lub ostrze\u017ce\u0144 &#8211; spersonalizuj swoj\u0105 ta\u015bm\u0119 samoprzylepn\u0105 Solidny i trwa\u0142y &#8211; wykonany z wytrzyma\u0142ego materia\u0142u PVC, kt\u00f3ry jest odporny na rozdarcia i d\u0142ugotrwa\u0142y. Silna si\u0142a klejenia [&hellip;]<\/p>\n","protected":false},"featured_media":26934,"template":"","meta":{"_acf_changed":false},"pwb-brand":[2173],"product_brand":[],"product_cat":[1792,1816,1821,1867],"product_tag":[],"class_list":{"0":"post-47016","1":"product","2":"type-product","3":"status-publish","4":"has-post-thumbnail","6":"pwb-brand-cardinal-gmbh-pl","7":"product_cat-sektor-transportowy","8":"product_cat-jednostronne-tasmy-samoprzylepne","9":"product_cat-folia-pvc","10":"product_cat-systemy-pakowania","12":"first","13":"instock","14":"taxable","15":"shipping-taxable","16":"purchasable","17":"product-type-variable"},"acf":[],"yoast_head":"<!-- This site is optimized with the Yoast SEO plugin v27.3 - https:\/\/yoast.com\/product\/yoast-seo-wordpress\/ -->\n<title>CA-53\/I Ta\u015bma samoprzylepna PVC, ta\u015bma pakowa | Cardinal TAPES<\/title>\n<meta name=\"description\" content=\"CA-53\/I to nadaj\u0105ca si\u0119 do zadruku ta\u015bma pakowa z PVC. Jest dost\u0119pny w wielu kolorach i jest wszechstronny. Wi\u0119cej informacji tutaj.\" \/>\n<meta name=\"robots\" content=\"index, follow, max-snippet:-1, max-image-preview:large, max-video-preview:-1\" \/>\n<link rel=\"canonical\" href=\"https:\/\/cardinal-tapes.com\/pl\/ta\u015bmy-samoprzylepne\/jednostronne-tasmy-samoprzylepne\/folia-pvc\/ca-53-i-pvc-tasma-samoprzylepna-tasma-pakowa\/\" \/>\n<meta property=\"og:locale\" content=\"pl_PL\" \/>\n<meta property=\"og:type\" content=\"article\" \/>\n<meta property=\"og:title\" content=\"CA-53\/I Ta\u015bma samoprzylepna PVC, ta\u015bma pakowa | Cardinal TAPES\" \/>\n<meta property=\"og:description\" content=\"CA-53\/I to nadaj\u0105ca si\u0119 do zadruku ta\u015bma pakowa z PVC. Jest dost\u0119pny w wielu kolorach i jest wszechstronny. Wi\u0119cej informacji tutaj.\" \/>\n<meta property=\"og:url\" content=\"https:\/\/cardinal-tapes.com\/pl\/ta\u015bmy-samoprzylepne\/jednostronne-tasmy-samoprzylepne\/folia-pvc\/ca-53-i-pvc-tasma-samoprzylepna-tasma-pakowa\/\" \/>\n<meta property=\"og:site_name\" content=\"cardinal TAPES\" \/>\n<meta property=\"article:modified_time\" content=\"2025-07-02T12:42:07+00:00\" \/>\n<meta property=\"og:image\" content=\"https:\/\/cardinal-tapes.com\/wp-content\/uploads\/CA_Mix_04_retouched.jpg\" \/>\n\t<meta property=\"og:image:width\" content=\"1400\" \/>\n\t<meta property=\"og:image:height\" content=\"934\" \/>\n\t<meta property=\"og:image:type\" content=\"image\/jpeg\" \/>\n<meta name=\"twitter:card\" content=\"summary_large_image\" \/>\n<meta name=\"twitter:label1\" content=\"Szacowany czas czytania\" \/>\n\t<meta name=\"twitter:data1\" content=\"1 minuta\" \/>\n<script type=\"application\/ld+json\" class=\"yoast-schema-graph\">{\"@context\":\"https:\\\/\\\/schema.org\",\"@graph\":[{\"@type\":\"WebPage\",\"@id\":\"https:\\\/\\\/cardinal-tapes.com\\\/pl\\\/ta\u015bmy-samoprzylepne\\\/jednostronne-tasmy-samoprzylepne\\\/folia-pvc\\\/ca-53-i-pvc-tasma-samoprzylepna-tasma-pakowa\\\/\",\"url\":\"https:\\\/\\\/cardinal-tapes.com\\\/pl\\\/ta\u015bmy-samoprzylepne\\\/jednostronne-tasmy-samoprzylepne\\\/folia-pvc\\\/ca-53-i-pvc-tasma-samoprzylepna-tasma-pakowa\\\/\",\"name\":\"CA-53\\\/I Ta\u015bma samoprzylepna PVC, ta\u015bma pakowa | Cardinal TAPES\",\"isPartOf\":{\"@id\":\"https:\\\/\\\/cardinal-tapes.com\\\/#website\"},\"primaryImageOfPage\":{\"@id\":\"https:\\\/\\\/cardinal-tapes.com\\\/pl\\\/ta\u015bmy-samoprzylepne\\\/jednostronne-tasmy-samoprzylepne\\\/folia-pvc\\\/ca-53-i-pvc-tasma-samoprzylepna-tasma-pakowa\\\/#primaryimage\"},\"image\":{\"@id\":\"https:\\\/\\\/cardinal-tapes.com\\\/pl\\\/ta\u015bmy-samoprzylepne\\\/jednostronne-tasmy-samoprzylepne\\\/folia-pvc\\\/ca-53-i-pvc-tasma-samoprzylepna-tasma-pakowa\\\/#primaryimage\"},\"thumbnailUrl\":\"https:\\\/\\\/cardinal-tapes.com\\\/wp-content\\\/uploads\\\/CA_Mix_04_retouched.jpg\",\"datePublished\":\"2018-05-02T12:10:17+00:00\",\"dateModified\":\"2025-07-02T12:42:07+00:00\",\"description\":\"CA-53\\\/I to nadaj\u0105ca si\u0119 do zadruku ta\u015bma pakowa z PVC. Jest dost\u0119pny w wielu kolorach i jest wszechstronny. Wi\u0119cej informacji tutaj.\",\"breadcrumb\":{\"@id\":\"https:\\\/\\\/cardinal-tapes.com\\\/pl\\\/ta\u015bmy-samoprzylepne\\\/jednostronne-tasmy-samoprzylepne\\\/folia-pvc\\\/ca-53-i-pvc-tasma-samoprzylepna-tasma-pakowa\\\/#breadcrumb\"},\"inLanguage\":\"pl-PL\",\"potentialAction\":[{\"@type\":\"ReadAction\",\"target\":[\"https:\\\/\\\/cardinal-tapes.com\\\/pl\\\/ta\u015bmy-samoprzylepne\\\/jednostronne-tasmy-samoprzylepne\\\/folia-pvc\\\/ca-53-i-pvc-tasma-samoprzylepna-tasma-pakowa\\\/\"]}]},{\"@type\":\"ImageObject\",\"inLanguage\":\"pl-PL\",\"@id\":\"https:\\\/\\\/cardinal-tapes.com\\\/pl\\\/ta\u015bmy-samoprzylepne\\\/jednostronne-tasmy-samoprzylepne\\\/folia-pvc\\\/ca-53-i-pvc-tasma-samoprzylepna-tasma-pakowa\\\/#primaryimage\",\"url\":\"https:\\\/\\\/cardinal-tapes.com\\\/wp-content\\\/uploads\\\/CA_Mix_04_retouched.jpg\",\"contentUrl\":\"https:\\\/\\\/cardinal-tapes.com\\\/wp-content\\\/uploads\\\/CA_Mix_04_retouched.jpg\",\"width\":1400,\"height\":934,\"caption\":\"Ta\u015bmy samoprzylepne Cardinal\"},{\"@type\":\"BreadcrumbList\",\"@id\":\"https:\\\/\\\/cardinal-tapes.com\\\/pl\\\/ta\u015bmy-samoprzylepne\\\/jednostronne-tasmy-samoprzylepne\\\/folia-pvc\\\/ca-53-i-pvc-tasma-samoprzylepna-tasma-pakowa\\\/#breadcrumb\",\"itemListElement\":[{\"@type\":\"ListItem\",\"position\":1,\"name\":\"Startseite\",\"item\":\"https:\\\/\\\/cardinal-tapes.com\\\/pl\\\/strona-glowna\\\/\"},{\"@type\":\"ListItem\",\"position\":2,\"name\":\"Ta\u015bmy samoprzylepne\",\"item\":\"https:\\\/\\\/cardinal-tapes.com\\\/pl\\\/tasmy-samoprzylepne-pl\\\/\"},{\"@type\":\"ListItem\",\"position\":3,\"name\":\"Einseitige Klebeb\u00e4nder\",\"item\":\"https:\\\/\\\/cardinal-tapes.com\\\/kategorie\\\/einseitige-klebebaender\\\/\"},{\"@type\":\"ListItem\",\"position\":4,\"name\":\"CA-53\\\/I Ta\u015bma samoprzylepna PVC \\\/ ta\u015bma pakowa\"}]},{\"@type\":\"WebSite\",\"@id\":\"https:\\\/\\\/cardinal-tapes.com\\\/#website\",\"url\":\"https:\\\/\\\/cardinal-tapes.com\\\/\",\"name\":\"cardinal TAPES\",\"description\":\"Klebetechnik aus Wuppertal\",\"potentialAction\":[{\"@type\":\"SearchAction\",\"target\":{\"@type\":\"EntryPoint\",\"urlTemplate\":\"https:\\\/\\\/cardinal-tapes.com\\\/?s={search_term_string}\"},\"query-input\":{\"@type\":\"PropertyValueSpecification\",\"valueRequired\":true,\"valueName\":\"search_term_string\"}}],\"inLanguage\":\"pl-PL\"}]}<\/script>\n<!-- \/ Yoast SEO plugin. -->","yoast_head_json":{"title":"CA-53\/I Ta\u015bma samoprzylepna PVC, ta\u015bma pakowa | Cardinal TAPES","description":"CA-53\/I to nadaj\u0105ca si\u0119 do zadruku ta\u015bma pakowa z PVC. Jest dost\u0119pny w wielu kolorach i jest wszechstronny. Wi\u0119cej informacji tutaj.","robots":{"index":"index","follow":"follow","max-snippet":"max-snippet:-1","max-image-preview":"max-image-preview:large","max-video-preview":"max-video-preview:-1"},"canonical":"https:\/\/cardinal-tapes.com\/pl\/ta\u015bmy-samoprzylepne\/jednostronne-tasmy-samoprzylepne\/folia-pvc\/ca-53-i-pvc-tasma-samoprzylepna-tasma-pakowa\/","og_locale":"pl_PL","og_type":"article","og_title":"CA-53\/I Ta\u015bma samoprzylepna PVC, ta\u015bma pakowa | Cardinal TAPES","og_description":"CA-53\/I to nadaj\u0105ca si\u0119 do zadruku ta\u015bma pakowa z PVC. Jest dost\u0119pny w wielu kolorach i jest wszechstronny. Wi\u0119cej informacji tutaj.","og_url":"https:\/\/cardinal-tapes.com\/pl\/ta\u015bmy-samoprzylepne\/jednostronne-tasmy-samoprzylepne\/folia-pvc\/ca-53-i-pvc-tasma-samoprzylepna-tasma-pakowa\/","og_site_name":"cardinal TAPES","article_modified_time":"2025-07-02T12:42:07+00:00","og_image":[{"width":1400,"height":934,"url":"https:\/\/cardinal-tapes.com\/wp-content\/uploads\/CA_Mix_04_retouched.jpg","type":"image\/jpeg"}],"twitter_card":"summary_large_image","twitter_misc":{"Szacowany czas czytania":"1 minuta"},"schema":{"@context":"https:\/\/schema.org","@graph":[{"@type":"WebPage","@id":"https:\/\/cardinal-tapes.com\/pl\/ta\u015bmy-samoprzylepne\/jednostronne-tasmy-samoprzylepne\/folia-pvc\/ca-53-i-pvc-tasma-samoprzylepna-tasma-pakowa\/","url":"https:\/\/cardinal-tapes.com\/pl\/ta\u015bmy-samoprzylepne\/jednostronne-tasmy-samoprzylepne\/folia-pvc\/ca-53-i-pvc-tasma-samoprzylepna-tasma-pakowa\/","name":"CA-53\/I Ta\u015bma samoprzylepna PVC, ta\u015bma pakowa | Cardinal TAPES","isPartOf":{"@id":"https:\/\/cardinal-tapes.com\/#website"},"primaryImageOfPage":{"@id":"https:\/\/cardinal-tapes.com\/pl\/ta\u015bmy-samoprzylepne\/jednostronne-tasmy-samoprzylepne\/folia-pvc\/ca-53-i-pvc-tasma-samoprzylepna-tasma-pakowa\/#primaryimage"},"image":{"@id":"https:\/\/cardinal-tapes.com\/pl\/ta\u015bmy-samoprzylepne\/jednostronne-tasmy-samoprzylepne\/folia-pvc\/ca-53-i-pvc-tasma-samoprzylepna-tasma-pakowa\/#primaryimage"},"thumbnailUrl":"https:\/\/cardinal-tapes.com\/wp-content\/uploads\/CA_Mix_04_retouched.jpg","datePublished":"2018-05-02T12:10:17+00:00","dateModified":"2025-07-02T12:42:07+00:00","description":"CA-53\/I to nadaj\u0105ca si\u0119 do zadruku ta\u015bma pakowa z PVC. Jest dost\u0119pny w wielu kolorach i jest wszechstronny. Wi\u0119cej informacji tutaj.","breadcrumb":{"@id":"https:\/\/cardinal-tapes.com\/pl\/ta\u015bmy-samoprzylepne\/jednostronne-tasmy-samoprzylepne\/folia-pvc\/ca-53-i-pvc-tasma-samoprzylepna-tasma-pakowa\/#breadcrumb"},"inLanguage":"pl-PL","potentialAction":[{"@type":"ReadAction","target":["https:\/\/cardinal-tapes.com\/pl\/ta\u015bmy-samoprzylepne\/jednostronne-tasmy-samoprzylepne\/folia-pvc\/ca-53-i-pvc-tasma-samoprzylepna-tasma-pakowa\/"]}]},{"@type":"ImageObject","inLanguage":"pl-PL","@id":"https:\/\/cardinal-tapes.com\/pl\/ta\u015bmy-samoprzylepne\/jednostronne-tasmy-samoprzylepne\/folia-pvc\/ca-53-i-pvc-tasma-samoprzylepna-tasma-pakowa\/#primaryimage","url":"https:\/\/cardinal-tapes.com\/wp-content\/uploads\/CA_Mix_04_retouched.jpg","contentUrl":"https:\/\/cardinal-tapes.com\/wp-content\/uploads\/CA_Mix_04_retouched.jpg","width":1400,"height":934,"caption":"Ta\u015bmy samoprzylepne Cardinal"},{"@type":"BreadcrumbList","@id":"https:\/\/cardinal-tapes.com\/pl\/ta\u015bmy-samoprzylepne\/jednostronne-tasmy-samoprzylepne\/folia-pvc\/ca-53-i-pvc-tasma-samoprzylepna-tasma-pakowa\/#breadcrumb","itemListElement":[{"@type":"ListItem","position":1,"name":"Startseite","item":"https:\/\/cardinal-tapes.com\/pl\/strona-glowna\/"},{"@type":"ListItem","position":2,"name":"Ta\u015bmy samoprzylepne","item":"https:\/\/cardinal-tapes.com\/pl\/tasmy-samoprzylepne-pl\/"},{"@type":"ListItem","position":3,"name":"Einseitige Klebeb\u00e4nder","item":"https:\/\/cardinal-tapes.com\/kategorie\/einseitige-klebebaender\/"},{"@type":"ListItem","position":4,"name":"CA-53\/I Ta\u015bma samoprzylepna PVC \/ ta\u015bma pakowa"}]},{"@type":"WebSite","@id":"https:\/\/cardinal-tapes.com\/#website","url":"https:\/\/cardinal-tapes.com\/","name":"cardinal TAPES","description":"Klebetechnik aus Wuppertal","potentialAction":[{"@type":"SearchAction","target":{"@type":"EntryPoint","urlTemplate":"https:\/\/cardinal-tapes.com\/?s={search_term_string}"},"query-input":{"@type":"PropertyValueSpecification","valueRequired":true,"valueName":"search_term_string"}}],"inLanguage":"pl-PL"}]}},"brands":[{"id":2173,"name":"cardinal GmbH","slug":"cardinal-gmbh-pl"}],"_links":{"self":[{"href":"https:\/\/cardinal-tapes.com\/pl\/wp-json\/wp\/v2\/product\/47016","targetHints":{"allow":["GET"]}}],"collection":[{"href":"https:\/\/cardinal-tapes.com\/pl\/wp-json\/wp\/v2\/product"}],"about":[{"href":"https:\/\/cardinal-tapes.com\/pl\/wp-json\/wp\/v2\/types\/product"}],"wp:featuredmedia":[{"embeddable":true,"href":"https:\/\/cardinal-tapes.com\/pl\/wp-json\/wp\/v2\/media\/26934"}],"wp:attachment":[{"href":"https:\/\/cardinal-tapes.com\/pl\/wp-json\/wp\/v2\/media?parent=47016"}],"wp:term":[{"taxonomy":"pwb-brand","embeddable":true,"href":"https:\/\/cardinal-tapes.com\/pl\/wp-json\/wp\/v2\/pwb-brand?post=47016"},{"taxonomy":"product_brand","embeddable":true,"href":"https:\/\/cardinal-tapes.com\/pl\/wp-json\/wp\/v2\/product_brand?post=47016"},{"taxonomy":"product_cat","embeddable":true,"href":"https:\/\/cardinal-tapes.com\/pl\/wp-json\/wp\/v2\/product_cat?post=47016"},{"taxonomy":"product_tag","embeddable":true,"href":"https:\/\/cardinal-tapes.com\/pl\/wp-json\/wp\/v2\/product_tag?post=47016"}],"curies":[{"name":"wp","href":"https:\/\/api.w.org\/{rel}","templated":true}]}}