{"id":46895,"date":"2018-05-02T11:02:24","date_gmt":"2023-06-05T15:04:22","guid":{"rendered":"https:\/\/cardinal.pixel-tal.de\/klebebaender\/bez-kategorii\/ca-117-specjalna-tasma-krepowa-zlota-tasma\/"},"modified":"2025-07-02T14:38:53","modified_gmt":"2025-07-02T12:38:53","slug":"ca-117-special-crepe-tape-gold-tape","status":"publish","type":"product","link":"https:\/\/cardinal-tapes.com\/pl\/ta\u015bmy-samoprzylepne\/obszary-zastosowan\/tasma-papierowa\/ca-117-special-crepe-tape-gold-tape\/","title":{"rendered":"CA-117 Specjalna ta\u015bma krepowa &#8211; z\u0142ota ta\u015bma &#8211;"},"content":{"rendered":"<p>CA-117 jest stosowany w sektorze malarskim i lakierniczym. Ta\u015bm\u0119 mo\u017cna usun\u0105\u0107 nawet po 4 miesi\u0105cach bez pozostawiania \u015blad\u00f3w, a dzi\u0119ki gwarantowanej odporno\u015bci na promieniowanie UV mo\u017cna j\u0105 r\u00f3wnie\u017c stosowa\u0107 w miejscach wra\u017cliwych. Idealnie nadaje si\u0119 do wra\u017cliwych pod\u0142o\u017cy, takich jak szk\u0142o i aluminium. Brak pe\u0142zania kolor\u00f3w.<\/p>\n","protected":false},"excerpt":{"rendered":"<p>CA-117 jest stosowany w sektorze malarskim i lakierniczym. Ta\u015bm\u0119 mo\u017cna usun\u0105\u0107 nawet po 4 miesi\u0105cach bez pozostawiania \u015blad\u00f3w, a dzi\u0119ki gwarantowanej odporno\u015bci na promieniowanie UV mo\u017cna j\u0105 r\u00f3wnie\u017c stosowa\u0107 w miejscach wra\u017cliwych. Idealnie nadaje si\u0119 do wra\u017cliwych pod\u0142o\u017cy, takich jak szk\u0142o i aluminium. Brak pe\u0142zania kolor\u00f3w.<\/p>\n","protected":false},"featured_media":26878,"template":"","meta":{"_acf_changed":false},"pwb-brand":[2173],"product_brand":[],"product_cat":[1786,1816],"product_tag":[],"class_list":{"0":"post-46895","1":"product","2":"type-product","3":"status-publish","4":"has-post-thumbnail","6":"pwb-brand-cardinal-gmbh-pl","7":"product_cat-tasma-papierowa","8":"product_cat-jednostronne-tasmy-samoprzylepne","10":"first","11":"instock","12":"taxable","13":"shipping-taxable","14":"purchasable","15":"product-type-variable"},"acf":[],"yoast_head":"<!-- This site is optimized with the Yoast SEO plugin v27.3 - https:\/\/yoast.com\/product\/yoast-seo-wordpress\/ -->\n<title>CA-117 Specjalna ta\u015bma krepowa - z\u0142ota ta\u015bma | Cardinal TAPES<\/title>\n<meta name=\"description\" content=\"CA-117 to bardzo cienka ta\u015bma maskuj\u0105ca, opracowana specjalnie do techniki szklenia i maskowania trudnych, wra\u017cliwych pod\u0142o\u017cy. Jest odporny na promieniowanie UV przez okres do 4 miesi\u0119cy.\" \/>\n<meta name=\"robots\" content=\"index, follow, max-snippet:-1, max-image-preview:large, max-video-preview:-1\" \/>\n<link rel=\"canonical\" href=\"https:\/\/cardinal-tapes.com\/pl\/ta\u015bmy-samoprzylepne\/obszary-zastosowan\/tasma-papierowa\/ca-117-special-crepe-tape-gold-tape\/\" \/>\n<meta property=\"og:locale\" content=\"pl_PL\" \/>\n<meta property=\"og:type\" content=\"article\" \/>\n<meta property=\"og:title\" content=\"CA-117 Specjalna ta\u015bma krepowa - z\u0142ota ta\u015bma | Cardinal TAPES\" \/>\n<meta property=\"og:description\" content=\"CA-117 to bardzo cienka ta\u015bma maskuj\u0105ca, opracowana specjalnie do techniki szklenia i maskowania trudnych, wra\u017cliwych pod\u0142o\u017cy. Jest odporny na promieniowanie UV przez okres do 4 miesi\u0119cy.\" \/>\n<meta property=\"og:url\" content=\"https:\/\/cardinal-tapes.com\/pl\/ta\u015bmy-samoprzylepne\/obszary-zastosowan\/tasma-papierowa\/ca-117-special-crepe-tape-gold-tape\/\" \/>\n<meta property=\"og:site_name\" content=\"cardinal TAPES\" \/>\n<meta property=\"article:modified_time\" content=\"2025-07-02T12:38:53+00:00\" \/>\n<meta property=\"og:image\" content=\"https:\/\/cardinal-tapes.com\/wp-content\/uploads\/CA_117.jpg\" \/>\n\t<meta property=\"og:image:width\" content=\"1400\" \/>\n\t<meta property=\"og:image:height\" content=\"1400\" \/>\n\t<meta property=\"og:image:type\" content=\"image\/jpeg\" \/>\n<meta name=\"twitter:card\" content=\"summary_large_image\" \/>\n<script type=\"application\/ld+json\" class=\"yoast-schema-graph\">{\"@context\":\"https:\\\/\\\/schema.org\",\"@graph\":[{\"@type\":\"WebPage\",\"@id\":\"https:\\\/\\\/cardinal-tapes.com\\\/pl\\\/ta\u015bmy-samoprzylepne\\\/obszary-zastosowan\\\/tasma-papierowa\\\/ca-117-special-crepe-tape-gold-tape\\\/\",\"url\":\"https:\\\/\\\/cardinal-tapes.com\\\/pl\\\/ta\u015bmy-samoprzylepne\\\/obszary-zastosowan\\\/tasma-papierowa\\\/ca-117-special-crepe-tape-gold-tape\\\/\",\"name\":\"CA-117 Specjalna ta\u015bma krepowa - z\u0142ota ta\u015bma | Cardinal TAPES\",\"isPartOf\":{\"@id\":\"https:\\\/\\\/cardinal-tapes.com\\\/#website\"},\"primaryImageOfPage\":{\"@id\":\"https:\\\/\\\/cardinal-tapes.com\\\/pl\\\/ta\u015bmy-samoprzylepne\\\/obszary-zastosowan\\\/tasma-papierowa\\\/ca-117-special-crepe-tape-gold-tape\\\/#primaryimage\"},\"image\":{\"@id\":\"https:\\\/\\\/cardinal-tapes.com\\\/pl\\\/ta\u015bmy-samoprzylepne\\\/obszary-zastosowan\\\/tasma-papierowa\\\/ca-117-special-crepe-tape-gold-tape\\\/#primaryimage\"},\"thumbnailUrl\":\"https:\\\/\\\/cardinal-tapes.com\\\/wp-content\\\/uploads\\\/CA_117.jpg\",\"datePublished\":\"2023-06-05T15:04:22+00:00\",\"dateModified\":\"2025-07-02T12:38:53+00:00\",\"description\":\"CA-117 to bardzo cienka ta\u015bma maskuj\u0105ca, opracowana specjalnie do techniki szklenia i maskowania trudnych, wra\u017cliwych pod\u0142o\u017cy. Jest odporny na promieniowanie UV przez okres do 4 miesi\u0119cy.\",\"breadcrumb\":{\"@id\":\"https:\\\/\\\/cardinal-tapes.com\\\/pl\\\/ta\u015bmy-samoprzylepne\\\/obszary-zastosowan\\\/tasma-papierowa\\\/ca-117-special-crepe-tape-gold-tape\\\/#breadcrumb\"},\"inLanguage\":\"pl-PL\",\"potentialAction\":[{\"@type\":\"ReadAction\",\"target\":[\"https:\\\/\\\/cardinal-tapes.com\\\/pl\\\/ta\u015bmy-samoprzylepne\\\/obszary-zastosowan\\\/tasma-papierowa\\\/ca-117-special-crepe-tape-gold-tape\\\/\"]}]},{\"@type\":\"ImageObject\",\"inLanguage\":\"pl-PL\",\"@id\":\"https:\\\/\\\/cardinal-tapes.com\\\/pl\\\/ta\u015bmy-samoprzylepne\\\/obszary-zastosowan\\\/tasma-papierowa\\\/ca-117-special-crepe-tape-gold-tape\\\/#primaryimage\",\"url\":\"https:\\\/\\\/cardinal-tapes.com\\\/wp-content\\\/uploads\\\/CA_117.jpg\",\"contentUrl\":\"https:\\\/\\\/cardinal-tapes.com\\\/wp-content\\\/uploads\\\/CA_117.jpg\",\"width\":1400,\"height\":1400,\"caption\":\"CA_117\"},{\"@type\":\"BreadcrumbList\",\"@id\":\"https:\\\/\\\/cardinal-tapes.com\\\/pl\\\/ta\u015bmy-samoprzylepne\\\/obszary-zastosowan\\\/tasma-papierowa\\\/ca-117-special-crepe-tape-gold-tape\\\/#breadcrumb\",\"itemListElement\":[{\"@type\":\"ListItem\",\"position\":1,\"name\":\"Startseite\",\"item\":\"https:\\\/\\\/cardinal-tapes.com\\\/pl\\\/strona-glowna\\\/\"},{\"@type\":\"ListItem\",\"position\":2,\"name\":\"Ta\u015bmy samoprzylepne\",\"item\":\"https:\\\/\\\/cardinal-tapes.com\\\/pl\\\/tasmy-samoprzylepne-pl\\\/\"},{\"@type\":\"ListItem\",\"position\":3,\"name\":\"Einseitige Klebeb\u00e4nder\",\"item\":\"https:\\\/\\\/cardinal-tapes.com\\\/kategorie\\\/einseitige-klebebaender\\\/\"},{\"@type\":\"ListItem\",\"position\":4,\"name\":\"CA-117 Specjalna ta\u015bma krepowa &#8211; z\u0142ota ta\u015bma &#8211;\"}]},{\"@type\":\"WebSite\",\"@id\":\"https:\\\/\\\/cardinal-tapes.com\\\/#website\",\"url\":\"https:\\\/\\\/cardinal-tapes.com\\\/\",\"name\":\"cardinal TAPES\",\"description\":\"Klebetechnik aus Wuppertal\",\"potentialAction\":[{\"@type\":\"SearchAction\",\"target\":{\"@type\":\"EntryPoint\",\"urlTemplate\":\"https:\\\/\\\/cardinal-tapes.com\\\/?s={search_term_string}\"},\"query-input\":{\"@type\":\"PropertyValueSpecification\",\"valueRequired\":true,\"valueName\":\"search_term_string\"}}],\"inLanguage\":\"pl-PL\"}]}<\/script>\n<!-- \/ Yoast SEO plugin. -->","yoast_head_json":{"title":"CA-117 Specjalna ta\u015bma krepowa - z\u0142ota ta\u015bma | Cardinal TAPES","description":"CA-117 to bardzo cienka ta\u015bma maskuj\u0105ca, opracowana specjalnie do techniki szklenia i maskowania trudnych, wra\u017cliwych pod\u0142o\u017cy. Jest odporny na promieniowanie UV przez okres do 4 miesi\u0119cy.","robots":{"index":"index","follow":"follow","max-snippet":"max-snippet:-1","max-image-preview":"max-image-preview:large","max-video-preview":"max-video-preview:-1"},"canonical":"https:\/\/cardinal-tapes.com\/pl\/ta\u015bmy-samoprzylepne\/obszary-zastosowan\/tasma-papierowa\/ca-117-special-crepe-tape-gold-tape\/","og_locale":"pl_PL","og_type":"article","og_title":"CA-117 Specjalna ta\u015bma krepowa - z\u0142ota ta\u015bma | Cardinal TAPES","og_description":"CA-117 to bardzo cienka ta\u015bma maskuj\u0105ca, opracowana specjalnie do techniki szklenia i maskowania trudnych, wra\u017cliwych pod\u0142o\u017cy. Jest odporny na promieniowanie UV przez okres do 4 miesi\u0119cy.","og_url":"https:\/\/cardinal-tapes.com\/pl\/ta\u015bmy-samoprzylepne\/obszary-zastosowan\/tasma-papierowa\/ca-117-special-crepe-tape-gold-tape\/","og_site_name":"cardinal TAPES","article_modified_time":"2025-07-02T12:38:53+00:00","og_image":[{"width":1400,"height":1400,"url":"https:\/\/cardinal-tapes.com\/wp-content\/uploads\/CA_117.jpg","type":"image\/jpeg"}],"twitter_card":"summary_large_image","schema":{"@context":"https:\/\/schema.org","@graph":[{"@type":"WebPage","@id":"https:\/\/cardinal-tapes.com\/pl\/ta\u015bmy-samoprzylepne\/obszary-zastosowan\/tasma-papierowa\/ca-117-special-crepe-tape-gold-tape\/","url":"https:\/\/cardinal-tapes.com\/pl\/ta\u015bmy-samoprzylepne\/obszary-zastosowan\/tasma-papierowa\/ca-117-special-crepe-tape-gold-tape\/","name":"CA-117 Specjalna ta\u015bma krepowa - z\u0142ota ta\u015bma | Cardinal TAPES","isPartOf":{"@id":"https:\/\/cardinal-tapes.com\/#website"},"primaryImageOfPage":{"@id":"https:\/\/cardinal-tapes.com\/pl\/ta\u015bmy-samoprzylepne\/obszary-zastosowan\/tasma-papierowa\/ca-117-special-crepe-tape-gold-tape\/#primaryimage"},"image":{"@id":"https:\/\/cardinal-tapes.com\/pl\/ta\u015bmy-samoprzylepne\/obszary-zastosowan\/tasma-papierowa\/ca-117-special-crepe-tape-gold-tape\/#primaryimage"},"thumbnailUrl":"https:\/\/cardinal-tapes.com\/wp-content\/uploads\/CA_117.jpg","datePublished":"2023-06-05T15:04:22+00:00","dateModified":"2025-07-02T12:38:53+00:00","description":"CA-117 to bardzo cienka ta\u015bma maskuj\u0105ca, opracowana specjalnie do techniki szklenia i maskowania trudnych, wra\u017cliwych pod\u0142o\u017cy. Jest odporny na promieniowanie UV przez okres do 4 miesi\u0119cy.","breadcrumb":{"@id":"https:\/\/cardinal-tapes.com\/pl\/ta\u015bmy-samoprzylepne\/obszary-zastosowan\/tasma-papierowa\/ca-117-special-crepe-tape-gold-tape\/#breadcrumb"},"inLanguage":"pl-PL","potentialAction":[{"@type":"ReadAction","target":["https:\/\/cardinal-tapes.com\/pl\/ta\u015bmy-samoprzylepne\/obszary-zastosowan\/tasma-papierowa\/ca-117-special-crepe-tape-gold-tape\/"]}]},{"@type":"ImageObject","inLanguage":"pl-PL","@id":"https:\/\/cardinal-tapes.com\/pl\/ta\u015bmy-samoprzylepne\/obszary-zastosowan\/tasma-papierowa\/ca-117-special-crepe-tape-gold-tape\/#primaryimage","url":"https:\/\/cardinal-tapes.com\/wp-content\/uploads\/CA_117.jpg","contentUrl":"https:\/\/cardinal-tapes.com\/wp-content\/uploads\/CA_117.jpg","width":1400,"height":1400,"caption":"CA_117"},{"@type":"BreadcrumbList","@id":"https:\/\/cardinal-tapes.com\/pl\/ta\u015bmy-samoprzylepne\/obszary-zastosowan\/tasma-papierowa\/ca-117-special-crepe-tape-gold-tape\/#breadcrumb","itemListElement":[{"@type":"ListItem","position":1,"name":"Startseite","item":"https:\/\/cardinal-tapes.com\/pl\/strona-glowna\/"},{"@type":"ListItem","position":2,"name":"Ta\u015bmy samoprzylepne","item":"https:\/\/cardinal-tapes.com\/pl\/tasmy-samoprzylepne-pl\/"},{"@type":"ListItem","position":3,"name":"Einseitige Klebeb\u00e4nder","item":"https:\/\/cardinal-tapes.com\/kategorie\/einseitige-klebebaender\/"},{"@type":"ListItem","position":4,"name":"CA-117 Specjalna ta\u015bma krepowa &#8211; z\u0142ota ta\u015bma &#8211;"}]},{"@type":"WebSite","@id":"https:\/\/cardinal-tapes.com\/#website","url":"https:\/\/cardinal-tapes.com\/","name":"cardinal TAPES","description":"Klebetechnik aus Wuppertal","potentialAction":[{"@type":"SearchAction","target":{"@type":"EntryPoint","urlTemplate":"https:\/\/cardinal-tapes.com\/?s={search_term_string}"},"query-input":{"@type":"PropertyValueSpecification","valueRequired":true,"valueName":"search_term_string"}}],"inLanguage":"pl-PL"}]}},"brands":[{"id":2173,"name":"cardinal GmbH","slug":"cardinal-gmbh-pl"}],"_links":{"self":[{"href":"https:\/\/cardinal-tapes.com\/pl\/wp-json\/wp\/v2\/product\/46895","targetHints":{"allow":["GET"]}}],"collection":[{"href":"https:\/\/cardinal-tapes.com\/pl\/wp-json\/wp\/v2\/product"}],"about":[{"href":"https:\/\/cardinal-tapes.com\/pl\/wp-json\/wp\/v2\/types\/product"}],"wp:featuredmedia":[{"embeddable":true,"href":"https:\/\/cardinal-tapes.com\/pl\/wp-json\/wp\/v2\/media\/26878"}],"wp:attachment":[{"href":"https:\/\/cardinal-tapes.com\/pl\/wp-json\/wp\/v2\/media?parent=46895"}],"wp:term":[{"taxonomy":"pwb-brand","embeddable":true,"href":"https:\/\/cardinal-tapes.com\/pl\/wp-json\/wp\/v2\/pwb-brand?post=46895"},{"taxonomy":"product_brand","embeddable":true,"href":"https:\/\/cardinal-tapes.com\/pl\/wp-json\/wp\/v2\/product_brand?post=46895"},{"taxonomy":"product_cat","embeddable":true,"href":"https:\/\/cardinal-tapes.com\/pl\/wp-json\/wp\/v2\/product_cat?post=46895"},{"taxonomy":"product_tag","embeddable":true,"href":"https:\/\/cardinal-tapes.com\/pl\/wp-json\/wp\/v2\/product_tag?post=46895"}],"curies":[{"name":"wp","href":"https:\/\/api.w.org\/{rel}","templated":true}]}}