{"id":46838,"date":"2018-05-15T10:55:39","date_gmt":"2023-06-05T15:04:20","guid":{"rendered":"https:\/\/cardinal.pixel-tal.de\/klebebaender\/bez-kategorii\/ca-952-tasma-samoprzylepna-z-pianki-pu\/"},"modified":"2023-06-05T17:04:20","modified_gmt":"2023-06-05T15:04:20","slug":"ca-952-pu-pianka-przylepna-tasma","status":"publish","type":"product","link":"https:\/\/cardinal-tapes.com\/pl\/ta\u015bmy-samoprzylepne\/jednostronne-tasmy-samoprzylepne\/ca-952-pu-pianka-przylepna-tasma\/","title":{"rendered":"CA-952 Ta\u015bma samoprzylepna z pianki PU"},"content":{"rendered":"<p>Ta\u015bma samoprzylepna z pianki PU jest stosowana jako uniwersalna ta\u015bma samoprzylepna do klejenia, uszczelniania, izolowania lub t\u0142umienia na zwyk\u0142ych, g\u0142adkich powierzchniach, takich jak np. wyk\u0142adziny pod\u0142ogowe. Stosuje si\u0119 drewno, metal, szk\u0142o, powierzchnie mineralne lub tworzywa sztuczne.<\/p>\n","protected":false},"excerpt":{"rendered":"<p>Ta\u015bma samoprzylepna z pianki PU jest stosowana jako uniwersalna ta\u015bma samoprzylepna do klejenia, uszczelniania, izolowania lub t\u0142umienia na zwyk\u0142ych, g\u0142adkich powierzchniach, takich jak np. wyk\u0142adziny pod\u0142ogowe. Stosuje si\u0119 drewno, metal, szk\u0142o, powierzchnie mineralne lub tworzywa sztuczne.<\/p>\n","protected":false},"featured_media":27170,"template":"","meta":{"_acf_changed":false},"pwb-brand":[2173],"product_brand":[],"product_cat":[1816],"product_tag":[],"class_list":{"0":"post-46838","1":"product","2":"type-product","3":"status-publish","4":"has-post-thumbnail","6":"pwb-brand-cardinal-gmbh-pl","7":"product_cat-jednostronne-tasmy-samoprzylepne","9":"first","10":"instock","11":"taxable","12":"shipping-taxable","13":"purchasable","14":"product-type-variable"},"acf":[],"yoast_head":"<!-- This site is optimized with the Yoast SEO plugin v27.3 - https:\/\/yoast.com\/product\/yoast-seo-wordpress\/ -->\n<title>CA-952 PU piankowa ta\u015bma samoprzylepna | Cardinal TAPES<\/title>\n<meta name=\"description\" content=\"CA-952 to ta\u015bma samoprzylepna z pianki PU, stosowana jako uniwersalna ta\u015bma samoprzylepna do klejenia, uszczelniania lub t\u0142umienia g\u0142adkich powierzchni.\" \/>\n<meta name=\"robots\" content=\"index, follow, max-snippet:-1, max-image-preview:large, max-video-preview:-1\" \/>\n<link rel=\"canonical\" href=\"https:\/\/cardinal-tapes.com\/pl\/ta\u015bmy-samoprzylepne\/jednostronne-tasmy-samoprzylepne\/ca-952-pu-pianka-przylepna-tasma\/\" \/>\n<meta property=\"og:locale\" content=\"pl_PL\" \/>\n<meta property=\"og:type\" content=\"article\" \/>\n<meta property=\"og:title\" content=\"CA-952 PU piankowa ta\u015bma samoprzylepna | Cardinal TAPES\" \/>\n<meta property=\"og:description\" content=\"CA-952 to ta\u015bma samoprzylepna z pianki PU, stosowana jako uniwersalna ta\u015bma samoprzylepna do klejenia, uszczelniania lub t\u0142umienia g\u0142adkich powierzchni.\" \/>\n<meta property=\"og:url\" content=\"https:\/\/cardinal-tapes.com\/pl\/ta\u015bmy-samoprzylepne\/jednostronne-tasmy-samoprzylepne\/ca-952-pu-pianka-przylepna-tasma\/\" \/>\n<meta property=\"og:site_name\" content=\"cardinal TAPES\" \/>\n<meta property=\"og:image\" content=\"https:\/\/cardinal-tapes.com\/wp-content\/uploads\/CA_952.jpg\" \/>\n\t<meta property=\"og:image:width\" content=\"1139\" \/>\n\t<meta property=\"og:image:height\" content=\"1400\" \/>\n\t<meta property=\"og:image:type\" content=\"image\/jpeg\" \/>\n<meta name=\"twitter:card\" content=\"summary_large_image\" \/>\n<script type=\"application\/ld+json\" class=\"yoast-schema-graph\">{\"@context\":\"https:\\\/\\\/schema.org\",\"@graph\":[{\"@type\":\"WebPage\",\"@id\":\"https:\\\/\\\/cardinal-tapes.com\\\/pl\\\/ta\u015bmy-samoprzylepne\\\/jednostronne-tasmy-samoprzylepne\\\/ca-952-pu-pianka-przylepna-tasma\\\/\",\"url\":\"https:\\\/\\\/cardinal-tapes.com\\\/pl\\\/ta\u015bmy-samoprzylepne\\\/jednostronne-tasmy-samoprzylepne\\\/ca-952-pu-pianka-przylepna-tasma\\\/\",\"name\":\"CA-952 PU piankowa ta\u015bma samoprzylepna | Cardinal TAPES\",\"isPartOf\":{\"@id\":\"https:\\\/\\\/cardinal-tapes.com\\\/#website\"},\"primaryImageOfPage\":{\"@id\":\"https:\\\/\\\/cardinal-tapes.com\\\/pl\\\/ta\u015bmy-samoprzylepne\\\/jednostronne-tasmy-samoprzylepne\\\/ca-952-pu-pianka-przylepna-tasma\\\/#primaryimage\"},\"image\":{\"@id\":\"https:\\\/\\\/cardinal-tapes.com\\\/pl\\\/ta\u015bmy-samoprzylepne\\\/jednostronne-tasmy-samoprzylepne\\\/ca-952-pu-pianka-przylepna-tasma\\\/#primaryimage\"},\"thumbnailUrl\":\"https:\\\/\\\/cardinal-tapes.com\\\/wp-content\\\/uploads\\\/CA_952.jpg\",\"datePublished\":\"2023-06-05T15:04:20+00:00\",\"description\":\"CA-952 to ta\u015bma samoprzylepna z pianki PU, stosowana jako uniwersalna ta\u015bma samoprzylepna do klejenia, uszczelniania lub t\u0142umienia g\u0142adkich powierzchni.\",\"breadcrumb\":{\"@id\":\"https:\\\/\\\/cardinal-tapes.com\\\/pl\\\/ta\u015bmy-samoprzylepne\\\/jednostronne-tasmy-samoprzylepne\\\/ca-952-pu-pianka-przylepna-tasma\\\/#breadcrumb\"},\"inLanguage\":\"pl-PL\",\"potentialAction\":[{\"@type\":\"ReadAction\",\"target\":[\"https:\\\/\\\/cardinal-tapes.com\\\/pl\\\/ta\u015bmy-samoprzylepne\\\/jednostronne-tasmy-samoprzylepne\\\/ca-952-pu-pianka-przylepna-tasma\\\/\"]}]},{\"@type\":\"ImageObject\",\"inLanguage\":\"pl-PL\",\"@id\":\"https:\\\/\\\/cardinal-tapes.com\\\/pl\\\/ta\u015bmy-samoprzylepne\\\/jednostronne-tasmy-samoprzylepne\\\/ca-952-pu-pianka-przylepna-tasma\\\/#primaryimage\",\"url\":\"https:\\\/\\\/cardinal-tapes.com\\\/wp-content\\\/uploads\\\/CA_952.jpg\",\"contentUrl\":\"https:\\\/\\\/cardinal-tapes.com\\\/wp-content\\\/uploads\\\/CA_952.jpg\",\"width\":1139,\"height\":1400,\"caption\":\"Ta\u015bma klej\u0105ca CA 952\"},{\"@type\":\"BreadcrumbList\",\"@id\":\"https:\\\/\\\/cardinal-tapes.com\\\/pl\\\/ta\u015bmy-samoprzylepne\\\/jednostronne-tasmy-samoprzylepne\\\/ca-952-pu-pianka-przylepna-tasma\\\/#breadcrumb\",\"itemListElement\":[{\"@type\":\"ListItem\",\"position\":1,\"name\":\"Startseite\",\"item\":\"https:\\\/\\\/cardinal-tapes.com\\\/pl\\\/strona-glowna\\\/\"},{\"@type\":\"ListItem\",\"position\":2,\"name\":\"Ta\u015bmy samoprzylepne\",\"item\":\"https:\\\/\\\/cardinal-tapes.com\\\/pl\\\/tasmy-samoprzylepne-pl\\\/\"},{\"@type\":\"ListItem\",\"position\":3,\"name\":\"Jednostronne ta\u015bmy samoprzylepne\",\"item\":\"https:\\\/\\\/cardinal-tapes.com\\\/pl\\\/kategoria\\\/jednostronne-tasmy-samoprzylepne\\\/\"},{\"@type\":\"ListItem\",\"position\":4,\"name\":\"CA-952 Ta\u015bma samoprzylepna z pianki PU\"}]},{\"@type\":\"WebSite\",\"@id\":\"https:\\\/\\\/cardinal-tapes.com\\\/#website\",\"url\":\"https:\\\/\\\/cardinal-tapes.com\\\/\",\"name\":\"cardinal TAPES\",\"description\":\"Klebetechnik aus Wuppertal\",\"potentialAction\":[{\"@type\":\"SearchAction\",\"target\":{\"@type\":\"EntryPoint\",\"urlTemplate\":\"https:\\\/\\\/cardinal-tapes.com\\\/?s={search_term_string}\"},\"query-input\":{\"@type\":\"PropertyValueSpecification\",\"valueRequired\":true,\"valueName\":\"search_term_string\"}}],\"inLanguage\":\"pl-PL\"}]}<\/script>\n<!-- \/ Yoast SEO plugin. -->","yoast_head_json":{"title":"CA-952 PU piankowa ta\u015bma samoprzylepna | Cardinal TAPES","description":"CA-952 to ta\u015bma samoprzylepna z pianki PU, stosowana jako uniwersalna ta\u015bma samoprzylepna do klejenia, uszczelniania lub t\u0142umienia g\u0142adkich powierzchni.","robots":{"index":"index","follow":"follow","max-snippet":"max-snippet:-1","max-image-preview":"max-image-preview:large","max-video-preview":"max-video-preview:-1"},"canonical":"https:\/\/cardinal-tapes.com\/pl\/ta\u015bmy-samoprzylepne\/jednostronne-tasmy-samoprzylepne\/ca-952-pu-pianka-przylepna-tasma\/","og_locale":"pl_PL","og_type":"article","og_title":"CA-952 PU piankowa ta\u015bma samoprzylepna | Cardinal TAPES","og_description":"CA-952 to ta\u015bma samoprzylepna z pianki PU, stosowana jako uniwersalna ta\u015bma samoprzylepna do klejenia, uszczelniania lub t\u0142umienia g\u0142adkich powierzchni.","og_url":"https:\/\/cardinal-tapes.com\/pl\/ta\u015bmy-samoprzylepne\/jednostronne-tasmy-samoprzylepne\/ca-952-pu-pianka-przylepna-tasma\/","og_site_name":"cardinal TAPES","og_image":[{"width":1139,"height":1400,"url":"https:\/\/cardinal-tapes.com\/wp-content\/uploads\/CA_952.jpg","type":"image\/jpeg"}],"twitter_card":"summary_large_image","schema":{"@context":"https:\/\/schema.org","@graph":[{"@type":"WebPage","@id":"https:\/\/cardinal-tapes.com\/pl\/ta\u015bmy-samoprzylepne\/jednostronne-tasmy-samoprzylepne\/ca-952-pu-pianka-przylepna-tasma\/","url":"https:\/\/cardinal-tapes.com\/pl\/ta\u015bmy-samoprzylepne\/jednostronne-tasmy-samoprzylepne\/ca-952-pu-pianka-przylepna-tasma\/","name":"CA-952 PU piankowa ta\u015bma samoprzylepna | Cardinal TAPES","isPartOf":{"@id":"https:\/\/cardinal-tapes.com\/#website"},"primaryImageOfPage":{"@id":"https:\/\/cardinal-tapes.com\/pl\/ta\u015bmy-samoprzylepne\/jednostronne-tasmy-samoprzylepne\/ca-952-pu-pianka-przylepna-tasma\/#primaryimage"},"image":{"@id":"https:\/\/cardinal-tapes.com\/pl\/ta\u015bmy-samoprzylepne\/jednostronne-tasmy-samoprzylepne\/ca-952-pu-pianka-przylepna-tasma\/#primaryimage"},"thumbnailUrl":"https:\/\/cardinal-tapes.com\/wp-content\/uploads\/CA_952.jpg","datePublished":"2023-06-05T15:04:20+00:00","description":"CA-952 to ta\u015bma samoprzylepna z pianki PU, stosowana jako uniwersalna ta\u015bma samoprzylepna do klejenia, uszczelniania lub t\u0142umienia g\u0142adkich powierzchni.","breadcrumb":{"@id":"https:\/\/cardinal-tapes.com\/pl\/ta\u015bmy-samoprzylepne\/jednostronne-tasmy-samoprzylepne\/ca-952-pu-pianka-przylepna-tasma\/#breadcrumb"},"inLanguage":"pl-PL","potentialAction":[{"@type":"ReadAction","target":["https:\/\/cardinal-tapes.com\/pl\/ta\u015bmy-samoprzylepne\/jednostronne-tasmy-samoprzylepne\/ca-952-pu-pianka-przylepna-tasma\/"]}]},{"@type":"ImageObject","inLanguage":"pl-PL","@id":"https:\/\/cardinal-tapes.com\/pl\/ta\u015bmy-samoprzylepne\/jednostronne-tasmy-samoprzylepne\/ca-952-pu-pianka-przylepna-tasma\/#primaryimage","url":"https:\/\/cardinal-tapes.com\/wp-content\/uploads\/CA_952.jpg","contentUrl":"https:\/\/cardinal-tapes.com\/wp-content\/uploads\/CA_952.jpg","width":1139,"height":1400,"caption":"Ta\u015bma klej\u0105ca CA 952"},{"@type":"BreadcrumbList","@id":"https:\/\/cardinal-tapes.com\/pl\/ta\u015bmy-samoprzylepne\/jednostronne-tasmy-samoprzylepne\/ca-952-pu-pianka-przylepna-tasma\/#breadcrumb","itemListElement":[{"@type":"ListItem","position":1,"name":"Startseite","item":"https:\/\/cardinal-tapes.com\/pl\/strona-glowna\/"},{"@type":"ListItem","position":2,"name":"Ta\u015bmy samoprzylepne","item":"https:\/\/cardinal-tapes.com\/pl\/tasmy-samoprzylepne-pl\/"},{"@type":"ListItem","position":3,"name":"Jednostronne ta\u015bmy samoprzylepne","item":"https:\/\/cardinal-tapes.com\/pl\/kategoria\/jednostronne-tasmy-samoprzylepne\/"},{"@type":"ListItem","position":4,"name":"CA-952 Ta\u015bma samoprzylepna z pianki PU"}]},{"@type":"WebSite","@id":"https:\/\/cardinal-tapes.com\/#website","url":"https:\/\/cardinal-tapes.com\/","name":"cardinal TAPES","description":"Klebetechnik aus Wuppertal","potentialAction":[{"@type":"SearchAction","target":{"@type":"EntryPoint","urlTemplate":"https:\/\/cardinal-tapes.com\/?s={search_term_string}"},"query-input":{"@type":"PropertyValueSpecification","valueRequired":true,"valueName":"search_term_string"}}],"inLanguage":"pl-PL"}]}},"brands":[{"id":2173,"name":"cardinal GmbH","slug":"cardinal-gmbh-pl"}],"_links":{"self":[{"href":"https:\/\/cardinal-tapes.com\/pl\/wp-json\/wp\/v2\/product\/46838","targetHints":{"allow":["GET"]}}],"collection":[{"href":"https:\/\/cardinal-tapes.com\/pl\/wp-json\/wp\/v2\/product"}],"about":[{"href":"https:\/\/cardinal-tapes.com\/pl\/wp-json\/wp\/v2\/types\/product"}],"wp:featuredmedia":[{"embeddable":true,"href":"https:\/\/cardinal-tapes.com\/pl\/wp-json\/wp\/v2\/media\/27170"}],"wp:attachment":[{"href":"https:\/\/cardinal-tapes.com\/pl\/wp-json\/wp\/v2\/media?parent=46838"}],"wp:term":[{"taxonomy":"pwb-brand","embeddable":true,"href":"https:\/\/cardinal-tapes.com\/pl\/wp-json\/wp\/v2\/pwb-brand?post=46838"},{"taxonomy":"product_brand","embeddable":true,"href":"https:\/\/cardinal-tapes.com\/pl\/wp-json\/wp\/v2\/product_brand?post=46838"},{"taxonomy":"product_cat","embeddable":true,"href":"https:\/\/cardinal-tapes.com\/pl\/wp-json\/wp\/v2\/product_cat?post=46838"},{"taxonomy":"product_tag","embeddable":true,"href":"https:\/\/cardinal-tapes.com\/pl\/wp-json\/wp\/v2\/product_tag?post=46838"}],"curies":[{"name":"wp","href":"https:\/\/api.w.org\/{rel}","templated":true}]}}