{"id":46801,"date":"2018-05-02T11:10:26","date_gmt":"2023-06-05T15:04:19","guid":{"rendered":"https:\/\/cardinal.pixel-tal.de\/klebebaender\/bez-kategorii\/tasma-samoprzylepna-ca-787-pe\/"},"modified":"2023-06-05T17:04:19","modified_gmt":"2023-06-05T15:04:19","slug":"tasma-samoprzylepna-ca-787-pe","status":"publish","type":"product","link":"https:\/\/cardinal-tapes.com\/pl\/ta\u015bmy-samoprzylepne\/obszary-zastosowan\/przemysl-budowlany\/tasma-samoprzylepna-ca-787-pe\/","title":{"rendered":"Ta\u015bma samoprzylepna CA-787 PE"},"content":{"rendered":"<p>CA-787 to ta\u015bma samoprzylepna PE, kt\u00f3ra ze wzgl\u0119du na swoje uniwersalne w\u0142a\u015bciwo\u015bci samoprzylepne wra\u017cliwe na nacisk<br \/>\nJako systemowa ta\u015bma klej\u0105ca do \u0142\u0105czenia dost\u0119pnych na rynku warstw paroizolacyjnych wykonanych z folii z tworzywa sztucznego<br \/>\ni p\u0142yt budowlanych, do p\u0142yt drewnopochodnych, a tak\u017ce ich przej\u015b\u0107 na zak\u0142adkach, z\u0142\u0105czach, po\u0142\u0105czeniach<br \/>\ni penetracji. Jest r\u00f3wnie\u017c stosowana jako ta\u015bma uszczelniaj\u0105ca do energetycznego uszczelniania dach\u00f3w spadzistych.<\/p>\n","protected":false},"excerpt":{"rendered":"<p>CA-787 to ta\u015bma samoprzylepna PE, kt\u00f3ra ze wzgl\u0119du na swoje uniwersalne w\u0142a\u015bciwo\u015bci samoprzylepne wra\u017cliwe na nacisk Jako systemowa ta\u015bma klej\u0105ca do \u0142\u0105czenia dost\u0119pnych na rynku warstw paroizolacyjnych wykonanych z folii z tworzywa sztucznego i p\u0142yt budowlanych, do p\u0142yt drewnopochodnych, a tak\u017ce ich przej\u015b\u0107 na zak\u0142adkach, z\u0142\u0105czach, po\u0142\u0105czeniach i penetracji. Jest r\u00f3wnie\u017c stosowana jako ta\u015bma uszczelniaj\u0105ca [&hellip;]<\/p>\n","protected":false},"featured_media":26926,"template":"","meta":{"_acf_changed":false},"pwb-brand":[2173],"product_brand":[],"product_cat":[1689,1816],"product_tag":[],"class_list":{"0":"post-46801","1":"product","2":"type-product","3":"status-publish","4":"has-post-thumbnail","6":"pwb-brand-cardinal-gmbh-pl","7":"product_cat-przemysl-budowlany","8":"product_cat-jednostronne-tasmy-samoprzylepne","10":"first","11":"instock","12":"taxable","13":"shipping-taxable","14":"purchasable","15":"product-type-variable"},"acf":[],"yoast_head":"<!-- This site is optimized with the Yoast SEO plugin v27.3 - https:\/\/yoast.com\/product\/yoast-seo-wordpress\/ -->\n<title>CA-787 Ta\u015bma samoprzylepna PE | Cardinal TAPES<\/title>\n<meta name=\"description\" content=\"CA-787 to ta\u015bma samoprzylepna PE, kt\u00f3ra jest stosowana jako systemowa ta\u015bma samoprzylepna do r\u00f3\u017cnych materia\u0142\u00f3w ze wzgl\u0119du na swoje uniwersalne w\u0142a\u015bciwo\u015bci klej\u0105ce.\" \/>\n<meta name=\"robots\" content=\"index, follow, max-snippet:-1, max-image-preview:large, max-video-preview:-1\" \/>\n<link rel=\"canonical\" href=\"https:\/\/cardinal-tapes.com\/pl\/ta\u015bmy-samoprzylepne\/przemysl-budowlany\/tasma-samoprzylepna-ca-787-pe\/\" \/>\n<meta property=\"og:locale\" content=\"pl_PL\" \/>\n<meta property=\"og:type\" content=\"article\" \/>\n<meta property=\"og:title\" content=\"CA-787 Ta\u015bma samoprzylepna PE | Cardinal TAPES\" \/>\n<meta property=\"og:description\" content=\"CA-787 to ta\u015bma samoprzylepna PE, kt\u00f3ra jest stosowana jako systemowa ta\u015bma samoprzylepna do r\u00f3\u017cnych materia\u0142\u00f3w ze wzgl\u0119du na swoje uniwersalne w\u0142a\u015bciwo\u015bci klej\u0105ce.\" \/>\n<meta property=\"og:url\" content=\"https:\/\/cardinal-tapes.com\/pl\/ta\u015bmy-samoprzylepne\/przemysl-budowlany\/tasma-samoprzylepna-ca-787-pe\/\" \/>\n<meta property=\"og:site_name\" content=\"cardinal TAPES\" \/>\n<meta property=\"og:image\" content=\"https:\/\/cardinal-tapes.com\/wp-content\/uploads\/CA_787-2.jpg\" \/>\n\t<meta property=\"og:image:width\" content=\"1277\" \/>\n\t<meta property=\"og:image:height\" content=\"1400\" \/>\n\t<meta property=\"og:image:type\" content=\"image\/jpeg\" \/>\n<meta name=\"twitter:card\" content=\"summary_large_image\" \/>\n<script type=\"application\/ld+json\" class=\"yoast-schema-graph\">{\"@context\":\"https:\\\/\\\/schema.org\",\"@graph\":[{\"@type\":\"WebPage\",\"@id\":\"https:\\\/\\\/cardinal-tapes.com\\\/pl\\\/ta\u015bmy-samoprzylepne\\\/przemysl-budowlany\\\/tasma-samoprzylepna-ca-787-pe\\\/\",\"url\":\"https:\\\/\\\/cardinal-tapes.com\\\/pl\\\/ta\u015bmy-samoprzylepne\\\/przemysl-budowlany\\\/tasma-samoprzylepna-ca-787-pe\\\/\",\"name\":\"CA-787 Ta\u015bma samoprzylepna PE | Cardinal TAPES\",\"isPartOf\":{\"@id\":\"https:\\\/\\\/cardinal-tapes.com\\\/#website\"},\"primaryImageOfPage\":{\"@id\":\"https:\\\/\\\/cardinal-tapes.com\\\/pl\\\/ta\u015bmy-samoprzylepne\\\/przemysl-budowlany\\\/tasma-samoprzylepna-ca-787-pe\\\/#primaryimage\"},\"image\":{\"@id\":\"https:\\\/\\\/cardinal-tapes.com\\\/pl\\\/ta\u015bmy-samoprzylepne\\\/przemysl-budowlany\\\/tasma-samoprzylepna-ca-787-pe\\\/#primaryimage\"},\"thumbnailUrl\":\"https:\\\/\\\/cardinal-tapes.com\\\/wp-content\\\/uploads\\\/CA_787-2.jpg\",\"datePublished\":\"2023-06-05T15:04:19+00:00\",\"description\":\"CA-787 to ta\u015bma samoprzylepna PE, kt\u00f3ra jest stosowana jako systemowa ta\u015bma samoprzylepna do r\u00f3\u017cnych materia\u0142\u00f3w ze wzgl\u0119du na swoje uniwersalne w\u0142a\u015bciwo\u015bci klej\u0105ce.\",\"breadcrumb\":{\"@id\":\"https:\\\/\\\/cardinal-tapes.com\\\/pl\\\/ta\u015bmy-samoprzylepne\\\/przemysl-budowlany\\\/tasma-samoprzylepna-ca-787-pe\\\/#breadcrumb\"},\"inLanguage\":\"pl-PL\",\"potentialAction\":[{\"@type\":\"ReadAction\",\"target\":[\"https:\\\/\\\/cardinal-tapes.com\\\/pl\\\/ta\u015bmy-samoprzylepne\\\/przemysl-budowlany\\\/tasma-samoprzylepna-ca-787-pe\\\/\"]}]},{\"@type\":\"ImageObject\",\"inLanguage\":\"pl-PL\",\"@id\":\"https:\\\/\\\/cardinal-tapes.com\\\/pl\\\/ta\u015bmy-samoprzylepne\\\/przemysl-budowlany\\\/tasma-samoprzylepna-ca-787-pe\\\/#primaryimage\",\"url\":\"https:\\\/\\\/cardinal-tapes.com\\\/wp-content\\\/uploads\\\/CA_787-2.jpg\",\"contentUrl\":\"https:\\\/\\\/cardinal-tapes.com\\\/wp-content\\\/uploads\\\/CA_787-2.jpg\",\"width\":1277,\"height\":1400,\"caption\":\"CA_787\"},{\"@type\":\"BreadcrumbList\",\"@id\":\"https:\\\/\\\/cardinal-tapes.com\\\/pl\\\/ta\u015bmy-samoprzylepne\\\/przemysl-budowlany\\\/tasma-samoprzylepna-ca-787-pe\\\/#breadcrumb\",\"itemListElement\":[{\"@type\":\"ListItem\",\"position\":1,\"name\":\"Startseite\",\"item\":\"https:\\\/\\\/cardinal-tapes.com\\\/pl\\\/strona-glowna\\\/\"},{\"@type\":\"ListItem\",\"position\":2,\"name\":\"Ta\u015bmy samoprzylepne\",\"item\":\"https:\\\/\\\/cardinal-tapes.com\\\/pl\\\/tasmy-samoprzylepne-pl\\\/\"},{\"@type\":\"ListItem\",\"position\":3,\"name\":\"Przemys\u0142 budowlany\",\"item\":\"https:\\\/\\\/cardinal-tapes.com\\\/pl\\\/kategoria\\\/przemysl-budowlany\\\/\"},{\"@type\":\"ListItem\",\"position\":4,\"name\":\"Ta\u015bma samoprzylepna CA-787 PE\"}]},{\"@type\":\"WebSite\",\"@id\":\"https:\\\/\\\/cardinal-tapes.com\\\/#website\",\"url\":\"https:\\\/\\\/cardinal-tapes.com\\\/\",\"name\":\"cardinal TAPES\",\"description\":\"Klebetechnik aus Wuppertal\",\"potentialAction\":[{\"@type\":\"SearchAction\",\"target\":{\"@type\":\"EntryPoint\",\"urlTemplate\":\"https:\\\/\\\/cardinal-tapes.com\\\/?s={search_term_string}\"},\"query-input\":{\"@type\":\"PropertyValueSpecification\",\"valueRequired\":true,\"valueName\":\"search_term_string\"}}],\"inLanguage\":\"pl-PL\"}]}<\/script>\n<!-- \/ Yoast SEO plugin. -->","yoast_head_json":{"title":"CA-787 Ta\u015bma samoprzylepna PE | Cardinal TAPES","description":"CA-787 to ta\u015bma samoprzylepna PE, kt\u00f3ra jest stosowana jako systemowa ta\u015bma samoprzylepna do r\u00f3\u017cnych materia\u0142\u00f3w ze wzgl\u0119du na swoje uniwersalne w\u0142a\u015bciwo\u015bci klej\u0105ce.","robots":{"index":"index","follow":"follow","max-snippet":"max-snippet:-1","max-image-preview":"max-image-preview:large","max-video-preview":"max-video-preview:-1"},"canonical":"https:\/\/cardinal-tapes.com\/pl\/ta\u015bmy-samoprzylepne\/przemysl-budowlany\/tasma-samoprzylepna-ca-787-pe\/","og_locale":"pl_PL","og_type":"article","og_title":"CA-787 Ta\u015bma samoprzylepna PE | Cardinal TAPES","og_description":"CA-787 to ta\u015bma samoprzylepna PE, kt\u00f3ra jest stosowana jako systemowa ta\u015bma samoprzylepna do r\u00f3\u017cnych materia\u0142\u00f3w ze wzgl\u0119du na swoje uniwersalne w\u0142a\u015bciwo\u015bci klej\u0105ce.","og_url":"https:\/\/cardinal-tapes.com\/pl\/ta\u015bmy-samoprzylepne\/przemysl-budowlany\/tasma-samoprzylepna-ca-787-pe\/","og_site_name":"cardinal TAPES","og_image":[{"width":1277,"height":1400,"url":"https:\/\/cardinal-tapes.com\/wp-content\/uploads\/CA_787-2.jpg","type":"image\/jpeg"}],"twitter_card":"summary_large_image","schema":{"@context":"https:\/\/schema.org","@graph":[{"@type":"WebPage","@id":"https:\/\/cardinal-tapes.com\/pl\/ta\u015bmy-samoprzylepne\/przemysl-budowlany\/tasma-samoprzylepna-ca-787-pe\/","url":"https:\/\/cardinal-tapes.com\/pl\/ta\u015bmy-samoprzylepne\/przemysl-budowlany\/tasma-samoprzylepna-ca-787-pe\/","name":"CA-787 Ta\u015bma samoprzylepna PE | Cardinal TAPES","isPartOf":{"@id":"https:\/\/cardinal-tapes.com\/#website"},"primaryImageOfPage":{"@id":"https:\/\/cardinal-tapes.com\/pl\/ta\u015bmy-samoprzylepne\/przemysl-budowlany\/tasma-samoprzylepna-ca-787-pe\/#primaryimage"},"image":{"@id":"https:\/\/cardinal-tapes.com\/pl\/ta\u015bmy-samoprzylepne\/przemysl-budowlany\/tasma-samoprzylepna-ca-787-pe\/#primaryimage"},"thumbnailUrl":"https:\/\/cardinal-tapes.com\/wp-content\/uploads\/CA_787-2.jpg","datePublished":"2023-06-05T15:04:19+00:00","description":"CA-787 to ta\u015bma samoprzylepna PE, kt\u00f3ra jest stosowana jako systemowa ta\u015bma samoprzylepna do r\u00f3\u017cnych materia\u0142\u00f3w ze wzgl\u0119du na swoje uniwersalne w\u0142a\u015bciwo\u015bci klej\u0105ce.","breadcrumb":{"@id":"https:\/\/cardinal-tapes.com\/pl\/ta\u015bmy-samoprzylepne\/przemysl-budowlany\/tasma-samoprzylepna-ca-787-pe\/#breadcrumb"},"inLanguage":"pl-PL","potentialAction":[{"@type":"ReadAction","target":["https:\/\/cardinal-tapes.com\/pl\/ta\u015bmy-samoprzylepne\/przemysl-budowlany\/tasma-samoprzylepna-ca-787-pe\/"]}]},{"@type":"ImageObject","inLanguage":"pl-PL","@id":"https:\/\/cardinal-tapes.com\/pl\/ta\u015bmy-samoprzylepne\/przemysl-budowlany\/tasma-samoprzylepna-ca-787-pe\/#primaryimage","url":"https:\/\/cardinal-tapes.com\/wp-content\/uploads\/CA_787-2.jpg","contentUrl":"https:\/\/cardinal-tapes.com\/wp-content\/uploads\/CA_787-2.jpg","width":1277,"height":1400,"caption":"CA_787"},{"@type":"BreadcrumbList","@id":"https:\/\/cardinal-tapes.com\/pl\/ta\u015bmy-samoprzylepne\/przemysl-budowlany\/tasma-samoprzylepna-ca-787-pe\/#breadcrumb","itemListElement":[{"@type":"ListItem","position":1,"name":"Startseite","item":"https:\/\/cardinal-tapes.com\/pl\/strona-glowna\/"},{"@type":"ListItem","position":2,"name":"Ta\u015bmy samoprzylepne","item":"https:\/\/cardinal-tapes.com\/pl\/tasmy-samoprzylepne-pl\/"},{"@type":"ListItem","position":3,"name":"Przemys\u0142 budowlany","item":"https:\/\/cardinal-tapes.com\/pl\/kategoria\/przemysl-budowlany\/"},{"@type":"ListItem","position":4,"name":"Ta\u015bma samoprzylepna CA-787 PE"}]},{"@type":"WebSite","@id":"https:\/\/cardinal-tapes.com\/#website","url":"https:\/\/cardinal-tapes.com\/","name":"cardinal TAPES","description":"Klebetechnik aus Wuppertal","potentialAction":[{"@type":"SearchAction","target":{"@type":"EntryPoint","urlTemplate":"https:\/\/cardinal-tapes.com\/?s={search_term_string}"},"query-input":{"@type":"PropertyValueSpecification","valueRequired":true,"valueName":"search_term_string"}}],"inLanguage":"pl-PL"}]}},"brands":[{"id":2173,"name":"cardinal GmbH","slug":"cardinal-gmbh-pl"}],"_links":{"self":[{"href":"https:\/\/cardinal-tapes.com\/pl\/wp-json\/wp\/v2\/product\/46801","targetHints":{"allow":["GET"]}}],"collection":[{"href":"https:\/\/cardinal-tapes.com\/pl\/wp-json\/wp\/v2\/product"}],"about":[{"href":"https:\/\/cardinal-tapes.com\/pl\/wp-json\/wp\/v2\/types\/product"}],"wp:featuredmedia":[{"embeddable":true,"href":"https:\/\/cardinal-tapes.com\/pl\/wp-json\/wp\/v2\/media\/26926"}],"wp:attachment":[{"href":"https:\/\/cardinal-tapes.com\/pl\/wp-json\/wp\/v2\/media?parent=46801"}],"wp:term":[{"taxonomy":"pwb-brand","embeddable":true,"href":"https:\/\/cardinal-tapes.com\/pl\/wp-json\/wp\/v2\/pwb-brand?post=46801"},{"taxonomy":"product_brand","embeddable":true,"href":"https:\/\/cardinal-tapes.com\/pl\/wp-json\/wp\/v2\/product_brand?post=46801"},{"taxonomy":"product_cat","embeddable":true,"href":"https:\/\/cardinal-tapes.com\/pl\/wp-json\/wp\/v2\/product_cat?post=46801"},{"taxonomy":"product_tag","embeddable":true,"href":"https:\/\/cardinal-tapes.com\/pl\/wp-json\/wp\/v2\/product_tag?post=46801"}],"curies":[{"name":"wp","href":"https:\/\/api.w.org\/{rel}","templated":true}]}}