{"id":46737,"date":"2018-05-14T13:35:32","date_gmt":"2023-06-05T15:04:18","guid":{"rendered":"https:\/\/cardinal.pixel-tal.de\/klebebaender\/bez-kategorii\/dozownik-reczny-3m-atg-700\/"},"modified":"2023-06-05T17:04:18","modified_gmt":"2023-06-05T15:04:18","slug":"3m-atg-700-handabroller","status":"publish","type":"product","link":"https:\/\/cardinal-tapes.com\/pl\/ta\u015bmy-samoprzylepne\/systemy-pakowania\/3m-atg-700-handabroller\/","title":{"rendered":"Dozownik r\u0119czny 3M\u2122 ATG 700"},"content":{"rendered":"<p>Dozownik r\u0119czny 3M ATG 700 zapewnia cenn\u0105 obs\u0142ug\u0119 folii samoprzylepnych ATG. Dzi\u0119ki temu ta\u015bma samoprzylepna mo\u017ce by\u0107 nak\u0142adana z dok\u0142adnie tak\u0105 sam\u0105 grubo\u015bci\u0105 i szeroko\u015bci\u0105 warstwy klej\u0105cej. R\u0119czne usuwanie papieru ochronnego nie jest ju\u017c konieczne, poniewa\u017c dozownik 3M ATG 700 automatycznie odwija, a nast\u0119pnie nawija papier. Ergonomiczna konstrukcja zapewnia prac\u0119 bez zm\u0119czenia. Obudowa i pokrywa s\u0105 wykonane z tworzywa sztucznego. W przypadku pyta\u0144 dotycz\u0105cych instrukcji obs\u0142ugi 3M ATG 700, nasi eksperci s\u0142u\u017c\u0105 pomoc\u0105.<\/p>\n","protected":false},"excerpt":{"rendered":"<p>Dozownik r\u0119czny 3M ATG 700 zapewnia cenn\u0105 obs\u0142ug\u0119 folii samoprzylepnych ATG. Dzi\u0119ki temu ta\u015bma samoprzylepna mo\u017ce by\u0107 nak\u0142adana z dok\u0142adnie tak\u0105 sam\u0105 grubo\u015bci\u0105 i szeroko\u015bci\u0105 warstwy klej\u0105cej. R\u0119czne usuwanie papieru ochronnego nie jest ju\u017c konieczne, poniewa\u017c dozownik 3M ATG 700 automatycznie odwija, a nast\u0119pnie nawija papier. Ergonomiczna konstrukcja zapewnia prac\u0119 bez zm\u0119czenia. Obudowa i pokrywa [&hellip;]<\/p>\n","protected":false},"featured_media":26990,"template":"","meta":{"_acf_changed":false},"pwb-brand":[2168],"product_brand":[],"product_cat":[1867],"product_tag":[],"class_list":{"0":"post-46737","1":"product","2":"type-product","3":"status-publish","4":"has-post-thumbnail","6":"pwb-brand-3m-pl","7":"product_cat-systemy-pakowania","9":"first","10":"instock","11":"taxable","12":"shipping-taxable","13":"purchasable","14":"product-type-simple"},"acf":[],"yoast_head":"<!-- This site is optimized with the Yoast SEO plugin v27.3 - https:\/\/yoast.com\/product\/yoast-seo-wordpress\/ -->\n<title>3M\u2122 ATG 700 Dozownik r\u0119czny | Cardinal TAPES<\/title>\n<meta name=\"description\" content=\"Dozownik r\u0119czny 3M ATG 700 jest odpowiedni do folii samoprzylepnych ATG. Ta\u015bm\u0119 samoprzylepn\u0105 mo\u017cna nak\u0142ada\u0107 dok\u0142adnie pod wzgl\u0119dem grubo\u015bci i szeroko\u015bci. Dowiedz si\u0119 wi\u0119cej o 3M ATG 700.\" \/>\n<meta name=\"robots\" content=\"index, follow, max-snippet:-1, max-image-preview:large, max-video-preview:-1\" \/>\n<link rel=\"canonical\" href=\"https:\/\/cardinal-tapes.com\/pl\/ta\u015bmy-samoprzylepne\/systemy-pakowania\/3m-atg-700-handabroller\/\" \/>\n<meta property=\"og:locale\" content=\"pl_PL\" \/>\n<meta property=\"og:type\" content=\"article\" \/>\n<meta property=\"og:title\" content=\"3M\u2122 ATG 700 Dozownik r\u0119czny | Cardinal TAPES\" \/>\n<meta property=\"og:description\" content=\"Dozownik r\u0119czny 3M ATG 700 jest odpowiedni do folii samoprzylepnych ATG. Ta\u015bm\u0119 samoprzylepn\u0105 mo\u017cna nak\u0142ada\u0107 dok\u0142adnie pod wzgl\u0119dem grubo\u015bci i szeroko\u015bci. Dowiedz si\u0119 wi\u0119cej o 3M ATG 700.\" \/>\n<meta property=\"og:url\" content=\"https:\/\/cardinal-tapes.com\/pl\/ta\u015bmy-samoprzylepne\/systemy-pakowania\/3m-atg-700-handabroller\/\" \/>\n<meta property=\"og:site_name\" content=\"cardinal TAPES\" \/>\n<meta property=\"og:image\" content=\"https:\/\/cardinal-tapes.com\/wp-content\/uploads\/3M-atg-700-scaled.jpg\" \/>\n\t<meta property=\"og:image:width\" content=\"2560\" \/>\n\t<meta property=\"og:image:height\" content=\"2560\" \/>\n\t<meta property=\"og:image:type\" content=\"image\/jpeg\" \/>\n<meta name=\"twitter:card\" content=\"summary_large_image\" \/>\n<script type=\"application\/ld+json\" class=\"yoast-schema-graph\">{\"@context\":\"https:\\\/\\\/schema.org\",\"@graph\":[{\"@type\":\"WebPage\",\"@id\":\"https:\\\/\\\/cardinal-tapes.com\\\/pl\\\/ta\u015bmy-samoprzylepne\\\/systemy-pakowania\\\/3m-atg-700-handabroller\\\/\",\"url\":\"https:\\\/\\\/cardinal-tapes.com\\\/pl\\\/ta\u015bmy-samoprzylepne\\\/systemy-pakowania\\\/3m-atg-700-handabroller\\\/\",\"name\":\"3M\u2122 ATG 700 Dozownik r\u0119czny | Cardinal TAPES\",\"isPartOf\":{\"@id\":\"https:\\\/\\\/cardinal-tapes.com\\\/#website\"},\"primaryImageOfPage\":{\"@id\":\"https:\\\/\\\/cardinal-tapes.com\\\/pl\\\/ta\u015bmy-samoprzylepne\\\/systemy-pakowania\\\/3m-atg-700-handabroller\\\/#primaryimage\"},\"image\":{\"@id\":\"https:\\\/\\\/cardinal-tapes.com\\\/pl\\\/ta\u015bmy-samoprzylepne\\\/systemy-pakowania\\\/3m-atg-700-handabroller\\\/#primaryimage\"},\"thumbnailUrl\":\"https:\\\/\\\/cardinal-tapes.com\\\/wp-content\\\/uploads\\\/3M-atg-700-scaled.jpg\",\"datePublished\":\"2023-06-05T15:04:18+00:00\",\"description\":\"Dozownik r\u0119czny 3M ATG 700 jest odpowiedni do folii samoprzylepnych ATG. Ta\u015bm\u0119 samoprzylepn\u0105 mo\u017cna nak\u0142ada\u0107 dok\u0142adnie pod wzgl\u0119dem grubo\u015bci i szeroko\u015bci. Dowiedz si\u0119 wi\u0119cej o 3M ATG 700.\",\"breadcrumb\":{\"@id\":\"https:\\\/\\\/cardinal-tapes.com\\\/pl\\\/ta\u015bmy-samoprzylepne\\\/systemy-pakowania\\\/3m-atg-700-handabroller\\\/#breadcrumb\"},\"inLanguage\":\"pl-PL\",\"potentialAction\":[{\"@type\":\"ReadAction\",\"target\":[\"https:\\\/\\\/cardinal-tapes.com\\\/pl\\\/ta\u015bmy-samoprzylepne\\\/systemy-pakowania\\\/3m-atg-700-handabroller\\\/\"]}]},{\"@type\":\"ImageObject\",\"inLanguage\":\"pl-PL\",\"@id\":\"https:\\\/\\\/cardinal-tapes.com\\\/pl\\\/ta\u015bmy-samoprzylepne\\\/systemy-pakowania\\\/3m-atg-700-handabroller\\\/#primaryimage\",\"url\":\"https:\\\/\\\/cardinal-tapes.com\\\/wp-content\\\/uploads\\\/3M-atg-700-scaled.jpg\",\"contentUrl\":\"https:\\\/\\\/cardinal-tapes.com\\\/wp-content\\\/uploads\\\/3M-atg-700-scaled.jpg\",\"width\":2560,\"height\":2560,\"caption\":\"3M ATG 700\"},{\"@type\":\"BreadcrumbList\",\"@id\":\"https:\\\/\\\/cardinal-tapes.com\\\/pl\\\/ta\u015bmy-samoprzylepne\\\/systemy-pakowania\\\/3m-atg-700-handabroller\\\/#breadcrumb\",\"itemListElement\":[{\"@type\":\"ListItem\",\"position\":1,\"name\":\"Startseite\",\"item\":\"https:\\\/\\\/cardinal-tapes.com\\\/pl\\\/strona-glowna\\\/\"},{\"@type\":\"ListItem\",\"position\":2,\"name\":\"Ta\u015bmy samoprzylepne\",\"item\":\"https:\\\/\\\/cardinal-tapes.com\\\/pl\\\/tasmy-samoprzylepne-pl\\\/\"},{\"@type\":\"ListItem\",\"position\":3,\"name\":\"Systemy pakowania\",\"item\":\"https:\\\/\\\/cardinal-tapes.com\\\/pl\\\/kategoria\\\/systemy-pakowania\\\/\"},{\"@type\":\"ListItem\",\"position\":4,\"name\":\"Dozownik r\u0119czny 3M\u2122 ATG 700\"}]},{\"@type\":\"WebSite\",\"@id\":\"https:\\\/\\\/cardinal-tapes.com\\\/#website\",\"url\":\"https:\\\/\\\/cardinal-tapes.com\\\/\",\"name\":\"cardinal TAPES\",\"description\":\"Klebetechnik aus Wuppertal\",\"potentialAction\":[{\"@type\":\"SearchAction\",\"target\":{\"@type\":\"EntryPoint\",\"urlTemplate\":\"https:\\\/\\\/cardinal-tapes.com\\\/?s={search_term_string}\"},\"query-input\":{\"@type\":\"PropertyValueSpecification\",\"valueRequired\":true,\"valueName\":\"search_term_string\"}}],\"inLanguage\":\"pl-PL\"}]}<\/script>\n<!-- \/ Yoast SEO plugin. -->","yoast_head_json":{"title":"3M\u2122 ATG 700 Dozownik r\u0119czny | Cardinal TAPES","description":"Dozownik r\u0119czny 3M ATG 700 jest odpowiedni do folii samoprzylepnych ATG. Ta\u015bm\u0119 samoprzylepn\u0105 mo\u017cna nak\u0142ada\u0107 dok\u0142adnie pod wzgl\u0119dem grubo\u015bci i szeroko\u015bci. Dowiedz si\u0119 wi\u0119cej o 3M ATG 700.","robots":{"index":"index","follow":"follow","max-snippet":"max-snippet:-1","max-image-preview":"max-image-preview:large","max-video-preview":"max-video-preview:-1"},"canonical":"https:\/\/cardinal-tapes.com\/pl\/ta\u015bmy-samoprzylepne\/systemy-pakowania\/3m-atg-700-handabroller\/","og_locale":"pl_PL","og_type":"article","og_title":"3M\u2122 ATG 700 Dozownik r\u0119czny | Cardinal TAPES","og_description":"Dozownik r\u0119czny 3M ATG 700 jest odpowiedni do folii samoprzylepnych ATG. Ta\u015bm\u0119 samoprzylepn\u0105 mo\u017cna nak\u0142ada\u0107 dok\u0142adnie pod wzgl\u0119dem grubo\u015bci i szeroko\u015bci. Dowiedz si\u0119 wi\u0119cej o 3M ATG 700.","og_url":"https:\/\/cardinal-tapes.com\/pl\/ta\u015bmy-samoprzylepne\/systemy-pakowania\/3m-atg-700-handabroller\/","og_site_name":"cardinal TAPES","og_image":[{"width":2560,"height":2560,"url":"https:\/\/cardinal-tapes.com\/wp-content\/uploads\/3M-atg-700-scaled.jpg","type":"image\/jpeg"}],"twitter_card":"summary_large_image","schema":{"@context":"https:\/\/schema.org","@graph":[{"@type":"WebPage","@id":"https:\/\/cardinal-tapes.com\/pl\/ta\u015bmy-samoprzylepne\/systemy-pakowania\/3m-atg-700-handabroller\/","url":"https:\/\/cardinal-tapes.com\/pl\/ta\u015bmy-samoprzylepne\/systemy-pakowania\/3m-atg-700-handabroller\/","name":"3M\u2122 ATG 700 Dozownik r\u0119czny | Cardinal TAPES","isPartOf":{"@id":"https:\/\/cardinal-tapes.com\/#website"},"primaryImageOfPage":{"@id":"https:\/\/cardinal-tapes.com\/pl\/ta\u015bmy-samoprzylepne\/systemy-pakowania\/3m-atg-700-handabroller\/#primaryimage"},"image":{"@id":"https:\/\/cardinal-tapes.com\/pl\/ta\u015bmy-samoprzylepne\/systemy-pakowania\/3m-atg-700-handabroller\/#primaryimage"},"thumbnailUrl":"https:\/\/cardinal-tapes.com\/wp-content\/uploads\/3M-atg-700-scaled.jpg","datePublished":"2023-06-05T15:04:18+00:00","description":"Dozownik r\u0119czny 3M ATG 700 jest odpowiedni do folii samoprzylepnych ATG. Ta\u015bm\u0119 samoprzylepn\u0105 mo\u017cna nak\u0142ada\u0107 dok\u0142adnie pod wzgl\u0119dem grubo\u015bci i szeroko\u015bci. Dowiedz si\u0119 wi\u0119cej o 3M ATG 700.","breadcrumb":{"@id":"https:\/\/cardinal-tapes.com\/pl\/ta\u015bmy-samoprzylepne\/systemy-pakowania\/3m-atg-700-handabroller\/#breadcrumb"},"inLanguage":"pl-PL","potentialAction":[{"@type":"ReadAction","target":["https:\/\/cardinal-tapes.com\/pl\/ta\u015bmy-samoprzylepne\/systemy-pakowania\/3m-atg-700-handabroller\/"]}]},{"@type":"ImageObject","inLanguage":"pl-PL","@id":"https:\/\/cardinal-tapes.com\/pl\/ta\u015bmy-samoprzylepne\/systemy-pakowania\/3m-atg-700-handabroller\/#primaryimage","url":"https:\/\/cardinal-tapes.com\/wp-content\/uploads\/3M-atg-700-scaled.jpg","contentUrl":"https:\/\/cardinal-tapes.com\/wp-content\/uploads\/3M-atg-700-scaled.jpg","width":2560,"height":2560,"caption":"3M ATG 700"},{"@type":"BreadcrumbList","@id":"https:\/\/cardinal-tapes.com\/pl\/ta\u015bmy-samoprzylepne\/systemy-pakowania\/3m-atg-700-handabroller\/#breadcrumb","itemListElement":[{"@type":"ListItem","position":1,"name":"Startseite","item":"https:\/\/cardinal-tapes.com\/pl\/strona-glowna\/"},{"@type":"ListItem","position":2,"name":"Ta\u015bmy samoprzylepne","item":"https:\/\/cardinal-tapes.com\/pl\/tasmy-samoprzylepne-pl\/"},{"@type":"ListItem","position":3,"name":"Systemy pakowania","item":"https:\/\/cardinal-tapes.com\/pl\/kategoria\/systemy-pakowania\/"},{"@type":"ListItem","position":4,"name":"Dozownik r\u0119czny 3M\u2122 ATG 700"}]},{"@type":"WebSite","@id":"https:\/\/cardinal-tapes.com\/#website","url":"https:\/\/cardinal-tapes.com\/","name":"cardinal TAPES","description":"Klebetechnik aus Wuppertal","potentialAction":[{"@type":"SearchAction","target":{"@type":"EntryPoint","urlTemplate":"https:\/\/cardinal-tapes.com\/?s={search_term_string}"},"query-input":{"@type":"PropertyValueSpecification","valueRequired":true,"valueName":"search_term_string"}}],"inLanguage":"pl-PL"}]}},"brands":[{"id":2168,"name":"3M","slug":"3m-pl"}],"_links":{"self":[{"href":"https:\/\/cardinal-tapes.com\/pl\/wp-json\/wp\/v2\/product\/46737","targetHints":{"allow":["GET"]}}],"collection":[{"href":"https:\/\/cardinal-tapes.com\/pl\/wp-json\/wp\/v2\/product"}],"about":[{"href":"https:\/\/cardinal-tapes.com\/pl\/wp-json\/wp\/v2\/types\/product"}],"wp:featuredmedia":[{"embeddable":true,"href":"https:\/\/cardinal-tapes.com\/pl\/wp-json\/wp\/v2\/media\/26990"}],"wp:attachment":[{"href":"https:\/\/cardinal-tapes.com\/pl\/wp-json\/wp\/v2\/media?parent=46737"}],"wp:term":[{"taxonomy":"pwb-brand","embeddable":true,"href":"https:\/\/cardinal-tapes.com\/pl\/wp-json\/wp\/v2\/pwb-brand?post=46737"},{"taxonomy":"product_brand","embeddable":true,"href":"https:\/\/cardinal-tapes.com\/pl\/wp-json\/wp\/v2\/product_brand?post=46737"},{"taxonomy":"product_cat","embeddable":true,"href":"https:\/\/cardinal-tapes.com\/pl\/wp-json\/wp\/v2\/product_cat?post=46737"},{"taxonomy":"product_tag","embeddable":true,"href":"https:\/\/cardinal-tapes.com\/pl\/wp-json\/wp\/v2\/product_tag?post=46737"}],"curies":[{"name":"wp","href":"https:\/\/api.w.org\/{rel}","templated":true}]}}