{"id":46108,"date":"2018-05-16T09:03:45","date_gmt":"2023-06-05T15:03:12","guid":{"rendered":"https:\/\/cardinal.pixel-tal.de\/klebebaender\/bez-kategorii\/ca-633-pv1-aluminiowa-tasma-samoprzylepna\/"},"modified":"2025-07-02T14:55:12","modified_gmt":"2025-07-02T12:55:12","slug":"ca-633-pv1-aluminiowa-tasma-samoprzylepna","status":"publish","type":"product","link":"https:\/\/cardinal-tapes.com\/pl\/ta\u015bmy-samoprzylepne\/obszary-zastosowan\/aluminiowa-tasma-samoprzylepna\/ca-633-pv1-aluminiowa-tasma-samoprzylepna\/","title":{"rendered":"CA-633 PV1 aluminiowa ta\u015bma samoprzylepna"},"content":{"rendered":"<p>CA-633 to czarna, matowa ta\u015bma z czystego aluminium, pokryta klejem akrylowym i bia\u0142ym papierem. Produkt ten jest zwykle stosowany jako ta\u015bma antyrefleksyjna w technologii eventowej ze wzgl\u0119du na wysok\u0105 odporno\u015b\u0107 na ciep\u0142o. Ponadto s\u0142u\u017cy do unikania rozproszonego \u015bwiat\u0142a poprzez mocowanie drzwi stodo\u0142y.<\/p>\n","protected":false},"excerpt":{"rendered":"<p>CA-633 to czarna, matowa ta\u015bma z czystego aluminium, pokryta klejem akrylowym i bia\u0142ym papierem. Produkt ten jest zwykle stosowany jako ta\u015bma antyrefleksyjna w technologii eventowej ze wzgl\u0119du na wysok\u0105 odporno\u015b\u0107 na ciep\u0142o. Ponadto s\u0142u\u017cy do unikania rozproszonego \u015bwiat\u0142a poprzez mocowanie drzwi stodo\u0142y.<\/p>\n","protected":false},"featured_media":27090,"template":"","meta":{"_acf_changed":false},"pwb-brand":[2173],"product_brand":[],"product_cat":[1686,1816],"product_tag":[],"class_list":{"0":"post-46108","1":"product","2":"type-product","3":"status-publish","4":"has-post-thumbnail","6":"pwb-brand-cardinal-gmbh-pl","7":"product_cat-aluminiowa-tasma-samoprzylepna","8":"product_cat-jednostronne-tasmy-samoprzylepne","10":"first","11":"instock","12":"taxable","13":"shipping-taxable","14":"purchasable","15":"product-type-variable"},"acf":[],"yoast_head":"<!-- This site is optimized with the Yoast SEO plugin v27.3 - https:\/\/yoast.com\/product\/yoast-seo-wordpress\/ -->\n<title>CA-633 PV1 aluminiowa ta\u015bma samoprzylepna | Cardinal TAPES<\/title>\n<meta name=\"description\" content=\"CA-633 to czarna, matowa ta\u015bma z czystego aluminium pokryta klejem akrylowym i bia\u0142ym papierem.\" \/>\n<meta name=\"robots\" content=\"index, follow, max-snippet:-1, max-image-preview:large, max-video-preview:-1\" \/>\n<link rel=\"canonical\" href=\"https:\/\/cardinal-tapes.com\/pl\/ta\u015bmy-samoprzylepne\/obszary-zastosowan\/aluminiowa-tasma-samoprzylepna\/ca-633-pv1-aluminiowa-tasma-samoprzylepna\/\" \/>\n<meta property=\"og:locale\" content=\"pl_PL\" \/>\n<meta property=\"og:type\" content=\"article\" \/>\n<meta property=\"og:title\" content=\"CA-633 PV1 aluminiowa ta\u015bma samoprzylepna | Cardinal TAPES\" \/>\n<meta property=\"og:description\" content=\"CA-633 to czarna, matowa ta\u015bma z czystego aluminium pokryta klejem akrylowym i bia\u0142ym papierem.\" \/>\n<meta property=\"og:url\" content=\"https:\/\/cardinal-tapes.com\/pl\/ta\u015bmy-samoprzylepne\/obszary-zastosowan\/aluminiowa-tasma-samoprzylepna\/ca-633-pv1-aluminiowa-tasma-samoprzylepna\/\" \/>\n<meta property=\"og:site_name\" content=\"cardinal TAPES\" \/>\n<meta property=\"article:modified_time\" content=\"2025-07-02T12:55:12+00:00\" \/>\n<meta property=\"og:image\" content=\"https:\/\/cardinal-tapes.com\/wp-content\/uploads\/CA_633_retouched.jpg\" \/>\n\t<meta property=\"og:image:width\" content=\"1348\" \/>\n\t<meta property=\"og:image:height\" content=\"1400\" \/>\n\t<meta property=\"og:image:type\" content=\"image\/jpeg\" \/>\n<meta name=\"twitter:card\" content=\"summary_large_image\" \/>\n<script type=\"application\/ld+json\" class=\"yoast-schema-graph\">{\"@context\":\"https:\\\/\\\/schema.org\",\"@graph\":[{\"@type\":\"WebPage\",\"@id\":\"https:\\\/\\\/cardinal-tapes.com\\\/pl\\\/ta\u015bmy-samoprzylepne\\\/obszary-zastosowan\\\/aluminiowa-tasma-samoprzylepna\\\/ca-633-pv1-aluminiowa-tasma-samoprzylepna\\\/\",\"url\":\"https:\\\/\\\/cardinal-tapes.com\\\/pl\\\/ta\u015bmy-samoprzylepne\\\/obszary-zastosowan\\\/aluminiowa-tasma-samoprzylepna\\\/ca-633-pv1-aluminiowa-tasma-samoprzylepna\\\/\",\"name\":\"CA-633 PV1 aluminiowa ta\u015bma samoprzylepna | Cardinal TAPES\",\"isPartOf\":{\"@id\":\"https:\\\/\\\/cardinal-tapes.com\\\/#website\"},\"primaryImageOfPage\":{\"@id\":\"https:\\\/\\\/cardinal-tapes.com\\\/pl\\\/ta\u015bmy-samoprzylepne\\\/obszary-zastosowan\\\/aluminiowa-tasma-samoprzylepna\\\/ca-633-pv1-aluminiowa-tasma-samoprzylepna\\\/#primaryimage\"},\"image\":{\"@id\":\"https:\\\/\\\/cardinal-tapes.com\\\/pl\\\/ta\u015bmy-samoprzylepne\\\/obszary-zastosowan\\\/aluminiowa-tasma-samoprzylepna\\\/ca-633-pv1-aluminiowa-tasma-samoprzylepna\\\/#primaryimage\"},\"thumbnailUrl\":\"https:\\\/\\\/cardinal-tapes.com\\\/wp-content\\\/uploads\\\/CA_633_retouched.jpg\",\"datePublished\":\"2023-06-05T15:03:12+00:00\",\"dateModified\":\"2025-07-02T12:55:12+00:00\",\"description\":\"CA-633 to czarna, matowa ta\u015bma z czystego aluminium pokryta klejem akrylowym i bia\u0142ym papierem.\",\"breadcrumb\":{\"@id\":\"https:\\\/\\\/cardinal-tapes.com\\\/pl\\\/ta\u015bmy-samoprzylepne\\\/obszary-zastosowan\\\/aluminiowa-tasma-samoprzylepna\\\/ca-633-pv1-aluminiowa-tasma-samoprzylepna\\\/#breadcrumb\"},\"inLanguage\":\"pl-PL\",\"potentialAction\":[{\"@type\":\"ReadAction\",\"target\":[\"https:\\\/\\\/cardinal-tapes.com\\\/pl\\\/ta\u015bmy-samoprzylepne\\\/obszary-zastosowan\\\/aluminiowa-tasma-samoprzylepna\\\/ca-633-pv1-aluminiowa-tasma-samoprzylepna\\\/\"]}]},{\"@type\":\"ImageObject\",\"inLanguage\":\"pl-PL\",\"@id\":\"https:\\\/\\\/cardinal-tapes.com\\\/pl\\\/ta\u015bmy-samoprzylepne\\\/obszary-zastosowan\\\/aluminiowa-tasma-samoprzylepna\\\/ca-633-pv1-aluminiowa-tasma-samoprzylepna\\\/#primaryimage\",\"url\":\"https:\\\/\\\/cardinal-tapes.com\\\/wp-content\\\/uploads\\\/CA_633_retouched.jpg\",\"contentUrl\":\"https:\\\/\\\/cardinal-tapes.com\\\/wp-content\\\/uploads\\\/CA_633_retouched.jpg\",\"width\":1348,\"height\":1400,\"caption\":\"Ta\u015bma klej\u0105ca CA 633\"},{\"@type\":\"BreadcrumbList\",\"@id\":\"https:\\\/\\\/cardinal-tapes.com\\\/pl\\\/ta\u015bmy-samoprzylepne\\\/obszary-zastosowan\\\/aluminiowa-tasma-samoprzylepna\\\/ca-633-pv1-aluminiowa-tasma-samoprzylepna\\\/#breadcrumb\",\"itemListElement\":[{\"@type\":\"ListItem\",\"position\":1,\"name\":\"Startseite\",\"item\":\"https:\\\/\\\/cardinal-tapes.com\\\/pl\\\/strona-glowna\\\/\"},{\"@type\":\"ListItem\",\"position\":2,\"name\":\"Ta\u015bmy samoprzylepne\",\"item\":\"https:\\\/\\\/cardinal-tapes.com\\\/pl\\\/tasmy-samoprzylepne-pl\\\/\"},{\"@type\":\"ListItem\",\"position\":3,\"name\":\"Obszary zastosowa\u0144\",\"item\":\"https:\\\/\\\/cardinal-tapes.com\\\/pl\\\/kategoria\\\/obszary-zastosowan\\\/\"},{\"@type\":\"ListItem\",\"position\":4,\"name\":\"Aluminiowa ta\u015bma samoprzylepna\",\"item\":\"https:\\\/\\\/cardinal-tapes.com\\\/pl\\\/kategoria\\\/aluminiowa-tasma-samoprzylepna\\\/\"},{\"@type\":\"ListItem\",\"position\":5,\"name\":\"CA-633 PV1 aluminiowa ta\u015bma samoprzylepna\"}]},{\"@type\":\"WebSite\",\"@id\":\"https:\\\/\\\/cardinal-tapes.com\\\/#website\",\"url\":\"https:\\\/\\\/cardinal-tapes.com\\\/\",\"name\":\"cardinal TAPES\",\"description\":\"Klebetechnik aus Wuppertal\",\"potentialAction\":[{\"@type\":\"SearchAction\",\"target\":{\"@type\":\"EntryPoint\",\"urlTemplate\":\"https:\\\/\\\/cardinal-tapes.com\\\/?s={search_term_string}\"},\"query-input\":{\"@type\":\"PropertyValueSpecification\",\"valueRequired\":true,\"valueName\":\"search_term_string\"}}],\"inLanguage\":\"pl-PL\"}]}<\/script>\n<!-- \/ Yoast SEO plugin. -->","yoast_head_json":{"title":"CA-633 PV1 aluminiowa ta\u015bma samoprzylepna | Cardinal TAPES","description":"CA-633 to czarna, matowa ta\u015bma z czystego aluminium pokryta klejem akrylowym i bia\u0142ym papierem.","robots":{"index":"index","follow":"follow","max-snippet":"max-snippet:-1","max-image-preview":"max-image-preview:large","max-video-preview":"max-video-preview:-1"},"canonical":"https:\/\/cardinal-tapes.com\/pl\/ta\u015bmy-samoprzylepne\/obszary-zastosowan\/aluminiowa-tasma-samoprzylepna\/ca-633-pv1-aluminiowa-tasma-samoprzylepna\/","og_locale":"pl_PL","og_type":"article","og_title":"CA-633 PV1 aluminiowa ta\u015bma samoprzylepna | Cardinal TAPES","og_description":"CA-633 to czarna, matowa ta\u015bma z czystego aluminium pokryta klejem akrylowym i bia\u0142ym papierem.","og_url":"https:\/\/cardinal-tapes.com\/pl\/ta\u015bmy-samoprzylepne\/obszary-zastosowan\/aluminiowa-tasma-samoprzylepna\/ca-633-pv1-aluminiowa-tasma-samoprzylepna\/","og_site_name":"cardinal TAPES","article_modified_time":"2025-07-02T12:55:12+00:00","og_image":[{"width":1348,"height":1400,"url":"https:\/\/cardinal-tapes.com\/wp-content\/uploads\/CA_633_retouched.jpg","type":"image\/jpeg"}],"twitter_card":"summary_large_image","schema":{"@context":"https:\/\/schema.org","@graph":[{"@type":"WebPage","@id":"https:\/\/cardinal-tapes.com\/pl\/ta\u015bmy-samoprzylepne\/obszary-zastosowan\/aluminiowa-tasma-samoprzylepna\/ca-633-pv1-aluminiowa-tasma-samoprzylepna\/","url":"https:\/\/cardinal-tapes.com\/pl\/ta\u015bmy-samoprzylepne\/obszary-zastosowan\/aluminiowa-tasma-samoprzylepna\/ca-633-pv1-aluminiowa-tasma-samoprzylepna\/","name":"CA-633 PV1 aluminiowa ta\u015bma samoprzylepna | Cardinal TAPES","isPartOf":{"@id":"https:\/\/cardinal-tapes.com\/#website"},"primaryImageOfPage":{"@id":"https:\/\/cardinal-tapes.com\/pl\/ta\u015bmy-samoprzylepne\/obszary-zastosowan\/aluminiowa-tasma-samoprzylepna\/ca-633-pv1-aluminiowa-tasma-samoprzylepna\/#primaryimage"},"image":{"@id":"https:\/\/cardinal-tapes.com\/pl\/ta\u015bmy-samoprzylepne\/obszary-zastosowan\/aluminiowa-tasma-samoprzylepna\/ca-633-pv1-aluminiowa-tasma-samoprzylepna\/#primaryimage"},"thumbnailUrl":"https:\/\/cardinal-tapes.com\/wp-content\/uploads\/CA_633_retouched.jpg","datePublished":"2023-06-05T15:03:12+00:00","dateModified":"2025-07-02T12:55:12+00:00","description":"CA-633 to czarna, matowa ta\u015bma z czystego aluminium pokryta klejem akrylowym i bia\u0142ym papierem.","breadcrumb":{"@id":"https:\/\/cardinal-tapes.com\/pl\/ta\u015bmy-samoprzylepne\/obszary-zastosowan\/aluminiowa-tasma-samoprzylepna\/ca-633-pv1-aluminiowa-tasma-samoprzylepna\/#breadcrumb"},"inLanguage":"pl-PL","potentialAction":[{"@type":"ReadAction","target":["https:\/\/cardinal-tapes.com\/pl\/ta\u015bmy-samoprzylepne\/obszary-zastosowan\/aluminiowa-tasma-samoprzylepna\/ca-633-pv1-aluminiowa-tasma-samoprzylepna\/"]}]},{"@type":"ImageObject","inLanguage":"pl-PL","@id":"https:\/\/cardinal-tapes.com\/pl\/ta\u015bmy-samoprzylepne\/obszary-zastosowan\/aluminiowa-tasma-samoprzylepna\/ca-633-pv1-aluminiowa-tasma-samoprzylepna\/#primaryimage","url":"https:\/\/cardinal-tapes.com\/wp-content\/uploads\/CA_633_retouched.jpg","contentUrl":"https:\/\/cardinal-tapes.com\/wp-content\/uploads\/CA_633_retouched.jpg","width":1348,"height":1400,"caption":"Ta\u015bma klej\u0105ca CA 633"},{"@type":"BreadcrumbList","@id":"https:\/\/cardinal-tapes.com\/pl\/ta\u015bmy-samoprzylepne\/obszary-zastosowan\/aluminiowa-tasma-samoprzylepna\/ca-633-pv1-aluminiowa-tasma-samoprzylepna\/#breadcrumb","itemListElement":[{"@type":"ListItem","position":1,"name":"Startseite","item":"https:\/\/cardinal-tapes.com\/pl\/strona-glowna\/"},{"@type":"ListItem","position":2,"name":"Ta\u015bmy samoprzylepne","item":"https:\/\/cardinal-tapes.com\/pl\/tasmy-samoprzylepne-pl\/"},{"@type":"ListItem","position":3,"name":"Obszary zastosowa\u0144","item":"https:\/\/cardinal-tapes.com\/pl\/kategoria\/obszary-zastosowan\/"},{"@type":"ListItem","position":4,"name":"Aluminiowa ta\u015bma samoprzylepna","item":"https:\/\/cardinal-tapes.com\/pl\/kategoria\/aluminiowa-tasma-samoprzylepna\/"},{"@type":"ListItem","position":5,"name":"CA-633 PV1 aluminiowa ta\u015bma samoprzylepna"}]},{"@type":"WebSite","@id":"https:\/\/cardinal-tapes.com\/#website","url":"https:\/\/cardinal-tapes.com\/","name":"cardinal TAPES","description":"Klebetechnik aus Wuppertal","potentialAction":[{"@type":"SearchAction","target":{"@type":"EntryPoint","urlTemplate":"https:\/\/cardinal-tapes.com\/?s={search_term_string}"},"query-input":{"@type":"PropertyValueSpecification","valueRequired":true,"valueName":"search_term_string"}}],"inLanguage":"pl-PL"}]}},"brands":[{"id":2173,"name":"cardinal GmbH","slug":"cardinal-gmbh-pl"}],"_links":{"self":[{"href":"https:\/\/cardinal-tapes.com\/pl\/wp-json\/wp\/v2\/product\/46108","targetHints":{"allow":["GET"]}}],"collection":[{"href":"https:\/\/cardinal-tapes.com\/pl\/wp-json\/wp\/v2\/product"}],"about":[{"href":"https:\/\/cardinal-tapes.com\/pl\/wp-json\/wp\/v2\/types\/product"}],"wp:featuredmedia":[{"embeddable":true,"href":"https:\/\/cardinal-tapes.com\/pl\/wp-json\/wp\/v2\/media\/27090"}],"wp:attachment":[{"href":"https:\/\/cardinal-tapes.com\/pl\/wp-json\/wp\/v2\/media?parent=46108"}],"wp:term":[{"taxonomy":"pwb-brand","embeddable":true,"href":"https:\/\/cardinal-tapes.com\/pl\/wp-json\/wp\/v2\/pwb-brand?post=46108"},{"taxonomy":"product_brand","embeddable":true,"href":"https:\/\/cardinal-tapes.com\/pl\/wp-json\/wp\/v2\/product_brand?post=46108"},{"taxonomy":"product_cat","embeddable":true,"href":"https:\/\/cardinal-tapes.com\/pl\/wp-json\/wp\/v2\/product_cat?post=46108"},{"taxonomy":"product_tag","embeddable":true,"href":"https:\/\/cardinal-tapes.com\/pl\/wp-json\/wp\/v2\/product_tag?post=46108"}],"curies":[{"name":"wp","href":"https:\/\/api.w.org\/{rel}","templated":true}]}}