{"id":46016,"date":"2018-05-17T13:37:56","date_gmt":"2023-06-05T15:03:10","guid":{"rendered":"https:\/\/cardinal.pixel-tal.de\/klebebaender\/bez-kategorii\/dozownik-reczny-tesa-6300\/"},"modified":"2023-06-05T17:03:10","modified_gmt":"2023-06-05T15:03:10","slug":"dozownik-reczny-tesa-6300","status":"publish","type":"product","link":"https:\/\/cardinal-tapes.com\/pl\/ta\u015bmy-samoprzylepne\/obszary-zastosowan\/sektor-transportowy\/dozownik-reczny-tesa-6300\/","title":{"rendered":"Dozownik r\u0119czny tesa\u00ae 6300"},"content":{"rendered":"<p>Dozownik r\u0119czny <sup>tesa\u00ae<\/sup> 6300 jest idealny do przenoszenia. Umo\u017cliwia to stosowanie ta\u015bm samoprzylepnych <sup>tesapack\u00ae<\/sup> o szeroko\u015bci do 50 mm.<br \/>\nDozownik <sup>tesa\u00ae<\/sup> 6300 oferuje nast\u0119puj\u0105ce korzy\u015bci w codziennym u\u017cytkowaniu:<\/p>\n<ul>\n<li>R\u0119cznie regulowany hamulec rolkowy<\/li>\n<li>N\u00f3\u017c dwustronny<\/li>\n<li>Pokrowiec na n\u00f3\u017c<\/li>\n<\/ul>\n<p>&nbsp;<\/p>\n","protected":false},"excerpt":{"rendered":"<p>Dozownik r\u0119czny tesa\u00ae 6300 jest idealny do przenoszenia. Umo\u017cliwia to stosowanie ta\u015bm samoprzylepnych tesapack\u00ae o szeroko\u015bci do 50 mm. Dozownik tesa\u00ae 6300 oferuje nast\u0119puj\u0105ce korzy\u015bci w codziennym u\u017cytkowaniu: R\u0119cznie regulowany hamulec rolkowy N\u00f3\u017c dwustronny Pokrowiec na n\u00f3\u017c &nbsp;<\/p>\n","protected":false},"featured_media":27014,"template":"","meta":{"_acf_changed":false},"pwb-brand":[2164],"product_brand":[],"product_cat":[1792,1867],"product_tag":[],"class_list":{"0":"post-46016","1":"product","2":"type-product","3":"status-publish","4":"has-post-thumbnail","6":"pwb-brand-tesa-pl","7":"product_cat-sektor-transportowy","8":"product_cat-systemy-pakowania","10":"first","11":"instock","12":"taxable","13":"shipping-taxable","14":"purchasable","15":"product-type-variable"},"acf":[],"yoast_head":"<!-- This site is optimized with the Yoast SEO plugin v27.3 - https:\/\/yoast.com\/product\/yoast-seo-wordpress\/ -->\n<title>Dozownik r\u0119czny tesa\u00ae 6300 | Ta\u015bmy Cardinal TAPES<\/title>\n<meta name=\"description\" content=\"R\u0119czny dyspenser tesa\u00ae 6300 to standardowe urz\u0105dzenie do przetwarzania ta\u015bm samoprzylepnych tesapack\u00ae o szeroko\u015bci do 50 mm. Wi\u0119cej informacji tutaj.\" \/>\n<meta name=\"robots\" content=\"index, follow, max-snippet:-1, max-image-preview:large, max-video-preview:-1\" \/>\n<link rel=\"canonical\" href=\"https:\/\/cardinal-tapes.com\/pl\/ta\u015bmy-samoprzylepne\/sektor-transportowy\/dozownik-reczny-tesa-6300\/\" \/>\n<meta property=\"og:locale\" content=\"pl_PL\" \/>\n<meta property=\"og:type\" content=\"article\" \/>\n<meta property=\"og:title\" content=\"Dozownik r\u0119czny tesa\u00ae 6300 | Ta\u015bmy Cardinal TAPES\" \/>\n<meta property=\"og:description\" content=\"R\u0119czny dyspenser tesa\u00ae 6300 to standardowe urz\u0105dzenie do przetwarzania ta\u015bm samoprzylepnych tesapack\u00ae o szeroko\u015bci do 50 mm. Wi\u0119cej informacji tutaj.\" \/>\n<meta property=\"og:url\" content=\"https:\/\/cardinal-tapes.com\/pl\/ta\u015bmy-samoprzylepne\/sektor-transportowy\/dozownik-reczny-tesa-6300\/\" \/>\n<meta property=\"og:site_name\" content=\"cardinal TAPES\" \/>\n<meta property=\"og:image\" content=\"https:\/\/cardinal-tapes.com\/wp-content\/uploads\/6300.jpg\" \/>\n\t<meta property=\"og:image:width\" content=\"450\" \/>\n\t<meta property=\"og:image:height\" content=\"450\" \/>\n\t<meta property=\"og:image:type\" content=\"image\/jpeg\" \/>\n<meta name=\"twitter:card\" content=\"summary_large_image\" \/>\n<script type=\"application\/ld+json\" class=\"yoast-schema-graph\">{\"@context\":\"https:\\\/\\\/schema.org\",\"@graph\":[{\"@type\":\"WebPage\",\"@id\":\"https:\\\/\\\/cardinal-tapes.com\\\/pl\\\/ta\u015bmy-samoprzylepne\\\/sektor-transportowy\\\/dozownik-reczny-tesa-6300\\\/\",\"url\":\"https:\\\/\\\/cardinal-tapes.com\\\/pl\\\/ta\u015bmy-samoprzylepne\\\/sektor-transportowy\\\/dozownik-reczny-tesa-6300\\\/\",\"name\":\"Dozownik r\u0119czny tesa\u00ae 6300 | Ta\u015bmy Cardinal TAPES\",\"isPartOf\":{\"@id\":\"https:\\\/\\\/cardinal-tapes.com\\\/#website\"},\"primaryImageOfPage\":{\"@id\":\"https:\\\/\\\/cardinal-tapes.com\\\/pl\\\/ta\u015bmy-samoprzylepne\\\/sektor-transportowy\\\/dozownik-reczny-tesa-6300\\\/#primaryimage\"},\"image\":{\"@id\":\"https:\\\/\\\/cardinal-tapes.com\\\/pl\\\/ta\u015bmy-samoprzylepne\\\/sektor-transportowy\\\/dozownik-reczny-tesa-6300\\\/#primaryimage\"},\"thumbnailUrl\":\"https:\\\/\\\/cardinal-tapes.com\\\/wp-content\\\/uploads\\\/6300.jpg\",\"datePublished\":\"2023-06-05T15:03:10+00:00\",\"description\":\"R\u0119czny dyspenser tesa\u00ae 6300 to standardowe urz\u0105dzenie do przetwarzania ta\u015bm samoprzylepnych tesapack\u00ae o szeroko\u015bci do 50 mm. Wi\u0119cej informacji tutaj.\",\"breadcrumb\":{\"@id\":\"https:\\\/\\\/cardinal-tapes.com\\\/pl\\\/ta\u015bmy-samoprzylepne\\\/sektor-transportowy\\\/dozownik-reczny-tesa-6300\\\/#breadcrumb\"},\"inLanguage\":\"pl-PL\",\"potentialAction\":[{\"@type\":\"ReadAction\",\"target\":[\"https:\\\/\\\/cardinal-tapes.com\\\/pl\\\/ta\u015bmy-samoprzylepne\\\/sektor-transportowy\\\/dozownik-reczny-tesa-6300\\\/\"]}]},{\"@type\":\"ImageObject\",\"inLanguage\":\"pl-PL\",\"@id\":\"https:\\\/\\\/cardinal-tapes.com\\\/pl\\\/ta\u015bmy-samoprzylepne\\\/sektor-transportowy\\\/dozownik-reczny-tesa-6300\\\/#primaryimage\",\"url\":\"https:\\\/\\\/cardinal-tapes.com\\\/wp-content\\\/uploads\\\/6300.jpg\",\"contentUrl\":\"https:\\\/\\\/cardinal-tapes.com\\\/wp-content\\\/uploads\\\/6300.jpg\",\"width\":450,\"height\":450,\"caption\":\"tesa 6300\"},{\"@type\":\"BreadcrumbList\",\"@id\":\"https:\\\/\\\/cardinal-tapes.com\\\/pl\\\/ta\u015bmy-samoprzylepne\\\/sektor-transportowy\\\/dozownik-reczny-tesa-6300\\\/#breadcrumb\",\"itemListElement\":[{\"@type\":\"ListItem\",\"position\":1,\"name\":\"Startseite\",\"item\":\"https:\\\/\\\/cardinal-tapes.com\\\/pl\\\/strona-glowna\\\/\"},{\"@type\":\"ListItem\",\"position\":2,\"name\":\"Ta\u015bmy samoprzylepne\",\"item\":\"https:\\\/\\\/cardinal-tapes.com\\\/pl\\\/tasmy-samoprzylepne-pl\\\/\"},{\"@type\":\"ListItem\",\"position\":3,\"name\":\"Sektor transportowy\",\"item\":\"https:\\\/\\\/cardinal-tapes.com\\\/pl\\\/kategoria\\\/sektor-transportowy\\\/\"},{\"@type\":\"ListItem\",\"position\":4,\"name\":\"Dozownik r\u0119czny tesa\u00ae 6300\"}]},{\"@type\":\"WebSite\",\"@id\":\"https:\\\/\\\/cardinal-tapes.com\\\/#website\",\"url\":\"https:\\\/\\\/cardinal-tapes.com\\\/\",\"name\":\"cardinal TAPES\",\"description\":\"Klebetechnik aus Wuppertal\",\"potentialAction\":[{\"@type\":\"SearchAction\",\"target\":{\"@type\":\"EntryPoint\",\"urlTemplate\":\"https:\\\/\\\/cardinal-tapes.com\\\/?s={search_term_string}\"},\"query-input\":{\"@type\":\"PropertyValueSpecification\",\"valueRequired\":true,\"valueName\":\"search_term_string\"}}],\"inLanguage\":\"pl-PL\"}]}<\/script>\n<!-- \/ Yoast SEO plugin. -->","yoast_head_json":{"title":"Dozownik r\u0119czny tesa\u00ae 6300 | Ta\u015bmy Cardinal TAPES","description":"R\u0119czny dyspenser tesa\u00ae 6300 to standardowe urz\u0105dzenie do przetwarzania ta\u015bm samoprzylepnych tesapack\u00ae o szeroko\u015bci do 50 mm. Wi\u0119cej informacji tutaj.","robots":{"index":"index","follow":"follow","max-snippet":"max-snippet:-1","max-image-preview":"max-image-preview:large","max-video-preview":"max-video-preview:-1"},"canonical":"https:\/\/cardinal-tapes.com\/pl\/ta\u015bmy-samoprzylepne\/sektor-transportowy\/dozownik-reczny-tesa-6300\/","og_locale":"pl_PL","og_type":"article","og_title":"Dozownik r\u0119czny tesa\u00ae 6300 | Ta\u015bmy Cardinal TAPES","og_description":"R\u0119czny dyspenser tesa\u00ae 6300 to standardowe urz\u0105dzenie do przetwarzania ta\u015bm samoprzylepnych tesapack\u00ae o szeroko\u015bci do 50 mm. Wi\u0119cej informacji tutaj.","og_url":"https:\/\/cardinal-tapes.com\/pl\/ta\u015bmy-samoprzylepne\/sektor-transportowy\/dozownik-reczny-tesa-6300\/","og_site_name":"cardinal TAPES","og_image":[{"width":450,"height":450,"url":"https:\/\/cardinal-tapes.com\/wp-content\/uploads\/6300.jpg","type":"image\/jpeg"}],"twitter_card":"summary_large_image","schema":{"@context":"https:\/\/schema.org","@graph":[{"@type":"WebPage","@id":"https:\/\/cardinal-tapes.com\/pl\/ta\u015bmy-samoprzylepne\/sektor-transportowy\/dozownik-reczny-tesa-6300\/","url":"https:\/\/cardinal-tapes.com\/pl\/ta\u015bmy-samoprzylepne\/sektor-transportowy\/dozownik-reczny-tesa-6300\/","name":"Dozownik r\u0119czny tesa\u00ae 6300 | Ta\u015bmy Cardinal TAPES","isPartOf":{"@id":"https:\/\/cardinal-tapes.com\/#website"},"primaryImageOfPage":{"@id":"https:\/\/cardinal-tapes.com\/pl\/ta\u015bmy-samoprzylepne\/sektor-transportowy\/dozownik-reczny-tesa-6300\/#primaryimage"},"image":{"@id":"https:\/\/cardinal-tapes.com\/pl\/ta\u015bmy-samoprzylepne\/sektor-transportowy\/dozownik-reczny-tesa-6300\/#primaryimage"},"thumbnailUrl":"https:\/\/cardinal-tapes.com\/wp-content\/uploads\/6300.jpg","datePublished":"2023-06-05T15:03:10+00:00","description":"R\u0119czny dyspenser tesa\u00ae 6300 to standardowe urz\u0105dzenie do przetwarzania ta\u015bm samoprzylepnych tesapack\u00ae o szeroko\u015bci do 50 mm. Wi\u0119cej informacji tutaj.","breadcrumb":{"@id":"https:\/\/cardinal-tapes.com\/pl\/ta\u015bmy-samoprzylepne\/sektor-transportowy\/dozownik-reczny-tesa-6300\/#breadcrumb"},"inLanguage":"pl-PL","potentialAction":[{"@type":"ReadAction","target":["https:\/\/cardinal-tapes.com\/pl\/ta\u015bmy-samoprzylepne\/sektor-transportowy\/dozownik-reczny-tesa-6300\/"]}]},{"@type":"ImageObject","inLanguage":"pl-PL","@id":"https:\/\/cardinal-tapes.com\/pl\/ta\u015bmy-samoprzylepne\/sektor-transportowy\/dozownik-reczny-tesa-6300\/#primaryimage","url":"https:\/\/cardinal-tapes.com\/wp-content\/uploads\/6300.jpg","contentUrl":"https:\/\/cardinal-tapes.com\/wp-content\/uploads\/6300.jpg","width":450,"height":450,"caption":"tesa 6300"},{"@type":"BreadcrumbList","@id":"https:\/\/cardinal-tapes.com\/pl\/ta\u015bmy-samoprzylepne\/sektor-transportowy\/dozownik-reczny-tesa-6300\/#breadcrumb","itemListElement":[{"@type":"ListItem","position":1,"name":"Startseite","item":"https:\/\/cardinal-tapes.com\/pl\/strona-glowna\/"},{"@type":"ListItem","position":2,"name":"Ta\u015bmy samoprzylepne","item":"https:\/\/cardinal-tapes.com\/pl\/tasmy-samoprzylepne-pl\/"},{"@type":"ListItem","position":3,"name":"Sektor transportowy","item":"https:\/\/cardinal-tapes.com\/pl\/kategoria\/sektor-transportowy\/"},{"@type":"ListItem","position":4,"name":"Dozownik r\u0119czny tesa\u00ae 6300"}]},{"@type":"WebSite","@id":"https:\/\/cardinal-tapes.com\/#website","url":"https:\/\/cardinal-tapes.com\/","name":"cardinal TAPES","description":"Klebetechnik aus Wuppertal","potentialAction":[{"@type":"SearchAction","target":{"@type":"EntryPoint","urlTemplate":"https:\/\/cardinal-tapes.com\/?s={search_term_string}"},"query-input":{"@type":"PropertyValueSpecification","valueRequired":true,"valueName":"search_term_string"}}],"inLanguage":"pl-PL"}]}},"brands":[{"id":2164,"name":"tesa","slug":"tesa-pl"}],"_links":{"self":[{"href":"https:\/\/cardinal-tapes.com\/pl\/wp-json\/wp\/v2\/product\/46016","targetHints":{"allow":["GET"]}}],"collection":[{"href":"https:\/\/cardinal-tapes.com\/pl\/wp-json\/wp\/v2\/product"}],"about":[{"href":"https:\/\/cardinal-tapes.com\/pl\/wp-json\/wp\/v2\/types\/product"}],"wp:featuredmedia":[{"embeddable":true,"href":"https:\/\/cardinal-tapes.com\/pl\/wp-json\/wp\/v2\/media\/27014"}],"wp:attachment":[{"href":"https:\/\/cardinal-tapes.com\/pl\/wp-json\/wp\/v2\/media?parent=46016"}],"wp:term":[{"taxonomy":"pwb-brand","embeddable":true,"href":"https:\/\/cardinal-tapes.com\/pl\/wp-json\/wp\/v2\/pwb-brand?post=46016"},{"taxonomy":"product_brand","embeddable":true,"href":"https:\/\/cardinal-tapes.com\/pl\/wp-json\/wp\/v2\/product_brand?post=46016"},{"taxonomy":"product_cat","embeddable":true,"href":"https:\/\/cardinal-tapes.com\/pl\/wp-json\/wp\/v2\/product_cat?post=46016"},{"taxonomy":"product_tag","embeddable":true,"href":"https:\/\/cardinal-tapes.com\/pl\/wp-json\/wp\/v2\/product_tag?post=46016"}],"curies":[{"name":"wp","href":"https:\/\/api.w.org\/{rel}","templated":true}]}}