{"id":46008,"date":"2018-05-17T09:58:19","date_gmt":"2023-06-05T15:03:09","guid":{"rendered":"https:\/\/cardinal.pixel-tal.de\/klebebaender\/bez-kategorii\/ca-3071-odwijacz-do-tasmy-do-znakowania-podlog\/"},"modified":"2023-06-05T17:03:09","modified_gmt":"2023-06-05T15:03:09","slug":"ca-3071-unroller-floor-marking-tape","status":"publish","type":"product","link":"https:\/\/cardinal-tapes.com\/pl\/ta\u015bmy-samoprzylepne\/obszary-zastosowan\/tasma-do-znakowania-podlog\/ca-3071-unroller-floor-marking-tape\/","title":{"rendered":"CA-3071 Odwijacz do ta\u015bmy do znakowania pod\u0142\u00f3g"},"content":{"rendered":"<p>CA-3071 to dyspenser ta\u015bmy do znakowania pod\u0142\u00f3g z wbudowanym no\u017cem.<\/p>\n<p>Dozownik umo\u017cliwia \u0142atw\u0105 i wygodn\u0105 aplikacj\u0119 ta\u015bm do znakowania pod\u0142\u00f3g.<\/p>\n","protected":false},"excerpt":{"rendered":"<p>CA-3071 to dyspenser ta\u015bmy do znakowania pod\u0142\u00f3g z wbudowanym no\u017cem. Dozownik umo\u017cliwia \u0142atw\u0105 i wygodn\u0105 aplikacj\u0119 ta\u015bm do znakowania pod\u0142\u00f3g.<\/p>\n","protected":false},"featured_media":26994,"template":"","meta":{"_acf_changed":false},"pwb-brand":[2173],"product_brand":[],"product_cat":[1691,1816,1867],"product_tag":[],"class_list":{"0":"post-46008","1":"product","2":"type-product","3":"status-publish","4":"has-post-thumbnail","6":"pwb-brand-cardinal-gmbh-pl","7":"product_cat-tasma-do-znakowania-podlog","8":"product_cat-jednostronne-tasmy-samoprzylepne","9":"product_cat-systemy-pakowania","11":"first","12":"instock","13":"taxable","14":"shipping-taxable","15":"purchasable","16":"product-type-simple"},"acf":[],"yoast_head":"<!-- This site is optimized with the Yoast SEO plugin v27.3 - https:\/\/yoast.com\/product\/yoast-seo-wordpress\/ -->\n<title>CA-3071 Odwijacz do ta\u015bmy do znakowania pod\u0142\u00f3g | Cardinal TAPES<\/title>\n<meta name=\"description\" content=\"CA-3071 to dyspenser ta\u015bmy do znakowania pod\u0142\u00f3g z wbudowanym no\u017cem. Wi\u0119cej informacji na temat urz\u0105dzenia roll-off mo\u017cna znale\u017a\u0107 tutaj.\" \/>\n<meta name=\"robots\" content=\"index, follow, max-snippet:-1, max-image-preview:large, max-video-preview:-1\" \/>\n<link rel=\"canonical\" href=\"https:\/\/cardinal-tapes.com\/pl\/ta\u015bmy-samoprzylepne\/tasma-do-znakowania-podlog\/ca-3071-unroller-floor-marking-tape\/\" \/>\n<meta property=\"og:locale\" content=\"pl_PL\" \/>\n<meta property=\"og:type\" content=\"article\" \/>\n<meta property=\"og:title\" content=\"CA-3071 Odwijacz do ta\u015bmy do znakowania pod\u0142\u00f3g | Cardinal TAPES\" \/>\n<meta property=\"og:description\" content=\"CA-3071 to dyspenser ta\u015bmy do znakowania pod\u0142\u00f3g z wbudowanym no\u017cem. Wi\u0119cej informacji na temat urz\u0105dzenia roll-off mo\u017cna znale\u017a\u0107 tutaj.\" \/>\n<meta property=\"og:url\" content=\"https:\/\/cardinal-tapes.com\/pl\/ta\u015bmy-samoprzylepne\/tasma-do-znakowania-podlog\/ca-3071-unroller-floor-marking-tape\/\" \/>\n<meta property=\"og:site_name\" content=\"cardinal TAPES\" \/>\n<meta property=\"og:image\" content=\"https:\/\/cardinal-tapes.com\/wp-content\/uploads\/Bild-2-Verarbeitsger\u00e4t-Bodenmarkierung.jpg\" \/>\n\t<meta property=\"og:image:width\" content=\"1722\" \/>\n\t<meta property=\"og:image:height\" content=\"1722\" \/>\n\t<meta property=\"og:image:type\" content=\"image\/jpeg\" \/>\n<meta name=\"twitter:card\" content=\"summary_large_image\" \/>\n<script type=\"application\/ld+json\" class=\"yoast-schema-graph\">{\"@context\":\"https:\\\/\\\/schema.org\",\"@graph\":[{\"@type\":\"WebPage\",\"@id\":\"https:\\\/\\\/cardinal-tapes.com\\\/pl\\\/ta\u015bmy-samoprzylepne\\\/tasma-do-znakowania-podlog\\\/ca-3071-unroller-floor-marking-tape\\\/\",\"url\":\"https:\\\/\\\/cardinal-tapes.com\\\/pl\\\/ta\u015bmy-samoprzylepne\\\/tasma-do-znakowania-podlog\\\/ca-3071-unroller-floor-marking-tape\\\/\",\"name\":\"CA-3071 Odwijacz do ta\u015bmy do znakowania pod\u0142\u00f3g | Cardinal TAPES\",\"isPartOf\":{\"@id\":\"https:\\\/\\\/cardinal-tapes.com\\\/#website\"},\"primaryImageOfPage\":{\"@id\":\"https:\\\/\\\/cardinal-tapes.com\\\/pl\\\/ta\u015bmy-samoprzylepne\\\/tasma-do-znakowania-podlog\\\/ca-3071-unroller-floor-marking-tape\\\/#primaryimage\"},\"image\":{\"@id\":\"https:\\\/\\\/cardinal-tapes.com\\\/pl\\\/ta\u015bmy-samoprzylepne\\\/tasma-do-znakowania-podlog\\\/ca-3071-unroller-floor-marking-tape\\\/#primaryimage\"},\"thumbnailUrl\":\"https:\\\/\\\/cardinal-tapes.com\\\/wp-content\\\/uploads\\\/Bild-2-Verarbeitsger\u00e4t-Bodenmarkierung.jpg\",\"datePublished\":\"2023-06-05T15:03:09+00:00\",\"description\":\"CA-3071 to dyspenser ta\u015bmy do znakowania pod\u0142\u00f3g z wbudowanym no\u017cem. Wi\u0119cej informacji na temat urz\u0105dzenia roll-off mo\u017cna znale\u017a\u0107 tutaj.\",\"breadcrumb\":{\"@id\":\"https:\\\/\\\/cardinal-tapes.com\\\/pl\\\/ta\u015bmy-samoprzylepne\\\/tasma-do-znakowania-podlog\\\/ca-3071-unroller-floor-marking-tape\\\/#breadcrumb\"},\"inLanguage\":\"pl-PL\",\"potentialAction\":[{\"@type\":\"ReadAction\",\"target\":[\"https:\\\/\\\/cardinal-tapes.com\\\/pl\\\/ta\u015bmy-samoprzylepne\\\/tasma-do-znakowania-podlog\\\/ca-3071-unroller-floor-marking-tape\\\/\"]}]},{\"@type\":\"ImageObject\",\"inLanguage\":\"pl-PL\",\"@id\":\"https:\\\/\\\/cardinal-tapes.com\\\/pl\\\/ta\u015bmy-samoprzylepne\\\/tasma-do-znakowania-podlog\\\/ca-3071-unroller-floor-marking-tape\\\/#primaryimage\",\"url\":\"https:\\\/\\\/cardinal-tapes.com\\\/wp-content\\\/uploads\\\/Bild-2-Verarbeitsger\u00e4t-Bodenmarkierung.jpg\",\"contentUrl\":\"https:\\\/\\\/cardinal-tapes.com\\\/wp-content\\\/uploads\\\/Bild-2-Verarbeitsger\u00e4t-Bodenmarkierung.jpg\",\"width\":1722,\"height\":1722,\"caption\":\"Zastosuj oznakowanie pod\u0142ogi\"},{\"@type\":\"BreadcrumbList\",\"@id\":\"https:\\\/\\\/cardinal-tapes.com\\\/pl\\\/ta\u015bmy-samoprzylepne\\\/tasma-do-znakowania-podlog\\\/ca-3071-unroller-floor-marking-tape\\\/#breadcrumb\",\"itemListElement\":[{\"@type\":\"ListItem\",\"position\":1,\"name\":\"Startseite\",\"item\":\"https:\\\/\\\/cardinal-tapes.com\\\/pl\\\/strona-glowna\\\/\"},{\"@type\":\"ListItem\",\"position\":2,\"name\":\"Ta\u015bmy samoprzylepne\",\"item\":\"https:\\\/\\\/cardinal-tapes.com\\\/pl\\\/tasmy-samoprzylepne-pl\\\/\"},{\"@type\":\"ListItem\",\"position\":3,\"name\":\"Ta\u015bma do znakowania pod\u0142\u00f3g\",\"item\":\"https:\\\/\\\/cardinal-tapes.com\\\/pl\\\/kategoria\\\/tasma-do-znakowania-podlog\\\/\"},{\"@type\":\"ListItem\",\"position\":4,\"name\":\"CA-3071 Odwijacz do ta\u015bmy do znakowania pod\u0142\u00f3g\"}]},{\"@type\":\"WebSite\",\"@id\":\"https:\\\/\\\/cardinal-tapes.com\\\/#website\",\"url\":\"https:\\\/\\\/cardinal-tapes.com\\\/\",\"name\":\"cardinal TAPES\",\"description\":\"Klebetechnik aus Wuppertal\",\"potentialAction\":[{\"@type\":\"SearchAction\",\"target\":{\"@type\":\"EntryPoint\",\"urlTemplate\":\"https:\\\/\\\/cardinal-tapes.com\\\/?s={search_term_string}\"},\"query-input\":{\"@type\":\"PropertyValueSpecification\",\"valueRequired\":true,\"valueName\":\"search_term_string\"}}],\"inLanguage\":\"pl-PL\"}]}<\/script>\n<!-- \/ Yoast SEO plugin. -->","yoast_head_json":{"title":"CA-3071 Odwijacz do ta\u015bmy do znakowania pod\u0142\u00f3g | Cardinal TAPES","description":"CA-3071 to dyspenser ta\u015bmy do znakowania pod\u0142\u00f3g z wbudowanym no\u017cem. Wi\u0119cej informacji na temat urz\u0105dzenia roll-off mo\u017cna znale\u017a\u0107 tutaj.","robots":{"index":"index","follow":"follow","max-snippet":"max-snippet:-1","max-image-preview":"max-image-preview:large","max-video-preview":"max-video-preview:-1"},"canonical":"https:\/\/cardinal-tapes.com\/pl\/ta\u015bmy-samoprzylepne\/tasma-do-znakowania-podlog\/ca-3071-unroller-floor-marking-tape\/","og_locale":"pl_PL","og_type":"article","og_title":"CA-3071 Odwijacz do ta\u015bmy do znakowania pod\u0142\u00f3g | Cardinal TAPES","og_description":"CA-3071 to dyspenser ta\u015bmy do znakowania pod\u0142\u00f3g z wbudowanym no\u017cem. Wi\u0119cej informacji na temat urz\u0105dzenia roll-off mo\u017cna znale\u017a\u0107 tutaj.","og_url":"https:\/\/cardinal-tapes.com\/pl\/ta\u015bmy-samoprzylepne\/tasma-do-znakowania-podlog\/ca-3071-unroller-floor-marking-tape\/","og_site_name":"cardinal TAPES","og_image":[{"width":1722,"height":1722,"url":"https:\/\/cardinal-tapes.com\/wp-content\/uploads\/Bild-2-Verarbeitsger\u00e4t-Bodenmarkierung.jpg","type":"image\/jpeg"}],"twitter_card":"summary_large_image","schema":{"@context":"https:\/\/schema.org","@graph":[{"@type":"WebPage","@id":"https:\/\/cardinal-tapes.com\/pl\/ta\u015bmy-samoprzylepne\/tasma-do-znakowania-podlog\/ca-3071-unroller-floor-marking-tape\/","url":"https:\/\/cardinal-tapes.com\/pl\/ta\u015bmy-samoprzylepne\/tasma-do-znakowania-podlog\/ca-3071-unroller-floor-marking-tape\/","name":"CA-3071 Odwijacz do ta\u015bmy do znakowania pod\u0142\u00f3g | Cardinal TAPES","isPartOf":{"@id":"https:\/\/cardinal-tapes.com\/#website"},"primaryImageOfPage":{"@id":"https:\/\/cardinal-tapes.com\/pl\/ta\u015bmy-samoprzylepne\/tasma-do-znakowania-podlog\/ca-3071-unroller-floor-marking-tape\/#primaryimage"},"image":{"@id":"https:\/\/cardinal-tapes.com\/pl\/ta\u015bmy-samoprzylepne\/tasma-do-znakowania-podlog\/ca-3071-unroller-floor-marking-tape\/#primaryimage"},"thumbnailUrl":"https:\/\/cardinal-tapes.com\/wp-content\/uploads\/Bild-2-Verarbeitsger\u00e4t-Bodenmarkierung.jpg","datePublished":"2023-06-05T15:03:09+00:00","description":"CA-3071 to dyspenser ta\u015bmy do znakowania pod\u0142\u00f3g z wbudowanym no\u017cem. Wi\u0119cej informacji na temat urz\u0105dzenia roll-off mo\u017cna znale\u017a\u0107 tutaj.","breadcrumb":{"@id":"https:\/\/cardinal-tapes.com\/pl\/ta\u015bmy-samoprzylepne\/tasma-do-znakowania-podlog\/ca-3071-unroller-floor-marking-tape\/#breadcrumb"},"inLanguage":"pl-PL","potentialAction":[{"@type":"ReadAction","target":["https:\/\/cardinal-tapes.com\/pl\/ta\u015bmy-samoprzylepne\/tasma-do-znakowania-podlog\/ca-3071-unroller-floor-marking-tape\/"]}]},{"@type":"ImageObject","inLanguage":"pl-PL","@id":"https:\/\/cardinal-tapes.com\/pl\/ta\u015bmy-samoprzylepne\/tasma-do-znakowania-podlog\/ca-3071-unroller-floor-marking-tape\/#primaryimage","url":"https:\/\/cardinal-tapes.com\/wp-content\/uploads\/Bild-2-Verarbeitsger\u00e4t-Bodenmarkierung.jpg","contentUrl":"https:\/\/cardinal-tapes.com\/wp-content\/uploads\/Bild-2-Verarbeitsger\u00e4t-Bodenmarkierung.jpg","width":1722,"height":1722,"caption":"Zastosuj oznakowanie pod\u0142ogi"},{"@type":"BreadcrumbList","@id":"https:\/\/cardinal-tapes.com\/pl\/ta\u015bmy-samoprzylepne\/tasma-do-znakowania-podlog\/ca-3071-unroller-floor-marking-tape\/#breadcrumb","itemListElement":[{"@type":"ListItem","position":1,"name":"Startseite","item":"https:\/\/cardinal-tapes.com\/pl\/strona-glowna\/"},{"@type":"ListItem","position":2,"name":"Ta\u015bmy samoprzylepne","item":"https:\/\/cardinal-tapes.com\/pl\/tasmy-samoprzylepne-pl\/"},{"@type":"ListItem","position":3,"name":"Ta\u015bma do znakowania pod\u0142\u00f3g","item":"https:\/\/cardinal-tapes.com\/pl\/kategoria\/tasma-do-znakowania-podlog\/"},{"@type":"ListItem","position":4,"name":"CA-3071 Odwijacz do ta\u015bmy do znakowania pod\u0142\u00f3g"}]},{"@type":"WebSite","@id":"https:\/\/cardinal-tapes.com\/#website","url":"https:\/\/cardinal-tapes.com\/","name":"cardinal TAPES","description":"Klebetechnik aus Wuppertal","potentialAction":[{"@type":"SearchAction","target":{"@type":"EntryPoint","urlTemplate":"https:\/\/cardinal-tapes.com\/?s={search_term_string}"},"query-input":{"@type":"PropertyValueSpecification","valueRequired":true,"valueName":"search_term_string"}}],"inLanguage":"pl-PL"}]}},"brands":[{"id":2173,"name":"cardinal GmbH","slug":"cardinal-gmbh-pl"}],"_links":{"self":[{"href":"https:\/\/cardinal-tapes.com\/pl\/wp-json\/wp\/v2\/product\/46008","targetHints":{"allow":["GET"]}}],"collection":[{"href":"https:\/\/cardinal-tapes.com\/pl\/wp-json\/wp\/v2\/product"}],"about":[{"href":"https:\/\/cardinal-tapes.com\/pl\/wp-json\/wp\/v2\/types\/product"}],"wp:featuredmedia":[{"embeddable":true,"href":"https:\/\/cardinal-tapes.com\/pl\/wp-json\/wp\/v2\/media\/26994"}],"wp:attachment":[{"href":"https:\/\/cardinal-tapes.com\/pl\/wp-json\/wp\/v2\/media?parent=46008"}],"wp:term":[{"taxonomy":"pwb-brand","embeddable":true,"href":"https:\/\/cardinal-tapes.com\/pl\/wp-json\/wp\/v2\/pwb-brand?post=46008"},{"taxonomy":"product_brand","embeddable":true,"href":"https:\/\/cardinal-tapes.com\/pl\/wp-json\/wp\/v2\/product_brand?post=46008"},{"taxonomy":"product_cat","embeddable":true,"href":"https:\/\/cardinal-tapes.com\/pl\/wp-json\/wp\/v2\/product_cat?post=46008"},{"taxonomy":"product_tag","embeddable":true,"href":"https:\/\/cardinal-tapes.com\/pl\/wp-json\/wp\/v2\/product_tag?post=46008"}],"curies":[{"name":"wp","href":"https:\/\/api.w.org\/{rel}","templated":true}]}}