{"id":45991,"date":"2018-05-17T13:52:13","date_gmt":"2023-06-05T15:03:09","guid":{"rendered":"https:\/\/cardinal.pixel-tal.de\/klebebaender\/bez-kategorii\/w-pelni-automatyczny-dyspenser-stolowy-tesa-6068\/"},"modified":"2023-06-05T17:03:09","modified_gmt":"2023-06-05T15:03:09","slug":"tesa-6068","status":"publish","type":"product","link":"https:\/\/cardinal-tapes.com\/pl\/ta\u015bmy-samoprzylepne\/tasmy-dwustronnie-klejace\/tesa-6068\/","title":{"rendered":"W pe\u0142ni automatyczny dyspenser sto\u0142owy tesa\u00ae 6068"},"content":{"rendered":"<p><sup>tesa\u00ae<\/sup> 6068 to w pe\u0142ni automatyczny dyspenser sto\u0142owy odpowiedni do przetwarzania tkanin, w\u0142\u00f3kien i ta\u015bm spinaj\u0105cych <sup>tesa\u00ae<\/sup>. R\u00f3wnie\u017c dwustronne ta\u015bmy samoprzylepne <sup>tesa\u00ae<\/sup> do maks. Grubo\u015b\u0107 1,5 mm (\u0142\u0105cznie z pokryw\u0105) mo\u017ce by\u0107 podana.<\/p>\n<p><strong>Cechy<br \/>\n<\/strong>&#8211; Wytrzyma\u0142a metalowa obudowa<br \/>\n&#8211; Regulowana d\u0142ugo\u015b\u0107 cewki od 5 mm do 999 mm<br \/>\n&#8211; Sterowanie czujnikiem dla automatycznego procesu dozowania<br \/>\n&#8211; Bez uchwytu rdzenia, nadaje si\u0119 do przetwarzania r\u00f3\u017cnych \u015brednic rolek<br \/>\n&#8211; Mocny silnik<br \/>\n&#8211; Zintegrowany mechanizm bezpiecze\u0144stwa, maszyna zatrzymuje si\u0119 automatycznie w przypadku nieprawid\u0142owego podawania.<br \/>\n&#8211; Funkcja pami\u0119ci, ostatnie ustawienie jest zapisywane po wy\u0142\u0105czeniu urz\u0105dzenia<br \/>\n&#8211; Cyfrowy wy\u015bwietlacz, programowalne i zapisywane d\u0142ugo\u015bci ta\u015bmy oraz licznik poci\u0119tych element\u00f3w<br \/>\n&#8211; (W przypadku wydawania dwustronnych ta\u015bm samoprzylepnych pokryw\u0119 nale\u017cy zdj\u0105\u0107 r\u0119cznie).<\/p>\n<p><strong>Zastosowania<\/strong><br \/>\n&#8211; Przetwarzanie tkanin <sup>tesa\u00ae<\/sup>, filament\u00f3w i ta\u015bm spinaj\u0105cych o szeroko\u015bci 6-50 mm i maks. \u015arednica rolki 300 mm<br \/>\n&#8211; Dwustronne ta\u015bmy samoprzylepne <sup>tesa\u00ae<\/sup> mo\u017cna stosowa\u0107 do maks. grubo\u015b\u0107 ok. 1,5 mm.<\/p>\n<p>&nbsp;<\/p>\n","protected":false},"excerpt":{"rendered":"<p>tesa\u00ae 6068 to w pe\u0142ni automatyczny dyspenser sto\u0142owy odpowiedni do przetwarzania tkanin, w\u0142\u00f3kien i ta\u015bm spinaj\u0105cych tesa\u00ae. R\u00f3wnie\u017c dwustronne ta\u015bmy samoprzylepne tesa\u00ae do maks. Grubo\u015b\u0107 1,5 mm (\u0142\u0105cznie z pokryw\u0105) mo\u017ce by\u0107 podana. Cechy &#8211; Wytrzyma\u0142a metalowa obudowa &#8211; Regulowana d\u0142ugo\u015b\u0107 cewki od 5 mm do 999 mm &#8211; Sterowanie czujnikiem dla automatycznego procesu dozowania [&hellip;]<\/p>\n","protected":false},"featured_media":27010,"template":"","meta":{"_acf_changed":false},"pwb-brand":[2164],"product_brand":[],"product_cat":[1814,1816,1867],"product_tag":[],"class_list":{"0":"post-45991","1":"product","2":"type-product","3":"status-publish","4":"has-post-thumbnail","6":"pwb-brand-tesa-pl","7":"product_cat-tasmy-dwustronnie-klejace","8":"product_cat-jednostronne-tasmy-samoprzylepne","9":"product_cat-systemy-pakowania","11":"first","12":"instock","13":"taxable","14":"shipping-taxable","15":"purchasable","16":"product-type-simple"},"acf":[],"yoast_head":"<!-- This site is optimized with the Yoast SEO plugin v27.3 - https:\/\/yoast.com\/product\/yoast-seo-wordpress\/ -->\n<title>W pe\u0142ni automatyczny dyspenser sto\u0142owy tesa\u00ae 6068 | Cardinal TAPES<\/title>\n<meta name=\"description\" content=\"Dertesa\u00ae 6068 to w pe\u0142ni automatyczny dyspenser sto\u0142owy odpowiedni do przetwarzania tkanin, w\u0142\u00f3kien i ta\u015bm spinaj\u0105cych tesa.\" \/>\n<meta name=\"robots\" content=\"index, follow, max-snippet:-1, max-image-preview:large, max-video-preview:-1\" \/>\n<link rel=\"canonical\" href=\"https:\/\/cardinal-tapes.com\/pl\/ta\u015bmy-samoprzylepne\/tasmy-dwustronnie-klejace\/tesa-6068\/\" \/>\n<meta property=\"og:locale\" content=\"pl_PL\" \/>\n<meta property=\"og:type\" content=\"article\" \/>\n<meta property=\"og:title\" content=\"W pe\u0142ni automatyczny dyspenser sto\u0142owy tesa\u00ae 6068 | Cardinal TAPES\" \/>\n<meta property=\"og:description\" content=\"Dertesa\u00ae 6068 to w pe\u0142ni automatyczny dyspenser sto\u0142owy odpowiedni do przetwarzania tkanin, w\u0142\u00f3kien i ta\u015bm spinaj\u0105cych tesa.\" \/>\n<meta property=\"og:url\" content=\"https:\/\/cardinal-tapes.com\/pl\/ta\u015bmy-samoprzylepne\/tasmy-dwustronnie-klejace\/tesa-6068\/\" \/>\n<meta property=\"og:site_name\" content=\"cardinal TAPES\" \/>\n<meta property=\"og:image\" content=\"https:\/\/cardinal-tapes.com\/wp-content\/uploads\/tesa-06068-pr-001172707_canvas1x1_6.jpg\" \/>\n\t<meta property=\"og:image:width\" content=\"640\" \/>\n\t<meta property=\"og:image:height\" content=\"621\" \/>\n\t<meta property=\"og:image:type\" content=\"image\/jpeg\" \/>\n<meta name=\"twitter:card\" content=\"summary_large_image\" \/>\n<meta name=\"twitter:label1\" content=\"Szacowany czas czytania\" \/>\n\t<meta name=\"twitter:data1\" content=\"1 minuta\" \/>\n<script type=\"application\/ld+json\" class=\"yoast-schema-graph\">{\"@context\":\"https:\\\/\\\/schema.org\",\"@graph\":[{\"@type\":\"WebPage\",\"@id\":\"https:\\\/\\\/cardinal-tapes.com\\\/pl\\\/ta\u015bmy-samoprzylepne\\\/tasmy-dwustronnie-klejace\\\/tesa-6068\\\/\",\"url\":\"https:\\\/\\\/cardinal-tapes.com\\\/pl\\\/ta\u015bmy-samoprzylepne\\\/tasmy-dwustronnie-klejace\\\/tesa-6068\\\/\",\"name\":\"W pe\u0142ni automatyczny dyspenser sto\u0142owy tesa\u00ae 6068 | Cardinal TAPES\",\"isPartOf\":{\"@id\":\"https:\\\/\\\/cardinal-tapes.com\\\/#website\"},\"primaryImageOfPage\":{\"@id\":\"https:\\\/\\\/cardinal-tapes.com\\\/pl\\\/ta\u015bmy-samoprzylepne\\\/tasmy-dwustronnie-klejace\\\/tesa-6068\\\/#primaryimage\"},\"image\":{\"@id\":\"https:\\\/\\\/cardinal-tapes.com\\\/pl\\\/ta\u015bmy-samoprzylepne\\\/tasmy-dwustronnie-klejace\\\/tesa-6068\\\/#primaryimage\"},\"thumbnailUrl\":\"https:\\\/\\\/cardinal-tapes.com\\\/wp-content\\\/uploads\\\/tesa-06068-pr-001172707_canvas1x1_6.jpg\",\"datePublished\":\"2023-06-05T15:03:09+00:00\",\"description\":\"Dertesa\u00ae 6068 to w pe\u0142ni automatyczny dyspenser sto\u0142owy odpowiedni do przetwarzania tkanin, w\u0142\u00f3kien i ta\u015bm spinaj\u0105cych tesa.\",\"breadcrumb\":{\"@id\":\"https:\\\/\\\/cardinal-tapes.com\\\/pl\\\/ta\u015bmy-samoprzylepne\\\/tasmy-dwustronnie-klejace\\\/tesa-6068\\\/#breadcrumb\"},\"inLanguage\":\"pl-PL\",\"potentialAction\":[{\"@type\":\"ReadAction\",\"target\":[\"https:\\\/\\\/cardinal-tapes.com\\\/pl\\\/ta\u015bmy-samoprzylepne\\\/tasmy-dwustronnie-klejace\\\/tesa-6068\\\/\"]}]},{\"@type\":\"ImageObject\",\"inLanguage\":\"pl-PL\",\"@id\":\"https:\\\/\\\/cardinal-tapes.com\\\/pl\\\/ta\u015bmy-samoprzylepne\\\/tasmy-dwustronnie-klejace\\\/tesa-6068\\\/#primaryimage\",\"url\":\"https:\\\/\\\/cardinal-tapes.com\\\/wp-content\\\/uploads\\\/tesa-06068-pr-001172707_canvas1x1_6.jpg\",\"contentUrl\":\"https:\\\/\\\/cardinal-tapes.com\\\/wp-content\\\/uploads\\\/tesa-06068-pr-001172707_canvas1x1_6.jpg\",\"width\":640,\"height\":621,\"caption\":\"tesa 06068\"},{\"@type\":\"BreadcrumbList\",\"@id\":\"https:\\\/\\\/cardinal-tapes.com\\\/pl\\\/ta\u015bmy-samoprzylepne\\\/tasmy-dwustronnie-klejace\\\/tesa-6068\\\/#breadcrumb\",\"itemListElement\":[{\"@type\":\"ListItem\",\"position\":1,\"name\":\"Startseite\",\"item\":\"https:\\\/\\\/cardinal-tapes.com\\\/pl\\\/strona-glowna\\\/\"},{\"@type\":\"ListItem\",\"position\":2,\"name\":\"Ta\u015bmy samoprzylepne\",\"item\":\"https:\\\/\\\/cardinal-tapes.com\\\/pl\\\/tasmy-samoprzylepne-pl\\\/\"},{\"@type\":\"ListItem\",\"position\":3,\"name\":\"Ta\u015bmy dwustronnie klej\u0105ce\",\"item\":\"https:\\\/\\\/cardinal-tapes.com\\\/pl\\\/kategoria\\\/tasmy-dwustronnie-klejace\\\/\"},{\"@type\":\"ListItem\",\"position\":4,\"name\":\"W pe\u0142ni automatyczny dyspenser sto\u0142owy tesa\u00ae 6068\"}]},{\"@type\":\"WebSite\",\"@id\":\"https:\\\/\\\/cardinal-tapes.com\\\/#website\",\"url\":\"https:\\\/\\\/cardinal-tapes.com\\\/\",\"name\":\"cardinal TAPES\",\"description\":\"Klebetechnik aus Wuppertal\",\"potentialAction\":[{\"@type\":\"SearchAction\",\"target\":{\"@type\":\"EntryPoint\",\"urlTemplate\":\"https:\\\/\\\/cardinal-tapes.com\\\/?s={search_term_string}\"},\"query-input\":{\"@type\":\"PropertyValueSpecification\",\"valueRequired\":true,\"valueName\":\"search_term_string\"}}],\"inLanguage\":\"pl-PL\"}]}<\/script>\n<!-- \/ Yoast SEO plugin. -->","yoast_head_json":{"title":"W pe\u0142ni automatyczny dyspenser sto\u0142owy tesa\u00ae 6068 | Cardinal TAPES","description":"Dertesa\u00ae 6068 to w pe\u0142ni automatyczny dyspenser sto\u0142owy odpowiedni do przetwarzania tkanin, w\u0142\u00f3kien i ta\u015bm spinaj\u0105cych tesa.","robots":{"index":"index","follow":"follow","max-snippet":"max-snippet:-1","max-image-preview":"max-image-preview:large","max-video-preview":"max-video-preview:-1"},"canonical":"https:\/\/cardinal-tapes.com\/pl\/ta\u015bmy-samoprzylepne\/tasmy-dwustronnie-klejace\/tesa-6068\/","og_locale":"pl_PL","og_type":"article","og_title":"W pe\u0142ni automatyczny dyspenser sto\u0142owy tesa\u00ae 6068 | Cardinal TAPES","og_description":"Dertesa\u00ae 6068 to w pe\u0142ni automatyczny dyspenser sto\u0142owy odpowiedni do przetwarzania tkanin, w\u0142\u00f3kien i ta\u015bm spinaj\u0105cych tesa.","og_url":"https:\/\/cardinal-tapes.com\/pl\/ta\u015bmy-samoprzylepne\/tasmy-dwustronnie-klejace\/tesa-6068\/","og_site_name":"cardinal TAPES","og_image":[{"width":640,"height":621,"url":"https:\/\/cardinal-tapes.com\/wp-content\/uploads\/tesa-06068-pr-001172707_canvas1x1_6.jpg","type":"image\/jpeg"}],"twitter_card":"summary_large_image","twitter_misc":{"Szacowany czas czytania":"1 minuta"},"schema":{"@context":"https:\/\/schema.org","@graph":[{"@type":"WebPage","@id":"https:\/\/cardinal-tapes.com\/pl\/ta\u015bmy-samoprzylepne\/tasmy-dwustronnie-klejace\/tesa-6068\/","url":"https:\/\/cardinal-tapes.com\/pl\/ta\u015bmy-samoprzylepne\/tasmy-dwustronnie-klejace\/tesa-6068\/","name":"W pe\u0142ni automatyczny dyspenser sto\u0142owy tesa\u00ae 6068 | Cardinal TAPES","isPartOf":{"@id":"https:\/\/cardinal-tapes.com\/#website"},"primaryImageOfPage":{"@id":"https:\/\/cardinal-tapes.com\/pl\/ta\u015bmy-samoprzylepne\/tasmy-dwustronnie-klejace\/tesa-6068\/#primaryimage"},"image":{"@id":"https:\/\/cardinal-tapes.com\/pl\/ta\u015bmy-samoprzylepne\/tasmy-dwustronnie-klejace\/tesa-6068\/#primaryimage"},"thumbnailUrl":"https:\/\/cardinal-tapes.com\/wp-content\/uploads\/tesa-06068-pr-001172707_canvas1x1_6.jpg","datePublished":"2023-06-05T15:03:09+00:00","description":"Dertesa\u00ae 6068 to w pe\u0142ni automatyczny dyspenser sto\u0142owy odpowiedni do przetwarzania tkanin, w\u0142\u00f3kien i ta\u015bm spinaj\u0105cych tesa.","breadcrumb":{"@id":"https:\/\/cardinal-tapes.com\/pl\/ta\u015bmy-samoprzylepne\/tasmy-dwustronnie-klejace\/tesa-6068\/#breadcrumb"},"inLanguage":"pl-PL","potentialAction":[{"@type":"ReadAction","target":["https:\/\/cardinal-tapes.com\/pl\/ta\u015bmy-samoprzylepne\/tasmy-dwustronnie-klejace\/tesa-6068\/"]}]},{"@type":"ImageObject","inLanguage":"pl-PL","@id":"https:\/\/cardinal-tapes.com\/pl\/ta\u015bmy-samoprzylepne\/tasmy-dwustronnie-klejace\/tesa-6068\/#primaryimage","url":"https:\/\/cardinal-tapes.com\/wp-content\/uploads\/tesa-06068-pr-001172707_canvas1x1_6.jpg","contentUrl":"https:\/\/cardinal-tapes.com\/wp-content\/uploads\/tesa-06068-pr-001172707_canvas1x1_6.jpg","width":640,"height":621,"caption":"tesa 06068"},{"@type":"BreadcrumbList","@id":"https:\/\/cardinal-tapes.com\/pl\/ta\u015bmy-samoprzylepne\/tasmy-dwustronnie-klejace\/tesa-6068\/#breadcrumb","itemListElement":[{"@type":"ListItem","position":1,"name":"Startseite","item":"https:\/\/cardinal-tapes.com\/pl\/strona-glowna\/"},{"@type":"ListItem","position":2,"name":"Ta\u015bmy samoprzylepne","item":"https:\/\/cardinal-tapes.com\/pl\/tasmy-samoprzylepne-pl\/"},{"@type":"ListItem","position":3,"name":"Ta\u015bmy dwustronnie klej\u0105ce","item":"https:\/\/cardinal-tapes.com\/pl\/kategoria\/tasmy-dwustronnie-klejace\/"},{"@type":"ListItem","position":4,"name":"W pe\u0142ni automatyczny dyspenser sto\u0142owy tesa\u00ae 6068"}]},{"@type":"WebSite","@id":"https:\/\/cardinal-tapes.com\/#website","url":"https:\/\/cardinal-tapes.com\/","name":"cardinal TAPES","description":"Klebetechnik aus Wuppertal","potentialAction":[{"@type":"SearchAction","target":{"@type":"EntryPoint","urlTemplate":"https:\/\/cardinal-tapes.com\/?s={search_term_string}"},"query-input":{"@type":"PropertyValueSpecification","valueRequired":true,"valueName":"search_term_string"}}],"inLanguage":"pl-PL"}]}},"brands":[{"id":2164,"name":"tesa","slug":"tesa-pl"}],"_links":{"self":[{"href":"https:\/\/cardinal-tapes.com\/pl\/wp-json\/wp\/v2\/product\/45991","targetHints":{"allow":["GET"]}}],"collection":[{"href":"https:\/\/cardinal-tapes.com\/pl\/wp-json\/wp\/v2\/product"}],"about":[{"href":"https:\/\/cardinal-tapes.com\/pl\/wp-json\/wp\/v2\/types\/product"}],"wp:featuredmedia":[{"embeddable":true,"href":"https:\/\/cardinal-tapes.com\/pl\/wp-json\/wp\/v2\/media\/27010"}],"wp:attachment":[{"href":"https:\/\/cardinal-tapes.com\/pl\/wp-json\/wp\/v2\/media?parent=45991"}],"wp:term":[{"taxonomy":"pwb-brand","embeddable":true,"href":"https:\/\/cardinal-tapes.com\/pl\/wp-json\/wp\/v2\/pwb-brand?post=45991"},{"taxonomy":"product_brand","embeddable":true,"href":"https:\/\/cardinal-tapes.com\/pl\/wp-json\/wp\/v2\/product_brand?post=45991"},{"taxonomy":"product_cat","embeddable":true,"href":"https:\/\/cardinal-tapes.com\/pl\/wp-json\/wp\/v2\/product_cat?post=45991"},{"taxonomy":"product_tag","embeddable":true,"href":"https:\/\/cardinal-tapes.com\/pl\/wp-json\/wp\/v2\/product_tag?post=45991"}],"curies":[{"name":"wp","href":"https:\/\/api.w.org\/{rel}","templated":true}]}}