{"id":45489,"date":"2018-05-28T14:55:09","date_gmt":"2023-06-05T15:02:56","guid":{"rendered":"https:\/\/cardinal.pixel-tal.de\/klebebaender\/bez-kategorii\/tasma-3m-vhb-4936-p\/"},"modified":"2023-06-05T17:02:56","modified_gmt":"2023-06-05T15:02:56","slug":"3m-4936-p-vhb-klebeband","status":"publish","type":"product","link":"https:\/\/cardinal-tapes.com\/pl\/ta\u015bmy-samoprzylepne\/tasmy-dwustronnie-klejace\/3m-4936-p-vhb-klebeband\/","title":{"rendered":"Ta\u015bma 3M\u2122 VHB\u2122 4936 P"},"content":{"rendered":"<p>Wysokowydajne ta\u015bmy 3M\u2122 VHB\u2122 to dwustronne ta\u015bmy wykonane z kleju akrylowego o zamkni\u0119tych kom\u00f3rkach. Oferuj\u0105 one wysok\u0105 zdolno\u015b\u0107 adaptacji do klejonych powierzchni. G\u0142adkie lub strukturalne powierzchnie mog\u0105 by\u0107 klejone na ca\u0142ej powierzchni bez napr\u0119\u017ce\u0144. Idealnie nadaje si\u0119 do r\u00f3\u017cnych materia\u0142\u00f3w o wysokiej i \u015bredniej energii powierzchniowej, takich jak metale, tworzywa sztuczne, lakiery lub szk\u0142o. Wysoka odporno\u015b\u0107 na plastyfikatory (np. w przypadku pod\u0142o\u017cy PVC).<strong><br \/>\n<\/strong><\/p>\n<p><strong>W\u0142a\u015bciwo\u015bci<\/strong><br \/>\n&#8211; Wysoka zdolno\u015b\u0107 adaptacji<br \/>\n&#8211; Wysoka odporno\u015b\u0107 na plastyfikatory<br \/>\n&#8211; Bardzo wysoka przyczepno\u015b\u0107 do niemal wszystkich materia\u0142\u00f3w<\/p>\n<p><strong>Zastosowania<\/strong><br \/>\n&#8211; \u0141\u0105czenie paneli z ramami<br \/>\n&#8211; \u0141\u0105czenie element\u00f3w usztywniaj\u0105cych z panelami<br \/>\n&#8211; Do klejenia materia\u0142\u00f3w dekoracyjnych, wyko\u0144cze\u0144 lub element\u00f3w dodatkowych<br \/>\n&#8211; Do przyklejania identyfikator\u00f3w, logo i znak\u00f3w<\/p>\n","protected":false},"excerpt":{"rendered":"<p>Wysokowydajne ta\u015bmy 3M\u2122 VHB\u2122 to dwustronne ta\u015bmy wykonane z kleju akrylowego o zamkni\u0119tych kom\u00f3rkach. Oferuj\u0105 one wysok\u0105 zdolno\u015b\u0107 adaptacji do klejonych powierzchni. G\u0142adkie lub strukturalne powierzchnie mog\u0105 by\u0107 klejone na ca\u0142ej powierzchni bez napr\u0119\u017ce\u0144. Idealnie nadaje si\u0119 do r\u00f3\u017cnych materia\u0142\u00f3w o wysokiej i \u015bredniej energii powierzchniowej, takich jak metale, tworzywa sztuczne, lakiery lub szk\u0142o. Wysoka [&hellip;]<\/p>\n","protected":false},"featured_media":26682,"template":"","meta":{"_acf_changed":false},"pwb-brand":[2168],"product_brand":[],"product_cat":[1814],"product_tag":[],"class_list":{"0":"post-45489","1":"product","2":"type-product","3":"status-publish","4":"has-post-thumbnail","6":"pwb-brand-3m-pl","7":"product_cat-tasmy-dwustronnie-klejace","9":"first","10":"instock","11":"taxable","12":"shipping-taxable","13":"purchasable","14":"product-type-variable"},"acf":[],"yoast_head":"<!-- This site is optimized with the Yoast SEO plugin v27.3 - https:\/\/yoast.com\/product\/yoast-seo-wordpress\/ -->\n<title>Ta\u015bma 3M\u2122 VHB\u2122 4936 P | Cardinal TAPES<\/title>\n<meta name=\"description\" content=\"Wysokowydajne ta\u015bmy samoprzylepne 3M VHB to dwustronne ta\u015bmy samoprzylepne wykonane z kleju akrylowego o zamkni\u0119tych kom\u00f3rkach. Wi\u0119cej informacji tutaj.\" \/>\n<meta name=\"robots\" content=\"index, follow, max-snippet:-1, max-image-preview:large, max-video-preview:-1\" \/>\n<link rel=\"canonical\" href=\"https:\/\/cardinal-tapes.com\/pl\/ta\u015bmy-samoprzylepne\/tasmy-dwustronnie-klejace\/3m-4936-p-vhb-klebeband\/\" \/>\n<meta property=\"og:locale\" content=\"pl_PL\" \/>\n<meta property=\"og:type\" content=\"article\" \/>\n<meta property=\"og:title\" content=\"Ta\u015bma 3M\u2122 VHB\u2122 4936 P | Cardinal TAPES\" \/>\n<meta property=\"og:description\" content=\"Wysokowydajne ta\u015bmy samoprzylepne 3M VHB to dwustronne ta\u015bmy samoprzylepne wykonane z kleju akrylowego o zamkni\u0119tych kom\u00f3rkach. Wi\u0119cej informacji tutaj.\" \/>\n<meta property=\"og:url\" content=\"https:\/\/cardinal-tapes.com\/pl\/ta\u015bmy-samoprzylepne\/tasmy-dwustronnie-klejace\/3m-4936-p-vhb-klebeband\/\" \/>\n<meta property=\"og:site_name\" content=\"cardinal TAPES\" \/>\n<meta property=\"og:image\" content=\"https:\/\/cardinal-tapes.com\/wp-content\/uploads\/vhb-5915.jpg\" \/>\n\t<meta property=\"og:image:width\" content=\"400\" \/>\n\t<meta property=\"og:image:height\" content=\"400\" \/>\n\t<meta property=\"og:image:type\" content=\"image\/jpeg\" \/>\n<meta name=\"twitter:card\" content=\"summary_large_image\" \/>\n<meta name=\"twitter:label1\" content=\"Szacowany czas czytania\" \/>\n\t<meta name=\"twitter:data1\" content=\"1 minuta\" \/>\n<script type=\"application\/ld+json\" class=\"yoast-schema-graph\">{\"@context\":\"https:\\\/\\\/schema.org\",\"@graph\":[{\"@type\":\"WebPage\",\"@id\":\"https:\\\/\\\/cardinal-tapes.com\\\/pl\\\/ta\u015bmy-samoprzylepne\\\/tasmy-dwustronnie-klejace\\\/3m-4936-p-vhb-klebeband\\\/\",\"url\":\"https:\\\/\\\/cardinal-tapes.com\\\/pl\\\/ta\u015bmy-samoprzylepne\\\/tasmy-dwustronnie-klejace\\\/3m-4936-p-vhb-klebeband\\\/\",\"name\":\"Ta\u015bma 3M\u2122 VHB\u2122 4936 P | Cardinal TAPES\",\"isPartOf\":{\"@id\":\"https:\\\/\\\/cardinal-tapes.com\\\/#website\"},\"primaryImageOfPage\":{\"@id\":\"https:\\\/\\\/cardinal-tapes.com\\\/pl\\\/ta\u015bmy-samoprzylepne\\\/tasmy-dwustronnie-klejace\\\/3m-4936-p-vhb-klebeband\\\/#primaryimage\"},\"image\":{\"@id\":\"https:\\\/\\\/cardinal-tapes.com\\\/pl\\\/ta\u015bmy-samoprzylepne\\\/tasmy-dwustronnie-klejace\\\/3m-4936-p-vhb-klebeband\\\/#primaryimage\"},\"thumbnailUrl\":\"https:\\\/\\\/cardinal-tapes.com\\\/wp-content\\\/uploads\\\/vhb-5915.jpg\",\"datePublished\":\"2023-06-05T15:02:56+00:00\",\"description\":\"Wysokowydajne ta\u015bmy samoprzylepne 3M VHB to dwustronne ta\u015bmy samoprzylepne wykonane z kleju akrylowego o zamkni\u0119tych kom\u00f3rkach. Wi\u0119cej informacji tutaj.\",\"breadcrumb\":{\"@id\":\"https:\\\/\\\/cardinal-tapes.com\\\/pl\\\/ta\u015bmy-samoprzylepne\\\/tasmy-dwustronnie-klejace\\\/3m-4936-p-vhb-klebeband\\\/#breadcrumb\"},\"inLanguage\":\"pl-PL\",\"potentialAction\":[{\"@type\":\"ReadAction\",\"target\":[\"https:\\\/\\\/cardinal-tapes.com\\\/pl\\\/ta\u015bmy-samoprzylepne\\\/tasmy-dwustronnie-klejace\\\/3m-4936-p-vhb-klebeband\\\/\"]}]},{\"@type\":\"ImageObject\",\"inLanguage\":\"pl-PL\",\"@id\":\"https:\\\/\\\/cardinal-tapes.com\\\/pl\\\/ta\u015bmy-samoprzylepne\\\/tasmy-dwustronnie-klejace\\\/3m-4936-p-vhb-klebeband\\\/#primaryimage\",\"url\":\"https:\\\/\\\/cardinal-tapes.com\\\/wp-content\\\/uploads\\\/vhb-5915.jpg\",\"contentUrl\":\"https:\\\/\\\/cardinal-tapes.com\\\/wp-content\\\/uploads\\\/vhb-5915.jpg\",\"width\":400,\"height\":400,\"caption\":\"vhb-5915\"},{\"@type\":\"BreadcrumbList\",\"@id\":\"https:\\\/\\\/cardinal-tapes.com\\\/pl\\\/ta\u015bmy-samoprzylepne\\\/tasmy-dwustronnie-klejace\\\/3m-4936-p-vhb-klebeband\\\/#breadcrumb\",\"itemListElement\":[{\"@type\":\"ListItem\",\"position\":1,\"name\":\"Startseite\",\"item\":\"https:\\\/\\\/cardinal-tapes.com\\\/pl\\\/strona-glowna\\\/\"},{\"@type\":\"ListItem\",\"position\":2,\"name\":\"Ta\u015bmy samoprzylepne\",\"item\":\"https:\\\/\\\/cardinal-tapes.com\\\/pl\\\/tasmy-samoprzylepne-pl\\\/\"},{\"@type\":\"ListItem\",\"position\":3,\"name\":\"Ta\u015bmy dwustronnie klej\u0105ce\",\"item\":\"https:\\\/\\\/cardinal-tapes.com\\\/pl\\\/kategoria\\\/tasmy-dwustronnie-klejace\\\/\"},{\"@type\":\"ListItem\",\"position\":4,\"name\":\"Ta\u015bma 3M\u2122 VHB\u2122 4936 P\"}]},{\"@type\":\"WebSite\",\"@id\":\"https:\\\/\\\/cardinal-tapes.com\\\/#website\",\"url\":\"https:\\\/\\\/cardinal-tapes.com\\\/\",\"name\":\"cardinal TAPES\",\"description\":\"Klebetechnik aus Wuppertal\",\"potentialAction\":[{\"@type\":\"SearchAction\",\"target\":{\"@type\":\"EntryPoint\",\"urlTemplate\":\"https:\\\/\\\/cardinal-tapes.com\\\/?s={search_term_string}\"},\"query-input\":{\"@type\":\"PropertyValueSpecification\",\"valueRequired\":true,\"valueName\":\"search_term_string\"}}],\"inLanguage\":\"pl-PL\"}]}<\/script>\n<!-- \/ Yoast SEO plugin. -->","yoast_head_json":{"title":"Ta\u015bma 3M\u2122 VHB\u2122 4936 P | Cardinal TAPES","description":"Wysokowydajne ta\u015bmy samoprzylepne 3M VHB to dwustronne ta\u015bmy samoprzylepne wykonane z kleju akrylowego o zamkni\u0119tych kom\u00f3rkach. Wi\u0119cej informacji tutaj.","robots":{"index":"index","follow":"follow","max-snippet":"max-snippet:-1","max-image-preview":"max-image-preview:large","max-video-preview":"max-video-preview:-1"},"canonical":"https:\/\/cardinal-tapes.com\/pl\/ta\u015bmy-samoprzylepne\/tasmy-dwustronnie-klejace\/3m-4936-p-vhb-klebeband\/","og_locale":"pl_PL","og_type":"article","og_title":"Ta\u015bma 3M\u2122 VHB\u2122 4936 P | Cardinal TAPES","og_description":"Wysokowydajne ta\u015bmy samoprzylepne 3M VHB to dwustronne ta\u015bmy samoprzylepne wykonane z kleju akrylowego o zamkni\u0119tych kom\u00f3rkach. Wi\u0119cej informacji tutaj.","og_url":"https:\/\/cardinal-tapes.com\/pl\/ta\u015bmy-samoprzylepne\/tasmy-dwustronnie-klejace\/3m-4936-p-vhb-klebeband\/","og_site_name":"cardinal TAPES","og_image":[{"width":400,"height":400,"url":"https:\/\/cardinal-tapes.com\/wp-content\/uploads\/vhb-5915.jpg","type":"image\/jpeg"}],"twitter_card":"summary_large_image","twitter_misc":{"Szacowany czas czytania":"1 minuta"},"schema":{"@context":"https:\/\/schema.org","@graph":[{"@type":"WebPage","@id":"https:\/\/cardinal-tapes.com\/pl\/ta\u015bmy-samoprzylepne\/tasmy-dwustronnie-klejace\/3m-4936-p-vhb-klebeband\/","url":"https:\/\/cardinal-tapes.com\/pl\/ta\u015bmy-samoprzylepne\/tasmy-dwustronnie-klejace\/3m-4936-p-vhb-klebeband\/","name":"Ta\u015bma 3M\u2122 VHB\u2122 4936 P | Cardinal TAPES","isPartOf":{"@id":"https:\/\/cardinal-tapes.com\/#website"},"primaryImageOfPage":{"@id":"https:\/\/cardinal-tapes.com\/pl\/ta\u015bmy-samoprzylepne\/tasmy-dwustronnie-klejace\/3m-4936-p-vhb-klebeband\/#primaryimage"},"image":{"@id":"https:\/\/cardinal-tapes.com\/pl\/ta\u015bmy-samoprzylepne\/tasmy-dwustronnie-klejace\/3m-4936-p-vhb-klebeband\/#primaryimage"},"thumbnailUrl":"https:\/\/cardinal-tapes.com\/wp-content\/uploads\/vhb-5915.jpg","datePublished":"2023-06-05T15:02:56+00:00","description":"Wysokowydajne ta\u015bmy samoprzylepne 3M VHB to dwustronne ta\u015bmy samoprzylepne wykonane z kleju akrylowego o zamkni\u0119tych kom\u00f3rkach. Wi\u0119cej informacji tutaj.","breadcrumb":{"@id":"https:\/\/cardinal-tapes.com\/pl\/ta\u015bmy-samoprzylepne\/tasmy-dwustronnie-klejace\/3m-4936-p-vhb-klebeband\/#breadcrumb"},"inLanguage":"pl-PL","potentialAction":[{"@type":"ReadAction","target":["https:\/\/cardinal-tapes.com\/pl\/ta\u015bmy-samoprzylepne\/tasmy-dwustronnie-klejace\/3m-4936-p-vhb-klebeband\/"]}]},{"@type":"ImageObject","inLanguage":"pl-PL","@id":"https:\/\/cardinal-tapes.com\/pl\/ta\u015bmy-samoprzylepne\/tasmy-dwustronnie-klejace\/3m-4936-p-vhb-klebeband\/#primaryimage","url":"https:\/\/cardinal-tapes.com\/wp-content\/uploads\/vhb-5915.jpg","contentUrl":"https:\/\/cardinal-tapes.com\/wp-content\/uploads\/vhb-5915.jpg","width":400,"height":400,"caption":"vhb-5915"},{"@type":"BreadcrumbList","@id":"https:\/\/cardinal-tapes.com\/pl\/ta\u015bmy-samoprzylepne\/tasmy-dwustronnie-klejace\/3m-4936-p-vhb-klebeband\/#breadcrumb","itemListElement":[{"@type":"ListItem","position":1,"name":"Startseite","item":"https:\/\/cardinal-tapes.com\/pl\/strona-glowna\/"},{"@type":"ListItem","position":2,"name":"Ta\u015bmy samoprzylepne","item":"https:\/\/cardinal-tapes.com\/pl\/tasmy-samoprzylepne-pl\/"},{"@type":"ListItem","position":3,"name":"Ta\u015bmy dwustronnie klej\u0105ce","item":"https:\/\/cardinal-tapes.com\/pl\/kategoria\/tasmy-dwustronnie-klejace\/"},{"@type":"ListItem","position":4,"name":"Ta\u015bma 3M\u2122 VHB\u2122 4936 P"}]},{"@type":"WebSite","@id":"https:\/\/cardinal-tapes.com\/#website","url":"https:\/\/cardinal-tapes.com\/","name":"cardinal TAPES","description":"Klebetechnik aus Wuppertal","potentialAction":[{"@type":"SearchAction","target":{"@type":"EntryPoint","urlTemplate":"https:\/\/cardinal-tapes.com\/?s={search_term_string}"},"query-input":{"@type":"PropertyValueSpecification","valueRequired":true,"valueName":"search_term_string"}}],"inLanguage":"pl-PL"}]}},"brands":[{"id":2168,"name":"3M","slug":"3m-pl"}],"_links":{"self":[{"href":"https:\/\/cardinal-tapes.com\/pl\/wp-json\/wp\/v2\/product\/45489","targetHints":{"allow":["GET"]}}],"collection":[{"href":"https:\/\/cardinal-tapes.com\/pl\/wp-json\/wp\/v2\/product"}],"about":[{"href":"https:\/\/cardinal-tapes.com\/pl\/wp-json\/wp\/v2\/types\/product"}],"wp:featuredmedia":[{"embeddable":true,"href":"https:\/\/cardinal-tapes.com\/pl\/wp-json\/wp\/v2\/media\/26682"}],"wp:attachment":[{"href":"https:\/\/cardinal-tapes.com\/pl\/wp-json\/wp\/v2\/media?parent=45489"}],"wp:term":[{"taxonomy":"pwb-brand","embeddable":true,"href":"https:\/\/cardinal-tapes.com\/pl\/wp-json\/wp\/v2\/pwb-brand?post=45489"},{"taxonomy":"product_brand","embeddable":true,"href":"https:\/\/cardinal-tapes.com\/pl\/wp-json\/wp\/v2\/product_brand?post=45489"},{"taxonomy":"product_cat","embeddable":true,"href":"https:\/\/cardinal-tapes.com\/pl\/wp-json\/wp\/v2\/product_cat?post=45489"},{"taxonomy":"product_tag","embeddable":true,"href":"https:\/\/cardinal-tapes.com\/pl\/wp-json\/wp\/v2\/product_tag?post=45489"}],"curies":[{"name":"wp","href":"https:\/\/api.w.org\/{rel}","templated":true}]}}