{"id":45462,"date":"2018-05-29T13:14:38","date_gmt":"2023-06-05T15:02:54","guid":{"rendered":"https:\/\/cardinal.pixel-tal.de\/klebebaender\/bez-kategorii\/trudnopalna-tasma-3m-vhb-5958fr\/"},"modified":"2025-07-02T16:14:10","modified_gmt":"2025-07-02T14:14:10","slug":"3m-5958-fr-vhb-klebeband","status":"publish","type":"product","link":"https:\/\/cardinal-tapes.com\/pl\/ta\u015bmy-samoprzylepne\/tasmy-dwustronnie-klejace\/3m-5958-fr-vhb-klebeband\/","title":{"rendered":"Trudnopalna ta\u015bma 3M\u2122 VHB\u2122 5958FR"},"content":{"rendered":"<p>Trudnopalna ta\u015bma 3M\u2122 VHB\u2122 5958FR sk\u0142ada si\u0119 z kleju akrylowego o trwa\u0142ym dzia\u0142aniu i w\u0142a\u015bciwo\u015bciach lepkospr\u0119\u017cystych. Jest to dwustronna ta\u015bma samoprzylepna wykonana w 100% z kleju akrylowego o zamkni\u0119tych kom\u00f3rkach. Ta niezwykle elastyczna, wysokowydajna ta\u015bma samoprzylepna o grubo\u015bci 1 mm, wykonana z modyfikowanego kleju akrylowego w kolorze czarnym, mo\u017ce by\u0107 szybko i \u0142atwo \u0142\u0105czona.<\/p>\n<p><strong>W\u0142a\u015bciwo\u015bci<\/strong><br \/>\nTa\u015bma samoprzylepna 5958FR charakteryzuje si\u0119 wyj\u0105tkowo wysok\u0105 przyczepno\u015bci\u0105 do r\u00f3\u017cnych materia\u0142\u00f3w, takich jak aluminium, stal nierdzewna, stal ocynkowana, kompozyty i tworzywa sztuczne, akryl, poliw\u0119glan, ABS oraz malowane lub uszczelniane drewno. Ta\u015bma ta oferuje doskona\u0142\u0105 wytrzyma\u0142o\u015b\u0107 na \u015bcinanie, dopasowanie, przyczepno\u015b\u0107 do powierzchni i odporno\u015b\u0107 na temperatur\u0119. Oferuje wysok\u0105 wydajno\u015b\u0107 i d\u0142ugotrwa\u0142\u0105 wytrzyma\u0142o\u015b\u0107, a tak\u017ce odporno\u015b\u0107 na ogie\u0144. Ta wysokowydajna, lepkospr\u0119\u017cysta ta\u015bma samoprzylepna VHB mo\u017ce by\u0107 stosowana na wielu r\u00f3\u017cnych powierzchniach, takich jak pow\u0142oki proszkowe.<\/p>\n<p><strong>Zastosowania<\/strong><br \/>\n&#8211; Trwa\u0142e uszczelnienie przed wod\u0105, wilgoci\u0105 itp.<br \/>\n&#8211; Zastosowanie do cie\u0144szych, l\u017cejszych i nier\u00f3wnych materia\u0142\u00f3w<br \/>\n&#8211; Zastosowanie do materia\u0142\u00f3w dekoracyjnych i listew, tabliczek znamionowych i logo, wy\u015bwietlaczy, mocowa\u0144 paneli i element\u00f3w usztywniaj\u0105cych.<\/p>\n","protected":false},"excerpt":{"rendered":"<p>Trudnopalna ta\u015bma 3M\u2122 VHB\u2122 5958FR sk\u0142ada si\u0119 z kleju akrylowego o trwa\u0142ym dzia\u0142aniu i w\u0142a\u015bciwo\u015bciach lepkospr\u0119\u017cystych. Jest to dwustronna ta\u015bma samoprzylepna wykonana w 100% z kleju akrylowego o zamkni\u0119tych kom\u00f3rkach. Ta niezwykle elastyczna, wysokowydajna ta\u015bma samoprzylepna o grubo\u015bci 1 mm, wykonana z modyfikowanego kleju akrylowego w kolorze czarnym, mo\u017ce by\u0107 szybko i \u0142atwo \u0142\u0105czona. W\u0142a\u015bciwo\u015bci [&hellip;]<\/p>\n","protected":false},"featured_media":27050,"template":"","meta":{"_acf_changed":false},"pwb-brand":[2168],"product_brand":[],"product_cat":[1814],"product_tag":[],"class_list":{"0":"post-45462","1":"product","2":"type-product","3":"status-publish","4":"has-post-thumbnail","6":"pwb-brand-3m-pl","7":"product_cat-tasmy-dwustronnie-klejace","9":"first","10":"instock","11":"taxable","12":"shipping-taxable","13":"purchasable","14":"product-type-variable"},"acf":[],"yoast_head":"<!-- This site is optimized with the Yoast SEO plugin v27.3 - https:\/\/yoast.com\/product\/yoast-seo-wordpress\/ -->\n<title>Trudnopalna ta\u015bma 3M\u2122 VHB\u2122 5958FR | Cardinal TAPES<\/title>\n<meta name=\"description\" content=\"Wysokowydajne ta\u015bmy 3M 5958 FR VHB to dwustronne ta\u015bmy wykonane z kleju akrylowego o zamkni\u0119tych kom\u00f3rkach. Dowiedz si\u0119 wi\u0119cej ju\u017c teraz.\" \/>\n<meta name=\"robots\" content=\"index, follow, max-snippet:-1, max-image-preview:large, max-video-preview:-1\" \/>\n<link rel=\"canonical\" href=\"https:\/\/cardinal-tapes.com\/pl\/ta\u015bmy-samoprzylepne\/tasmy-dwustronnie-klejace\/3m-5958-fr-vhb-klebeband\/\" \/>\n<meta property=\"og:locale\" content=\"pl_PL\" \/>\n<meta property=\"og:type\" content=\"article\" \/>\n<meta property=\"og:title\" content=\"Trudnopalna ta\u015bma 3M\u2122 VHB\u2122 5958FR | Cardinal TAPES\" \/>\n<meta property=\"og:description\" content=\"Wysokowydajne ta\u015bmy 3M 5958 FR VHB to dwustronne ta\u015bmy wykonane z kleju akrylowego o zamkni\u0119tych kom\u00f3rkach. Dowiedz si\u0119 wi\u0119cej ju\u017c teraz.\" \/>\n<meta property=\"og:url\" content=\"https:\/\/cardinal-tapes.com\/pl\/ta\u015bmy-samoprzylepne\/tasmy-dwustronnie-klejace\/3m-5958-fr-vhb-klebeband\/\" \/>\n<meta property=\"og:site_name\" content=\"cardinal TAPES\" \/>\n<meta property=\"article:modified_time\" content=\"2025-07-02T14:14:10+00:00\" \/>\n<meta property=\"og:image\" content=\"https:\/\/cardinal-tapes.com\/wp-content\/uploads\/3m-vhb-5958fr-black-scaled.jpg\" \/>\n\t<meta property=\"og:image:width\" content=\"2560\" \/>\n\t<meta property=\"og:image:height\" content=\"1771\" \/>\n\t<meta property=\"og:image:type\" content=\"image\/jpeg\" \/>\n<meta name=\"twitter:card\" content=\"summary_large_image\" \/>\n<meta name=\"twitter:label1\" content=\"Szacowany czas czytania\" \/>\n\t<meta name=\"twitter:data1\" content=\"1 minuta\" \/>\n<script type=\"application\/ld+json\" class=\"yoast-schema-graph\">{\"@context\":\"https:\\\/\\\/schema.org\",\"@graph\":[{\"@type\":\"WebPage\",\"@id\":\"https:\\\/\\\/cardinal-tapes.com\\\/pl\\\/ta\u015bmy-samoprzylepne\\\/tasmy-dwustronnie-klejace\\\/3m-5958-fr-vhb-klebeband\\\/\",\"url\":\"https:\\\/\\\/cardinal-tapes.com\\\/pl\\\/ta\u015bmy-samoprzylepne\\\/tasmy-dwustronnie-klejace\\\/3m-5958-fr-vhb-klebeband\\\/\",\"name\":\"Trudnopalna ta\u015bma 3M\u2122 VHB\u2122 5958FR | Cardinal TAPES\",\"isPartOf\":{\"@id\":\"https:\\\/\\\/cardinal-tapes.com\\\/#website\"},\"primaryImageOfPage\":{\"@id\":\"https:\\\/\\\/cardinal-tapes.com\\\/pl\\\/ta\u015bmy-samoprzylepne\\\/tasmy-dwustronnie-klejace\\\/3m-5958-fr-vhb-klebeband\\\/#primaryimage\"},\"image\":{\"@id\":\"https:\\\/\\\/cardinal-tapes.com\\\/pl\\\/ta\u015bmy-samoprzylepne\\\/tasmy-dwustronnie-klejace\\\/3m-5958-fr-vhb-klebeband\\\/#primaryimage\"},\"thumbnailUrl\":\"https:\\\/\\\/cardinal-tapes.com\\\/wp-content\\\/uploads\\\/3m-vhb-5958fr-black-scaled.jpg\",\"datePublished\":\"2023-06-05T15:02:54+00:00\",\"dateModified\":\"2025-07-02T14:14:10+00:00\",\"description\":\"Wysokowydajne ta\u015bmy 3M 5958 FR VHB to dwustronne ta\u015bmy wykonane z kleju akrylowego o zamkni\u0119tych kom\u00f3rkach. Dowiedz si\u0119 wi\u0119cej ju\u017c teraz.\",\"breadcrumb\":{\"@id\":\"https:\\\/\\\/cardinal-tapes.com\\\/pl\\\/ta\u015bmy-samoprzylepne\\\/tasmy-dwustronnie-klejace\\\/3m-5958-fr-vhb-klebeband\\\/#breadcrumb\"},\"inLanguage\":\"pl-PL\",\"potentialAction\":[{\"@type\":\"ReadAction\",\"target\":[\"https:\\\/\\\/cardinal-tapes.com\\\/pl\\\/ta\u015bmy-samoprzylepne\\\/tasmy-dwustronnie-klejace\\\/3m-5958-fr-vhb-klebeband\\\/\"]}]},{\"@type\":\"ImageObject\",\"inLanguage\":\"pl-PL\",\"@id\":\"https:\\\/\\\/cardinal-tapes.com\\\/pl\\\/ta\u015bmy-samoprzylepne\\\/tasmy-dwustronnie-klejace\\\/3m-5958-fr-vhb-klebeband\\\/#primaryimage\",\"url\":\"https:\\\/\\\/cardinal-tapes.com\\\/wp-content\\\/uploads\\\/3m-vhb-5958fr-black-scaled.jpg\",\"contentUrl\":\"https:\\\/\\\/cardinal-tapes.com\\\/wp-content\\\/uploads\\\/3m-vhb-5958fr-black-scaled.jpg\",\"width\":2560,\"height\":1771,\"caption\":\"3M VHB 5958\"},{\"@type\":\"BreadcrumbList\",\"@id\":\"https:\\\/\\\/cardinal-tapes.com\\\/pl\\\/ta\u015bmy-samoprzylepne\\\/tasmy-dwustronnie-klejace\\\/3m-5958-fr-vhb-klebeband\\\/#breadcrumb\",\"itemListElement\":[{\"@type\":\"ListItem\",\"position\":1,\"name\":\"Startseite\",\"item\":\"https:\\\/\\\/cardinal-tapes.com\\\/pl\\\/strona-glowna\\\/\"},{\"@type\":\"ListItem\",\"position\":2,\"name\":\"Ta\u015bmy samoprzylepne\",\"item\":\"https:\\\/\\\/cardinal-tapes.com\\\/pl\\\/tasmy-samoprzylepne-pl\\\/\"},{\"@type\":\"ListItem\",\"position\":3,\"name\":\"Ta\u015bmy dwustronnie klej\u0105ce\",\"item\":\"https:\\\/\\\/cardinal-tapes.com\\\/pl\\\/kategoria\\\/tasmy-dwustronnie-klejace\\\/\"},{\"@type\":\"ListItem\",\"position\":4,\"name\":\"Trudnopalna ta\u015bma 3M\u2122 VHB\u2122 5958FR\"}]},{\"@type\":\"WebSite\",\"@id\":\"https:\\\/\\\/cardinal-tapes.com\\\/#website\",\"url\":\"https:\\\/\\\/cardinal-tapes.com\\\/\",\"name\":\"cardinal TAPES\",\"description\":\"Klebetechnik aus Wuppertal\",\"potentialAction\":[{\"@type\":\"SearchAction\",\"target\":{\"@type\":\"EntryPoint\",\"urlTemplate\":\"https:\\\/\\\/cardinal-tapes.com\\\/?s={search_term_string}\"},\"query-input\":{\"@type\":\"PropertyValueSpecification\",\"valueRequired\":true,\"valueName\":\"search_term_string\"}}],\"inLanguage\":\"pl-PL\"}]}<\/script>\n<!-- \/ Yoast SEO plugin. -->","yoast_head_json":{"title":"Trudnopalna ta\u015bma 3M\u2122 VHB\u2122 5958FR | Cardinal TAPES","description":"Wysokowydajne ta\u015bmy 3M 5958 FR VHB to dwustronne ta\u015bmy wykonane z kleju akrylowego o zamkni\u0119tych kom\u00f3rkach. Dowiedz si\u0119 wi\u0119cej ju\u017c teraz.","robots":{"index":"index","follow":"follow","max-snippet":"max-snippet:-1","max-image-preview":"max-image-preview:large","max-video-preview":"max-video-preview:-1"},"canonical":"https:\/\/cardinal-tapes.com\/pl\/ta\u015bmy-samoprzylepne\/tasmy-dwustronnie-klejace\/3m-5958-fr-vhb-klebeband\/","og_locale":"pl_PL","og_type":"article","og_title":"Trudnopalna ta\u015bma 3M\u2122 VHB\u2122 5958FR | Cardinal TAPES","og_description":"Wysokowydajne ta\u015bmy 3M 5958 FR VHB to dwustronne ta\u015bmy wykonane z kleju akrylowego o zamkni\u0119tych kom\u00f3rkach. Dowiedz si\u0119 wi\u0119cej ju\u017c teraz.","og_url":"https:\/\/cardinal-tapes.com\/pl\/ta\u015bmy-samoprzylepne\/tasmy-dwustronnie-klejace\/3m-5958-fr-vhb-klebeband\/","og_site_name":"cardinal TAPES","article_modified_time":"2025-07-02T14:14:10+00:00","og_image":[{"width":2560,"height":1771,"url":"https:\/\/cardinal-tapes.com\/wp-content\/uploads\/3m-vhb-5958fr-black-scaled.jpg","type":"image\/jpeg"}],"twitter_card":"summary_large_image","twitter_misc":{"Szacowany czas czytania":"1 minuta"},"schema":{"@context":"https:\/\/schema.org","@graph":[{"@type":"WebPage","@id":"https:\/\/cardinal-tapes.com\/pl\/ta\u015bmy-samoprzylepne\/tasmy-dwustronnie-klejace\/3m-5958-fr-vhb-klebeband\/","url":"https:\/\/cardinal-tapes.com\/pl\/ta\u015bmy-samoprzylepne\/tasmy-dwustronnie-klejace\/3m-5958-fr-vhb-klebeband\/","name":"Trudnopalna ta\u015bma 3M\u2122 VHB\u2122 5958FR | Cardinal TAPES","isPartOf":{"@id":"https:\/\/cardinal-tapes.com\/#website"},"primaryImageOfPage":{"@id":"https:\/\/cardinal-tapes.com\/pl\/ta\u015bmy-samoprzylepne\/tasmy-dwustronnie-klejace\/3m-5958-fr-vhb-klebeband\/#primaryimage"},"image":{"@id":"https:\/\/cardinal-tapes.com\/pl\/ta\u015bmy-samoprzylepne\/tasmy-dwustronnie-klejace\/3m-5958-fr-vhb-klebeband\/#primaryimage"},"thumbnailUrl":"https:\/\/cardinal-tapes.com\/wp-content\/uploads\/3m-vhb-5958fr-black-scaled.jpg","datePublished":"2023-06-05T15:02:54+00:00","dateModified":"2025-07-02T14:14:10+00:00","description":"Wysokowydajne ta\u015bmy 3M 5958 FR VHB to dwustronne ta\u015bmy wykonane z kleju akrylowego o zamkni\u0119tych kom\u00f3rkach. Dowiedz si\u0119 wi\u0119cej ju\u017c teraz.","breadcrumb":{"@id":"https:\/\/cardinal-tapes.com\/pl\/ta\u015bmy-samoprzylepne\/tasmy-dwustronnie-klejace\/3m-5958-fr-vhb-klebeband\/#breadcrumb"},"inLanguage":"pl-PL","potentialAction":[{"@type":"ReadAction","target":["https:\/\/cardinal-tapes.com\/pl\/ta\u015bmy-samoprzylepne\/tasmy-dwustronnie-klejace\/3m-5958-fr-vhb-klebeband\/"]}]},{"@type":"ImageObject","inLanguage":"pl-PL","@id":"https:\/\/cardinal-tapes.com\/pl\/ta\u015bmy-samoprzylepne\/tasmy-dwustronnie-klejace\/3m-5958-fr-vhb-klebeband\/#primaryimage","url":"https:\/\/cardinal-tapes.com\/wp-content\/uploads\/3m-vhb-5958fr-black-scaled.jpg","contentUrl":"https:\/\/cardinal-tapes.com\/wp-content\/uploads\/3m-vhb-5958fr-black-scaled.jpg","width":2560,"height":1771,"caption":"3M VHB 5958"},{"@type":"BreadcrumbList","@id":"https:\/\/cardinal-tapes.com\/pl\/ta\u015bmy-samoprzylepne\/tasmy-dwustronnie-klejace\/3m-5958-fr-vhb-klebeband\/#breadcrumb","itemListElement":[{"@type":"ListItem","position":1,"name":"Startseite","item":"https:\/\/cardinal-tapes.com\/pl\/strona-glowna\/"},{"@type":"ListItem","position":2,"name":"Ta\u015bmy samoprzylepne","item":"https:\/\/cardinal-tapes.com\/pl\/tasmy-samoprzylepne-pl\/"},{"@type":"ListItem","position":3,"name":"Ta\u015bmy dwustronnie klej\u0105ce","item":"https:\/\/cardinal-tapes.com\/pl\/kategoria\/tasmy-dwustronnie-klejace\/"},{"@type":"ListItem","position":4,"name":"Trudnopalna ta\u015bma 3M\u2122 VHB\u2122 5958FR"}]},{"@type":"WebSite","@id":"https:\/\/cardinal-tapes.com\/#website","url":"https:\/\/cardinal-tapes.com\/","name":"cardinal TAPES","description":"Klebetechnik aus Wuppertal","potentialAction":[{"@type":"SearchAction","target":{"@type":"EntryPoint","urlTemplate":"https:\/\/cardinal-tapes.com\/?s={search_term_string}"},"query-input":{"@type":"PropertyValueSpecification","valueRequired":true,"valueName":"search_term_string"}}],"inLanguage":"pl-PL"}]}},"brands":[{"id":2168,"name":"3M","slug":"3m-pl"}],"_links":{"self":[{"href":"https:\/\/cardinal-tapes.com\/pl\/wp-json\/wp\/v2\/product\/45462","targetHints":{"allow":["GET"]}}],"collection":[{"href":"https:\/\/cardinal-tapes.com\/pl\/wp-json\/wp\/v2\/product"}],"about":[{"href":"https:\/\/cardinal-tapes.com\/pl\/wp-json\/wp\/v2\/types\/product"}],"wp:featuredmedia":[{"embeddable":true,"href":"https:\/\/cardinal-tapes.com\/pl\/wp-json\/wp\/v2\/media\/27050"}],"wp:attachment":[{"href":"https:\/\/cardinal-tapes.com\/pl\/wp-json\/wp\/v2\/media?parent=45462"}],"wp:term":[{"taxonomy":"pwb-brand","embeddable":true,"href":"https:\/\/cardinal-tapes.com\/pl\/wp-json\/wp\/v2\/pwb-brand?post=45462"},{"taxonomy":"product_brand","embeddable":true,"href":"https:\/\/cardinal-tapes.com\/pl\/wp-json\/wp\/v2\/product_brand?post=45462"},{"taxonomy":"product_cat","embeddable":true,"href":"https:\/\/cardinal-tapes.com\/pl\/wp-json\/wp\/v2\/product_cat?post=45462"},{"taxonomy":"product_tag","embeddable":true,"href":"https:\/\/cardinal-tapes.com\/pl\/wp-json\/wp\/v2\/product_tag?post=45462"}],"curies":[{"name":"wp","href":"https:\/\/api.w.org\/{rel}","templated":true}]}}