{"id":44825,"date":"2018-06-11T13:17:31","date_gmt":"2018-06-11T11:17:31","guid":{"rendered":"https:\/\/cardinal.pixel-tal.de\/klebebaender\/bez-kategorii\/ca-914-tasma-samoprzylepna-z-pianki-pe\/"},"modified":"2025-07-02T13:56:22","modified_gmt":"2025-07-02T11:56:22","slug":"ca-914-pe-foam-adhesive-tape","status":"publish","type":"product","link":"https:\/\/cardinal-tapes.com\/pl\/ta\u015bmy-samoprzylepne\/obszary-zastosowan\/tasma-piankowa-pe\/ca-914-pe-foam-adhesive-tape\/","title":{"rendered":"CA-914 Ta\u015bma samoprzylepna z pianki PE"},"content":{"rendered":"<p>CA-914 to dwustronna ta\u015bma samoprzylepna sk\u0142adaj\u0105ca si\u0119 z bia\u0142ej pianki PE o zamkni\u0119tych kom\u00f3rkach pokrytej po obu stronach zmodyfikowanym akrylowym klejem samoprzylepnym. Klej akrylowy charakteryzuje si\u0119 wysok\u0105 przyczepno\u015bci\u0105 pocz\u0105tkow\u0105, nawet na szorstkich i krytycznych powierzchniach pod\u0142o\u017ca. <\/p>\n<p>Produkt jest zatwierdzony do stosowania jako lustrzana ta\u015bma samoprzylepna w konstrukcji mebli.<\/p>\n","protected":false},"excerpt":{"rendered":"<p>CA-914 to dwustronna ta\u015bma samoprzylepna sk\u0142adaj\u0105ca si\u0119 z bia\u0142ej pianki PE o zamkni\u0119tych kom\u00f3rkach pokrytej po obu stronach zmodyfikowanym akrylowym klejem samoprzylepnym. Klej akrylowy charakteryzuje si\u0119 wysok\u0105 przyczepno\u015bci\u0105 pocz\u0105tkow\u0105, nawet na szorstkich i krytycznych powierzchniach pod\u0142o\u017ca. Produkt jest zatwierdzony do stosowania jako lustrzana ta\u015bma samoprzylepna w konstrukcji mebli.<\/p>\n","protected":false},"featured_media":27158,"template":"","meta":{"_acf_changed":false},"pwb-brand":[2173],"product_brand":[],"product_cat":[1783,1784,1814],"product_tag":[],"class_list":{"0":"post-44825","1":"product","2":"type-product","3":"status-publish","4":"has-post-thumbnail","6":"pwb-brand-cardinal-gmbh-pl","7":"product_cat-tasma-piankowa-pe","8":"product_cat-tasma-piankowa-pe-pl","9":"product_cat-tasmy-dwustronnie-klejace","11":"first","12":"instock","13":"taxable","14":"shipping-taxable","15":"purchasable","16":"product-type-variable"},"acf":[],"yoast_head":"<!-- This site is optimized with the Yoast SEO plugin v27.3 - https:\/\/yoast.com\/product\/yoast-seo-wordpress\/ -->\n<title>CA-914 Piankowa ta\u015bma klej\u0105ca PE | Cardinal TAPES<\/title>\n<meta name=\"description\" content=\"CA-914 to dwustronna ta\u015bma piankowa PE o wysokiej przyczepno\u015bci pocz\u0105tkowej. Produkt jest zatwierdzony jako lustrzana ta\u015bma samoprzylepna\" \/>\n<meta name=\"robots\" content=\"index, follow, max-snippet:-1, max-image-preview:large, max-video-preview:-1\" \/>\n<link rel=\"canonical\" href=\"https:\/\/cardinal-tapes.com\/pl\/ta\u015bmy-samoprzylepne\/obszary-zastosowan\/tasma-piankowa-pe\/ca-914-pe-foam-adhesive-tape\/\" \/>\n<meta property=\"og:locale\" content=\"pl_PL\" \/>\n<meta property=\"og:type\" content=\"article\" \/>\n<meta property=\"og:title\" content=\"CA-914 Piankowa ta\u015bma klej\u0105ca PE | Cardinal TAPES\" \/>\n<meta property=\"og:description\" content=\"CA-914 to dwustronna ta\u015bma piankowa PE o wysokiej przyczepno\u015bci pocz\u0105tkowej. Produkt jest zatwierdzony jako lustrzana ta\u015bma samoprzylepna\" \/>\n<meta property=\"og:url\" content=\"https:\/\/cardinal-tapes.com\/pl\/ta\u015bmy-samoprzylepne\/obszary-zastosowan\/tasma-piankowa-pe\/ca-914-pe-foam-adhesive-tape\/\" \/>\n<meta property=\"og:site_name\" content=\"cardinal TAPES\" \/>\n<meta property=\"article:modified_time\" content=\"2025-07-02T11:56:22+00:00\" \/>\n<meta property=\"og:image\" content=\"https:\/\/cardinal-tapes.com\/wp-content\/uploads\/CA_914_retouched.jpg\" \/>\n\t<meta property=\"og:image:width\" content=\"1082\" \/>\n\t<meta property=\"og:image:height\" content=\"1400\" \/>\n\t<meta property=\"og:image:type\" content=\"image\/jpeg\" \/>\n<meta name=\"twitter:card\" content=\"summary_large_image\" \/>\n<script type=\"application\/ld+json\" class=\"yoast-schema-graph\">{\"@context\":\"https:\\\/\\\/schema.org\",\"@graph\":[{\"@type\":\"WebPage\",\"@id\":\"https:\\\/\\\/cardinal-tapes.com\\\/pl\\\/ta\u015bmy-samoprzylepne\\\/obszary-zastosowan\\\/tasma-piankowa-pe\\\/ca-914-pe-foam-adhesive-tape\\\/\",\"url\":\"https:\\\/\\\/cardinal-tapes.com\\\/pl\\\/ta\u015bmy-samoprzylepne\\\/obszary-zastosowan\\\/tasma-piankowa-pe\\\/ca-914-pe-foam-adhesive-tape\\\/\",\"name\":\"CA-914 Piankowa ta\u015bma klej\u0105ca PE | Cardinal TAPES\",\"isPartOf\":{\"@id\":\"https:\\\/\\\/cardinal-tapes.com\\\/#website\"},\"primaryImageOfPage\":{\"@id\":\"https:\\\/\\\/cardinal-tapes.com\\\/pl\\\/ta\u015bmy-samoprzylepne\\\/obszary-zastosowan\\\/tasma-piankowa-pe\\\/ca-914-pe-foam-adhesive-tape\\\/#primaryimage\"},\"image\":{\"@id\":\"https:\\\/\\\/cardinal-tapes.com\\\/pl\\\/ta\u015bmy-samoprzylepne\\\/obszary-zastosowan\\\/tasma-piankowa-pe\\\/ca-914-pe-foam-adhesive-tape\\\/#primaryimage\"},\"thumbnailUrl\":\"https:\\\/\\\/cardinal-tapes.com\\\/wp-content\\\/uploads\\\/CA_914_retouched.jpg\",\"datePublished\":\"2018-06-11T11:17:31+00:00\",\"dateModified\":\"2025-07-02T11:56:22+00:00\",\"description\":\"CA-914 to dwustronna ta\u015bma piankowa PE o wysokiej przyczepno\u015bci pocz\u0105tkowej. Produkt jest zatwierdzony jako lustrzana ta\u015bma samoprzylepna\",\"breadcrumb\":{\"@id\":\"https:\\\/\\\/cardinal-tapes.com\\\/pl\\\/ta\u015bmy-samoprzylepne\\\/obszary-zastosowan\\\/tasma-piankowa-pe\\\/ca-914-pe-foam-adhesive-tape\\\/#breadcrumb\"},\"inLanguage\":\"pl-PL\",\"potentialAction\":[{\"@type\":\"ReadAction\",\"target\":[\"https:\\\/\\\/cardinal-tapes.com\\\/pl\\\/ta\u015bmy-samoprzylepne\\\/obszary-zastosowan\\\/tasma-piankowa-pe\\\/ca-914-pe-foam-adhesive-tape\\\/\"]}]},{\"@type\":\"ImageObject\",\"inLanguage\":\"pl-PL\",\"@id\":\"https:\\\/\\\/cardinal-tapes.com\\\/pl\\\/ta\u015bmy-samoprzylepne\\\/obszary-zastosowan\\\/tasma-piankowa-pe\\\/ca-914-pe-foam-adhesive-tape\\\/#primaryimage\",\"url\":\"https:\\\/\\\/cardinal-tapes.com\\\/wp-content\\\/uploads\\\/CA_914_retouched.jpg\",\"contentUrl\":\"https:\\\/\\\/cardinal-tapes.com\\\/wp-content\\\/uploads\\\/CA_914_retouched.jpg\",\"width\":1082,\"height\":1400,\"caption\":\"Ta\u015bma klej\u0105ca CA 914\"},{\"@type\":\"BreadcrumbList\",\"@id\":\"https:\\\/\\\/cardinal-tapes.com\\\/pl\\\/ta\u015bmy-samoprzylepne\\\/obszary-zastosowan\\\/tasma-piankowa-pe\\\/ca-914-pe-foam-adhesive-tape\\\/#breadcrumb\",\"itemListElement\":[{\"@type\":\"ListItem\",\"position\":1,\"name\":\"Startseite\",\"item\":\"https:\\\/\\\/cardinal-tapes.com\\\/pl\\\/strona-glowna\\\/\"},{\"@type\":\"ListItem\",\"position\":2,\"name\":\"Ta\u015bmy samoprzylepne\",\"item\":\"https:\\\/\\\/cardinal-tapes.com\\\/pl\\\/tasmy-samoprzylepne-pl\\\/\"},{\"@type\":\"ListItem\",\"position\":3,\"name\":\"Obszary zastosowa\u0144\",\"item\":\"https:\\\/\\\/cardinal-tapes.com\\\/pl\\\/kategoria\\\/obszary-zastosowan\\\/\"},{\"@type\":\"ListItem\",\"position\":4,\"name\":\"Ta\u015bma piankowa PE\",\"item\":\"https:\\\/\\\/cardinal-tapes.com\\\/pl\\\/kategoria\\\/tasma-piankowa-pe\\\/\"},{\"@type\":\"ListItem\",\"position\":5,\"name\":\"CA-914 Ta\u015bma samoprzylepna z pianki PE\"}]},{\"@type\":\"WebSite\",\"@id\":\"https:\\\/\\\/cardinal-tapes.com\\\/#website\",\"url\":\"https:\\\/\\\/cardinal-tapes.com\\\/\",\"name\":\"cardinal TAPES\",\"description\":\"Klebetechnik aus Wuppertal\",\"potentialAction\":[{\"@type\":\"SearchAction\",\"target\":{\"@type\":\"EntryPoint\",\"urlTemplate\":\"https:\\\/\\\/cardinal-tapes.com\\\/?s={search_term_string}\"},\"query-input\":{\"@type\":\"PropertyValueSpecification\",\"valueRequired\":true,\"valueName\":\"search_term_string\"}}],\"inLanguage\":\"pl-PL\"}]}<\/script>\n<!-- \/ Yoast SEO plugin. -->","yoast_head_json":{"title":"CA-914 Piankowa ta\u015bma klej\u0105ca PE | Cardinal TAPES","description":"CA-914 to dwustronna ta\u015bma piankowa PE o wysokiej przyczepno\u015bci pocz\u0105tkowej. Produkt jest zatwierdzony jako lustrzana ta\u015bma samoprzylepna","robots":{"index":"index","follow":"follow","max-snippet":"max-snippet:-1","max-image-preview":"max-image-preview:large","max-video-preview":"max-video-preview:-1"},"canonical":"https:\/\/cardinal-tapes.com\/pl\/ta\u015bmy-samoprzylepne\/obszary-zastosowan\/tasma-piankowa-pe\/ca-914-pe-foam-adhesive-tape\/","og_locale":"pl_PL","og_type":"article","og_title":"CA-914 Piankowa ta\u015bma klej\u0105ca PE | Cardinal TAPES","og_description":"CA-914 to dwustronna ta\u015bma piankowa PE o wysokiej przyczepno\u015bci pocz\u0105tkowej. Produkt jest zatwierdzony jako lustrzana ta\u015bma samoprzylepna","og_url":"https:\/\/cardinal-tapes.com\/pl\/ta\u015bmy-samoprzylepne\/obszary-zastosowan\/tasma-piankowa-pe\/ca-914-pe-foam-adhesive-tape\/","og_site_name":"cardinal TAPES","article_modified_time":"2025-07-02T11:56:22+00:00","og_image":[{"width":1082,"height":1400,"url":"https:\/\/cardinal-tapes.com\/wp-content\/uploads\/CA_914_retouched.jpg","type":"image\/jpeg"}],"twitter_card":"summary_large_image","schema":{"@context":"https:\/\/schema.org","@graph":[{"@type":"WebPage","@id":"https:\/\/cardinal-tapes.com\/pl\/ta\u015bmy-samoprzylepne\/obszary-zastosowan\/tasma-piankowa-pe\/ca-914-pe-foam-adhesive-tape\/","url":"https:\/\/cardinal-tapes.com\/pl\/ta\u015bmy-samoprzylepne\/obszary-zastosowan\/tasma-piankowa-pe\/ca-914-pe-foam-adhesive-tape\/","name":"CA-914 Piankowa ta\u015bma klej\u0105ca PE | Cardinal TAPES","isPartOf":{"@id":"https:\/\/cardinal-tapes.com\/#website"},"primaryImageOfPage":{"@id":"https:\/\/cardinal-tapes.com\/pl\/ta\u015bmy-samoprzylepne\/obszary-zastosowan\/tasma-piankowa-pe\/ca-914-pe-foam-adhesive-tape\/#primaryimage"},"image":{"@id":"https:\/\/cardinal-tapes.com\/pl\/ta\u015bmy-samoprzylepne\/obszary-zastosowan\/tasma-piankowa-pe\/ca-914-pe-foam-adhesive-tape\/#primaryimage"},"thumbnailUrl":"https:\/\/cardinal-tapes.com\/wp-content\/uploads\/CA_914_retouched.jpg","datePublished":"2018-06-11T11:17:31+00:00","dateModified":"2025-07-02T11:56:22+00:00","description":"CA-914 to dwustronna ta\u015bma piankowa PE o wysokiej przyczepno\u015bci pocz\u0105tkowej. Produkt jest zatwierdzony jako lustrzana ta\u015bma samoprzylepna","breadcrumb":{"@id":"https:\/\/cardinal-tapes.com\/pl\/ta\u015bmy-samoprzylepne\/obszary-zastosowan\/tasma-piankowa-pe\/ca-914-pe-foam-adhesive-tape\/#breadcrumb"},"inLanguage":"pl-PL","potentialAction":[{"@type":"ReadAction","target":["https:\/\/cardinal-tapes.com\/pl\/ta\u015bmy-samoprzylepne\/obszary-zastosowan\/tasma-piankowa-pe\/ca-914-pe-foam-adhesive-tape\/"]}]},{"@type":"ImageObject","inLanguage":"pl-PL","@id":"https:\/\/cardinal-tapes.com\/pl\/ta\u015bmy-samoprzylepne\/obszary-zastosowan\/tasma-piankowa-pe\/ca-914-pe-foam-adhesive-tape\/#primaryimage","url":"https:\/\/cardinal-tapes.com\/wp-content\/uploads\/CA_914_retouched.jpg","contentUrl":"https:\/\/cardinal-tapes.com\/wp-content\/uploads\/CA_914_retouched.jpg","width":1082,"height":1400,"caption":"Ta\u015bma klej\u0105ca CA 914"},{"@type":"BreadcrumbList","@id":"https:\/\/cardinal-tapes.com\/pl\/ta\u015bmy-samoprzylepne\/obszary-zastosowan\/tasma-piankowa-pe\/ca-914-pe-foam-adhesive-tape\/#breadcrumb","itemListElement":[{"@type":"ListItem","position":1,"name":"Startseite","item":"https:\/\/cardinal-tapes.com\/pl\/strona-glowna\/"},{"@type":"ListItem","position":2,"name":"Ta\u015bmy samoprzylepne","item":"https:\/\/cardinal-tapes.com\/pl\/tasmy-samoprzylepne-pl\/"},{"@type":"ListItem","position":3,"name":"Obszary zastosowa\u0144","item":"https:\/\/cardinal-tapes.com\/pl\/kategoria\/obszary-zastosowan\/"},{"@type":"ListItem","position":4,"name":"Ta\u015bma piankowa PE","item":"https:\/\/cardinal-tapes.com\/pl\/kategoria\/tasma-piankowa-pe\/"},{"@type":"ListItem","position":5,"name":"CA-914 Ta\u015bma samoprzylepna z pianki PE"}]},{"@type":"WebSite","@id":"https:\/\/cardinal-tapes.com\/#website","url":"https:\/\/cardinal-tapes.com\/","name":"cardinal TAPES","description":"Klebetechnik aus Wuppertal","potentialAction":[{"@type":"SearchAction","target":{"@type":"EntryPoint","urlTemplate":"https:\/\/cardinal-tapes.com\/?s={search_term_string}"},"query-input":{"@type":"PropertyValueSpecification","valueRequired":true,"valueName":"search_term_string"}}],"inLanguage":"pl-PL"}]}},"brands":[{"id":2173,"name":"cardinal GmbH","slug":"cardinal-gmbh-pl"}],"_links":{"self":[{"href":"https:\/\/cardinal-tapes.com\/pl\/wp-json\/wp\/v2\/product\/44825","targetHints":{"allow":["GET"]}}],"collection":[{"href":"https:\/\/cardinal-tapes.com\/pl\/wp-json\/wp\/v2\/product"}],"about":[{"href":"https:\/\/cardinal-tapes.com\/pl\/wp-json\/wp\/v2\/types\/product"}],"wp:featuredmedia":[{"embeddable":true,"href":"https:\/\/cardinal-tapes.com\/pl\/wp-json\/wp\/v2\/media\/27158"}],"wp:attachment":[{"href":"https:\/\/cardinal-tapes.com\/pl\/wp-json\/wp\/v2\/media?parent=44825"}],"wp:term":[{"taxonomy":"pwb-brand","embeddable":true,"href":"https:\/\/cardinal-tapes.com\/pl\/wp-json\/wp\/v2\/pwb-brand?post=44825"},{"taxonomy":"product_brand","embeddable":true,"href":"https:\/\/cardinal-tapes.com\/pl\/wp-json\/wp\/v2\/product_brand?post=44825"},{"taxonomy":"product_cat","embeddable":true,"href":"https:\/\/cardinal-tapes.com\/pl\/wp-json\/wp\/v2\/product_cat?post=44825"},{"taxonomy":"product_tag","embeddable":true,"href":"https:\/\/cardinal-tapes.com\/pl\/wp-json\/wp\/v2\/product_tag?post=44825"}],"curies":[{"name":"wp","href":"https:\/\/api.w.org\/{rel}","templated":true}]}}