{"id":44823,"date":"2018-06-11T13:06:42","date_gmt":"2023-06-05T15:02:05","guid":{"rendered":"https:\/\/cardinal.pixel-tal.de\/klebebaender\/bez-kategorii\/ca-723-tasma-pet-metalizowana\/"},"modified":"2023-06-05T17:02:05","modified_gmt":"2023-06-05T15:02:05","slug":"ca-723-metalizowana-tasma-samoprzylepna-dla-zwierzat-domowych","status":"publish","type":"product","link":"https:\/\/cardinal-tapes.com\/pl\/ta\u015bmy-samoprzylepne\/obszary-zastosowan\/przemysl-elektryczny\/ca-723-metalizowana-tasma-samoprzylepna-dla-zwierzat-domowych\/","title":{"rendered":"CA-723 Ta\u015bma PET metalizowana"},"content":{"rendered":"<p>CA-723 to specjalna ta\u015bma samoprzylepna o wysokiej stabilno\u015bci wymiarowej dzi\u0119ki no\u015bnikowi PET. Folia PET mo\u017ce by\u0107 u\u017cywana ze wzgl\u0119du na<br \/>\nzawarto\u015b\u0107 metalu mo\u017ce by\u0107 wykryta przez wykrywacze metalu. Systemy optyczne wykrywaj\u0105 czarny kolor. Bardzo dobry<br \/>\nMo\u017ce by\u0107 stosowany i ma bardzo wysok\u0105 przyczepno\u015b\u0107 do r\u00f3\u017cnych materia\u0142\u00f3w.<\/p>\n","protected":false},"excerpt":{"rendered":"<p>CA-723 to specjalna ta\u015bma samoprzylepna o wysokiej stabilno\u015bci wymiarowej dzi\u0119ki no\u015bnikowi PET. Folia PET mo\u017ce by\u0107 u\u017cywana ze wzgl\u0119du na zawarto\u015b\u0107 metalu mo\u017ce by\u0107 wykryta przez wykrywacze metalu. Systemy optyczne wykrywaj\u0105 czarny kolor. Bardzo dobry Mo\u017ce by\u0107 stosowany i ma bardzo wysok\u0105 przyczepno\u015b\u0107 do r\u00f3\u017cnych materia\u0142\u00f3w.<\/p>\n","protected":false},"featured_media":27146,"template":"","meta":{"_acf_changed":false},"pwb-brand":[2173],"product_brand":[],"product_cat":[1693,1814],"product_tag":[],"class_list":{"0":"post-44823","1":"product","2":"type-product","3":"status-publish","4":"has-post-thumbnail","6":"pwb-brand-cardinal-gmbh-pl","7":"product_cat-przemysl-elektryczny","8":"product_cat-tasmy-dwustronnie-klejace","10":"first","11":"instock","12":"taxable","13":"shipping-taxable","14":"purchasable","15":"product-type-variable"},"acf":[],"yoast_head":"<!-- This site is optimized with the Yoast SEO plugin v27.3 - https:\/\/yoast.com\/product\/yoast-seo-wordpress\/ -->\n<title>CA-723 Ta\u015bma PET metalizowana | Cardinal TAPES<\/title>\n<meta name=\"description\" content=\"CA-723 to specjalna ta\u015bma samoprzylepna o wysokiej stabilno\u015bci wymiarowej dzi\u0119ki no\u015bnikowi PET. Wi\u0119cej informacji na temat ta\u015bmy mo\u017cna znale\u017a\u0107 tutaj.\" \/>\n<meta name=\"robots\" content=\"index, follow, max-snippet:-1, max-image-preview:large, max-video-preview:-1\" \/>\n<link rel=\"canonical\" href=\"https:\/\/cardinal-tapes.com\/pl\/ta\u015bmy-samoprzylepne\/przemysl-elektryczny\/ca-723-metalizowana-tasma-samoprzylepna-dla-zwierzat-domowych\/\" \/>\n<meta property=\"og:locale\" content=\"pl_PL\" \/>\n<meta property=\"og:type\" content=\"article\" \/>\n<meta property=\"og:title\" content=\"CA-723 Ta\u015bma PET metalizowana | Cardinal TAPES\" \/>\n<meta property=\"og:description\" content=\"CA-723 to specjalna ta\u015bma samoprzylepna o wysokiej stabilno\u015bci wymiarowej dzi\u0119ki no\u015bnikowi PET. Wi\u0119cej informacji na temat ta\u015bmy mo\u017cna znale\u017a\u0107 tutaj.\" \/>\n<meta property=\"og:url\" content=\"https:\/\/cardinal-tapes.com\/pl\/ta\u015bmy-samoprzylepne\/przemysl-elektryczny\/ca-723-metalizowana-tasma-samoprzylepna-dla-zwierzat-domowych\/\" \/>\n<meta property=\"og:site_name\" content=\"cardinal TAPES\" \/>\n<meta property=\"og:image\" content=\"https:\/\/cardinal-tapes.com\/wp-content\/uploads\/CA_723_retouched.jpg\" \/>\n\t<meta property=\"og:image:width\" content=\"1221\" \/>\n\t<meta property=\"og:image:height\" content=\"1400\" \/>\n\t<meta property=\"og:image:type\" content=\"image\/jpeg\" \/>\n<meta name=\"twitter:card\" content=\"summary_large_image\" \/>\n<script type=\"application\/ld+json\" class=\"yoast-schema-graph\">{\"@context\":\"https:\\\/\\\/schema.org\",\"@graph\":[{\"@type\":\"WebPage\",\"@id\":\"https:\\\/\\\/cardinal-tapes.com\\\/pl\\\/ta\u015bmy-samoprzylepne\\\/przemysl-elektryczny\\\/ca-723-metalizowana-tasma-samoprzylepna-dla-zwierzat-domowych\\\/\",\"url\":\"https:\\\/\\\/cardinal-tapes.com\\\/pl\\\/ta\u015bmy-samoprzylepne\\\/przemysl-elektryczny\\\/ca-723-metalizowana-tasma-samoprzylepna-dla-zwierzat-domowych\\\/\",\"name\":\"CA-723 Ta\u015bma PET metalizowana | Cardinal TAPES\",\"isPartOf\":{\"@id\":\"https:\\\/\\\/cardinal-tapes.com\\\/#website\"},\"primaryImageOfPage\":{\"@id\":\"https:\\\/\\\/cardinal-tapes.com\\\/pl\\\/ta\u015bmy-samoprzylepne\\\/przemysl-elektryczny\\\/ca-723-metalizowana-tasma-samoprzylepna-dla-zwierzat-domowych\\\/#primaryimage\"},\"image\":{\"@id\":\"https:\\\/\\\/cardinal-tapes.com\\\/pl\\\/ta\u015bmy-samoprzylepne\\\/przemysl-elektryczny\\\/ca-723-metalizowana-tasma-samoprzylepna-dla-zwierzat-domowych\\\/#primaryimage\"},\"thumbnailUrl\":\"https:\\\/\\\/cardinal-tapes.com\\\/wp-content\\\/uploads\\\/CA_723_retouched.jpg\",\"datePublished\":\"2023-06-05T15:02:05+00:00\",\"description\":\"CA-723 to specjalna ta\u015bma samoprzylepna o wysokiej stabilno\u015bci wymiarowej dzi\u0119ki no\u015bnikowi PET. Wi\u0119cej informacji na temat ta\u015bmy mo\u017cna znale\u017a\u0107 tutaj.\",\"breadcrumb\":{\"@id\":\"https:\\\/\\\/cardinal-tapes.com\\\/pl\\\/ta\u015bmy-samoprzylepne\\\/przemysl-elektryczny\\\/ca-723-metalizowana-tasma-samoprzylepna-dla-zwierzat-domowych\\\/#breadcrumb\"},\"inLanguage\":\"pl-PL\",\"potentialAction\":[{\"@type\":\"ReadAction\",\"target\":[\"https:\\\/\\\/cardinal-tapes.com\\\/pl\\\/ta\u015bmy-samoprzylepne\\\/przemysl-elektryczny\\\/ca-723-metalizowana-tasma-samoprzylepna-dla-zwierzat-domowych\\\/\"]}]},{\"@type\":\"ImageObject\",\"inLanguage\":\"pl-PL\",\"@id\":\"https:\\\/\\\/cardinal-tapes.com\\\/pl\\\/ta\u015bmy-samoprzylepne\\\/przemysl-elektryczny\\\/ca-723-metalizowana-tasma-samoprzylepna-dla-zwierzat-domowych\\\/#primaryimage\",\"url\":\"https:\\\/\\\/cardinal-tapes.com\\\/wp-content\\\/uploads\\\/CA_723_retouched.jpg\",\"contentUrl\":\"https:\\\/\\\/cardinal-tapes.com\\\/wp-content\\\/uploads\\\/CA_723_retouched.jpg\",\"width\":1221,\"height\":1400,\"caption\":\"Ta\u015bma klej\u0105ca CA 723\"},{\"@type\":\"BreadcrumbList\",\"@id\":\"https:\\\/\\\/cardinal-tapes.com\\\/pl\\\/ta\u015bmy-samoprzylepne\\\/przemysl-elektryczny\\\/ca-723-metalizowana-tasma-samoprzylepna-dla-zwierzat-domowych\\\/#breadcrumb\",\"itemListElement\":[{\"@type\":\"ListItem\",\"position\":1,\"name\":\"Startseite\",\"item\":\"https:\\\/\\\/cardinal-tapes.com\\\/pl\\\/strona-glowna\\\/\"},{\"@type\":\"ListItem\",\"position\":2,\"name\":\"Ta\u015bmy samoprzylepne\",\"item\":\"https:\\\/\\\/cardinal-tapes.com\\\/pl\\\/tasmy-samoprzylepne-pl\\\/\"},{\"@type\":\"ListItem\",\"position\":3,\"name\":\"Ta\u015bmy dwustronnie klej\u0105ce\",\"item\":\"https:\\\/\\\/cardinal-tapes.com\\\/pl\\\/kategoria\\\/tasmy-dwustronnie-klejace\\\/\"},{\"@type\":\"ListItem\",\"position\":4,\"name\":\"CA-723 Ta\u015bma PET metalizowana\"}]},{\"@type\":\"WebSite\",\"@id\":\"https:\\\/\\\/cardinal-tapes.com\\\/#website\",\"url\":\"https:\\\/\\\/cardinal-tapes.com\\\/\",\"name\":\"cardinal TAPES\",\"description\":\"Klebetechnik aus Wuppertal\",\"potentialAction\":[{\"@type\":\"SearchAction\",\"target\":{\"@type\":\"EntryPoint\",\"urlTemplate\":\"https:\\\/\\\/cardinal-tapes.com\\\/?s={search_term_string}\"},\"query-input\":{\"@type\":\"PropertyValueSpecification\",\"valueRequired\":true,\"valueName\":\"search_term_string\"}}],\"inLanguage\":\"pl-PL\"}]}<\/script>\n<!-- \/ Yoast SEO plugin. -->","yoast_head_json":{"title":"CA-723 Ta\u015bma PET metalizowana | Cardinal TAPES","description":"CA-723 to specjalna ta\u015bma samoprzylepna o wysokiej stabilno\u015bci wymiarowej dzi\u0119ki no\u015bnikowi PET. Wi\u0119cej informacji na temat ta\u015bmy mo\u017cna znale\u017a\u0107 tutaj.","robots":{"index":"index","follow":"follow","max-snippet":"max-snippet:-1","max-image-preview":"max-image-preview:large","max-video-preview":"max-video-preview:-1"},"canonical":"https:\/\/cardinal-tapes.com\/pl\/ta\u015bmy-samoprzylepne\/przemysl-elektryczny\/ca-723-metalizowana-tasma-samoprzylepna-dla-zwierzat-domowych\/","og_locale":"pl_PL","og_type":"article","og_title":"CA-723 Ta\u015bma PET metalizowana | Cardinal TAPES","og_description":"CA-723 to specjalna ta\u015bma samoprzylepna o wysokiej stabilno\u015bci wymiarowej dzi\u0119ki no\u015bnikowi PET. Wi\u0119cej informacji na temat ta\u015bmy mo\u017cna znale\u017a\u0107 tutaj.","og_url":"https:\/\/cardinal-tapes.com\/pl\/ta\u015bmy-samoprzylepne\/przemysl-elektryczny\/ca-723-metalizowana-tasma-samoprzylepna-dla-zwierzat-domowych\/","og_site_name":"cardinal TAPES","og_image":[{"width":1221,"height":1400,"url":"https:\/\/cardinal-tapes.com\/wp-content\/uploads\/CA_723_retouched.jpg","type":"image\/jpeg"}],"twitter_card":"summary_large_image","schema":{"@context":"https:\/\/schema.org","@graph":[{"@type":"WebPage","@id":"https:\/\/cardinal-tapes.com\/pl\/ta\u015bmy-samoprzylepne\/przemysl-elektryczny\/ca-723-metalizowana-tasma-samoprzylepna-dla-zwierzat-domowych\/","url":"https:\/\/cardinal-tapes.com\/pl\/ta\u015bmy-samoprzylepne\/przemysl-elektryczny\/ca-723-metalizowana-tasma-samoprzylepna-dla-zwierzat-domowych\/","name":"CA-723 Ta\u015bma PET metalizowana | Cardinal TAPES","isPartOf":{"@id":"https:\/\/cardinal-tapes.com\/#website"},"primaryImageOfPage":{"@id":"https:\/\/cardinal-tapes.com\/pl\/ta\u015bmy-samoprzylepne\/przemysl-elektryczny\/ca-723-metalizowana-tasma-samoprzylepna-dla-zwierzat-domowych\/#primaryimage"},"image":{"@id":"https:\/\/cardinal-tapes.com\/pl\/ta\u015bmy-samoprzylepne\/przemysl-elektryczny\/ca-723-metalizowana-tasma-samoprzylepna-dla-zwierzat-domowych\/#primaryimage"},"thumbnailUrl":"https:\/\/cardinal-tapes.com\/wp-content\/uploads\/CA_723_retouched.jpg","datePublished":"2023-06-05T15:02:05+00:00","description":"CA-723 to specjalna ta\u015bma samoprzylepna o wysokiej stabilno\u015bci wymiarowej dzi\u0119ki no\u015bnikowi PET. Wi\u0119cej informacji na temat ta\u015bmy mo\u017cna znale\u017a\u0107 tutaj.","breadcrumb":{"@id":"https:\/\/cardinal-tapes.com\/pl\/ta\u015bmy-samoprzylepne\/przemysl-elektryczny\/ca-723-metalizowana-tasma-samoprzylepna-dla-zwierzat-domowych\/#breadcrumb"},"inLanguage":"pl-PL","potentialAction":[{"@type":"ReadAction","target":["https:\/\/cardinal-tapes.com\/pl\/ta\u015bmy-samoprzylepne\/przemysl-elektryczny\/ca-723-metalizowana-tasma-samoprzylepna-dla-zwierzat-domowych\/"]}]},{"@type":"ImageObject","inLanguage":"pl-PL","@id":"https:\/\/cardinal-tapes.com\/pl\/ta\u015bmy-samoprzylepne\/przemysl-elektryczny\/ca-723-metalizowana-tasma-samoprzylepna-dla-zwierzat-domowych\/#primaryimage","url":"https:\/\/cardinal-tapes.com\/wp-content\/uploads\/CA_723_retouched.jpg","contentUrl":"https:\/\/cardinal-tapes.com\/wp-content\/uploads\/CA_723_retouched.jpg","width":1221,"height":1400,"caption":"Ta\u015bma klej\u0105ca CA 723"},{"@type":"BreadcrumbList","@id":"https:\/\/cardinal-tapes.com\/pl\/ta\u015bmy-samoprzylepne\/przemysl-elektryczny\/ca-723-metalizowana-tasma-samoprzylepna-dla-zwierzat-domowych\/#breadcrumb","itemListElement":[{"@type":"ListItem","position":1,"name":"Startseite","item":"https:\/\/cardinal-tapes.com\/pl\/strona-glowna\/"},{"@type":"ListItem","position":2,"name":"Ta\u015bmy samoprzylepne","item":"https:\/\/cardinal-tapes.com\/pl\/tasmy-samoprzylepne-pl\/"},{"@type":"ListItem","position":3,"name":"Ta\u015bmy dwustronnie klej\u0105ce","item":"https:\/\/cardinal-tapes.com\/pl\/kategoria\/tasmy-dwustronnie-klejace\/"},{"@type":"ListItem","position":4,"name":"CA-723 Ta\u015bma PET metalizowana"}]},{"@type":"WebSite","@id":"https:\/\/cardinal-tapes.com\/#website","url":"https:\/\/cardinal-tapes.com\/","name":"cardinal TAPES","description":"Klebetechnik aus Wuppertal","potentialAction":[{"@type":"SearchAction","target":{"@type":"EntryPoint","urlTemplate":"https:\/\/cardinal-tapes.com\/?s={search_term_string}"},"query-input":{"@type":"PropertyValueSpecification","valueRequired":true,"valueName":"search_term_string"}}],"inLanguage":"pl-PL"}]}},"brands":[{"id":2173,"name":"cardinal GmbH","slug":"cardinal-gmbh-pl"}],"_links":{"self":[{"href":"https:\/\/cardinal-tapes.com\/pl\/wp-json\/wp\/v2\/product\/44823","targetHints":{"allow":["GET"]}}],"collection":[{"href":"https:\/\/cardinal-tapes.com\/pl\/wp-json\/wp\/v2\/product"}],"about":[{"href":"https:\/\/cardinal-tapes.com\/pl\/wp-json\/wp\/v2\/types\/product"}],"wp:featuredmedia":[{"embeddable":true,"href":"https:\/\/cardinal-tapes.com\/pl\/wp-json\/wp\/v2\/media\/27146"}],"wp:attachment":[{"href":"https:\/\/cardinal-tapes.com\/pl\/wp-json\/wp\/v2\/media?parent=44823"}],"wp:term":[{"taxonomy":"pwb-brand","embeddable":true,"href":"https:\/\/cardinal-tapes.com\/pl\/wp-json\/wp\/v2\/pwb-brand?post=44823"},{"taxonomy":"product_brand","embeddable":true,"href":"https:\/\/cardinal-tapes.com\/pl\/wp-json\/wp\/v2\/product_brand?post=44823"},{"taxonomy":"product_cat","embeddable":true,"href":"https:\/\/cardinal-tapes.com\/pl\/wp-json\/wp\/v2\/product_cat?post=44823"},{"taxonomy":"product_tag","embeddable":true,"href":"https:\/\/cardinal-tapes.com\/pl\/wp-json\/wp\/v2\/product_tag?post=44823"}],"curies":[{"name":"wp","href":"https:\/\/api.w.org\/{rel}","templated":true}]}}