{"id":44321,"date":"2018-06-14T14:45:01","date_gmt":"2023-06-05T15:01:48","guid":{"rendered":"https:\/\/cardinal.pixel-tal.de\/klebebaender\/bez-kategorii\/pianka-akrylowa-flexlink-2000-r\/"},"modified":"2025-07-02T12:50:56","modified_gmt":"2025-07-02T10:50:56","slug":"pianka-akrylowa-flexlink-1100r","status":"publish","type":"product","link":"https:\/\/cardinal-tapes.com\/pl\/ta\u015bmy-samoprzylepne\/tasmy-dwustronnie-klejace\/pianka-akrylowa-flexlink-1100r\/","title":{"rendered":"Pianka akrylowa FlexLink 2000 R+"},"content":{"rendered":"<p><strong><span style=\"color: #0000ff;\"><span style=\"color: #000080;\">FlexLink 2000R+ to wysokiej jako\u015bci system ta\u015bm samoprzylepnych z rdzeniem<br \/>\nwykonanym z syntetycznej, bia\u0142ej pianki akrylowej.  <\/span><\/span><\/strong><\/p>\n<p>Elastyczna warstwa kleju gwarantuje wysoce spr\u0119\u017cyste po\u0142\u0105czenie z materia\u0142ami o wysokiej energii, takimi jak metale, szk\u0142o, tworzywa sztuczne i ceramika.<br \/>\nZe wzgl\u0119du na du\u017c\u0105 mas\u0119 aplikacji uzyskuje si\u0119 dobre zwil\u017cenie powierzchni, dzi\u0119ki czemu nadaje si\u0119 do szorstkich i lekko teksturowanych materia\u0142\u00f3w<br \/>\n. Si\u0142a wi\u0105zania wzrasta wraz z czasem wi\u0105zania. Opr\u00f3cz zadania \u0142\u0105czenia, klejenie zapewnia dobre w\u0142a\u015bciwo\u015bci t\u0142umi\u0105ce i uszczelniaj\u0105ce.<\/p>\n","protected":false},"excerpt":{"rendered":"<p>FlexLink 2000R+ to wysokiej jako\u015bci system ta\u015bm samoprzylepnych z rdzeniem wykonanym z syntetycznej, bia\u0142ej pianki akrylowej. Elastyczna warstwa kleju gwarantuje wysoce spr\u0119\u017cyste po\u0142\u0105czenie z materia\u0142ami o wysokiej energii, takimi jak metale, szk\u0142o, tworzywa sztuczne i ceramika. Ze wzgl\u0119du na du\u017c\u0105 mas\u0119 aplikacji uzyskuje si\u0119 dobre zwil\u017cenie powierzchni, dzi\u0119ki czemu nadaje si\u0119 do szorstkich i lekko [&hellip;]<\/p>\n","protected":false},"featured_media":27566,"template":"","meta":{"_acf_changed":false},"pwb-brand":[2400,2513],"product_brand":[],"product_cat":[1814],"product_tag":[],"class_list":{"0":"post-44321","1":"product","2":"type-product","3":"status-publish","4":"has-post-thumbnail","6":"pwb-brand-saint-gobain-pl","7":"pwb-brand-biolink-pl","8":"product_cat-tasmy-dwustronnie-klejace","10":"first","11":"instock","12":"taxable","13":"shipping-taxable","14":"purchasable","15":"product-type-variable"},"acf":[],"yoast_head":"<!-- This site is optimized with the Yoast SEO plugin v27.3 - https:\/\/yoast.com\/product\/yoast-seo-wordpress\/ -->\n<title>FlexLink 1100R+ | Cardinal TAPES<\/title>\n<meta name=\"description\" content=\"FlexLink 1100R+ to\" \/>\n<meta name=\"robots\" content=\"index, follow, max-snippet:-1, max-image-preview:large, max-video-preview:-1\" \/>\n<link rel=\"canonical\" href=\"https:\/\/cardinal-tapes.com\/pl\/ta\u015bmy-samoprzylepne\/tasmy-dwustronnie-klejace\/pianka-akrylowa-flexlink-1100r\/\" \/>\n<meta property=\"og:locale\" content=\"pl_PL\" \/>\n<meta property=\"og:type\" content=\"article\" \/>\n<meta property=\"og:title\" content=\"FlexLink 1100R+ | Cardinal TAPES\" \/>\n<meta property=\"og:description\" content=\"FlexLink 1100R+ to\" \/>\n<meta property=\"og:url\" content=\"https:\/\/cardinal-tapes.com\/pl\/ta\u015bmy-samoprzylepne\/tasmy-dwustronnie-klejace\/pianka-akrylowa-flexlink-1100r\/\" \/>\n<meta property=\"og:site_name\" content=\"cardinal TAPES\" \/>\n<meta property=\"article:modified_time\" content=\"2025-07-02T10:50:56+00:00\" \/>\n<meta property=\"og:image\" content=\"https:\/\/cardinal-tapes.com\/wp-content\/uploads\/Biolink-3-3639-FlexLINK2000Rbreit.jpg\" \/>\n\t<meta property=\"og:image:width\" content=\"1854\" \/>\n\t<meta property=\"og:image:height\" content=\"2126\" \/>\n\t<meta property=\"og:image:type\" content=\"image\/jpeg\" \/>\n<meta name=\"twitter:card\" content=\"summary_large_image\" \/>\n<script type=\"application\/ld+json\" class=\"yoast-schema-graph\">{\"@context\":\"https:\\\/\\\/schema.org\",\"@graph\":[{\"@type\":\"WebPage\",\"@id\":\"https:\\\/\\\/cardinal-tapes.com\\\/pl\\\/ta\u015bmy-samoprzylepne\\\/tasmy-dwustronnie-klejace\\\/pianka-akrylowa-flexlink-1100r\\\/\",\"url\":\"https:\\\/\\\/cardinal-tapes.com\\\/pl\\\/ta\u015bmy-samoprzylepne\\\/tasmy-dwustronnie-klejace\\\/pianka-akrylowa-flexlink-1100r\\\/\",\"name\":\"FlexLink 1100R+ | Cardinal TAPES\",\"isPartOf\":{\"@id\":\"https:\\\/\\\/cardinal-tapes.com\\\/#website\"},\"primaryImageOfPage\":{\"@id\":\"https:\\\/\\\/cardinal-tapes.com\\\/pl\\\/ta\u015bmy-samoprzylepne\\\/tasmy-dwustronnie-klejace\\\/pianka-akrylowa-flexlink-1100r\\\/#primaryimage\"},\"image\":{\"@id\":\"https:\\\/\\\/cardinal-tapes.com\\\/pl\\\/ta\u015bmy-samoprzylepne\\\/tasmy-dwustronnie-klejace\\\/pianka-akrylowa-flexlink-1100r\\\/#primaryimage\"},\"thumbnailUrl\":\"https:\\\/\\\/cardinal-tapes.com\\\/wp-content\\\/uploads\\\/Biolink-3-3639-FlexLINK2000Rbreit.jpg\",\"datePublished\":\"2023-06-05T15:01:48+00:00\",\"dateModified\":\"2025-07-02T10:50:56+00:00\",\"description\":\"FlexLink 1100R+ to\",\"breadcrumb\":{\"@id\":\"https:\\\/\\\/cardinal-tapes.com\\\/pl\\\/ta\u015bmy-samoprzylepne\\\/tasmy-dwustronnie-klejace\\\/pianka-akrylowa-flexlink-1100r\\\/#breadcrumb\"},\"inLanguage\":\"pl-PL\",\"potentialAction\":[{\"@type\":\"ReadAction\",\"target\":[\"https:\\\/\\\/cardinal-tapes.com\\\/pl\\\/ta\u015bmy-samoprzylepne\\\/tasmy-dwustronnie-klejace\\\/pianka-akrylowa-flexlink-1100r\\\/\"]}]},{\"@type\":\"ImageObject\",\"inLanguage\":\"pl-PL\",\"@id\":\"https:\\\/\\\/cardinal-tapes.com\\\/pl\\\/ta\u015bmy-samoprzylepne\\\/tasmy-dwustronnie-klejace\\\/pianka-akrylowa-flexlink-1100r\\\/#primaryimage\",\"url\":\"https:\\\/\\\/cardinal-tapes.com\\\/wp-content\\\/uploads\\\/Biolink-3-3639-FlexLINK2000Rbreit.jpg\",\"contentUrl\":\"https:\\\/\\\/cardinal-tapes.com\\\/wp-content\\\/uploads\\\/Biolink-3-3639-FlexLINK2000Rbreit.jpg\",\"width\":1854,\"height\":2126,\"caption\":\"Biolink FlexLINK2000R szeroki\"},{\"@type\":\"BreadcrumbList\",\"@id\":\"https:\\\/\\\/cardinal-tapes.com\\\/pl\\\/ta\u015bmy-samoprzylepne\\\/tasmy-dwustronnie-klejace\\\/pianka-akrylowa-flexlink-1100r\\\/#breadcrumb\",\"itemListElement\":[{\"@type\":\"ListItem\",\"position\":1,\"name\":\"Startseite\",\"item\":\"https:\\\/\\\/cardinal-tapes.com\\\/pl\\\/strona-glowna\\\/\"},{\"@type\":\"ListItem\",\"position\":2,\"name\":\"Ta\u015bmy samoprzylepne\",\"item\":\"https:\\\/\\\/cardinal-tapes.com\\\/pl\\\/tasmy-samoprzylepne-pl\\\/\"},{\"@type\":\"ListItem\",\"position\":3,\"name\":\"Ta\u015bmy dwustronnie klej\u0105ce\",\"item\":\"https:\\\/\\\/cardinal-tapes.com\\\/pl\\\/kategoria\\\/tasmy-dwustronnie-klejace\\\/\"},{\"@type\":\"ListItem\",\"position\":4,\"name\":\"Pianka akrylowa FlexLink 2000 R+\"}]},{\"@type\":\"WebSite\",\"@id\":\"https:\\\/\\\/cardinal-tapes.com\\\/#website\",\"url\":\"https:\\\/\\\/cardinal-tapes.com\\\/\",\"name\":\"cardinal TAPES\",\"description\":\"Klebetechnik aus Wuppertal\",\"potentialAction\":[{\"@type\":\"SearchAction\",\"target\":{\"@type\":\"EntryPoint\",\"urlTemplate\":\"https:\\\/\\\/cardinal-tapes.com\\\/?s={search_term_string}\"},\"query-input\":{\"@type\":\"PropertyValueSpecification\",\"valueRequired\":true,\"valueName\":\"search_term_string\"}}],\"inLanguage\":\"pl-PL\"}]}<\/script>\n<!-- \/ Yoast SEO plugin. -->","yoast_head_json":{"title":"FlexLink 1100R+ | Cardinal TAPES","description":"FlexLink 1100R+ to","robots":{"index":"index","follow":"follow","max-snippet":"max-snippet:-1","max-image-preview":"max-image-preview:large","max-video-preview":"max-video-preview:-1"},"canonical":"https:\/\/cardinal-tapes.com\/pl\/ta\u015bmy-samoprzylepne\/tasmy-dwustronnie-klejace\/pianka-akrylowa-flexlink-1100r\/","og_locale":"pl_PL","og_type":"article","og_title":"FlexLink 1100R+ | Cardinal TAPES","og_description":"FlexLink 1100R+ to","og_url":"https:\/\/cardinal-tapes.com\/pl\/ta\u015bmy-samoprzylepne\/tasmy-dwustronnie-klejace\/pianka-akrylowa-flexlink-1100r\/","og_site_name":"cardinal TAPES","article_modified_time":"2025-07-02T10:50:56+00:00","og_image":[{"width":1854,"height":2126,"url":"https:\/\/cardinal-tapes.com\/wp-content\/uploads\/Biolink-3-3639-FlexLINK2000Rbreit.jpg","type":"image\/jpeg"}],"twitter_card":"summary_large_image","schema":{"@context":"https:\/\/schema.org","@graph":[{"@type":"WebPage","@id":"https:\/\/cardinal-tapes.com\/pl\/ta\u015bmy-samoprzylepne\/tasmy-dwustronnie-klejace\/pianka-akrylowa-flexlink-1100r\/","url":"https:\/\/cardinal-tapes.com\/pl\/ta\u015bmy-samoprzylepne\/tasmy-dwustronnie-klejace\/pianka-akrylowa-flexlink-1100r\/","name":"FlexLink 1100R+ | Cardinal TAPES","isPartOf":{"@id":"https:\/\/cardinal-tapes.com\/#website"},"primaryImageOfPage":{"@id":"https:\/\/cardinal-tapes.com\/pl\/ta\u015bmy-samoprzylepne\/tasmy-dwustronnie-klejace\/pianka-akrylowa-flexlink-1100r\/#primaryimage"},"image":{"@id":"https:\/\/cardinal-tapes.com\/pl\/ta\u015bmy-samoprzylepne\/tasmy-dwustronnie-klejace\/pianka-akrylowa-flexlink-1100r\/#primaryimage"},"thumbnailUrl":"https:\/\/cardinal-tapes.com\/wp-content\/uploads\/Biolink-3-3639-FlexLINK2000Rbreit.jpg","datePublished":"2023-06-05T15:01:48+00:00","dateModified":"2025-07-02T10:50:56+00:00","description":"FlexLink 1100R+ to","breadcrumb":{"@id":"https:\/\/cardinal-tapes.com\/pl\/ta\u015bmy-samoprzylepne\/tasmy-dwustronnie-klejace\/pianka-akrylowa-flexlink-1100r\/#breadcrumb"},"inLanguage":"pl-PL","potentialAction":[{"@type":"ReadAction","target":["https:\/\/cardinal-tapes.com\/pl\/ta\u015bmy-samoprzylepne\/tasmy-dwustronnie-klejace\/pianka-akrylowa-flexlink-1100r\/"]}]},{"@type":"ImageObject","inLanguage":"pl-PL","@id":"https:\/\/cardinal-tapes.com\/pl\/ta\u015bmy-samoprzylepne\/tasmy-dwustronnie-klejace\/pianka-akrylowa-flexlink-1100r\/#primaryimage","url":"https:\/\/cardinal-tapes.com\/wp-content\/uploads\/Biolink-3-3639-FlexLINK2000Rbreit.jpg","contentUrl":"https:\/\/cardinal-tapes.com\/wp-content\/uploads\/Biolink-3-3639-FlexLINK2000Rbreit.jpg","width":1854,"height":2126,"caption":"Biolink FlexLINK2000R szeroki"},{"@type":"BreadcrumbList","@id":"https:\/\/cardinal-tapes.com\/pl\/ta\u015bmy-samoprzylepne\/tasmy-dwustronnie-klejace\/pianka-akrylowa-flexlink-1100r\/#breadcrumb","itemListElement":[{"@type":"ListItem","position":1,"name":"Startseite","item":"https:\/\/cardinal-tapes.com\/pl\/strona-glowna\/"},{"@type":"ListItem","position":2,"name":"Ta\u015bmy samoprzylepne","item":"https:\/\/cardinal-tapes.com\/pl\/tasmy-samoprzylepne-pl\/"},{"@type":"ListItem","position":3,"name":"Ta\u015bmy dwustronnie klej\u0105ce","item":"https:\/\/cardinal-tapes.com\/pl\/kategoria\/tasmy-dwustronnie-klejace\/"},{"@type":"ListItem","position":4,"name":"Pianka akrylowa FlexLink 2000 R+"}]},{"@type":"WebSite","@id":"https:\/\/cardinal-tapes.com\/#website","url":"https:\/\/cardinal-tapes.com\/","name":"cardinal TAPES","description":"Klebetechnik aus Wuppertal","potentialAction":[{"@type":"SearchAction","target":{"@type":"EntryPoint","urlTemplate":"https:\/\/cardinal-tapes.com\/?s={search_term_string}"},"query-input":{"@type":"PropertyValueSpecification","valueRequired":true,"valueName":"search_term_string"}}],"inLanguage":"pl-PL"}]}},"brands":[{"id":2400,"name":"Saint-Gobain Performance Plastics","slug":"saint-gobain-pl"},{"id":2513,"name":"Saint-Gobain Biolink","slug":"biolink-pl"}],"_links":{"self":[{"href":"https:\/\/cardinal-tapes.com\/pl\/wp-json\/wp\/v2\/product\/44321","targetHints":{"allow":["GET"]}}],"collection":[{"href":"https:\/\/cardinal-tapes.com\/pl\/wp-json\/wp\/v2\/product"}],"about":[{"href":"https:\/\/cardinal-tapes.com\/pl\/wp-json\/wp\/v2\/types\/product"}],"wp:featuredmedia":[{"embeddable":true,"href":"https:\/\/cardinal-tapes.com\/pl\/wp-json\/wp\/v2\/media\/27566"}],"wp:attachment":[{"href":"https:\/\/cardinal-tapes.com\/pl\/wp-json\/wp\/v2\/media?parent=44321"}],"wp:term":[{"taxonomy":"pwb-brand","embeddable":true,"href":"https:\/\/cardinal-tapes.com\/pl\/wp-json\/wp\/v2\/pwb-brand?post=44321"},{"taxonomy":"product_brand","embeddable":true,"href":"https:\/\/cardinal-tapes.com\/pl\/wp-json\/wp\/v2\/product_brand?post=44321"},{"taxonomy":"product_cat","embeddable":true,"href":"https:\/\/cardinal-tapes.com\/pl\/wp-json\/wp\/v2\/product_cat?post=44321"},{"taxonomy":"product_tag","embeddable":true,"href":"https:\/\/cardinal-tapes.com\/pl\/wp-json\/wp\/v2\/product_tag?post=44321"}],"curies":[{"name":"wp","href":"https:\/\/api.w.org\/{rel}","templated":true}]}}