{"id":44313,"date":"2018-06-14T11:49:40","date_gmt":"2023-06-05T15:01:48","guid":{"rendered":"https:\/\/cardinal.pixel-tal.de\/klebebaender\/bez-kategorii\/tasma-samoprzylepna-unilink-4412-ht-pet\/"},"modified":"2025-07-02T12:46:28","modified_gmt":"2025-07-02T10:46:28","slug":"unilink-4412-ht-pet-tape","status":"publish","type":"product","link":"https:\/\/cardinal-tapes.com\/pl\/ta\u015bmy-samoprzylepne\/tasmy-dwustronnie-klejace\/unilink-4412-ht-pet-tape\/","title":{"rendered":"Ta\u015bma samoprzylepna UniLink 4412 HT PET"},"content":{"rendered":"<p><strong><span style=\"color: #0000ff;\"><span style=\"color: #000080;\">UniLink 4412 HT to dwustronna ta\u015bma klej\u0105ca o optymalnej stabilno\u015bci i sile wi\u0105zania.  <\/span><\/span><\/strong><\/p>\n<div>Modyfikowany klej akrylowy jest trwa\u0142y i wra\u017cliwy na nacisk<\/div>\n<div>i oferuje wysok\u0105 przyczepno\u015b\u0107 przy niskiej i wysokiej energii<\/div>\n<div>Powierzchnie. Poliestrowa folia no\u015bna gwarantuje<\/div>\n<div>doskona\u0142\u0105 stabilno\u015b\u0107 zniekszta\u0142ce\u0144 i umo\u017cliwia<\/div>\n<div>Stabilizacja wymiarowa \u0142\u0105czonych materia\u0142\u00f3w.<\/div>\n<div>\n<p><strong>Cechy i zalety<\/strong><\/p>\n<ul>\n<li>Wysoka przyczepno\u015b\u0107 natychmiastowa<\/li>\n<li>Bardzo dobra wytrzyma\u0142o\u015b\u0107 na \u015bcinanie<\/li>\n<li>Doskona\u0142a odporno\u015b\u0107 na starzenie, warunki atmosferyczne i temperatur\u0119<\/li>\n<\/ul>\n<\/div>\n","protected":false},"excerpt":{"rendered":"<p>UniLink 4412 HT to dwustronna ta\u015bma klej\u0105ca o optymalnej stabilno\u015bci i sile wi\u0105zania. Modyfikowany klej akrylowy jest trwa\u0142y i wra\u017cliwy na nacisk i oferuje wysok\u0105 przyczepno\u015b\u0107 przy niskiej i wysokiej energii Powierzchnie. Poliestrowa folia no\u015bna gwarantuje doskona\u0142\u0105 stabilno\u015b\u0107 zniekszta\u0142ce\u0144 i umo\u017cliwia Stabilizacja wymiarowa \u0142\u0105czonych materia\u0142\u00f3w. Cechy i zalety Wysoka przyczepno\u015b\u0107 natychmiastowa Bardzo dobra wytrzyma\u0142o\u015b\u0107 na [&hellip;]<\/p>\n","protected":false},"featured_media":27550,"template":"","meta":{"_acf_changed":false},"pwb-brand":[2400,2513],"product_brand":[],"product_cat":[1814],"product_tag":[],"class_list":{"0":"post-44313","1":"product","2":"type-product","3":"status-publish","4":"has-post-thumbnail","6":"pwb-brand-saint-gobain-pl","7":"pwb-brand-biolink-pl","8":"product_cat-tasmy-dwustronnie-klejace","10":"first","11":"instock","12":"taxable","13":"shipping-taxable","14":"product-type-variable"},"acf":[],"yoast_head":"<!-- This site is optimized with the Yoast SEO plugin v27.3 - https:\/\/yoast.com\/product\/yoast-seo-wordpress\/ -->\n<title>Ta\u015bma UniLink 4412 HT PET | Cardinal TAPES<\/title>\n<meta name=\"description\" content=\"UniLink 4412 HT to dwustronna ta\u015bma klej\u0105ca o optymalnej stabilno\u015bci i sile wi\u0105zania. Wi\u0119cej informacji na temat ta\u015bmy mo\u017cna znale\u017a\u0107 tutaj.\" \/>\n<meta name=\"robots\" content=\"index, follow, max-snippet:-1, max-image-preview:large, max-video-preview:-1\" \/>\n<link rel=\"canonical\" href=\"https:\/\/cardinal-tapes.com\/pl\/ta\u015bmy-samoprzylepne\/tasmy-dwustronnie-klejace\/unilink-4412-ht-pet-tape\/\" \/>\n<meta property=\"og:locale\" content=\"pl_PL\" \/>\n<meta property=\"og:type\" content=\"article\" \/>\n<meta property=\"og:title\" content=\"Ta\u015bma UniLink 4412 HT PET | Cardinal TAPES\" \/>\n<meta property=\"og:description\" content=\"UniLink 4412 HT to dwustronna ta\u015bma klej\u0105ca o optymalnej stabilno\u015bci i sile wi\u0105zania. Wi\u0119cej informacji na temat ta\u015bmy mo\u017cna znale\u017a\u0107 tutaj.\" \/>\n<meta property=\"og:url\" content=\"https:\/\/cardinal-tapes.com\/pl\/ta\u015bmy-samoprzylepne\/tasmy-dwustronnie-klejace\/unilink-4412-ht-pet-tape\/\" \/>\n<meta property=\"og:site_name\" content=\"cardinal TAPES\" \/>\n<meta property=\"article:modified_time\" content=\"2025-07-02T10:46:28+00:00\" \/>\n<meta property=\"og:image\" content=\"https:\/\/cardinal-tapes.com\/wp-content\/uploads\/Biolink-2-3092-UniLINK4412HT-breit.jpg\" \/>\n\t<meta property=\"og:image:width\" content=\"1854\" \/>\n\t<meta property=\"og:image:height\" content=\"2126\" \/>\n\t<meta property=\"og:image:type\" content=\"image\/jpeg\" \/>\n<meta name=\"twitter:card\" content=\"summary_large_image\" \/>\n<script type=\"application\/ld+json\" class=\"yoast-schema-graph\">{\"@context\":\"https:\\\/\\\/schema.org\",\"@graph\":[{\"@type\":\"WebPage\",\"@id\":\"https:\\\/\\\/cardinal-tapes.com\\\/pl\\\/ta\u015bmy-samoprzylepne\\\/tasmy-dwustronnie-klejace\\\/unilink-4412-ht-pet-tape\\\/\",\"url\":\"https:\\\/\\\/cardinal-tapes.com\\\/pl\\\/ta\u015bmy-samoprzylepne\\\/tasmy-dwustronnie-klejace\\\/unilink-4412-ht-pet-tape\\\/\",\"name\":\"Ta\u015bma UniLink 4412 HT PET | Cardinal TAPES\",\"isPartOf\":{\"@id\":\"https:\\\/\\\/cardinal-tapes.com\\\/#website\"},\"primaryImageOfPage\":{\"@id\":\"https:\\\/\\\/cardinal-tapes.com\\\/pl\\\/ta\u015bmy-samoprzylepne\\\/tasmy-dwustronnie-klejace\\\/unilink-4412-ht-pet-tape\\\/#primaryimage\"},\"image\":{\"@id\":\"https:\\\/\\\/cardinal-tapes.com\\\/pl\\\/ta\u015bmy-samoprzylepne\\\/tasmy-dwustronnie-klejace\\\/unilink-4412-ht-pet-tape\\\/#primaryimage\"},\"thumbnailUrl\":\"https:\\\/\\\/cardinal-tapes.com\\\/wp-content\\\/uploads\\\/Biolink-2-3092-UniLINK4412HT-breit.jpg\",\"datePublished\":\"2023-06-05T15:01:48+00:00\",\"dateModified\":\"2025-07-02T10:46:28+00:00\",\"description\":\"UniLink 4412 HT to dwustronna ta\u015bma klej\u0105ca o optymalnej stabilno\u015bci i sile wi\u0105zania. Wi\u0119cej informacji na temat ta\u015bmy mo\u017cna znale\u017a\u0107 tutaj.\",\"breadcrumb\":{\"@id\":\"https:\\\/\\\/cardinal-tapes.com\\\/pl\\\/ta\u015bmy-samoprzylepne\\\/tasmy-dwustronnie-klejace\\\/unilink-4412-ht-pet-tape\\\/#breadcrumb\"},\"inLanguage\":\"pl-PL\",\"potentialAction\":[{\"@type\":\"ReadAction\",\"target\":[\"https:\\\/\\\/cardinal-tapes.com\\\/pl\\\/ta\u015bmy-samoprzylepne\\\/tasmy-dwustronnie-klejace\\\/unilink-4412-ht-pet-tape\\\/\"]}]},{\"@type\":\"ImageObject\",\"inLanguage\":\"pl-PL\",\"@id\":\"https:\\\/\\\/cardinal-tapes.com\\\/pl\\\/ta\u015bmy-samoprzylepne\\\/tasmy-dwustronnie-klejace\\\/unilink-4412-ht-pet-tape\\\/#primaryimage\",\"url\":\"https:\\\/\\\/cardinal-tapes.com\\\/wp-content\\\/uploads\\\/Biolink-2-3092-UniLINK4412HT-breit.jpg\",\"contentUrl\":\"https:\\\/\\\/cardinal-tapes.com\\\/wp-content\\\/uploads\\\/Biolink-2-3092-UniLINK4412HT-breit.jpg\",\"width\":1854,\"height\":2126,\"caption\":\"Biolink UniLINK4412HT szeroki\"},{\"@type\":\"BreadcrumbList\",\"@id\":\"https:\\\/\\\/cardinal-tapes.com\\\/pl\\\/ta\u015bmy-samoprzylepne\\\/tasmy-dwustronnie-klejace\\\/unilink-4412-ht-pet-tape\\\/#breadcrumb\",\"itemListElement\":[{\"@type\":\"ListItem\",\"position\":1,\"name\":\"Startseite\",\"item\":\"https:\\\/\\\/cardinal-tapes.com\\\/pl\\\/strona-glowna\\\/\"},{\"@type\":\"ListItem\",\"position\":2,\"name\":\"Ta\u015bmy samoprzylepne\",\"item\":\"https:\\\/\\\/cardinal-tapes.com\\\/pl\\\/tasmy-samoprzylepne-pl\\\/\"},{\"@type\":\"ListItem\",\"position\":3,\"name\":\"Doppelseitige Klebeb\u00e4nder\",\"item\":\"https:\\\/\\\/cardinal-tapes.com\\\/kategorie\\\/doppelseitige-klebebaender\\\/\"},{\"@type\":\"ListItem\",\"position\":4,\"name\":\"Ta\u015bma samoprzylepna UniLink 4412 HT PET\"}]},{\"@type\":\"WebSite\",\"@id\":\"https:\\\/\\\/cardinal-tapes.com\\\/#website\",\"url\":\"https:\\\/\\\/cardinal-tapes.com\\\/\",\"name\":\"cardinal TAPES\",\"description\":\"Klebetechnik aus Wuppertal\",\"potentialAction\":[{\"@type\":\"SearchAction\",\"target\":{\"@type\":\"EntryPoint\",\"urlTemplate\":\"https:\\\/\\\/cardinal-tapes.com\\\/?s={search_term_string}\"},\"query-input\":{\"@type\":\"PropertyValueSpecification\",\"valueRequired\":true,\"valueName\":\"search_term_string\"}}],\"inLanguage\":\"pl-PL\"}]}<\/script>\n<!-- \/ Yoast SEO plugin. -->","yoast_head_json":{"title":"Ta\u015bma UniLink 4412 HT PET | Cardinal TAPES","description":"UniLink 4412 HT to dwustronna ta\u015bma klej\u0105ca o optymalnej stabilno\u015bci i sile wi\u0105zania. Wi\u0119cej informacji na temat ta\u015bmy mo\u017cna znale\u017a\u0107 tutaj.","robots":{"index":"index","follow":"follow","max-snippet":"max-snippet:-1","max-image-preview":"max-image-preview:large","max-video-preview":"max-video-preview:-1"},"canonical":"https:\/\/cardinal-tapes.com\/pl\/ta\u015bmy-samoprzylepne\/tasmy-dwustronnie-klejace\/unilink-4412-ht-pet-tape\/","og_locale":"pl_PL","og_type":"article","og_title":"Ta\u015bma UniLink 4412 HT PET | Cardinal TAPES","og_description":"UniLink 4412 HT to dwustronna ta\u015bma klej\u0105ca o optymalnej stabilno\u015bci i sile wi\u0105zania. Wi\u0119cej informacji na temat ta\u015bmy mo\u017cna znale\u017a\u0107 tutaj.","og_url":"https:\/\/cardinal-tapes.com\/pl\/ta\u015bmy-samoprzylepne\/tasmy-dwustronnie-klejace\/unilink-4412-ht-pet-tape\/","og_site_name":"cardinal TAPES","article_modified_time":"2025-07-02T10:46:28+00:00","og_image":[{"width":1854,"height":2126,"url":"https:\/\/cardinal-tapes.com\/wp-content\/uploads\/Biolink-2-3092-UniLINK4412HT-breit.jpg","type":"image\/jpeg"}],"twitter_card":"summary_large_image","schema":{"@context":"https:\/\/schema.org","@graph":[{"@type":"WebPage","@id":"https:\/\/cardinal-tapes.com\/pl\/ta\u015bmy-samoprzylepne\/tasmy-dwustronnie-klejace\/unilink-4412-ht-pet-tape\/","url":"https:\/\/cardinal-tapes.com\/pl\/ta\u015bmy-samoprzylepne\/tasmy-dwustronnie-klejace\/unilink-4412-ht-pet-tape\/","name":"Ta\u015bma UniLink 4412 HT PET | Cardinal TAPES","isPartOf":{"@id":"https:\/\/cardinal-tapes.com\/#website"},"primaryImageOfPage":{"@id":"https:\/\/cardinal-tapes.com\/pl\/ta\u015bmy-samoprzylepne\/tasmy-dwustronnie-klejace\/unilink-4412-ht-pet-tape\/#primaryimage"},"image":{"@id":"https:\/\/cardinal-tapes.com\/pl\/ta\u015bmy-samoprzylepne\/tasmy-dwustronnie-klejace\/unilink-4412-ht-pet-tape\/#primaryimage"},"thumbnailUrl":"https:\/\/cardinal-tapes.com\/wp-content\/uploads\/Biolink-2-3092-UniLINK4412HT-breit.jpg","datePublished":"2023-06-05T15:01:48+00:00","dateModified":"2025-07-02T10:46:28+00:00","description":"UniLink 4412 HT to dwustronna ta\u015bma klej\u0105ca o optymalnej stabilno\u015bci i sile wi\u0105zania. Wi\u0119cej informacji na temat ta\u015bmy mo\u017cna znale\u017a\u0107 tutaj.","breadcrumb":{"@id":"https:\/\/cardinal-tapes.com\/pl\/ta\u015bmy-samoprzylepne\/tasmy-dwustronnie-klejace\/unilink-4412-ht-pet-tape\/#breadcrumb"},"inLanguage":"pl-PL","potentialAction":[{"@type":"ReadAction","target":["https:\/\/cardinal-tapes.com\/pl\/ta\u015bmy-samoprzylepne\/tasmy-dwustronnie-klejace\/unilink-4412-ht-pet-tape\/"]}]},{"@type":"ImageObject","inLanguage":"pl-PL","@id":"https:\/\/cardinal-tapes.com\/pl\/ta\u015bmy-samoprzylepne\/tasmy-dwustronnie-klejace\/unilink-4412-ht-pet-tape\/#primaryimage","url":"https:\/\/cardinal-tapes.com\/wp-content\/uploads\/Biolink-2-3092-UniLINK4412HT-breit.jpg","contentUrl":"https:\/\/cardinal-tapes.com\/wp-content\/uploads\/Biolink-2-3092-UniLINK4412HT-breit.jpg","width":1854,"height":2126,"caption":"Biolink UniLINK4412HT szeroki"},{"@type":"BreadcrumbList","@id":"https:\/\/cardinal-tapes.com\/pl\/ta\u015bmy-samoprzylepne\/tasmy-dwustronnie-klejace\/unilink-4412-ht-pet-tape\/#breadcrumb","itemListElement":[{"@type":"ListItem","position":1,"name":"Startseite","item":"https:\/\/cardinal-tapes.com\/pl\/strona-glowna\/"},{"@type":"ListItem","position":2,"name":"Ta\u015bmy samoprzylepne","item":"https:\/\/cardinal-tapes.com\/pl\/tasmy-samoprzylepne-pl\/"},{"@type":"ListItem","position":3,"name":"Doppelseitige Klebeb\u00e4nder","item":"https:\/\/cardinal-tapes.com\/kategorie\/doppelseitige-klebebaender\/"},{"@type":"ListItem","position":4,"name":"Ta\u015bma samoprzylepna UniLink 4412 HT PET"}]},{"@type":"WebSite","@id":"https:\/\/cardinal-tapes.com\/#website","url":"https:\/\/cardinal-tapes.com\/","name":"cardinal TAPES","description":"Klebetechnik aus Wuppertal","potentialAction":[{"@type":"SearchAction","target":{"@type":"EntryPoint","urlTemplate":"https:\/\/cardinal-tapes.com\/?s={search_term_string}"},"query-input":{"@type":"PropertyValueSpecification","valueRequired":true,"valueName":"search_term_string"}}],"inLanguage":"pl-PL"}]}},"brands":[{"id":2400,"name":"Saint-Gobain Performance Plastics","slug":"saint-gobain-pl"},{"id":2513,"name":"Saint-Gobain Biolink","slug":"biolink-pl"}],"_links":{"self":[{"href":"https:\/\/cardinal-tapes.com\/pl\/wp-json\/wp\/v2\/product\/44313","targetHints":{"allow":["GET"]}}],"collection":[{"href":"https:\/\/cardinal-tapes.com\/pl\/wp-json\/wp\/v2\/product"}],"about":[{"href":"https:\/\/cardinal-tapes.com\/pl\/wp-json\/wp\/v2\/types\/product"}],"wp:featuredmedia":[{"embeddable":true,"href":"https:\/\/cardinal-tapes.com\/pl\/wp-json\/wp\/v2\/media\/27550"}],"wp:attachment":[{"href":"https:\/\/cardinal-tapes.com\/pl\/wp-json\/wp\/v2\/media?parent=44313"}],"wp:term":[{"taxonomy":"pwb-brand","embeddable":true,"href":"https:\/\/cardinal-tapes.com\/pl\/wp-json\/wp\/v2\/pwb-brand?post=44313"},{"taxonomy":"product_brand","embeddable":true,"href":"https:\/\/cardinal-tapes.com\/pl\/wp-json\/wp\/v2\/product_brand?post=44313"},{"taxonomy":"product_cat","embeddable":true,"href":"https:\/\/cardinal-tapes.com\/pl\/wp-json\/wp\/v2\/product_cat?post=44313"},{"taxonomy":"product_tag","embeddable":true,"href":"https:\/\/cardinal-tapes.com\/pl\/wp-json\/wp\/v2\/product_tag?post=44313"}],"curies":[{"name":"wp","href":"https:\/\/api.w.org\/{rel}","templated":true}]}}