{"id":44183,"date":"2018-06-12T08:48:11","date_gmt":"2018-06-12T06:48:11","guid":{"rendered":"https:\/\/cardinal.pixel-tal.de\/klebebaender\/bez-kategorii\/ca-412-pv1-tasma-pet-mocna-otwarta-slaba\/"},"modified":"2026-02-23T10:10:23","modified_gmt":"2026-02-23T09:10:23","slug":"ca-412-pet-adhesive-tape-strong-open-weak","status":"publish","type":"product","link":"https:\/\/cardinal-tapes.com\/pl\/ta\u015bmy-samoprzylepne\/tasmy-dwustronnie-klejace\/ca-412-pet-adhesive-tape-strong-open-weak\/","title":{"rendered":"CA-412 PV1 Ta\u015bma PET, mocna (otwarta) \/ s\u0142aba"},"content":{"rendered":"<p>CA-412 to ta\u015bma samoprzylepna PET, pokryta po stronie otwartej trwale przylepn\u0105 gum\u0105 syntetyczn\u0105, a po stronie zakrytej usuwalnym klejem akrylowym. Otwarta strona ta\u015bmy wykazuje bardzo dobr\u0105 przyczepno\u015b\u0107 pocz\u0105tkow\u0105 i ko\u0144cow\u0105, nawet na powierzchniach o niskiej energii. Obszar zastosowa\u0144 to samoprzylepne wyko\u0144czenia r\u00f3\u017cnych materia\u0142\u00f3w, kt\u00f3re nast\u0119pnie musz\u0105 by\u0107 \u0142atwo usuwane bez pozostawiania \u015blad\u00f3w.<\/p>\n","protected":false},"excerpt":{"rendered":"<p>CA-412 to ta\u015bma samoprzylepna PET, pokryta po stronie otwartej trwale przylepn\u0105 gum\u0105 syntetyczn\u0105, a po stronie zakrytej usuwalnym klejem akrylowym. Otwarta strona ta\u015bmy wykazuje bardzo dobr\u0105 przyczepno\u015b\u0107 pocz\u0105tkow\u0105 i ko\u0144cow\u0105, nawet na powierzchniach o niskiej energii. Obszar zastosowa\u0144 to samoprzylepne wyko\u0144czenia r\u00f3\u017cnych materia\u0142\u00f3w, kt\u00f3re nast\u0119pnie musz\u0105 by\u0107 \u0142atwo usuwane bez pozostawiania \u015blad\u00f3w.<\/p>\n","protected":false},"featured_media":81357,"template":"","meta":{"_acf_changed":false},"pwb-brand":[2173],"product_brand":[],"product_cat":[1814],"product_tag":[],"class_list":{"0":"post-44183","1":"product","2":"type-product","3":"status-publish","4":"has-post-thumbnail","6":"pwb-brand-cardinal-gmbh-pl","7":"product_cat-tasmy-dwustronnie-klejace","9":"first","10":"instock","11":"taxable","12":"shipping-taxable","13":"purchasable","14":"product-type-variable"},"acf":[],"yoast_head":"<!-- This site is optimized with the Yoast SEO plugin v27.3 - https:\/\/yoast.com\/product\/yoast-seo-wordpress\/ -->\n<title>Ta\u015bma samoprzylepna CA-412 PET | Cardinal TAPES<\/title>\n<meta name=\"description\" content=\"CA-412 to ta\u015bma PET pokryta po stronie otwartej trwa\u0142\u0105 gum\u0105 syntetyczn\u0105, a po stronie zakrytej usuwalnym klejem.\" \/>\n<meta name=\"robots\" content=\"index, follow, max-snippet:-1, max-image-preview:large, max-video-preview:-1\" \/>\n<link rel=\"canonical\" href=\"https:\/\/cardinal-tapes.com\/pl\/ta\u015bmy-samoprzylepne\/tasmy-dwustronnie-klejace\/ca-412-pet-adhesive-tape-strong-open-weak\/\" \/>\n<meta property=\"og:locale\" content=\"pl_PL\" \/>\n<meta property=\"og:type\" content=\"article\" \/>\n<meta property=\"og:title\" content=\"Ta\u015bma samoprzylepna CA-412 PET | Cardinal TAPES\" \/>\n<meta property=\"og:description\" content=\"CA-412 to ta\u015bma PET pokryta po stronie otwartej trwa\u0142\u0105 gum\u0105 syntetyczn\u0105, a po stronie zakrytej usuwalnym klejem.\" \/>\n<meta property=\"og:url\" content=\"https:\/\/cardinal-tapes.com\/pl\/ta\u015bmy-samoprzylepne\/tasmy-dwustronnie-klejace\/ca-412-pet-adhesive-tape-strong-open-weak\/\" \/>\n<meta property=\"og:site_name\" content=\"cardinal TAPES\" \/>\n<meta property=\"article:modified_time\" content=\"2026-02-23T09:10:23+00:00\" \/>\n<meta property=\"og:image\" content=\"https:\/\/cardinal-tapes.com\/wp-content\/uploads\/ca_420_19x50mm.jpg\" \/>\n\t<meta property=\"og:image:width\" content=\"380\" \/>\n\t<meta property=\"og:image:height\" content=\"380\" \/>\n\t<meta property=\"og:image:type\" content=\"image\/jpeg\" \/>\n<meta name=\"twitter:card\" content=\"summary_large_image\" \/>\n<script type=\"application\/ld+json\" class=\"yoast-schema-graph\">{\"@context\":\"https:\\\/\\\/schema.org\",\"@graph\":[{\"@type\":\"WebPage\",\"@id\":\"https:\\\/\\\/cardinal-tapes.com\\\/pl\\\/ta\u015bmy-samoprzylepne\\\/tasmy-dwustronnie-klejace\\\/ca-412-pet-adhesive-tape-strong-open-weak\\\/\",\"url\":\"https:\\\/\\\/cardinal-tapes.com\\\/pl\\\/ta\u015bmy-samoprzylepne\\\/tasmy-dwustronnie-klejace\\\/ca-412-pet-adhesive-tape-strong-open-weak\\\/\",\"name\":\"Ta\u015bma samoprzylepna CA-412 PET | Cardinal TAPES\",\"isPartOf\":{\"@id\":\"https:\\\/\\\/cardinal-tapes.com\\\/#website\"},\"primaryImageOfPage\":{\"@id\":\"https:\\\/\\\/cardinal-tapes.com\\\/pl\\\/ta\u015bmy-samoprzylepne\\\/tasmy-dwustronnie-klejace\\\/ca-412-pet-adhesive-tape-strong-open-weak\\\/#primaryimage\"},\"image\":{\"@id\":\"https:\\\/\\\/cardinal-tapes.com\\\/pl\\\/ta\u015bmy-samoprzylepne\\\/tasmy-dwustronnie-klejace\\\/ca-412-pet-adhesive-tape-strong-open-weak\\\/#primaryimage\"},\"thumbnailUrl\":\"https:\\\/\\\/cardinal-tapes.com\\\/wp-content\\\/uploads\\\/ca_420_19x50mm.jpg\",\"datePublished\":\"2018-06-12T06:48:11+00:00\",\"dateModified\":\"2026-02-23T09:10:23+00:00\",\"description\":\"CA-412 to ta\u015bma PET pokryta po stronie otwartej trwa\u0142\u0105 gum\u0105 syntetyczn\u0105, a po stronie zakrytej usuwalnym klejem.\",\"breadcrumb\":{\"@id\":\"https:\\\/\\\/cardinal-tapes.com\\\/pl\\\/ta\u015bmy-samoprzylepne\\\/tasmy-dwustronnie-klejace\\\/ca-412-pet-adhesive-tape-strong-open-weak\\\/#breadcrumb\"},\"inLanguage\":\"pl-PL\",\"potentialAction\":[{\"@type\":\"ReadAction\",\"target\":[\"https:\\\/\\\/cardinal-tapes.com\\\/pl\\\/ta\u015bmy-samoprzylepne\\\/tasmy-dwustronnie-klejace\\\/ca-412-pet-adhesive-tape-strong-open-weak\\\/\"]}]},{\"@type\":\"ImageObject\",\"inLanguage\":\"pl-PL\",\"@id\":\"https:\\\/\\\/cardinal-tapes.com\\\/pl\\\/ta\u015bmy-samoprzylepne\\\/tasmy-dwustronnie-klejace\\\/ca-412-pet-adhesive-tape-strong-open-weak\\\/#primaryimage\",\"url\":\"https:\\\/\\\/cardinal-tapes.com\\\/wp-content\\\/uploads\\\/ca_420_19x50mm.jpg\",\"contentUrl\":\"https:\\\/\\\/cardinal-tapes.com\\\/wp-content\\\/uploads\\\/ca_420_19x50mm.jpg\",\"width\":380,\"height\":380},{\"@type\":\"BreadcrumbList\",\"@id\":\"https:\\\/\\\/cardinal-tapes.com\\\/pl\\\/ta\u015bmy-samoprzylepne\\\/tasmy-dwustronnie-klejace\\\/ca-412-pet-adhesive-tape-strong-open-weak\\\/#breadcrumb\",\"itemListElement\":[{\"@type\":\"ListItem\",\"position\":1,\"name\":\"Startseite\",\"item\":\"https:\\\/\\\/cardinal-tapes.com\\\/pl\\\/strona-glowna\\\/\"},{\"@type\":\"ListItem\",\"position\":2,\"name\":\"Ta\u015bmy samoprzylepne\",\"item\":\"https:\\\/\\\/cardinal-tapes.com\\\/pl\\\/tasmy-samoprzylepne-pl\\\/\"},{\"@type\":\"ListItem\",\"position\":3,\"name\":\"Doppelseitige Klebeb\u00e4nder\",\"item\":\"https:\\\/\\\/cardinal-tapes.com\\\/kategorie\\\/doppelseitige-klebebaender\\\/\"},{\"@type\":\"ListItem\",\"position\":4,\"name\":\"CA-412 PV1 Ta\u015bma PET, mocna (otwarta) \\\/ s\u0142aba\"}]},{\"@type\":\"WebSite\",\"@id\":\"https:\\\/\\\/cardinal-tapes.com\\\/#website\",\"url\":\"https:\\\/\\\/cardinal-tapes.com\\\/\",\"name\":\"cardinal TAPES\",\"description\":\"Klebetechnik aus Wuppertal\",\"potentialAction\":[{\"@type\":\"SearchAction\",\"target\":{\"@type\":\"EntryPoint\",\"urlTemplate\":\"https:\\\/\\\/cardinal-tapes.com\\\/?s={search_term_string}\"},\"query-input\":{\"@type\":\"PropertyValueSpecification\",\"valueRequired\":true,\"valueName\":\"search_term_string\"}}],\"inLanguage\":\"pl-PL\"}]}<\/script>\n<!-- \/ Yoast SEO plugin. -->","yoast_head_json":{"title":"Ta\u015bma samoprzylepna CA-412 PET | Cardinal TAPES","description":"CA-412 to ta\u015bma PET pokryta po stronie otwartej trwa\u0142\u0105 gum\u0105 syntetyczn\u0105, a po stronie zakrytej usuwalnym klejem.","robots":{"index":"index","follow":"follow","max-snippet":"max-snippet:-1","max-image-preview":"max-image-preview:large","max-video-preview":"max-video-preview:-1"},"canonical":"https:\/\/cardinal-tapes.com\/pl\/ta\u015bmy-samoprzylepne\/tasmy-dwustronnie-klejace\/ca-412-pet-adhesive-tape-strong-open-weak\/","og_locale":"pl_PL","og_type":"article","og_title":"Ta\u015bma samoprzylepna CA-412 PET | Cardinal TAPES","og_description":"CA-412 to ta\u015bma PET pokryta po stronie otwartej trwa\u0142\u0105 gum\u0105 syntetyczn\u0105, a po stronie zakrytej usuwalnym klejem.","og_url":"https:\/\/cardinal-tapes.com\/pl\/ta\u015bmy-samoprzylepne\/tasmy-dwustronnie-klejace\/ca-412-pet-adhesive-tape-strong-open-weak\/","og_site_name":"cardinal TAPES","article_modified_time":"2026-02-23T09:10:23+00:00","og_image":[{"width":380,"height":380,"url":"https:\/\/cardinal-tapes.com\/wp-content\/uploads\/ca_420_19x50mm.jpg","type":"image\/jpeg"}],"twitter_card":"summary_large_image","schema":{"@context":"https:\/\/schema.org","@graph":[{"@type":"WebPage","@id":"https:\/\/cardinal-tapes.com\/pl\/ta\u015bmy-samoprzylepne\/tasmy-dwustronnie-klejace\/ca-412-pet-adhesive-tape-strong-open-weak\/","url":"https:\/\/cardinal-tapes.com\/pl\/ta\u015bmy-samoprzylepne\/tasmy-dwustronnie-klejace\/ca-412-pet-adhesive-tape-strong-open-weak\/","name":"Ta\u015bma samoprzylepna CA-412 PET | Cardinal TAPES","isPartOf":{"@id":"https:\/\/cardinal-tapes.com\/#website"},"primaryImageOfPage":{"@id":"https:\/\/cardinal-tapes.com\/pl\/ta\u015bmy-samoprzylepne\/tasmy-dwustronnie-klejace\/ca-412-pet-adhesive-tape-strong-open-weak\/#primaryimage"},"image":{"@id":"https:\/\/cardinal-tapes.com\/pl\/ta\u015bmy-samoprzylepne\/tasmy-dwustronnie-klejace\/ca-412-pet-adhesive-tape-strong-open-weak\/#primaryimage"},"thumbnailUrl":"https:\/\/cardinal-tapes.com\/wp-content\/uploads\/ca_420_19x50mm.jpg","datePublished":"2018-06-12T06:48:11+00:00","dateModified":"2026-02-23T09:10:23+00:00","description":"CA-412 to ta\u015bma PET pokryta po stronie otwartej trwa\u0142\u0105 gum\u0105 syntetyczn\u0105, a po stronie zakrytej usuwalnym klejem.","breadcrumb":{"@id":"https:\/\/cardinal-tapes.com\/pl\/ta\u015bmy-samoprzylepne\/tasmy-dwustronnie-klejace\/ca-412-pet-adhesive-tape-strong-open-weak\/#breadcrumb"},"inLanguage":"pl-PL","potentialAction":[{"@type":"ReadAction","target":["https:\/\/cardinal-tapes.com\/pl\/ta\u015bmy-samoprzylepne\/tasmy-dwustronnie-klejace\/ca-412-pet-adhesive-tape-strong-open-weak\/"]}]},{"@type":"ImageObject","inLanguage":"pl-PL","@id":"https:\/\/cardinal-tapes.com\/pl\/ta\u015bmy-samoprzylepne\/tasmy-dwustronnie-klejace\/ca-412-pet-adhesive-tape-strong-open-weak\/#primaryimage","url":"https:\/\/cardinal-tapes.com\/wp-content\/uploads\/ca_420_19x50mm.jpg","contentUrl":"https:\/\/cardinal-tapes.com\/wp-content\/uploads\/ca_420_19x50mm.jpg","width":380,"height":380},{"@type":"BreadcrumbList","@id":"https:\/\/cardinal-tapes.com\/pl\/ta\u015bmy-samoprzylepne\/tasmy-dwustronnie-klejace\/ca-412-pet-adhesive-tape-strong-open-weak\/#breadcrumb","itemListElement":[{"@type":"ListItem","position":1,"name":"Startseite","item":"https:\/\/cardinal-tapes.com\/pl\/strona-glowna\/"},{"@type":"ListItem","position":2,"name":"Ta\u015bmy samoprzylepne","item":"https:\/\/cardinal-tapes.com\/pl\/tasmy-samoprzylepne-pl\/"},{"@type":"ListItem","position":3,"name":"Doppelseitige Klebeb\u00e4nder","item":"https:\/\/cardinal-tapes.com\/kategorie\/doppelseitige-klebebaender\/"},{"@type":"ListItem","position":4,"name":"CA-412 PV1 Ta\u015bma PET, mocna (otwarta) \/ s\u0142aba"}]},{"@type":"WebSite","@id":"https:\/\/cardinal-tapes.com\/#website","url":"https:\/\/cardinal-tapes.com\/","name":"cardinal TAPES","description":"Klebetechnik aus Wuppertal","potentialAction":[{"@type":"SearchAction","target":{"@type":"EntryPoint","urlTemplate":"https:\/\/cardinal-tapes.com\/?s={search_term_string}"},"query-input":{"@type":"PropertyValueSpecification","valueRequired":true,"valueName":"search_term_string"}}],"inLanguage":"pl-PL"}]}},"brands":[{"id":2173,"name":"cardinal GmbH","slug":"cardinal-gmbh-pl"}],"_links":{"self":[{"href":"https:\/\/cardinal-tapes.com\/pl\/wp-json\/wp\/v2\/product\/44183","targetHints":{"allow":["GET"]}}],"collection":[{"href":"https:\/\/cardinal-tapes.com\/pl\/wp-json\/wp\/v2\/product"}],"about":[{"href":"https:\/\/cardinal-tapes.com\/pl\/wp-json\/wp\/v2\/types\/product"}],"wp:featuredmedia":[{"embeddable":true,"href":"https:\/\/cardinal-tapes.com\/pl\/wp-json\/wp\/v2\/media\/81357"}],"wp:attachment":[{"href":"https:\/\/cardinal-tapes.com\/pl\/wp-json\/wp\/v2\/media?parent=44183"}],"wp:term":[{"taxonomy":"pwb-brand","embeddable":true,"href":"https:\/\/cardinal-tapes.com\/pl\/wp-json\/wp\/v2\/pwb-brand?post=44183"},{"taxonomy":"product_brand","embeddable":true,"href":"https:\/\/cardinal-tapes.com\/pl\/wp-json\/wp\/v2\/product_brand?post=44183"},{"taxonomy":"product_cat","embeddable":true,"href":"https:\/\/cardinal-tapes.com\/pl\/wp-json\/wp\/v2\/product_cat?post=44183"},{"taxonomy":"product_tag","embeddable":true,"href":"https:\/\/cardinal-tapes.com\/pl\/wp-json\/wp\/v2\/product_tag?post=44183"}],"curies":[{"name":"wp","href":"https:\/\/api.w.org\/{rel}","templated":true}]}}