{"id":43556,"date":"2020-11-25T10:35:05","date_gmt":"2020-11-25T09:35:05","guid":{"rendered":"https:\/\/cardinal.pixel-tal.de\/klebebaender\/bez-kategorii\/chr-hm350-powlekana-silikonem-folia-ptfe\/"},"modified":"2025-07-02T13:29:31","modified_gmt":"2025-07-02T11:29:31","slug":"chr-hm350-film-ptfe-z-powloka-krzemowa","status":"publish","type":"product","link":"https:\/\/cardinal-tapes.com\/pl\/ta\u015bmy-samoprzylepne\/jednostronne-tasmy-samoprzylepne\/chr-hm350-film-ptfe-z-powloka-krzemowa\/","title":{"rendered":"CHR\u00ae HM350 powlekana silikonem folia PTFE"},"content":{"rendered":"<p>CHR\u00ae HM350 jest produkowany ze zmodyfikowanej wysokomodu\u0142owej folii PTFE pokrytej klejem silikonowym odpornym na bardzo wysokie temperatury pracy.<\/p>\n<div class=\"page\" data-page-number=\"1\" data-loaded=\"true\">\n<div class=\"textLayer\">\n<div><strong>Funkcje\/korzy\u015bci<\/strong><\/div>\n<div>Folia PTFE jest poddawana specjalnej obr\u00f3bce w celu u\u0142atwienia obs\u0142ugi, co zmniejsza wyd\u0142u\u017cenie i zwi\u0119ksza wytrzyma\u0142o\u015b\u0107 na zerwanie. Jedna strona jest pokryta akrylanem\/<\/div>\n<div>pokryta silikonowym klejem samoprzylepnym, a druga strona ma cienk\u0105 warstw\u0119 PTFE o dobrej zgodno\u015bci i niskim wsp\u00f3\u0142czynniku tarcia. No\u015bnik PTFE<\/div>\n<div>oferuje doskona\u0142\u0105 odporno\u015b\u0107 na ciep\u0142o i jest chemicznie oboj\u0119tny. Ta\u015bma jest odporna na warunki atmosferyczne, stabilna i nietoksyczna.<\/div>\n<div>CHR\u00ae HM350 i HM426 mog\u0105 by\u0107 zamawiane zgodnie ze specyfikacj\u0105 MIL-I-23594C Typ 1, Klasa 1. CHR HM352 ma ten sam<\/div>\n<div>HM350 ma takie same w\u0142a\u015bciwo\u015bci fizyczne jak HM350, ale zosta\u0142 poddany specjalnej obr\u00f3bce, kt\u00f3ra umo\u017cliwia \u0142\u0105czenie.<\/div>\n<div><\/div>\n<div><strong>Obszary zastosowania<\/strong><\/div>\n<div>CHR HM350 i HM426 s\u0105 cz\u0119sto stosowane jako ta\u015bmy os\u0142onowe w klejeniu metali, do os\u0142aniania rolek w wyt\u0142aczarkach do tworzyw sztucznych.<\/div>\n<div>i u\u017cywane do cienkich wi\u0105zek kablowych.<\/div>\n<div class=\"endOfContent\"><\/div>\n<\/div>\n<\/div>\n<div class=\"page\" data-page-number=\"2\" data-loaded=\"true\">\n<div class=\"canvasWrapper\"><\/div>\n<div class=\"textLayer\"><\/div>\n<\/div>\n<p>&nbsp;<\/p>\n","protected":false},"excerpt":{"rendered":"<p>CHR\u00ae HM350 jest produkowany ze zmodyfikowanej wysokomodu\u0142owej folii PTFE pokrytej klejem silikonowym odpornym na bardzo wysokie temperatury pracy. Funkcje\/korzy\u015bci Folia PTFE jest poddawana specjalnej obr\u00f3bce w celu u\u0142atwienia obs\u0142ugi, co zmniejsza wyd\u0142u\u017cenie i zwi\u0119ksza wytrzyma\u0142o\u015b\u0107 na zerwanie. Jedna strona jest pokryta akrylanem\/ pokryta silikonowym klejem samoprzylepnym, a druga strona ma cienk\u0105 warstw\u0119 PTFE o dobrej [&hellip;]<\/p>\n","protected":false},"featured_media":28570,"template":"","meta":{"_acf_changed":false},"pwb-brand":[4112,2400],"product_brand":[],"product_cat":[1816],"product_tag":[],"class_list":{"0":"post-43556","1":"product","2":"type-product","3":"status-publish","4":"has-post-thumbnail","6":"pwb-brand-saint-gobain-performance-plastics-chr-pl","7":"pwb-brand-saint-gobain-pl","8":"product_cat-jednostronne-tasmy-samoprzylepne","10":"first","11":"instock","12":"taxable","13":"shipping-taxable","14":"product-type-variable"},"acf":[],"yoast_head":"<!-- This site is optimized with the Yoast SEO plugin v27.3 - https:\/\/yoast.com\/product\/yoast-seo-wordpress\/ -->\n<title>CHR\u00aeHM350 powlekana silikonem folia PTFE | Cardinal TAPES<\/title>\n<meta name=\"description\" content=\"CHR\u00ae HM350 jest produkowany ze zmodyfikowanej wysokomodu\u0142owej folii PTFE pokrytej klejem silikonowym odpornym na bardzo wysokie temperatury pracy.\" \/>\n<meta name=\"robots\" content=\"index, follow, max-snippet:-1, max-image-preview:large, max-video-preview:-1\" \/>\n<link rel=\"canonical\" href=\"https:\/\/cardinal-tapes.com\/pl\/ta\u015bmy-samoprzylepne\/jednostronne-tasmy-samoprzylepne\/chr-hm350-film-ptfe-z-powloka-krzemowa\/\" \/>\n<meta property=\"og:locale\" content=\"pl_PL\" \/>\n<meta property=\"og:type\" content=\"article\" \/>\n<meta property=\"og:title\" content=\"CHR\u00aeHM350 powlekana silikonem folia PTFE | Cardinal TAPES\" \/>\n<meta property=\"og:description\" content=\"CHR\u00ae HM350 jest produkowany ze zmodyfikowanej wysokomodu\u0142owej folii PTFE pokrytej klejem silikonowym odpornym na bardzo wysokie temperatury pracy.\" \/>\n<meta property=\"og:url\" content=\"https:\/\/cardinal-tapes.com\/pl\/ta\u015bmy-samoprzylepne\/jednostronne-tasmy-samoprzylepne\/chr-hm350-film-ptfe-z-powloka-krzemowa\/\" \/>\n<meta property=\"og:site_name\" content=\"cardinal TAPES\" \/>\n<meta property=\"article:modified_time\" content=\"2025-07-02T11:29:31+00:00\" \/>\n<meta property=\"og:image\" content=\"https:\/\/cardinal-tapes.com\/wp-content\/uploads\/CHR-TV-A_153082.png\" \/>\n\t<meta property=\"og:image:width\" content=\"415\" \/>\n\t<meta property=\"og:image:height\" content=\"415\" \/>\n\t<meta property=\"og:image:type\" content=\"image\/png\" \/>\n<meta name=\"twitter:card\" content=\"summary_large_image\" \/>\n<meta name=\"twitter:label1\" content=\"Szacowany czas czytania\" \/>\n\t<meta name=\"twitter:data1\" content=\"1 minuta\" \/>\n<script type=\"application\/ld+json\" class=\"yoast-schema-graph\">{\"@context\":\"https:\\\/\\\/schema.org\",\"@graph\":[{\"@type\":\"WebPage\",\"@id\":\"https:\\\/\\\/cardinal-tapes.com\\\/pl\\\/ta\u015bmy-samoprzylepne\\\/jednostronne-tasmy-samoprzylepne\\\/chr-hm350-film-ptfe-z-powloka-krzemowa\\\/\",\"url\":\"https:\\\/\\\/cardinal-tapes.com\\\/pl\\\/ta\u015bmy-samoprzylepne\\\/jednostronne-tasmy-samoprzylepne\\\/chr-hm350-film-ptfe-z-powloka-krzemowa\\\/\",\"name\":\"CHR\u00aeHM350 powlekana silikonem folia PTFE | Cardinal TAPES\",\"isPartOf\":{\"@id\":\"https:\\\/\\\/cardinal-tapes.com\\\/#website\"},\"primaryImageOfPage\":{\"@id\":\"https:\\\/\\\/cardinal-tapes.com\\\/pl\\\/ta\u015bmy-samoprzylepne\\\/jednostronne-tasmy-samoprzylepne\\\/chr-hm350-film-ptfe-z-powloka-krzemowa\\\/#primaryimage\"},\"image\":{\"@id\":\"https:\\\/\\\/cardinal-tapes.com\\\/pl\\\/ta\u015bmy-samoprzylepne\\\/jednostronne-tasmy-samoprzylepne\\\/chr-hm350-film-ptfe-z-powloka-krzemowa\\\/#primaryimage\"},\"thumbnailUrl\":\"https:\\\/\\\/cardinal-tapes.com\\\/wp-content\\\/uploads\\\/CHR-TV-A_153082.png\",\"datePublished\":\"2020-11-25T09:35:05+00:00\",\"dateModified\":\"2025-07-02T11:29:31+00:00\",\"description\":\"CHR\u00ae HM350 jest produkowany ze zmodyfikowanej wysokomodu\u0142owej folii PTFE pokrytej klejem silikonowym odpornym na bardzo wysokie temperatury pracy.\",\"breadcrumb\":{\"@id\":\"https:\\\/\\\/cardinal-tapes.com\\\/pl\\\/ta\u015bmy-samoprzylepne\\\/jednostronne-tasmy-samoprzylepne\\\/chr-hm350-film-ptfe-z-powloka-krzemowa\\\/#breadcrumb\"},\"inLanguage\":\"pl-PL\",\"potentialAction\":[{\"@type\":\"ReadAction\",\"target\":[\"https:\\\/\\\/cardinal-tapes.com\\\/pl\\\/ta\u015bmy-samoprzylepne\\\/jednostronne-tasmy-samoprzylepne\\\/chr-hm350-film-ptfe-z-powloka-krzemowa\\\/\"]}]},{\"@type\":\"ImageObject\",\"inLanguage\":\"pl-PL\",\"@id\":\"https:\\\/\\\/cardinal-tapes.com\\\/pl\\\/ta\u015bmy-samoprzylepne\\\/jednostronne-tasmy-samoprzylepne\\\/chr-hm350-film-ptfe-z-powloka-krzemowa\\\/#primaryimage\",\"url\":\"https:\\\/\\\/cardinal-tapes.com\\\/wp-content\\\/uploads\\\/CHR-TV-A_153082.png\",\"contentUrl\":\"https:\\\/\\\/cardinal-tapes.com\\\/wp-content\\\/uploads\\\/CHR-TV-A_153082.png\",\"width\":415,\"height\":415},{\"@type\":\"BreadcrumbList\",\"@id\":\"https:\\\/\\\/cardinal-tapes.com\\\/pl\\\/ta\u015bmy-samoprzylepne\\\/jednostronne-tasmy-samoprzylepne\\\/chr-hm350-film-ptfe-z-powloka-krzemowa\\\/#breadcrumb\",\"itemListElement\":[{\"@type\":\"ListItem\",\"position\":1,\"name\":\"Startseite\",\"item\":\"https:\\\/\\\/cardinal-tapes.com\\\/pl\\\/strona-glowna\\\/\"},{\"@type\":\"ListItem\",\"position\":2,\"name\":\"Ta\u015bmy samoprzylepne\",\"item\":\"https:\\\/\\\/cardinal-tapes.com\\\/pl\\\/tasmy-samoprzylepne-pl\\\/\"},{\"@type\":\"ListItem\",\"position\":3,\"name\":\"Einseitige Klebeb\u00e4nder\",\"item\":\"https:\\\/\\\/cardinal-tapes.com\\\/kategorie\\\/einseitige-klebebaender\\\/\"},{\"@type\":\"ListItem\",\"position\":4,\"name\":\"CHR\u00ae HM350 powlekana silikonem folia PTFE\"}]},{\"@type\":\"WebSite\",\"@id\":\"https:\\\/\\\/cardinal-tapes.com\\\/#website\",\"url\":\"https:\\\/\\\/cardinal-tapes.com\\\/\",\"name\":\"cardinal TAPES\",\"description\":\"Klebetechnik aus Wuppertal\",\"potentialAction\":[{\"@type\":\"SearchAction\",\"target\":{\"@type\":\"EntryPoint\",\"urlTemplate\":\"https:\\\/\\\/cardinal-tapes.com\\\/?s={search_term_string}\"},\"query-input\":{\"@type\":\"PropertyValueSpecification\",\"valueRequired\":true,\"valueName\":\"search_term_string\"}}],\"inLanguage\":\"pl-PL\"}]}<\/script>\n<!-- \/ Yoast SEO plugin. -->","yoast_head_json":{"title":"CHR\u00aeHM350 powlekana silikonem folia PTFE | Cardinal TAPES","description":"CHR\u00ae HM350 jest produkowany ze zmodyfikowanej wysokomodu\u0142owej folii PTFE pokrytej klejem silikonowym odpornym na bardzo wysokie temperatury pracy.","robots":{"index":"index","follow":"follow","max-snippet":"max-snippet:-1","max-image-preview":"max-image-preview:large","max-video-preview":"max-video-preview:-1"},"canonical":"https:\/\/cardinal-tapes.com\/pl\/ta\u015bmy-samoprzylepne\/jednostronne-tasmy-samoprzylepne\/chr-hm350-film-ptfe-z-powloka-krzemowa\/","og_locale":"pl_PL","og_type":"article","og_title":"CHR\u00aeHM350 powlekana silikonem folia PTFE | Cardinal TAPES","og_description":"CHR\u00ae HM350 jest produkowany ze zmodyfikowanej wysokomodu\u0142owej folii PTFE pokrytej klejem silikonowym odpornym na bardzo wysokie temperatury pracy.","og_url":"https:\/\/cardinal-tapes.com\/pl\/ta\u015bmy-samoprzylepne\/jednostronne-tasmy-samoprzylepne\/chr-hm350-film-ptfe-z-powloka-krzemowa\/","og_site_name":"cardinal TAPES","article_modified_time":"2025-07-02T11:29:31+00:00","og_image":[{"width":415,"height":415,"url":"https:\/\/cardinal-tapes.com\/wp-content\/uploads\/CHR-TV-A_153082.png","type":"image\/png"}],"twitter_card":"summary_large_image","twitter_misc":{"Szacowany czas czytania":"1 minuta"},"schema":{"@context":"https:\/\/schema.org","@graph":[{"@type":"WebPage","@id":"https:\/\/cardinal-tapes.com\/pl\/ta\u015bmy-samoprzylepne\/jednostronne-tasmy-samoprzylepne\/chr-hm350-film-ptfe-z-powloka-krzemowa\/","url":"https:\/\/cardinal-tapes.com\/pl\/ta\u015bmy-samoprzylepne\/jednostronne-tasmy-samoprzylepne\/chr-hm350-film-ptfe-z-powloka-krzemowa\/","name":"CHR\u00aeHM350 powlekana silikonem folia PTFE | Cardinal TAPES","isPartOf":{"@id":"https:\/\/cardinal-tapes.com\/#website"},"primaryImageOfPage":{"@id":"https:\/\/cardinal-tapes.com\/pl\/ta\u015bmy-samoprzylepne\/jednostronne-tasmy-samoprzylepne\/chr-hm350-film-ptfe-z-powloka-krzemowa\/#primaryimage"},"image":{"@id":"https:\/\/cardinal-tapes.com\/pl\/ta\u015bmy-samoprzylepne\/jednostronne-tasmy-samoprzylepne\/chr-hm350-film-ptfe-z-powloka-krzemowa\/#primaryimage"},"thumbnailUrl":"https:\/\/cardinal-tapes.com\/wp-content\/uploads\/CHR-TV-A_153082.png","datePublished":"2020-11-25T09:35:05+00:00","dateModified":"2025-07-02T11:29:31+00:00","description":"CHR\u00ae HM350 jest produkowany ze zmodyfikowanej wysokomodu\u0142owej folii PTFE pokrytej klejem silikonowym odpornym na bardzo wysokie temperatury pracy.","breadcrumb":{"@id":"https:\/\/cardinal-tapes.com\/pl\/ta\u015bmy-samoprzylepne\/jednostronne-tasmy-samoprzylepne\/chr-hm350-film-ptfe-z-powloka-krzemowa\/#breadcrumb"},"inLanguage":"pl-PL","potentialAction":[{"@type":"ReadAction","target":["https:\/\/cardinal-tapes.com\/pl\/ta\u015bmy-samoprzylepne\/jednostronne-tasmy-samoprzylepne\/chr-hm350-film-ptfe-z-powloka-krzemowa\/"]}]},{"@type":"ImageObject","inLanguage":"pl-PL","@id":"https:\/\/cardinal-tapes.com\/pl\/ta\u015bmy-samoprzylepne\/jednostronne-tasmy-samoprzylepne\/chr-hm350-film-ptfe-z-powloka-krzemowa\/#primaryimage","url":"https:\/\/cardinal-tapes.com\/wp-content\/uploads\/CHR-TV-A_153082.png","contentUrl":"https:\/\/cardinal-tapes.com\/wp-content\/uploads\/CHR-TV-A_153082.png","width":415,"height":415},{"@type":"BreadcrumbList","@id":"https:\/\/cardinal-tapes.com\/pl\/ta\u015bmy-samoprzylepne\/jednostronne-tasmy-samoprzylepne\/chr-hm350-film-ptfe-z-powloka-krzemowa\/#breadcrumb","itemListElement":[{"@type":"ListItem","position":1,"name":"Startseite","item":"https:\/\/cardinal-tapes.com\/pl\/strona-glowna\/"},{"@type":"ListItem","position":2,"name":"Ta\u015bmy samoprzylepne","item":"https:\/\/cardinal-tapes.com\/pl\/tasmy-samoprzylepne-pl\/"},{"@type":"ListItem","position":3,"name":"Einseitige Klebeb\u00e4nder","item":"https:\/\/cardinal-tapes.com\/kategorie\/einseitige-klebebaender\/"},{"@type":"ListItem","position":4,"name":"CHR\u00ae HM350 powlekana silikonem folia PTFE"}]},{"@type":"WebSite","@id":"https:\/\/cardinal-tapes.com\/#website","url":"https:\/\/cardinal-tapes.com\/","name":"cardinal TAPES","description":"Klebetechnik aus Wuppertal","potentialAction":[{"@type":"SearchAction","target":{"@type":"EntryPoint","urlTemplate":"https:\/\/cardinal-tapes.com\/?s={search_term_string}"},"query-input":{"@type":"PropertyValueSpecification","valueRequired":true,"valueName":"search_term_string"}}],"inLanguage":"pl-PL"}]}},"brands":[{"id":4112,"name":"Saint-Gobain CHR Tape","slug":"saint-gobain-performance-plastics-chr-pl"},{"id":2400,"name":"Saint-Gobain Performance Plastics","slug":"saint-gobain-pl"}],"_links":{"self":[{"href":"https:\/\/cardinal-tapes.com\/pl\/wp-json\/wp\/v2\/product\/43556","targetHints":{"allow":["GET"]}}],"collection":[{"href":"https:\/\/cardinal-tapes.com\/pl\/wp-json\/wp\/v2\/product"}],"about":[{"href":"https:\/\/cardinal-tapes.com\/pl\/wp-json\/wp\/v2\/types\/product"}],"wp:featuredmedia":[{"embeddable":true,"href":"https:\/\/cardinal-tapes.com\/pl\/wp-json\/wp\/v2\/media\/28570"}],"wp:attachment":[{"href":"https:\/\/cardinal-tapes.com\/pl\/wp-json\/wp\/v2\/media?parent=43556"}],"wp:term":[{"taxonomy":"pwb-brand","embeddable":true,"href":"https:\/\/cardinal-tapes.com\/pl\/wp-json\/wp\/v2\/pwb-brand?post=43556"},{"taxonomy":"product_brand","embeddable":true,"href":"https:\/\/cardinal-tapes.com\/pl\/wp-json\/wp\/v2\/product_brand?post=43556"},{"taxonomy":"product_cat","embeddable":true,"href":"https:\/\/cardinal-tapes.com\/pl\/wp-json\/wp\/v2\/product_cat?post=43556"},{"taxonomy":"product_tag","embeddable":true,"href":"https:\/\/cardinal-tapes.com\/pl\/wp-json\/wp\/v2\/product_tag?post=43556"}],"curies":[{"name":"wp","href":"https:\/\/api.w.org\/{rel}","templated":true}]}}