{"id":43554,"date":"2020-11-25T10:29:41","date_gmt":"2023-06-05T14:57:12","guid":{"rendered":"https:\/\/cardinal.pixel-tal.de\/klebebaender\/bez-kategorii\/chr-2975-8r-tkanina-z-wlokna-szklanego-z-silikonem\/"},"modified":"2023-06-05T16:57:12","modified_gmt":"2023-06-05T14:57:12","slug":"chr-2975-8r-tkanina-z-wlokna-szklanego-z-silikonem","status":"publish","type":"product","link":"https:\/\/cardinal-tapes.com\/pl\/ta\u015bmy-samoprzylepne\/jednostronne-tasmy-samoprzylepne\/chr-2975-8r-tkanina-z-wlokna-szklanego-z-silikonem\/","title":{"rendered":"CHR\u00ae 2975-8R Tkanina z w\u0142\u00f3kna szklanego z silikonem"},"content":{"rendered":"<p>CHR\u00ae 2975-8R sk\u0142ada si\u0119 z tkaniny z w\u0142\u00f3kna szklanego pokrytej klejem silikonowym, kt\u00f3ry jest odporny na bardzo wysokie temperatury robocze.<\/p>\n<p>Ta\u015bma 2975 zosta\u0142a zaprojektowana tak, aby wytrzyma\u0107 bardzo wysokie \u015bcieranie spowodowane piaskowaniem oraz ekstremalne temperatury\/ci\u015bnienia wyst\u0119puj\u0105ce podczas natryskiwania plazmowego. Klej jest wykonany z silikonu odpornego na wysok\u0105 temperatur\u0119, co pozwala na stosowanie produktu w temperaturze do 260\u00b0C. Zapobiega r\u00f3wnie\u017c ze\u015blizgiwaniu si\u0119 ta\u015bmy po aplikacji. Ta\u015bmy charakteryzuj\u0105 si\u0119 wysok\u0105 wytrzyma\u0142o\u015bci\u0105 i elastyczno\u015bci\u0105, dzi\u0119ki czemu mo\u017cna je \u0142atwo owija\u0107 wok\u00f3\u0142 skomplikowanych kszta\u0142t\u00f3w i minimalizowa\u0107 zagniecenia podczas zginania kabli.<\/p>\n<div><strong>Funkcje\/korzy\u015bci<\/strong><\/div>\n<div>Ta\u015bma 2975 zosta\u0142a zaprojektowana tak, aby wytrzyma\u0107 bardzo wysokie \u015bcieranie spowodowane piaskowaniem oraz ekstremalne temperatury\/ci\u015bnienia wyst\u0119puj\u0105ce podczas natryskiwania plazmowego.<\/div>\n<div>Klej jest wykonany z silikonu odpornego na wysok\u0105 temperatur\u0119, co pozwala na stosowanie produktu w temperaturze do 260\u00b0C.<\/div>\n<div>Zapobiega r\u00f3wnie\u017c ze\u015blizgiwaniu si\u0119 ta\u015bmy po aplikacji. Ta\u015bmy charakteryzuj\u0105 si\u0119 wysok\u0105 wytrzyma\u0142o\u015bci\u0105 i elastyczno\u015bci\u0105 i mog\u0105 by\u0107<\/div>\n<div>U\u0142atwia to owijanie wok\u00f3\u0142 z\u0142o\u017conych kszta\u0142t\u00f3w i minimalizuje marszczenie podczas zginania kabli.<\/div>\n<div><\/div>\n<div>\n<div class=\"page\" data-page-number=\"1\" data-loaded=\"true\">\n<div class=\"textLayer\">\n<div><strong>Obszary zastosowania<\/strong><\/div>\n<div>2975 jest stosowany w natryskiwaniu plazmowym &#8211; metodzie powlekania powierzchni cienkimi pow\u0142okami metalowymi lub niezwykle odpornymi na ciep\u0142o pow\u0142okami ceramicznymi.<\/div>\n<div>Pow\u0142oka jest natryskiwana pod wysokim ci\u015bnieniem i w ekstremalnych temperaturach. Ta\u015bma jest nak\u0142adana wok\u00f3\u0142 cz\u0119\u015bci natryskiwanych plazmowo<\/div>\n<div>powinien. CHR 2975 chroni te powierzchnie podczas piaskowania, kt\u00f3re przygotowuje powierzchnie, a nast\u0119pnie przed natryskiwaniem plazmowym. Lotnictwo jest najwa\u017cniejszym rynkiem<\/div>\n<div>dla plazmowych pas\u00f3w natryskowych, w szczeg\u00f3lno\u015bci producent\u00f3w silnik\u00f3w odrzutowych, centr\u00f3w naprawczych, centr\u00f3w konserwacji g\u0142\u00f3wnych linii lotniczych, hangar\u00f3w lotniczych i zak\u0142ad\u00f3w naprawczych Marynarki Wojennej.<\/div>\n<div class=\"endOfContent\"><\/div>\n<\/div>\n<\/div>\n<div class=\"page\" data-page-number=\"2\" data-loaded=\"true\"><\/div>\n<\/div>\n","protected":false},"excerpt":{"rendered":"<p>CHR\u00ae 2975-8R sk\u0142ada si\u0119 z tkaniny z w\u0142\u00f3kna szklanego pokrytej klejem silikonowym, kt\u00f3ry jest odporny na bardzo wysokie temperatury robocze. Ta\u015bma 2975 zosta\u0142a zaprojektowana tak, aby wytrzyma\u0107 bardzo wysokie \u015bcieranie spowodowane piaskowaniem oraz ekstremalne temperatury\/ci\u015bnienia wyst\u0119puj\u0105ce podczas natryskiwania plazmowego. Klej jest wykonany z silikonu odpornego na wysok\u0105 temperatur\u0119, co pozwala na stosowanie produktu w temperaturze [&hellip;]<\/p>\n","protected":false},"featured_media":28586,"template":"","meta":{"_acf_changed":false},"pwb-brand":[4112,2400],"product_brand":[],"product_cat":[1816],"product_tag":[],"class_list":{"0":"post-43554","1":"product","2":"type-product","3":"status-publish","4":"has-post-thumbnail","6":"pwb-brand-saint-gobain-performance-plastics-chr-pl","7":"pwb-brand-saint-gobain-pl","8":"product_cat-jednostronne-tasmy-samoprzylepne","10":"first","11":"instock","12":"taxable","13":"shipping-taxable","14":"product-type-variable"},"acf":[],"yoast_head":"<!-- This site is optimized with the Yoast SEO plugin v27.3 - https:\/\/yoast.com\/product\/yoast-seo-wordpress\/ -->\n<title>CHR\u00ae 2975-8R Tkanina z w\u0142\u00f3kna szklanego z silikonem | Cardinal TAPES<\/title>\n<meta name=\"description\" content=\"CHR\u00ae 2975-8R sk\u0142ada si\u0119 z tkaniny z w\u0142\u00f3kna szklanego pokrytej klejem silikonowym, kt\u00f3ry jest odporny na bardzo wysokie temperatury robocze.\" \/>\n<meta name=\"robots\" content=\"index, follow, max-snippet:-1, max-image-preview:large, max-video-preview:-1\" \/>\n<link rel=\"canonical\" href=\"https:\/\/cardinal-tapes.com\/pl\/ta\u015bmy-samoprzylepne\/jednostronne-tasmy-samoprzylepne\/chr-2975-8r-tkanina-z-wlokna-szklanego-z-silikonem\/\" \/>\n<meta property=\"og:locale\" content=\"pl_PL\" \/>\n<meta property=\"og:type\" content=\"article\" \/>\n<meta property=\"og:title\" content=\"CHR\u00ae 2975-8R Tkanina z w\u0142\u00f3kna szklanego z silikonem | Cardinal TAPES\" \/>\n<meta property=\"og:description\" content=\"CHR\u00ae 2975-8R sk\u0142ada si\u0119 z tkaniny z w\u0142\u00f3kna szklanego pokrytej klejem silikonowym, kt\u00f3ry jest odporny na bardzo wysokie temperatury robocze.\" \/>\n<meta property=\"og:url\" content=\"https:\/\/cardinal-tapes.com\/pl\/ta\u015bmy-samoprzylepne\/jednostronne-tasmy-samoprzylepne\/chr-2975-8r-tkanina-z-wlokna-szklanego-z-silikonem\/\" \/>\n<meta property=\"og:site_name\" content=\"cardinal TAPES\" \/>\n<meta property=\"og:image\" content=\"https:\/\/cardinal-tapes.com\/wp-content\/uploads\/CHR-Glass-Silicone-White-A_153049.png\" \/>\n\t<meta property=\"og:image:width\" content=\"415\" \/>\n\t<meta property=\"og:image:height\" content=\"415\" \/>\n\t<meta property=\"og:image:type\" content=\"image\/png\" \/>\n<meta name=\"twitter:card\" content=\"summary_large_image\" \/>\n<meta name=\"twitter:label1\" content=\"Szacowany czas czytania\" \/>\n\t<meta name=\"twitter:data1\" content=\"1 minuta\" \/>\n<script type=\"application\/ld+json\" class=\"yoast-schema-graph\">{\"@context\":\"https:\\\/\\\/schema.org\",\"@graph\":[{\"@type\":\"WebPage\",\"@id\":\"https:\\\/\\\/cardinal-tapes.com\\\/pl\\\/ta\u015bmy-samoprzylepne\\\/jednostronne-tasmy-samoprzylepne\\\/chr-2975-8r-tkanina-z-wlokna-szklanego-z-silikonem\\\/\",\"url\":\"https:\\\/\\\/cardinal-tapes.com\\\/pl\\\/ta\u015bmy-samoprzylepne\\\/jednostronne-tasmy-samoprzylepne\\\/chr-2975-8r-tkanina-z-wlokna-szklanego-z-silikonem\\\/\",\"name\":\"CHR\u00ae 2975-8R Tkanina z w\u0142\u00f3kna szklanego z silikonem | Cardinal TAPES\",\"isPartOf\":{\"@id\":\"https:\\\/\\\/cardinal-tapes.com\\\/#website\"},\"primaryImageOfPage\":{\"@id\":\"https:\\\/\\\/cardinal-tapes.com\\\/pl\\\/ta\u015bmy-samoprzylepne\\\/jednostronne-tasmy-samoprzylepne\\\/chr-2975-8r-tkanina-z-wlokna-szklanego-z-silikonem\\\/#primaryimage\"},\"image\":{\"@id\":\"https:\\\/\\\/cardinal-tapes.com\\\/pl\\\/ta\u015bmy-samoprzylepne\\\/jednostronne-tasmy-samoprzylepne\\\/chr-2975-8r-tkanina-z-wlokna-szklanego-z-silikonem\\\/#primaryimage\"},\"thumbnailUrl\":\"https:\\\/\\\/cardinal-tapes.com\\\/wp-content\\\/uploads\\\/CHR-Glass-Silicone-White-A_153049.png\",\"datePublished\":\"2023-06-05T14:57:12+00:00\",\"description\":\"CHR\u00ae 2975-8R sk\u0142ada si\u0119 z tkaniny z w\u0142\u00f3kna szklanego pokrytej klejem silikonowym, kt\u00f3ry jest odporny na bardzo wysokie temperatury robocze.\",\"breadcrumb\":{\"@id\":\"https:\\\/\\\/cardinal-tapes.com\\\/pl\\\/ta\u015bmy-samoprzylepne\\\/jednostronne-tasmy-samoprzylepne\\\/chr-2975-8r-tkanina-z-wlokna-szklanego-z-silikonem\\\/#breadcrumb\"},\"inLanguage\":\"pl-PL\",\"potentialAction\":[{\"@type\":\"ReadAction\",\"target\":[\"https:\\\/\\\/cardinal-tapes.com\\\/pl\\\/ta\u015bmy-samoprzylepne\\\/jednostronne-tasmy-samoprzylepne\\\/chr-2975-8r-tkanina-z-wlokna-szklanego-z-silikonem\\\/\"]}]},{\"@type\":\"ImageObject\",\"inLanguage\":\"pl-PL\",\"@id\":\"https:\\\/\\\/cardinal-tapes.com\\\/pl\\\/ta\u015bmy-samoprzylepne\\\/jednostronne-tasmy-samoprzylepne\\\/chr-2975-8r-tkanina-z-wlokna-szklanego-z-silikonem\\\/#primaryimage\",\"url\":\"https:\\\/\\\/cardinal-tapes.com\\\/wp-content\\\/uploads\\\/CHR-Glass-Silicone-White-A_153049.png\",\"contentUrl\":\"https:\\\/\\\/cardinal-tapes.com\\\/wp-content\\\/uploads\\\/CHR-Glass-Silicone-White-A_153049.png\",\"width\":415,\"height\":415},{\"@type\":\"BreadcrumbList\",\"@id\":\"https:\\\/\\\/cardinal-tapes.com\\\/pl\\\/ta\u015bmy-samoprzylepne\\\/jednostronne-tasmy-samoprzylepne\\\/chr-2975-8r-tkanina-z-wlokna-szklanego-z-silikonem\\\/#breadcrumb\",\"itemListElement\":[{\"@type\":\"ListItem\",\"position\":1,\"name\":\"Startseite\",\"item\":\"https:\\\/\\\/cardinal-tapes.com\\\/pl\\\/strona-glowna\\\/\"},{\"@type\":\"ListItem\",\"position\":2,\"name\":\"Ta\u015bmy samoprzylepne\",\"item\":\"https:\\\/\\\/cardinal-tapes.com\\\/pl\\\/tasmy-samoprzylepne-pl\\\/\"},{\"@type\":\"ListItem\",\"position\":3,\"name\":\"Jednostronne ta\u015bmy samoprzylepne\",\"item\":\"https:\\\/\\\/cardinal-tapes.com\\\/pl\\\/kategoria\\\/jednostronne-tasmy-samoprzylepne\\\/\"},{\"@type\":\"ListItem\",\"position\":4,\"name\":\"CHR\u00ae 2975-8R Tkanina z w\u0142\u00f3kna szklanego z silikonem\"}]},{\"@type\":\"WebSite\",\"@id\":\"https:\\\/\\\/cardinal-tapes.com\\\/#website\",\"url\":\"https:\\\/\\\/cardinal-tapes.com\\\/\",\"name\":\"cardinal TAPES\",\"description\":\"Klebetechnik aus Wuppertal\",\"potentialAction\":[{\"@type\":\"SearchAction\",\"target\":{\"@type\":\"EntryPoint\",\"urlTemplate\":\"https:\\\/\\\/cardinal-tapes.com\\\/?s={search_term_string}\"},\"query-input\":{\"@type\":\"PropertyValueSpecification\",\"valueRequired\":true,\"valueName\":\"search_term_string\"}}],\"inLanguage\":\"pl-PL\"}]}<\/script>\n<!-- \/ Yoast SEO plugin. -->","yoast_head_json":{"title":"CHR\u00ae 2975-8R Tkanina z w\u0142\u00f3kna szklanego z silikonem | Cardinal TAPES","description":"CHR\u00ae 2975-8R sk\u0142ada si\u0119 z tkaniny z w\u0142\u00f3kna szklanego pokrytej klejem silikonowym, kt\u00f3ry jest odporny na bardzo wysokie temperatury robocze.","robots":{"index":"index","follow":"follow","max-snippet":"max-snippet:-1","max-image-preview":"max-image-preview:large","max-video-preview":"max-video-preview:-1"},"canonical":"https:\/\/cardinal-tapes.com\/pl\/ta\u015bmy-samoprzylepne\/jednostronne-tasmy-samoprzylepne\/chr-2975-8r-tkanina-z-wlokna-szklanego-z-silikonem\/","og_locale":"pl_PL","og_type":"article","og_title":"CHR\u00ae 2975-8R Tkanina z w\u0142\u00f3kna szklanego z silikonem | Cardinal TAPES","og_description":"CHR\u00ae 2975-8R sk\u0142ada si\u0119 z tkaniny z w\u0142\u00f3kna szklanego pokrytej klejem silikonowym, kt\u00f3ry jest odporny na bardzo wysokie temperatury robocze.","og_url":"https:\/\/cardinal-tapes.com\/pl\/ta\u015bmy-samoprzylepne\/jednostronne-tasmy-samoprzylepne\/chr-2975-8r-tkanina-z-wlokna-szklanego-z-silikonem\/","og_site_name":"cardinal TAPES","og_image":[{"width":415,"height":415,"url":"https:\/\/cardinal-tapes.com\/wp-content\/uploads\/CHR-Glass-Silicone-White-A_153049.png","type":"image\/png"}],"twitter_card":"summary_large_image","twitter_misc":{"Szacowany czas czytania":"1 minuta"},"schema":{"@context":"https:\/\/schema.org","@graph":[{"@type":"WebPage","@id":"https:\/\/cardinal-tapes.com\/pl\/ta\u015bmy-samoprzylepne\/jednostronne-tasmy-samoprzylepne\/chr-2975-8r-tkanina-z-wlokna-szklanego-z-silikonem\/","url":"https:\/\/cardinal-tapes.com\/pl\/ta\u015bmy-samoprzylepne\/jednostronne-tasmy-samoprzylepne\/chr-2975-8r-tkanina-z-wlokna-szklanego-z-silikonem\/","name":"CHR\u00ae 2975-8R Tkanina z w\u0142\u00f3kna szklanego z silikonem | Cardinal TAPES","isPartOf":{"@id":"https:\/\/cardinal-tapes.com\/#website"},"primaryImageOfPage":{"@id":"https:\/\/cardinal-tapes.com\/pl\/ta\u015bmy-samoprzylepne\/jednostronne-tasmy-samoprzylepne\/chr-2975-8r-tkanina-z-wlokna-szklanego-z-silikonem\/#primaryimage"},"image":{"@id":"https:\/\/cardinal-tapes.com\/pl\/ta\u015bmy-samoprzylepne\/jednostronne-tasmy-samoprzylepne\/chr-2975-8r-tkanina-z-wlokna-szklanego-z-silikonem\/#primaryimage"},"thumbnailUrl":"https:\/\/cardinal-tapes.com\/wp-content\/uploads\/CHR-Glass-Silicone-White-A_153049.png","datePublished":"2023-06-05T14:57:12+00:00","description":"CHR\u00ae 2975-8R sk\u0142ada si\u0119 z tkaniny z w\u0142\u00f3kna szklanego pokrytej klejem silikonowym, kt\u00f3ry jest odporny na bardzo wysokie temperatury robocze.","breadcrumb":{"@id":"https:\/\/cardinal-tapes.com\/pl\/ta\u015bmy-samoprzylepne\/jednostronne-tasmy-samoprzylepne\/chr-2975-8r-tkanina-z-wlokna-szklanego-z-silikonem\/#breadcrumb"},"inLanguage":"pl-PL","potentialAction":[{"@type":"ReadAction","target":["https:\/\/cardinal-tapes.com\/pl\/ta\u015bmy-samoprzylepne\/jednostronne-tasmy-samoprzylepne\/chr-2975-8r-tkanina-z-wlokna-szklanego-z-silikonem\/"]}]},{"@type":"ImageObject","inLanguage":"pl-PL","@id":"https:\/\/cardinal-tapes.com\/pl\/ta\u015bmy-samoprzylepne\/jednostronne-tasmy-samoprzylepne\/chr-2975-8r-tkanina-z-wlokna-szklanego-z-silikonem\/#primaryimage","url":"https:\/\/cardinal-tapes.com\/wp-content\/uploads\/CHR-Glass-Silicone-White-A_153049.png","contentUrl":"https:\/\/cardinal-tapes.com\/wp-content\/uploads\/CHR-Glass-Silicone-White-A_153049.png","width":415,"height":415},{"@type":"BreadcrumbList","@id":"https:\/\/cardinal-tapes.com\/pl\/ta\u015bmy-samoprzylepne\/jednostronne-tasmy-samoprzylepne\/chr-2975-8r-tkanina-z-wlokna-szklanego-z-silikonem\/#breadcrumb","itemListElement":[{"@type":"ListItem","position":1,"name":"Startseite","item":"https:\/\/cardinal-tapes.com\/pl\/strona-glowna\/"},{"@type":"ListItem","position":2,"name":"Ta\u015bmy samoprzylepne","item":"https:\/\/cardinal-tapes.com\/pl\/tasmy-samoprzylepne-pl\/"},{"@type":"ListItem","position":3,"name":"Jednostronne ta\u015bmy samoprzylepne","item":"https:\/\/cardinal-tapes.com\/pl\/kategoria\/jednostronne-tasmy-samoprzylepne\/"},{"@type":"ListItem","position":4,"name":"CHR\u00ae 2975-8R Tkanina z w\u0142\u00f3kna szklanego z silikonem"}]},{"@type":"WebSite","@id":"https:\/\/cardinal-tapes.com\/#website","url":"https:\/\/cardinal-tapes.com\/","name":"cardinal TAPES","description":"Klebetechnik aus Wuppertal","potentialAction":[{"@type":"SearchAction","target":{"@type":"EntryPoint","urlTemplate":"https:\/\/cardinal-tapes.com\/?s={search_term_string}"},"query-input":{"@type":"PropertyValueSpecification","valueRequired":true,"valueName":"search_term_string"}}],"inLanguage":"pl-PL"}]}},"brands":[{"id":4112,"name":"Saint-Gobain CHR Tape","slug":"saint-gobain-performance-plastics-chr-pl"},{"id":2400,"name":"Saint-Gobain Performance Plastics","slug":"saint-gobain-pl"}],"_links":{"self":[{"href":"https:\/\/cardinal-tapes.com\/pl\/wp-json\/wp\/v2\/product\/43554","targetHints":{"allow":["GET"]}}],"collection":[{"href":"https:\/\/cardinal-tapes.com\/pl\/wp-json\/wp\/v2\/product"}],"about":[{"href":"https:\/\/cardinal-tapes.com\/pl\/wp-json\/wp\/v2\/types\/product"}],"wp:featuredmedia":[{"embeddable":true,"href":"https:\/\/cardinal-tapes.com\/pl\/wp-json\/wp\/v2\/media\/28586"}],"wp:attachment":[{"href":"https:\/\/cardinal-tapes.com\/pl\/wp-json\/wp\/v2\/media?parent=43554"}],"wp:term":[{"taxonomy":"pwb-brand","embeddable":true,"href":"https:\/\/cardinal-tapes.com\/pl\/wp-json\/wp\/v2\/pwb-brand?post=43554"},{"taxonomy":"product_brand","embeddable":true,"href":"https:\/\/cardinal-tapes.com\/pl\/wp-json\/wp\/v2\/product_brand?post=43554"},{"taxonomy":"product_cat","embeddable":true,"href":"https:\/\/cardinal-tapes.com\/pl\/wp-json\/wp\/v2\/product_cat?post=43554"},{"taxonomy":"product_tag","embeddable":true,"href":"https:\/\/cardinal-tapes.com\/pl\/wp-json\/wp\/v2\/product_tag?post=43554"}],"curies":[{"name":"wp","href":"https:\/\/api.w.org\/{rel}","templated":true}]}}