{"id":43553,"date":"2020-11-25T10:05:55","date_gmt":"2023-06-05T14:57:12","guid":{"rendered":"https:\/\/cardinal.pixel-tal.de\/klebebaender\/bez-kategorii\/chr-2965-8r-tasma-klejaca-silikonowa-do-szkla\/"},"modified":"2023-06-05T16:57:12","modified_gmt":"2023-06-05T14:57:12","slug":"chr-2965-8r-glas-silikon-klebeband","status":"publish","type":"product","link":"https:\/\/cardinal-tapes.com\/pl\/ta\u015bmy-samoprzylepne\/jednostronne-tasmy-samoprzylepne\/chr-2965-8r-glas-silikon-klebeband\/","title":{"rendered":"CHR\u00ae 2965-8R Ta\u015bma klej\u0105ca silikonowa do szk\u0142a"},"content":{"rendered":"<p>CHR\u00ae 2965 to podk\u0142ad z gumy silikonowej\/tkaniny szklanej z odpornym na ciep\u0142o klejem silikonowym.<\/p>\n<p>Ta\u015bma 2965 zosta\u0142a zaprojektowana tak, aby wytrzyma\u0107 bardzo wysokie \u015bcieranie spowodowane piaskowaniem oraz ekstremalne temperatury\/ci\u015bnienia wyst\u0119puj\u0105ce podczas natryskiwania plazmowego. Ta\u015bmy charakteryzuj\u0105 si\u0119 wysok\u0105 wytrzyma\u0142o\u015bci\u0105 i elastyczno\u015bci\u0105 i mog\u0105 by\u0107<br \/>\ndlatego dobrze owijaj\u0105 si\u0119 wok\u00f3\u0142 z\u0142o\u017conych kszta\u0142t\u00f3w<\/p>\n","protected":false},"excerpt":{"rendered":"<p>CHR\u00ae 2965 to podk\u0142ad z gumy silikonowej\/tkaniny szklanej z odpornym na ciep\u0142o klejem silikonowym. Ta\u015bma 2965 zosta\u0142a zaprojektowana tak, aby wytrzyma\u0107 bardzo wysokie \u015bcieranie spowodowane piaskowaniem oraz ekstremalne temperatury\/ci\u015bnienia wyst\u0119puj\u0105ce podczas natryskiwania plazmowego. Ta\u015bmy charakteryzuj\u0105 si\u0119 wysok\u0105 wytrzyma\u0142o\u015bci\u0105 i elastyczno\u015bci\u0105 i mog\u0105 by\u0107 dlatego dobrze owijaj\u0105 si\u0119 wok\u00f3\u0142 z\u0142o\u017conych kszta\u0142t\u00f3w<\/p>\n","protected":false},"featured_media":28590,"template":"","meta":{"_acf_changed":false},"pwb-brand":[4112,2400],"product_brand":[],"product_cat":[1816],"product_tag":[],"class_list":{"0":"post-43553","1":"product","2":"type-product","3":"status-publish","4":"has-post-thumbnail","6":"pwb-brand-saint-gobain-performance-plastics-chr-pl","7":"pwb-brand-saint-gobain-pl","8":"product_cat-jednostronne-tasmy-samoprzylepne","10":"first","11":"instock","12":"taxable","13":"shipping-taxable","14":"product-type-variable"},"acf":[],"yoast_head":"<!-- This site is optimized with the Yoast SEO plugin v27.3 - https:\/\/yoast.com\/product\/yoast-seo-wordpress\/ -->\n<title>CHR\u00ae 2965-8R Ta\u015bma klej\u0105ca silikonowa do szk\u0142a | Cardinal TAPES<\/title>\n<meta name=\"description\" content=\"CHR\u00ae 2965 to podk\u0142ad z gumy silikonowej\/tkaniny szklanej z odpornym na ciep\u0142o klejem silikonowym.\" \/>\n<meta name=\"robots\" content=\"index, follow, max-snippet:-1, max-image-preview:large, max-video-preview:-1\" \/>\n<link rel=\"canonical\" href=\"https:\/\/cardinal-tapes.com\/pl\/ta\u015bmy-samoprzylepne\/jednostronne-tasmy-samoprzylepne\/chr-2965-8r-glas-silikon-klebeband\/\" \/>\n<meta property=\"og:locale\" content=\"pl_PL\" \/>\n<meta property=\"og:type\" content=\"article\" \/>\n<meta property=\"og:title\" content=\"CHR\u00ae 2965-8R Ta\u015bma klej\u0105ca silikonowa do szk\u0142a | Cardinal TAPES\" \/>\n<meta property=\"og:description\" content=\"CHR\u00ae 2965 to podk\u0142ad z gumy silikonowej\/tkaniny szklanej z odpornym na ciep\u0142o klejem silikonowym.\" \/>\n<meta property=\"og:url\" content=\"https:\/\/cardinal-tapes.com\/pl\/ta\u015bmy-samoprzylepne\/jednostronne-tasmy-samoprzylepne\/chr-2965-8r-glas-silikon-klebeband\/\" \/>\n<meta property=\"og:site_name\" content=\"cardinal TAPES\" \/>\n<meta property=\"og:image\" content=\"https:\/\/cardinal-tapes.com\/wp-content\/uploads\/CHR-2965-8r-A_153028.png\" \/>\n\t<meta property=\"og:image:width\" content=\"415\" \/>\n\t<meta property=\"og:image:height\" content=\"415\" \/>\n\t<meta property=\"og:image:type\" content=\"image\/png\" \/>\n<meta name=\"twitter:card\" content=\"summary_large_image\" \/>\n<script type=\"application\/ld+json\" class=\"yoast-schema-graph\">{\"@context\":\"https:\\\/\\\/schema.org\",\"@graph\":[{\"@type\":\"WebPage\",\"@id\":\"https:\\\/\\\/cardinal-tapes.com\\\/pl\\\/ta\u015bmy-samoprzylepne\\\/jednostronne-tasmy-samoprzylepne\\\/chr-2965-8r-glas-silikon-klebeband\\\/\",\"url\":\"https:\\\/\\\/cardinal-tapes.com\\\/pl\\\/ta\u015bmy-samoprzylepne\\\/jednostronne-tasmy-samoprzylepne\\\/chr-2965-8r-glas-silikon-klebeband\\\/\",\"name\":\"CHR\u00ae 2965-8R Ta\u015bma klej\u0105ca silikonowa do szk\u0142a | Cardinal TAPES\",\"isPartOf\":{\"@id\":\"https:\\\/\\\/cardinal-tapes.com\\\/#website\"},\"primaryImageOfPage\":{\"@id\":\"https:\\\/\\\/cardinal-tapes.com\\\/pl\\\/ta\u015bmy-samoprzylepne\\\/jednostronne-tasmy-samoprzylepne\\\/chr-2965-8r-glas-silikon-klebeband\\\/#primaryimage\"},\"image\":{\"@id\":\"https:\\\/\\\/cardinal-tapes.com\\\/pl\\\/ta\u015bmy-samoprzylepne\\\/jednostronne-tasmy-samoprzylepne\\\/chr-2965-8r-glas-silikon-klebeband\\\/#primaryimage\"},\"thumbnailUrl\":\"https:\\\/\\\/cardinal-tapes.com\\\/wp-content\\\/uploads\\\/CHR-2965-8r-A_153028.png\",\"datePublished\":\"2023-06-05T14:57:12+00:00\",\"description\":\"CHR\u00ae 2965 to podk\u0142ad z gumy silikonowej\\\/tkaniny szklanej z odpornym na ciep\u0142o klejem silikonowym.\",\"breadcrumb\":{\"@id\":\"https:\\\/\\\/cardinal-tapes.com\\\/pl\\\/ta\u015bmy-samoprzylepne\\\/jednostronne-tasmy-samoprzylepne\\\/chr-2965-8r-glas-silikon-klebeband\\\/#breadcrumb\"},\"inLanguage\":\"pl-PL\",\"potentialAction\":[{\"@type\":\"ReadAction\",\"target\":[\"https:\\\/\\\/cardinal-tapes.com\\\/pl\\\/ta\u015bmy-samoprzylepne\\\/jednostronne-tasmy-samoprzylepne\\\/chr-2965-8r-glas-silikon-klebeband\\\/\"]}]},{\"@type\":\"ImageObject\",\"inLanguage\":\"pl-PL\",\"@id\":\"https:\\\/\\\/cardinal-tapes.com\\\/pl\\\/ta\u015bmy-samoprzylepne\\\/jednostronne-tasmy-samoprzylepne\\\/chr-2965-8r-glas-silikon-klebeband\\\/#primaryimage\",\"url\":\"https:\\\/\\\/cardinal-tapes.com\\\/wp-content\\\/uploads\\\/CHR-2965-8r-A_153028.png\",\"contentUrl\":\"https:\\\/\\\/cardinal-tapes.com\\\/wp-content\\\/uploads\\\/CHR-2965-8r-A_153028.png\",\"width\":415,\"height\":415},{\"@type\":\"BreadcrumbList\",\"@id\":\"https:\\\/\\\/cardinal-tapes.com\\\/pl\\\/ta\u015bmy-samoprzylepne\\\/jednostronne-tasmy-samoprzylepne\\\/chr-2965-8r-glas-silikon-klebeband\\\/#breadcrumb\",\"itemListElement\":[{\"@type\":\"ListItem\",\"position\":1,\"name\":\"Startseite\",\"item\":\"https:\\\/\\\/cardinal-tapes.com\\\/pl\\\/strona-glowna\\\/\"},{\"@type\":\"ListItem\",\"position\":2,\"name\":\"Ta\u015bmy samoprzylepne\",\"item\":\"https:\\\/\\\/cardinal-tapes.com\\\/pl\\\/tasmy-samoprzylepne-pl\\\/\"},{\"@type\":\"ListItem\",\"position\":3,\"name\":\"Jednostronne ta\u015bmy samoprzylepne\",\"item\":\"https:\\\/\\\/cardinal-tapes.com\\\/pl\\\/kategoria\\\/jednostronne-tasmy-samoprzylepne\\\/\"},{\"@type\":\"ListItem\",\"position\":4,\"name\":\"CHR\u00ae 2965-8R Ta\u015bma klej\u0105ca silikonowa do szk\u0142a\"}]},{\"@type\":\"WebSite\",\"@id\":\"https:\\\/\\\/cardinal-tapes.com\\\/#website\",\"url\":\"https:\\\/\\\/cardinal-tapes.com\\\/\",\"name\":\"cardinal TAPES\",\"description\":\"Klebetechnik aus Wuppertal\",\"potentialAction\":[{\"@type\":\"SearchAction\",\"target\":{\"@type\":\"EntryPoint\",\"urlTemplate\":\"https:\\\/\\\/cardinal-tapes.com\\\/?s={search_term_string}\"},\"query-input\":{\"@type\":\"PropertyValueSpecification\",\"valueRequired\":true,\"valueName\":\"search_term_string\"}}],\"inLanguage\":\"pl-PL\"}]}<\/script>\n<!-- \/ Yoast SEO plugin. -->","yoast_head_json":{"title":"CHR\u00ae 2965-8R Ta\u015bma klej\u0105ca silikonowa do szk\u0142a | Cardinal TAPES","description":"CHR\u00ae 2965 to podk\u0142ad z gumy silikonowej\/tkaniny szklanej z odpornym na ciep\u0142o klejem silikonowym.","robots":{"index":"index","follow":"follow","max-snippet":"max-snippet:-1","max-image-preview":"max-image-preview:large","max-video-preview":"max-video-preview:-1"},"canonical":"https:\/\/cardinal-tapes.com\/pl\/ta\u015bmy-samoprzylepne\/jednostronne-tasmy-samoprzylepne\/chr-2965-8r-glas-silikon-klebeband\/","og_locale":"pl_PL","og_type":"article","og_title":"CHR\u00ae 2965-8R Ta\u015bma klej\u0105ca silikonowa do szk\u0142a | Cardinal TAPES","og_description":"CHR\u00ae 2965 to podk\u0142ad z gumy silikonowej\/tkaniny szklanej z odpornym na ciep\u0142o klejem silikonowym.","og_url":"https:\/\/cardinal-tapes.com\/pl\/ta\u015bmy-samoprzylepne\/jednostronne-tasmy-samoprzylepne\/chr-2965-8r-glas-silikon-klebeband\/","og_site_name":"cardinal TAPES","og_image":[{"width":415,"height":415,"url":"https:\/\/cardinal-tapes.com\/wp-content\/uploads\/CHR-2965-8r-A_153028.png","type":"image\/png"}],"twitter_card":"summary_large_image","schema":{"@context":"https:\/\/schema.org","@graph":[{"@type":"WebPage","@id":"https:\/\/cardinal-tapes.com\/pl\/ta\u015bmy-samoprzylepne\/jednostronne-tasmy-samoprzylepne\/chr-2965-8r-glas-silikon-klebeband\/","url":"https:\/\/cardinal-tapes.com\/pl\/ta\u015bmy-samoprzylepne\/jednostronne-tasmy-samoprzylepne\/chr-2965-8r-glas-silikon-klebeband\/","name":"CHR\u00ae 2965-8R Ta\u015bma klej\u0105ca silikonowa do szk\u0142a | Cardinal TAPES","isPartOf":{"@id":"https:\/\/cardinal-tapes.com\/#website"},"primaryImageOfPage":{"@id":"https:\/\/cardinal-tapes.com\/pl\/ta\u015bmy-samoprzylepne\/jednostronne-tasmy-samoprzylepne\/chr-2965-8r-glas-silikon-klebeband\/#primaryimage"},"image":{"@id":"https:\/\/cardinal-tapes.com\/pl\/ta\u015bmy-samoprzylepne\/jednostronne-tasmy-samoprzylepne\/chr-2965-8r-glas-silikon-klebeband\/#primaryimage"},"thumbnailUrl":"https:\/\/cardinal-tapes.com\/wp-content\/uploads\/CHR-2965-8r-A_153028.png","datePublished":"2023-06-05T14:57:12+00:00","description":"CHR\u00ae 2965 to podk\u0142ad z gumy silikonowej\/tkaniny szklanej z odpornym na ciep\u0142o klejem silikonowym.","breadcrumb":{"@id":"https:\/\/cardinal-tapes.com\/pl\/ta\u015bmy-samoprzylepne\/jednostronne-tasmy-samoprzylepne\/chr-2965-8r-glas-silikon-klebeband\/#breadcrumb"},"inLanguage":"pl-PL","potentialAction":[{"@type":"ReadAction","target":["https:\/\/cardinal-tapes.com\/pl\/ta\u015bmy-samoprzylepne\/jednostronne-tasmy-samoprzylepne\/chr-2965-8r-glas-silikon-klebeband\/"]}]},{"@type":"ImageObject","inLanguage":"pl-PL","@id":"https:\/\/cardinal-tapes.com\/pl\/ta\u015bmy-samoprzylepne\/jednostronne-tasmy-samoprzylepne\/chr-2965-8r-glas-silikon-klebeband\/#primaryimage","url":"https:\/\/cardinal-tapes.com\/wp-content\/uploads\/CHR-2965-8r-A_153028.png","contentUrl":"https:\/\/cardinal-tapes.com\/wp-content\/uploads\/CHR-2965-8r-A_153028.png","width":415,"height":415},{"@type":"BreadcrumbList","@id":"https:\/\/cardinal-tapes.com\/pl\/ta\u015bmy-samoprzylepne\/jednostronne-tasmy-samoprzylepne\/chr-2965-8r-glas-silikon-klebeband\/#breadcrumb","itemListElement":[{"@type":"ListItem","position":1,"name":"Startseite","item":"https:\/\/cardinal-tapes.com\/pl\/strona-glowna\/"},{"@type":"ListItem","position":2,"name":"Ta\u015bmy samoprzylepne","item":"https:\/\/cardinal-tapes.com\/pl\/tasmy-samoprzylepne-pl\/"},{"@type":"ListItem","position":3,"name":"Jednostronne ta\u015bmy samoprzylepne","item":"https:\/\/cardinal-tapes.com\/pl\/kategoria\/jednostronne-tasmy-samoprzylepne\/"},{"@type":"ListItem","position":4,"name":"CHR\u00ae 2965-8R Ta\u015bma klej\u0105ca silikonowa do szk\u0142a"}]},{"@type":"WebSite","@id":"https:\/\/cardinal-tapes.com\/#website","url":"https:\/\/cardinal-tapes.com\/","name":"cardinal TAPES","description":"Klebetechnik aus Wuppertal","potentialAction":[{"@type":"SearchAction","target":{"@type":"EntryPoint","urlTemplate":"https:\/\/cardinal-tapes.com\/?s={search_term_string}"},"query-input":{"@type":"PropertyValueSpecification","valueRequired":true,"valueName":"search_term_string"}}],"inLanguage":"pl-PL"}]}},"brands":[{"id":4112,"name":"Saint-Gobain CHR Tape","slug":"saint-gobain-performance-plastics-chr-pl"},{"id":2400,"name":"Saint-Gobain Performance Plastics","slug":"saint-gobain-pl"}],"_links":{"self":[{"href":"https:\/\/cardinal-tapes.com\/pl\/wp-json\/wp\/v2\/product\/43553","targetHints":{"allow":["GET"]}}],"collection":[{"href":"https:\/\/cardinal-tapes.com\/pl\/wp-json\/wp\/v2\/product"}],"about":[{"href":"https:\/\/cardinal-tapes.com\/pl\/wp-json\/wp\/v2\/types\/product"}],"wp:featuredmedia":[{"embeddable":true,"href":"https:\/\/cardinal-tapes.com\/pl\/wp-json\/wp\/v2\/media\/28590"}],"wp:attachment":[{"href":"https:\/\/cardinal-tapes.com\/pl\/wp-json\/wp\/v2\/media?parent=43553"}],"wp:term":[{"taxonomy":"pwb-brand","embeddable":true,"href":"https:\/\/cardinal-tapes.com\/pl\/wp-json\/wp\/v2\/pwb-brand?post=43553"},{"taxonomy":"product_brand","embeddable":true,"href":"https:\/\/cardinal-tapes.com\/pl\/wp-json\/wp\/v2\/product_brand?post=43553"},{"taxonomy":"product_cat","embeddable":true,"href":"https:\/\/cardinal-tapes.com\/pl\/wp-json\/wp\/v2\/product_cat?post=43553"},{"taxonomy":"product_tag","embeddable":true,"href":"https:\/\/cardinal-tapes.com\/pl\/wp-json\/wp\/v2\/product_tag?post=43553"}],"curies":[{"name":"wp","href":"https:\/\/api.w.org\/{rel}","templated":true}]}}