{"id":43198,"date":"2020-11-25T14:00:05","date_gmt":"2023-06-05T14:57:01","guid":{"rendered":"https:\/\/cardinal.pixel-tal.de\/klebebaender\/bez-kategorii\/dwustronna-akrylowa-tasma-piankowa-norbond-a7200\/"},"modified":"2023-06-05T16:57:01","modified_gmt":"2023-06-05T14:57:01","slug":"norbonda7200-dwustronna-akrylowa-tasma-przylepna-z-rdzeniem","status":"publish","type":"product","link":"https:\/\/cardinal-tapes.com\/pl\/ta\u015bmy-samoprzylepne\/tasmy-dwustronnie-klejace\/norbonda7200-dwustronna-akrylowa-tasma-przylepna-z-rdzeniem\/","title":{"rendered":"Dwustronna akrylowa ta\u015bma piankowa Norbond\u00ae A7200"},"content":{"rendered":"<p>Norbond\u00ae A7200 jest praktycznie niewidoczny po aplikacji i dlatego spe\u0142nia najwy\u017csze wymagania optyczne i projektowe podczas klejenia szk\u0142a i przezroczystych materia\u0142\u00f3w.<\/p>\n<p>Cechy:<br \/>\n&#8211; Wysoka zdolno\u015b\u0107 adaptacji do kszta\u0142tu i rozci\u0105gliwo\u015b\u0107<br \/>\n&#8211; Odporno\u015b\u0107 na warunki atmosferyczne (promieniowanie UV i wysokie temperatury)<br \/>\n&#8211; Pierwszorz\u0119dna si\u0142a trzymania (T-block) i dynamiczna wytrzyma\u0142o\u015b\u0107 na \u015bcinanie<br \/>\n&#8211; Doskona\u0142a statyczna wytrzyma\u0142o\u015b\u0107 na \u015bcinanie<br \/>\n&#8211; Trwa\u0142e trzymanie w wysokich temperaturach<br \/>\n&#8211; T\u0142umienie drga\u0144 i si\u0142 obci\u0105\u017cenia<br \/>\n&#8211; Jednolite, niewidoczne \u0142\u0105czenie<\/p>\n","protected":false},"excerpt":{"rendered":"<p>Norbond\u00ae A7200 jest praktycznie niewidoczny po aplikacji i dlatego spe\u0142nia najwy\u017csze wymagania optyczne i projektowe podczas klejenia szk\u0142a i przezroczystych materia\u0142\u00f3w. Cechy: &#8211; Wysoka zdolno\u015b\u0107 adaptacji do kszta\u0142tu i rozci\u0105gliwo\u015b\u0107 &#8211; Odporno\u015b\u0107 na warunki atmosferyczne (promieniowanie UV i wysokie temperatury) &#8211; Pierwszorz\u0119dna si\u0142a trzymania (T-block) i dynamiczna wytrzyma\u0142o\u015b\u0107 na \u015bcinanie &#8211; Doskona\u0142a statyczna wytrzyma\u0142o\u015b\u0107 na [&hellip;]<\/p>\n","protected":false},"featured_media":28482,"template":"","meta":{"_acf_changed":false},"pwb-brand":[4267,2400],"product_brand":[],"product_cat":[1814],"product_tag":[],"class_list":{"0":"post-43198","1":"product","2":"type-product","3":"status-publish","4":"has-post-thumbnail","6":"pwb-brand-saint-gobain-performance-plastics-norbond-pl","7":"pwb-brand-saint-gobain-pl","8":"product_cat-tasmy-dwustronnie-klejace","10":"first","11":"instock","12":"taxable","13":"shipping-taxable","14":"product-type-variable"},"acf":[],"yoast_head":"<!-- This site is optimized with the Yoast SEO plugin v27.3 - https:\/\/yoast.com\/product\/yoast-seo-wordpress\/ -->\n<title>Dwustronna akrylowa ta\u015bma piankowa Norbond\u00aeA7200 | Cardinal TAPES<\/title>\n<meta name=\"description\" content=\"Norbond\u00ae A7200 jest praktycznie niewidoczny po aplikacji i dlatego spe\u0142nia najwy\u017csze wymagania optyczne i projektowe podczas klejenia szk\u0142a i przezroczystych materia\u0142\u00f3w.\" \/>\n<meta name=\"robots\" content=\"index, follow, max-snippet:-1, max-image-preview:large, max-video-preview:-1\" \/>\n<link rel=\"canonical\" href=\"https:\/\/cardinal-tapes.com\/pl\/ta\u015bmy-samoprzylepne\/tasmy-dwustronnie-klejace\/norbonda7200-dwustronna-akrylowa-tasma-przylepna-z-rdzeniem\/\" \/>\n<meta property=\"og:locale\" content=\"pl_PL\" \/>\n<meta property=\"og:type\" content=\"article\" \/>\n<meta property=\"og:title\" content=\"Dwustronna akrylowa ta\u015bma piankowa Norbond\u00aeA7200 | Cardinal TAPES\" \/>\n<meta property=\"og:description\" content=\"Norbond\u00ae A7200 jest praktycznie niewidoczny po aplikacji i dlatego spe\u0142nia najwy\u017csze wymagania optyczne i projektowe podczas klejenia szk\u0142a i przezroczystych materia\u0142\u00f3w.\" \/>\n<meta property=\"og:url\" content=\"https:\/\/cardinal-tapes.com\/pl\/ta\u015bmy-samoprzylepne\/tasmy-dwustronnie-klejace\/norbonda7200-dwustronna-akrylowa-tasma-przylepna-z-rdzeniem\/\" \/>\n<meta property=\"og:site_name\" content=\"cardinal TAPES\" \/>\n<meta property=\"og:image\" content=\"https:\/\/cardinal-tapes.com\/wp-content\/uploads\/Norbond-Acrylic-A7200-A_153086.png\" \/>\n\t<meta property=\"og:image:width\" content=\"415\" \/>\n\t<meta property=\"og:image:height\" content=\"415\" \/>\n\t<meta property=\"og:image:type\" content=\"image\/png\" \/>\n<meta name=\"twitter:card\" content=\"summary_large_image\" \/>\n<script type=\"application\/ld+json\" class=\"yoast-schema-graph\">{\"@context\":\"https:\\\/\\\/schema.org\",\"@graph\":[{\"@type\":\"WebPage\",\"@id\":\"https:\\\/\\\/cardinal-tapes.com\\\/pl\\\/ta\u015bmy-samoprzylepne\\\/tasmy-dwustronnie-klejace\\\/norbonda7200-dwustronna-akrylowa-tasma-przylepna-z-rdzeniem\\\/\",\"url\":\"https:\\\/\\\/cardinal-tapes.com\\\/pl\\\/ta\u015bmy-samoprzylepne\\\/tasmy-dwustronnie-klejace\\\/norbonda7200-dwustronna-akrylowa-tasma-przylepna-z-rdzeniem\\\/\",\"name\":\"Dwustronna akrylowa ta\u015bma piankowa Norbond\u00aeA7200 | Cardinal TAPES\",\"isPartOf\":{\"@id\":\"https:\\\/\\\/cardinal-tapes.com\\\/#website\"},\"primaryImageOfPage\":{\"@id\":\"https:\\\/\\\/cardinal-tapes.com\\\/pl\\\/ta\u015bmy-samoprzylepne\\\/tasmy-dwustronnie-klejace\\\/norbonda7200-dwustronna-akrylowa-tasma-przylepna-z-rdzeniem\\\/#primaryimage\"},\"image\":{\"@id\":\"https:\\\/\\\/cardinal-tapes.com\\\/pl\\\/ta\u015bmy-samoprzylepne\\\/tasmy-dwustronnie-klejace\\\/norbonda7200-dwustronna-akrylowa-tasma-przylepna-z-rdzeniem\\\/#primaryimage\"},\"thumbnailUrl\":\"https:\\\/\\\/cardinal-tapes.com\\\/wp-content\\\/uploads\\\/Norbond-Acrylic-A7200-A_153086.png\",\"datePublished\":\"2023-06-05T14:57:01+00:00\",\"description\":\"Norbond\u00ae A7200 jest praktycznie niewidoczny po aplikacji i dlatego spe\u0142nia najwy\u017csze wymagania optyczne i projektowe podczas klejenia szk\u0142a i przezroczystych materia\u0142\u00f3w.\",\"breadcrumb\":{\"@id\":\"https:\\\/\\\/cardinal-tapes.com\\\/pl\\\/ta\u015bmy-samoprzylepne\\\/tasmy-dwustronnie-klejace\\\/norbonda7200-dwustronna-akrylowa-tasma-przylepna-z-rdzeniem\\\/#breadcrumb\"},\"inLanguage\":\"pl-PL\",\"potentialAction\":[{\"@type\":\"ReadAction\",\"target\":[\"https:\\\/\\\/cardinal-tapes.com\\\/pl\\\/ta\u015bmy-samoprzylepne\\\/tasmy-dwustronnie-klejace\\\/norbonda7200-dwustronna-akrylowa-tasma-przylepna-z-rdzeniem\\\/\"]}]},{\"@type\":\"ImageObject\",\"inLanguage\":\"pl-PL\",\"@id\":\"https:\\\/\\\/cardinal-tapes.com\\\/pl\\\/ta\u015bmy-samoprzylepne\\\/tasmy-dwustronnie-klejace\\\/norbonda7200-dwustronna-akrylowa-tasma-przylepna-z-rdzeniem\\\/#primaryimage\",\"url\":\"https:\\\/\\\/cardinal-tapes.com\\\/wp-content\\\/uploads\\\/Norbond-Acrylic-A7200-A_153086.png\",\"contentUrl\":\"https:\\\/\\\/cardinal-tapes.com\\\/wp-content\\\/uploads\\\/Norbond-Acrylic-A7200-A_153086.png\",\"width\":415,\"height\":415},{\"@type\":\"BreadcrumbList\",\"@id\":\"https:\\\/\\\/cardinal-tapes.com\\\/pl\\\/ta\u015bmy-samoprzylepne\\\/tasmy-dwustronnie-klejace\\\/norbonda7200-dwustronna-akrylowa-tasma-przylepna-z-rdzeniem\\\/#breadcrumb\",\"itemListElement\":[{\"@type\":\"ListItem\",\"position\":1,\"name\":\"Startseite\",\"item\":\"https:\\\/\\\/cardinal-tapes.com\\\/pl\\\/strona-glowna\\\/\"},{\"@type\":\"ListItem\",\"position\":2,\"name\":\"Ta\u015bmy samoprzylepne\",\"item\":\"https:\\\/\\\/cardinal-tapes.com\\\/pl\\\/tasmy-samoprzylepne-pl\\\/\"},{\"@type\":\"ListItem\",\"position\":3,\"name\":\"Ta\u015bmy dwustronnie klej\u0105ce\",\"item\":\"https:\\\/\\\/cardinal-tapes.com\\\/pl\\\/kategoria\\\/tasmy-dwustronnie-klejace\\\/\"},{\"@type\":\"ListItem\",\"position\":4,\"name\":\"Dwustronna akrylowa ta\u015bma piankowa Norbond\u00ae A7200\"}]},{\"@type\":\"WebSite\",\"@id\":\"https:\\\/\\\/cardinal-tapes.com\\\/#website\",\"url\":\"https:\\\/\\\/cardinal-tapes.com\\\/\",\"name\":\"cardinal TAPES\",\"description\":\"Klebetechnik aus Wuppertal\",\"potentialAction\":[{\"@type\":\"SearchAction\",\"target\":{\"@type\":\"EntryPoint\",\"urlTemplate\":\"https:\\\/\\\/cardinal-tapes.com\\\/?s={search_term_string}\"},\"query-input\":{\"@type\":\"PropertyValueSpecification\",\"valueRequired\":true,\"valueName\":\"search_term_string\"}}],\"inLanguage\":\"pl-PL\"}]}<\/script>\n<!-- \/ Yoast SEO plugin. -->","yoast_head_json":{"title":"Dwustronna akrylowa ta\u015bma piankowa Norbond\u00aeA7200 | Cardinal TAPES","description":"Norbond\u00ae A7200 jest praktycznie niewidoczny po aplikacji i dlatego spe\u0142nia najwy\u017csze wymagania optyczne i projektowe podczas klejenia szk\u0142a i przezroczystych materia\u0142\u00f3w.","robots":{"index":"index","follow":"follow","max-snippet":"max-snippet:-1","max-image-preview":"max-image-preview:large","max-video-preview":"max-video-preview:-1"},"canonical":"https:\/\/cardinal-tapes.com\/pl\/ta\u015bmy-samoprzylepne\/tasmy-dwustronnie-klejace\/norbonda7200-dwustronna-akrylowa-tasma-przylepna-z-rdzeniem\/","og_locale":"pl_PL","og_type":"article","og_title":"Dwustronna akrylowa ta\u015bma piankowa Norbond\u00aeA7200 | Cardinal TAPES","og_description":"Norbond\u00ae A7200 jest praktycznie niewidoczny po aplikacji i dlatego spe\u0142nia najwy\u017csze wymagania optyczne i projektowe podczas klejenia szk\u0142a i przezroczystych materia\u0142\u00f3w.","og_url":"https:\/\/cardinal-tapes.com\/pl\/ta\u015bmy-samoprzylepne\/tasmy-dwustronnie-klejace\/norbonda7200-dwustronna-akrylowa-tasma-przylepna-z-rdzeniem\/","og_site_name":"cardinal TAPES","og_image":[{"width":415,"height":415,"url":"https:\/\/cardinal-tapes.com\/wp-content\/uploads\/Norbond-Acrylic-A7200-A_153086.png","type":"image\/png"}],"twitter_card":"summary_large_image","schema":{"@context":"https:\/\/schema.org","@graph":[{"@type":"WebPage","@id":"https:\/\/cardinal-tapes.com\/pl\/ta\u015bmy-samoprzylepne\/tasmy-dwustronnie-klejace\/norbonda7200-dwustronna-akrylowa-tasma-przylepna-z-rdzeniem\/","url":"https:\/\/cardinal-tapes.com\/pl\/ta\u015bmy-samoprzylepne\/tasmy-dwustronnie-klejace\/norbonda7200-dwustronna-akrylowa-tasma-przylepna-z-rdzeniem\/","name":"Dwustronna akrylowa ta\u015bma piankowa Norbond\u00aeA7200 | Cardinal TAPES","isPartOf":{"@id":"https:\/\/cardinal-tapes.com\/#website"},"primaryImageOfPage":{"@id":"https:\/\/cardinal-tapes.com\/pl\/ta\u015bmy-samoprzylepne\/tasmy-dwustronnie-klejace\/norbonda7200-dwustronna-akrylowa-tasma-przylepna-z-rdzeniem\/#primaryimage"},"image":{"@id":"https:\/\/cardinal-tapes.com\/pl\/ta\u015bmy-samoprzylepne\/tasmy-dwustronnie-klejace\/norbonda7200-dwustronna-akrylowa-tasma-przylepna-z-rdzeniem\/#primaryimage"},"thumbnailUrl":"https:\/\/cardinal-tapes.com\/wp-content\/uploads\/Norbond-Acrylic-A7200-A_153086.png","datePublished":"2023-06-05T14:57:01+00:00","description":"Norbond\u00ae A7200 jest praktycznie niewidoczny po aplikacji i dlatego spe\u0142nia najwy\u017csze wymagania optyczne i projektowe podczas klejenia szk\u0142a i przezroczystych materia\u0142\u00f3w.","breadcrumb":{"@id":"https:\/\/cardinal-tapes.com\/pl\/ta\u015bmy-samoprzylepne\/tasmy-dwustronnie-klejace\/norbonda7200-dwustronna-akrylowa-tasma-przylepna-z-rdzeniem\/#breadcrumb"},"inLanguage":"pl-PL","potentialAction":[{"@type":"ReadAction","target":["https:\/\/cardinal-tapes.com\/pl\/ta\u015bmy-samoprzylepne\/tasmy-dwustronnie-klejace\/norbonda7200-dwustronna-akrylowa-tasma-przylepna-z-rdzeniem\/"]}]},{"@type":"ImageObject","inLanguage":"pl-PL","@id":"https:\/\/cardinal-tapes.com\/pl\/ta\u015bmy-samoprzylepne\/tasmy-dwustronnie-klejace\/norbonda7200-dwustronna-akrylowa-tasma-przylepna-z-rdzeniem\/#primaryimage","url":"https:\/\/cardinal-tapes.com\/wp-content\/uploads\/Norbond-Acrylic-A7200-A_153086.png","contentUrl":"https:\/\/cardinal-tapes.com\/wp-content\/uploads\/Norbond-Acrylic-A7200-A_153086.png","width":415,"height":415},{"@type":"BreadcrumbList","@id":"https:\/\/cardinal-tapes.com\/pl\/ta\u015bmy-samoprzylepne\/tasmy-dwustronnie-klejace\/norbonda7200-dwustronna-akrylowa-tasma-przylepna-z-rdzeniem\/#breadcrumb","itemListElement":[{"@type":"ListItem","position":1,"name":"Startseite","item":"https:\/\/cardinal-tapes.com\/pl\/strona-glowna\/"},{"@type":"ListItem","position":2,"name":"Ta\u015bmy samoprzylepne","item":"https:\/\/cardinal-tapes.com\/pl\/tasmy-samoprzylepne-pl\/"},{"@type":"ListItem","position":3,"name":"Ta\u015bmy dwustronnie klej\u0105ce","item":"https:\/\/cardinal-tapes.com\/pl\/kategoria\/tasmy-dwustronnie-klejace\/"},{"@type":"ListItem","position":4,"name":"Dwustronna akrylowa ta\u015bma piankowa Norbond\u00ae A7200"}]},{"@type":"WebSite","@id":"https:\/\/cardinal-tapes.com\/#website","url":"https:\/\/cardinal-tapes.com\/","name":"cardinal TAPES","description":"Klebetechnik aus Wuppertal","potentialAction":[{"@type":"SearchAction","target":{"@type":"EntryPoint","urlTemplate":"https:\/\/cardinal-tapes.com\/?s={search_term_string}"},"query-input":{"@type":"PropertyValueSpecification","valueRequired":true,"valueName":"search_term_string"}}],"inLanguage":"pl-PL"}]}},"brands":[{"id":4267,"name":"Saint-Gobain Norbond","slug":"saint-gobain-performance-plastics-norbond-pl"},{"id":2400,"name":"Saint-Gobain Performance Plastics","slug":"saint-gobain-pl"}],"_links":{"self":[{"href":"https:\/\/cardinal-tapes.com\/pl\/wp-json\/wp\/v2\/product\/43198","targetHints":{"allow":["GET"]}}],"collection":[{"href":"https:\/\/cardinal-tapes.com\/pl\/wp-json\/wp\/v2\/product"}],"about":[{"href":"https:\/\/cardinal-tapes.com\/pl\/wp-json\/wp\/v2\/types\/product"}],"wp:featuredmedia":[{"embeddable":true,"href":"https:\/\/cardinal-tapes.com\/pl\/wp-json\/wp\/v2\/media\/28482"}],"wp:attachment":[{"href":"https:\/\/cardinal-tapes.com\/pl\/wp-json\/wp\/v2\/media?parent=43198"}],"wp:term":[{"taxonomy":"pwb-brand","embeddable":true,"href":"https:\/\/cardinal-tapes.com\/pl\/wp-json\/wp\/v2\/pwb-brand?post=43198"},{"taxonomy":"product_brand","embeddable":true,"href":"https:\/\/cardinal-tapes.com\/pl\/wp-json\/wp\/v2\/product_brand?post=43198"},{"taxonomy":"product_cat","embeddable":true,"href":"https:\/\/cardinal-tapes.com\/pl\/wp-json\/wp\/v2\/product_cat?post=43198"},{"taxonomy":"product_tag","embeddable":true,"href":"https:\/\/cardinal-tapes.com\/pl\/wp-json\/wp\/v2\/product_tag?post=43198"}],"curies":[{"name":"wp","href":"https:\/\/api.w.org\/{rel}","templated":true}]}}