{"id":43197,"date":"2020-11-25T11:52:49","date_gmt":"2023-06-05T14:57:01","guid":{"rendered":"https:\/\/cardinal.pixel-tal.de\/klebebaender\/bez-kategorii\/odporna-na-wysoka-temperature-folia-aluminiowa-chra602r\/"},"modified":"2023-06-05T16:57:01","modified_gmt":"2023-06-05T14:57:01","slug":"chra602r-odporna-na-cieplo-folia-aluminiowa","status":"publish","type":"product","link":"https:\/\/cardinal-tapes.com\/pl\/ta\u015bmy-samoprzylepne\/jednostronne-tasmy-samoprzylepne\/chra602r-odporna-na-cieplo-folia-aluminiowa\/","title":{"rendered":"Odporna na wysok\u0105 temperatur\u0119 folia aluminiowa CHR\u00aeA602R"},"content":{"rendered":"<p>CHR\u00ae A602R oferuje \u0142atw\u0105 obs\u0142ug\u0119, wysok\u0105 odporno\u015b\u0107 na temperatur\u0119 i rozpuszczalniki. Stop folii mo\u017cna dostosowa\u0107.<\/p>\n<p>&nbsp;<\/p>\n<p>&nbsp;<\/p>\n","protected":false},"excerpt":{"rendered":"<p>CHR\u00ae A602R oferuje \u0142atw\u0105 obs\u0142ug\u0119, wysok\u0105 odporno\u015b\u0107 na temperatur\u0119 i rozpuszczalniki. Stop folii mo\u017cna dostosowa\u0107. &nbsp; &nbsp;<\/p>\n","protected":false},"featured_media":28610,"template":"","meta":{"_acf_changed":false},"pwb-brand":[4112,2400],"product_brand":[],"product_cat":[1816],"product_tag":[],"class_list":{"0":"post-43197","1":"product","2":"type-product","3":"status-publish","4":"has-post-thumbnail","6":"pwb-brand-saint-gobain-performance-plastics-chr-pl","7":"pwb-brand-saint-gobain-pl","8":"product_cat-jednostronne-tasmy-samoprzylepne","10":"first","11":"instock","12":"taxable","13":"shipping-taxable","14":"product-type-variable"},"acf":[],"yoast_head":"<!-- This site is optimized with the Yoast SEO plugin v27.3 - https:\/\/yoast.com\/product\/yoast-seo-wordpress\/ -->\n<title>Odporna na wysok\u0105 temperatur\u0119 folia aluminiowa CHR\u00aeA602R | Cardinal TAPES<\/title>\n<meta name=\"description\" content=\"CHR\u00ae A602R oferuje \u0142atw\u0105 obs\u0142ug\u0119, wysok\u0105 odporno\u015b\u0107 na temperatur\u0119 i rozpuszczalniki.\" \/>\n<meta name=\"robots\" content=\"index, follow, max-snippet:-1, max-image-preview:large, max-video-preview:-1\" \/>\n<link rel=\"canonical\" href=\"https:\/\/cardinal-tapes.com\/pl\/ta\u015bmy-samoprzylepne\/jednostronne-tasmy-samoprzylepne\/chra602r-odporna-na-cieplo-folia-aluminiowa\/\" \/>\n<meta property=\"og:locale\" content=\"pl_PL\" \/>\n<meta property=\"og:type\" content=\"article\" \/>\n<meta property=\"og:title\" content=\"Odporna na wysok\u0105 temperatur\u0119 folia aluminiowa CHR\u00aeA602R | Cardinal TAPES\" \/>\n<meta property=\"og:description\" content=\"CHR\u00ae A602R oferuje \u0142atw\u0105 obs\u0142ug\u0119, wysok\u0105 odporno\u015b\u0107 na temperatur\u0119 i rozpuszczalniki.\" \/>\n<meta property=\"og:url\" content=\"https:\/\/cardinal-tapes.com\/pl\/ta\u015bmy-samoprzylepne\/jednostronne-tasmy-samoprzylepne\/chra602r-odporna-na-cieplo-folia-aluminiowa\/\" \/>\n<meta property=\"og:site_name\" content=\"cardinal TAPES\" \/>\n<meta property=\"og:image\" content=\"https:\/\/cardinal-tapes.com\/wp-content\/uploads\/CHR-Foil-Aluminum-A_153041-1.png\" \/>\n\t<meta property=\"og:image:width\" content=\"415\" \/>\n\t<meta property=\"og:image:height\" content=\"415\" \/>\n\t<meta property=\"og:image:type\" content=\"image\/png\" \/>\n<meta name=\"twitter:card\" content=\"summary_large_image\" \/>\n<script type=\"application\/ld+json\" class=\"yoast-schema-graph\">{\"@context\":\"https:\\\/\\\/schema.org\",\"@graph\":[{\"@type\":\"WebPage\",\"@id\":\"https:\\\/\\\/cardinal-tapes.com\\\/pl\\\/ta\u015bmy-samoprzylepne\\\/jednostronne-tasmy-samoprzylepne\\\/chra602r-odporna-na-cieplo-folia-aluminiowa\\\/\",\"url\":\"https:\\\/\\\/cardinal-tapes.com\\\/pl\\\/ta\u015bmy-samoprzylepne\\\/jednostronne-tasmy-samoprzylepne\\\/chra602r-odporna-na-cieplo-folia-aluminiowa\\\/\",\"name\":\"Odporna na wysok\u0105 temperatur\u0119 folia aluminiowa CHR\u00aeA602R | Cardinal TAPES\",\"isPartOf\":{\"@id\":\"https:\\\/\\\/cardinal-tapes.com\\\/#website\"},\"primaryImageOfPage\":{\"@id\":\"https:\\\/\\\/cardinal-tapes.com\\\/pl\\\/ta\u015bmy-samoprzylepne\\\/jednostronne-tasmy-samoprzylepne\\\/chra602r-odporna-na-cieplo-folia-aluminiowa\\\/#primaryimage\"},\"image\":{\"@id\":\"https:\\\/\\\/cardinal-tapes.com\\\/pl\\\/ta\u015bmy-samoprzylepne\\\/jednostronne-tasmy-samoprzylepne\\\/chra602r-odporna-na-cieplo-folia-aluminiowa\\\/#primaryimage\"},\"thumbnailUrl\":\"https:\\\/\\\/cardinal-tapes.com\\\/wp-content\\\/uploads\\\/CHR-Foil-Aluminum-A_153041-1.png\",\"datePublished\":\"2023-06-05T14:57:01+00:00\",\"description\":\"CHR\u00ae A602R oferuje \u0142atw\u0105 obs\u0142ug\u0119, wysok\u0105 odporno\u015b\u0107 na temperatur\u0119 i rozpuszczalniki.\",\"breadcrumb\":{\"@id\":\"https:\\\/\\\/cardinal-tapes.com\\\/pl\\\/ta\u015bmy-samoprzylepne\\\/jednostronne-tasmy-samoprzylepne\\\/chra602r-odporna-na-cieplo-folia-aluminiowa\\\/#breadcrumb\"},\"inLanguage\":\"pl-PL\",\"potentialAction\":[{\"@type\":\"ReadAction\",\"target\":[\"https:\\\/\\\/cardinal-tapes.com\\\/pl\\\/ta\u015bmy-samoprzylepne\\\/jednostronne-tasmy-samoprzylepne\\\/chra602r-odporna-na-cieplo-folia-aluminiowa\\\/\"]}]},{\"@type\":\"ImageObject\",\"inLanguage\":\"pl-PL\",\"@id\":\"https:\\\/\\\/cardinal-tapes.com\\\/pl\\\/ta\u015bmy-samoprzylepne\\\/jednostronne-tasmy-samoprzylepne\\\/chra602r-odporna-na-cieplo-folia-aluminiowa\\\/#primaryimage\",\"url\":\"https:\\\/\\\/cardinal-tapes.com\\\/wp-content\\\/uploads\\\/CHR-Foil-Aluminum-A_153041-1.png\",\"contentUrl\":\"https:\\\/\\\/cardinal-tapes.com\\\/wp-content\\\/uploads\\\/CHR-Foil-Aluminum-A_153041-1.png\",\"width\":415,\"height\":415},{\"@type\":\"BreadcrumbList\",\"@id\":\"https:\\\/\\\/cardinal-tapes.com\\\/pl\\\/ta\u015bmy-samoprzylepne\\\/jednostronne-tasmy-samoprzylepne\\\/chra602r-odporna-na-cieplo-folia-aluminiowa\\\/#breadcrumb\",\"itemListElement\":[{\"@type\":\"ListItem\",\"position\":1,\"name\":\"Startseite\",\"item\":\"https:\\\/\\\/cardinal-tapes.com\\\/pl\\\/strona-glowna\\\/\"},{\"@type\":\"ListItem\",\"position\":2,\"name\":\"Ta\u015bmy samoprzylepne\",\"item\":\"https:\\\/\\\/cardinal-tapes.com\\\/pl\\\/tasmy-samoprzylepne-pl\\\/\"},{\"@type\":\"ListItem\",\"position\":3,\"name\":\"Jednostronne ta\u015bmy samoprzylepne\",\"item\":\"https:\\\/\\\/cardinal-tapes.com\\\/pl\\\/kategoria\\\/jednostronne-tasmy-samoprzylepne\\\/\"},{\"@type\":\"ListItem\",\"position\":4,\"name\":\"Odporna na wysok\u0105 temperatur\u0119 folia aluminiowa CHR\u00aeA602R\"}]},{\"@type\":\"WebSite\",\"@id\":\"https:\\\/\\\/cardinal-tapes.com\\\/#website\",\"url\":\"https:\\\/\\\/cardinal-tapes.com\\\/\",\"name\":\"cardinal TAPES\",\"description\":\"Klebetechnik aus Wuppertal\",\"potentialAction\":[{\"@type\":\"SearchAction\",\"target\":{\"@type\":\"EntryPoint\",\"urlTemplate\":\"https:\\\/\\\/cardinal-tapes.com\\\/?s={search_term_string}\"},\"query-input\":{\"@type\":\"PropertyValueSpecification\",\"valueRequired\":true,\"valueName\":\"search_term_string\"}}],\"inLanguage\":\"pl-PL\"}]}<\/script>\n<!-- \/ Yoast SEO plugin. -->","yoast_head_json":{"title":"Odporna na wysok\u0105 temperatur\u0119 folia aluminiowa CHR\u00aeA602R | Cardinal TAPES","description":"CHR\u00ae A602R oferuje \u0142atw\u0105 obs\u0142ug\u0119, wysok\u0105 odporno\u015b\u0107 na temperatur\u0119 i rozpuszczalniki.","robots":{"index":"index","follow":"follow","max-snippet":"max-snippet:-1","max-image-preview":"max-image-preview:large","max-video-preview":"max-video-preview:-1"},"canonical":"https:\/\/cardinal-tapes.com\/pl\/ta\u015bmy-samoprzylepne\/jednostronne-tasmy-samoprzylepne\/chra602r-odporna-na-cieplo-folia-aluminiowa\/","og_locale":"pl_PL","og_type":"article","og_title":"Odporna na wysok\u0105 temperatur\u0119 folia aluminiowa CHR\u00aeA602R | Cardinal TAPES","og_description":"CHR\u00ae A602R oferuje \u0142atw\u0105 obs\u0142ug\u0119, wysok\u0105 odporno\u015b\u0107 na temperatur\u0119 i rozpuszczalniki.","og_url":"https:\/\/cardinal-tapes.com\/pl\/ta\u015bmy-samoprzylepne\/jednostronne-tasmy-samoprzylepne\/chra602r-odporna-na-cieplo-folia-aluminiowa\/","og_site_name":"cardinal TAPES","og_image":[{"width":415,"height":415,"url":"https:\/\/cardinal-tapes.com\/wp-content\/uploads\/CHR-Foil-Aluminum-A_153041-1.png","type":"image\/png"}],"twitter_card":"summary_large_image","schema":{"@context":"https:\/\/schema.org","@graph":[{"@type":"WebPage","@id":"https:\/\/cardinal-tapes.com\/pl\/ta\u015bmy-samoprzylepne\/jednostronne-tasmy-samoprzylepne\/chra602r-odporna-na-cieplo-folia-aluminiowa\/","url":"https:\/\/cardinal-tapes.com\/pl\/ta\u015bmy-samoprzylepne\/jednostronne-tasmy-samoprzylepne\/chra602r-odporna-na-cieplo-folia-aluminiowa\/","name":"Odporna na wysok\u0105 temperatur\u0119 folia aluminiowa CHR\u00aeA602R | Cardinal TAPES","isPartOf":{"@id":"https:\/\/cardinal-tapes.com\/#website"},"primaryImageOfPage":{"@id":"https:\/\/cardinal-tapes.com\/pl\/ta\u015bmy-samoprzylepne\/jednostronne-tasmy-samoprzylepne\/chra602r-odporna-na-cieplo-folia-aluminiowa\/#primaryimage"},"image":{"@id":"https:\/\/cardinal-tapes.com\/pl\/ta\u015bmy-samoprzylepne\/jednostronne-tasmy-samoprzylepne\/chra602r-odporna-na-cieplo-folia-aluminiowa\/#primaryimage"},"thumbnailUrl":"https:\/\/cardinal-tapes.com\/wp-content\/uploads\/CHR-Foil-Aluminum-A_153041-1.png","datePublished":"2023-06-05T14:57:01+00:00","description":"CHR\u00ae A602R oferuje \u0142atw\u0105 obs\u0142ug\u0119, wysok\u0105 odporno\u015b\u0107 na temperatur\u0119 i rozpuszczalniki.","breadcrumb":{"@id":"https:\/\/cardinal-tapes.com\/pl\/ta\u015bmy-samoprzylepne\/jednostronne-tasmy-samoprzylepne\/chra602r-odporna-na-cieplo-folia-aluminiowa\/#breadcrumb"},"inLanguage":"pl-PL","potentialAction":[{"@type":"ReadAction","target":["https:\/\/cardinal-tapes.com\/pl\/ta\u015bmy-samoprzylepne\/jednostronne-tasmy-samoprzylepne\/chra602r-odporna-na-cieplo-folia-aluminiowa\/"]}]},{"@type":"ImageObject","inLanguage":"pl-PL","@id":"https:\/\/cardinal-tapes.com\/pl\/ta\u015bmy-samoprzylepne\/jednostronne-tasmy-samoprzylepne\/chra602r-odporna-na-cieplo-folia-aluminiowa\/#primaryimage","url":"https:\/\/cardinal-tapes.com\/wp-content\/uploads\/CHR-Foil-Aluminum-A_153041-1.png","contentUrl":"https:\/\/cardinal-tapes.com\/wp-content\/uploads\/CHR-Foil-Aluminum-A_153041-1.png","width":415,"height":415},{"@type":"BreadcrumbList","@id":"https:\/\/cardinal-tapes.com\/pl\/ta\u015bmy-samoprzylepne\/jednostronne-tasmy-samoprzylepne\/chra602r-odporna-na-cieplo-folia-aluminiowa\/#breadcrumb","itemListElement":[{"@type":"ListItem","position":1,"name":"Startseite","item":"https:\/\/cardinal-tapes.com\/pl\/strona-glowna\/"},{"@type":"ListItem","position":2,"name":"Ta\u015bmy samoprzylepne","item":"https:\/\/cardinal-tapes.com\/pl\/tasmy-samoprzylepne-pl\/"},{"@type":"ListItem","position":3,"name":"Jednostronne ta\u015bmy samoprzylepne","item":"https:\/\/cardinal-tapes.com\/pl\/kategoria\/jednostronne-tasmy-samoprzylepne\/"},{"@type":"ListItem","position":4,"name":"Odporna na wysok\u0105 temperatur\u0119 folia aluminiowa CHR\u00aeA602R"}]},{"@type":"WebSite","@id":"https:\/\/cardinal-tapes.com\/#website","url":"https:\/\/cardinal-tapes.com\/","name":"cardinal TAPES","description":"Klebetechnik aus Wuppertal","potentialAction":[{"@type":"SearchAction","target":{"@type":"EntryPoint","urlTemplate":"https:\/\/cardinal-tapes.com\/?s={search_term_string}"},"query-input":{"@type":"PropertyValueSpecification","valueRequired":true,"valueName":"search_term_string"}}],"inLanguage":"pl-PL"}]}},"brands":[{"id":4112,"name":"Saint-Gobain CHR Tape","slug":"saint-gobain-performance-plastics-chr-pl"},{"id":2400,"name":"Saint-Gobain Performance Plastics","slug":"saint-gobain-pl"}],"_links":{"self":[{"href":"https:\/\/cardinal-tapes.com\/pl\/wp-json\/wp\/v2\/product\/43197","targetHints":{"allow":["GET"]}}],"collection":[{"href":"https:\/\/cardinal-tapes.com\/pl\/wp-json\/wp\/v2\/product"}],"about":[{"href":"https:\/\/cardinal-tapes.com\/pl\/wp-json\/wp\/v2\/types\/product"}],"wp:featuredmedia":[{"embeddable":true,"href":"https:\/\/cardinal-tapes.com\/pl\/wp-json\/wp\/v2\/media\/28610"}],"wp:attachment":[{"href":"https:\/\/cardinal-tapes.com\/pl\/wp-json\/wp\/v2\/media?parent=43197"}],"wp:term":[{"taxonomy":"pwb-brand","embeddable":true,"href":"https:\/\/cardinal-tapes.com\/pl\/wp-json\/wp\/v2\/pwb-brand?post=43197"},{"taxonomy":"product_brand","embeddable":true,"href":"https:\/\/cardinal-tapes.com\/pl\/wp-json\/wp\/v2\/product_brand?post=43197"},{"taxonomy":"product_cat","embeddable":true,"href":"https:\/\/cardinal-tapes.com\/pl\/wp-json\/wp\/v2\/product_cat?post=43197"},{"taxonomy":"product_tag","embeddable":true,"href":"https:\/\/cardinal-tapes.com\/pl\/wp-json\/wp\/v2\/product_tag?post=43197"}],"curies":[{"name":"wp","href":"https:\/\/api.w.org\/{rel}","templated":true}]}}