{"id":43196,"date":"2020-11-25T10:47:19","date_gmt":"2023-06-05T14:57:01","guid":{"rendered":"https:\/\/cardinal.pixel-tal.de\/klebebaender\/bez-kategorii\/tkanina-z-wlokna-szklanego-powlekana-silikonem-chr-hv60-18\/"},"modified":"2023-06-05T16:57:01","modified_gmt":"2023-06-05T14:57:01","slug":"chr-hv60-18-tkanina-z-wlokna-szklanego-powlekana-silikonem","status":"publish","type":"product","link":"https:\/\/cardinal-tapes.com\/pl\/ta\u015bmy-samoprzylepne\/jednostronne-tasmy-samoprzylepne\/chr-hv60-18-tkanina-z-wlokna-szklanego-powlekana-silikonem\/","title":{"rendered":"Tkanina z w\u0142\u00f3kna szklanego powlekana silikonem CHR\u00ae HV60-18"},"content":{"rendered":"<p>CHR\u00ae HV60 to pokryta silikonem tkanina z w\u0142\u00f3kna szklanego z klejem silikonowym.<\/p>\n<p><strong>Funkcje\/korzy\u015bci<\/strong><\/p>\n<p>&#8211; Odporno\u015b\u0107 na wysokie temperatury<br \/>\n&#8211; Wyj\u0105tkowo wysoka odporno\u015b\u0107 na \u015bcieranie<br \/>\n&#8211; Dzia\u0142a jako izolator termiczny<br \/>\n&#8211; Bardzo elastyczny i dobrze dopasowuj\u0105cy si\u0119 do kszta\u0142tu<br \/>\n&#8211; Nie pozostawia \u015blad\u00f3w po odklejeniu<\/p>\n<div class=\"page\" data-page-number=\"1\" data-loaded=\"true\">\n<div class=\"textLayer\">\n<div><strong>Obszary zastosowania<\/strong><\/div>\n<div>CHR HV60 jest przeznaczony do stosowania w ekstremalnych warunkach \u015bcierania, takich jak te wyst\u0119puj\u0105ce w systemach natryskiwania plazmowego HVOF i termicznego. Produkt jest stosowany w systemach z ciecz\u0105 i<\/div>\n<div>paliwa gazowe stosowane w natryskiwaniu metali, ceramiki i w\u0119glik\u00f3w spiekanych.<\/div>\n<div class=\"endOfContent\"><\/div>\n<\/div>\n<\/div>\n<div class=\"page\" data-page-number=\"2\" data-loaded=\"true\"><\/div>\n<p>&nbsp;<\/p>\n","protected":false},"excerpt":{"rendered":"<p>CHR\u00ae HV60 to pokryta silikonem tkanina z w\u0142\u00f3kna szklanego z klejem silikonowym. Funkcje\/korzy\u015bci &#8211; Odporno\u015b\u0107 na wysokie temperatury &#8211; Wyj\u0105tkowo wysoka odporno\u015b\u0107 na \u015bcieranie &#8211; Dzia\u0142a jako izolator termiczny &#8211; Bardzo elastyczny i dobrze dopasowuj\u0105cy si\u0119 do kszta\u0142tu &#8211; Nie pozostawia \u015blad\u00f3w po odklejeniu Obszary zastosowania CHR HV60 jest przeznaczony do stosowania w ekstremalnych warunkach [&hellip;]<\/p>\n","protected":false},"featured_media":28582,"template":"","meta":{"_acf_changed":false},"pwb-brand":[4112,2400],"product_brand":[],"product_cat":[1816],"product_tag":[],"class_list":{"0":"post-43196","1":"product","2":"type-product","3":"status-publish","4":"has-post-thumbnail","6":"pwb-brand-saint-gobain-performance-plastics-chr-pl","7":"pwb-brand-saint-gobain-pl","8":"product_cat-jednostronne-tasmy-samoprzylepne","10":"first","11":"instock","12":"taxable","13":"shipping-taxable","14":"product-type-variable"},"acf":[],"yoast_head":"<!-- This site is optimized with the Yoast SEO plugin v27.3 - https:\/\/yoast.com\/product\/yoast-seo-wordpress\/ -->\n<title>Tkanina z w\u0142\u00f3kna szklanego powlekana silikonem CHR\u00aeHV60 | Cardinal TAPES<\/title>\n<meta name=\"description\" content=\"CHR\u00ae HV60 to pokryta silikonem tkanina z w\u0142\u00f3kna szklanego z klejem silikonowym.\" \/>\n<meta name=\"robots\" content=\"index, follow, max-snippet:-1, max-image-preview:large, max-video-preview:-1\" \/>\n<link rel=\"canonical\" href=\"https:\/\/cardinal-tapes.com\/pl\/ta\u015bmy-samoprzylepne\/jednostronne-tasmy-samoprzylepne\/chr-hv60-18-tkanina-z-wlokna-szklanego-powlekana-silikonem\/\" \/>\n<meta property=\"og:locale\" content=\"pl_PL\" \/>\n<meta property=\"og:type\" content=\"article\" \/>\n<meta property=\"og:title\" content=\"Tkanina z w\u0142\u00f3kna szklanego powlekana silikonem CHR\u00aeHV60 | Cardinal TAPES\" \/>\n<meta property=\"og:description\" content=\"CHR\u00ae HV60 to pokryta silikonem tkanina z w\u0142\u00f3kna szklanego z klejem silikonowym.\" \/>\n<meta property=\"og:url\" content=\"https:\/\/cardinal-tapes.com\/pl\/ta\u015bmy-samoprzylepne\/jednostronne-tasmy-samoprzylepne\/chr-hv60-18-tkanina-z-wlokna-szklanego-powlekana-silikonem\/\" \/>\n<meta property=\"og:site_name\" content=\"cardinal TAPES\" \/>\n<meta property=\"og:image\" content=\"https:\/\/cardinal-tapes.com\/wp-content\/uploads\/CHR-HV60-18R-A_153052.png\" \/>\n\t<meta property=\"og:image:width\" content=\"415\" \/>\n\t<meta property=\"og:image:height\" content=\"415\" \/>\n\t<meta property=\"og:image:type\" content=\"image\/png\" \/>\n<meta name=\"twitter:card\" content=\"summary_large_image\" \/>\n<script type=\"application\/ld+json\" class=\"yoast-schema-graph\">{\"@context\":\"https:\\\/\\\/schema.org\",\"@graph\":[{\"@type\":\"WebPage\",\"@id\":\"https:\\\/\\\/cardinal-tapes.com\\\/pl\\\/ta\u015bmy-samoprzylepne\\\/jednostronne-tasmy-samoprzylepne\\\/chr-hv60-18-tkanina-z-wlokna-szklanego-powlekana-silikonem\\\/\",\"url\":\"https:\\\/\\\/cardinal-tapes.com\\\/pl\\\/ta\u015bmy-samoprzylepne\\\/jednostronne-tasmy-samoprzylepne\\\/chr-hv60-18-tkanina-z-wlokna-szklanego-powlekana-silikonem\\\/\",\"name\":\"Tkanina z w\u0142\u00f3kna szklanego powlekana silikonem CHR\u00aeHV60 | Cardinal TAPES\",\"isPartOf\":{\"@id\":\"https:\\\/\\\/cardinal-tapes.com\\\/#website\"},\"primaryImageOfPage\":{\"@id\":\"https:\\\/\\\/cardinal-tapes.com\\\/pl\\\/ta\u015bmy-samoprzylepne\\\/jednostronne-tasmy-samoprzylepne\\\/chr-hv60-18-tkanina-z-wlokna-szklanego-powlekana-silikonem\\\/#primaryimage\"},\"image\":{\"@id\":\"https:\\\/\\\/cardinal-tapes.com\\\/pl\\\/ta\u015bmy-samoprzylepne\\\/jednostronne-tasmy-samoprzylepne\\\/chr-hv60-18-tkanina-z-wlokna-szklanego-powlekana-silikonem\\\/#primaryimage\"},\"thumbnailUrl\":\"https:\\\/\\\/cardinal-tapes.com\\\/wp-content\\\/uploads\\\/CHR-HV60-18R-A_153052.png\",\"datePublished\":\"2023-06-05T14:57:01+00:00\",\"description\":\"CHR\u00ae HV60 to pokryta silikonem tkanina z w\u0142\u00f3kna szklanego z klejem silikonowym.\",\"breadcrumb\":{\"@id\":\"https:\\\/\\\/cardinal-tapes.com\\\/pl\\\/ta\u015bmy-samoprzylepne\\\/jednostronne-tasmy-samoprzylepne\\\/chr-hv60-18-tkanina-z-wlokna-szklanego-powlekana-silikonem\\\/#breadcrumb\"},\"inLanguage\":\"pl-PL\",\"potentialAction\":[{\"@type\":\"ReadAction\",\"target\":[\"https:\\\/\\\/cardinal-tapes.com\\\/pl\\\/ta\u015bmy-samoprzylepne\\\/jednostronne-tasmy-samoprzylepne\\\/chr-hv60-18-tkanina-z-wlokna-szklanego-powlekana-silikonem\\\/\"]}]},{\"@type\":\"ImageObject\",\"inLanguage\":\"pl-PL\",\"@id\":\"https:\\\/\\\/cardinal-tapes.com\\\/pl\\\/ta\u015bmy-samoprzylepne\\\/jednostronne-tasmy-samoprzylepne\\\/chr-hv60-18-tkanina-z-wlokna-szklanego-powlekana-silikonem\\\/#primaryimage\",\"url\":\"https:\\\/\\\/cardinal-tapes.com\\\/wp-content\\\/uploads\\\/CHR-HV60-18R-A_153052.png\",\"contentUrl\":\"https:\\\/\\\/cardinal-tapes.com\\\/wp-content\\\/uploads\\\/CHR-HV60-18R-A_153052.png\",\"width\":415,\"height\":415},{\"@type\":\"BreadcrumbList\",\"@id\":\"https:\\\/\\\/cardinal-tapes.com\\\/pl\\\/ta\u015bmy-samoprzylepne\\\/jednostronne-tasmy-samoprzylepne\\\/chr-hv60-18-tkanina-z-wlokna-szklanego-powlekana-silikonem\\\/#breadcrumb\",\"itemListElement\":[{\"@type\":\"ListItem\",\"position\":1,\"name\":\"Startseite\",\"item\":\"https:\\\/\\\/cardinal-tapes.com\\\/pl\\\/strona-glowna\\\/\"},{\"@type\":\"ListItem\",\"position\":2,\"name\":\"Ta\u015bmy samoprzylepne\",\"item\":\"https:\\\/\\\/cardinal-tapes.com\\\/pl\\\/tasmy-samoprzylepne-pl\\\/\"},{\"@type\":\"ListItem\",\"position\":3,\"name\":\"Jednostronne ta\u015bmy samoprzylepne\",\"item\":\"https:\\\/\\\/cardinal-tapes.com\\\/pl\\\/kategoria\\\/jednostronne-tasmy-samoprzylepne\\\/\"},{\"@type\":\"ListItem\",\"position\":4,\"name\":\"Tkanina z w\u0142\u00f3kna szklanego powlekana silikonem CHR\u00ae HV60-18\"}]},{\"@type\":\"WebSite\",\"@id\":\"https:\\\/\\\/cardinal-tapes.com\\\/#website\",\"url\":\"https:\\\/\\\/cardinal-tapes.com\\\/\",\"name\":\"cardinal TAPES\",\"description\":\"Klebetechnik aus Wuppertal\",\"potentialAction\":[{\"@type\":\"SearchAction\",\"target\":{\"@type\":\"EntryPoint\",\"urlTemplate\":\"https:\\\/\\\/cardinal-tapes.com\\\/?s={search_term_string}\"},\"query-input\":{\"@type\":\"PropertyValueSpecification\",\"valueRequired\":true,\"valueName\":\"search_term_string\"}}],\"inLanguage\":\"pl-PL\"}]}<\/script>\n<!-- \/ Yoast SEO plugin. -->","yoast_head_json":{"title":"Tkanina z w\u0142\u00f3kna szklanego powlekana silikonem CHR\u00aeHV60 | Cardinal TAPES","description":"CHR\u00ae HV60 to pokryta silikonem tkanina z w\u0142\u00f3kna szklanego z klejem silikonowym.","robots":{"index":"index","follow":"follow","max-snippet":"max-snippet:-1","max-image-preview":"max-image-preview:large","max-video-preview":"max-video-preview:-1"},"canonical":"https:\/\/cardinal-tapes.com\/pl\/ta\u015bmy-samoprzylepne\/jednostronne-tasmy-samoprzylepne\/chr-hv60-18-tkanina-z-wlokna-szklanego-powlekana-silikonem\/","og_locale":"pl_PL","og_type":"article","og_title":"Tkanina z w\u0142\u00f3kna szklanego powlekana silikonem CHR\u00aeHV60 | Cardinal TAPES","og_description":"CHR\u00ae HV60 to pokryta silikonem tkanina z w\u0142\u00f3kna szklanego z klejem silikonowym.","og_url":"https:\/\/cardinal-tapes.com\/pl\/ta\u015bmy-samoprzylepne\/jednostronne-tasmy-samoprzylepne\/chr-hv60-18-tkanina-z-wlokna-szklanego-powlekana-silikonem\/","og_site_name":"cardinal TAPES","og_image":[{"width":415,"height":415,"url":"https:\/\/cardinal-tapes.com\/wp-content\/uploads\/CHR-HV60-18R-A_153052.png","type":"image\/png"}],"twitter_card":"summary_large_image","schema":{"@context":"https:\/\/schema.org","@graph":[{"@type":"WebPage","@id":"https:\/\/cardinal-tapes.com\/pl\/ta\u015bmy-samoprzylepne\/jednostronne-tasmy-samoprzylepne\/chr-hv60-18-tkanina-z-wlokna-szklanego-powlekana-silikonem\/","url":"https:\/\/cardinal-tapes.com\/pl\/ta\u015bmy-samoprzylepne\/jednostronne-tasmy-samoprzylepne\/chr-hv60-18-tkanina-z-wlokna-szklanego-powlekana-silikonem\/","name":"Tkanina z w\u0142\u00f3kna szklanego powlekana silikonem CHR\u00aeHV60 | Cardinal TAPES","isPartOf":{"@id":"https:\/\/cardinal-tapes.com\/#website"},"primaryImageOfPage":{"@id":"https:\/\/cardinal-tapes.com\/pl\/ta\u015bmy-samoprzylepne\/jednostronne-tasmy-samoprzylepne\/chr-hv60-18-tkanina-z-wlokna-szklanego-powlekana-silikonem\/#primaryimage"},"image":{"@id":"https:\/\/cardinal-tapes.com\/pl\/ta\u015bmy-samoprzylepne\/jednostronne-tasmy-samoprzylepne\/chr-hv60-18-tkanina-z-wlokna-szklanego-powlekana-silikonem\/#primaryimage"},"thumbnailUrl":"https:\/\/cardinal-tapes.com\/wp-content\/uploads\/CHR-HV60-18R-A_153052.png","datePublished":"2023-06-05T14:57:01+00:00","description":"CHR\u00ae HV60 to pokryta silikonem tkanina z w\u0142\u00f3kna szklanego z klejem silikonowym.","breadcrumb":{"@id":"https:\/\/cardinal-tapes.com\/pl\/ta\u015bmy-samoprzylepne\/jednostronne-tasmy-samoprzylepne\/chr-hv60-18-tkanina-z-wlokna-szklanego-powlekana-silikonem\/#breadcrumb"},"inLanguage":"pl-PL","potentialAction":[{"@type":"ReadAction","target":["https:\/\/cardinal-tapes.com\/pl\/ta\u015bmy-samoprzylepne\/jednostronne-tasmy-samoprzylepne\/chr-hv60-18-tkanina-z-wlokna-szklanego-powlekana-silikonem\/"]}]},{"@type":"ImageObject","inLanguage":"pl-PL","@id":"https:\/\/cardinal-tapes.com\/pl\/ta\u015bmy-samoprzylepne\/jednostronne-tasmy-samoprzylepne\/chr-hv60-18-tkanina-z-wlokna-szklanego-powlekana-silikonem\/#primaryimage","url":"https:\/\/cardinal-tapes.com\/wp-content\/uploads\/CHR-HV60-18R-A_153052.png","contentUrl":"https:\/\/cardinal-tapes.com\/wp-content\/uploads\/CHR-HV60-18R-A_153052.png","width":415,"height":415},{"@type":"BreadcrumbList","@id":"https:\/\/cardinal-tapes.com\/pl\/ta\u015bmy-samoprzylepne\/jednostronne-tasmy-samoprzylepne\/chr-hv60-18-tkanina-z-wlokna-szklanego-powlekana-silikonem\/#breadcrumb","itemListElement":[{"@type":"ListItem","position":1,"name":"Startseite","item":"https:\/\/cardinal-tapes.com\/pl\/strona-glowna\/"},{"@type":"ListItem","position":2,"name":"Ta\u015bmy samoprzylepne","item":"https:\/\/cardinal-tapes.com\/pl\/tasmy-samoprzylepne-pl\/"},{"@type":"ListItem","position":3,"name":"Jednostronne ta\u015bmy samoprzylepne","item":"https:\/\/cardinal-tapes.com\/pl\/kategoria\/jednostronne-tasmy-samoprzylepne\/"},{"@type":"ListItem","position":4,"name":"Tkanina z w\u0142\u00f3kna szklanego powlekana silikonem CHR\u00ae HV60-18"}]},{"@type":"WebSite","@id":"https:\/\/cardinal-tapes.com\/#website","url":"https:\/\/cardinal-tapes.com\/","name":"cardinal TAPES","description":"Klebetechnik aus Wuppertal","potentialAction":[{"@type":"SearchAction","target":{"@type":"EntryPoint","urlTemplate":"https:\/\/cardinal-tapes.com\/?s={search_term_string}"},"query-input":{"@type":"PropertyValueSpecification","valueRequired":true,"valueName":"search_term_string"}}],"inLanguage":"pl-PL"}]}},"brands":[{"id":4112,"name":"Saint-Gobain CHR Tape","slug":"saint-gobain-performance-plastics-chr-pl"},{"id":2400,"name":"Saint-Gobain Performance Plastics","slug":"saint-gobain-pl"}],"_links":{"self":[{"href":"https:\/\/cardinal-tapes.com\/pl\/wp-json\/wp\/v2\/product\/43196","targetHints":{"allow":["GET"]}}],"collection":[{"href":"https:\/\/cardinal-tapes.com\/pl\/wp-json\/wp\/v2\/product"}],"about":[{"href":"https:\/\/cardinal-tapes.com\/pl\/wp-json\/wp\/v2\/types\/product"}],"wp:featuredmedia":[{"embeddable":true,"href":"https:\/\/cardinal-tapes.com\/pl\/wp-json\/wp\/v2\/media\/28582"}],"wp:attachment":[{"href":"https:\/\/cardinal-tapes.com\/pl\/wp-json\/wp\/v2\/media?parent=43196"}],"wp:term":[{"taxonomy":"pwb-brand","embeddable":true,"href":"https:\/\/cardinal-tapes.com\/pl\/wp-json\/wp\/v2\/pwb-brand?post=43196"},{"taxonomy":"product_brand","embeddable":true,"href":"https:\/\/cardinal-tapes.com\/pl\/wp-json\/wp\/v2\/product_brand?post=43196"},{"taxonomy":"product_cat","embeddable":true,"href":"https:\/\/cardinal-tapes.com\/pl\/wp-json\/wp\/v2\/product_cat?post=43196"},{"taxonomy":"product_tag","embeddable":true,"href":"https:\/\/cardinal-tapes.com\/pl\/wp-json\/wp\/v2\/product_tag?post=43196"}],"curies":[{"name":"wp","href":"https:\/\/api.w.org\/{rel}","templated":true}]}}