{"id":43195,"date":"2020-11-25T10:54:11","date_gmt":"2023-06-05T14:57:01","guid":{"rendered":"https:\/\/cardinal.pixel-tal.de\/klebebaender\/bez-kategorii\/folia-poliimidowa-chr-k100-z-klejem-odpornym-na-wysoka-temperature\/"},"modified":"2023-06-05T16:57:01","modified_gmt":"2023-06-05T14:57:01","slug":"chr-k100-polimid-film-ze-stabilizujacym-klejem-silikonowym","status":"publish","type":"product","link":"https:\/\/cardinal-tapes.com\/pl\/ta\u015bmy-samoprzylepne\/tasmy-dwustronnie-klejace\/chr-k100-polimid-film-ze-stabilizujacym-klejem-silikonowym\/","title":{"rendered":"Folia poliimidowa CHR\u00ae K100 z klejem odpornym na wysok\u0105 temperatur\u0119"},"content":{"rendered":"<p>CHR\u00ae K100 jest wykonany z folii poliimidowej z klejem silikonowym po obu stronach, kt\u00f3ry jest odporny na bardzo wysokie temperatury robocze.<\/p>\n<div><strong>Funkcje\/korzy\u015bci<\/strong><\/div>\n<div>CHR\u00ae K100 ma doskona\u0142e w\u0142a\u015bciwo\u015bci mechaniczne i elektryczne, a tak\u017ce wyj\u0105tkow\u0105 wytrzyma\u0142o\u015b\u0107 dielektryczn\u0105.<\/div>\n<div>CHR\u00ae K100 oferuje dobr\u0105 odporno\u015b\u0107 na ciep\u0142o i nisk\u0105 absorpcj\u0119 wilgoci. K100 jest stosowany jako izolacja wysokonapi\u0119ciowa.<\/div>\n<div>No\u015bnik poliimidowy spe\u0142nia wymagania normy MIL-P-46112B.<\/div>\n<div><\/div>\n<div>\n<div class=\"page\" data-page-number=\"1\" data-loaded=\"true\">\n<div class=\"textLayer\">\n<div><strong>Obszary zastosowania<\/strong><\/div>\n<div>Konstrukcja CHR\u00ae K100 spe\u0142nia wymagania stawiane trwa\u0142ym termoplastycznym no\u015bnikom poliimidowym.<\/div>\n<div>Klej silikonowy oferuje r\u00f3wnie\u017c dobr\u0105 odporno\u015b\u0107 na ciep\u0142o, dzi\u0119ki czemu produkt nadaje si\u0119 do szerokiego zakresu zastosowa\u0144 w monta\u017cu komponent\u00f3w elektronicznych<\/div>\n<div>i w izolacji elektrycznej.<\/div>\n<div class=\"endOfContent\"><\/div>\n<\/div>\n<\/div>\n<div class=\"page\" data-page-number=\"2\" data-loaded=\"true\">\n<div class=\"canvasWrapper\"><\/div>\n<div class=\"textLayer\"><\/div>\n<\/div>\n<\/div>\n","protected":false},"excerpt":{"rendered":"<p>CHR\u00ae K100 jest wykonany z folii poliimidowej z klejem silikonowym po obu stronach, kt\u00f3ry jest odporny na bardzo wysokie temperatury robocze. Funkcje\/korzy\u015bci CHR\u00ae K100 ma doskona\u0142e w\u0142a\u015bciwo\u015bci mechaniczne i elektryczne, a tak\u017ce wyj\u0105tkow\u0105 wytrzyma\u0142o\u015b\u0107 dielektryczn\u0105. CHR\u00ae K100 oferuje dobr\u0105 odporno\u015b\u0107 na ciep\u0142o i nisk\u0105 absorpcj\u0119 wilgoci. K100 jest stosowany jako izolacja wysokonapi\u0119ciowa. No\u015bnik poliimidowy spe\u0142nia [&hellip;]<\/p>\n","protected":false},"featured_media":28566,"template":"","meta":{"_acf_changed":false},"pwb-brand":[4112,2400],"product_brand":[],"product_cat":[1814],"product_tag":[],"class_list":{"0":"post-43195","1":"product","2":"type-product","3":"status-publish","4":"has-post-thumbnail","6":"pwb-brand-saint-gobain-performance-plastics-chr-pl","7":"pwb-brand-saint-gobain-pl","8":"product_cat-tasmy-dwustronnie-klejace","10":"first","11":"instock","12":"taxable","13":"shipping-taxable","14":"product-type-variable"},"acf":[],"yoast_head":"<!-- This site is optimized with the Yoast SEO plugin v27.3 - https:\/\/yoast.com\/product\/yoast-seo-wordpress\/ -->\n<title>Folia poliamidowa CHR\u00ae K100 z trwa\u0142ym klejem silikonowym | Cardinal TAPES<\/title>\n<meta name=\"description\" content=\"CHR\u00ae K100 jest wykonany z folii poliimidowej z klejem silikonowym po obu stronach, kt\u00f3ry jest odporny na bardzo wysokie temperatury robocze.\" \/>\n<meta name=\"robots\" content=\"index, follow, max-snippet:-1, max-image-preview:large, max-video-preview:-1\" \/>\n<link rel=\"canonical\" href=\"https:\/\/cardinal-tapes.com\/pl\/ta\u015bmy-samoprzylepne\/tasmy-dwustronnie-klejace\/chr-k100-polimid-film-ze-stabilizujacym-klejem-silikonowym\/\" \/>\n<meta property=\"og:locale\" content=\"pl_PL\" \/>\n<meta property=\"og:type\" content=\"article\" \/>\n<meta property=\"og:title\" content=\"Folia poliamidowa CHR\u00ae K100 z trwa\u0142ym klejem silikonowym | Cardinal TAPES\" \/>\n<meta property=\"og:description\" content=\"CHR\u00ae K100 jest wykonany z folii poliimidowej z klejem silikonowym po obu stronach, kt\u00f3ry jest odporny na bardzo wysokie temperatury robocze.\" \/>\n<meta property=\"og:url\" content=\"https:\/\/cardinal-tapes.com\/pl\/ta\u015bmy-samoprzylepne\/tasmy-dwustronnie-klejace\/chr-k100-polimid-film-ze-stabilizujacym-klejem-silikonowym\/\" \/>\n<meta property=\"og:site_name\" content=\"cardinal TAPES\" \/>\n<meta property=\"og:image\" content=\"https:\/\/cardinal-tapes.com\/wp-content\/uploads\/CHR-K100-A_153053.png\" \/>\n\t<meta property=\"og:image:width\" content=\"415\" \/>\n\t<meta property=\"og:image:height\" content=\"415\" \/>\n\t<meta property=\"og:image:type\" content=\"image\/png\" \/>\n<meta name=\"twitter:card\" content=\"summary_large_image\" \/>\n<meta name=\"twitter:label1\" content=\"Szacowany czas czytania\" \/>\n\t<meta name=\"twitter:data1\" content=\"1 minuta\" \/>\n<script type=\"application\/ld+json\" class=\"yoast-schema-graph\">{\"@context\":\"https:\\\/\\\/schema.org\",\"@graph\":[{\"@type\":\"WebPage\",\"@id\":\"https:\\\/\\\/cardinal-tapes.com\\\/pl\\\/ta\u015bmy-samoprzylepne\\\/tasmy-dwustronnie-klejace\\\/chr-k100-polimid-film-ze-stabilizujacym-klejem-silikonowym\\\/\",\"url\":\"https:\\\/\\\/cardinal-tapes.com\\\/pl\\\/ta\u015bmy-samoprzylepne\\\/tasmy-dwustronnie-klejace\\\/chr-k100-polimid-film-ze-stabilizujacym-klejem-silikonowym\\\/\",\"name\":\"Folia poliamidowa CHR\u00ae K100 z trwa\u0142ym klejem silikonowym | Cardinal TAPES\",\"isPartOf\":{\"@id\":\"https:\\\/\\\/cardinal-tapes.com\\\/#website\"},\"primaryImageOfPage\":{\"@id\":\"https:\\\/\\\/cardinal-tapes.com\\\/pl\\\/ta\u015bmy-samoprzylepne\\\/tasmy-dwustronnie-klejace\\\/chr-k100-polimid-film-ze-stabilizujacym-klejem-silikonowym\\\/#primaryimage\"},\"image\":{\"@id\":\"https:\\\/\\\/cardinal-tapes.com\\\/pl\\\/ta\u015bmy-samoprzylepne\\\/tasmy-dwustronnie-klejace\\\/chr-k100-polimid-film-ze-stabilizujacym-klejem-silikonowym\\\/#primaryimage\"},\"thumbnailUrl\":\"https:\\\/\\\/cardinal-tapes.com\\\/wp-content\\\/uploads\\\/CHR-K100-A_153053.png\",\"datePublished\":\"2023-06-05T14:57:01+00:00\",\"description\":\"CHR\u00ae K100 jest wykonany z folii poliimidowej z klejem silikonowym po obu stronach, kt\u00f3ry jest odporny na bardzo wysokie temperatury robocze.\",\"breadcrumb\":{\"@id\":\"https:\\\/\\\/cardinal-tapes.com\\\/pl\\\/ta\u015bmy-samoprzylepne\\\/tasmy-dwustronnie-klejace\\\/chr-k100-polimid-film-ze-stabilizujacym-klejem-silikonowym\\\/#breadcrumb\"},\"inLanguage\":\"pl-PL\",\"potentialAction\":[{\"@type\":\"ReadAction\",\"target\":[\"https:\\\/\\\/cardinal-tapes.com\\\/pl\\\/ta\u015bmy-samoprzylepne\\\/tasmy-dwustronnie-klejace\\\/chr-k100-polimid-film-ze-stabilizujacym-klejem-silikonowym\\\/\"]}]},{\"@type\":\"ImageObject\",\"inLanguage\":\"pl-PL\",\"@id\":\"https:\\\/\\\/cardinal-tapes.com\\\/pl\\\/ta\u015bmy-samoprzylepne\\\/tasmy-dwustronnie-klejace\\\/chr-k100-polimid-film-ze-stabilizujacym-klejem-silikonowym\\\/#primaryimage\",\"url\":\"https:\\\/\\\/cardinal-tapes.com\\\/wp-content\\\/uploads\\\/CHR-K100-A_153053.png\",\"contentUrl\":\"https:\\\/\\\/cardinal-tapes.com\\\/wp-content\\\/uploads\\\/CHR-K100-A_153053.png\",\"width\":415,\"height\":415},{\"@type\":\"BreadcrumbList\",\"@id\":\"https:\\\/\\\/cardinal-tapes.com\\\/pl\\\/ta\u015bmy-samoprzylepne\\\/tasmy-dwustronnie-klejace\\\/chr-k100-polimid-film-ze-stabilizujacym-klejem-silikonowym\\\/#breadcrumb\",\"itemListElement\":[{\"@type\":\"ListItem\",\"position\":1,\"name\":\"Startseite\",\"item\":\"https:\\\/\\\/cardinal-tapes.com\\\/pl\\\/strona-glowna\\\/\"},{\"@type\":\"ListItem\",\"position\":2,\"name\":\"Ta\u015bmy samoprzylepne\",\"item\":\"https:\\\/\\\/cardinal-tapes.com\\\/pl\\\/tasmy-samoprzylepne-pl\\\/\"},{\"@type\":\"ListItem\",\"position\":3,\"name\":\"Ta\u015bmy dwustronnie klej\u0105ce\",\"item\":\"https:\\\/\\\/cardinal-tapes.com\\\/pl\\\/kategoria\\\/tasmy-dwustronnie-klejace\\\/\"},{\"@type\":\"ListItem\",\"position\":4,\"name\":\"Folia poliimidowa CHR\u00ae K100 z klejem odpornym na wysok\u0105 temperatur\u0119\"}]},{\"@type\":\"WebSite\",\"@id\":\"https:\\\/\\\/cardinal-tapes.com\\\/#website\",\"url\":\"https:\\\/\\\/cardinal-tapes.com\\\/\",\"name\":\"cardinal TAPES\",\"description\":\"Klebetechnik aus Wuppertal\",\"potentialAction\":[{\"@type\":\"SearchAction\",\"target\":{\"@type\":\"EntryPoint\",\"urlTemplate\":\"https:\\\/\\\/cardinal-tapes.com\\\/?s={search_term_string}\"},\"query-input\":{\"@type\":\"PropertyValueSpecification\",\"valueRequired\":true,\"valueName\":\"search_term_string\"}}],\"inLanguage\":\"pl-PL\"}]}<\/script>\n<!-- \/ Yoast SEO plugin. -->","yoast_head_json":{"title":"Folia poliamidowa CHR\u00ae K100 z trwa\u0142ym klejem silikonowym | Cardinal TAPES","description":"CHR\u00ae K100 jest wykonany z folii poliimidowej z klejem silikonowym po obu stronach, kt\u00f3ry jest odporny na bardzo wysokie temperatury robocze.","robots":{"index":"index","follow":"follow","max-snippet":"max-snippet:-1","max-image-preview":"max-image-preview:large","max-video-preview":"max-video-preview:-1"},"canonical":"https:\/\/cardinal-tapes.com\/pl\/ta\u015bmy-samoprzylepne\/tasmy-dwustronnie-klejace\/chr-k100-polimid-film-ze-stabilizujacym-klejem-silikonowym\/","og_locale":"pl_PL","og_type":"article","og_title":"Folia poliamidowa CHR\u00ae K100 z trwa\u0142ym klejem silikonowym | Cardinal TAPES","og_description":"CHR\u00ae K100 jest wykonany z folii poliimidowej z klejem silikonowym po obu stronach, kt\u00f3ry jest odporny na bardzo wysokie temperatury robocze.","og_url":"https:\/\/cardinal-tapes.com\/pl\/ta\u015bmy-samoprzylepne\/tasmy-dwustronnie-klejace\/chr-k100-polimid-film-ze-stabilizujacym-klejem-silikonowym\/","og_site_name":"cardinal TAPES","og_image":[{"width":415,"height":415,"url":"https:\/\/cardinal-tapes.com\/wp-content\/uploads\/CHR-K100-A_153053.png","type":"image\/png"}],"twitter_card":"summary_large_image","twitter_misc":{"Szacowany czas czytania":"1 minuta"},"schema":{"@context":"https:\/\/schema.org","@graph":[{"@type":"WebPage","@id":"https:\/\/cardinal-tapes.com\/pl\/ta\u015bmy-samoprzylepne\/tasmy-dwustronnie-klejace\/chr-k100-polimid-film-ze-stabilizujacym-klejem-silikonowym\/","url":"https:\/\/cardinal-tapes.com\/pl\/ta\u015bmy-samoprzylepne\/tasmy-dwustronnie-klejace\/chr-k100-polimid-film-ze-stabilizujacym-klejem-silikonowym\/","name":"Folia poliamidowa CHR\u00ae K100 z trwa\u0142ym klejem silikonowym | Cardinal TAPES","isPartOf":{"@id":"https:\/\/cardinal-tapes.com\/#website"},"primaryImageOfPage":{"@id":"https:\/\/cardinal-tapes.com\/pl\/ta\u015bmy-samoprzylepne\/tasmy-dwustronnie-klejace\/chr-k100-polimid-film-ze-stabilizujacym-klejem-silikonowym\/#primaryimage"},"image":{"@id":"https:\/\/cardinal-tapes.com\/pl\/ta\u015bmy-samoprzylepne\/tasmy-dwustronnie-klejace\/chr-k100-polimid-film-ze-stabilizujacym-klejem-silikonowym\/#primaryimage"},"thumbnailUrl":"https:\/\/cardinal-tapes.com\/wp-content\/uploads\/CHR-K100-A_153053.png","datePublished":"2023-06-05T14:57:01+00:00","description":"CHR\u00ae K100 jest wykonany z folii poliimidowej z klejem silikonowym po obu stronach, kt\u00f3ry jest odporny na bardzo wysokie temperatury robocze.","breadcrumb":{"@id":"https:\/\/cardinal-tapes.com\/pl\/ta\u015bmy-samoprzylepne\/tasmy-dwustronnie-klejace\/chr-k100-polimid-film-ze-stabilizujacym-klejem-silikonowym\/#breadcrumb"},"inLanguage":"pl-PL","potentialAction":[{"@type":"ReadAction","target":["https:\/\/cardinal-tapes.com\/pl\/ta\u015bmy-samoprzylepne\/tasmy-dwustronnie-klejace\/chr-k100-polimid-film-ze-stabilizujacym-klejem-silikonowym\/"]}]},{"@type":"ImageObject","inLanguage":"pl-PL","@id":"https:\/\/cardinal-tapes.com\/pl\/ta\u015bmy-samoprzylepne\/tasmy-dwustronnie-klejace\/chr-k100-polimid-film-ze-stabilizujacym-klejem-silikonowym\/#primaryimage","url":"https:\/\/cardinal-tapes.com\/wp-content\/uploads\/CHR-K100-A_153053.png","contentUrl":"https:\/\/cardinal-tapes.com\/wp-content\/uploads\/CHR-K100-A_153053.png","width":415,"height":415},{"@type":"BreadcrumbList","@id":"https:\/\/cardinal-tapes.com\/pl\/ta\u015bmy-samoprzylepne\/tasmy-dwustronnie-klejace\/chr-k100-polimid-film-ze-stabilizujacym-klejem-silikonowym\/#breadcrumb","itemListElement":[{"@type":"ListItem","position":1,"name":"Startseite","item":"https:\/\/cardinal-tapes.com\/pl\/strona-glowna\/"},{"@type":"ListItem","position":2,"name":"Ta\u015bmy samoprzylepne","item":"https:\/\/cardinal-tapes.com\/pl\/tasmy-samoprzylepne-pl\/"},{"@type":"ListItem","position":3,"name":"Ta\u015bmy dwustronnie klej\u0105ce","item":"https:\/\/cardinal-tapes.com\/pl\/kategoria\/tasmy-dwustronnie-klejace\/"},{"@type":"ListItem","position":4,"name":"Folia poliimidowa CHR\u00ae K100 z klejem odpornym na wysok\u0105 temperatur\u0119"}]},{"@type":"WebSite","@id":"https:\/\/cardinal-tapes.com\/#website","url":"https:\/\/cardinal-tapes.com\/","name":"cardinal TAPES","description":"Klebetechnik aus Wuppertal","potentialAction":[{"@type":"SearchAction","target":{"@type":"EntryPoint","urlTemplate":"https:\/\/cardinal-tapes.com\/?s={search_term_string}"},"query-input":{"@type":"PropertyValueSpecification","valueRequired":true,"valueName":"search_term_string"}}],"inLanguage":"pl-PL"}]}},"brands":[{"id":4112,"name":"Saint-Gobain CHR Tape","slug":"saint-gobain-performance-plastics-chr-pl"},{"id":2400,"name":"Saint-Gobain Performance Plastics","slug":"saint-gobain-pl"}],"_links":{"self":[{"href":"https:\/\/cardinal-tapes.com\/pl\/wp-json\/wp\/v2\/product\/43195","targetHints":{"allow":["GET"]}}],"collection":[{"href":"https:\/\/cardinal-tapes.com\/pl\/wp-json\/wp\/v2\/product"}],"about":[{"href":"https:\/\/cardinal-tapes.com\/pl\/wp-json\/wp\/v2\/types\/product"}],"wp:featuredmedia":[{"embeddable":true,"href":"https:\/\/cardinal-tapes.com\/pl\/wp-json\/wp\/v2\/media\/28566"}],"wp:attachment":[{"href":"https:\/\/cardinal-tapes.com\/pl\/wp-json\/wp\/v2\/media?parent=43195"}],"wp:term":[{"taxonomy":"pwb-brand","embeddable":true,"href":"https:\/\/cardinal-tapes.com\/pl\/wp-json\/wp\/v2\/pwb-brand?post=43195"},{"taxonomy":"product_brand","embeddable":true,"href":"https:\/\/cardinal-tapes.com\/pl\/wp-json\/wp\/v2\/product_brand?post=43195"},{"taxonomy":"product_cat","embeddable":true,"href":"https:\/\/cardinal-tapes.com\/pl\/wp-json\/wp\/v2\/product_cat?post=43195"},{"taxonomy":"product_tag","embeddable":true,"href":"https:\/\/cardinal-tapes.com\/pl\/wp-json\/wp\/v2\/product_tag?post=43195"}],"curies":[{"name":"wp","href":"https:\/\/api.w.org\/{rel}","templated":true}]}}