{"id":43194,"date":"2020-11-25T09:42:08","date_gmt":"2023-06-05T14:57:01","guid":{"rendered":"https:\/\/cardinal.pixel-tal.de\/klebebaender\/bez-kategorii\/chr2302-3r-folia-poliolefinowa-uhmw\/"},"modified":"2023-06-05T16:57:01","modified_gmt":"2023-06-05T14:57:01","slug":"chr2302-3r-uhmw-folia-poliolefinowa","status":"publish","type":"product","link":"https:\/\/cardinal-tapes.com\/pl\/ta\u015bmy-samoprzylepne\/jednostronne-tasmy-samoprzylepne\/chr2302-3r-uhmw-folia-poliolefinowa\/","title":{"rendered":"CHR\u00ae2302-3R Folia poliolefinowa UHMW"},"content":{"rendered":"<div><strong>Folia UHMW<\/strong><\/div>\n<div>CHR\u00ae 2302 jest wykonany z folii poliolefinowej UHMW (Ultra High Molecular Weight) pokrytej klejem akrylowym.<\/div>\n<div><\/div>\n<div><strong>Funkcje\/korzy\u015bci<\/strong><\/div>\n<div>CHR 2302 charakteryzuje si\u0119 doskona\u0142\u0105 odporno\u015bci\u0105 na \u015bcieranie i niskim wsp\u00f3\u0142czynnikiem tarcia, zapewniaj\u0105c doskona\u0142\u0105 ochron\u0119 \u0142o\u017cysk nara\u017conych na dzia\u0142anie<\/div>\n<div>s\u0105 nara\u017cone na du\u017ce obci\u0105\u017cenia. Jest ona bardziej op\u0142acalna ni\u017c ta\u015bmy PTFE. Odporny na wysok\u0105 temperatur\u0119, wysoce przyczepny klej akrylowy dobrze przylega do wi\u0119kszo\u015bci suchych, czystych powierzchni.<\/div>\n<div>powierzchni i zapewnia bezpieczne mocowanie produktu.<\/div>\n","protected":false},"excerpt":{"rendered":"<p>Folia UHMW CHR\u00ae 2302 jest wykonany z folii poliolefinowej UHMW (Ultra High Molecular Weight) pokrytej klejem akrylowym. Funkcje\/korzy\u015bci CHR 2302 charakteryzuje si\u0119 doskona\u0142\u0105 odporno\u015bci\u0105 na \u015bcieranie i niskim wsp\u00f3\u0142czynnikiem tarcia, zapewniaj\u0105c doskona\u0142\u0105 ochron\u0119 \u0142o\u017cysk nara\u017conych na dzia\u0142anie s\u0105 nara\u017cone na du\u017ce obci\u0105\u017cenia. Jest ona bardziej op\u0142acalna ni\u017c ta\u015bmy PTFE. Odporny na wysok\u0105 temperatur\u0119, wysoce przyczepny [&hellip;]<\/p>\n","protected":false},"featured_media":28742,"template":"","meta":{"_acf_changed":false},"pwb-brand":[4112,2400],"product_brand":[],"product_cat":[1816],"product_tag":[],"class_list":{"0":"post-43194","1":"product","2":"type-product","3":"status-publish","4":"has-post-thumbnail","6":"pwb-brand-saint-gobain-performance-plastics-chr-pl","7":"pwb-brand-saint-gobain-pl","8":"product_cat-jednostronne-tasmy-samoprzylepne","10":"first","11":"instock","12":"taxable","13":"shipping-taxable","14":"product-type-variable"},"acf":[],"yoast_head":"<!-- This site is optimized with the Yoast SEO plugin v27.3 - https:\/\/yoast.com\/product\/yoast-seo-wordpress\/ -->\n<title>CHR\u00ae2302-3R Folia poliolefinowa UHMW | Cardinal TAPES<\/title>\n<meta name=\"description\" content=\"CHR\u00ae 2302 jest wykonany z folii poliolefinowej UHMW (Ultra High Molecular Weight) pokrytej klejem akrylowym.\" \/>\n<meta name=\"robots\" content=\"index, follow, max-snippet:-1, max-image-preview:large, max-video-preview:-1\" \/>\n<link rel=\"canonical\" href=\"https:\/\/cardinal-tapes.com\/pl\/ta\u015bmy-samoprzylepne\/jednostronne-tasmy-samoprzylepne\/chr2302-3r-uhmw-folia-poliolefinowa\/\" \/>\n<meta property=\"og:locale\" content=\"pl_PL\" \/>\n<meta property=\"og:type\" content=\"article\" \/>\n<meta property=\"og:title\" content=\"CHR\u00ae2302-3R Folia poliolefinowa UHMW | Cardinal TAPES\" \/>\n<meta property=\"og:description\" content=\"CHR\u00ae 2302 jest wykonany z folii poliolefinowej UHMW (Ultra High Molecular Weight) pokrytej klejem akrylowym.\" \/>\n<meta property=\"og:url\" content=\"https:\/\/cardinal-tapes.com\/pl\/ta\u015bmy-samoprzylepne\/jednostronne-tasmy-samoprzylepne\/chr2302-3r-uhmw-folia-poliolefinowa\/\" \/>\n<meta property=\"og:site_name\" content=\"cardinal TAPES\" \/>\n<meta property=\"og:image\" content=\"https:\/\/cardinal-tapes.com\/wp-content\/uploads\/CHR-2300-A_153024.png\" \/>\n\t<meta property=\"og:image:width\" content=\"415\" \/>\n\t<meta property=\"og:image:height\" content=\"415\" \/>\n\t<meta property=\"og:image:type\" content=\"image\/png\" \/>\n<meta name=\"twitter:card\" content=\"summary_large_image\" \/>\n<script type=\"application\/ld+json\" class=\"yoast-schema-graph\">{\"@context\":\"https:\\\/\\\/schema.org\",\"@graph\":[{\"@type\":\"WebPage\",\"@id\":\"https:\\\/\\\/cardinal-tapes.com\\\/pl\\\/ta\u015bmy-samoprzylepne\\\/jednostronne-tasmy-samoprzylepne\\\/chr2302-3r-uhmw-folia-poliolefinowa\\\/\",\"url\":\"https:\\\/\\\/cardinal-tapes.com\\\/pl\\\/ta\u015bmy-samoprzylepne\\\/jednostronne-tasmy-samoprzylepne\\\/chr2302-3r-uhmw-folia-poliolefinowa\\\/\",\"name\":\"CHR\u00ae2302-3R Folia poliolefinowa UHMW | Cardinal TAPES\",\"isPartOf\":{\"@id\":\"https:\\\/\\\/cardinal-tapes.com\\\/#website\"},\"primaryImageOfPage\":{\"@id\":\"https:\\\/\\\/cardinal-tapes.com\\\/pl\\\/ta\u015bmy-samoprzylepne\\\/jednostronne-tasmy-samoprzylepne\\\/chr2302-3r-uhmw-folia-poliolefinowa\\\/#primaryimage\"},\"image\":{\"@id\":\"https:\\\/\\\/cardinal-tapes.com\\\/pl\\\/ta\u015bmy-samoprzylepne\\\/jednostronne-tasmy-samoprzylepne\\\/chr2302-3r-uhmw-folia-poliolefinowa\\\/#primaryimage\"},\"thumbnailUrl\":\"https:\\\/\\\/cardinal-tapes.com\\\/wp-content\\\/uploads\\\/CHR-2300-A_153024.png\",\"datePublished\":\"2023-06-05T14:57:01+00:00\",\"description\":\"CHR\u00ae 2302 jest wykonany z folii poliolefinowej UHMW (Ultra High Molecular Weight) pokrytej klejem akrylowym.\",\"breadcrumb\":{\"@id\":\"https:\\\/\\\/cardinal-tapes.com\\\/pl\\\/ta\u015bmy-samoprzylepne\\\/jednostronne-tasmy-samoprzylepne\\\/chr2302-3r-uhmw-folia-poliolefinowa\\\/#breadcrumb\"},\"inLanguage\":\"pl-PL\",\"potentialAction\":[{\"@type\":\"ReadAction\",\"target\":[\"https:\\\/\\\/cardinal-tapes.com\\\/pl\\\/ta\u015bmy-samoprzylepne\\\/jednostronne-tasmy-samoprzylepne\\\/chr2302-3r-uhmw-folia-poliolefinowa\\\/\"]}]},{\"@type\":\"ImageObject\",\"inLanguage\":\"pl-PL\",\"@id\":\"https:\\\/\\\/cardinal-tapes.com\\\/pl\\\/ta\u015bmy-samoprzylepne\\\/jednostronne-tasmy-samoprzylepne\\\/chr2302-3r-uhmw-folia-poliolefinowa\\\/#primaryimage\",\"url\":\"https:\\\/\\\/cardinal-tapes.com\\\/wp-content\\\/uploads\\\/CHR-2300-A_153024.png\",\"contentUrl\":\"https:\\\/\\\/cardinal-tapes.com\\\/wp-content\\\/uploads\\\/CHR-2300-A_153024.png\",\"width\":415,\"height\":415},{\"@type\":\"BreadcrumbList\",\"@id\":\"https:\\\/\\\/cardinal-tapes.com\\\/pl\\\/ta\u015bmy-samoprzylepne\\\/jednostronne-tasmy-samoprzylepne\\\/chr2302-3r-uhmw-folia-poliolefinowa\\\/#breadcrumb\",\"itemListElement\":[{\"@type\":\"ListItem\",\"position\":1,\"name\":\"Startseite\",\"item\":\"https:\\\/\\\/cardinal-tapes.com\\\/pl\\\/strona-glowna\\\/\"},{\"@type\":\"ListItem\",\"position\":2,\"name\":\"Ta\u015bmy samoprzylepne\",\"item\":\"https:\\\/\\\/cardinal-tapes.com\\\/pl\\\/tasmy-samoprzylepne-pl\\\/\"},{\"@type\":\"ListItem\",\"position\":3,\"name\":\"Jednostronne ta\u015bmy samoprzylepne\",\"item\":\"https:\\\/\\\/cardinal-tapes.com\\\/pl\\\/kategoria\\\/jednostronne-tasmy-samoprzylepne\\\/\"},{\"@type\":\"ListItem\",\"position\":4,\"name\":\"CHR\u00ae2302-3R Folia poliolefinowa UHMW\"}]},{\"@type\":\"WebSite\",\"@id\":\"https:\\\/\\\/cardinal-tapes.com\\\/#website\",\"url\":\"https:\\\/\\\/cardinal-tapes.com\\\/\",\"name\":\"cardinal TAPES\",\"description\":\"Klebetechnik aus Wuppertal\",\"potentialAction\":[{\"@type\":\"SearchAction\",\"target\":{\"@type\":\"EntryPoint\",\"urlTemplate\":\"https:\\\/\\\/cardinal-tapes.com\\\/?s={search_term_string}\"},\"query-input\":{\"@type\":\"PropertyValueSpecification\",\"valueRequired\":true,\"valueName\":\"search_term_string\"}}],\"inLanguage\":\"pl-PL\"}]}<\/script>\n<!-- \/ Yoast SEO plugin. -->","yoast_head_json":{"title":"CHR\u00ae2302-3R Folia poliolefinowa UHMW | Cardinal TAPES","description":"CHR\u00ae 2302 jest wykonany z folii poliolefinowej UHMW (Ultra High Molecular Weight) pokrytej klejem akrylowym.","robots":{"index":"index","follow":"follow","max-snippet":"max-snippet:-1","max-image-preview":"max-image-preview:large","max-video-preview":"max-video-preview:-1"},"canonical":"https:\/\/cardinal-tapes.com\/pl\/ta\u015bmy-samoprzylepne\/jednostronne-tasmy-samoprzylepne\/chr2302-3r-uhmw-folia-poliolefinowa\/","og_locale":"pl_PL","og_type":"article","og_title":"CHR\u00ae2302-3R Folia poliolefinowa UHMW | Cardinal TAPES","og_description":"CHR\u00ae 2302 jest wykonany z folii poliolefinowej UHMW (Ultra High Molecular Weight) pokrytej klejem akrylowym.","og_url":"https:\/\/cardinal-tapes.com\/pl\/ta\u015bmy-samoprzylepne\/jednostronne-tasmy-samoprzylepne\/chr2302-3r-uhmw-folia-poliolefinowa\/","og_site_name":"cardinal TAPES","og_image":[{"width":415,"height":415,"url":"https:\/\/cardinal-tapes.com\/wp-content\/uploads\/CHR-2300-A_153024.png","type":"image\/png"}],"twitter_card":"summary_large_image","schema":{"@context":"https:\/\/schema.org","@graph":[{"@type":"WebPage","@id":"https:\/\/cardinal-tapes.com\/pl\/ta\u015bmy-samoprzylepne\/jednostronne-tasmy-samoprzylepne\/chr2302-3r-uhmw-folia-poliolefinowa\/","url":"https:\/\/cardinal-tapes.com\/pl\/ta\u015bmy-samoprzylepne\/jednostronne-tasmy-samoprzylepne\/chr2302-3r-uhmw-folia-poliolefinowa\/","name":"CHR\u00ae2302-3R Folia poliolefinowa UHMW | Cardinal TAPES","isPartOf":{"@id":"https:\/\/cardinal-tapes.com\/#website"},"primaryImageOfPage":{"@id":"https:\/\/cardinal-tapes.com\/pl\/ta\u015bmy-samoprzylepne\/jednostronne-tasmy-samoprzylepne\/chr2302-3r-uhmw-folia-poliolefinowa\/#primaryimage"},"image":{"@id":"https:\/\/cardinal-tapes.com\/pl\/ta\u015bmy-samoprzylepne\/jednostronne-tasmy-samoprzylepne\/chr2302-3r-uhmw-folia-poliolefinowa\/#primaryimage"},"thumbnailUrl":"https:\/\/cardinal-tapes.com\/wp-content\/uploads\/CHR-2300-A_153024.png","datePublished":"2023-06-05T14:57:01+00:00","description":"CHR\u00ae 2302 jest wykonany z folii poliolefinowej UHMW (Ultra High Molecular Weight) pokrytej klejem akrylowym.","breadcrumb":{"@id":"https:\/\/cardinal-tapes.com\/pl\/ta\u015bmy-samoprzylepne\/jednostronne-tasmy-samoprzylepne\/chr2302-3r-uhmw-folia-poliolefinowa\/#breadcrumb"},"inLanguage":"pl-PL","potentialAction":[{"@type":"ReadAction","target":["https:\/\/cardinal-tapes.com\/pl\/ta\u015bmy-samoprzylepne\/jednostronne-tasmy-samoprzylepne\/chr2302-3r-uhmw-folia-poliolefinowa\/"]}]},{"@type":"ImageObject","inLanguage":"pl-PL","@id":"https:\/\/cardinal-tapes.com\/pl\/ta\u015bmy-samoprzylepne\/jednostronne-tasmy-samoprzylepne\/chr2302-3r-uhmw-folia-poliolefinowa\/#primaryimage","url":"https:\/\/cardinal-tapes.com\/wp-content\/uploads\/CHR-2300-A_153024.png","contentUrl":"https:\/\/cardinal-tapes.com\/wp-content\/uploads\/CHR-2300-A_153024.png","width":415,"height":415},{"@type":"BreadcrumbList","@id":"https:\/\/cardinal-tapes.com\/pl\/ta\u015bmy-samoprzylepne\/jednostronne-tasmy-samoprzylepne\/chr2302-3r-uhmw-folia-poliolefinowa\/#breadcrumb","itemListElement":[{"@type":"ListItem","position":1,"name":"Startseite","item":"https:\/\/cardinal-tapes.com\/pl\/strona-glowna\/"},{"@type":"ListItem","position":2,"name":"Ta\u015bmy samoprzylepne","item":"https:\/\/cardinal-tapes.com\/pl\/tasmy-samoprzylepne-pl\/"},{"@type":"ListItem","position":3,"name":"Jednostronne ta\u015bmy samoprzylepne","item":"https:\/\/cardinal-tapes.com\/pl\/kategoria\/jednostronne-tasmy-samoprzylepne\/"},{"@type":"ListItem","position":4,"name":"CHR\u00ae2302-3R Folia poliolefinowa UHMW"}]},{"@type":"WebSite","@id":"https:\/\/cardinal-tapes.com\/#website","url":"https:\/\/cardinal-tapes.com\/","name":"cardinal TAPES","description":"Klebetechnik aus Wuppertal","potentialAction":[{"@type":"SearchAction","target":{"@type":"EntryPoint","urlTemplate":"https:\/\/cardinal-tapes.com\/?s={search_term_string}"},"query-input":{"@type":"PropertyValueSpecification","valueRequired":true,"valueName":"search_term_string"}}],"inLanguage":"pl-PL"}]}},"brands":[{"id":4112,"name":"Saint-Gobain CHR Tape","slug":"saint-gobain-performance-plastics-chr-pl"},{"id":2400,"name":"Saint-Gobain Performance Plastics","slug":"saint-gobain-pl"}],"_links":{"self":[{"href":"https:\/\/cardinal-tapes.com\/pl\/wp-json\/wp\/v2\/product\/43194","targetHints":{"allow":["GET"]}}],"collection":[{"href":"https:\/\/cardinal-tapes.com\/pl\/wp-json\/wp\/v2\/product"}],"about":[{"href":"https:\/\/cardinal-tapes.com\/pl\/wp-json\/wp\/v2\/types\/product"}],"wp:featuredmedia":[{"embeddable":true,"href":"https:\/\/cardinal-tapes.com\/pl\/wp-json\/wp\/v2\/media\/28742"}],"wp:attachment":[{"href":"https:\/\/cardinal-tapes.com\/pl\/wp-json\/wp\/v2\/media?parent=43194"}],"wp:term":[{"taxonomy":"pwb-brand","embeddable":true,"href":"https:\/\/cardinal-tapes.com\/pl\/wp-json\/wp\/v2\/pwb-brand?post=43194"},{"taxonomy":"product_brand","embeddable":true,"href":"https:\/\/cardinal-tapes.com\/pl\/wp-json\/wp\/v2\/product_brand?post=43194"},{"taxonomy":"product_cat","embeddable":true,"href":"https:\/\/cardinal-tapes.com\/pl\/wp-json\/wp\/v2\/product_cat?post=43194"},{"taxonomy":"product_tag","embeddable":true,"href":"https:\/\/cardinal-tapes.com\/pl\/wp-json\/wp\/v2\/product_tag?post=43194"}],"curies":[{"name":"wp","href":"https:\/\/api.w.org\/{rel}","templated":true}]}}