{"id":42675,"date":"2020-11-25T14:59:11","date_gmt":"2023-06-05T14:56:46","guid":{"rendered":"https:\/\/cardinal.pixel-tal.de\/klebebaender\/bez-kategorii\/chr-2915-2916-tasma-z-wlokna-szklanego\/"},"modified":"2023-06-05T16:56:46","modified_gmt":"2023-06-05T14:56:46","slug":"chr-2915-2916-glasfasergewebeband","status":"publish","type":"product","link":"https:\/\/cardinal-tapes.com\/pl\/ta\u015bmy-samoprzylepne\/jednostronne-tasmy-samoprzylepne\/chr-2915-2916-glasfasergewebeband\/","title":{"rendered":"CHR\u00ae 2915 \/ 2916 Ta\u015bma z w\u0142\u00f3kna szklanego"},"content":{"rendered":"<div>CHR\u00ae 2915 i 2916 s\u0105 wykonane z \u017caroodpornej tkaniny z w\u0142\u00f3kna szklanego pokrytej klejem silikonowym, kt\u00f3ry jest odporny na bardzo wysokie temperatury robocze.<\/div>\n<div><\/div>\n<div><strong>Funkcje\/korzy\u015bci<\/strong><\/div>\n<div>\n<div>CHR\u00ae 2915 i 2916 to ta\u015bmy o wyj\u0105tkowo wysokiej odporno\u015bci na \u015bcieranie i maksymalnej odporno\u015bci na rozpuszczalniki. Masz<\/div>\n<div>Doskona\u0142a odporno\u015b\u0107 na ciep\u0142o i stabilno\u015b\u0107 termiczna. Mog\u0105 by\u0107 u\u017cywane w aplikacjach o ci\u0105g\u0142ej temperaturze do 260\u00b0C. Ze wzgl\u0119du na ich odporno\u015b\u0107 na \u015bcieranie<\/div>\n<div>ta\u015bmy s\u0105 wyj\u0105tkowo odporne. CHR\u00ae 2915-7 spe\u0142nia wymagania ameryka\u0144skiej specyfikacji rz\u0105dowej MIL-I-19166C.<\/div>\n<\/div>\n<div><\/div>\n<div>\n<div class=\"page\" data-page-number=\"1\" data-loaded=\"true\">\n<div class=\"textLayer\">\n<div><strong>Obszary zastosowania<\/strong><\/div>\n<div>CHR\u00ae 2915 i 2916 to bardzo wszechstronne ta\u015bmy. Zakres zastosowa\u0144 obejmuje og\u00f3lne zastosowania przemys\u0142owe<\/div>\n<div>elektryczne prace konserwacyjne, a\u017c po \u0142\u0105czenie na gor\u0105co i przewijanie. Niekt\u00f3re przyk\u0142ady konkretnych zastosowa\u0144 to przewijanie silnik\u00f3w elektrycznych, przewijanie ochronne<\/div>\n<div>do przewod\u00f3w i kabli oraz jako \u017caroodporna ta\u015bma maskuj\u0105ca do spawania stali nierdzewnej.<\/div>\n<div>CHR\u00ae 2915 i 2916 doskonale nadaj\u0105 si\u0119 r\u00f3wnie\u017c jako ta\u015bmy maskuj\u0105ce do natryskiwania plazmowego i p\u0142omieniowego.<\/div>\n<div class=\"endOfContent\"><\/div>\n<\/div>\n<\/div>\n<div class=\"page\" data-page-number=\"2\" data-loaded=\"true\">\n<div class=\"canvasWrapper\"><\/div>\n<div class=\"textLayer\"><\/div>\n<\/div>\n<\/div>\n","protected":false},"excerpt":{"rendered":"<p>CHR\u00ae 2915 i 2916 s\u0105 wykonane z \u017caroodpornej tkaniny z w\u0142\u00f3kna szklanego pokrytej klejem silikonowym, kt\u00f3ry jest odporny na bardzo wysokie temperatury robocze. Funkcje\/korzy\u015bci CHR\u00ae 2915 i 2916 to ta\u015bmy o wyj\u0105tkowo wysokiej odporno\u015bci na \u015bcieranie i maksymalnej odporno\u015bci na rozpuszczalniki. Masz Doskona\u0142a odporno\u015b\u0107 na ciep\u0142o i stabilno\u015b\u0107 termiczna. Mog\u0105 by\u0107 u\u017cywane w aplikacjach o [&hellip;]<\/p>\n","protected":false},"featured_media":28562,"template":"","meta":{"_acf_changed":false},"pwb-brand":[4112,2400],"product_brand":[],"product_cat":[1816],"product_tag":[],"class_list":{"0":"post-42675","1":"product","2":"type-product","3":"status-publish","4":"has-post-thumbnail","6":"pwb-brand-saint-gobain-performance-plastics-chr-pl","7":"pwb-brand-saint-gobain-pl","8":"product_cat-jednostronne-tasmy-samoprzylepne","10":"first","11":"instock","12":"taxable","13":"shipping-taxable","14":"product-type-variable"},"acf":[],"yoast_head":"<!-- This site is optimized with the Yoast SEO plugin v27.3 - https:\/\/yoast.com\/product\/yoast-seo-wordpress\/ -->\n<title>Ta\u015bma tkana z w\u0142\u00f3kna szklanego CHR\u00ae 2915 \/ 2916 | Cardinal TAPES<\/title>\n<meta name=\"description\" content=\"CHR\u00ae 2915 i 2916 to ta\u015bmy o wyj\u0105tkowo wysokiej odporno\u015bci na \u015bcieranie i maksymalnej odporno\u015bci na rozpuszczalniki. Maj\u0105 doskona\u0142\u0105 odporno\u015b\u0107 na ciep\u0142o i s\u0105 stabilne termicznie.\" \/>\n<meta name=\"robots\" content=\"index, follow, max-snippet:-1, max-image-preview:large, max-video-preview:-1\" \/>\n<link rel=\"canonical\" href=\"https:\/\/cardinal-tapes.com\/pl\/ta\u015bmy-samoprzylepne\/jednostronne-tasmy-samoprzylepne\/chr-2915-2916-glasfasergewebeband\/\" \/>\n<meta property=\"og:locale\" content=\"pl_PL\" \/>\n<meta property=\"og:type\" content=\"article\" \/>\n<meta property=\"og:title\" content=\"Ta\u015bma tkana z w\u0142\u00f3kna szklanego CHR\u00ae 2915 \/ 2916 | Cardinal TAPES\" \/>\n<meta property=\"og:description\" content=\"CHR\u00ae 2915 i 2916 to ta\u015bmy o wyj\u0105tkowo wysokiej odporno\u015bci na \u015bcieranie i maksymalnej odporno\u015bci na rozpuszczalniki. Maj\u0105 doskona\u0142\u0105 odporno\u015b\u0107 na ciep\u0142o i s\u0105 stabilne termicznie.\" \/>\n<meta property=\"og:url\" content=\"https:\/\/cardinal-tapes.com\/pl\/ta\u015bmy-samoprzylepne\/jednostronne-tasmy-samoprzylepne\/chr-2915-2916-glasfasergewebeband\/\" \/>\n<meta property=\"og:site_name\" content=\"cardinal TAPES\" \/>\n<meta property=\"og:image\" content=\"https:\/\/cardinal-tapes.com\/wp-content\/uploads\/CHR-Glass-Cloth-White-A_153043.png\" \/>\n\t<meta property=\"og:image:width\" content=\"415\" \/>\n\t<meta property=\"og:image:height\" content=\"415\" \/>\n\t<meta property=\"og:image:type\" content=\"image\/png\" \/>\n<meta name=\"twitter:card\" content=\"summary_large_image\" \/>\n<meta name=\"twitter:label1\" content=\"Szacowany czas czytania\" \/>\n\t<meta name=\"twitter:data1\" content=\"1 minuta\" \/>\n<script type=\"application\/ld+json\" class=\"yoast-schema-graph\">{\"@context\":\"https:\\\/\\\/schema.org\",\"@graph\":[{\"@type\":\"WebPage\",\"@id\":\"https:\\\/\\\/cardinal-tapes.com\\\/pl\\\/ta\u015bmy-samoprzylepne\\\/jednostronne-tasmy-samoprzylepne\\\/chr-2915-2916-glasfasergewebeband\\\/\",\"url\":\"https:\\\/\\\/cardinal-tapes.com\\\/pl\\\/ta\u015bmy-samoprzylepne\\\/jednostronne-tasmy-samoprzylepne\\\/chr-2915-2916-glasfasergewebeband\\\/\",\"name\":\"Ta\u015bma tkana z w\u0142\u00f3kna szklanego CHR\u00ae 2915 \\\/ 2916 | Cardinal TAPES\",\"isPartOf\":{\"@id\":\"https:\\\/\\\/cardinal-tapes.com\\\/#website\"},\"primaryImageOfPage\":{\"@id\":\"https:\\\/\\\/cardinal-tapes.com\\\/pl\\\/ta\u015bmy-samoprzylepne\\\/jednostronne-tasmy-samoprzylepne\\\/chr-2915-2916-glasfasergewebeband\\\/#primaryimage\"},\"image\":{\"@id\":\"https:\\\/\\\/cardinal-tapes.com\\\/pl\\\/ta\u015bmy-samoprzylepne\\\/jednostronne-tasmy-samoprzylepne\\\/chr-2915-2916-glasfasergewebeband\\\/#primaryimage\"},\"thumbnailUrl\":\"https:\\\/\\\/cardinal-tapes.com\\\/wp-content\\\/uploads\\\/CHR-Glass-Cloth-White-A_153043.png\",\"datePublished\":\"2023-06-05T14:56:46+00:00\",\"description\":\"CHR\u00ae 2915 i 2916 to ta\u015bmy o wyj\u0105tkowo wysokiej odporno\u015bci na \u015bcieranie i maksymalnej odporno\u015bci na rozpuszczalniki. Maj\u0105 doskona\u0142\u0105 odporno\u015b\u0107 na ciep\u0142o i s\u0105 stabilne termicznie.\",\"breadcrumb\":{\"@id\":\"https:\\\/\\\/cardinal-tapes.com\\\/pl\\\/ta\u015bmy-samoprzylepne\\\/jednostronne-tasmy-samoprzylepne\\\/chr-2915-2916-glasfasergewebeband\\\/#breadcrumb\"},\"inLanguage\":\"pl-PL\",\"potentialAction\":[{\"@type\":\"ReadAction\",\"target\":[\"https:\\\/\\\/cardinal-tapes.com\\\/pl\\\/ta\u015bmy-samoprzylepne\\\/jednostronne-tasmy-samoprzylepne\\\/chr-2915-2916-glasfasergewebeband\\\/\"]}]},{\"@type\":\"ImageObject\",\"inLanguage\":\"pl-PL\",\"@id\":\"https:\\\/\\\/cardinal-tapes.com\\\/pl\\\/ta\u015bmy-samoprzylepne\\\/jednostronne-tasmy-samoprzylepne\\\/chr-2915-2916-glasfasergewebeband\\\/#primaryimage\",\"url\":\"https:\\\/\\\/cardinal-tapes.com\\\/wp-content\\\/uploads\\\/CHR-Glass-Cloth-White-A_153043.png\",\"contentUrl\":\"https:\\\/\\\/cardinal-tapes.com\\\/wp-content\\\/uploads\\\/CHR-Glass-Cloth-White-A_153043.png\",\"width\":415,\"height\":415},{\"@type\":\"BreadcrumbList\",\"@id\":\"https:\\\/\\\/cardinal-tapes.com\\\/pl\\\/ta\u015bmy-samoprzylepne\\\/jednostronne-tasmy-samoprzylepne\\\/chr-2915-2916-glasfasergewebeband\\\/#breadcrumb\",\"itemListElement\":[{\"@type\":\"ListItem\",\"position\":1,\"name\":\"Startseite\",\"item\":\"https:\\\/\\\/cardinal-tapes.com\\\/pl\\\/strona-glowna\\\/\"},{\"@type\":\"ListItem\",\"position\":2,\"name\":\"Ta\u015bmy samoprzylepne\",\"item\":\"https:\\\/\\\/cardinal-tapes.com\\\/pl\\\/tasmy-samoprzylepne-pl\\\/\"},{\"@type\":\"ListItem\",\"position\":3,\"name\":\"Jednostronne ta\u015bmy samoprzylepne\",\"item\":\"https:\\\/\\\/cardinal-tapes.com\\\/pl\\\/kategoria\\\/jednostronne-tasmy-samoprzylepne\\\/\"},{\"@type\":\"ListItem\",\"position\":4,\"name\":\"CHR\u00ae 2915 \\\/ 2916 Ta\u015bma z w\u0142\u00f3kna szklanego\"}]},{\"@type\":\"WebSite\",\"@id\":\"https:\\\/\\\/cardinal-tapes.com\\\/#website\",\"url\":\"https:\\\/\\\/cardinal-tapes.com\\\/\",\"name\":\"cardinal TAPES\",\"description\":\"Klebetechnik aus Wuppertal\",\"potentialAction\":[{\"@type\":\"SearchAction\",\"target\":{\"@type\":\"EntryPoint\",\"urlTemplate\":\"https:\\\/\\\/cardinal-tapes.com\\\/?s={search_term_string}\"},\"query-input\":{\"@type\":\"PropertyValueSpecification\",\"valueRequired\":true,\"valueName\":\"search_term_string\"}}],\"inLanguage\":\"pl-PL\"}]}<\/script>\n<!-- \/ Yoast SEO plugin. -->","yoast_head_json":{"title":"Ta\u015bma tkana z w\u0142\u00f3kna szklanego CHR\u00ae 2915 \/ 2916 | Cardinal TAPES","description":"CHR\u00ae 2915 i 2916 to ta\u015bmy o wyj\u0105tkowo wysokiej odporno\u015bci na \u015bcieranie i maksymalnej odporno\u015bci na rozpuszczalniki. Maj\u0105 doskona\u0142\u0105 odporno\u015b\u0107 na ciep\u0142o i s\u0105 stabilne termicznie.","robots":{"index":"index","follow":"follow","max-snippet":"max-snippet:-1","max-image-preview":"max-image-preview:large","max-video-preview":"max-video-preview:-1"},"canonical":"https:\/\/cardinal-tapes.com\/pl\/ta\u015bmy-samoprzylepne\/jednostronne-tasmy-samoprzylepne\/chr-2915-2916-glasfasergewebeband\/","og_locale":"pl_PL","og_type":"article","og_title":"Ta\u015bma tkana z w\u0142\u00f3kna szklanego CHR\u00ae 2915 \/ 2916 | Cardinal TAPES","og_description":"CHR\u00ae 2915 i 2916 to ta\u015bmy o wyj\u0105tkowo wysokiej odporno\u015bci na \u015bcieranie i maksymalnej odporno\u015bci na rozpuszczalniki. Maj\u0105 doskona\u0142\u0105 odporno\u015b\u0107 na ciep\u0142o i s\u0105 stabilne termicznie.","og_url":"https:\/\/cardinal-tapes.com\/pl\/ta\u015bmy-samoprzylepne\/jednostronne-tasmy-samoprzylepne\/chr-2915-2916-glasfasergewebeband\/","og_site_name":"cardinal TAPES","og_image":[{"width":415,"height":415,"url":"https:\/\/cardinal-tapes.com\/wp-content\/uploads\/CHR-Glass-Cloth-White-A_153043.png","type":"image\/png"}],"twitter_card":"summary_large_image","twitter_misc":{"Szacowany czas czytania":"1 minuta"},"schema":{"@context":"https:\/\/schema.org","@graph":[{"@type":"WebPage","@id":"https:\/\/cardinal-tapes.com\/pl\/ta\u015bmy-samoprzylepne\/jednostronne-tasmy-samoprzylepne\/chr-2915-2916-glasfasergewebeband\/","url":"https:\/\/cardinal-tapes.com\/pl\/ta\u015bmy-samoprzylepne\/jednostronne-tasmy-samoprzylepne\/chr-2915-2916-glasfasergewebeband\/","name":"Ta\u015bma tkana z w\u0142\u00f3kna szklanego CHR\u00ae 2915 \/ 2916 | Cardinal TAPES","isPartOf":{"@id":"https:\/\/cardinal-tapes.com\/#website"},"primaryImageOfPage":{"@id":"https:\/\/cardinal-tapes.com\/pl\/ta\u015bmy-samoprzylepne\/jednostronne-tasmy-samoprzylepne\/chr-2915-2916-glasfasergewebeband\/#primaryimage"},"image":{"@id":"https:\/\/cardinal-tapes.com\/pl\/ta\u015bmy-samoprzylepne\/jednostronne-tasmy-samoprzylepne\/chr-2915-2916-glasfasergewebeband\/#primaryimage"},"thumbnailUrl":"https:\/\/cardinal-tapes.com\/wp-content\/uploads\/CHR-Glass-Cloth-White-A_153043.png","datePublished":"2023-06-05T14:56:46+00:00","description":"CHR\u00ae 2915 i 2916 to ta\u015bmy o wyj\u0105tkowo wysokiej odporno\u015bci na \u015bcieranie i maksymalnej odporno\u015bci na rozpuszczalniki. Maj\u0105 doskona\u0142\u0105 odporno\u015b\u0107 na ciep\u0142o i s\u0105 stabilne termicznie.","breadcrumb":{"@id":"https:\/\/cardinal-tapes.com\/pl\/ta\u015bmy-samoprzylepne\/jednostronne-tasmy-samoprzylepne\/chr-2915-2916-glasfasergewebeband\/#breadcrumb"},"inLanguage":"pl-PL","potentialAction":[{"@type":"ReadAction","target":["https:\/\/cardinal-tapes.com\/pl\/ta\u015bmy-samoprzylepne\/jednostronne-tasmy-samoprzylepne\/chr-2915-2916-glasfasergewebeband\/"]}]},{"@type":"ImageObject","inLanguage":"pl-PL","@id":"https:\/\/cardinal-tapes.com\/pl\/ta\u015bmy-samoprzylepne\/jednostronne-tasmy-samoprzylepne\/chr-2915-2916-glasfasergewebeband\/#primaryimage","url":"https:\/\/cardinal-tapes.com\/wp-content\/uploads\/CHR-Glass-Cloth-White-A_153043.png","contentUrl":"https:\/\/cardinal-tapes.com\/wp-content\/uploads\/CHR-Glass-Cloth-White-A_153043.png","width":415,"height":415},{"@type":"BreadcrumbList","@id":"https:\/\/cardinal-tapes.com\/pl\/ta\u015bmy-samoprzylepne\/jednostronne-tasmy-samoprzylepne\/chr-2915-2916-glasfasergewebeband\/#breadcrumb","itemListElement":[{"@type":"ListItem","position":1,"name":"Startseite","item":"https:\/\/cardinal-tapes.com\/pl\/strona-glowna\/"},{"@type":"ListItem","position":2,"name":"Ta\u015bmy samoprzylepne","item":"https:\/\/cardinal-tapes.com\/pl\/tasmy-samoprzylepne-pl\/"},{"@type":"ListItem","position":3,"name":"Jednostronne ta\u015bmy samoprzylepne","item":"https:\/\/cardinal-tapes.com\/pl\/kategoria\/jednostronne-tasmy-samoprzylepne\/"},{"@type":"ListItem","position":4,"name":"CHR\u00ae 2915 \/ 2916 Ta\u015bma z w\u0142\u00f3kna szklanego"}]},{"@type":"WebSite","@id":"https:\/\/cardinal-tapes.com\/#website","url":"https:\/\/cardinal-tapes.com\/","name":"cardinal TAPES","description":"Klebetechnik aus Wuppertal","potentialAction":[{"@type":"SearchAction","target":{"@type":"EntryPoint","urlTemplate":"https:\/\/cardinal-tapes.com\/?s={search_term_string}"},"query-input":{"@type":"PropertyValueSpecification","valueRequired":true,"valueName":"search_term_string"}}],"inLanguage":"pl-PL"}]}},"brands":[{"id":4112,"name":"Saint-Gobain CHR Tape","slug":"saint-gobain-performance-plastics-chr-pl"},{"id":2400,"name":"Saint-Gobain Performance Plastics","slug":"saint-gobain-pl"}],"_links":{"self":[{"href":"https:\/\/cardinal-tapes.com\/pl\/wp-json\/wp\/v2\/product\/42675","targetHints":{"allow":["GET"]}}],"collection":[{"href":"https:\/\/cardinal-tapes.com\/pl\/wp-json\/wp\/v2\/product"}],"about":[{"href":"https:\/\/cardinal-tapes.com\/pl\/wp-json\/wp\/v2\/types\/product"}],"wp:featuredmedia":[{"embeddable":true,"href":"https:\/\/cardinal-tapes.com\/pl\/wp-json\/wp\/v2\/media\/28562"}],"wp:attachment":[{"href":"https:\/\/cardinal-tapes.com\/pl\/wp-json\/wp\/v2\/media?parent=42675"}],"wp:term":[{"taxonomy":"pwb-brand","embeddable":true,"href":"https:\/\/cardinal-tapes.com\/pl\/wp-json\/wp\/v2\/pwb-brand?post=42675"},{"taxonomy":"product_brand","embeddable":true,"href":"https:\/\/cardinal-tapes.com\/pl\/wp-json\/wp\/v2\/product_brand?post=42675"},{"taxonomy":"product_cat","embeddable":true,"href":"https:\/\/cardinal-tapes.com\/pl\/wp-json\/wp\/v2\/product_cat?post=42675"},{"taxonomy":"product_tag","embeddable":true,"href":"https:\/\/cardinal-tapes.com\/pl\/wp-json\/wp\/v2\/product_tag?post=42675"}],"curies":[{"name":"wp","href":"https:\/\/api.w.org\/{rel}","templated":true}]}}