{"id":42669,"date":"2020-12-09T11:05:55","date_gmt":"2023-06-05T14:56:46","guid":{"rendered":"https:\/\/cardinal.pixel-tal.de\/klebebaender\/bez-kategorii\/dwustronna-akrylowa-tasma-piankowa-norbond-a7400\/"},"modified":"2025-07-02T13:27:34","modified_gmt":"2025-07-02T11:27:34","slug":"norbonda7400-dwustronna-akrylowa-pianka-tasma","status":"publish","type":"product","link":"https:\/\/cardinal-tapes.com\/pl\/ta\u015bmy-samoprzylepne\/tasmy-dwustronnie-klejace\/norbonda7400-dwustronna-akrylowa-pianka-tasma\/","title":{"rendered":"Dwustronna akrylowa ta\u015bma piankowa Norbond\u00ae A7400"},"content":{"rendered":"<div>Saint-Gobain\u00ae Norbond\u00ae A7400 Series to bia\u0142a, dwustronna ta\u015bma samoprzylepna z pianki akrylowej o doskona\u0142ych w\u0142a\u015bciwo\u015bciach przylegania lepkospr\u0119\u017cystego.<\/div>\n<div>Zapewnia idealn\u0105 przyczepno\u015b\u0107 w wielu zastosowaniach przemys\u0142owych wewn\u0105trz i na zewn\u0105trz, gdzie wymagany jest bia\u0142y wygl\u0105d. Seria A7400 to<\/div>\n<div>Zaprojektowany do trwa\u0142ego i bezpiecznego mocowania na pod\u0142o\u017cach o wysokiej energii powierzchniowej.<\/div>\n<div><\/div>\n<div>Seria A7400 z rdzeniem wiskoelastycznym zosta\u0142a zaprojektowana specjalnie z my\u015bl\u0105 o nast\u0119puj\u0105cych cechach:<\/div>\n<div><\/div>\n<div>&#8211; Doskona\u0142e dopasowanie do kszta\u0142tu i rozci\u0105gliwo\u015b\u0107<\/div>\n<div>&#8211; Odporno\u015b\u0107 na warunki atmosferyczne (promieniowanie UV i wysokie temperatury)<\/div>\n<div>&#8211; Pierwszorz\u0119dna si\u0142a trzymania (T-block) i dynamika<\/div>\n<div>Wytrzyma\u0142o\u015b\u0107 na \u015bcinanie<\/div>\n<div>&#8211; Doskona\u0142a statyczna wytrzyma\u0142o\u015b\u0107 na \u015bcinanie<\/div>\n<div>&#8211; Trwa\u0142e trzymanie w wysokich temperaturach<\/div>\n<div>&#8211; T\u0142umienie drga\u0144 i si\u0142 obci\u0105\u017cenia<\/div>\n","protected":false},"excerpt":{"rendered":"<p>Saint-Gobain\u00ae Norbond\u00ae A7400 Series to bia\u0142a, dwustronna ta\u015bma samoprzylepna z pianki akrylowej o doskona\u0142ych w\u0142a\u015bciwo\u015bciach przylegania lepkospr\u0119\u017cystego. Zapewnia idealn\u0105 przyczepno\u015b\u0107 w wielu zastosowaniach przemys\u0142owych wewn\u0105trz i na zewn\u0105trz, gdzie wymagany jest bia\u0142y wygl\u0105d. Seria A7400 to Zaprojektowany do trwa\u0142ego i bezpiecznego mocowania na pod\u0142o\u017cach o wysokiej energii powierzchniowej. Seria A7400 z rdzeniem wiskoelastycznym zosta\u0142a zaprojektowana [&hellip;]<\/p>\n","protected":false},"featured_media":28490,"template":"","meta":{"_acf_changed":false},"pwb-brand":[4267,2400],"product_brand":[],"product_cat":[1814],"product_tag":[],"class_list":{"0":"post-42669","1":"product","2":"type-product","3":"status-publish","4":"has-post-thumbnail","6":"pwb-brand-saint-gobain-performance-plastics-norbond-pl","7":"pwb-brand-saint-gobain-pl","8":"product_cat-tasmy-dwustronnie-klejace","10":"first","11":"instock","12":"taxable","13":"shipping-taxable","14":"product-type-variable"},"acf":[],"yoast_head":"<!-- This site is optimized with the Yoast SEO plugin v27.3 - https:\/\/yoast.com\/product\/yoast-seo-wordpress\/ -->\n<title>Akrylowa ta\u015bma piankowa Norbond\u00ae A7400 | Cardinal TAPES<\/title>\n<meta name=\"description\" content=\"Saint-Gobain\u00ae Norbond\u00ae z serii A7300 to szara, dwustronnie klej\u0105ca ta\u015bma z pianki akrylowej o wyj\u0105tkowych w\u0142a\u015bciwo\u015bciach lepkospr\u0119\u017cystych i klej\u0105cych, idealna do szerokiej gamy zastosowa\u0144 przemys\u0142owych zwi\u0105zanych z klejeniem wewn\u0105trz i na zewn\u0105trz budynk\u00f3w.\" \/>\n<meta name=\"robots\" content=\"index, follow, max-snippet:-1, max-image-preview:large, max-video-preview:-1\" \/>\n<link rel=\"canonical\" href=\"https:\/\/cardinal-tapes.com\/pl\/ta\u015bmy-samoprzylepne\/tasmy-dwustronnie-klejace\/norbonda7400-dwustronna-akrylowa-pianka-tasma\/\" \/>\n<meta property=\"og:locale\" content=\"pl_PL\" \/>\n<meta property=\"og:type\" content=\"article\" \/>\n<meta property=\"og:title\" content=\"Akrylowa ta\u015bma piankowa Norbond\u00ae A7400 | Cardinal TAPES\" \/>\n<meta property=\"og:description\" content=\"Saint-Gobain\u00ae Norbond\u00ae z serii A7300 to szara, dwustronnie klej\u0105ca ta\u015bma z pianki akrylowej o wyj\u0105tkowych w\u0142a\u015bciwo\u015bciach lepkospr\u0119\u017cystych i klej\u0105cych, idealna do szerokiej gamy zastosowa\u0144 przemys\u0142owych zwi\u0105zanych z klejeniem wewn\u0105trz i na zewn\u0105trz budynk\u00f3w.\" \/>\n<meta property=\"og:url\" content=\"https:\/\/cardinal-tapes.com\/pl\/ta\u015bmy-samoprzylepne\/tasmy-dwustronnie-klejace\/norbonda7400-dwustronna-akrylowa-pianka-tasma\/\" \/>\n<meta property=\"og:site_name\" content=\"cardinal TAPES\" \/>\n<meta property=\"article:modified_time\" content=\"2025-07-02T11:27:34+00:00\" \/>\n<meta property=\"og:image\" content=\"https:\/\/cardinal-tapes.com\/wp-content\/uploads\/Norbond-Acrylic-A7400-A_153090.png\" \/>\n\t<meta property=\"og:image:width\" content=\"415\" \/>\n\t<meta property=\"og:image:height\" content=\"415\" \/>\n\t<meta property=\"og:image:type\" content=\"image\/png\" \/>\n<meta name=\"twitter:card\" content=\"summary_large_image\" \/>\n<meta name=\"twitter:label1\" content=\"Szacowany czas czytania\" \/>\n\t<meta name=\"twitter:data1\" content=\"1 minuta\" \/>\n<script type=\"application\/ld+json\" class=\"yoast-schema-graph\">{\"@context\":\"https:\\\/\\\/schema.org\",\"@graph\":[{\"@type\":\"WebPage\",\"@id\":\"https:\\\/\\\/cardinal-tapes.com\\\/pl\\\/ta\u015bmy-samoprzylepne\\\/tasmy-dwustronnie-klejace\\\/norbonda7400-dwustronna-akrylowa-pianka-tasma\\\/\",\"url\":\"https:\\\/\\\/cardinal-tapes.com\\\/pl\\\/ta\u015bmy-samoprzylepne\\\/tasmy-dwustronnie-klejace\\\/norbonda7400-dwustronna-akrylowa-pianka-tasma\\\/\",\"name\":\"Akrylowa ta\u015bma piankowa Norbond\u00ae A7400 | Cardinal TAPES\",\"isPartOf\":{\"@id\":\"https:\\\/\\\/cardinal-tapes.com\\\/#website\"},\"primaryImageOfPage\":{\"@id\":\"https:\\\/\\\/cardinal-tapes.com\\\/pl\\\/ta\u015bmy-samoprzylepne\\\/tasmy-dwustronnie-klejace\\\/norbonda7400-dwustronna-akrylowa-pianka-tasma\\\/#primaryimage\"},\"image\":{\"@id\":\"https:\\\/\\\/cardinal-tapes.com\\\/pl\\\/ta\u015bmy-samoprzylepne\\\/tasmy-dwustronnie-klejace\\\/norbonda7400-dwustronna-akrylowa-pianka-tasma\\\/#primaryimage\"},\"thumbnailUrl\":\"https:\\\/\\\/cardinal-tapes.com\\\/wp-content\\\/uploads\\\/Norbond-Acrylic-A7400-A_153090.png\",\"datePublished\":\"2023-06-05T14:56:46+00:00\",\"dateModified\":\"2025-07-02T11:27:34+00:00\",\"description\":\"Saint-Gobain\u00ae Norbond\u00ae z serii A7300 to szara, dwustronnie klej\u0105ca ta\u015bma z pianki akrylowej o wyj\u0105tkowych w\u0142a\u015bciwo\u015bciach lepkospr\u0119\u017cystych i klej\u0105cych, idealna do szerokiej gamy zastosowa\u0144 przemys\u0142owych zwi\u0105zanych z klejeniem wewn\u0105trz i na zewn\u0105trz budynk\u00f3w.\",\"breadcrumb\":{\"@id\":\"https:\\\/\\\/cardinal-tapes.com\\\/pl\\\/ta\u015bmy-samoprzylepne\\\/tasmy-dwustronnie-klejace\\\/norbonda7400-dwustronna-akrylowa-pianka-tasma\\\/#breadcrumb\"},\"inLanguage\":\"pl-PL\",\"potentialAction\":[{\"@type\":\"ReadAction\",\"target\":[\"https:\\\/\\\/cardinal-tapes.com\\\/pl\\\/ta\u015bmy-samoprzylepne\\\/tasmy-dwustronnie-klejace\\\/norbonda7400-dwustronna-akrylowa-pianka-tasma\\\/\"]}]},{\"@type\":\"ImageObject\",\"inLanguage\":\"pl-PL\",\"@id\":\"https:\\\/\\\/cardinal-tapes.com\\\/pl\\\/ta\u015bmy-samoprzylepne\\\/tasmy-dwustronnie-klejace\\\/norbonda7400-dwustronna-akrylowa-pianka-tasma\\\/#primaryimage\",\"url\":\"https:\\\/\\\/cardinal-tapes.com\\\/wp-content\\\/uploads\\\/Norbond-Acrylic-A7400-A_153090.png\",\"contentUrl\":\"https:\\\/\\\/cardinal-tapes.com\\\/wp-content\\\/uploads\\\/Norbond-Acrylic-A7400-A_153090.png\",\"width\":415,\"height\":415},{\"@type\":\"BreadcrumbList\",\"@id\":\"https:\\\/\\\/cardinal-tapes.com\\\/pl\\\/ta\u015bmy-samoprzylepne\\\/tasmy-dwustronnie-klejace\\\/norbonda7400-dwustronna-akrylowa-pianka-tasma\\\/#breadcrumb\",\"itemListElement\":[{\"@type\":\"ListItem\",\"position\":1,\"name\":\"Startseite\",\"item\":\"https:\\\/\\\/cardinal-tapes.com\\\/pl\\\/strona-glowna\\\/\"},{\"@type\":\"ListItem\",\"position\":2,\"name\":\"Ta\u015bmy samoprzylepne\",\"item\":\"https:\\\/\\\/cardinal-tapes.com\\\/pl\\\/tasmy-samoprzylepne-pl\\\/\"},{\"@type\":\"ListItem\",\"position\":3,\"name\":\"Ta\u015bmy dwustronnie klej\u0105ce\",\"item\":\"https:\\\/\\\/cardinal-tapes.com\\\/pl\\\/kategoria\\\/tasmy-dwustronnie-klejace\\\/\"},{\"@type\":\"ListItem\",\"position\":4,\"name\":\"Dwustronna akrylowa ta\u015bma piankowa Norbond\u00ae A7400\"}]},{\"@type\":\"WebSite\",\"@id\":\"https:\\\/\\\/cardinal-tapes.com\\\/#website\",\"url\":\"https:\\\/\\\/cardinal-tapes.com\\\/\",\"name\":\"cardinal TAPES\",\"description\":\"Klebetechnik aus Wuppertal\",\"potentialAction\":[{\"@type\":\"SearchAction\",\"target\":{\"@type\":\"EntryPoint\",\"urlTemplate\":\"https:\\\/\\\/cardinal-tapes.com\\\/?s={search_term_string}\"},\"query-input\":{\"@type\":\"PropertyValueSpecification\",\"valueRequired\":true,\"valueName\":\"search_term_string\"}}],\"inLanguage\":\"pl-PL\"}]}<\/script>\n<!-- \/ Yoast SEO plugin. -->","yoast_head_json":{"title":"Akrylowa ta\u015bma piankowa Norbond\u00ae A7400 | Cardinal TAPES","description":"Saint-Gobain\u00ae Norbond\u00ae z serii A7300 to szara, dwustronnie klej\u0105ca ta\u015bma z pianki akrylowej o wyj\u0105tkowych w\u0142a\u015bciwo\u015bciach lepkospr\u0119\u017cystych i klej\u0105cych, idealna do szerokiej gamy zastosowa\u0144 przemys\u0142owych zwi\u0105zanych z klejeniem wewn\u0105trz i na zewn\u0105trz budynk\u00f3w.","robots":{"index":"index","follow":"follow","max-snippet":"max-snippet:-1","max-image-preview":"max-image-preview:large","max-video-preview":"max-video-preview:-1"},"canonical":"https:\/\/cardinal-tapes.com\/pl\/ta\u015bmy-samoprzylepne\/tasmy-dwustronnie-klejace\/norbonda7400-dwustronna-akrylowa-pianka-tasma\/","og_locale":"pl_PL","og_type":"article","og_title":"Akrylowa ta\u015bma piankowa Norbond\u00ae A7400 | Cardinal TAPES","og_description":"Saint-Gobain\u00ae Norbond\u00ae z serii A7300 to szara, dwustronnie klej\u0105ca ta\u015bma z pianki akrylowej o wyj\u0105tkowych w\u0142a\u015bciwo\u015bciach lepkospr\u0119\u017cystych i klej\u0105cych, idealna do szerokiej gamy zastosowa\u0144 przemys\u0142owych zwi\u0105zanych z klejeniem wewn\u0105trz i na zewn\u0105trz budynk\u00f3w.","og_url":"https:\/\/cardinal-tapes.com\/pl\/ta\u015bmy-samoprzylepne\/tasmy-dwustronnie-klejace\/norbonda7400-dwustronna-akrylowa-pianka-tasma\/","og_site_name":"cardinal TAPES","article_modified_time":"2025-07-02T11:27:34+00:00","og_image":[{"width":415,"height":415,"url":"https:\/\/cardinal-tapes.com\/wp-content\/uploads\/Norbond-Acrylic-A7400-A_153090.png","type":"image\/png"}],"twitter_card":"summary_large_image","twitter_misc":{"Szacowany czas czytania":"1 minuta"},"schema":{"@context":"https:\/\/schema.org","@graph":[{"@type":"WebPage","@id":"https:\/\/cardinal-tapes.com\/pl\/ta\u015bmy-samoprzylepne\/tasmy-dwustronnie-klejace\/norbonda7400-dwustronna-akrylowa-pianka-tasma\/","url":"https:\/\/cardinal-tapes.com\/pl\/ta\u015bmy-samoprzylepne\/tasmy-dwustronnie-klejace\/norbonda7400-dwustronna-akrylowa-pianka-tasma\/","name":"Akrylowa ta\u015bma piankowa Norbond\u00ae A7400 | Cardinal TAPES","isPartOf":{"@id":"https:\/\/cardinal-tapes.com\/#website"},"primaryImageOfPage":{"@id":"https:\/\/cardinal-tapes.com\/pl\/ta\u015bmy-samoprzylepne\/tasmy-dwustronnie-klejace\/norbonda7400-dwustronna-akrylowa-pianka-tasma\/#primaryimage"},"image":{"@id":"https:\/\/cardinal-tapes.com\/pl\/ta\u015bmy-samoprzylepne\/tasmy-dwustronnie-klejace\/norbonda7400-dwustronna-akrylowa-pianka-tasma\/#primaryimage"},"thumbnailUrl":"https:\/\/cardinal-tapes.com\/wp-content\/uploads\/Norbond-Acrylic-A7400-A_153090.png","datePublished":"2023-06-05T14:56:46+00:00","dateModified":"2025-07-02T11:27:34+00:00","description":"Saint-Gobain\u00ae Norbond\u00ae z serii A7300 to szara, dwustronnie klej\u0105ca ta\u015bma z pianki akrylowej o wyj\u0105tkowych w\u0142a\u015bciwo\u015bciach lepkospr\u0119\u017cystych i klej\u0105cych, idealna do szerokiej gamy zastosowa\u0144 przemys\u0142owych zwi\u0105zanych z klejeniem wewn\u0105trz i na zewn\u0105trz budynk\u00f3w.","breadcrumb":{"@id":"https:\/\/cardinal-tapes.com\/pl\/ta\u015bmy-samoprzylepne\/tasmy-dwustronnie-klejace\/norbonda7400-dwustronna-akrylowa-pianka-tasma\/#breadcrumb"},"inLanguage":"pl-PL","potentialAction":[{"@type":"ReadAction","target":["https:\/\/cardinal-tapes.com\/pl\/ta\u015bmy-samoprzylepne\/tasmy-dwustronnie-klejace\/norbonda7400-dwustronna-akrylowa-pianka-tasma\/"]}]},{"@type":"ImageObject","inLanguage":"pl-PL","@id":"https:\/\/cardinal-tapes.com\/pl\/ta\u015bmy-samoprzylepne\/tasmy-dwustronnie-klejace\/norbonda7400-dwustronna-akrylowa-pianka-tasma\/#primaryimage","url":"https:\/\/cardinal-tapes.com\/wp-content\/uploads\/Norbond-Acrylic-A7400-A_153090.png","contentUrl":"https:\/\/cardinal-tapes.com\/wp-content\/uploads\/Norbond-Acrylic-A7400-A_153090.png","width":415,"height":415},{"@type":"BreadcrumbList","@id":"https:\/\/cardinal-tapes.com\/pl\/ta\u015bmy-samoprzylepne\/tasmy-dwustronnie-klejace\/norbonda7400-dwustronna-akrylowa-pianka-tasma\/#breadcrumb","itemListElement":[{"@type":"ListItem","position":1,"name":"Startseite","item":"https:\/\/cardinal-tapes.com\/pl\/strona-glowna\/"},{"@type":"ListItem","position":2,"name":"Ta\u015bmy samoprzylepne","item":"https:\/\/cardinal-tapes.com\/pl\/tasmy-samoprzylepne-pl\/"},{"@type":"ListItem","position":3,"name":"Ta\u015bmy dwustronnie klej\u0105ce","item":"https:\/\/cardinal-tapes.com\/pl\/kategoria\/tasmy-dwustronnie-klejace\/"},{"@type":"ListItem","position":4,"name":"Dwustronna akrylowa ta\u015bma piankowa Norbond\u00ae A7400"}]},{"@type":"WebSite","@id":"https:\/\/cardinal-tapes.com\/#website","url":"https:\/\/cardinal-tapes.com\/","name":"cardinal TAPES","description":"Klebetechnik aus Wuppertal","potentialAction":[{"@type":"SearchAction","target":{"@type":"EntryPoint","urlTemplate":"https:\/\/cardinal-tapes.com\/?s={search_term_string}"},"query-input":{"@type":"PropertyValueSpecification","valueRequired":true,"valueName":"search_term_string"}}],"inLanguage":"pl-PL"}]}},"brands":[{"id":4267,"name":"Saint-Gobain Norbond","slug":"saint-gobain-performance-plastics-norbond-pl"},{"id":2400,"name":"Saint-Gobain Performance Plastics","slug":"saint-gobain-pl"}],"_links":{"self":[{"href":"https:\/\/cardinal-tapes.com\/pl\/wp-json\/wp\/v2\/product\/42669","targetHints":{"allow":["GET"]}}],"collection":[{"href":"https:\/\/cardinal-tapes.com\/pl\/wp-json\/wp\/v2\/product"}],"about":[{"href":"https:\/\/cardinal-tapes.com\/pl\/wp-json\/wp\/v2\/types\/product"}],"wp:featuredmedia":[{"embeddable":true,"href":"https:\/\/cardinal-tapes.com\/pl\/wp-json\/wp\/v2\/media\/28490"}],"wp:attachment":[{"href":"https:\/\/cardinal-tapes.com\/pl\/wp-json\/wp\/v2\/media?parent=42669"}],"wp:term":[{"taxonomy":"pwb-brand","embeddable":true,"href":"https:\/\/cardinal-tapes.com\/pl\/wp-json\/wp\/v2\/pwb-brand?post=42669"},{"taxonomy":"product_brand","embeddable":true,"href":"https:\/\/cardinal-tapes.com\/pl\/wp-json\/wp\/v2\/product_brand?post=42669"},{"taxonomy":"product_cat","embeddable":true,"href":"https:\/\/cardinal-tapes.com\/pl\/wp-json\/wp\/v2\/product_cat?post=42669"},{"taxonomy":"product_tag","embeddable":true,"href":"https:\/\/cardinal-tapes.com\/pl\/wp-json\/wp\/v2\/product_tag?post=42669"}],"curies":[{"name":"wp","href":"https:\/\/api.w.org\/{rel}","templated":true}]}}