{"id":42547,"date":"2020-12-14T15:10:41","date_gmt":"2023-06-05T14:56:45","guid":{"rendered":"https:\/\/cardinal.pixel-tal.de\/klebebaender\/bez-kategorii\/at159-wodoodporna-tasma-tkaninowa-o-matowej-powierzchni\/"},"modified":"2025-07-02T13:38:30","modified_gmt":"2025-07-02T11:38:30","slug":"at159-waterproof-fabric-tape-with-matte-surface","status":"publish","type":"product","link":"https:\/\/cardinal-tapes.com\/pl\/ta\u015bmy-samoprzylepne\/jednostronne-tasmy-samoprzylepne\/tasma-powlekana-pe\/at159-waterproof-fabric-tape-with-matte-surface\/","title":{"rendered":"AT159 wodoodporna ta\u015bma tkaninowa o matowej powierzchni"},"content":{"rendered":"<p>AT159 to mocna ta\u015bma z wyt\u0142aczanej matowej tkaniny polietylenowej pokryta agresywnym, wra\u017cliwym na nacisk, bezrozpuszczalnikowym klejem na bazie \u017cywicy kauczukowej. Ta\u015bma tkaninowa jest przeznaczona do zastosowa\u0144 wymagaj\u0105cych silnej przyczepno\u015bci i odporno\u015bci na \u015bcieranie.<\/p>\n<p>Ta matowa ta\u015bma tkaninowa nadaje si\u0119 do zastosowa\u0144 zewn\u0119trznych i oferuje wysok\u0105 odporno\u015b\u0107 na \u015bcieranie, wod\u0119 i niekorzystne warunki pogodowe. AT159 jest odporna na warunki atmosferyczne i doskonale przylega do g\u0142adkich i chropowatych powierzchni.<\/p>\n<p><strong>Zastosowania <\/strong><\/p>\n<ul>\n<li>Oprawa ksi\u0105\u017cek, grzbiet\u00f3w i ksi\u0105\u017ceczek czekowych<\/li>\n<li>Mocowanie szyb przednich po przyklejeniu do momentu wyschni\u0119cia kleju<\/li>\n<li>Oznaczenia obiekt\u00f3w sportowych (Mistrzostwa Melbourne w tenisie)<\/li>\n<li>Zabezpieczanie i wi\u0105zanie kabli.<\/li>\n<li>Zabezpieczanie opraw o\u015bwietleniowych i urz\u0105dze\u0144.<\/li>\n<li>Akcesorium i ochrona kolorowych parkiet\u00f3w<\/li>\n<li>Uszczelnianie b\u0119bn\u00f3w \u015bwiat\u0142owodowych<\/li>\n<\/ul>\n","protected":false},"excerpt":{"rendered":"<p>AT159 to mocna ta\u015bma z wyt\u0142aczanej matowej tkaniny polietylenowej pokryta agresywnym, wra\u017cliwym na nacisk, bezrozpuszczalnikowym klejem na bazie \u017cywicy kauczukowej. Ta\u015bma tkaninowa jest przeznaczona do zastosowa\u0144 wymagaj\u0105cych silnej przyczepno\u015bci i odporno\u015bci na \u015bcieranie. Ta matowa ta\u015bma tkaninowa nadaje si\u0119 do zastosowa\u0144 zewn\u0119trznych i oferuje wysok\u0105 odporno\u015b\u0107 na \u015bcieranie, wod\u0119 i niekorzystne warunki pogodowe. AT159 jest [&hellip;]<\/p>\n","protected":false},"featured_media":28614,"template":"","meta":{"_acf_changed":false},"pwb-brand":[2419],"product_brand":[],"product_cat":[1715,1717,1816,1818],"product_tag":[],"class_list":{"0":"post-42547","1":"product","2":"type-product","3":"status-publish","4":"has-post-thumbnail","6":"pwb-brand-advance-tapes-pl","7":"product_cat-tasma-klejaca-do-tkanin","8":"product_cat-tasma-powlekana-tworzywem-sztucznym","9":"product_cat-jednostronne-tasmy-samoprzylepne","10":"product_cat-tasma-powlekana-pe","12":"first","13":"instock","14":"taxable","15":"shipping-taxable","16":"purchasable","17":"product-type-variable"},"acf":[],"yoast_head":"<!-- This site is optimized with the Yoast SEO plugin v27.3 - https:\/\/yoast.com\/product\/yoast-seo-wordpress\/ -->\n<title>AT159 wodoodporna ta\u015bma tkaninowa o matowej powierzchni | Cardinal TAPES<\/title>\n<meta name=\"description\" content=\"AT159 to matowa ta\u015bma tkaninowa, kt\u00f3ra nadaje si\u0119 do zastosowa\u0144 zewn\u0119trznych i oferuje wysok\u0105 odporno\u015b\u0107 na \u015bcieranie, wod\u0119 i niekorzystne warunki pogodowe.\" \/>\n<meta name=\"robots\" content=\"index, follow, max-snippet:-1, max-image-preview:large, max-video-preview:-1\" \/>\n<link rel=\"canonical\" href=\"https:\/\/cardinal-tapes.com\/pl\/ta\u015bmy-samoprzylepne\/jednostronne-tasmy-samoprzylepne\/tasma-powlekana-pe\/at159-waterproof-fabric-tape-with-matte-surface\/\" \/>\n<meta property=\"og:locale\" content=\"pl_PL\" \/>\n<meta property=\"og:type\" content=\"article\" \/>\n<meta property=\"og:title\" content=\"AT159 wodoodporna ta\u015bma tkaninowa o matowej powierzchni | Cardinal TAPES\" \/>\n<meta property=\"og:description\" content=\"AT159 to matowa ta\u015bma tkaninowa, kt\u00f3ra nadaje si\u0119 do zastosowa\u0144 zewn\u0119trznych i oferuje wysok\u0105 odporno\u015b\u0107 na \u015bcieranie, wod\u0119 i niekorzystne warunki pogodowe.\" \/>\n<meta property=\"og:url\" content=\"https:\/\/cardinal-tapes.com\/pl\/ta\u015bmy-samoprzylepne\/jednostronne-tasmy-samoprzylepne\/tasma-powlekana-pe\/at159-waterproof-fabric-tape-with-matte-surface\/\" \/>\n<meta property=\"og:site_name\" content=\"cardinal TAPES\" \/>\n<meta property=\"article:modified_time\" content=\"2025-07-02T11:38:30+00:00\" \/>\n<meta property=\"og:image\" content=\"https:\/\/cardinal-tapes.com\/wp-content\/uploads\/Advance-Tapes_AT160_Group.jpg\" \/>\n\t<meta property=\"og:image:width\" content=\"600\" \/>\n\t<meta property=\"og:image:height\" content=\"600\" \/>\n\t<meta property=\"og:image:type\" content=\"image\/jpeg\" \/>\n<meta name=\"twitter:card\" content=\"summary_large_image\" \/>\n<meta name=\"twitter:label1\" content=\"Szacowany czas czytania\" \/>\n\t<meta name=\"twitter:data1\" content=\"1 minuta\" \/>\n<script type=\"application\/ld+json\" class=\"yoast-schema-graph\">{\"@context\":\"https:\\\/\\\/schema.org\",\"@graph\":[{\"@type\":\"WebPage\",\"@id\":\"https:\\\/\\\/cardinal-tapes.com\\\/pl\\\/ta\u015bmy-samoprzylepne\\\/jednostronne-tasmy-samoprzylepne\\\/tasma-powlekana-pe\\\/at159-waterproof-fabric-tape-with-matte-surface\\\/\",\"url\":\"https:\\\/\\\/cardinal-tapes.com\\\/pl\\\/ta\u015bmy-samoprzylepne\\\/jednostronne-tasmy-samoprzylepne\\\/tasma-powlekana-pe\\\/at159-waterproof-fabric-tape-with-matte-surface\\\/\",\"name\":\"AT159 wodoodporna ta\u015bma tkaninowa o matowej powierzchni | Cardinal TAPES\",\"isPartOf\":{\"@id\":\"https:\\\/\\\/cardinal-tapes.com\\\/#website\"},\"primaryImageOfPage\":{\"@id\":\"https:\\\/\\\/cardinal-tapes.com\\\/pl\\\/ta\u015bmy-samoprzylepne\\\/jednostronne-tasmy-samoprzylepne\\\/tasma-powlekana-pe\\\/at159-waterproof-fabric-tape-with-matte-surface\\\/#primaryimage\"},\"image\":{\"@id\":\"https:\\\/\\\/cardinal-tapes.com\\\/pl\\\/ta\u015bmy-samoprzylepne\\\/jednostronne-tasmy-samoprzylepne\\\/tasma-powlekana-pe\\\/at159-waterproof-fabric-tape-with-matte-surface\\\/#primaryimage\"},\"thumbnailUrl\":\"https:\\\/\\\/cardinal-tapes.com\\\/wp-content\\\/uploads\\\/Advance-Tapes_AT160_Group.jpg\",\"datePublished\":\"2023-06-05T14:56:45+00:00\",\"dateModified\":\"2025-07-02T11:38:30+00:00\",\"description\":\"AT159 to matowa ta\u015bma tkaninowa, kt\u00f3ra nadaje si\u0119 do zastosowa\u0144 zewn\u0119trznych i oferuje wysok\u0105 odporno\u015b\u0107 na \u015bcieranie, wod\u0119 i niekorzystne warunki pogodowe.\",\"breadcrumb\":{\"@id\":\"https:\\\/\\\/cardinal-tapes.com\\\/pl\\\/ta\u015bmy-samoprzylepne\\\/jednostronne-tasmy-samoprzylepne\\\/tasma-powlekana-pe\\\/at159-waterproof-fabric-tape-with-matte-surface\\\/#breadcrumb\"},\"inLanguage\":\"pl-PL\",\"potentialAction\":[{\"@type\":\"ReadAction\",\"target\":[\"https:\\\/\\\/cardinal-tapes.com\\\/pl\\\/ta\u015bmy-samoprzylepne\\\/jednostronne-tasmy-samoprzylepne\\\/tasma-powlekana-pe\\\/at159-waterproof-fabric-tape-with-matte-surface\\\/\"]}]},{\"@type\":\"ImageObject\",\"inLanguage\":\"pl-PL\",\"@id\":\"https:\\\/\\\/cardinal-tapes.com\\\/pl\\\/ta\u015bmy-samoprzylepne\\\/jednostronne-tasmy-samoprzylepne\\\/tasma-powlekana-pe\\\/at159-waterproof-fabric-tape-with-matte-surface\\\/#primaryimage\",\"url\":\"https:\\\/\\\/cardinal-tapes.com\\\/wp-content\\\/uploads\\\/Advance-Tapes_AT160_Group.jpg\",\"contentUrl\":\"https:\\\/\\\/cardinal-tapes.com\\\/wp-content\\\/uploads\\\/Advance-Tapes_AT160_Group.jpg\",\"width\":600,\"height\":600},{\"@type\":\"BreadcrumbList\",\"@id\":\"https:\\\/\\\/cardinal-tapes.com\\\/pl\\\/ta\u015bmy-samoprzylepne\\\/jednostronne-tasmy-samoprzylepne\\\/tasma-powlekana-pe\\\/at159-waterproof-fabric-tape-with-matte-surface\\\/#breadcrumb\",\"itemListElement\":[{\"@type\":\"ListItem\",\"position\":1,\"name\":\"Startseite\",\"item\":\"https:\\\/\\\/cardinal-tapes.com\\\/pl\\\/strona-glowna\\\/\"},{\"@type\":\"ListItem\",\"position\":2,\"name\":\"Ta\u015bmy samoprzylepne\",\"item\":\"https:\\\/\\\/cardinal-tapes.com\\\/pl\\\/tasmy-samoprzylepne-pl\\\/\"},{\"@type\":\"ListItem\",\"position\":3,\"name\":\"Einseitige Klebeb\u00e4nder\",\"item\":\"https:\\\/\\\/cardinal-tapes.com\\\/kategorie\\\/einseitige-klebebaender\\\/\"},{\"@type\":\"ListItem\",\"position\":4,\"name\":\"AT159 wodoodporna ta\u015bma tkaninowa o matowej powierzchni\"}]},{\"@type\":\"WebSite\",\"@id\":\"https:\\\/\\\/cardinal-tapes.com\\\/#website\",\"url\":\"https:\\\/\\\/cardinal-tapes.com\\\/\",\"name\":\"cardinal TAPES\",\"description\":\"Klebetechnik aus Wuppertal\",\"potentialAction\":[{\"@type\":\"SearchAction\",\"target\":{\"@type\":\"EntryPoint\",\"urlTemplate\":\"https:\\\/\\\/cardinal-tapes.com\\\/?s={search_term_string}\"},\"query-input\":{\"@type\":\"PropertyValueSpecification\",\"valueRequired\":true,\"valueName\":\"search_term_string\"}}],\"inLanguage\":\"pl-PL\"}]}<\/script>\n<!-- \/ Yoast SEO plugin. -->","yoast_head_json":{"title":"AT159 wodoodporna ta\u015bma tkaninowa o matowej powierzchni | Cardinal TAPES","description":"AT159 to matowa ta\u015bma tkaninowa, kt\u00f3ra nadaje si\u0119 do zastosowa\u0144 zewn\u0119trznych i oferuje wysok\u0105 odporno\u015b\u0107 na \u015bcieranie, wod\u0119 i niekorzystne warunki pogodowe.","robots":{"index":"index","follow":"follow","max-snippet":"max-snippet:-1","max-image-preview":"max-image-preview:large","max-video-preview":"max-video-preview:-1"},"canonical":"https:\/\/cardinal-tapes.com\/pl\/ta\u015bmy-samoprzylepne\/jednostronne-tasmy-samoprzylepne\/tasma-powlekana-pe\/at159-waterproof-fabric-tape-with-matte-surface\/","og_locale":"pl_PL","og_type":"article","og_title":"AT159 wodoodporna ta\u015bma tkaninowa o matowej powierzchni | Cardinal TAPES","og_description":"AT159 to matowa ta\u015bma tkaninowa, kt\u00f3ra nadaje si\u0119 do zastosowa\u0144 zewn\u0119trznych i oferuje wysok\u0105 odporno\u015b\u0107 na \u015bcieranie, wod\u0119 i niekorzystne warunki pogodowe.","og_url":"https:\/\/cardinal-tapes.com\/pl\/ta\u015bmy-samoprzylepne\/jednostronne-tasmy-samoprzylepne\/tasma-powlekana-pe\/at159-waterproof-fabric-tape-with-matte-surface\/","og_site_name":"cardinal TAPES","article_modified_time":"2025-07-02T11:38:30+00:00","og_image":[{"width":600,"height":600,"url":"https:\/\/cardinal-tapes.com\/wp-content\/uploads\/Advance-Tapes_AT160_Group.jpg","type":"image\/jpeg"}],"twitter_card":"summary_large_image","twitter_misc":{"Szacowany czas czytania":"1 minuta"},"schema":{"@context":"https:\/\/schema.org","@graph":[{"@type":"WebPage","@id":"https:\/\/cardinal-tapes.com\/pl\/ta\u015bmy-samoprzylepne\/jednostronne-tasmy-samoprzylepne\/tasma-powlekana-pe\/at159-waterproof-fabric-tape-with-matte-surface\/","url":"https:\/\/cardinal-tapes.com\/pl\/ta\u015bmy-samoprzylepne\/jednostronne-tasmy-samoprzylepne\/tasma-powlekana-pe\/at159-waterproof-fabric-tape-with-matte-surface\/","name":"AT159 wodoodporna ta\u015bma tkaninowa o matowej powierzchni | Cardinal TAPES","isPartOf":{"@id":"https:\/\/cardinal-tapes.com\/#website"},"primaryImageOfPage":{"@id":"https:\/\/cardinal-tapes.com\/pl\/ta\u015bmy-samoprzylepne\/jednostronne-tasmy-samoprzylepne\/tasma-powlekana-pe\/at159-waterproof-fabric-tape-with-matte-surface\/#primaryimage"},"image":{"@id":"https:\/\/cardinal-tapes.com\/pl\/ta\u015bmy-samoprzylepne\/jednostronne-tasmy-samoprzylepne\/tasma-powlekana-pe\/at159-waterproof-fabric-tape-with-matte-surface\/#primaryimage"},"thumbnailUrl":"https:\/\/cardinal-tapes.com\/wp-content\/uploads\/Advance-Tapes_AT160_Group.jpg","datePublished":"2023-06-05T14:56:45+00:00","dateModified":"2025-07-02T11:38:30+00:00","description":"AT159 to matowa ta\u015bma tkaninowa, kt\u00f3ra nadaje si\u0119 do zastosowa\u0144 zewn\u0119trznych i oferuje wysok\u0105 odporno\u015b\u0107 na \u015bcieranie, wod\u0119 i niekorzystne warunki pogodowe.","breadcrumb":{"@id":"https:\/\/cardinal-tapes.com\/pl\/ta\u015bmy-samoprzylepne\/jednostronne-tasmy-samoprzylepne\/tasma-powlekana-pe\/at159-waterproof-fabric-tape-with-matte-surface\/#breadcrumb"},"inLanguage":"pl-PL","potentialAction":[{"@type":"ReadAction","target":["https:\/\/cardinal-tapes.com\/pl\/ta\u015bmy-samoprzylepne\/jednostronne-tasmy-samoprzylepne\/tasma-powlekana-pe\/at159-waterproof-fabric-tape-with-matte-surface\/"]}]},{"@type":"ImageObject","inLanguage":"pl-PL","@id":"https:\/\/cardinal-tapes.com\/pl\/ta\u015bmy-samoprzylepne\/jednostronne-tasmy-samoprzylepne\/tasma-powlekana-pe\/at159-waterproof-fabric-tape-with-matte-surface\/#primaryimage","url":"https:\/\/cardinal-tapes.com\/wp-content\/uploads\/Advance-Tapes_AT160_Group.jpg","contentUrl":"https:\/\/cardinal-tapes.com\/wp-content\/uploads\/Advance-Tapes_AT160_Group.jpg","width":600,"height":600},{"@type":"BreadcrumbList","@id":"https:\/\/cardinal-tapes.com\/pl\/ta\u015bmy-samoprzylepne\/jednostronne-tasmy-samoprzylepne\/tasma-powlekana-pe\/at159-waterproof-fabric-tape-with-matte-surface\/#breadcrumb","itemListElement":[{"@type":"ListItem","position":1,"name":"Startseite","item":"https:\/\/cardinal-tapes.com\/pl\/strona-glowna\/"},{"@type":"ListItem","position":2,"name":"Ta\u015bmy samoprzylepne","item":"https:\/\/cardinal-tapes.com\/pl\/tasmy-samoprzylepne-pl\/"},{"@type":"ListItem","position":3,"name":"Einseitige Klebeb\u00e4nder","item":"https:\/\/cardinal-tapes.com\/kategorie\/einseitige-klebebaender\/"},{"@type":"ListItem","position":4,"name":"AT159 wodoodporna ta\u015bma tkaninowa o matowej powierzchni"}]},{"@type":"WebSite","@id":"https:\/\/cardinal-tapes.com\/#website","url":"https:\/\/cardinal-tapes.com\/","name":"cardinal TAPES","description":"Klebetechnik aus Wuppertal","potentialAction":[{"@type":"SearchAction","target":{"@type":"EntryPoint","urlTemplate":"https:\/\/cardinal-tapes.com\/?s={search_term_string}"},"query-input":{"@type":"PropertyValueSpecification","valueRequired":true,"valueName":"search_term_string"}}],"inLanguage":"pl-PL"}]}},"brands":[{"id":2419,"name":"Advance Tapes","slug":"advance-tapes-pl"}],"_links":{"self":[{"href":"https:\/\/cardinal-tapes.com\/pl\/wp-json\/wp\/v2\/product\/42547","targetHints":{"allow":["GET"]}}],"collection":[{"href":"https:\/\/cardinal-tapes.com\/pl\/wp-json\/wp\/v2\/product"}],"about":[{"href":"https:\/\/cardinal-tapes.com\/pl\/wp-json\/wp\/v2\/types\/product"}],"wp:featuredmedia":[{"embeddable":true,"href":"https:\/\/cardinal-tapes.com\/pl\/wp-json\/wp\/v2\/media\/28614"}],"wp:attachment":[{"href":"https:\/\/cardinal-tapes.com\/pl\/wp-json\/wp\/v2\/media?parent=42547"}],"wp:term":[{"taxonomy":"pwb-brand","embeddable":true,"href":"https:\/\/cardinal-tapes.com\/pl\/wp-json\/wp\/v2\/pwb-brand?post=42547"},{"taxonomy":"product_brand","embeddable":true,"href":"https:\/\/cardinal-tapes.com\/pl\/wp-json\/wp\/v2\/product_brand?post=42547"},{"taxonomy":"product_cat","embeddable":true,"href":"https:\/\/cardinal-tapes.com\/pl\/wp-json\/wp\/v2\/product_cat?post=42547"},{"taxonomy":"product_tag","embeddable":true,"href":"https:\/\/cardinal-tapes.com\/pl\/wp-json\/wp\/v2\/product_tag?post=42547"}],"curies":[{"name":"wp","href":"https:\/\/api.w.org\/{rel}","templated":true}]}}