{"id":42030,"date":"2021-02-03T08:53:08","date_gmt":"2023-06-05T14:56:29","guid":{"rendered":"https:\/\/cardinal.pixel-tal.de\/klebebaender\/bez-kategorii\/chr-sgk5-05-tasma-para-aramidowa-do-wiazek-kablowych\/"},"modified":"2025-07-02T13:46:57","modified_gmt":"2025-07-02T11:46:57","slug":"chr-sgk5-05-para-aramid-tape-for-cable-strands","status":"publish","type":"product","link":"https:\/\/cardinal-tapes.com\/pl\/ta\u015bmy-samoprzylepne\/jednostronne-tasmy-samoprzylepne\/chr-sgk5-05-para-aramid-tape-for-cable-strands\/","title":{"rendered":"CHR\u00ae SGK5-05 Ta\u015bma para-aramidowa do wi\u0105zek kablowych"},"content":{"rendered":"<div class=\"page\" title=\"Strona 1\">\n<div class=\"section\">\n<div class=\"layoutArea\">\n<div class=\"column\">\n<p>CHR SGK5-05 jest wykonany z wysokowytrzyma\u0142ej tkaniny para-aramidowej (fenylenotereftalamid) impregnowanej dyspersj\u0105 antystatycznego PTFE (politetrafluoroetylenu). Klej silikonowy odporny na bardzo wysokie temperatury jest nast\u0119pnie nak\u0142adany na jedn\u0105 stron\u0119 wysokowydajnej tkaniny powlekanej. Czarna pigmentacja zapewnia w\u0142a\u015bciwo\u015bci antystatyczne i ochron\u0119 przed szkodliwym promieniowaniem UV, na kt\u00f3re podatne s\u0105 tkaniny z w\u0142\u00f3kien para-aramidowych. Rezystancja w\u0142a\u015bciwa tej wersji wynosi poni\u017cej 106 Ohm\/kwadrat.<\/p>\n<\/div>\n<\/div>\n<\/div>\n<\/div>\n<div class=\"page\" title=\"Strona 1\">\n<div class=\"section\">\n<div class=\"layoutArea\">\n<div class=\"column\">\n<p><strong>Funkcje \/ korzy\u015bci<\/strong><\/p>\n<p>Tkanina z w\u0142\u00f3kien para-aramidowych pokryta antystatycznym materia\u0142em PTFE zapewnia wytrzyma\u0142o\u015b\u0107, elastyczno\u015b\u0107, po\u015blizg, odporno\u015b\u0107 chemiczn\u0105 i stabilizacj\u0119 UV w zastosowaniach w trudnych warunkach, w kt\u00f3rych ochrona przed \u015bcieraniem konwencjonalnych owijek do wi\u0105zek kablowych wykonanych z tkaniny z w\u0142\u00f3kna szklanego zwykle szybko si\u0119 zu\u017cywa. Niski wsp\u00f3\u0142czynnik tarcia PTFE jest kolejnym plusem podczas owijania wi\u0105zek kablowych, poniewa\u017c zapewnia &#8220;po\u015blizg&#8221;. W tym celu PTFE zwi\u0119ksza odporno\u015b\u0107 na temperatur\u0119 niepowlekanej tkaniny para-aramidowej (fenylenotereftalamid).<\/p>\n<\/div>\n<\/div>\n<\/div>\n<\/div>\n<div class=\"page\" title=\"Strona 1\">\n<div class=\"section\">\n<div class=\"layoutArea\">\n<div class=\"column\">\n<p><strong>Obszary zastosowa\u0144<\/strong><\/p>\n<p>CHR SGK5-05 to szczeg\u00f3lnie odporny na \u015bcieranie materia\u0142, kt\u00f3ry jest u\u017cywany do owijania kabli w wysokich temperaturach, gdzie odporno\u015b\u0107 chemiczna i niski wsp\u00f3\u0142czynnik tarcia konwencjonalnej tkaniny z w\u0142\u00f3kna szklanego nie s\u0105 wystarczaj\u0105ce.<\/p>\n<\/div>\n<\/div>\n<\/div>\n<\/div>\n","protected":false},"excerpt":{"rendered":"<p>CHR SGK5-05 jest wykonany z wysokowytrzyma\u0142ej tkaniny para-aramidowej (fenylenotereftalamid) impregnowanej dyspersj\u0105 antystatycznego PTFE (politetrafluoroetylenu). Klej silikonowy odporny na bardzo wysokie temperatury jest nast\u0119pnie nak\u0142adany na jedn\u0105 stron\u0119 wysokowydajnej tkaniny powlekanej. Czarna pigmentacja zapewnia w\u0142a\u015bciwo\u015bci antystatyczne i ochron\u0119 przed szkodliwym promieniowaniem UV, na kt\u00f3re podatne s\u0105 tkaniny z w\u0142\u00f3kien para-aramidowych. Rezystancja w\u0142a\u015bciwa tej wersji wynosi poni\u017cej [&hellip;]<\/p>\n","protected":false},"featured_media":28534,"template":"","meta":{"_acf_changed":false},"pwb-brand":[4112,2400],"product_brand":[],"product_cat":[1816],"product_tag":[],"class_list":{"0":"post-42030","1":"product","2":"type-product","3":"status-publish","4":"has-post-thumbnail","6":"pwb-brand-saint-gobain-performance-plastics-chr-pl","7":"pwb-brand-saint-gobain-pl","8":"product_cat-jednostronne-tasmy-samoprzylepne","10":"first","11":"instock","12":"taxable","13":"shipping-taxable","14":"product-type-variable"},"acf":[],"yoast_head":"<!-- This site is optimized with the Yoast SEO plugin v27.3 - https:\/\/yoast.com\/product\/yoast-seo-wordpress\/ -->\n<title>CHR\u00ae SGK5-05 Ta\u015bma para-aramidowa do wi\u0105zek kablowych | Cardinal TAPES<\/title>\n<meta name=\"description\" content=\"CHR SGK5-05 jest wykonany z wysokowytrzyma\u0142ej tkaniny para-aramidowej (fenylenotereftalamid) impregnowanej dyspersj\u0105 antystatycznego PTFE (politetrafluoroetylenu).\" \/>\n<meta name=\"robots\" content=\"index, follow, max-snippet:-1, max-image-preview:large, max-video-preview:-1\" \/>\n<link rel=\"canonical\" href=\"https:\/\/cardinal-tapes.com\/pl\/ta\u015bmy-samoprzylepne\/jednostronne-tasmy-samoprzylepne\/chr-sgk5-05-para-aramid-tape-for-cable-strands\/\" \/>\n<meta property=\"og:locale\" content=\"pl_PL\" \/>\n<meta property=\"og:type\" content=\"article\" \/>\n<meta property=\"og:title\" content=\"CHR\u00ae SGK5-05 Ta\u015bma para-aramidowa do wi\u0105zek kablowych | Cardinal TAPES\" \/>\n<meta property=\"og:description\" content=\"CHR SGK5-05 jest wykonany z wysokowytrzyma\u0142ej tkaniny para-aramidowej (fenylenotereftalamid) impregnowanej dyspersj\u0105 antystatycznego PTFE (politetrafluoroetylenu).\" \/>\n<meta property=\"og:url\" content=\"https:\/\/cardinal-tapes.com\/pl\/ta\u015bmy-samoprzylepne\/jednostronne-tasmy-samoprzylepne\/chr-sgk5-05-para-aramid-tape-for-cable-strands\/\" \/>\n<meta property=\"og:site_name\" content=\"cardinal TAPES\" \/>\n<meta property=\"article:modified_time\" content=\"2025-07-02T11:46:57+00:00\" \/>\n<meta property=\"og:image\" content=\"https:\/\/cardinal-tapes.com\/wp-content\/uploads\/CHR-SGK5-05-A_153081.png\" \/>\n\t<meta property=\"og:image:width\" content=\"415\" \/>\n\t<meta property=\"og:image:height\" content=\"415\" \/>\n\t<meta property=\"og:image:type\" content=\"image\/png\" \/>\n<meta name=\"twitter:card\" content=\"summary_large_image\" \/>\n<meta name=\"twitter:label1\" content=\"Szacowany czas czytania\" \/>\n\t<meta name=\"twitter:data1\" content=\"1 minuta\" \/>\n<script type=\"application\/ld+json\" class=\"yoast-schema-graph\">{\"@context\":\"https:\\\/\\\/schema.org\",\"@graph\":[{\"@type\":\"WebPage\",\"@id\":\"https:\\\/\\\/cardinal-tapes.com\\\/pl\\\/ta\u015bmy-samoprzylepne\\\/jednostronne-tasmy-samoprzylepne\\\/chr-sgk5-05-para-aramid-tape-for-cable-strands\\\/\",\"url\":\"https:\\\/\\\/cardinal-tapes.com\\\/pl\\\/ta\u015bmy-samoprzylepne\\\/jednostronne-tasmy-samoprzylepne\\\/chr-sgk5-05-para-aramid-tape-for-cable-strands\\\/\",\"name\":\"CHR\u00ae SGK5-05 Ta\u015bma para-aramidowa do wi\u0105zek kablowych | Cardinal TAPES\",\"isPartOf\":{\"@id\":\"https:\\\/\\\/cardinal-tapes.com\\\/#website\"},\"primaryImageOfPage\":{\"@id\":\"https:\\\/\\\/cardinal-tapes.com\\\/pl\\\/ta\u015bmy-samoprzylepne\\\/jednostronne-tasmy-samoprzylepne\\\/chr-sgk5-05-para-aramid-tape-for-cable-strands\\\/#primaryimage\"},\"image\":{\"@id\":\"https:\\\/\\\/cardinal-tapes.com\\\/pl\\\/ta\u015bmy-samoprzylepne\\\/jednostronne-tasmy-samoprzylepne\\\/chr-sgk5-05-para-aramid-tape-for-cable-strands\\\/#primaryimage\"},\"thumbnailUrl\":\"https:\\\/\\\/cardinal-tapes.com\\\/wp-content\\\/uploads\\\/CHR-SGK5-05-A_153081.png\",\"datePublished\":\"2023-06-05T14:56:29+00:00\",\"dateModified\":\"2025-07-02T11:46:57+00:00\",\"description\":\"CHR SGK5-05 jest wykonany z wysokowytrzyma\u0142ej tkaniny para-aramidowej (fenylenotereftalamid) impregnowanej dyspersj\u0105 antystatycznego PTFE (politetrafluoroetylenu).\",\"breadcrumb\":{\"@id\":\"https:\\\/\\\/cardinal-tapes.com\\\/pl\\\/ta\u015bmy-samoprzylepne\\\/jednostronne-tasmy-samoprzylepne\\\/chr-sgk5-05-para-aramid-tape-for-cable-strands\\\/#breadcrumb\"},\"inLanguage\":\"pl-PL\",\"potentialAction\":[{\"@type\":\"ReadAction\",\"target\":[\"https:\\\/\\\/cardinal-tapes.com\\\/pl\\\/ta\u015bmy-samoprzylepne\\\/jednostronne-tasmy-samoprzylepne\\\/chr-sgk5-05-para-aramid-tape-for-cable-strands\\\/\"]}]},{\"@type\":\"ImageObject\",\"inLanguage\":\"pl-PL\",\"@id\":\"https:\\\/\\\/cardinal-tapes.com\\\/pl\\\/ta\u015bmy-samoprzylepne\\\/jednostronne-tasmy-samoprzylepne\\\/chr-sgk5-05-para-aramid-tape-for-cable-strands\\\/#primaryimage\",\"url\":\"https:\\\/\\\/cardinal-tapes.com\\\/wp-content\\\/uploads\\\/CHR-SGK5-05-A_153081.png\",\"contentUrl\":\"https:\\\/\\\/cardinal-tapes.com\\\/wp-content\\\/uploads\\\/CHR-SGK5-05-A_153081.png\",\"width\":415,\"height\":415},{\"@type\":\"BreadcrumbList\",\"@id\":\"https:\\\/\\\/cardinal-tapes.com\\\/pl\\\/ta\u015bmy-samoprzylepne\\\/jednostronne-tasmy-samoprzylepne\\\/chr-sgk5-05-para-aramid-tape-for-cable-strands\\\/#breadcrumb\",\"itemListElement\":[{\"@type\":\"ListItem\",\"position\":1,\"name\":\"Startseite\",\"item\":\"https:\\\/\\\/cardinal-tapes.com\\\/pl\\\/strona-glowna\\\/\"},{\"@type\":\"ListItem\",\"position\":2,\"name\":\"Ta\u015bmy samoprzylepne\",\"item\":\"https:\\\/\\\/cardinal-tapes.com\\\/pl\\\/tasmy-samoprzylepne-pl\\\/\"},{\"@type\":\"ListItem\",\"position\":3,\"name\":\"Jednostronne ta\u015bmy samoprzylepne\",\"item\":\"https:\\\/\\\/cardinal-tapes.com\\\/pl\\\/kategoria\\\/jednostronne-tasmy-samoprzylepne\\\/\"},{\"@type\":\"ListItem\",\"position\":4,\"name\":\"CHR\u00ae SGK5-05 Ta\u015bma para-aramidowa do wi\u0105zek kablowych\"}]},{\"@type\":\"WebSite\",\"@id\":\"https:\\\/\\\/cardinal-tapes.com\\\/#website\",\"url\":\"https:\\\/\\\/cardinal-tapes.com\\\/\",\"name\":\"cardinal TAPES\",\"description\":\"Klebetechnik aus Wuppertal\",\"potentialAction\":[{\"@type\":\"SearchAction\",\"target\":{\"@type\":\"EntryPoint\",\"urlTemplate\":\"https:\\\/\\\/cardinal-tapes.com\\\/?s={search_term_string}\"},\"query-input\":{\"@type\":\"PropertyValueSpecification\",\"valueRequired\":true,\"valueName\":\"search_term_string\"}}],\"inLanguage\":\"pl-PL\"}]}<\/script>\n<!-- \/ Yoast SEO plugin. -->","yoast_head_json":{"title":"CHR\u00ae SGK5-05 Ta\u015bma para-aramidowa do wi\u0105zek kablowych | Cardinal TAPES","description":"CHR SGK5-05 jest wykonany z wysokowytrzyma\u0142ej tkaniny para-aramidowej (fenylenotereftalamid) impregnowanej dyspersj\u0105 antystatycznego PTFE (politetrafluoroetylenu).","robots":{"index":"index","follow":"follow","max-snippet":"max-snippet:-1","max-image-preview":"max-image-preview:large","max-video-preview":"max-video-preview:-1"},"canonical":"https:\/\/cardinal-tapes.com\/pl\/ta\u015bmy-samoprzylepne\/jednostronne-tasmy-samoprzylepne\/chr-sgk5-05-para-aramid-tape-for-cable-strands\/","og_locale":"pl_PL","og_type":"article","og_title":"CHR\u00ae SGK5-05 Ta\u015bma para-aramidowa do wi\u0105zek kablowych | Cardinal TAPES","og_description":"CHR SGK5-05 jest wykonany z wysokowytrzyma\u0142ej tkaniny para-aramidowej (fenylenotereftalamid) impregnowanej dyspersj\u0105 antystatycznego PTFE (politetrafluoroetylenu).","og_url":"https:\/\/cardinal-tapes.com\/pl\/ta\u015bmy-samoprzylepne\/jednostronne-tasmy-samoprzylepne\/chr-sgk5-05-para-aramid-tape-for-cable-strands\/","og_site_name":"cardinal TAPES","article_modified_time":"2025-07-02T11:46:57+00:00","og_image":[{"width":415,"height":415,"url":"https:\/\/cardinal-tapes.com\/wp-content\/uploads\/CHR-SGK5-05-A_153081.png","type":"image\/png"}],"twitter_card":"summary_large_image","twitter_misc":{"Szacowany czas czytania":"1 minuta"},"schema":{"@context":"https:\/\/schema.org","@graph":[{"@type":"WebPage","@id":"https:\/\/cardinal-tapes.com\/pl\/ta\u015bmy-samoprzylepne\/jednostronne-tasmy-samoprzylepne\/chr-sgk5-05-para-aramid-tape-for-cable-strands\/","url":"https:\/\/cardinal-tapes.com\/pl\/ta\u015bmy-samoprzylepne\/jednostronne-tasmy-samoprzylepne\/chr-sgk5-05-para-aramid-tape-for-cable-strands\/","name":"CHR\u00ae SGK5-05 Ta\u015bma para-aramidowa do wi\u0105zek kablowych | Cardinal TAPES","isPartOf":{"@id":"https:\/\/cardinal-tapes.com\/#website"},"primaryImageOfPage":{"@id":"https:\/\/cardinal-tapes.com\/pl\/ta\u015bmy-samoprzylepne\/jednostronne-tasmy-samoprzylepne\/chr-sgk5-05-para-aramid-tape-for-cable-strands\/#primaryimage"},"image":{"@id":"https:\/\/cardinal-tapes.com\/pl\/ta\u015bmy-samoprzylepne\/jednostronne-tasmy-samoprzylepne\/chr-sgk5-05-para-aramid-tape-for-cable-strands\/#primaryimage"},"thumbnailUrl":"https:\/\/cardinal-tapes.com\/wp-content\/uploads\/CHR-SGK5-05-A_153081.png","datePublished":"2023-06-05T14:56:29+00:00","dateModified":"2025-07-02T11:46:57+00:00","description":"CHR SGK5-05 jest wykonany z wysokowytrzyma\u0142ej tkaniny para-aramidowej (fenylenotereftalamid) impregnowanej dyspersj\u0105 antystatycznego PTFE (politetrafluoroetylenu).","breadcrumb":{"@id":"https:\/\/cardinal-tapes.com\/pl\/ta\u015bmy-samoprzylepne\/jednostronne-tasmy-samoprzylepne\/chr-sgk5-05-para-aramid-tape-for-cable-strands\/#breadcrumb"},"inLanguage":"pl-PL","potentialAction":[{"@type":"ReadAction","target":["https:\/\/cardinal-tapes.com\/pl\/ta\u015bmy-samoprzylepne\/jednostronne-tasmy-samoprzylepne\/chr-sgk5-05-para-aramid-tape-for-cable-strands\/"]}]},{"@type":"ImageObject","inLanguage":"pl-PL","@id":"https:\/\/cardinal-tapes.com\/pl\/ta\u015bmy-samoprzylepne\/jednostronne-tasmy-samoprzylepne\/chr-sgk5-05-para-aramid-tape-for-cable-strands\/#primaryimage","url":"https:\/\/cardinal-tapes.com\/wp-content\/uploads\/CHR-SGK5-05-A_153081.png","contentUrl":"https:\/\/cardinal-tapes.com\/wp-content\/uploads\/CHR-SGK5-05-A_153081.png","width":415,"height":415},{"@type":"BreadcrumbList","@id":"https:\/\/cardinal-tapes.com\/pl\/ta\u015bmy-samoprzylepne\/jednostronne-tasmy-samoprzylepne\/chr-sgk5-05-para-aramid-tape-for-cable-strands\/#breadcrumb","itemListElement":[{"@type":"ListItem","position":1,"name":"Startseite","item":"https:\/\/cardinal-tapes.com\/pl\/strona-glowna\/"},{"@type":"ListItem","position":2,"name":"Ta\u015bmy samoprzylepne","item":"https:\/\/cardinal-tapes.com\/pl\/tasmy-samoprzylepne-pl\/"},{"@type":"ListItem","position":3,"name":"Jednostronne ta\u015bmy samoprzylepne","item":"https:\/\/cardinal-tapes.com\/pl\/kategoria\/jednostronne-tasmy-samoprzylepne\/"},{"@type":"ListItem","position":4,"name":"CHR\u00ae SGK5-05 Ta\u015bma para-aramidowa do wi\u0105zek kablowych"}]},{"@type":"WebSite","@id":"https:\/\/cardinal-tapes.com\/#website","url":"https:\/\/cardinal-tapes.com\/","name":"cardinal TAPES","description":"Klebetechnik aus Wuppertal","potentialAction":[{"@type":"SearchAction","target":{"@type":"EntryPoint","urlTemplate":"https:\/\/cardinal-tapes.com\/?s={search_term_string}"},"query-input":{"@type":"PropertyValueSpecification","valueRequired":true,"valueName":"search_term_string"}}],"inLanguage":"pl-PL"}]}},"brands":[{"id":4112,"name":"Saint-Gobain CHR Tape","slug":"saint-gobain-performance-plastics-chr-pl"},{"id":2400,"name":"Saint-Gobain Performance Plastics","slug":"saint-gobain-pl"}],"_links":{"self":[{"href":"https:\/\/cardinal-tapes.com\/pl\/wp-json\/wp\/v2\/product\/42030","targetHints":{"allow":["GET"]}}],"collection":[{"href":"https:\/\/cardinal-tapes.com\/pl\/wp-json\/wp\/v2\/product"}],"about":[{"href":"https:\/\/cardinal-tapes.com\/pl\/wp-json\/wp\/v2\/types\/product"}],"wp:featuredmedia":[{"embeddable":true,"href":"https:\/\/cardinal-tapes.com\/pl\/wp-json\/wp\/v2\/media\/28534"}],"wp:attachment":[{"href":"https:\/\/cardinal-tapes.com\/pl\/wp-json\/wp\/v2\/media?parent=42030"}],"wp:term":[{"taxonomy":"pwb-brand","embeddable":true,"href":"https:\/\/cardinal-tapes.com\/pl\/wp-json\/wp\/v2\/pwb-brand?post=42030"},{"taxonomy":"product_brand","embeddable":true,"href":"https:\/\/cardinal-tapes.com\/pl\/wp-json\/wp\/v2\/product_brand?post=42030"},{"taxonomy":"product_cat","embeddable":true,"href":"https:\/\/cardinal-tapes.com\/pl\/wp-json\/wp\/v2\/product_cat?post=42030"},{"taxonomy":"product_tag","embeddable":true,"href":"https:\/\/cardinal-tapes.com\/pl\/wp-json\/wp\/v2\/product_tag?post=42030"}],"curies":[{"name":"wp","href":"https:\/\/api.w.org\/{rel}","templated":true}]}}