{"id":42026,"date":"2021-01-21T13:09:21","date_gmt":"2023-06-05T14:56:29","guid":{"rendered":"https:\/\/cardinal.pixel-tal.de\/klebebaender\/bez-kategorii\/tasma-piankowa-norseal-fs1000\/"},"modified":"2025-07-02T13:46:33","modified_gmt":"2025-07-02T11:46:33","slug":"norseal-fs1000-foam-tape","status":"publish","type":"product","link":"https:\/\/cardinal-tapes.com\/pl\/ta\u015bmy-samoprzylepne\/obszary-zastosowan\/sektor-transportowy\/norseal-fs1000-foam-tape\/","title":{"rendered":"Ta\u015bma piankowa Norseal\u00ae FS1000"},"content":{"rendered":"<div>Seria Saint-Gobain\u00ae Norseal\u00ae FS1000 to opatentowana, wysokowydajna pianka samoprzylepna, kt\u00f3ra zosta\u0142a zaprojektowana z wykorzystaniem<\/div>\n<div>unikalne po\u0142\u0105czenie w\u0142a\u015bciwo\u015bci uszczelniaj\u0105cych. FS1000 jest rozci\u0105gliwy, ognioodporny i blokuje dym,<\/div>\n<div>Powietrze i woda. W stanie naturalnym FS1000 jest elastyczny, dopasowuj\u0105cy si\u0119 i \u0142atwy do nak\u0142adania na skomplikowane powierzchnie.<\/div>\n<div><\/div>\n<div>\n<div><strong>Zastosowania<\/strong><\/div>\n<div>&#8211; Konstrukcja: po\u0142\u0105czenia w \u015bcianach, pod\u0142ogach, sufitach, oknach i drzwiach, urz\u0105dzeniach klimatyzacyjnych i wielu innych.<\/div>\n<div>  inne obszary krytyczne wymagaj\u0105ce stref po\u017carowych<\/div>\n<div><\/div>\n<div>&#8211; Motoryzacja: ochrona zbiornik\u00f3w paliwa, akumulator\u00f3w (H)EV itp.<\/div>\n<div><\/div>\n<div>&#8211; Lotnictwo i kosmonautyka: fotele, \u0142adownie i inne krytyczne obszary<\/div>\n<\/div>\n","protected":false},"excerpt":{"rendered":"<p>Seria Saint-Gobain\u00ae Norseal\u00ae FS1000 to opatentowana, wysokowydajna pianka samoprzylepna, kt\u00f3ra zosta\u0142a zaprojektowana z wykorzystaniem unikalne po\u0142\u0105czenie w\u0142a\u015bciwo\u015bci uszczelniaj\u0105cych. FS1000 jest rozci\u0105gliwy, ognioodporny i blokuje dym, Powietrze i woda. W stanie naturalnym FS1000 jest elastyczny, dopasowuj\u0105cy si\u0119 i \u0142atwy do nak\u0142adania na skomplikowane powierzchnie. Zastosowania &#8211; Konstrukcja: po\u0142\u0105czenia w \u015bcianach, pod\u0142ogach, sufitach, oknach i drzwiach, urz\u0105dzeniach [&hellip;]<\/p>\n","protected":false},"featured_media":28530,"template":"","meta":{"_acf_changed":false},"pwb-brand":[3696,2400],"product_brand":[],"product_cat":[1792,1816],"product_tag":[],"class_list":{"0":"post-42026","1":"product","2":"type-product","3":"status-publish","4":"has-post-thumbnail","6":"pwb-brand-saint-gobain-norseal-pl","7":"pwb-brand-saint-gobain-pl","8":"product_cat-sektor-transportowy","9":"product_cat-jednostronne-tasmy-samoprzylepne","11":"first","12":"instock","13":"taxable","14":"shipping-taxable","15":"product-type-variable"},"acf":[],"yoast_head":"<!-- This site is optimized with the Yoast SEO plugin v27.3 - https:\/\/yoast.com\/product\/yoast-seo-wordpress\/ -->\n<title>Ta\u015bma piankowa Norseal\u00ae FS1000 | Cardinal TAPES<\/title>\n<meta name=\"description\" content=\"Seria Saint-Gobain\u00ae Norseal\u00ae FS1000 to opatentowana, wysokowydajna pianka samoprzylepna zaprojektowana z unikaln\u0105 kombinacj\u0105 w\u0142a\u015bciwo\u015bci uszczelniaj\u0105cych. FS1000 jest rozci\u0105gliwy i ognioodporny oraz blokuje dym, powietrze i wod\u0119. W stanie naturalnym FS1000 jest elastyczny, dopasowuj\u0105cy si\u0119 i \u0142atwy do nak\u0142adania na skomplikowane powierzchnie.\" \/>\n<meta name=\"robots\" content=\"index, follow, max-snippet:-1, max-image-preview:large, max-video-preview:-1\" \/>\n<link rel=\"canonical\" href=\"https:\/\/cardinal-tapes.com\/pl\/ta\u015bmy-samoprzylepne\/obszary-zastosowan\/sektor-transportowy\/norseal-fs1000-foam-tape\/\" \/>\n<meta property=\"og:locale\" content=\"pl_PL\" \/>\n<meta property=\"og:type\" content=\"article\" \/>\n<meta property=\"og:title\" content=\"Ta\u015bma piankowa Norseal\u00ae FS1000 | Cardinal TAPES\" \/>\n<meta property=\"og:description\" content=\"Seria Saint-Gobain\u00ae Norseal\u00ae FS1000 to opatentowana, wysokowydajna pianka samoprzylepna zaprojektowana z unikaln\u0105 kombinacj\u0105 w\u0142a\u015bciwo\u015bci uszczelniaj\u0105cych. FS1000 jest rozci\u0105gliwy i ognioodporny oraz blokuje dym, powietrze i wod\u0119. W stanie naturalnym FS1000 jest elastyczny, dopasowuj\u0105cy si\u0119 i \u0142atwy do nak\u0142adania na skomplikowane powierzchnie.\" \/>\n<meta property=\"og:url\" content=\"https:\/\/cardinal-tapes.com\/pl\/ta\u015bmy-samoprzylepne\/obszary-zastosowan\/sektor-transportowy\/norseal-fs1000-foam-tape\/\" \/>\n<meta property=\"og:site_name\" content=\"cardinal TAPES\" \/>\n<meta property=\"article:modified_time\" content=\"2025-07-02T11:46:33+00:00\" \/>\n<meta property=\"og:image\" content=\"https:\/\/cardinal-tapes.com\/wp-content\/uploads\/Norseal-FS1000-A_153120-1.png\" \/>\n\t<meta property=\"og:image:width\" content=\"415\" \/>\n\t<meta property=\"og:image:height\" content=\"415\" \/>\n\t<meta property=\"og:image:type\" content=\"image\/png\" \/>\n<meta name=\"twitter:card\" content=\"summary_large_image\" \/>\n<meta name=\"twitter:label1\" content=\"Szacowany czas czytania\" \/>\n\t<meta name=\"twitter:data1\" content=\"1 minuta\" \/>\n<script type=\"application\/ld+json\" class=\"yoast-schema-graph\">{\"@context\":\"https:\\\/\\\/schema.org\",\"@graph\":[{\"@type\":\"WebPage\",\"@id\":\"https:\\\/\\\/cardinal-tapes.com\\\/pl\\\/ta\u015bmy-samoprzylepne\\\/obszary-zastosowan\\\/sektor-transportowy\\\/norseal-fs1000-foam-tape\\\/\",\"url\":\"https:\\\/\\\/cardinal-tapes.com\\\/pl\\\/ta\u015bmy-samoprzylepne\\\/obszary-zastosowan\\\/sektor-transportowy\\\/norseal-fs1000-foam-tape\\\/\",\"name\":\"Ta\u015bma piankowa Norseal\u00ae FS1000 | Cardinal TAPES\",\"isPartOf\":{\"@id\":\"https:\\\/\\\/cardinal-tapes.com\\\/#website\"},\"primaryImageOfPage\":{\"@id\":\"https:\\\/\\\/cardinal-tapes.com\\\/pl\\\/ta\u015bmy-samoprzylepne\\\/obszary-zastosowan\\\/sektor-transportowy\\\/norseal-fs1000-foam-tape\\\/#primaryimage\"},\"image\":{\"@id\":\"https:\\\/\\\/cardinal-tapes.com\\\/pl\\\/ta\u015bmy-samoprzylepne\\\/obszary-zastosowan\\\/sektor-transportowy\\\/norseal-fs1000-foam-tape\\\/#primaryimage\"},\"thumbnailUrl\":\"https:\\\/\\\/cardinal-tapes.com\\\/wp-content\\\/uploads\\\/Norseal-FS1000-A_153120-1.png\",\"datePublished\":\"2023-06-05T14:56:29+00:00\",\"dateModified\":\"2025-07-02T11:46:33+00:00\",\"description\":\"Seria Saint-Gobain\u00ae Norseal\u00ae FS1000 to opatentowana, wysokowydajna pianka samoprzylepna zaprojektowana z unikaln\u0105 kombinacj\u0105 w\u0142a\u015bciwo\u015bci uszczelniaj\u0105cych. FS1000 jest rozci\u0105gliwy i ognioodporny oraz blokuje dym, powietrze i wod\u0119. W stanie naturalnym FS1000 jest elastyczny, dopasowuj\u0105cy si\u0119 i \u0142atwy do nak\u0142adania na skomplikowane powierzchnie.\",\"breadcrumb\":{\"@id\":\"https:\\\/\\\/cardinal-tapes.com\\\/pl\\\/ta\u015bmy-samoprzylepne\\\/obszary-zastosowan\\\/sektor-transportowy\\\/norseal-fs1000-foam-tape\\\/#breadcrumb\"},\"inLanguage\":\"pl-PL\",\"potentialAction\":[{\"@type\":\"ReadAction\",\"target\":[\"https:\\\/\\\/cardinal-tapes.com\\\/pl\\\/ta\u015bmy-samoprzylepne\\\/obszary-zastosowan\\\/sektor-transportowy\\\/norseal-fs1000-foam-tape\\\/\"]}]},{\"@type\":\"ImageObject\",\"inLanguage\":\"pl-PL\",\"@id\":\"https:\\\/\\\/cardinal-tapes.com\\\/pl\\\/ta\u015bmy-samoprzylepne\\\/obszary-zastosowan\\\/sektor-transportowy\\\/norseal-fs1000-foam-tape\\\/#primaryimage\",\"url\":\"https:\\\/\\\/cardinal-tapes.com\\\/wp-content\\\/uploads\\\/Norseal-FS1000-A_153120-1.png\",\"contentUrl\":\"https:\\\/\\\/cardinal-tapes.com\\\/wp-content\\\/uploads\\\/Norseal-FS1000-A_153120-1.png\",\"width\":415,\"height\":415},{\"@type\":\"BreadcrumbList\",\"@id\":\"https:\\\/\\\/cardinal-tapes.com\\\/pl\\\/ta\u015bmy-samoprzylepne\\\/obszary-zastosowan\\\/sektor-transportowy\\\/norseal-fs1000-foam-tape\\\/#breadcrumb\",\"itemListElement\":[{\"@type\":\"ListItem\",\"position\":1,\"name\":\"Startseite\",\"item\":\"https:\\\/\\\/cardinal-tapes.com\\\/pl\\\/strona-glowna\\\/\"},{\"@type\":\"ListItem\",\"position\":2,\"name\":\"Ta\u015bmy samoprzylepne\",\"item\":\"https:\\\/\\\/cardinal-tapes.com\\\/pl\\\/tasmy-samoprzylepne-pl\\\/\"},{\"@type\":\"ListItem\",\"position\":3,\"name\":\"Einseitige Klebeb\u00e4nder\",\"item\":\"https:\\\/\\\/cardinal-tapes.com\\\/kategorie\\\/einseitige-klebebaender\\\/\"},{\"@type\":\"ListItem\",\"position\":4,\"name\":\"Ta\u015bma piankowa Norseal\u00ae FS1000\"}]},{\"@type\":\"WebSite\",\"@id\":\"https:\\\/\\\/cardinal-tapes.com\\\/#website\",\"url\":\"https:\\\/\\\/cardinal-tapes.com\\\/\",\"name\":\"cardinal TAPES\",\"description\":\"Klebetechnik aus Wuppertal\",\"potentialAction\":[{\"@type\":\"SearchAction\",\"target\":{\"@type\":\"EntryPoint\",\"urlTemplate\":\"https:\\\/\\\/cardinal-tapes.com\\\/?s={search_term_string}\"},\"query-input\":{\"@type\":\"PropertyValueSpecification\",\"valueRequired\":true,\"valueName\":\"search_term_string\"}}],\"inLanguage\":\"pl-PL\"}]}<\/script>\n<!-- \/ Yoast SEO plugin. -->","yoast_head_json":{"title":"Ta\u015bma piankowa Norseal\u00ae FS1000 | Cardinal TAPES","description":"Seria Saint-Gobain\u00ae Norseal\u00ae FS1000 to opatentowana, wysokowydajna pianka samoprzylepna zaprojektowana z unikaln\u0105 kombinacj\u0105 w\u0142a\u015bciwo\u015bci uszczelniaj\u0105cych. FS1000 jest rozci\u0105gliwy i ognioodporny oraz blokuje dym, powietrze i wod\u0119. W stanie naturalnym FS1000 jest elastyczny, dopasowuj\u0105cy si\u0119 i \u0142atwy do nak\u0142adania na skomplikowane powierzchnie.","robots":{"index":"index","follow":"follow","max-snippet":"max-snippet:-1","max-image-preview":"max-image-preview:large","max-video-preview":"max-video-preview:-1"},"canonical":"https:\/\/cardinal-tapes.com\/pl\/ta\u015bmy-samoprzylepne\/obszary-zastosowan\/sektor-transportowy\/norseal-fs1000-foam-tape\/","og_locale":"pl_PL","og_type":"article","og_title":"Ta\u015bma piankowa Norseal\u00ae FS1000 | Cardinal TAPES","og_description":"Seria Saint-Gobain\u00ae Norseal\u00ae FS1000 to opatentowana, wysokowydajna pianka samoprzylepna zaprojektowana z unikaln\u0105 kombinacj\u0105 w\u0142a\u015bciwo\u015bci uszczelniaj\u0105cych. FS1000 jest rozci\u0105gliwy i ognioodporny oraz blokuje dym, powietrze i wod\u0119. W stanie naturalnym FS1000 jest elastyczny, dopasowuj\u0105cy si\u0119 i \u0142atwy do nak\u0142adania na skomplikowane powierzchnie.","og_url":"https:\/\/cardinal-tapes.com\/pl\/ta\u015bmy-samoprzylepne\/obszary-zastosowan\/sektor-transportowy\/norseal-fs1000-foam-tape\/","og_site_name":"cardinal TAPES","article_modified_time":"2025-07-02T11:46:33+00:00","og_image":[{"width":415,"height":415,"url":"https:\/\/cardinal-tapes.com\/wp-content\/uploads\/Norseal-FS1000-A_153120-1.png","type":"image\/png"}],"twitter_card":"summary_large_image","twitter_misc":{"Szacowany czas czytania":"1 minuta"},"schema":{"@context":"https:\/\/schema.org","@graph":[{"@type":"WebPage","@id":"https:\/\/cardinal-tapes.com\/pl\/ta\u015bmy-samoprzylepne\/obszary-zastosowan\/sektor-transportowy\/norseal-fs1000-foam-tape\/","url":"https:\/\/cardinal-tapes.com\/pl\/ta\u015bmy-samoprzylepne\/obszary-zastosowan\/sektor-transportowy\/norseal-fs1000-foam-tape\/","name":"Ta\u015bma piankowa Norseal\u00ae FS1000 | Cardinal TAPES","isPartOf":{"@id":"https:\/\/cardinal-tapes.com\/#website"},"primaryImageOfPage":{"@id":"https:\/\/cardinal-tapes.com\/pl\/ta\u015bmy-samoprzylepne\/obszary-zastosowan\/sektor-transportowy\/norseal-fs1000-foam-tape\/#primaryimage"},"image":{"@id":"https:\/\/cardinal-tapes.com\/pl\/ta\u015bmy-samoprzylepne\/obszary-zastosowan\/sektor-transportowy\/norseal-fs1000-foam-tape\/#primaryimage"},"thumbnailUrl":"https:\/\/cardinal-tapes.com\/wp-content\/uploads\/Norseal-FS1000-A_153120-1.png","datePublished":"2023-06-05T14:56:29+00:00","dateModified":"2025-07-02T11:46:33+00:00","description":"Seria Saint-Gobain\u00ae Norseal\u00ae FS1000 to opatentowana, wysokowydajna pianka samoprzylepna zaprojektowana z unikaln\u0105 kombinacj\u0105 w\u0142a\u015bciwo\u015bci uszczelniaj\u0105cych. FS1000 jest rozci\u0105gliwy i ognioodporny oraz blokuje dym, powietrze i wod\u0119. W stanie naturalnym FS1000 jest elastyczny, dopasowuj\u0105cy si\u0119 i \u0142atwy do nak\u0142adania na skomplikowane powierzchnie.","breadcrumb":{"@id":"https:\/\/cardinal-tapes.com\/pl\/ta\u015bmy-samoprzylepne\/obszary-zastosowan\/sektor-transportowy\/norseal-fs1000-foam-tape\/#breadcrumb"},"inLanguage":"pl-PL","potentialAction":[{"@type":"ReadAction","target":["https:\/\/cardinal-tapes.com\/pl\/ta\u015bmy-samoprzylepne\/obszary-zastosowan\/sektor-transportowy\/norseal-fs1000-foam-tape\/"]}]},{"@type":"ImageObject","inLanguage":"pl-PL","@id":"https:\/\/cardinal-tapes.com\/pl\/ta\u015bmy-samoprzylepne\/obszary-zastosowan\/sektor-transportowy\/norseal-fs1000-foam-tape\/#primaryimage","url":"https:\/\/cardinal-tapes.com\/wp-content\/uploads\/Norseal-FS1000-A_153120-1.png","contentUrl":"https:\/\/cardinal-tapes.com\/wp-content\/uploads\/Norseal-FS1000-A_153120-1.png","width":415,"height":415},{"@type":"BreadcrumbList","@id":"https:\/\/cardinal-tapes.com\/pl\/ta\u015bmy-samoprzylepne\/obszary-zastosowan\/sektor-transportowy\/norseal-fs1000-foam-tape\/#breadcrumb","itemListElement":[{"@type":"ListItem","position":1,"name":"Startseite","item":"https:\/\/cardinal-tapes.com\/pl\/strona-glowna\/"},{"@type":"ListItem","position":2,"name":"Ta\u015bmy samoprzylepne","item":"https:\/\/cardinal-tapes.com\/pl\/tasmy-samoprzylepne-pl\/"},{"@type":"ListItem","position":3,"name":"Einseitige Klebeb\u00e4nder","item":"https:\/\/cardinal-tapes.com\/kategorie\/einseitige-klebebaender\/"},{"@type":"ListItem","position":4,"name":"Ta\u015bma piankowa Norseal\u00ae FS1000"}]},{"@type":"WebSite","@id":"https:\/\/cardinal-tapes.com\/#website","url":"https:\/\/cardinal-tapes.com\/","name":"cardinal TAPES","description":"Klebetechnik aus Wuppertal","potentialAction":[{"@type":"SearchAction","target":{"@type":"EntryPoint","urlTemplate":"https:\/\/cardinal-tapes.com\/?s={search_term_string}"},"query-input":{"@type":"PropertyValueSpecification","valueRequired":true,"valueName":"search_term_string"}}],"inLanguage":"pl-PL"}]}},"brands":[{"id":3696,"name":"Saint-Gobain Norseal","slug":"saint-gobain-norseal-pl"},{"id":2400,"name":"Saint-Gobain Performance Plastics","slug":"saint-gobain-pl"}],"_links":{"self":[{"href":"https:\/\/cardinal-tapes.com\/pl\/wp-json\/wp\/v2\/product\/42026","targetHints":{"allow":["GET"]}}],"collection":[{"href":"https:\/\/cardinal-tapes.com\/pl\/wp-json\/wp\/v2\/product"}],"about":[{"href":"https:\/\/cardinal-tapes.com\/pl\/wp-json\/wp\/v2\/types\/product"}],"wp:featuredmedia":[{"embeddable":true,"href":"https:\/\/cardinal-tapes.com\/pl\/wp-json\/wp\/v2\/media\/28530"}],"wp:attachment":[{"href":"https:\/\/cardinal-tapes.com\/pl\/wp-json\/wp\/v2\/media?parent=42026"}],"wp:term":[{"taxonomy":"pwb-brand","embeddable":true,"href":"https:\/\/cardinal-tapes.com\/pl\/wp-json\/wp\/v2\/pwb-brand?post=42026"},{"taxonomy":"product_brand","embeddable":true,"href":"https:\/\/cardinal-tapes.com\/pl\/wp-json\/wp\/v2\/product_brand?post=42026"},{"taxonomy":"product_cat","embeddable":true,"href":"https:\/\/cardinal-tapes.com\/pl\/wp-json\/wp\/v2\/product_cat?post=42026"},{"taxonomy":"product_tag","embeddable":true,"href":"https:\/\/cardinal-tapes.com\/pl\/wp-json\/wp\/v2\/product_tag?post=42026"}],"curies":[{"name":"wp","href":"https:\/\/api.w.org\/{rel}","templated":true}]}}