{"id":42023,"date":"2020-12-18T12:01:30","date_gmt":"2023-06-05T14:56:29","guid":{"rendered":"https:\/\/cardinal.pixel-tal.de\/klebebaender\/bez-kategorii\/wodoodporna-tasma-materialowa-at160-o-matowej-powierzchni\/"},"modified":"2025-07-02T13:32:27","modified_gmt":"2025-07-02T11:32:27","slug":"at160-waterproof-fabric-tape-in-premium-quality-with-matt-surface","status":"publish","type":"product","link":"https:\/\/cardinal-tapes.com\/pl\/ta\u015bmy-samoprzylepne\/jednostronne-tasmy-samoprzylepne\/tasma-powlekana-pe\/at160-waterproof-fabric-tape-in-premium-quality-with-matt-surface\/","title":{"rendered":"Wodoodporna ta\u015bma materia\u0142owa AT160 o matowej powierzchni"},"content":{"rendered":"<p>AT160 to bardzo mocna, matowa, wodoodporna, wyt\u0142aczana ta\u015bma z tkaniny polietylenowej, wyposa\u017cona w wra\u017cliwy na nacisk, agresywny, bezrozpuszczalnikowy klej kauczukowy. Ta matowa ta\u015bma materia\u0142owa jest odporna na \u015bcieranie, hydrofobowa i odporna na przebicie, dzi\u0119ki czemu idealnie nadaje si\u0119 do d\u0142ugotrwa\u0142ego u\u017cytkowania na zewn\u0105trz.<\/p>\n<p><strong>Zastosowania <\/strong><\/p>\n<ul>\n<li>Ochrona \u0142opatek turbiny podczas obr\u00f3bki precyzyjnej<\/li>\n<li>Kodowanie kolorami i plombowanie skrzynek amunicyjnych oraz naprawy awaryjne w jednostkach wojskowych<\/li>\n<li>\u0141\u0105czenie ci\u0119\u017ckich folii PE i paneli \u015bciennych<\/li>\n<li>\u0141\u0105czenie i \u0142\u0105czenie podczas operacji przetwarzania<\/li>\n<li>Ochrona przed kamieniami (AML)<\/li>\n<li>Uszczelnianie b\u0119bn\u00f3w \u015bwiat\u0142owodowych<\/li>\n<\/ul>\n","protected":false},"excerpt":{"rendered":"<p>AT160 to bardzo mocna, matowa, wodoodporna, wyt\u0142aczana ta\u015bma z tkaniny polietylenowej, wyposa\u017cona w wra\u017cliwy na nacisk, agresywny, bezrozpuszczalnikowy klej kauczukowy. Ta matowa ta\u015bma materia\u0142owa jest odporna na \u015bcieranie, hydrofobowa i odporna na przebicie, dzi\u0119ki czemu idealnie nadaje si\u0119 do d\u0142ugotrwa\u0142ego u\u017cytkowania na zewn\u0105trz. Zastosowania Ochrona \u0142opatek turbiny podczas obr\u00f3bki precyzyjnej Kodowanie kolorami i plombowanie skrzynek [&hellip;]<\/p>\n","protected":false},"featured_media":28614,"template":"","meta":{"_acf_changed":false},"pwb-brand":[2419],"product_brand":[],"product_cat":[1818,1715,1717,1816],"product_tag":[],"class_list":{"0":"post-42023","1":"product","2":"type-product","3":"status-publish","4":"has-post-thumbnail","6":"pwb-brand-advance-tapes-pl","7":"product_cat-tasma-powlekana-pe","8":"product_cat-tasma-klejaca-do-tkanin","9":"product_cat-tasma-powlekana-tworzywem-sztucznym","10":"product_cat-jednostronne-tasmy-samoprzylepne","12":"first","13":"instock","14":"taxable","15":"shipping-taxable","16":"purchasable","17":"product-type-variable"},"acf":[],"yoast_head":"<!-- This site is optimized with the Yoast SEO plugin v27.3 - https:\/\/yoast.com\/product\/yoast-seo-wordpress\/ -->\n<title>Ta\u015bma wodoodporna AT160 | Cardinal TAPES<\/title>\n<meta name=\"description\" content=\"AT160 to bardzo mocna, matowa, wodoodporna, wyt\u0142aczana ta\u015bma z tkaniny polietylenowej, wyposa\u017cona w wra\u017cliwy na nacisk, agresywny, niezawieraj\u0105cy rozpuszczalnik\u00f3w klej kauczukowy.\" \/>\n<meta name=\"robots\" content=\"index, follow, max-snippet:-1, max-image-preview:large, max-video-preview:-1\" \/>\n<link rel=\"canonical\" href=\"https:\/\/cardinal-tapes.com\/pl\/ta\u015bmy-samoprzylepne\/jednostronne-tasmy-samoprzylepne\/tasma-powlekana-pe\/at160-waterproof-fabric-tape-in-premium-quality-with-matt-surface\/\" \/>\n<meta property=\"og:locale\" content=\"pl_PL\" \/>\n<meta property=\"og:type\" content=\"article\" \/>\n<meta property=\"og:title\" content=\"Ta\u015bma wodoodporna AT160 | Cardinal TAPES\" \/>\n<meta property=\"og:description\" content=\"AT160 to bardzo mocna, matowa, wodoodporna, wyt\u0142aczana ta\u015bma z tkaniny polietylenowej, wyposa\u017cona w wra\u017cliwy na nacisk, agresywny, niezawieraj\u0105cy rozpuszczalnik\u00f3w klej kauczukowy.\" \/>\n<meta property=\"og:url\" content=\"https:\/\/cardinal-tapes.com\/pl\/ta\u015bmy-samoprzylepne\/jednostronne-tasmy-samoprzylepne\/tasma-powlekana-pe\/at160-waterproof-fabric-tape-in-premium-quality-with-matt-surface\/\" \/>\n<meta property=\"og:site_name\" content=\"cardinal TAPES\" \/>\n<meta property=\"article:modified_time\" content=\"2025-07-02T11:32:27+00:00\" \/>\n<meta property=\"og:image\" content=\"https:\/\/cardinal-tapes.com\/wp-content\/uploads\/Advance-Tapes_AT160_Group.jpg\" \/>\n\t<meta property=\"og:image:width\" content=\"600\" \/>\n\t<meta property=\"og:image:height\" content=\"600\" \/>\n\t<meta property=\"og:image:type\" content=\"image\/jpeg\" \/>\n<meta name=\"twitter:card\" content=\"summary_large_image\" \/>\n<script type=\"application\/ld+json\" class=\"yoast-schema-graph\">{\"@context\":\"https:\\\/\\\/schema.org\",\"@graph\":[{\"@type\":\"WebPage\",\"@id\":\"https:\\\/\\\/cardinal-tapes.com\\\/pl\\\/ta\u015bmy-samoprzylepne\\\/jednostronne-tasmy-samoprzylepne\\\/tasma-powlekana-pe\\\/at160-waterproof-fabric-tape-in-premium-quality-with-matt-surface\\\/\",\"url\":\"https:\\\/\\\/cardinal-tapes.com\\\/pl\\\/ta\u015bmy-samoprzylepne\\\/jednostronne-tasmy-samoprzylepne\\\/tasma-powlekana-pe\\\/at160-waterproof-fabric-tape-in-premium-quality-with-matt-surface\\\/\",\"name\":\"Ta\u015bma wodoodporna AT160 | Cardinal TAPES\",\"isPartOf\":{\"@id\":\"https:\\\/\\\/cardinal-tapes.com\\\/#website\"},\"primaryImageOfPage\":{\"@id\":\"https:\\\/\\\/cardinal-tapes.com\\\/pl\\\/ta\u015bmy-samoprzylepne\\\/jednostronne-tasmy-samoprzylepne\\\/tasma-powlekana-pe\\\/at160-waterproof-fabric-tape-in-premium-quality-with-matt-surface\\\/#primaryimage\"},\"image\":{\"@id\":\"https:\\\/\\\/cardinal-tapes.com\\\/pl\\\/ta\u015bmy-samoprzylepne\\\/jednostronne-tasmy-samoprzylepne\\\/tasma-powlekana-pe\\\/at160-waterproof-fabric-tape-in-premium-quality-with-matt-surface\\\/#primaryimage\"},\"thumbnailUrl\":\"https:\\\/\\\/cardinal-tapes.com\\\/wp-content\\\/uploads\\\/Advance-Tapes_AT160_Group.jpg\",\"datePublished\":\"2023-06-05T14:56:29+00:00\",\"dateModified\":\"2025-07-02T11:32:27+00:00\",\"description\":\"AT160 to bardzo mocna, matowa, wodoodporna, wyt\u0142aczana ta\u015bma z tkaniny polietylenowej, wyposa\u017cona w wra\u017cliwy na nacisk, agresywny, niezawieraj\u0105cy rozpuszczalnik\u00f3w klej kauczukowy.\",\"breadcrumb\":{\"@id\":\"https:\\\/\\\/cardinal-tapes.com\\\/pl\\\/ta\u015bmy-samoprzylepne\\\/jednostronne-tasmy-samoprzylepne\\\/tasma-powlekana-pe\\\/at160-waterproof-fabric-tape-in-premium-quality-with-matt-surface\\\/#breadcrumb\"},\"inLanguage\":\"pl-PL\",\"potentialAction\":[{\"@type\":\"ReadAction\",\"target\":[\"https:\\\/\\\/cardinal-tapes.com\\\/pl\\\/ta\u015bmy-samoprzylepne\\\/jednostronne-tasmy-samoprzylepne\\\/tasma-powlekana-pe\\\/at160-waterproof-fabric-tape-in-premium-quality-with-matt-surface\\\/\"]}]},{\"@type\":\"ImageObject\",\"inLanguage\":\"pl-PL\",\"@id\":\"https:\\\/\\\/cardinal-tapes.com\\\/pl\\\/ta\u015bmy-samoprzylepne\\\/jednostronne-tasmy-samoprzylepne\\\/tasma-powlekana-pe\\\/at160-waterproof-fabric-tape-in-premium-quality-with-matt-surface\\\/#primaryimage\",\"url\":\"https:\\\/\\\/cardinal-tapes.com\\\/wp-content\\\/uploads\\\/Advance-Tapes_AT160_Group.jpg\",\"contentUrl\":\"https:\\\/\\\/cardinal-tapes.com\\\/wp-content\\\/uploads\\\/Advance-Tapes_AT160_Group.jpg\",\"width\":600,\"height\":600},{\"@type\":\"BreadcrumbList\",\"@id\":\"https:\\\/\\\/cardinal-tapes.com\\\/pl\\\/ta\u015bmy-samoprzylepne\\\/jednostronne-tasmy-samoprzylepne\\\/tasma-powlekana-pe\\\/at160-waterproof-fabric-tape-in-premium-quality-with-matt-surface\\\/#breadcrumb\",\"itemListElement\":[{\"@type\":\"ListItem\",\"position\":1,\"name\":\"Startseite\",\"item\":\"https:\\\/\\\/cardinal-tapes.com\\\/pl\\\/strona-glowna\\\/\"},{\"@type\":\"ListItem\",\"position\":2,\"name\":\"Ta\u015bmy samoprzylepne\",\"item\":\"https:\\\/\\\/cardinal-tapes.com\\\/pl\\\/tasmy-samoprzylepne-pl\\\/\"},{\"@type\":\"ListItem\",\"position\":3,\"name\":\"Obszary zastosowa\u0144\",\"item\":\"https:\\\/\\\/cardinal-tapes.com\\\/pl\\\/kategoria\\\/obszary-zastosowan\\\/\"},{\"@type\":\"ListItem\",\"position\":4,\"name\":\"Ta\u015bma klej\u0105ca do tkanin\",\"item\":\"https:\\\/\\\/cardinal-tapes.com\\\/pl\\\/kategoria\\\/tasma-klejaca-do-tkanin\\\/\"},{\"@type\":\"ListItem\",\"position\":5,\"name\":\"Wodoodporna ta\u015bma materia\u0142owa AT160 o matowej powierzchni\"}]},{\"@type\":\"WebSite\",\"@id\":\"https:\\\/\\\/cardinal-tapes.com\\\/#website\",\"url\":\"https:\\\/\\\/cardinal-tapes.com\\\/\",\"name\":\"cardinal TAPES\",\"description\":\"Klebetechnik aus Wuppertal\",\"potentialAction\":[{\"@type\":\"SearchAction\",\"target\":{\"@type\":\"EntryPoint\",\"urlTemplate\":\"https:\\\/\\\/cardinal-tapes.com\\\/?s={search_term_string}\"},\"query-input\":{\"@type\":\"PropertyValueSpecification\",\"valueRequired\":true,\"valueName\":\"search_term_string\"}}],\"inLanguage\":\"pl-PL\"}]}<\/script>\n<!-- \/ Yoast SEO plugin. -->","yoast_head_json":{"title":"Ta\u015bma wodoodporna AT160 | Cardinal TAPES","description":"AT160 to bardzo mocna, matowa, wodoodporna, wyt\u0142aczana ta\u015bma z tkaniny polietylenowej, wyposa\u017cona w wra\u017cliwy na nacisk, agresywny, niezawieraj\u0105cy rozpuszczalnik\u00f3w klej kauczukowy.","robots":{"index":"index","follow":"follow","max-snippet":"max-snippet:-1","max-image-preview":"max-image-preview:large","max-video-preview":"max-video-preview:-1"},"canonical":"https:\/\/cardinal-tapes.com\/pl\/ta\u015bmy-samoprzylepne\/jednostronne-tasmy-samoprzylepne\/tasma-powlekana-pe\/at160-waterproof-fabric-tape-in-premium-quality-with-matt-surface\/","og_locale":"pl_PL","og_type":"article","og_title":"Ta\u015bma wodoodporna AT160 | Cardinal TAPES","og_description":"AT160 to bardzo mocna, matowa, wodoodporna, wyt\u0142aczana ta\u015bma z tkaniny polietylenowej, wyposa\u017cona w wra\u017cliwy na nacisk, agresywny, niezawieraj\u0105cy rozpuszczalnik\u00f3w klej kauczukowy.","og_url":"https:\/\/cardinal-tapes.com\/pl\/ta\u015bmy-samoprzylepne\/jednostronne-tasmy-samoprzylepne\/tasma-powlekana-pe\/at160-waterproof-fabric-tape-in-premium-quality-with-matt-surface\/","og_site_name":"cardinal TAPES","article_modified_time":"2025-07-02T11:32:27+00:00","og_image":[{"width":600,"height":600,"url":"https:\/\/cardinal-tapes.com\/wp-content\/uploads\/Advance-Tapes_AT160_Group.jpg","type":"image\/jpeg"}],"twitter_card":"summary_large_image","schema":{"@context":"https:\/\/schema.org","@graph":[{"@type":"WebPage","@id":"https:\/\/cardinal-tapes.com\/pl\/ta\u015bmy-samoprzylepne\/jednostronne-tasmy-samoprzylepne\/tasma-powlekana-pe\/at160-waterproof-fabric-tape-in-premium-quality-with-matt-surface\/","url":"https:\/\/cardinal-tapes.com\/pl\/ta\u015bmy-samoprzylepne\/jednostronne-tasmy-samoprzylepne\/tasma-powlekana-pe\/at160-waterproof-fabric-tape-in-premium-quality-with-matt-surface\/","name":"Ta\u015bma wodoodporna AT160 | Cardinal TAPES","isPartOf":{"@id":"https:\/\/cardinal-tapes.com\/#website"},"primaryImageOfPage":{"@id":"https:\/\/cardinal-tapes.com\/pl\/ta\u015bmy-samoprzylepne\/jednostronne-tasmy-samoprzylepne\/tasma-powlekana-pe\/at160-waterproof-fabric-tape-in-premium-quality-with-matt-surface\/#primaryimage"},"image":{"@id":"https:\/\/cardinal-tapes.com\/pl\/ta\u015bmy-samoprzylepne\/jednostronne-tasmy-samoprzylepne\/tasma-powlekana-pe\/at160-waterproof-fabric-tape-in-premium-quality-with-matt-surface\/#primaryimage"},"thumbnailUrl":"https:\/\/cardinal-tapes.com\/wp-content\/uploads\/Advance-Tapes_AT160_Group.jpg","datePublished":"2023-06-05T14:56:29+00:00","dateModified":"2025-07-02T11:32:27+00:00","description":"AT160 to bardzo mocna, matowa, wodoodporna, wyt\u0142aczana ta\u015bma z tkaniny polietylenowej, wyposa\u017cona w wra\u017cliwy na nacisk, agresywny, niezawieraj\u0105cy rozpuszczalnik\u00f3w klej kauczukowy.","breadcrumb":{"@id":"https:\/\/cardinal-tapes.com\/pl\/ta\u015bmy-samoprzylepne\/jednostronne-tasmy-samoprzylepne\/tasma-powlekana-pe\/at160-waterproof-fabric-tape-in-premium-quality-with-matt-surface\/#breadcrumb"},"inLanguage":"pl-PL","potentialAction":[{"@type":"ReadAction","target":["https:\/\/cardinal-tapes.com\/pl\/ta\u015bmy-samoprzylepne\/jednostronne-tasmy-samoprzylepne\/tasma-powlekana-pe\/at160-waterproof-fabric-tape-in-premium-quality-with-matt-surface\/"]}]},{"@type":"ImageObject","inLanguage":"pl-PL","@id":"https:\/\/cardinal-tapes.com\/pl\/ta\u015bmy-samoprzylepne\/jednostronne-tasmy-samoprzylepne\/tasma-powlekana-pe\/at160-waterproof-fabric-tape-in-premium-quality-with-matt-surface\/#primaryimage","url":"https:\/\/cardinal-tapes.com\/wp-content\/uploads\/Advance-Tapes_AT160_Group.jpg","contentUrl":"https:\/\/cardinal-tapes.com\/wp-content\/uploads\/Advance-Tapes_AT160_Group.jpg","width":600,"height":600},{"@type":"BreadcrumbList","@id":"https:\/\/cardinal-tapes.com\/pl\/ta\u015bmy-samoprzylepne\/jednostronne-tasmy-samoprzylepne\/tasma-powlekana-pe\/at160-waterproof-fabric-tape-in-premium-quality-with-matt-surface\/#breadcrumb","itemListElement":[{"@type":"ListItem","position":1,"name":"Startseite","item":"https:\/\/cardinal-tapes.com\/pl\/strona-glowna\/"},{"@type":"ListItem","position":2,"name":"Ta\u015bmy samoprzylepne","item":"https:\/\/cardinal-tapes.com\/pl\/tasmy-samoprzylepne-pl\/"},{"@type":"ListItem","position":3,"name":"Obszary zastosowa\u0144","item":"https:\/\/cardinal-tapes.com\/pl\/kategoria\/obszary-zastosowan\/"},{"@type":"ListItem","position":4,"name":"Ta\u015bma klej\u0105ca do tkanin","item":"https:\/\/cardinal-tapes.com\/pl\/kategoria\/tasma-klejaca-do-tkanin\/"},{"@type":"ListItem","position":5,"name":"Wodoodporna ta\u015bma materia\u0142owa AT160 o matowej powierzchni"}]},{"@type":"WebSite","@id":"https:\/\/cardinal-tapes.com\/#website","url":"https:\/\/cardinal-tapes.com\/","name":"cardinal TAPES","description":"Klebetechnik aus Wuppertal","potentialAction":[{"@type":"SearchAction","target":{"@type":"EntryPoint","urlTemplate":"https:\/\/cardinal-tapes.com\/?s={search_term_string}"},"query-input":{"@type":"PropertyValueSpecification","valueRequired":true,"valueName":"search_term_string"}}],"inLanguage":"pl-PL"}]}},"brands":[{"id":2419,"name":"Advance Tapes","slug":"advance-tapes-pl"}],"_links":{"self":[{"href":"https:\/\/cardinal-tapes.com\/pl\/wp-json\/wp\/v2\/product\/42023","targetHints":{"allow":["GET"]}}],"collection":[{"href":"https:\/\/cardinal-tapes.com\/pl\/wp-json\/wp\/v2\/product"}],"about":[{"href":"https:\/\/cardinal-tapes.com\/pl\/wp-json\/wp\/v2\/types\/product"}],"wp:featuredmedia":[{"embeddable":true,"href":"https:\/\/cardinal-tapes.com\/pl\/wp-json\/wp\/v2\/media\/28614"}],"wp:attachment":[{"href":"https:\/\/cardinal-tapes.com\/pl\/wp-json\/wp\/v2\/media?parent=42023"}],"wp:term":[{"taxonomy":"pwb-brand","embeddable":true,"href":"https:\/\/cardinal-tapes.com\/pl\/wp-json\/wp\/v2\/pwb-brand?post=42023"},{"taxonomy":"product_brand","embeddable":true,"href":"https:\/\/cardinal-tapes.com\/pl\/wp-json\/wp\/v2\/product_brand?post=42023"},{"taxonomy":"product_cat","embeddable":true,"href":"https:\/\/cardinal-tapes.com\/pl\/wp-json\/wp\/v2\/product_cat?post=42023"},{"taxonomy":"product_tag","embeddable":true,"href":"https:\/\/cardinal-tapes.com\/pl\/wp-json\/wp\/v2\/product_tag?post=42023"}],"curies":[{"name":"wp","href":"https:\/\/api.w.org\/{rel}","templated":true}]}}