{"id":42022,"date":"2020-12-18T13:00:45","date_gmt":"2023-06-05T14:56:29","guid":{"rendered":"https:\/\/cardinal.pixel-tal.de\/klebebaender\/bez-kategorii\/tasma-elektroizolacyjna-at7-pvc\/"},"modified":"2025-07-02T13:34:23","modified_gmt":"2025-07-02T11:34:23","slug":"at7-pvc-electrical-insulating-tape","status":"publish","type":"product","link":"https:\/\/cardinal-tapes.com\/pl\/ta\u015bmy-samoprzylepne\/jednostronne-tasmy-samoprzylepne\/folia-pvc\/at7-pvc-electrical-insulating-tape\/","title":{"rendered":"Ta\u015bma elektroizolacyjna AT7 PVC"},"content":{"rendered":"<div class=\"first_para_desc\">\n<p>AT7 to bezo\u0142owiowa ta\u015bma izolacyjna z PVC pokryta usieciowanym klejem kauczukowym na bazie rozcie\u0144czalnika. Nadaje si\u0119 do og\u00f3lnych prac zwi\u0105zanych z izolacj\u0105 elektryczn\u0105.<\/p>\n<\/div>\n<div class=\"rest_of_desc\">\n<p>AT7 spe\u0142nia wymagania normy BS EN 60454 Typ 2, jest trudnopalny i samogasn\u0105cy oraz nadaje si\u0119 do wszystkich zastosowa\u0144 mechanicznych i elektrycznych. \u0141atwo j\u0105 odwija\u0107, odrywa\u0107, a tak\u017ce zmniejsza ryzyko wyst\u0105pienia zespo\u0142u RSI. Ze wzgl\u0119du na swoj\u0105 odporno\u015b\u0107 na wod\u0119 i promieniowanie UV, mo\u017ce by\u0107 u\u017cywany wewn\u0105trz i na zewn\u0105trz. Jego ekstremalna zdolno\u015b\u0107 adaptacji pozwala na stosowanie go na trudnych powierzchniach.<\/p>\n<\/div>\n<p><strong>Zastosowania<\/strong><\/p>\n<ul>\n<li>Kodowanie kolorami i izolacja przewod\u00f3w elektrycznych<\/li>\n<li>Kodowanie kolorami, przechowywanie p\u00f3\u0142produkt\u00f3w i wyrob\u00f3w gotowych podczas produkcji<\/li>\n<li>Wi\u0105zki przewod\u00f3w, izolacja, ochrona przed \u015bcieraniem dla firm OEM na rynku AGD.<\/li>\n<li>Pokrycie podczas powlekania chemicznego i galwanicznego<\/li>\n<li>Maskowanie i ochrona iluminator\u00f3w samolot\u00f3w podczas produkcji<\/li>\n<li>Maskowanie k\u00f3\u0142 samolot\u00f3w podczas kadmowania<\/li>\n<\/ul>\n","protected":false},"excerpt":{"rendered":"<p>AT7 to bezo\u0142owiowa ta\u015bma izolacyjna z PVC pokryta usieciowanym klejem kauczukowym na bazie rozcie\u0144czalnika. Nadaje si\u0119 do og\u00f3lnych prac zwi\u0105zanych z izolacj\u0105 elektryczn\u0105. AT7 spe\u0142nia wymagania normy BS EN 60454 Typ 2, jest trudnopalny i samogasn\u0105cy oraz nadaje si\u0119 do wszystkich zastosowa\u0144 mechanicznych i elektrycznych. \u0141atwo j\u0105 odwija\u0107, odrywa\u0107, a tak\u017ce zmniejsza ryzyko wyst\u0105pienia zespo\u0142u [&hellip;]<\/p>\n","protected":false},"featured_media":28622,"template":"","meta":{"_acf_changed":false},"pwb-brand":[2419],"product_brand":[],"product_cat":[1693,1717,1816,1821],"product_tag":[],"class_list":{"0":"post-42022","1":"product","2":"type-product","3":"status-publish","4":"has-post-thumbnail","6":"pwb-brand-advance-tapes-pl","7":"product_cat-przemysl-elektryczny","8":"product_cat-tasma-powlekana-tworzywem-sztucznym","9":"product_cat-jednostronne-tasmy-samoprzylepne","10":"product_cat-folia-pvc","12":"first","13":"instock","14":"taxable","15":"shipping-taxable","16":"purchasable","17":"product-type-variable"},"acf":[],"yoast_head":"<!-- This site is optimized with the Yoast SEO plugin v27.3 - https:\/\/yoast.com\/product\/yoast-seo-wordpress\/ -->\n<title>Ta\u015bma izolacyjna AT7 PVC | Cardinal TAPES<\/title>\n<meta name=\"description\" content=\"Ta\u015bma elektroizolacyjna wykonana z PVC, pokryta wra\u017cliwym na nacisk, usieciowanym klejem kauczukowo-\u017cywicznym na bazie rozpuszczalnika.\" \/>\n<meta name=\"robots\" content=\"index, follow, max-snippet:-1, max-image-preview:large, max-video-preview:-1\" \/>\n<link rel=\"canonical\" href=\"https:\/\/cardinal-tapes.com\/pl\/ta\u015bmy-samoprzylepne\/jednostronne-tasmy-samoprzylepne\/folia-pvc\/at7-pvc-electrical-insulating-tape\/\" \/>\n<meta property=\"og:locale\" content=\"pl_PL\" \/>\n<meta property=\"og:type\" content=\"article\" \/>\n<meta property=\"og:title\" content=\"Ta\u015bma izolacyjna AT7 PVC | Cardinal TAPES\" \/>\n<meta property=\"og:description\" content=\"Ta\u015bma elektroizolacyjna wykonana z PVC, pokryta wra\u017cliwym na nacisk, usieciowanym klejem kauczukowo-\u017cywicznym na bazie rozpuszczalnika.\" \/>\n<meta property=\"og:url\" content=\"https:\/\/cardinal-tapes.com\/pl\/ta\u015bmy-samoprzylepne\/jednostronne-tasmy-samoprzylepne\/folia-pvc\/at7-pvc-electrical-insulating-tape\/\" \/>\n<meta property=\"og:site_name\" content=\"cardinal TAPES\" \/>\n<meta property=\"article:modified_time\" content=\"2025-07-02T11:34:23+00:00\" \/>\n<meta property=\"og:image\" content=\"https:\/\/cardinal-tapes.com\/wp-content\/uploads\/Advance-Tapes_AT0007_Group.jpg\" \/>\n\t<meta property=\"og:image:width\" content=\"600\" \/>\n\t<meta property=\"og:image:height\" content=\"600\" \/>\n\t<meta property=\"og:image:type\" content=\"image\/jpeg\" \/>\n<meta name=\"twitter:card\" content=\"summary_large_image\" \/>\n<meta name=\"twitter:label1\" content=\"Szacowany czas czytania\" \/>\n\t<meta name=\"twitter:data1\" content=\"1 minuta\" \/>\n<script type=\"application\/ld+json\" class=\"yoast-schema-graph\">{\"@context\":\"https:\\\/\\\/schema.org\",\"@graph\":[{\"@type\":\"WebPage\",\"@id\":\"https:\\\/\\\/cardinal-tapes.com\\\/pl\\\/ta\u015bmy-samoprzylepne\\\/jednostronne-tasmy-samoprzylepne\\\/folia-pvc\\\/at7-pvc-electrical-insulating-tape\\\/\",\"url\":\"https:\\\/\\\/cardinal-tapes.com\\\/pl\\\/ta\u015bmy-samoprzylepne\\\/jednostronne-tasmy-samoprzylepne\\\/folia-pvc\\\/at7-pvc-electrical-insulating-tape\\\/\",\"name\":\"Ta\u015bma izolacyjna AT7 PVC | Cardinal TAPES\",\"isPartOf\":{\"@id\":\"https:\\\/\\\/cardinal-tapes.com\\\/#website\"},\"primaryImageOfPage\":{\"@id\":\"https:\\\/\\\/cardinal-tapes.com\\\/pl\\\/ta\u015bmy-samoprzylepne\\\/jednostronne-tasmy-samoprzylepne\\\/folia-pvc\\\/at7-pvc-electrical-insulating-tape\\\/#primaryimage\"},\"image\":{\"@id\":\"https:\\\/\\\/cardinal-tapes.com\\\/pl\\\/ta\u015bmy-samoprzylepne\\\/jednostronne-tasmy-samoprzylepne\\\/folia-pvc\\\/at7-pvc-electrical-insulating-tape\\\/#primaryimage\"},\"thumbnailUrl\":\"https:\\\/\\\/cardinal-tapes.com\\\/wp-content\\\/uploads\\\/Advance-Tapes_AT0007_Group.jpg\",\"datePublished\":\"2023-06-05T14:56:29+00:00\",\"dateModified\":\"2025-07-02T11:34:23+00:00\",\"description\":\"Ta\u015bma elektroizolacyjna wykonana z PVC, pokryta wra\u017cliwym na nacisk, usieciowanym klejem kauczukowo-\u017cywicznym na bazie rozpuszczalnika.\",\"breadcrumb\":{\"@id\":\"https:\\\/\\\/cardinal-tapes.com\\\/pl\\\/ta\u015bmy-samoprzylepne\\\/jednostronne-tasmy-samoprzylepne\\\/folia-pvc\\\/at7-pvc-electrical-insulating-tape\\\/#breadcrumb\"},\"inLanguage\":\"pl-PL\",\"potentialAction\":[{\"@type\":\"ReadAction\",\"target\":[\"https:\\\/\\\/cardinal-tapes.com\\\/pl\\\/ta\u015bmy-samoprzylepne\\\/jednostronne-tasmy-samoprzylepne\\\/folia-pvc\\\/at7-pvc-electrical-insulating-tape\\\/\"]}]},{\"@type\":\"ImageObject\",\"inLanguage\":\"pl-PL\",\"@id\":\"https:\\\/\\\/cardinal-tapes.com\\\/pl\\\/ta\u015bmy-samoprzylepne\\\/jednostronne-tasmy-samoprzylepne\\\/folia-pvc\\\/at7-pvc-electrical-insulating-tape\\\/#primaryimage\",\"url\":\"https:\\\/\\\/cardinal-tapes.com\\\/wp-content\\\/uploads\\\/Advance-Tapes_AT0007_Group.jpg\",\"contentUrl\":\"https:\\\/\\\/cardinal-tapes.com\\\/wp-content\\\/uploads\\\/Advance-Tapes_AT0007_Group.jpg\",\"width\":600,\"height\":600},{\"@type\":\"BreadcrumbList\",\"@id\":\"https:\\\/\\\/cardinal-tapes.com\\\/pl\\\/ta\u015bmy-samoprzylepne\\\/jednostronne-tasmy-samoprzylepne\\\/folia-pvc\\\/at7-pvc-electrical-insulating-tape\\\/#breadcrumb\",\"itemListElement\":[{\"@type\":\"ListItem\",\"position\":1,\"name\":\"Startseite\",\"item\":\"https:\\\/\\\/cardinal-tapes.com\\\/pl\\\/strona-glowna\\\/\"},{\"@type\":\"ListItem\",\"position\":2,\"name\":\"Ta\u015bmy samoprzylepne\",\"item\":\"https:\\\/\\\/cardinal-tapes.com\\\/pl\\\/tasmy-samoprzylepne-pl\\\/\"},{\"@type\":\"ListItem\",\"position\":3,\"name\":\"Obszary zastosowa\u0144\",\"item\":\"https:\\\/\\\/cardinal-tapes.com\\\/pl\\\/kategoria\\\/obszary-zastosowan\\\/\"},{\"@type\":\"ListItem\",\"position\":4,\"name\":\"Przemys\u0142 elektryczny\",\"item\":\"https:\\\/\\\/cardinal-tapes.com\\\/pl\\\/kategoria\\\/przemysl-elektryczny\\\/\"},{\"@type\":\"ListItem\",\"position\":5,\"name\":\"Ta\u015bma elektroizolacyjna AT7 PVC\"}]},{\"@type\":\"WebSite\",\"@id\":\"https:\\\/\\\/cardinal-tapes.com\\\/#website\",\"url\":\"https:\\\/\\\/cardinal-tapes.com\\\/\",\"name\":\"cardinal TAPES\",\"description\":\"Klebetechnik aus Wuppertal\",\"potentialAction\":[{\"@type\":\"SearchAction\",\"target\":{\"@type\":\"EntryPoint\",\"urlTemplate\":\"https:\\\/\\\/cardinal-tapes.com\\\/?s={search_term_string}\"},\"query-input\":{\"@type\":\"PropertyValueSpecification\",\"valueRequired\":true,\"valueName\":\"search_term_string\"}}],\"inLanguage\":\"pl-PL\"}]}<\/script>\n<!-- \/ Yoast SEO plugin. -->","yoast_head_json":{"title":"Ta\u015bma izolacyjna AT7 PVC | Cardinal TAPES","description":"Ta\u015bma elektroizolacyjna wykonana z PVC, pokryta wra\u017cliwym na nacisk, usieciowanym klejem kauczukowo-\u017cywicznym na bazie rozpuszczalnika.","robots":{"index":"index","follow":"follow","max-snippet":"max-snippet:-1","max-image-preview":"max-image-preview:large","max-video-preview":"max-video-preview:-1"},"canonical":"https:\/\/cardinal-tapes.com\/pl\/ta\u015bmy-samoprzylepne\/jednostronne-tasmy-samoprzylepne\/folia-pvc\/at7-pvc-electrical-insulating-tape\/","og_locale":"pl_PL","og_type":"article","og_title":"Ta\u015bma izolacyjna AT7 PVC | Cardinal TAPES","og_description":"Ta\u015bma elektroizolacyjna wykonana z PVC, pokryta wra\u017cliwym na nacisk, usieciowanym klejem kauczukowo-\u017cywicznym na bazie rozpuszczalnika.","og_url":"https:\/\/cardinal-tapes.com\/pl\/ta\u015bmy-samoprzylepne\/jednostronne-tasmy-samoprzylepne\/folia-pvc\/at7-pvc-electrical-insulating-tape\/","og_site_name":"cardinal TAPES","article_modified_time":"2025-07-02T11:34:23+00:00","og_image":[{"width":600,"height":600,"url":"https:\/\/cardinal-tapes.com\/wp-content\/uploads\/Advance-Tapes_AT0007_Group.jpg","type":"image\/jpeg"}],"twitter_card":"summary_large_image","twitter_misc":{"Szacowany czas czytania":"1 minuta"},"schema":{"@context":"https:\/\/schema.org","@graph":[{"@type":"WebPage","@id":"https:\/\/cardinal-tapes.com\/pl\/ta\u015bmy-samoprzylepne\/jednostronne-tasmy-samoprzylepne\/folia-pvc\/at7-pvc-electrical-insulating-tape\/","url":"https:\/\/cardinal-tapes.com\/pl\/ta\u015bmy-samoprzylepne\/jednostronne-tasmy-samoprzylepne\/folia-pvc\/at7-pvc-electrical-insulating-tape\/","name":"Ta\u015bma izolacyjna AT7 PVC | Cardinal TAPES","isPartOf":{"@id":"https:\/\/cardinal-tapes.com\/#website"},"primaryImageOfPage":{"@id":"https:\/\/cardinal-tapes.com\/pl\/ta\u015bmy-samoprzylepne\/jednostronne-tasmy-samoprzylepne\/folia-pvc\/at7-pvc-electrical-insulating-tape\/#primaryimage"},"image":{"@id":"https:\/\/cardinal-tapes.com\/pl\/ta\u015bmy-samoprzylepne\/jednostronne-tasmy-samoprzylepne\/folia-pvc\/at7-pvc-electrical-insulating-tape\/#primaryimage"},"thumbnailUrl":"https:\/\/cardinal-tapes.com\/wp-content\/uploads\/Advance-Tapes_AT0007_Group.jpg","datePublished":"2023-06-05T14:56:29+00:00","dateModified":"2025-07-02T11:34:23+00:00","description":"Ta\u015bma elektroizolacyjna wykonana z PVC, pokryta wra\u017cliwym na nacisk, usieciowanym klejem kauczukowo-\u017cywicznym na bazie rozpuszczalnika.","breadcrumb":{"@id":"https:\/\/cardinal-tapes.com\/pl\/ta\u015bmy-samoprzylepne\/jednostronne-tasmy-samoprzylepne\/folia-pvc\/at7-pvc-electrical-insulating-tape\/#breadcrumb"},"inLanguage":"pl-PL","potentialAction":[{"@type":"ReadAction","target":["https:\/\/cardinal-tapes.com\/pl\/ta\u015bmy-samoprzylepne\/jednostronne-tasmy-samoprzylepne\/folia-pvc\/at7-pvc-electrical-insulating-tape\/"]}]},{"@type":"ImageObject","inLanguage":"pl-PL","@id":"https:\/\/cardinal-tapes.com\/pl\/ta\u015bmy-samoprzylepne\/jednostronne-tasmy-samoprzylepne\/folia-pvc\/at7-pvc-electrical-insulating-tape\/#primaryimage","url":"https:\/\/cardinal-tapes.com\/wp-content\/uploads\/Advance-Tapes_AT0007_Group.jpg","contentUrl":"https:\/\/cardinal-tapes.com\/wp-content\/uploads\/Advance-Tapes_AT0007_Group.jpg","width":600,"height":600},{"@type":"BreadcrumbList","@id":"https:\/\/cardinal-tapes.com\/pl\/ta\u015bmy-samoprzylepne\/jednostronne-tasmy-samoprzylepne\/folia-pvc\/at7-pvc-electrical-insulating-tape\/#breadcrumb","itemListElement":[{"@type":"ListItem","position":1,"name":"Startseite","item":"https:\/\/cardinal-tapes.com\/pl\/strona-glowna\/"},{"@type":"ListItem","position":2,"name":"Ta\u015bmy samoprzylepne","item":"https:\/\/cardinal-tapes.com\/pl\/tasmy-samoprzylepne-pl\/"},{"@type":"ListItem","position":3,"name":"Obszary zastosowa\u0144","item":"https:\/\/cardinal-tapes.com\/pl\/kategoria\/obszary-zastosowan\/"},{"@type":"ListItem","position":4,"name":"Przemys\u0142 elektryczny","item":"https:\/\/cardinal-tapes.com\/pl\/kategoria\/przemysl-elektryczny\/"},{"@type":"ListItem","position":5,"name":"Ta\u015bma elektroizolacyjna AT7 PVC"}]},{"@type":"WebSite","@id":"https:\/\/cardinal-tapes.com\/#website","url":"https:\/\/cardinal-tapes.com\/","name":"cardinal TAPES","description":"Klebetechnik aus Wuppertal","potentialAction":[{"@type":"SearchAction","target":{"@type":"EntryPoint","urlTemplate":"https:\/\/cardinal-tapes.com\/?s={search_term_string}"},"query-input":{"@type":"PropertyValueSpecification","valueRequired":true,"valueName":"search_term_string"}}],"inLanguage":"pl-PL"}]}},"brands":[{"id":2419,"name":"Advance Tapes","slug":"advance-tapes-pl"}],"_links":{"self":[{"href":"https:\/\/cardinal-tapes.com\/pl\/wp-json\/wp\/v2\/product\/42022","targetHints":{"allow":["GET"]}}],"collection":[{"href":"https:\/\/cardinal-tapes.com\/pl\/wp-json\/wp\/v2\/product"}],"about":[{"href":"https:\/\/cardinal-tapes.com\/pl\/wp-json\/wp\/v2\/types\/product"}],"wp:featuredmedia":[{"embeddable":true,"href":"https:\/\/cardinal-tapes.com\/pl\/wp-json\/wp\/v2\/media\/28622"}],"wp:attachment":[{"href":"https:\/\/cardinal-tapes.com\/pl\/wp-json\/wp\/v2\/media?parent=42022"}],"wp:term":[{"taxonomy":"pwb-brand","embeddable":true,"href":"https:\/\/cardinal-tapes.com\/pl\/wp-json\/wp\/v2\/pwb-brand?post=42022"},{"taxonomy":"product_brand","embeddable":true,"href":"https:\/\/cardinal-tapes.com\/pl\/wp-json\/wp\/v2\/product_brand?post=42022"},{"taxonomy":"product_cat","embeddable":true,"href":"https:\/\/cardinal-tapes.com\/pl\/wp-json\/wp\/v2\/product_cat?post=42022"},{"taxonomy":"product_tag","embeddable":true,"href":"https:\/\/cardinal-tapes.com\/pl\/wp-json\/wp\/v2\/product_tag?post=42022"}],"curies":[{"name":"wp","href":"https:\/\/api.w.org\/{rel}","templated":true}]}}