{"id":42020,"date":"2020-12-21T15:01:37","date_gmt":"2023-06-05T14:56:29","guid":{"rendered":"https:\/\/cardinal.pixel-tal.de\/klebebaender\/bez-kategorii\/at200-ultra-matt-advance-gaffa-tape\/"},"modified":"2025-07-02T13:44:54","modified_gmt":"2025-07-02T11:44:54","slug":"at200-ultra-mattes-advance-gaffa-band","status":"publish","type":"product","link":"https:\/\/cardinal-tapes.com\/pl\/ta\u015bmy-samoprzylepne\/obszary-zastosowan\/tasma-klejaca-do-tkanin\/at200-ultra-mattes-advance-gaffa-band\/","title":{"rendered":"AT200 Ultra Matt Advance Gaffa\u00ae Tape"},"content":{"rendered":"<div class=\"first_para_desc\">\n<div class=\"first_para_desc\">\n<div class=\"first_para_desc\">\n<p>Ta\u015bma Advance Gaffa\u00ae ma doskona\u0142e w\u0142a\u015bciwo\u015bci zmniejszaj\u0105ce palno\u015b\u0107, dzi\u0119ki czemu idealnie nadaje si\u0119 na sceny i stadiony.<\/p>\n<p>\u0141atwy w u\u017cyciu AT200 zapewnia dodatkow\u0105 wydajno\u015b\u0107 i odporno\u015b\u0107 na wod\u0119 i \u015bcieranie.<\/p>\n<p>Dobrze przylega do g\u0142adkich i nier\u00f3wnych powierzchni w niskich i wysokich temperaturach. Jego ultramatowa powierzchnia minimalizuje refleksy \u015bwietlne i odbicia lustrzane.<\/p>\n<\/div>\n<p><strong>Zastosowania<\/strong><\/p>\n<ul>\n<li>Zabezpieczanie i wi\u0105zanie kabli.<\/li>\n<li>Kodowanie kolorami o\u015bwietlenia i konsol mikserskich<\/li>\n<li>Zabezpieczanie opraw o\u015bwietleniowych i urz\u0105dze\u0144.<\/li>\n<\/ul>\n<\/div>\n<\/div>\n","protected":false},"excerpt":{"rendered":"<p>Ta\u015bma Advance Gaffa\u00ae ma doskona\u0142e w\u0142a\u015bciwo\u015bci zmniejszaj\u0105ce palno\u015b\u0107, dzi\u0119ki czemu idealnie nadaje si\u0119 na sceny i stadiony. \u0141atwy w u\u017cyciu AT200 zapewnia dodatkow\u0105 wydajno\u015b\u0107 i odporno\u015b\u0107 na wod\u0119 i \u015bcieranie. Dobrze przylega do g\u0142adkich i nier\u00f3wnych powierzchni w niskich i wysokich temperaturach. Jego ultramatowa powierzchnia minimalizuje refleksy \u015bwietlne i odbicia lustrzane. Zastosowania Zabezpieczanie i wi\u0105zanie [&hellip;]<\/p>\n","protected":false},"featured_media":28670,"template":"","meta":{"_acf_changed":false},"pwb-brand":[2419],"product_brand":[],"product_cat":[1715,1717,1816],"product_tag":[],"class_list":{"0":"post-42020","1":"product","2":"type-product","3":"status-publish","4":"has-post-thumbnail","6":"pwb-brand-advance-tapes-pl","7":"product_cat-tasma-klejaca-do-tkanin","8":"product_cat-tasma-powlekana-tworzywem-sztucznym","9":"product_cat-jednostronne-tasmy-samoprzylepne","11":"first","12":"instock","13":"taxable","14":"shipping-taxable","15":"purchasable","16":"product-type-variable"},"acf":[],"yoast_head":"<!-- This site is optimized with the Yoast SEO plugin v27.3 - https:\/\/yoast.com\/product\/yoast-seo-wordpress\/ -->\n<title>AT200 Ultra Matt Advance Gaffa\u00ae Tape | Cardinal TAPES<\/title>\n<meta name=\"description\" content=\"Advance Gaffa\u00ae ma doskona\u0142e w\u0142a\u015bciwo\u015bci zmniejszaj\u0105ce palno\u015b\u0107, dzi\u0119ki czemu idealnie nadaje si\u0119 na sceny i stadiony.\" \/>\n<meta name=\"robots\" content=\"index, follow, max-snippet:-1, max-image-preview:large, max-video-preview:-1\" \/>\n<link rel=\"canonical\" href=\"https:\/\/cardinal-tapes.com\/pl\/ta\u015bmy-samoprzylepne\/obszary-zastosowan\/tasma-klejaca-do-tkanin\/at200-ultra-mattes-advance-gaffa-band\/\" \/>\n<meta property=\"og:locale\" content=\"pl_PL\" \/>\n<meta property=\"og:type\" content=\"article\" \/>\n<meta property=\"og:title\" content=\"AT200 Ultra Matt Advance Gaffa\u00ae Tape | Cardinal TAPES\" \/>\n<meta property=\"og:description\" content=\"Advance Gaffa\u00ae ma doskona\u0142e w\u0142a\u015bciwo\u015bci zmniejszaj\u0105ce palno\u015b\u0107, dzi\u0119ki czemu idealnie nadaje si\u0119 na sceny i stadiony.\" \/>\n<meta property=\"og:url\" content=\"https:\/\/cardinal-tapes.com\/pl\/ta\u015bmy-samoprzylepne\/obszary-zastosowan\/tasma-klejaca-do-tkanin\/at200-ultra-mattes-advance-gaffa-band\/\" \/>\n<meta property=\"og:site_name\" content=\"cardinal TAPES\" \/>\n<meta property=\"article:modified_time\" content=\"2025-07-02T11:44:54+00:00\" \/>\n<meta property=\"og:image\" content=\"https:\/\/cardinal-tapes.com\/wp-content\/uploads\/AT0200Black-100.jpg\" \/>\n\t<meta property=\"og:image:width\" content=\"750\" \/>\n\t<meta property=\"og:image:height\" content=\"750\" \/>\n\t<meta property=\"og:image:type\" content=\"image\/jpeg\" \/>\n<meta name=\"twitter:card\" content=\"summary_large_image\" \/>\n<script type=\"application\/ld+json\" class=\"yoast-schema-graph\">{\"@context\":\"https:\\\/\\\/schema.org\",\"@graph\":[{\"@type\":\"WebPage\",\"@id\":\"https:\\\/\\\/cardinal-tapes.com\\\/pl\\\/ta\u015bmy-samoprzylepne\\\/obszary-zastosowan\\\/tasma-klejaca-do-tkanin\\\/at200-ultra-mattes-advance-gaffa-band\\\/\",\"url\":\"https:\\\/\\\/cardinal-tapes.com\\\/pl\\\/ta\u015bmy-samoprzylepne\\\/obszary-zastosowan\\\/tasma-klejaca-do-tkanin\\\/at200-ultra-mattes-advance-gaffa-band\\\/\",\"name\":\"AT200 Ultra Matt Advance Gaffa\u00ae Tape | Cardinal TAPES\",\"isPartOf\":{\"@id\":\"https:\\\/\\\/cardinal-tapes.com\\\/#website\"},\"primaryImageOfPage\":{\"@id\":\"https:\\\/\\\/cardinal-tapes.com\\\/pl\\\/ta\u015bmy-samoprzylepne\\\/obszary-zastosowan\\\/tasma-klejaca-do-tkanin\\\/at200-ultra-mattes-advance-gaffa-band\\\/#primaryimage\"},\"image\":{\"@id\":\"https:\\\/\\\/cardinal-tapes.com\\\/pl\\\/ta\u015bmy-samoprzylepne\\\/obszary-zastosowan\\\/tasma-klejaca-do-tkanin\\\/at200-ultra-mattes-advance-gaffa-band\\\/#primaryimage\"},\"thumbnailUrl\":\"https:\\\/\\\/cardinal-tapes.com\\\/wp-content\\\/uploads\\\/AT0200Black-100.jpg\",\"datePublished\":\"2023-06-05T14:56:29+00:00\",\"dateModified\":\"2025-07-02T11:44:54+00:00\",\"description\":\"Advance Gaffa\u00ae ma doskona\u0142e w\u0142a\u015bciwo\u015bci zmniejszaj\u0105ce palno\u015b\u0107, dzi\u0119ki czemu idealnie nadaje si\u0119 na sceny i stadiony.\",\"breadcrumb\":{\"@id\":\"https:\\\/\\\/cardinal-tapes.com\\\/pl\\\/ta\u015bmy-samoprzylepne\\\/obszary-zastosowan\\\/tasma-klejaca-do-tkanin\\\/at200-ultra-mattes-advance-gaffa-band\\\/#breadcrumb\"},\"inLanguage\":\"pl-PL\",\"potentialAction\":[{\"@type\":\"ReadAction\",\"target\":[\"https:\\\/\\\/cardinal-tapes.com\\\/pl\\\/ta\u015bmy-samoprzylepne\\\/obszary-zastosowan\\\/tasma-klejaca-do-tkanin\\\/at200-ultra-mattes-advance-gaffa-band\\\/\"]}]},{\"@type\":\"ImageObject\",\"inLanguage\":\"pl-PL\",\"@id\":\"https:\\\/\\\/cardinal-tapes.com\\\/pl\\\/ta\u015bmy-samoprzylepne\\\/obszary-zastosowan\\\/tasma-klejaca-do-tkanin\\\/at200-ultra-mattes-advance-gaffa-band\\\/#primaryimage\",\"url\":\"https:\\\/\\\/cardinal-tapes.com\\\/wp-content\\\/uploads\\\/AT0200Black-100.jpg\",\"contentUrl\":\"https:\\\/\\\/cardinal-tapes.com\\\/wp-content\\\/uploads\\\/AT0200Black-100.jpg\",\"width\":750,\"height\":750},{\"@type\":\"BreadcrumbList\",\"@id\":\"https:\\\/\\\/cardinal-tapes.com\\\/pl\\\/ta\u015bmy-samoprzylepne\\\/obszary-zastosowan\\\/tasma-klejaca-do-tkanin\\\/at200-ultra-mattes-advance-gaffa-band\\\/#breadcrumb\",\"itemListElement\":[{\"@type\":\"ListItem\",\"position\":1,\"name\":\"Startseite\",\"item\":\"https:\\\/\\\/cardinal-tapes.com\\\/pl\\\/strona-glowna\\\/\"},{\"@type\":\"ListItem\",\"position\":2,\"name\":\"Ta\u015bmy samoprzylepne\",\"item\":\"https:\\\/\\\/cardinal-tapes.com\\\/pl\\\/tasmy-samoprzylepne-pl\\\/\"},{\"@type\":\"ListItem\",\"position\":3,\"name\":\"Obszary zastosowa\u0144\",\"item\":\"https:\\\/\\\/cardinal-tapes.com\\\/pl\\\/kategoria\\\/obszary-zastosowan\\\/\"},{\"@type\":\"ListItem\",\"position\":4,\"name\":\"Ta\u015bma klej\u0105ca do tkanin\",\"item\":\"https:\\\/\\\/cardinal-tapes.com\\\/pl\\\/kategoria\\\/tasma-klejaca-do-tkanin\\\/\"},{\"@type\":\"ListItem\",\"position\":5,\"name\":\"AT200 Ultra Matt Advance Gaffa\u00ae Tape\"}]},{\"@type\":\"WebSite\",\"@id\":\"https:\\\/\\\/cardinal-tapes.com\\\/#website\",\"url\":\"https:\\\/\\\/cardinal-tapes.com\\\/\",\"name\":\"cardinal TAPES\",\"description\":\"Klebetechnik aus Wuppertal\",\"potentialAction\":[{\"@type\":\"SearchAction\",\"target\":{\"@type\":\"EntryPoint\",\"urlTemplate\":\"https:\\\/\\\/cardinal-tapes.com\\\/?s={search_term_string}\"},\"query-input\":{\"@type\":\"PropertyValueSpecification\",\"valueRequired\":true,\"valueName\":\"search_term_string\"}}],\"inLanguage\":\"pl-PL\"}]}<\/script>\n<!-- \/ Yoast SEO plugin. -->","yoast_head_json":{"title":"AT200 Ultra Matt Advance Gaffa\u00ae Tape | Cardinal TAPES","description":"Advance Gaffa\u00ae ma doskona\u0142e w\u0142a\u015bciwo\u015bci zmniejszaj\u0105ce palno\u015b\u0107, dzi\u0119ki czemu idealnie nadaje si\u0119 na sceny i stadiony.","robots":{"index":"index","follow":"follow","max-snippet":"max-snippet:-1","max-image-preview":"max-image-preview:large","max-video-preview":"max-video-preview:-1"},"canonical":"https:\/\/cardinal-tapes.com\/pl\/ta\u015bmy-samoprzylepne\/obszary-zastosowan\/tasma-klejaca-do-tkanin\/at200-ultra-mattes-advance-gaffa-band\/","og_locale":"pl_PL","og_type":"article","og_title":"AT200 Ultra Matt Advance Gaffa\u00ae Tape | Cardinal TAPES","og_description":"Advance Gaffa\u00ae ma doskona\u0142e w\u0142a\u015bciwo\u015bci zmniejszaj\u0105ce palno\u015b\u0107, dzi\u0119ki czemu idealnie nadaje si\u0119 na sceny i stadiony.","og_url":"https:\/\/cardinal-tapes.com\/pl\/ta\u015bmy-samoprzylepne\/obszary-zastosowan\/tasma-klejaca-do-tkanin\/at200-ultra-mattes-advance-gaffa-band\/","og_site_name":"cardinal TAPES","article_modified_time":"2025-07-02T11:44:54+00:00","og_image":[{"width":750,"height":750,"url":"https:\/\/cardinal-tapes.com\/wp-content\/uploads\/AT0200Black-100.jpg","type":"image\/jpeg"}],"twitter_card":"summary_large_image","schema":{"@context":"https:\/\/schema.org","@graph":[{"@type":"WebPage","@id":"https:\/\/cardinal-tapes.com\/pl\/ta\u015bmy-samoprzylepne\/obszary-zastosowan\/tasma-klejaca-do-tkanin\/at200-ultra-mattes-advance-gaffa-band\/","url":"https:\/\/cardinal-tapes.com\/pl\/ta\u015bmy-samoprzylepne\/obszary-zastosowan\/tasma-klejaca-do-tkanin\/at200-ultra-mattes-advance-gaffa-band\/","name":"AT200 Ultra Matt Advance Gaffa\u00ae Tape | Cardinal TAPES","isPartOf":{"@id":"https:\/\/cardinal-tapes.com\/#website"},"primaryImageOfPage":{"@id":"https:\/\/cardinal-tapes.com\/pl\/ta\u015bmy-samoprzylepne\/obszary-zastosowan\/tasma-klejaca-do-tkanin\/at200-ultra-mattes-advance-gaffa-band\/#primaryimage"},"image":{"@id":"https:\/\/cardinal-tapes.com\/pl\/ta\u015bmy-samoprzylepne\/obszary-zastosowan\/tasma-klejaca-do-tkanin\/at200-ultra-mattes-advance-gaffa-band\/#primaryimage"},"thumbnailUrl":"https:\/\/cardinal-tapes.com\/wp-content\/uploads\/AT0200Black-100.jpg","datePublished":"2023-06-05T14:56:29+00:00","dateModified":"2025-07-02T11:44:54+00:00","description":"Advance Gaffa\u00ae ma doskona\u0142e w\u0142a\u015bciwo\u015bci zmniejszaj\u0105ce palno\u015b\u0107, dzi\u0119ki czemu idealnie nadaje si\u0119 na sceny i stadiony.","breadcrumb":{"@id":"https:\/\/cardinal-tapes.com\/pl\/ta\u015bmy-samoprzylepne\/obszary-zastosowan\/tasma-klejaca-do-tkanin\/at200-ultra-mattes-advance-gaffa-band\/#breadcrumb"},"inLanguage":"pl-PL","potentialAction":[{"@type":"ReadAction","target":["https:\/\/cardinal-tapes.com\/pl\/ta\u015bmy-samoprzylepne\/obszary-zastosowan\/tasma-klejaca-do-tkanin\/at200-ultra-mattes-advance-gaffa-band\/"]}]},{"@type":"ImageObject","inLanguage":"pl-PL","@id":"https:\/\/cardinal-tapes.com\/pl\/ta\u015bmy-samoprzylepne\/obszary-zastosowan\/tasma-klejaca-do-tkanin\/at200-ultra-mattes-advance-gaffa-band\/#primaryimage","url":"https:\/\/cardinal-tapes.com\/wp-content\/uploads\/AT0200Black-100.jpg","contentUrl":"https:\/\/cardinal-tapes.com\/wp-content\/uploads\/AT0200Black-100.jpg","width":750,"height":750},{"@type":"BreadcrumbList","@id":"https:\/\/cardinal-tapes.com\/pl\/ta\u015bmy-samoprzylepne\/obszary-zastosowan\/tasma-klejaca-do-tkanin\/at200-ultra-mattes-advance-gaffa-band\/#breadcrumb","itemListElement":[{"@type":"ListItem","position":1,"name":"Startseite","item":"https:\/\/cardinal-tapes.com\/pl\/strona-glowna\/"},{"@type":"ListItem","position":2,"name":"Ta\u015bmy samoprzylepne","item":"https:\/\/cardinal-tapes.com\/pl\/tasmy-samoprzylepne-pl\/"},{"@type":"ListItem","position":3,"name":"Obszary zastosowa\u0144","item":"https:\/\/cardinal-tapes.com\/pl\/kategoria\/obszary-zastosowan\/"},{"@type":"ListItem","position":4,"name":"Ta\u015bma klej\u0105ca do tkanin","item":"https:\/\/cardinal-tapes.com\/pl\/kategoria\/tasma-klejaca-do-tkanin\/"},{"@type":"ListItem","position":5,"name":"AT200 Ultra Matt Advance Gaffa\u00ae Tape"}]},{"@type":"WebSite","@id":"https:\/\/cardinal-tapes.com\/#website","url":"https:\/\/cardinal-tapes.com\/","name":"cardinal TAPES","description":"Klebetechnik aus Wuppertal","potentialAction":[{"@type":"SearchAction","target":{"@type":"EntryPoint","urlTemplate":"https:\/\/cardinal-tapes.com\/?s={search_term_string}"},"query-input":{"@type":"PropertyValueSpecification","valueRequired":true,"valueName":"search_term_string"}}],"inLanguage":"pl-PL"}]}},"brands":[{"id":2419,"name":"Advance Tapes","slug":"advance-tapes-pl"}],"_links":{"self":[{"href":"https:\/\/cardinal-tapes.com\/pl\/wp-json\/wp\/v2\/product\/42020","targetHints":{"allow":["GET"]}}],"collection":[{"href":"https:\/\/cardinal-tapes.com\/pl\/wp-json\/wp\/v2\/product"}],"about":[{"href":"https:\/\/cardinal-tapes.com\/pl\/wp-json\/wp\/v2\/types\/product"}],"wp:featuredmedia":[{"embeddable":true,"href":"https:\/\/cardinal-tapes.com\/pl\/wp-json\/wp\/v2\/media\/28670"}],"wp:attachment":[{"href":"https:\/\/cardinal-tapes.com\/pl\/wp-json\/wp\/v2\/media?parent=42020"}],"wp:term":[{"taxonomy":"pwb-brand","embeddable":true,"href":"https:\/\/cardinal-tapes.com\/pl\/wp-json\/wp\/v2\/pwb-brand?post=42020"},{"taxonomy":"product_brand","embeddable":true,"href":"https:\/\/cardinal-tapes.com\/pl\/wp-json\/wp\/v2\/product_brand?post=42020"},{"taxonomy":"product_cat","embeddable":true,"href":"https:\/\/cardinal-tapes.com\/pl\/wp-json\/wp\/v2\/product_cat?post=42020"},{"taxonomy":"product_tag","embeddable":true,"href":"https:\/\/cardinal-tapes.com\/pl\/wp-json\/wp\/v2\/product_tag?post=42020"}],"curies":[{"name":"wp","href":"https:\/\/api.w.org\/{rel}","templated":true}]}}