{"id":42019,"date":"2020-12-18T12:13:08","date_gmt":"2023-06-05T14:56:29","guid":{"rendered":"https:\/\/cardinal.pixel-tal.de\/klebebaender\/bez-kategorii\/at170-laminowana-tasma-z-tkaniny-polietylenowej\/"},"modified":"2025-07-02T13:44:23","modified_gmt":"2025-07-02T11:44:23","slug":"at170-laminowana-tasma-poliamidowo-tkaninowa","status":"publish","type":"product","link":"https:\/\/cardinal-tapes.com\/pl\/ta\u015bmy-samoprzylepne\/obszary-zastosowan\/tasma-klejaca-do-tkanin\/at170-laminowana-tasma-poliamidowo-tkaninowa\/","title":{"rendered":"AT170 Laminowana ta\u015bma z tkaniny polietylenowej"},"content":{"rendered":"<p>AT170 to laminowana ta\u015bma z tkaniny polietylenowej pokryta wra\u017cliwym na nacisk, niezawieraj\u0105cym rozpuszczalnik\u00f3w klejem z kauczuku naturalnego.<\/p>\n<p><strong>Zastosowania<\/strong><\/p>\n<ul>\n<li>Do kr\u00f3tkotrwa\u0142ego u\u017cytku, w tym<\/li>\n<li>\u0141\u0105czenie i uszczelnianie folii PE<\/li>\n<li>Worki zamykaj\u0105ce<\/li>\n<li>Uszczelnianie podw\u00f3jnych szyb<\/li>\n<\/ul>\n","protected":false},"excerpt":{"rendered":"<p>AT170 to laminowana ta\u015bma z tkaniny polietylenowej pokryta wra\u017cliwym na nacisk, niezawieraj\u0105cym rozpuszczalnik\u00f3w klejem z kauczuku naturalnego. Zastosowania Do kr\u00f3tkotrwa\u0142ego u\u017cytku, w tym \u0141\u0105czenie i uszczelnianie folii PE Worki zamykaj\u0105ce Uszczelnianie podw\u00f3jnych szyb<\/p>\n","protected":false},"featured_media":28666,"template":"","meta":{"_acf_changed":false},"pwb-brand":[2419],"product_brand":[],"product_cat":[1717,1816,1715],"product_tag":[],"class_list":{"0":"post-42019","1":"product","2":"type-product","3":"status-publish","4":"has-post-thumbnail","6":"pwb-brand-advance-tapes-pl","7":"product_cat-tasma-powlekana-tworzywem-sztucznym","8":"product_cat-jednostronne-tasmy-samoprzylepne","9":"product_cat-tasma-klejaca-do-tkanin","11":"first","12":"instock","13":"taxable","14":"shipping-taxable","15":"purchasable","16":"product-type-variable"},"acf":[],"yoast_head":"<!-- This site is optimized with the Yoast SEO plugin v27.3 - https:\/\/yoast.com\/product\/yoast-seo-wordpress\/ -->\n<title>AT170 Laminowana ta\u015bma tkaninowa | Cardinal TAPES<\/title>\n<meta name=\"description\" content=\"Laminowana ta\u015bma z tkaniny polietylenowej, pokryta agresywnym, wra\u017cliwym na nacisk klejem z kauczuku naturalnego, niezawieraj\u0105cym rozpuszczalnik\u00f3w.\" \/>\n<meta name=\"robots\" content=\"index, follow, max-snippet:-1, max-image-preview:large, max-video-preview:-1\" \/>\n<link rel=\"canonical\" href=\"https:\/\/cardinal-tapes.com\/pl\/ta\u015bmy-samoprzylepne\/obszary-zastosowan\/tasma-klejaca-do-tkanin\/at170-laminowana-tasma-poliamidowo-tkaninowa\/\" \/>\n<meta property=\"og:locale\" content=\"pl_PL\" \/>\n<meta property=\"og:type\" content=\"article\" \/>\n<meta property=\"og:title\" content=\"AT170 Laminowana ta\u015bma tkaninowa | Cardinal TAPES\" \/>\n<meta property=\"og:description\" content=\"Laminowana ta\u015bma z tkaniny polietylenowej, pokryta agresywnym, wra\u017cliwym na nacisk klejem z kauczuku naturalnego, niezawieraj\u0105cym rozpuszczalnik\u00f3w.\" \/>\n<meta property=\"og:url\" content=\"https:\/\/cardinal-tapes.com\/pl\/ta\u015bmy-samoprzylepne\/obszary-zastosowan\/tasma-klejaca-do-tkanin\/at170-laminowana-tasma-poliamidowo-tkaninowa\/\" \/>\n<meta property=\"og:site_name\" content=\"cardinal TAPES\" \/>\n<meta property=\"article:modified_time\" content=\"2025-07-02T11:44:23+00:00\" \/>\n<meta property=\"og:image\" content=\"https:\/\/cardinal-tapes.com\/wp-content\/uploads\/Advance-Tapes_AT170_White.jpg\" \/>\n\t<meta property=\"og:image:width\" content=\"600\" \/>\n\t<meta property=\"og:image:height\" content=\"600\" \/>\n\t<meta property=\"og:image:type\" content=\"image\/jpeg\" \/>\n<meta name=\"twitter:card\" content=\"summary_large_image\" \/>\n<script type=\"application\/ld+json\" class=\"yoast-schema-graph\">{\"@context\":\"https:\\\/\\\/schema.org\",\"@graph\":[{\"@type\":\"WebPage\",\"@id\":\"https:\\\/\\\/cardinal-tapes.com\\\/pl\\\/ta\u015bmy-samoprzylepne\\\/obszary-zastosowan\\\/tasma-klejaca-do-tkanin\\\/at170-laminowana-tasma-poliamidowo-tkaninowa\\\/\",\"url\":\"https:\\\/\\\/cardinal-tapes.com\\\/pl\\\/ta\u015bmy-samoprzylepne\\\/obszary-zastosowan\\\/tasma-klejaca-do-tkanin\\\/at170-laminowana-tasma-poliamidowo-tkaninowa\\\/\",\"name\":\"AT170 Laminowana ta\u015bma tkaninowa | Cardinal TAPES\",\"isPartOf\":{\"@id\":\"https:\\\/\\\/cardinal-tapes.com\\\/#website\"},\"primaryImageOfPage\":{\"@id\":\"https:\\\/\\\/cardinal-tapes.com\\\/pl\\\/ta\u015bmy-samoprzylepne\\\/obszary-zastosowan\\\/tasma-klejaca-do-tkanin\\\/at170-laminowana-tasma-poliamidowo-tkaninowa\\\/#primaryimage\"},\"image\":{\"@id\":\"https:\\\/\\\/cardinal-tapes.com\\\/pl\\\/ta\u015bmy-samoprzylepne\\\/obszary-zastosowan\\\/tasma-klejaca-do-tkanin\\\/at170-laminowana-tasma-poliamidowo-tkaninowa\\\/#primaryimage\"},\"thumbnailUrl\":\"https:\\\/\\\/cardinal-tapes.com\\\/wp-content\\\/uploads\\\/Advance-Tapes_AT170_White.jpg\",\"datePublished\":\"2023-06-05T14:56:29+00:00\",\"dateModified\":\"2025-07-02T11:44:23+00:00\",\"description\":\"Laminowana ta\u015bma z tkaniny polietylenowej, pokryta agresywnym, wra\u017cliwym na nacisk klejem z kauczuku naturalnego, niezawieraj\u0105cym rozpuszczalnik\u00f3w.\",\"breadcrumb\":{\"@id\":\"https:\\\/\\\/cardinal-tapes.com\\\/pl\\\/ta\u015bmy-samoprzylepne\\\/obszary-zastosowan\\\/tasma-klejaca-do-tkanin\\\/at170-laminowana-tasma-poliamidowo-tkaninowa\\\/#breadcrumb\"},\"inLanguage\":\"pl-PL\",\"potentialAction\":[{\"@type\":\"ReadAction\",\"target\":[\"https:\\\/\\\/cardinal-tapes.com\\\/pl\\\/ta\u015bmy-samoprzylepne\\\/obszary-zastosowan\\\/tasma-klejaca-do-tkanin\\\/at170-laminowana-tasma-poliamidowo-tkaninowa\\\/\"]}]},{\"@type\":\"ImageObject\",\"inLanguage\":\"pl-PL\",\"@id\":\"https:\\\/\\\/cardinal-tapes.com\\\/pl\\\/ta\u015bmy-samoprzylepne\\\/obszary-zastosowan\\\/tasma-klejaca-do-tkanin\\\/at170-laminowana-tasma-poliamidowo-tkaninowa\\\/#primaryimage\",\"url\":\"https:\\\/\\\/cardinal-tapes.com\\\/wp-content\\\/uploads\\\/Advance-Tapes_AT170_White.jpg\",\"contentUrl\":\"https:\\\/\\\/cardinal-tapes.com\\\/wp-content\\\/uploads\\\/Advance-Tapes_AT170_White.jpg\",\"width\":600,\"height\":600},{\"@type\":\"BreadcrumbList\",\"@id\":\"https:\\\/\\\/cardinal-tapes.com\\\/pl\\\/ta\u015bmy-samoprzylepne\\\/obszary-zastosowan\\\/tasma-klejaca-do-tkanin\\\/at170-laminowana-tasma-poliamidowo-tkaninowa\\\/#breadcrumb\",\"itemListElement\":[{\"@type\":\"ListItem\",\"position\":1,\"name\":\"Startseite\",\"item\":\"https:\\\/\\\/cardinal-tapes.com\\\/pl\\\/strona-glowna\\\/\"},{\"@type\":\"ListItem\",\"position\":2,\"name\":\"Ta\u015bmy samoprzylepne\",\"item\":\"https:\\\/\\\/cardinal-tapes.com\\\/pl\\\/tasmy-samoprzylepne-pl\\\/\"},{\"@type\":\"ListItem\",\"position\":3,\"name\":\"Einseitige Klebeb\u00e4nder\",\"item\":\"https:\\\/\\\/cardinal-tapes.com\\\/kategorie\\\/einseitige-klebebaender\\\/\"},{\"@type\":\"ListItem\",\"position\":4,\"name\":\"AT170 Laminowana ta\u015bma z tkaniny polietylenowej\"}]},{\"@type\":\"WebSite\",\"@id\":\"https:\\\/\\\/cardinal-tapes.com\\\/#website\",\"url\":\"https:\\\/\\\/cardinal-tapes.com\\\/\",\"name\":\"cardinal TAPES\",\"description\":\"Klebetechnik aus Wuppertal\",\"potentialAction\":[{\"@type\":\"SearchAction\",\"target\":{\"@type\":\"EntryPoint\",\"urlTemplate\":\"https:\\\/\\\/cardinal-tapes.com\\\/?s={search_term_string}\"},\"query-input\":{\"@type\":\"PropertyValueSpecification\",\"valueRequired\":true,\"valueName\":\"search_term_string\"}}],\"inLanguage\":\"pl-PL\"}]}<\/script>\n<!-- \/ Yoast SEO plugin. -->","yoast_head_json":{"title":"AT170 Laminowana ta\u015bma tkaninowa | Cardinal TAPES","description":"Laminowana ta\u015bma z tkaniny polietylenowej, pokryta agresywnym, wra\u017cliwym na nacisk klejem z kauczuku naturalnego, niezawieraj\u0105cym rozpuszczalnik\u00f3w.","robots":{"index":"index","follow":"follow","max-snippet":"max-snippet:-1","max-image-preview":"max-image-preview:large","max-video-preview":"max-video-preview:-1"},"canonical":"https:\/\/cardinal-tapes.com\/pl\/ta\u015bmy-samoprzylepne\/obszary-zastosowan\/tasma-klejaca-do-tkanin\/at170-laminowana-tasma-poliamidowo-tkaninowa\/","og_locale":"pl_PL","og_type":"article","og_title":"AT170 Laminowana ta\u015bma tkaninowa | Cardinal TAPES","og_description":"Laminowana ta\u015bma z tkaniny polietylenowej, pokryta agresywnym, wra\u017cliwym na nacisk klejem z kauczuku naturalnego, niezawieraj\u0105cym rozpuszczalnik\u00f3w.","og_url":"https:\/\/cardinal-tapes.com\/pl\/ta\u015bmy-samoprzylepne\/obszary-zastosowan\/tasma-klejaca-do-tkanin\/at170-laminowana-tasma-poliamidowo-tkaninowa\/","og_site_name":"cardinal TAPES","article_modified_time":"2025-07-02T11:44:23+00:00","og_image":[{"width":600,"height":600,"url":"https:\/\/cardinal-tapes.com\/wp-content\/uploads\/Advance-Tapes_AT170_White.jpg","type":"image\/jpeg"}],"twitter_card":"summary_large_image","schema":{"@context":"https:\/\/schema.org","@graph":[{"@type":"WebPage","@id":"https:\/\/cardinal-tapes.com\/pl\/ta\u015bmy-samoprzylepne\/obszary-zastosowan\/tasma-klejaca-do-tkanin\/at170-laminowana-tasma-poliamidowo-tkaninowa\/","url":"https:\/\/cardinal-tapes.com\/pl\/ta\u015bmy-samoprzylepne\/obszary-zastosowan\/tasma-klejaca-do-tkanin\/at170-laminowana-tasma-poliamidowo-tkaninowa\/","name":"AT170 Laminowana ta\u015bma tkaninowa | Cardinal TAPES","isPartOf":{"@id":"https:\/\/cardinal-tapes.com\/#website"},"primaryImageOfPage":{"@id":"https:\/\/cardinal-tapes.com\/pl\/ta\u015bmy-samoprzylepne\/obszary-zastosowan\/tasma-klejaca-do-tkanin\/at170-laminowana-tasma-poliamidowo-tkaninowa\/#primaryimage"},"image":{"@id":"https:\/\/cardinal-tapes.com\/pl\/ta\u015bmy-samoprzylepne\/obszary-zastosowan\/tasma-klejaca-do-tkanin\/at170-laminowana-tasma-poliamidowo-tkaninowa\/#primaryimage"},"thumbnailUrl":"https:\/\/cardinal-tapes.com\/wp-content\/uploads\/Advance-Tapes_AT170_White.jpg","datePublished":"2023-06-05T14:56:29+00:00","dateModified":"2025-07-02T11:44:23+00:00","description":"Laminowana ta\u015bma z tkaniny polietylenowej, pokryta agresywnym, wra\u017cliwym na nacisk klejem z kauczuku naturalnego, niezawieraj\u0105cym rozpuszczalnik\u00f3w.","breadcrumb":{"@id":"https:\/\/cardinal-tapes.com\/pl\/ta\u015bmy-samoprzylepne\/obszary-zastosowan\/tasma-klejaca-do-tkanin\/at170-laminowana-tasma-poliamidowo-tkaninowa\/#breadcrumb"},"inLanguage":"pl-PL","potentialAction":[{"@type":"ReadAction","target":["https:\/\/cardinal-tapes.com\/pl\/ta\u015bmy-samoprzylepne\/obszary-zastosowan\/tasma-klejaca-do-tkanin\/at170-laminowana-tasma-poliamidowo-tkaninowa\/"]}]},{"@type":"ImageObject","inLanguage":"pl-PL","@id":"https:\/\/cardinal-tapes.com\/pl\/ta\u015bmy-samoprzylepne\/obszary-zastosowan\/tasma-klejaca-do-tkanin\/at170-laminowana-tasma-poliamidowo-tkaninowa\/#primaryimage","url":"https:\/\/cardinal-tapes.com\/wp-content\/uploads\/Advance-Tapes_AT170_White.jpg","contentUrl":"https:\/\/cardinal-tapes.com\/wp-content\/uploads\/Advance-Tapes_AT170_White.jpg","width":600,"height":600},{"@type":"BreadcrumbList","@id":"https:\/\/cardinal-tapes.com\/pl\/ta\u015bmy-samoprzylepne\/obszary-zastosowan\/tasma-klejaca-do-tkanin\/at170-laminowana-tasma-poliamidowo-tkaninowa\/#breadcrumb","itemListElement":[{"@type":"ListItem","position":1,"name":"Startseite","item":"https:\/\/cardinal-tapes.com\/pl\/strona-glowna\/"},{"@type":"ListItem","position":2,"name":"Ta\u015bmy samoprzylepne","item":"https:\/\/cardinal-tapes.com\/pl\/tasmy-samoprzylepne-pl\/"},{"@type":"ListItem","position":3,"name":"Einseitige Klebeb\u00e4nder","item":"https:\/\/cardinal-tapes.com\/kategorie\/einseitige-klebebaender\/"},{"@type":"ListItem","position":4,"name":"AT170 Laminowana ta\u015bma z tkaniny polietylenowej"}]},{"@type":"WebSite","@id":"https:\/\/cardinal-tapes.com\/#website","url":"https:\/\/cardinal-tapes.com\/","name":"cardinal TAPES","description":"Klebetechnik aus Wuppertal","potentialAction":[{"@type":"SearchAction","target":{"@type":"EntryPoint","urlTemplate":"https:\/\/cardinal-tapes.com\/?s={search_term_string}"},"query-input":{"@type":"PropertyValueSpecification","valueRequired":true,"valueName":"search_term_string"}}],"inLanguage":"pl-PL"}]}},"brands":[{"id":2419,"name":"Advance Tapes","slug":"advance-tapes-pl"}],"_links":{"self":[{"href":"https:\/\/cardinal-tapes.com\/pl\/wp-json\/wp\/v2\/product\/42019","targetHints":{"allow":["GET"]}}],"collection":[{"href":"https:\/\/cardinal-tapes.com\/pl\/wp-json\/wp\/v2\/product"}],"about":[{"href":"https:\/\/cardinal-tapes.com\/pl\/wp-json\/wp\/v2\/types\/product"}],"wp:featuredmedia":[{"embeddable":true,"href":"https:\/\/cardinal-tapes.com\/pl\/wp-json\/wp\/v2\/media\/28666"}],"wp:attachment":[{"href":"https:\/\/cardinal-tapes.com\/pl\/wp-json\/wp\/v2\/media?parent=42019"}],"wp:term":[{"taxonomy":"pwb-brand","embeddable":true,"href":"https:\/\/cardinal-tapes.com\/pl\/wp-json\/wp\/v2\/pwb-brand?post=42019"},{"taxonomy":"product_brand","embeddable":true,"href":"https:\/\/cardinal-tapes.com\/pl\/wp-json\/wp\/v2\/product_brand?post=42019"},{"taxonomy":"product_cat","embeddable":true,"href":"https:\/\/cardinal-tapes.com\/pl\/wp-json\/wp\/v2\/product_cat?post=42019"},{"taxonomy":"product_tag","embeddable":true,"href":"https:\/\/cardinal-tapes.com\/pl\/wp-json\/wp\/v2\/product_tag?post=42019"}],"curies":[{"name":"wp","href":"https:\/\/api.w.org\/{rel}","templated":true}]}}